{"id":37175,"date":"2023-12-14T01:19:24","date_gmt":"2023-12-14T00:19:24","guid":{"rendered":"https:\/\/electricink.eu\/producto\/electra-pop-neon-laranja\/"},"modified":"2023-12-14T01:19:24","modified_gmt":"2023-12-14T00:19:24","slug":"electra-pop-neon-laranja","status":"publish","type":"product","link":"https:\/\/electricink.eu\/pt-pt\/producto\/electra-pop-neon-laranja\/","title":{"rendered":"Electra Pop &#8211; NEON Laranja"},"content":{"rendered":"<p><strong>Descri\u00e7\u00e3o:<\/strong><\/p>\n<p>Chassi leve e resistente, feito de pol\u00edmero industrial.<\/p>\n<p>&#8211; Motor: japon\u00eas Mabuchi<br \/>&#8211; Tens\u00e3o de trabalho: 6 a 12 Volts<br \/>&#8211; Curso da m\u00e1quina: 3,2mm<br \/>&#8211; Conex\u00e3o el\u00e9trica: RCA (CABO N\u00c3O INCLUSO)<br \/>&#8211; Peso: 74 gramas<br \/>&#8211; Dimens\u00f5es: 67,5x30x97mm<\/p>\n<p>M\u00e1quina universal, pode ser utilizada com cartuchos ou agulhas tradicionais, tamb\u00e9m indicada para grip G\u00eanesis e grips descart\u00e1veis.<\/p>\n<p>Tens\u00e3o operacional ideal: m\u00ednimo de 6 volts e m\u00e1ximo de 12 volts. Volumes acima ou abaixo do estipulado podem danificar seu motor.<\/p>\n<p>Todas as m\u00e1quinas rotativas s\u00e3o usadas para linhas, pintura e sombra. O que regula isso \u00e9 a velocidade aumentando ou diminuindo a tens\u00e3o at\u00e9 que a m\u00e1quina acompanhe o movimento da m\u00e3o. M\u00e1quina com muita pot\u00eancia, funciona muito bem em baixa tens\u00e3o.<\/p>\n<pre id=\"tw-target-text\" class=\"tw-data-text tw-text-large XcVN5d tw-ta\" dir=\"ltr\" data-placeholder=\"Traducci\u00f3n\">\u00a0<\/pre>\n<p><strong>Garantia do produto<\/strong>: O per\u00edodo de garantia oferecido pela Electric Ink segue os regulamentos europeus atuais. A garantia da Electric Ink para defeitos de fabrica\u00e7\u00e3o come\u00e7a a partir da compra do produto pelo consumidor, verificada na nota fiscal de compra do respectivo item.<\/p>\n<p><strong>Assist\u00eancia t\u00e9cnica:<\/strong> contato por e-mail atrav\u00e9s de info@electric.local<\/p>\n","protected":false},"excerpt":{"rendered":"<p>ELECTRA POP<\/p>\n<p>A m\u00e1quina Electra Pop da Electric Ink foi projetada para atender aos tatuadores que buscam uma m\u00e1quina capaz de reunir economia e qualidade. Fabricada em pol\u00edmero industrial, mant\u00e9m a mesma funcionalidade e a mesma qualidade das consagradas m\u00e1quinas de alum\u00ednio.<br \/>Excelente m\u00e1quina para tra\u00e7os, preenchimento, sombras, pintura, que satisfar\u00e1 todas as necessidades do artista. Um equipamento preciso que funciona suave e silenciosamente.<\/p>\n","protected":false},"featured_media":35028,"comment_status":"closed","ping_status":"closed","template":"","meta":{"_acf_changed":false,"_et_pb_use_builder":"","_et_pb_old_content":"","_et_gb_content_width":"","inline_featured_image":false},"product_brand":[],"product_cat":[745,755,758],"product_tag":[],"class_list":{"0":"post-37175","1":"product","2":"type-product","3":"status-publish","4":"has-post-thumbnail","6":"product_cat-tattoo","7":"product_cat-maquinas-de-tatuagem","8":"product_cat-maquinas-rotativas-pt-pt","10":"first","11":"instock","12":"taxable","13":"shipping-taxable","14":"purchasable","15":"product-type-simple"},"acf":[],"yoast_head":"<!-- This site is optimized with the Yoast SEO plugin v27.4 - https:\/\/yoast.com\/product\/yoast-seo-wordpress\/ -->\n<title>Electra Pop - NEON Laranja - Electric Ink\u00ae<\/title>\n<meta name=\"robots\" content=\"index, follow, max-snippet:-1, max-image-preview:large, max-video-preview:-1\" \/>\n<link rel=\"canonical\" href=\"https:\/\/electricink.eu\/pt-pt\/producto\/electra-pop-neon-laranja\/\" \/>\n<meta property=\"og:locale\" content=\"pt_PT\" \/>\n<meta property=\"og:type\" content=\"article\" \/>\n<meta property=\"og:title\" content=\"Electra Pop - NEON Laranja - Electric Ink\u00ae\" \/>\n<meta property=\"og:description\" content=\"ELECTRA POP A m\u00e1quina Electra Pop da Electric Ink foi projetada para atender aos tatuadores que buscam uma m\u00e1quina capaz de reunir economia e qualidade. Fabricada em pol\u00edmero industrial, mant\u00e9m a mesma funcionalidade e a mesma qualidade das consagradas m\u00e1quinas de alum\u00ednio.Excelente m\u00e1quina para tra\u00e7os, preenchimento, sombras, pintura, que satisfar\u00e1 todas as necessidades do artista. Um equipamento preciso que funciona suave e silenciosamente.\" \/>\n<meta property=\"og:url\" content=\"https:\/\/electricink.eu\/pt-pt\/producto\/electra-pop-neon-laranja\/\" \/>\n<meta property=\"og:site_name\" content=\"Electric Ink\u00ae\" \/>\n<meta property=\"og:image\" content=\"https:\/\/electricink.eu\/wp-content\/uploads\/2023\/12\/Electra_Pop_Maquina_Tatuaje_Electric_Ink_NEON_Naranja-1.jpg\" \/>\n\t<meta property=\"og:image:width\" content=\"500\" \/>\n\t<meta property=\"og:image:height\" content=\"500\" \/>\n\t<meta property=\"og:image:type\" content=\"image\/jpeg\" \/>\n<meta name=\"twitter:card\" content=\"summary_large_image\" \/>\n<meta name=\"twitter:label1\" content=\"Tempo estimado de leitura\" \/>\n\t<meta name=\"twitter:data1\" content=\"1 minuto\" \/>\n<script type=\"application\/ld+json\" class=\"yoast-schema-graph\">{\"@context\":\"https:\\\/\\\/schema.org\",\"@graph\":[{\"@type\":\"WebPage\",\"@id\":\"https:\\\/\\\/electricink.eu\\\/pt-pt\\\/producto\\\/electra-pop-neon-laranja\\\/\",\"url\":\"https:\\\/\\\/electricink.eu\\\/pt-pt\\\/producto\\\/electra-pop-neon-laranja\\\/\",\"name\":\"Electra Pop - NEON Laranja - Electric Ink\u00ae\",\"isPartOf\":{\"@id\":\"https:\\\/\\\/electricink.eu\\\/#website\"},\"primaryImageOfPage\":{\"@id\":\"https:\\\/\\\/electricink.eu\\\/pt-pt\\\/producto\\\/electra-pop-neon-laranja\\\/#primaryimage\"},\"image\":{\"@id\":\"https:\\\/\\\/electricink.eu\\\/pt-pt\\\/producto\\\/electra-pop-neon-laranja\\\/#primaryimage\"},\"thumbnailUrl\":\"https:\\\/\\\/electricink.eu\\\/wp-content\\\/uploads\\\/2023\\\/12\\\/Electra_Pop_Maquina_Tatuaje_Electric_Ink_NEON_Naranja-1.jpg\",\"datePublished\":\"2023-12-14T00:19:24+00:00\",\"breadcrumb\":{\"@id\":\"https:\\\/\\\/electricink.eu\\\/pt-pt\\\/producto\\\/electra-pop-neon-laranja\\\/#breadcrumb\"},\"inLanguage\":\"pt-PT\",\"potentialAction\":[{\"@type\":\"ReadAction\",\"target\":[\"https:\\\/\\\/electricink.eu\\\/pt-pt\\\/producto\\\/electra-pop-neon-laranja\\\/\"]}]},{\"@type\":\"ImageObject\",\"inLanguage\":\"pt-PT\",\"@id\":\"https:\\\/\\\/electricink.eu\\\/pt-pt\\\/producto\\\/electra-pop-neon-laranja\\\/#primaryimage\",\"url\":\"https:\\\/\\\/electricink.eu\\\/wp-content\\\/uploads\\\/2023\\\/12\\\/Electra_Pop_Maquina_Tatuaje_Electric_Ink_NEON_Naranja-1.jpg\",\"contentUrl\":\"https:\\\/\\\/electricink.eu\\\/wp-content\\\/uploads\\\/2023\\\/12\\\/Electra_Pop_Maquina_Tatuaje_Electric_Ink_NEON_Naranja-1.jpg\",\"width\":500,\"height\":500},{\"@type\":\"BreadcrumbList\",\"@id\":\"https:\\\/\\\/electricink.eu\\\/pt-pt\\\/producto\\\/electra-pop-neon-laranja\\\/#breadcrumb\",\"itemListElement\":[{\"@type\":\"ListItem\",\"position\":1,\"name\":\"Portada\",\"item\":\"https:\\\/\\\/electricink.eu\\\/pt-pt\\\/home\\\/\"},{\"@type\":\"ListItem\",\"position\":2,\"name\":\"Tienda\",\"item\":\"https:\\\/\\\/electricink.eu\\\/tienda\\\/\"},{\"@type\":\"ListItem\",\"position\":3,\"name\":\"Electra Pop &#8211; NEON Laranja\"}]},{\"@type\":\"WebSite\",\"@id\":\"https:\\\/\\\/electricink.eu\\\/#website\",\"url\":\"https:\\\/\\\/electricink.eu\\\/\",\"name\":\"Electric Ink\u00ae\",\"description\":\"Material para Tatuar Profesional en Europa - Electric Ink\u00ae\",\"potentialAction\":[{\"@type\":\"SearchAction\",\"target\":{\"@type\":\"EntryPoint\",\"urlTemplate\":\"https:\\\/\\\/electricink.eu\\\/?s={search_term_string}\"},\"query-input\":{\"@type\":\"PropertyValueSpecification\",\"valueRequired\":true,\"valueName\":\"search_term_string\"}}],\"inLanguage\":\"pt-PT\"}]}<\/script>\n<!-- \/ Yoast SEO plugin. -->","yoast_head_json":{"title":"Electra Pop - NEON Laranja - Electric Ink\u00ae","robots":{"index":"index","follow":"follow","max-snippet":"max-snippet:-1","max-image-preview":"max-image-preview:large","max-video-preview":"max-video-preview:-1"},"canonical":"https:\/\/electricink.eu\/pt-pt\/producto\/electra-pop-neon-laranja\/","og_locale":"pt_PT","og_type":"article","og_title":"Electra Pop - NEON Laranja - Electric Ink\u00ae","og_description":"ELECTRA POP A m\u00e1quina Electra Pop da Electric Ink foi projetada para atender aos tatuadores que buscam uma m\u00e1quina capaz de reunir economia e qualidade. Fabricada em pol\u00edmero industrial, mant\u00e9m a mesma funcionalidade e a mesma qualidade das consagradas m\u00e1quinas de alum\u00ednio.Excelente m\u00e1quina para tra\u00e7os, preenchimento, sombras, pintura, que satisfar\u00e1 todas as necessidades do artista. Um equipamento preciso que funciona suave e silenciosamente.","og_url":"https:\/\/electricink.eu\/pt-pt\/producto\/electra-pop-neon-laranja\/","og_site_name":"Electric Ink\u00ae","og_image":[{"width":500,"height":500,"url":"https:\/\/electricink.eu\/wp-content\/uploads\/2023\/12\/Electra_Pop_Maquina_Tatuaje_Electric_Ink_NEON_Naranja-1.jpg","type":"image\/jpeg"}],"twitter_card":"summary_large_image","twitter_misc":{"Tempo estimado de leitura":"1 minuto"},"schema":{"@context":"https:\/\/schema.org","@graph":[{"@type":"WebPage","@id":"https:\/\/electricink.eu\/pt-pt\/producto\/electra-pop-neon-laranja\/","url":"https:\/\/electricink.eu\/pt-pt\/producto\/electra-pop-neon-laranja\/","name":"Electra Pop - NEON Laranja - Electric Ink\u00ae","isPartOf":{"@id":"https:\/\/electricink.eu\/#website"},"primaryImageOfPage":{"@id":"https:\/\/electricink.eu\/pt-pt\/producto\/electra-pop-neon-laranja\/#primaryimage"},"image":{"@id":"https:\/\/electricink.eu\/pt-pt\/producto\/electra-pop-neon-laranja\/#primaryimage"},"thumbnailUrl":"https:\/\/electricink.eu\/wp-content\/uploads\/2023\/12\/Electra_Pop_Maquina_Tatuaje_Electric_Ink_NEON_Naranja-1.jpg","datePublished":"2023-12-14T00:19:24+00:00","breadcrumb":{"@id":"https:\/\/electricink.eu\/pt-pt\/producto\/electra-pop-neon-laranja\/#breadcrumb"},"inLanguage":"pt-PT","potentialAction":[{"@type":"ReadAction","target":["https:\/\/electricink.eu\/pt-pt\/producto\/electra-pop-neon-laranja\/"]}]},{"@type":"ImageObject","inLanguage":"pt-PT","@id":"https:\/\/electricink.eu\/pt-pt\/producto\/electra-pop-neon-laranja\/#primaryimage","url":"https:\/\/electricink.eu\/wp-content\/uploads\/2023\/12\/Electra_Pop_Maquina_Tatuaje_Electric_Ink_NEON_Naranja-1.jpg","contentUrl":"https:\/\/electricink.eu\/wp-content\/uploads\/2023\/12\/Electra_Pop_Maquina_Tatuaje_Electric_Ink_NEON_Naranja-1.jpg","width":500,"height":500},{"@type":"BreadcrumbList","@id":"https:\/\/electricink.eu\/pt-pt\/producto\/electra-pop-neon-laranja\/#breadcrumb","itemListElement":[{"@type":"ListItem","position":1,"name":"Portada","item":"https:\/\/electricink.eu\/pt-pt\/home\/"},{"@type":"ListItem","position":2,"name":"Tienda","item":"https:\/\/electricink.eu\/tienda\/"},{"@type":"ListItem","position":3,"name":"Electra Pop &#8211; NEON Laranja"}]},{"@type":"WebSite","@id":"https:\/\/electricink.eu\/#website","url":"https:\/\/electricink.eu\/","name":"Electric Ink\u00ae","description":"Material para Tatuar Profesional en Europa - Electric Ink\u00ae","potentialAction":[{"@type":"SearchAction","target":{"@type":"EntryPoint","urlTemplate":"https:\/\/electricink.eu\/?s={search_term_string}"},"query-input":{"@type":"PropertyValueSpecification","valueRequired":true,"valueName":"search_term_string"}}],"inLanguage":"pt-PT"}]}},"_links":{"self":[{"href":"https:\/\/electricink.eu\/pt-pt\/wp-json\/wp\/v2\/product\/37175","targetHints":{"allow":["GET"]}}],"collection":[{"href":"https:\/\/electricink.eu\/pt-pt\/wp-json\/wp\/v2\/product"}],"about":[{"href":"https:\/\/electricink.eu\/pt-pt\/wp-json\/wp\/v2\/types\/product"}],"replies":[{"embeddable":true,"href":"https:\/\/electricink.eu\/pt-pt\/wp-json\/wp\/v2\/comments?post=37175"}],"wp:featuredmedia":[{"embeddable":true,"href":"https:\/\/electricink.eu\/pt-pt\/wp-json\/wp\/v2\/media\/35028"}],"wp:attachment":[{"href":"https:\/\/electricink.eu\/pt-pt\/wp-json\/wp\/v2\/media?parent=37175"}],"wp:term":[{"taxonomy":"product_brand","embeddable":true,"href":"https:\/\/electricink.eu\/pt-pt\/wp-json\/wp\/v2\/product_brand?post=37175"},{"taxonomy":"product_cat","embeddable":true,"href":"https:\/\/electricink.eu\/pt-pt\/wp-json\/wp\/v2\/product_cat?post=37175"},{"taxonomy":"product_tag","embeddable":true,"href":"https:\/\/electricink.eu\/pt-pt\/wp-json\/wp\/v2\/product_tag?post=37175"}],"curies":[{"name":"wp","href":"https:\/\/api.w.org\/{rel}","templated":true}]}}