{"id":37192,"date":"2023-12-14T01:19:24","date_gmt":"2023-12-14T00:19:24","guid":{"rendered":"https:\/\/electricink.eu\/producto\/transverse-nano-curso-longo-4-0mm-preto-fosco\/"},"modified":"2024-01-31T14:53:26","modified_gmt":"2024-01-31T13:53:26","slug":"transverse-nano-curso-longo-4-0mm-preto-fosco","status":"publish","type":"product","link":"https:\/\/electricink.eu\/pt-pt\/producto\/transverse-nano-curso-longo-4-0mm-preto-fosco\/","title":{"rendered":"Transverse Nano &#8211; curso longo 4.0mm &#8211; Preto Fosco"},"content":{"rendered":"<p><strong>&#8212;&#8212;&#8212;&#8212;&#8212;&#8212;Especifica\u00e7\u00f5es \/ Pesos \/ Dimens\u00f5es&#8212;&#8212;&#8212;&#8212;&#8212;&#8212;-<\/strong><\/p>\n<p>&#8211; Cor: Preto fosco<br \/>&#8211; Motor: Mabuchi (japon\u00eas)<\/p>\n<p>&#8211; Curso: 4.0mm<br \/>&#8211; Sali\u00eancia da Agulha: de 0 a 5mm<br \/>&#8211; Conex\u00e3o el\u00e9trica: RCA<br \/>&#8211; Tens\u00e3o de trabalho: 7 a 11 volts<br \/>&#8211; Dimens\u00f5es: 55mm x 53mm x 49mm<br \/>&#8211; Peso: 92 gramas<\/p>\n<p><strong>&#8212;&#8212;&#8212;&#8212;&#8212;&#8212;&#8212;Itens Inclusos&#8212;&#8212;&#8212;&#8212;&#8212;&#8212;&#8211;<\/strong><\/p>\n<p>&#8211; Acompanha 4 molas intercambi\u00e1veis (1 inserido+ 3) para ajustes<br \/>&#8211; Manual de instru\u00e7\u00f5es<br \/>&#8211; Termo de garantia do produto<\/p>\n<p>*M\u00e1quina n\u00e3o acompanha cabo RCA<\/p>\n<p><strong>&#8212;&#8212;&#8212;&#8212;&#8212;&#8212;&#8212;-Garantia do produto&#8212;&#8212;&#8212;&#8212;&#8212;&#8212;&#8212;&#8212;-<\/strong><\/p>\n<p>O per\u00edodo de garantia oferecido pela Electric Ink segue os regulamentos europeus atuais. A garantia da Electric Ink para defeitos de fabrica\u00e7\u00e3o come\u00e7a a partir da compra do produto pelo consumidor, verificada na nota fiscal de compra do respectivo item.<\/p>\n<p><strong>Assist\u00eancia t\u00e9cnica:<\/strong> contato por e-mail atrav\u00e9s de info@electric.local<\/p>\n<p>&nbsp;<\/p>\n<p>&nbsp;<\/p>\n","protected":false},"excerpt":{"rendered":"<p>TRANSVERSE NANO Electric Ink:<\/p>\n<p>Transverse Nano Curso Longo 4.0mm. Novas possibilidades com a Transverse Nano!<\/p>\n<p>A Transverse Nano com curso longo \u00e9 uma vers\u00e3o especial da m\u00e1quina com curso de 4mm (a tradicional possui 3.5mm), para uso exclusivo com agulhas de haste.<\/p>\n<p>Se voc\u00ea vive tatuando com muitas m\u00e1quinas e est\u00e1 cansado de ficar pulando entre Bobinas e Rotativas precisa conhecer a Transverse Nano!<\/p>\n<p>Anos de estudo permitiram a cria\u00e7\u00e3o de uma ferramenta especial que une o melhor do Tra\u00e7o e da Pintura. Ela \u00e9 capaz de fazer tra\u00e7os r\u00e1pidos e extremamente precisos aliados \u00e0 for\u00e7a para pintar com qualquer tamanho de agulhas.<\/p>\n<p>A Transverse Nano o transformar\u00e1 numa verdadeira m\u00e1quina! O prazer de tatuar e a velocidade que ela traz ao seu trabalho ir\u00e3o mudar sua percep\u00e7\u00e3o do dia a dia.<\/p>\n<p>Com a Transverse Nano voc\u00ea nunca mais precisar\u00e1 trocar de m\u00e1quina durante um procedimento.<\/p>\n<p>Trabalhe melhor! Trabalhe mais r\u00e1pido! Deixe que a Transverse Nano potencialize todo o seu talento!<\/p>\n<p>&gt; Maior precis\u00e3o dos tra\u00e7os, sejam finos ou grossos;<br \/>&gt; Excepcionalmente forte, permite pintar com qualquer quantidade de agulhas;<br \/>&gt; Maior velocidade nos procedimentos;<br \/>&gt; Extremamente vers\u00e1til, pode ser utilizada com qualquer tipo de agulha ou cartucho.<\/p>\n","protected":false},"featured_media":35120,"comment_status":"closed","ping_status":"closed","template":"","meta":{"_acf_changed":false,"_et_pb_use_builder":"","_et_pb_old_content":"","_et_gb_content_width":"","inline_featured_image":false},"product_brand":[],"product_cat":[745,755,758],"product_tag":[],"class_list":{"0":"post-37192","1":"product","2":"type-product","3":"status-publish","4":"has-post-thumbnail","6":"product_cat-tattoo","7":"product_cat-maquinas-de-tatuagem","8":"product_cat-maquinas-rotativas-pt-pt","10":"first","11":"outofstock","12":"taxable","13":"shipping-taxable","14":"purchasable","15":"product-type-simple"},"acf":[],"yoast_head":"<!-- This site is optimized with the Yoast SEO plugin v27.5 - https:\/\/yoast.com\/product\/yoast-seo-wordpress\/ -->\n<title>Transverse Nano - curso longo 4.0mm - Preto Fosco - Electric Ink\u00ae<\/title>\n<meta name=\"robots\" content=\"index, follow, max-snippet:-1, max-image-preview:large, max-video-preview:-1\" \/>\n<link rel=\"canonical\" href=\"https:\/\/electricink.eu\/pt-pt\/producto\/transverse-nano-curso-longo-4-0mm-preto-fosco\/\" \/>\n<meta property=\"og:locale\" content=\"pt_PT\" \/>\n<meta property=\"og:type\" content=\"article\" \/>\n<meta property=\"og:title\" content=\"Transverse Nano - curso longo 4.0mm - Preto Fosco - Electric Ink\u00ae\" \/>\n<meta property=\"og:description\" content=\"TRANSVERSE NANO Electric Ink: Transverse Nano Curso Longo 4.0mm. Novas possibilidades com a Transverse Nano! A Transverse Nano com curso longo \u00e9 uma vers\u00e3o especial da m\u00e1quina com curso de 4mm (a tradicional possui 3.5mm), para uso exclusivo com agulhas de haste. Se voc\u00ea vive tatuando com muitas m\u00e1quinas e est\u00e1 cansado de ficar pulando entre Bobinas e Rotativas precisa conhecer a Transverse Nano! Anos de estudo permitiram a cria\u00e7\u00e3o de uma ferramenta especial que une o melhor do Tra\u00e7o e da Pintura. Ela \u00e9 capaz de fazer tra\u00e7os r\u00e1pidos e extremamente precisos aliados \u00e0 for\u00e7a para pintar com qualquer tamanho de agulhas. A Transverse Nano o transformar\u00e1 numa verdadeira m\u00e1quina! O prazer de tatuar e a velocidade que ela traz ao seu trabalho ir\u00e3o mudar sua percep\u00e7\u00e3o do dia a dia. Com a Transverse Nano voc\u00ea nunca mais precisar\u00e1 trocar de m\u00e1quina durante um procedimento. Trabalhe melhor! Trabalhe mais r\u00e1pido! Deixe que a Transverse Nano potencialize todo o seu talento! &gt; Maior precis\u00e3o dos tra\u00e7os, sejam finos ou grossos;&gt; Excepcionalmente forte, permite pintar com qualquer quantidade de agulhas;&gt; Maior velocidade nos procedimentos;&gt; Extremamente vers\u00e1til, pode ser utilizada com qualquer tipo de agulha ou cartucho.\" \/>\n<meta property=\"og:url\" content=\"https:\/\/electricink.eu\/pt-pt\/producto\/transverse-nano-curso-longo-4-0mm-preto-fosco\/\" \/>\n<meta property=\"og:site_name\" content=\"Electric Ink\u00ae\" \/>\n<meta property=\"article:modified_time\" content=\"2024-01-31T13:53:26+00:00\" \/>\n<meta property=\"og:image\" content=\"https:\/\/electricink.eu\/wp-content\/uploads\/2023\/12\/Transverse_Nano_4mm_Tattoo_Machine_Electric_Ink-1.jpg\" \/>\n\t<meta property=\"og:image:width\" content=\"500\" \/>\n\t<meta property=\"og:image:height\" content=\"500\" \/>\n\t<meta property=\"og:image:type\" content=\"image\/jpeg\" \/>\n<meta name=\"twitter:card\" content=\"summary_large_image\" \/>\n<meta name=\"twitter:label1\" content=\"Tempo estimado de leitura\" \/>\n\t<meta name=\"twitter:data1\" content=\"1 minuto\" \/>\n<script type=\"application\/ld+json\" class=\"yoast-schema-graph\">{\"@context\":\"https:\\\/\\\/schema.org\",\"@graph\":[{\"@type\":\"WebPage\",\"@id\":\"https:\\\/\\\/electricink.eu\\\/pt-pt\\\/producto\\\/transverse-nano-curso-longo-4-0mm-preto-fosco\\\/\",\"url\":\"https:\\\/\\\/electricink.eu\\\/pt-pt\\\/producto\\\/transverse-nano-curso-longo-4-0mm-preto-fosco\\\/\",\"name\":\"Transverse Nano - curso longo 4.0mm - Preto Fosco - Electric Ink\u00ae\",\"isPartOf\":{\"@id\":\"https:\\\/\\\/electricink.eu\\\/#website\"},\"primaryImageOfPage\":{\"@id\":\"https:\\\/\\\/electricink.eu\\\/pt-pt\\\/producto\\\/transverse-nano-curso-longo-4-0mm-preto-fosco\\\/#primaryimage\"},\"image\":{\"@id\":\"https:\\\/\\\/electricink.eu\\\/pt-pt\\\/producto\\\/transverse-nano-curso-longo-4-0mm-preto-fosco\\\/#primaryimage\"},\"thumbnailUrl\":\"https:\\\/\\\/electricink.eu\\\/wp-content\\\/uploads\\\/2023\\\/12\\\/Transverse_Nano_4mm_Tattoo_Machine_Electric_Ink-1.jpg\",\"datePublished\":\"2023-12-14T00:19:24+00:00\",\"dateModified\":\"2024-01-31T13:53:26+00:00\",\"breadcrumb\":{\"@id\":\"https:\\\/\\\/electricink.eu\\\/pt-pt\\\/producto\\\/transverse-nano-curso-longo-4-0mm-preto-fosco\\\/#breadcrumb\"},\"inLanguage\":\"pt-PT\",\"potentialAction\":[{\"@type\":\"ReadAction\",\"target\":[\"https:\\\/\\\/electricink.eu\\\/pt-pt\\\/producto\\\/transverse-nano-curso-longo-4-0mm-preto-fosco\\\/\"]}]},{\"@type\":\"ImageObject\",\"inLanguage\":\"pt-PT\",\"@id\":\"https:\\\/\\\/electricink.eu\\\/pt-pt\\\/producto\\\/transverse-nano-curso-longo-4-0mm-preto-fosco\\\/#primaryimage\",\"url\":\"https:\\\/\\\/electricink.eu\\\/wp-content\\\/uploads\\\/2023\\\/12\\\/Transverse_Nano_4mm_Tattoo_Machine_Electric_Ink-1.jpg\",\"contentUrl\":\"https:\\\/\\\/electricink.eu\\\/wp-content\\\/uploads\\\/2023\\\/12\\\/Transverse_Nano_4mm_Tattoo_Machine_Electric_Ink-1.jpg\",\"width\":500,\"height\":500},{\"@type\":\"BreadcrumbList\",\"@id\":\"https:\\\/\\\/electricink.eu\\\/pt-pt\\\/producto\\\/transverse-nano-curso-longo-4-0mm-preto-fosco\\\/#breadcrumb\",\"itemListElement\":[{\"@type\":\"ListItem\",\"position\":1,\"name\":\"Portada\",\"item\":\"https:\\\/\\\/electricink.eu\\\/pt-pt\\\/home\\\/\"},{\"@type\":\"ListItem\",\"position\":2,\"name\":\"Tienda\",\"item\":\"https:\\\/\\\/electricink.eu\\\/tienda\\\/\"},{\"@type\":\"ListItem\",\"position\":3,\"name\":\"Transverse Nano &#8211; curso longo 4.0mm &#8211; Preto Fosco\"}]},{\"@type\":\"WebSite\",\"@id\":\"https:\\\/\\\/electricink.eu\\\/#website\",\"url\":\"https:\\\/\\\/electricink.eu\\\/\",\"name\":\"Electric Ink\u00ae\",\"description\":\"Material para Tatuar Profesional en Europa - Electric Ink\u00ae\",\"potentialAction\":[{\"@type\":\"SearchAction\",\"target\":{\"@type\":\"EntryPoint\",\"urlTemplate\":\"https:\\\/\\\/electricink.eu\\\/?s={search_term_string}\"},\"query-input\":{\"@type\":\"PropertyValueSpecification\",\"valueRequired\":true,\"valueName\":\"search_term_string\"}}],\"inLanguage\":\"pt-PT\"}]}<\/script>\n<!-- \/ Yoast SEO plugin. -->","yoast_head_json":{"title":"Transverse Nano - curso longo 4.0mm - Preto Fosco - Electric Ink\u00ae","robots":{"index":"index","follow":"follow","max-snippet":"max-snippet:-1","max-image-preview":"max-image-preview:large","max-video-preview":"max-video-preview:-1"},"canonical":"https:\/\/electricink.eu\/pt-pt\/producto\/transverse-nano-curso-longo-4-0mm-preto-fosco\/","og_locale":"pt_PT","og_type":"article","og_title":"Transverse Nano - curso longo 4.0mm - Preto Fosco - Electric Ink\u00ae","og_description":"TRANSVERSE NANO Electric Ink: Transverse Nano Curso Longo 4.0mm. Novas possibilidades com a Transverse Nano! A Transverse Nano com curso longo \u00e9 uma vers\u00e3o especial da m\u00e1quina com curso de 4mm (a tradicional possui 3.5mm), para uso exclusivo com agulhas de haste. Se voc\u00ea vive tatuando com muitas m\u00e1quinas e est\u00e1 cansado de ficar pulando entre Bobinas e Rotativas precisa conhecer a Transverse Nano! Anos de estudo permitiram a cria\u00e7\u00e3o de uma ferramenta especial que une o melhor do Tra\u00e7o e da Pintura. Ela \u00e9 capaz de fazer tra\u00e7os r\u00e1pidos e extremamente precisos aliados \u00e0 for\u00e7a para pintar com qualquer tamanho de agulhas. A Transverse Nano o transformar\u00e1 numa verdadeira m\u00e1quina! O prazer de tatuar e a velocidade que ela traz ao seu trabalho ir\u00e3o mudar sua percep\u00e7\u00e3o do dia a dia. Com a Transverse Nano voc\u00ea nunca mais precisar\u00e1 trocar de m\u00e1quina durante um procedimento. Trabalhe melhor! Trabalhe mais r\u00e1pido! Deixe que a Transverse Nano potencialize todo o seu talento! &gt; Maior precis\u00e3o dos tra\u00e7os, sejam finos ou grossos;&gt; Excepcionalmente forte, permite pintar com qualquer quantidade de agulhas;&gt; Maior velocidade nos procedimentos;&gt; Extremamente vers\u00e1til, pode ser utilizada com qualquer tipo de agulha ou cartucho.","og_url":"https:\/\/electricink.eu\/pt-pt\/producto\/transverse-nano-curso-longo-4-0mm-preto-fosco\/","og_site_name":"Electric Ink\u00ae","article_modified_time":"2024-01-31T13:53:26+00:00","og_image":[{"width":500,"height":500,"url":"https:\/\/electricink.eu\/wp-content\/uploads\/2023\/12\/Transverse_Nano_4mm_Tattoo_Machine_Electric_Ink-1.jpg","type":"image\/jpeg"}],"twitter_card":"summary_large_image","twitter_misc":{"Tempo estimado de leitura":"1 minuto"},"schema":{"@context":"https:\/\/schema.org","@graph":[{"@type":"WebPage","@id":"https:\/\/electricink.eu\/pt-pt\/producto\/transverse-nano-curso-longo-4-0mm-preto-fosco\/","url":"https:\/\/electricink.eu\/pt-pt\/producto\/transverse-nano-curso-longo-4-0mm-preto-fosco\/","name":"Transverse Nano - curso longo 4.0mm - Preto Fosco - Electric Ink\u00ae","isPartOf":{"@id":"https:\/\/electricink.eu\/#website"},"primaryImageOfPage":{"@id":"https:\/\/electricink.eu\/pt-pt\/producto\/transverse-nano-curso-longo-4-0mm-preto-fosco\/#primaryimage"},"image":{"@id":"https:\/\/electricink.eu\/pt-pt\/producto\/transverse-nano-curso-longo-4-0mm-preto-fosco\/#primaryimage"},"thumbnailUrl":"https:\/\/electricink.eu\/wp-content\/uploads\/2023\/12\/Transverse_Nano_4mm_Tattoo_Machine_Electric_Ink-1.jpg","datePublished":"2023-12-14T00:19:24+00:00","dateModified":"2024-01-31T13:53:26+00:00","breadcrumb":{"@id":"https:\/\/electricink.eu\/pt-pt\/producto\/transverse-nano-curso-longo-4-0mm-preto-fosco\/#breadcrumb"},"inLanguage":"pt-PT","potentialAction":[{"@type":"ReadAction","target":["https:\/\/electricink.eu\/pt-pt\/producto\/transverse-nano-curso-longo-4-0mm-preto-fosco\/"]}]},{"@type":"ImageObject","inLanguage":"pt-PT","@id":"https:\/\/electricink.eu\/pt-pt\/producto\/transverse-nano-curso-longo-4-0mm-preto-fosco\/#primaryimage","url":"https:\/\/electricink.eu\/wp-content\/uploads\/2023\/12\/Transverse_Nano_4mm_Tattoo_Machine_Electric_Ink-1.jpg","contentUrl":"https:\/\/electricink.eu\/wp-content\/uploads\/2023\/12\/Transverse_Nano_4mm_Tattoo_Machine_Electric_Ink-1.jpg","width":500,"height":500},{"@type":"BreadcrumbList","@id":"https:\/\/electricink.eu\/pt-pt\/producto\/transverse-nano-curso-longo-4-0mm-preto-fosco\/#breadcrumb","itemListElement":[{"@type":"ListItem","position":1,"name":"Portada","item":"https:\/\/electricink.eu\/pt-pt\/home\/"},{"@type":"ListItem","position":2,"name":"Tienda","item":"https:\/\/electricink.eu\/tienda\/"},{"@type":"ListItem","position":3,"name":"Transverse Nano &#8211; curso longo 4.0mm &#8211; Preto Fosco"}]},{"@type":"WebSite","@id":"https:\/\/electricink.eu\/#website","url":"https:\/\/electricink.eu\/","name":"Electric Ink\u00ae","description":"Material para Tatuar Profesional en Europa - Electric Ink\u00ae","potentialAction":[{"@type":"SearchAction","target":{"@type":"EntryPoint","urlTemplate":"https:\/\/electricink.eu\/?s={search_term_string}"},"query-input":{"@type":"PropertyValueSpecification","valueRequired":true,"valueName":"search_term_string"}}],"inLanguage":"pt-PT"}]}},"_links":{"self":[{"href":"https:\/\/electricink.eu\/pt-pt\/wp-json\/wp\/v2\/product\/37192","targetHints":{"allow":["GET"]}}],"collection":[{"href":"https:\/\/electricink.eu\/pt-pt\/wp-json\/wp\/v2\/product"}],"about":[{"href":"https:\/\/electricink.eu\/pt-pt\/wp-json\/wp\/v2\/types\/product"}],"replies":[{"embeddable":true,"href":"https:\/\/electricink.eu\/pt-pt\/wp-json\/wp\/v2\/comments?post=37192"}],"wp:featuredmedia":[{"embeddable":true,"href":"https:\/\/electricink.eu\/pt-pt\/wp-json\/wp\/v2\/media\/35120"}],"wp:attachment":[{"href":"https:\/\/electricink.eu\/pt-pt\/wp-json\/wp\/v2\/media?parent=37192"}],"wp:term":[{"taxonomy":"product_brand","embeddable":true,"href":"https:\/\/electricink.eu\/pt-pt\/wp-json\/wp\/v2\/product_brand?post=37192"},{"taxonomy":"product_cat","embeddable":true,"href":"https:\/\/electricink.eu\/pt-pt\/wp-json\/wp\/v2\/product_cat?post=37192"},{"taxonomy":"product_tag","embeddable":true,"href":"https:\/\/electricink.eu\/pt-pt\/wp-json\/wp\/v2\/product_tag?post=37192"}],"curies":[{"name":"wp","href":"https:\/\/api.w.org\/{rel}","templated":true}]}}