{"id":37273,"date":"2023-12-14T01:18:49","date_gmt":"2023-12-14T00:18:49","guid":{"rendered":"https:\/\/electricink.eu\/producto\/batoques-esterelizados-electric-ink-caixa-60-un\/"},"modified":"2024-09-26T13:20:28","modified_gmt":"2024-09-26T11:20:28","slug":"batoques-esterelizados-electric-ink-caixa-60-un","status":"publish","type":"product","link":"https:\/\/electricink.eu\/pt-pt\/producto\/batoques-esterelizados-electric-ink-caixa-60-un\/","title":{"rendered":"Batoques esterelizados Electric Ink caixa 60 un"},"content":{"rendered":"<p>Batoques \/ c\u00e1psulas para tintas. Descart\u00e1veis e esterilizados, marca Electric Ink.<\/p>\n<p>USO \u00daNICO<\/p>\n<p>Caixa com 60 unidades.<\/p>\n","protected":false},"excerpt":{"rendered":"<p>Batoques descart\u00e1veis esterilizados Electric Ink, tamanho XXG.<\/p>\n<p>Caixa com 60 unidades em cartelas. Uso \u00fanico.<\/p>\n<p>Perfeito para tatuagem e micropigmenta\u00e7\u00e3o. Possui uma base ampla e muito est\u00e1vel.<\/p>\n<p>&nbsp;<\/p>\n","protected":false},"featured_media":3394,"comment_status":"closed","ping_status":"closed","template":"","meta":{"_acf_changed":false,"_et_pb_use_builder":"","_et_pb_old_content":"","_et_gb_content_width":"","inline_featured_image":false},"product_brand":[],"product_cat":[722,725],"product_tag":[],"class_list":{"0":"post-37273","1":"product","2":"type-product","3":"status-publish","4":"has-post-thumbnail","6":"product_cat-accesorios-pt","7":"product_cat-ink-caps-pt-pt","9":"first","10":"outofstock","11":"taxable","12":"shipping-taxable","13":"purchasable","14":"product-type-simple"},"acf":[],"yoast_head":"<!-- This site is optimized with the Yoast SEO plugin v27.4 - https:\/\/yoast.com\/product\/yoast-seo-wordpress\/ -->\n<title>Batoques esterelizados Electric Ink caixa 60 un - Electric Ink\u00ae<\/title>\n<meta name=\"robots\" content=\"index, follow, max-snippet:-1, max-image-preview:large, max-video-preview:-1\" \/>\n<link rel=\"canonical\" href=\"https:\/\/electricink.eu\/pt-pt\/producto\/batoques-esterelizados-electric-ink-caixa-60-un\/\" \/>\n<meta property=\"og:locale\" content=\"pt_PT\" \/>\n<meta property=\"og:type\" content=\"article\" \/>\n<meta property=\"og:title\" content=\"Batoques esterelizados Electric Ink caixa 60 un - Electric Ink\u00ae\" \/>\n<meta property=\"og:description\" content=\"Batoques descart\u00e1veis esterilizados Electric Ink, tamanho XXG. Caixa com 60 unidades em cartelas. Uso \u00fanico. Perfeito para tatuagem e micropigmenta\u00e7\u00e3o. Possui uma base ampla e muito est\u00e1vel. &nbsp;\" \/>\n<meta property=\"og:url\" content=\"https:\/\/electricink.eu\/pt-pt\/producto\/batoques-esterelizados-electric-ink-caixa-60-un\/\" \/>\n<meta property=\"og:site_name\" content=\"Electric Ink\u00ae\" \/>\n<meta property=\"article:modified_time\" content=\"2024-09-26T11:20:28+00:00\" \/>\n<meta property=\"og:image\" content=\"https:\/\/electricink.eu\/wp-content\/uploads\/2023\/10\/inkcaps-xgg.jpeg\" \/>\n\t<meta property=\"og:image:width\" content=\"500\" \/>\n\t<meta property=\"og:image:height\" content=\"500\" \/>\n\t<meta property=\"og:image:type\" content=\"image\/jpeg\" \/>\n<meta name=\"twitter:card\" content=\"summary_large_image\" \/>\n<script type=\"application\/ld+json\" class=\"yoast-schema-graph\">{\"@context\":\"https:\\\/\\\/schema.org\",\"@graph\":[{\"@type\":\"WebPage\",\"@id\":\"https:\\\/\\\/electricink.eu\\\/pt-pt\\\/producto\\\/batoques-esterelizados-electric-ink-caixa-60-un\\\/\",\"url\":\"https:\\\/\\\/electricink.eu\\\/pt-pt\\\/producto\\\/batoques-esterelizados-electric-ink-caixa-60-un\\\/\",\"name\":\"Batoques esterelizados Electric Ink caixa 60 un - Electric Ink\u00ae\",\"isPartOf\":{\"@id\":\"https:\\\/\\\/electricink.eu\\\/#website\"},\"primaryImageOfPage\":{\"@id\":\"https:\\\/\\\/electricink.eu\\\/pt-pt\\\/producto\\\/batoques-esterelizados-electric-ink-caixa-60-un\\\/#primaryimage\"},\"image\":{\"@id\":\"https:\\\/\\\/electricink.eu\\\/pt-pt\\\/producto\\\/batoques-esterelizados-electric-ink-caixa-60-un\\\/#primaryimage\"},\"thumbnailUrl\":\"https:\\\/\\\/electricink.eu\\\/wp-content\\\/uploads\\\/2023\\\/10\\\/inkcaps-xgg.jpeg\",\"datePublished\":\"2023-12-14T00:18:49+00:00\",\"dateModified\":\"2024-09-26T11:20:28+00:00\",\"breadcrumb\":{\"@id\":\"https:\\\/\\\/electricink.eu\\\/pt-pt\\\/producto\\\/batoques-esterelizados-electric-ink-caixa-60-un\\\/#breadcrumb\"},\"inLanguage\":\"pt-PT\",\"potentialAction\":[{\"@type\":\"ReadAction\",\"target\":[\"https:\\\/\\\/electricink.eu\\\/pt-pt\\\/producto\\\/batoques-esterelizados-electric-ink-caixa-60-un\\\/\"]}]},{\"@type\":\"ImageObject\",\"inLanguage\":\"pt-PT\",\"@id\":\"https:\\\/\\\/electricink.eu\\\/pt-pt\\\/producto\\\/batoques-esterelizados-electric-ink-caixa-60-un\\\/#primaryimage\",\"url\":\"https:\\\/\\\/electricink.eu\\\/wp-content\\\/uploads\\\/2023\\\/10\\\/inkcaps-xgg.jpeg\",\"contentUrl\":\"https:\\\/\\\/electricink.eu\\\/wp-content\\\/uploads\\\/2023\\\/10\\\/inkcaps-xgg.jpeg\",\"width\":500,\"height\":500},{\"@type\":\"BreadcrumbList\",\"@id\":\"https:\\\/\\\/electricink.eu\\\/pt-pt\\\/producto\\\/batoques-esterelizados-electric-ink-caixa-60-un\\\/#breadcrumb\",\"itemListElement\":[{\"@type\":\"ListItem\",\"position\":1,\"name\":\"Portada\",\"item\":\"https:\\\/\\\/electricink.eu\\\/pt-pt\\\/home\\\/\"},{\"@type\":\"ListItem\",\"position\":2,\"name\":\"Tienda\",\"item\":\"https:\\\/\\\/electricink.eu\\\/tienda\\\/\"},{\"@type\":\"ListItem\",\"position\":3,\"name\":\"Batoques esterelizados Electric Ink caixa 60 un\"}]},{\"@type\":\"WebSite\",\"@id\":\"https:\\\/\\\/electricink.eu\\\/#website\",\"url\":\"https:\\\/\\\/electricink.eu\\\/\",\"name\":\"Electric Ink\u00ae\",\"description\":\"Material para Tatuar Profesional en Europa - Electric Ink\u00ae\",\"potentialAction\":[{\"@type\":\"SearchAction\",\"target\":{\"@type\":\"EntryPoint\",\"urlTemplate\":\"https:\\\/\\\/electricink.eu\\\/?s={search_term_string}\"},\"query-input\":{\"@type\":\"PropertyValueSpecification\",\"valueRequired\":true,\"valueName\":\"search_term_string\"}}],\"inLanguage\":\"pt-PT\"}]}<\/script>\n<!-- \/ Yoast SEO plugin. -->","yoast_head_json":{"title":"Batoques esterelizados Electric Ink caixa 60 un - Electric Ink\u00ae","robots":{"index":"index","follow":"follow","max-snippet":"max-snippet:-1","max-image-preview":"max-image-preview:large","max-video-preview":"max-video-preview:-1"},"canonical":"https:\/\/electricink.eu\/pt-pt\/producto\/batoques-esterelizados-electric-ink-caixa-60-un\/","og_locale":"pt_PT","og_type":"article","og_title":"Batoques esterelizados Electric Ink caixa 60 un - Electric Ink\u00ae","og_description":"Batoques descart\u00e1veis esterilizados Electric Ink, tamanho XXG. Caixa com 60 unidades em cartelas. Uso \u00fanico. Perfeito para tatuagem e micropigmenta\u00e7\u00e3o. Possui uma base ampla e muito est\u00e1vel. &nbsp;","og_url":"https:\/\/electricink.eu\/pt-pt\/producto\/batoques-esterelizados-electric-ink-caixa-60-un\/","og_site_name":"Electric Ink\u00ae","article_modified_time":"2024-09-26T11:20:28+00:00","og_image":[{"width":500,"height":500,"url":"https:\/\/electricink.eu\/wp-content\/uploads\/2023\/10\/inkcaps-xgg.jpeg","type":"image\/jpeg"}],"twitter_card":"summary_large_image","schema":{"@context":"https:\/\/schema.org","@graph":[{"@type":"WebPage","@id":"https:\/\/electricink.eu\/pt-pt\/producto\/batoques-esterelizados-electric-ink-caixa-60-un\/","url":"https:\/\/electricink.eu\/pt-pt\/producto\/batoques-esterelizados-electric-ink-caixa-60-un\/","name":"Batoques esterelizados Electric Ink caixa 60 un - Electric Ink\u00ae","isPartOf":{"@id":"https:\/\/electricink.eu\/#website"},"primaryImageOfPage":{"@id":"https:\/\/electricink.eu\/pt-pt\/producto\/batoques-esterelizados-electric-ink-caixa-60-un\/#primaryimage"},"image":{"@id":"https:\/\/electricink.eu\/pt-pt\/producto\/batoques-esterelizados-electric-ink-caixa-60-un\/#primaryimage"},"thumbnailUrl":"https:\/\/electricink.eu\/wp-content\/uploads\/2023\/10\/inkcaps-xgg.jpeg","datePublished":"2023-12-14T00:18:49+00:00","dateModified":"2024-09-26T11:20:28+00:00","breadcrumb":{"@id":"https:\/\/electricink.eu\/pt-pt\/producto\/batoques-esterelizados-electric-ink-caixa-60-un\/#breadcrumb"},"inLanguage":"pt-PT","potentialAction":[{"@type":"ReadAction","target":["https:\/\/electricink.eu\/pt-pt\/producto\/batoques-esterelizados-electric-ink-caixa-60-un\/"]}]},{"@type":"ImageObject","inLanguage":"pt-PT","@id":"https:\/\/electricink.eu\/pt-pt\/producto\/batoques-esterelizados-electric-ink-caixa-60-un\/#primaryimage","url":"https:\/\/electricink.eu\/wp-content\/uploads\/2023\/10\/inkcaps-xgg.jpeg","contentUrl":"https:\/\/electricink.eu\/wp-content\/uploads\/2023\/10\/inkcaps-xgg.jpeg","width":500,"height":500},{"@type":"BreadcrumbList","@id":"https:\/\/electricink.eu\/pt-pt\/producto\/batoques-esterelizados-electric-ink-caixa-60-un\/#breadcrumb","itemListElement":[{"@type":"ListItem","position":1,"name":"Portada","item":"https:\/\/electricink.eu\/pt-pt\/home\/"},{"@type":"ListItem","position":2,"name":"Tienda","item":"https:\/\/electricink.eu\/tienda\/"},{"@type":"ListItem","position":3,"name":"Batoques esterelizados Electric Ink caixa 60 un"}]},{"@type":"WebSite","@id":"https:\/\/electricink.eu\/#website","url":"https:\/\/electricink.eu\/","name":"Electric Ink\u00ae","description":"Material para Tatuar Profesional en Europa - Electric Ink\u00ae","potentialAction":[{"@type":"SearchAction","target":{"@type":"EntryPoint","urlTemplate":"https:\/\/electricink.eu\/?s={search_term_string}"},"query-input":{"@type":"PropertyValueSpecification","valueRequired":true,"valueName":"search_term_string"}}],"inLanguage":"pt-PT"}]}},"_links":{"self":[{"href":"https:\/\/electricink.eu\/pt-pt\/wp-json\/wp\/v2\/product\/37273","targetHints":{"allow":["GET"]}}],"collection":[{"href":"https:\/\/electricink.eu\/pt-pt\/wp-json\/wp\/v2\/product"}],"about":[{"href":"https:\/\/electricink.eu\/pt-pt\/wp-json\/wp\/v2\/types\/product"}],"replies":[{"embeddable":true,"href":"https:\/\/electricink.eu\/pt-pt\/wp-json\/wp\/v2\/comments?post=37273"}],"wp:featuredmedia":[{"embeddable":true,"href":"https:\/\/electricink.eu\/pt-pt\/wp-json\/wp\/v2\/media\/3394"}],"wp:attachment":[{"href":"https:\/\/electricink.eu\/pt-pt\/wp-json\/wp\/v2\/media?parent=37273"}],"wp:term":[{"taxonomy":"product_brand","embeddable":true,"href":"https:\/\/electricink.eu\/pt-pt\/wp-json\/wp\/v2\/product_brand?post=37273"},{"taxonomy":"product_cat","embeddable":true,"href":"https:\/\/electricink.eu\/pt-pt\/wp-json\/wp\/v2\/product_cat?post=37273"},{"taxonomy":"product_tag","embeddable":true,"href":"https:\/\/electricink.eu\/pt-pt\/wp-json\/wp\/v2\/product_tag?post=37273"}],"curies":[{"name":"wp","href":"https:\/\/api.w.org\/{rel}","templated":true}]}}