{"id":37291,"date":"2023-12-14T01:18:17","date_gmt":"2023-12-14T00:18:17","guid":{"rendered":"https:\/\/electricink.eu\/producto\/nuance-skin-finisher-12g\/"},"modified":"2025-08-11T19:57:00","modified_gmt":"2025-08-11T17:57:00","slug":"nuance-skin-finisher-12g","status":"publish","type":"product","link":"https:\/\/electricink.eu\/pt-pt\/producto\/nuance-skin-finisher-12g\/","title":{"rendered":"Nuance Skin Finisher &#8211; 12g"},"content":{"rendered":"<p><strong>Tamanho:<\/strong> 12g<\/p>\n<p><strong>Modelo:<\/strong> Creme hidratante<\/p>\n<p><strong>Marca:<\/strong> Nuance by Electric Ink<\/p>\n","protected":false},"excerpt":{"rendered":"<p>Skin Finisher possui f\u00f3rmula suave enriquecida com \u00f3leo de copa\u00edba que auxilia no cuidado e hidrata\u00e7\u00e3o da pele. De textura cremosa, \u00e9 indicado para ser utilizado ap\u00f3s o procedimento. Protege a regi\u00e3o pigmentada e favorece o processo de cicatriza\u00e7\u00e3o.<\/p>\n<p><strong>Recomenda\u00e7\u00f5es:<\/strong>\u00a0Ap\u00f3s a limpeza, aplique uma quantidade suficiente do <strong>Nuance Skin Finisher<\/strong> na pele, at\u00e9 que forme uma camada fina e uniforme.<\/p>\n","protected":false},"featured_media":39098,"comment_status":"closed","ping_status":"closed","template":"","meta":{"_acf_changed":false,"_et_pb_use_builder":"","_et_pb_old_content":"","_et_gb_content_width":"","inline_featured_image":false},"product_brand":[],"product_cat":[728,729,731],"product_tag":[],"class_list":{"0":"post-37291","1":"product","2":"type-product","3":"status-publish","4":"has-post-thumbnail","6":"product_cat-cosmeticos-pt-pt","7":"product_cat-cosmetico-micropigmentacao","8":"product_cat-micropigmentacao","10":"first","11":"instock","12":"taxable","13":"shipping-taxable","14":"purchasable","15":"product-type-simple"},"acf":[],"yoast_head":"<!-- This site is optimized with the Yoast SEO plugin v27.5 - https:\/\/yoast.com\/product\/yoast-seo-wordpress\/ -->\n<title>Nuance Skin Finisher - 12g - Electric Ink\u00ae<\/title>\n<meta name=\"description\" content=\"F\u00f3rmula suave enriquecida com \u00f3leo de copa\u00edba, auxilia no cuidado e hidrata\u00e7\u00e3o da pele. Protege a regi\u00e3o pigmentada e favorece o processo de cicatriza\u00e7\u00e3o.\" \/>\n<meta name=\"robots\" content=\"index, follow, max-snippet:-1, max-image-preview:large, max-video-preview:-1\" \/>\n<link rel=\"canonical\" href=\"https:\/\/electricink.eu\/pt-pt\/producto\/nuance-skin-finisher-12g\/\" \/>\n<meta property=\"og:locale\" content=\"pt_PT\" \/>\n<meta property=\"og:type\" content=\"article\" \/>\n<meta property=\"og:title\" content=\"Nuance Skin Finisher - 12g - Electric Ink\u00ae\" \/>\n<meta property=\"og:description\" content=\"F\u00f3rmula suave enriquecida com \u00f3leo de copa\u00edba, auxilia no cuidado e hidrata\u00e7\u00e3o da pele. Protege a regi\u00e3o pigmentada e favorece o processo de cicatriza\u00e7\u00e3o.\" \/>\n<meta property=\"og:url\" content=\"https:\/\/electricink.eu\/pt-pt\/producto\/nuance-skin-finisher-12g\/\" \/>\n<meta property=\"og:site_name\" content=\"Electric Ink\u00ae\" \/>\n<meta property=\"article:modified_time\" content=\"2025-08-11T17:57:00+00:00\" \/>\n<meta property=\"og:image\" content=\"https:\/\/electricink.eu\/wp-content\/uploads\/2023\/12\/NuanceSkinFinisher12g.png\" \/>\n\t<meta property=\"og:image:width\" content=\"500\" \/>\n\t<meta property=\"og:image:height\" content=\"500\" \/>\n\t<meta property=\"og:image:type\" content=\"image\/png\" \/>\n<meta name=\"twitter:card\" content=\"summary_large_image\" \/>\n<meta name=\"twitter:label1\" content=\"Tempo estimado de leitura\" \/>\n\t<meta name=\"twitter:data1\" content=\"1 minuto\" \/>\n<script type=\"application\/ld+json\" class=\"yoast-schema-graph\">{\"@context\":\"https:\\\/\\\/schema.org\",\"@graph\":[{\"@type\":\"WebPage\",\"@id\":\"https:\\\/\\\/electricink.eu\\\/pt-pt\\\/producto\\\/nuance-skin-finisher-12g\\\/\",\"url\":\"https:\\\/\\\/electricink.eu\\\/pt-pt\\\/producto\\\/nuance-skin-finisher-12g\\\/\",\"name\":\"Nuance Skin Finisher - 12g - Electric Ink\u00ae\",\"isPartOf\":{\"@id\":\"https:\\\/\\\/electricink.eu\\\/#website\"},\"primaryImageOfPage\":{\"@id\":\"https:\\\/\\\/electricink.eu\\\/pt-pt\\\/producto\\\/nuance-skin-finisher-12g\\\/#primaryimage\"},\"image\":{\"@id\":\"https:\\\/\\\/electricink.eu\\\/pt-pt\\\/producto\\\/nuance-skin-finisher-12g\\\/#primaryimage\"},\"thumbnailUrl\":\"https:\\\/\\\/electricink.eu\\\/wp-content\\\/uploads\\\/2023\\\/12\\\/NuanceSkinFinisher12g.png\",\"datePublished\":\"2023-12-14T00:18:17+00:00\",\"dateModified\":\"2025-08-11T17:57:00+00:00\",\"description\":\"F\u00f3rmula suave enriquecida com \u00f3leo de copa\u00edba, auxilia no cuidado e hidrata\u00e7\u00e3o da pele. Protege a regi\u00e3o pigmentada e favorece o processo de cicatriza\u00e7\u00e3o.\",\"breadcrumb\":{\"@id\":\"https:\\\/\\\/electricink.eu\\\/pt-pt\\\/producto\\\/nuance-skin-finisher-12g\\\/#breadcrumb\"},\"inLanguage\":\"pt-PT\",\"potentialAction\":[{\"@type\":\"ReadAction\",\"target\":[\"https:\\\/\\\/electricink.eu\\\/pt-pt\\\/producto\\\/nuance-skin-finisher-12g\\\/\"]}]},{\"@type\":\"ImageObject\",\"inLanguage\":\"pt-PT\",\"@id\":\"https:\\\/\\\/electricink.eu\\\/pt-pt\\\/producto\\\/nuance-skin-finisher-12g\\\/#primaryimage\",\"url\":\"https:\\\/\\\/electricink.eu\\\/wp-content\\\/uploads\\\/2023\\\/12\\\/NuanceSkinFinisher12g.png\",\"contentUrl\":\"https:\\\/\\\/electricink.eu\\\/wp-content\\\/uploads\\\/2023\\\/12\\\/NuanceSkinFinisher12g.png\",\"width\":500,\"height\":500},{\"@type\":\"BreadcrumbList\",\"@id\":\"https:\\\/\\\/electricink.eu\\\/pt-pt\\\/producto\\\/nuance-skin-finisher-12g\\\/#breadcrumb\",\"itemListElement\":[{\"@type\":\"ListItem\",\"position\":1,\"name\":\"Portada\",\"item\":\"https:\\\/\\\/electricink.eu\\\/pt-pt\\\/home\\\/\"},{\"@type\":\"ListItem\",\"position\":2,\"name\":\"Tienda\",\"item\":\"https:\\\/\\\/electricink.eu\\\/tienda\\\/\"},{\"@type\":\"ListItem\",\"position\":3,\"name\":\"Nuance Skin Finisher &#8211; 12g\"}]},{\"@type\":\"WebSite\",\"@id\":\"https:\\\/\\\/electricink.eu\\\/#website\",\"url\":\"https:\\\/\\\/electricink.eu\\\/\",\"name\":\"Electric Ink\u00ae\",\"description\":\"Material para Tatuar Profesional en Europa - Electric Ink\u00ae\",\"potentialAction\":[{\"@type\":\"SearchAction\",\"target\":{\"@type\":\"EntryPoint\",\"urlTemplate\":\"https:\\\/\\\/electricink.eu\\\/?s={search_term_string}\"},\"query-input\":{\"@type\":\"PropertyValueSpecification\",\"valueRequired\":true,\"valueName\":\"search_term_string\"}}],\"inLanguage\":\"pt-PT\"}]}<\/script>\n<!-- \/ Yoast SEO plugin. -->","yoast_head_json":{"title":"Nuance Skin Finisher - 12g - Electric Ink\u00ae","description":"F\u00f3rmula suave enriquecida com \u00f3leo de copa\u00edba, auxilia no cuidado e hidrata\u00e7\u00e3o da pele. Protege a regi\u00e3o pigmentada e favorece o processo de cicatriza\u00e7\u00e3o.","robots":{"index":"index","follow":"follow","max-snippet":"max-snippet:-1","max-image-preview":"max-image-preview:large","max-video-preview":"max-video-preview:-1"},"canonical":"https:\/\/electricink.eu\/pt-pt\/producto\/nuance-skin-finisher-12g\/","og_locale":"pt_PT","og_type":"article","og_title":"Nuance Skin Finisher - 12g - Electric Ink\u00ae","og_description":"F\u00f3rmula suave enriquecida com \u00f3leo de copa\u00edba, auxilia no cuidado e hidrata\u00e7\u00e3o da pele. Protege a regi\u00e3o pigmentada e favorece o processo de cicatriza\u00e7\u00e3o.","og_url":"https:\/\/electricink.eu\/pt-pt\/producto\/nuance-skin-finisher-12g\/","og_site_name":"Electric Ink\u00ae","article_modified_time":"2025-08-11T17:57:00+00:00","og_image":[{"width":500,"height":500,"url":"https:\/\/electricink.eu\/wp-content\/uploads\/2023\/12\/NuanceSkinFinisher12g.png","type":"image\/png"}],"twitter_card":"summary_large_image","twitter_misc":{"Tempo estimado de leitura":"1 minuto"},"schema":{"@context":"https:\/\/schema.org","@graph":[{"@type":"WebPage","@id":"https:\/\/electricink.eu\/pt-pt\/producto\/nuance-skin-finisher-12g\/","url":"https:\/\/electricink.eu\/pt-pt\/producto\/nuance-skin-finisher-12g\/","name":"Nuance Skin Finisher - 12g - Electric Ink\u00ae","isPartOf":{"@id":"https:\/\/electricink.eu\/#website"},"primaryImageOfPage":{"@id":"https:\/\/electricink.eu\/pt-pt\/producto\/nuance-skin-finisher-12g\/#primaryimage"},"image":{"@id":"https:\/\/electricink.eu\/pt-pt\/producto\/nuance-skin-finisher-12g\/#primaryimage"},"thumbnailUrl":"https:\/\/electricink.eu\/wp-content\/uploads\/2023\/12\/NuanceSkinFinisher12g.png","datePublished":"2023-12-14T00:18:17+00:00","dateModified":"2025-08-11T17:57:00+00:00","description":"F\u00f3rmula suave enriquecida com \u00f3leo de copa\u00edba, auxilia no cuidado e hidrata\u00e7\u00e3o da pele. Protege a regi\u00e3o pigmentada e favorece o processo de cicatriza\u00e7\u00e3o.","breadcrumb":{"@id":"https:\/\/electricink.eu\/pt-pt\/producto\/nuance-skin-finisher-12g\/#breadcrumb"},"inLanguage":"pt-PT","potentialAction":[{"@type":"ReadAction","target":["https:\/\/electricink.eu\/pt-pt\/producto\/nuance-skin-finisher-12g\/"]}]},{"@type":"ImageObject","inLanguage":"pt-PT","@id":"https:\/\/electricink.eu\/pt-pt\/producto\/nuance-skin-finisher-12g\/#primaryimage","url":"https:\/\/electricink.eu\/wp-content\/uploads\/2023\/12\/NuanceSkinFinisher12g.png","contentUrl":"https:\/\/electricink.eu\/wp-content\/uploads\/2023\/12\/NuanceSkinFinisher12g.png","width":500,"height":500},{"@type":"BreadcrumbList","@id":"https:\/\/electricink.eu\/pt-pt\/producto\/nuance-skin-finisher-12g\/#breadcrumb","itemListElement":[{"@type":"ListItem","position":1,"name":"Portada","item":"https:\/\/electricink.eu\/pt-pt\/home\/"},{"@type":"ListItem","position":2,"name":"Tienda","item":"https:\/\/electricink.eu\/tienda\/"},{"@type":"ListItem","position":3,"name":"Nuance Skin Finisher &#8211; 12g"}]},{"@type":"WebSite","@id":"https:\/\/electricink.eu\/#website","url":"https:\/\/electricink.eu\/","name":"Electric Ink\u00ae","description":"Material para Tatuar Profesional en Europa - Electric Ink\u00ae","potentialAction":[{"@type":"SearchAction","target":{"@type":"EntryPoint","urlTemplate":"https:\/\/electricink.eu\/?s={search_term_string}"},"query-input":{"@type":"PropertyValueSpecification","valueRequired":true,"valueName":"search_term_string"}}],"inLanguage":"pt-PT"}]}},"_links":{"self":[{"href":"https:\/\/electricink.eu\/pt-pt\/wp-json\/wp\/v2\/product\/37291","targetHints":{"allow":["GET"]}}],"collection":[{"href":"https:\/\/electricink.eu\/pt-pt\/wp-json\/wp\/v2\/product"}],"about":[{"href":"https:\/\/electricink.eu\/pt-pt\/wp-json\/wp\/v2\/types\/product"}],"replies":[{"embeddable":true,"href":"https:\/\/electricink.eu\/pt-pt\/wp-json\/wp\/v2\/comments?post=37291"}],"wp:featuredmedia":[{"embeddable":true,"href":"https:\/\/electricink.eu\/pt-pt\/wp-json\/wp\/v2\/media\/39098"}],"wp:attachment":[{"href":"https:\/\/electricink.eu\/pt-pt\/wp-json\/wp\/v2\/media?parent=37291"}],"wp:term":[{"taxonomy":"product_brand","embeddable":true,"href":"https:\/\/electricink.eu\/pt-pt\/wp-json\/wp\/v2\/product_brand?post=37291"},{"taxonomy":"product_cat","embeddable":true,"href":"https:\/\/electricink.eu\/pt-pt\/wp-json\/wp\/v2\/product_cat?post=37291"},{"taxonomy":"product_tag","embeddable":true,"href":"https:\/\/electricink.eu\/pt-pt\/wp-json\/wp\/v2\/product_tag?post=37291"}],"curies":[{"name":"wp","href":"https:\/\/api.w.org\/{rel}","templated":true}]}}