{"id":37333,"date":"2023-12-14T01:18:17","date_gmt":"2023-12-14T00:18:17","guid":{"rendered":"https:\/\/electricink.eu\/producto\/kit-dermografo-nano-pen-rose-gold\/"},"modified":"2023-12-14T01:18:17","modified_gmt":"2023-12-14T00:18:17","slug":"kit-dermografo-nano-pen-rose-gold","status":"publish","type":"product","link":"https:\/\/electricink.eu\/pt-pt\/producto\/kit-dermografo-nano-pen-rose-gold\/","title":{"rendered":"Kit Derm\u00f3grafo Nano Pen &#8211; Rose Gold"},"content":{"rendered":"<p><strong>Kit de derm\u00f3grafo Nano Pen<\/strong><\/p>\n<p><strong>&#8212;&#8212;&#8212;&#8212;&#8212;&#8212; Especifica\u00e7\u00f5es \/ Pesos \/ Dimens\u00f5es &#8212;&#8212;&#8212;&#8212;&#8212;&#8212;-<\/strong><\/p>\n<p>Derm\u00f3grafo Nano Pen:<\/p>\n<p>-Material: alum\u00ednio anodizado<br \/>&#8211; Cor: Rose Gold<br \/>&#8211; Motor: Mabuchi (japon\u00eas)<br \/>&#8211; Curso da m\u00e1quina: 3,3 mm<br \/>&#8211; Conex\u00e3o el\u00e9trica: cabo magn\u00e9tico<br \/>&#8211; Tens\u00e3o de trabalho: 6 a 12 volts<br \/>&#8211; Dimens\u00f5es: 87mm x 30mm<br \/>&#8211; Peso: 120 gramas<\/p>\n<p><strong>***Compat\u00edvel apenas com cartuchos universais.<\/strong><\/p>\n<p><strong>Fonte PS Round SLIM:<\/strong><\/p>\n<p>&#8211; Configura\u00e7\u00e3o: para derm\u00f3grafos da gama Electric Ink, SLIM ou Nano Pen<br \/>&#8211; Chassi: alum\u00ednio aeron\u00e1utico anodizado<br \/>&#8211; Cor: Rose Gold<br \/>&#8211; Amperagem m\u00e1xima: 5 amperes<br \/>&#8211; Amperagem cont\u00ednua: 3 amperes<br \/>&#8211; Tens\u00e3o de sa\u00edda: de 2 a 17 volts<br \/>&#8211; Resolu\u00e7\u00e3o de ajuste: a cada 0,1 volts<br \/>&#8211; Fonte de alimenta\u00e7\u00e3o: 100~240 VAC (autom\u00e1tico)<br \/>&#8211; Canais (sa\u00eddas): 1 canal<br \/>&#8211; Mem\u00f3rias: 2 mem\u00f3rias (M1 e M2) &#8211; n\u00e3o vol\u00e1teis<br \/>&#8211; Membrana: toque<br \/>&#8211; Teclado: Mem\u00f3ria 1 (M1), Mem\u00f3ria 2 (M2), Ajustar mais (+), Ajustar menos (-) e tecla Play\/Pause\/Menu<br \/>&#8211; Tela: n\u00fameros de 7 segmentos, branco<br \/>&#8211; Poss\u00edveis informa\u00e7\u00f5es indicadas na tela: tens\u00e3o (Volts) ou frequ\u00eancia\/PPS &#8211; pulsos por segundo (Hz)<br \/>&#8211; Software inclu\u00eddo: kick-booster<br \/>&#8211; Pedal: pressione ou bloqueie<br \/>&#8211; Conectores: Jack P10 Amphenol para m\u00e1quina e pedal \/ Jack P4 Whurt para fonte de alimenta\u00e7\u00e3o<br \/>&#8211; Fixa\u00e7\u00e3o: \u00edm\u00e3 de neod\u00edmio na base com borracha aderente<br \/>&#8211; Prote\u00e7\u00e3o: sobrecarga e curto-circuito<br \/>&#8211; Peso: 188 gramas<br \/>&#8211; Dimens\u00f5es: 80mm (di\u00e2metro) x 30mm (altura)<\/p>\n<p><strong>&#8212;&#8212;&#8212;&#8212;&#8212;&#8212;&#8212; Itens Inclusos &#8212;&#8212;&#8212;&#8212;&#8212;&#8212;&#8211;<\/strong><\/p>\n<p>&#8211; 01 m\u00e1quina Nano Pen<br \/>&#8211; 01 cabo com plug magn\u00e9tico<br \/>&#8211; 01 fonte PS Round SLIM<br \/>&#8211; 01 base magn\u00e9tica adesiva para fixa\u00e7\u00e3o na bancada<br \/>&#8211; 01 adaptador AC\/DC 19V e 4.32A AC<br \/>&#8211; Manual de instru\u00e7\u00f5es<br \/>&#8211; Termo de garantia do produto<\/p>\n<p><strong>Garantia do produto:<\/strong><\/p>\n<p>O per\u00edodo de garantia oferecido pela Electric Ink segue os regulamentos europeus atuais. A garantia da Electric Ink para defeitos de fabrica\u00e7\u00e3o come\u00e7a a partir da compra do produto pelo consumidor, verificada na nota fiscal de compra do respectivo item.<\/p>\n<p>IMPORTANTE: ELECTRIC INK N\u00c3O SE RESPONSABILIZA PELA N\u00c3O PADRONIZA\u00c7\u00c3O E QUALIDADE DOS CARTUCHOS GEN\u00c9RICOS\/UNIVERSAIS.<\/p>\n<p><strong>Assist\u00eancia t\u00e9cnica:<\/strong> contato por e-mail atrav\u00e9s de info@electric.local<\/p>\n","protected":false},"excerpt":{"rendered":"<p><strong>Kit completo micropigmenta\u00e7\u00e3o\u00a0 NANO PEN Electric Ink<\/strong><\/p>\n<p>Recomendado para a realiza\u00e7\u00e3o de procedimentos de micropigmenta\u00e7\u00e3o\/maquiagem permanente, indicado para aplica\u00e7\u00f5es de sobrancelhas, l\u00e1bios e olhos, bem como para procedimentos de micropigmenta\u00e7\u00e3o capilar, camuflagem e para desenho de ar\u00e9olas e mamilos.<\/p>\n<p>O kit NANO PEN completo inclui o derm\u00f3grafo, fonte e cabo.<\/p>\n<p><strong>***Compat\u00edvel apenas com cartuchos universais.<\/strong><\/p>\n","protected":false},"featured_media":3289,"comment_status":"closed","ping_status":"closed","template":"","meta":{"_acf_changed":false,"_et_pb_use_builder":"","_et_pb_old_content":"","_et_gb_content_width":"","inline_featured_image":false},"product_brand":[],"product_cat":[731,735],"product_tag":[],"class_list":{"0":"post-37333","1":"product","2":"type-product","3":"status-publish","4":"has-post-thumbnail","6":"product_cat-micropigmentacao","7":"product_cat-dermografos-pt","9":"first","10":"instock","11":"taxable","12":"shipping-taxable","13":"purchasable","14":"product-type-simple"},"acf":[],"yoast_head":"<!-- This site is optimized with the Yoast SEO plugin v27.4 - https:\/\/yoast.com\/product\/yoast-seo-wordpress\/ -->\n<title>Kit Derm\u00f3grafo Nano Pen - Rose Gold - Electric Ink\u00ae<\/title>\n<meta name=\"robots\" content=\"index, follow, max-snippet:-1, max-image-preview:large, max-video-preview:-1\" \/>\n<link rel=\"canonical\" href=\"https:\/\/electricink.eu\/pt-pt\/producto\/kit-dermografo-nano-pen-rose-gold\/\" \/>\n<meta property=\"og:locale\" content=\"pt_PT\" \/>\n<meta property=\"og:type\" content=\"article\" \/>\n<meta property=\"og:title\" content=\"Kit Derm\u00f3grafo Nano Pen - Rose Gold - Electric Ink\u00ae\" \/>\n<meta property=\"og:description\" content=\"Kit completo micropigmenta\u00e7\u00e3o\u00a0 NANO PEN Electric Ink Recomendado para a realiza\u00e7\u00e3o de procedimentos de micropigmenta\u00e7\u00e3o\/maquiagem permanente, indicado para aplica\u00e7\u00f5es de sobrancelhas, l\u00e1bios e olhos, bem como para procedimentos de micropigmenta\u00e7\u00e3o capilar, camuflagem e para desenho de ar\u00e9olas e mamilos. O kit NANO PEN completo inclui o derm\u00f3grafo, fonte e cabo. ***Compat\u00edvel apenas com cartuchos universais.\" \/>\n<meta property=\"og:url\" content=\"https:\/\/electricink.eu\/pt-pt\/producto\/kit-dermografo-nano-pen-rose-gold\/\" \/>\n<meta property=\"og:site_name\" content=\"Electric Ink\u00ae\" \/>\n<meta property=\"og:image\" content=\"https:\/\/electricink.eu\/wp-content\/uploads\/2023\/10\/Dermografo-Nano-Pen-2-Slim-Rose-Gold.jpg\" \/>\n\t<meta property=\"og:image:width\" content=\"570\" \/>\n\t<meta property=\"og:image:height\" content=\"509\" \/>\n\t<meta property=\"og:image:type\" content=\"image\/jpeg\" \/>\n<meta name=\"twitter:card\" content=\"summary_large_image\" \/>\n<meta name=\"twitter:label1\" content=\"Tempo estimado de leitura\" \/>\n\t<meta name=\"twitter:data1\" content=\"2 minutos\" \/>\n<script type=\"application\/ld+json\" class=\"yoast-schema-graph\">{\"@context\":\"https:\\\/\\\/schema.org\",\"@graph\":[{\"@type\":\"WebPage\",\"@id\":\"https:\\\/\\\/electricink.eu\\\/pt-pt\\\/producto\\\/kit-dermografo-nano-pen-rose-gold\\\/\",\"url\":\"https:\\\/\\\/electricink.eu\\\/pt-pt\\\/producto\\\/kit-dermografo-nano-pen-rose-gold\\\/\",\"name\":\"Kit Derm\u00f3grafo Nano Pen - Rose Gold - Electric Ink\u00ae\",\"isPartOf\":{\"@id\":\"https:\\\/\\\/electricink.eu\\\/#website\"},\"primaryImageOfPage\":{\"@id\":\"https:\\\/\\\/electricink.eu\\\/pt-pt\\\/producto\\\/kit-dermografo-nano-pen-rose-gold\\\/#primaryimage\"},\"image\":{\"@id\":\"https:\\\/\\\/electricink.eu\\\/pt-pt\\\/producto\\\/kit-dermografo-nano-pen-rose-gold\\\/#primaryimage\"},\"thumbnailUrl\":\"https:\\\/\\\/electricink.eu\\\/wp-content\\\/uploads\\\/2023\\\/10\\\/Dermografo-Nano-Pen-2-Slim-Rose-Gold.jpg\",\"datePublished\":\"2023-12-14T00:18:17+00:00\",\"breadcrumb\":{\"@id\":\"https:\\\/\\\/electricink.eu\\\/pt-pt\\\/producto\\\/kit-dermografo-nano-pen-rose-gold\\\/#breadcrumb\"},\"inLanguage\":\"pt-PT\",\"potentialAction\":[{\"@type\":\"ReadAction\",\"target\":[\"https:\\\/\\\/electricink.eu\\\/pt-pt\\\/producto\\\/kit-dermografo-nano-pen-rose-gold\\\/\"]}]},{\"@type\":\"ImageObject\",\"inLanguage\":\"pt-PT\",\"@id\":\"https:\\\/\\\/electricink.eu\\\/pt-pt\\\/producto\\\/kit-dermografo-nano-pen-rose-gold\\\/#primaryimage\",\"url\":\"https:\\\/\\\/electricink.eu\\\/wp-content\\\/uploads\\\/2023\\\/10\\\/Dermografo-Nano-Pen-2-Slim-Rose-Gold.jpg\",\"contentUrl\":\"https:\\\/\\\/electricink.eu\\\/wp-content\\\/uploads\\\/2023\\\/10\\\/Dermografo-Nano-Pen-2-Slim-Rose-Gold.jpg\",\"width\":570,\"height\":509},{\"@type\":\"BreadcrumbList\",\"@id\":\"https:\\\/\\\/electricink.eu\\\/pt-pt\\\/producto\\\/kit-dermografo-nano-pen-rose-gold\\\/#breadcrumb\",\"itemListElement\":[{\"@type\":\"ListItem\",\"position\":1,\"name\":\"Portada\",\"item\":\"https:\\\/\\\/electricink.eu\\\/pt-pt\\\/home\\\/\"},{\"@type\":\"ListItem\",\"position\":2,\"name\":\"Tienda\",\"item\":\"https:\\\/\\\/electricink.eu\\\/tienda\\\/\"},{\"@type\":\"ListItem\",\"position\":3,\"name\":\"Kit Derm\u00f3grafo Nano Pen &#8211; Rose Gold\"}]},{\"@type\":\"WebSite\",\"@id\":\"https:\\\/\\\/electricink.eu\\\/#website\",\"url\":\"https:\\\/\\\/electricink.eu\\\/\",\"name\":\"Electric Ink\u00ae\",\"description\":\"Material para Tatuar Profesional en Europa - Electric Ink\u00ae\",\"potentialAction\":[{\"@type\":\"SearchAction\",\"target\":{\"@type\":\"EntryPoint\",\"urlTemplate\":\"https:\\\/\\\/electricink.eu\\\/?s={search_term_string}\"},\"query-input\":{\"@type\":\"PropertyValueSpecification\",\"valueRequired\":true,\"valueName\":\"search_term_string\"}}],\"inLanguage\":\"pt-PT\"}]}<\/script>\n<!-- \/ Yoast SEO plugin. -->","yoast_head_json":{"title":"Kit Derm\u00f3grafo Nano Pen - Rose Gold - Electric Ink\u00ae","robots":{"index":"index","follow":"follow","max-snippet":"max-snippet:-1","max-image-preview":"max-image-preview:large","max-video-preview":"max-video-preview:-1"},"canonical":"https:\/\/electricink.eu\/pt-pt\/producto\/kit-dermografo-nano-pen-rose-gold\/","og_locale":"pt_PT","og_type":"article","og_title":"Kit Derm\u00f3grafo Nano Pen - Rose Gold - Electric Ink\u00ae","og_description":"Kit completo micropigmenta\u00e7\u00e3o\u00a0 NANO PEN Electric Ink Recomendado para a realiza\u00e7\u00e3o de procedimentos de micropigmenta\u00e7\u00e3o\/maquiagem permanente, indicado para aplica\u00e7\u00f5es de sobrancelhas, l\u00e1bios e olhos, bem como para procedimentos de micropigmenta\u00e7\u00e3o capilar, camuflagem e para desenho de ar\u00e9olas e mamilos. O kit NANO PEN completo inclui o derm\u00f3grafo, fonte e cabo. ***Compat\u00edvel apenas com cartuchos universais.","og_url":"https:\/\/electricink.eu\/pt-pt\/producto\/kit-dermografo-nano-pen-rose-gold\/","og_site_name":"Electric Ink\u00ae","og_image":[{"width":570,"height":509,"url":"https:\/\/electricink.eu\/wp-content\/uploads\/2023\/10\/Dermografo-Nano-Pen-2-Slim-Rose-Gold.jpg","type":"image\/jpeg"}],"twitter_card":"summary_large_image","twitter_misc":{"Tempo estimado de leitura":"2 minutos"},"schema":{"@context":"https:\/\/schema.org","@graph":[{"@type":"WebPage","@id":"https:\/\/electricink.eu\/pt-pt\/producto\/kit-dermografo-nano-pen-rose-gold\/","url":"https:\/\/electricink.eu\/pt-pt\/producto\/kit-dermografo-nano-pen-rose-gold\/","name":"Kit Derm\u00f3grafo Nano Pen - Rose Gold - Electric Ink\u00ae","isPartOf":{"@id":"https:\/\/electricink.eu\/#website"},"primaryImageOfPage":{"@id":"https:\/\/electricink.eu\/pt-pt\/producto\/kit-dermografo-nano-pen-rose-gold\/#primaryimage"},"image":{"@id":"https:\/\/electricink.eu\/pt-pt\/producto\/kit-dermografo-nano-pen-rose-gold\/#primaryimage"},"thumbnailUrl":"https:\/\/electricink.eu\/wp-content\/uploads\/2023\/10\/Dermografo-Nano-Pen-2-Slim-Rose-Gold.jpg","datePublished":"2023-12-14T00:18:17+00:00","breadcrumb":{"@id":"https:\/\/electricink.eu\/pt-pt\/producto\/kit-dermografo-nano-pen-rose-gold\/#breadcrumb"},"inLanguage":"pt-PT","potentialAction":[{"@type":"ReadAction","target":["https:\/\/electricink.eu\/pt-pt\/producto\/kit-dermografo-nano-pen-rose-gold\/"]}]},{"@type":"ImageObject","inLanguage":"pt-PT","@id":"https:\/\/electricink.eu\/pt-pt\/producto\/kit-dermografo-nano-pen-rose-gold\/#primaryimage","url":"https:\/\/electricink.eu\/wp-content\/uploads\/2023\/10\/Dermografo-Nano-Pen-2-Slim-Rose-Gold.jpg","contentUrl":"https:\/\/electricink.eu\/wp-content\/uploads\/2023\/10\/Dermografo-Nano-Pen-2-Slim-Rose-Gold.jpg","width":570,"height":509},{"@type":"BreadcrumbList","@id":"https:\/\/electricink.eu\/pt-pt\/producto\/kit-dermografo-nano-pen-rose-gold\/#breadcrumb","itemListElement":[{"@type":"ListItem","position":1,"name":"Portada","item":"https:\/\/electricink.eu\/pt-pt\/home\/"},{"@type":"ListItem","position":2,"name":"Tienda","item":"https:\/\/electricink.eu\/tienda\/"},{"@type":"ListItem","position":3,"name":"Kit Derm\u00f3grafo Nano Pen &#8211; Rose Gold"}]},{"@type":"WebSite","@id":"https:\/\/electricink.eu\/#website","url":"https:\/\/electricink.eu\/","name":"Electric Ink\u00ae","description":"Material para Tatuar Profesional en Europa - Electric Ink\u00ae","potentialAction":[{"@type":"SearchAction","target":{"@type":"EntryPoint","urlTemplate":"https:\/\/electricink.eu\/?s={search_term_string}"},"query-input":{"@type":"PropertyValueSpecification","valueRequired":true,"valueName":"search_term_string"}}],"inLanguage":"pt-PT"}]}},"_links":{"self":[{"href":"https:\/\/electricink.eu\/pt-pt\/wp-json\/wp\/v2\/product\/37333","targetHints":{"allow":["GET"]}}],"collection":[{"href":"https:\/\/electricink.eu\/pt-pt\/wp-json\/wp\/v2\/product"}],"about":[{"href":"https:\/\/electricink.eu\/pt-pt\/wp-json\/wp\/v2\/types\/product"}],"replies":[{"embeddable":true,"href":"https:\/\/electricink.eu\/pt-pt\/wp-json\/wp\/v2\/comments?post=37333"}],"wp:featuredmedia":[{"embeddable":true,"href":"https:\/\/electricink.eu\/pt-pt\/wp-json\/wp\/v2\/media\/3289"}],"wp:attachment":[{"href":"https:\/\/electricink.eu\/pt-pt\/wp-json\/wp\/v2\/media?parent=37333"}],"wp:term":[{"taxonomy":"product_brand","embeddable":true,"href":"https:\/\/electricink.eu\/pt-pt\/wp-json\/wp\/v2\/product_brand?post=37333"},{"taxonomy":"product_cat","embeddable":true,"href":"https:\/\/electricink.eu\/pt-pt\/wp-json\/wp\/v2\/product_cat?post=37333"},{"taxonomy":"product_tag","embeddable":true,"href":"https:\/\/electricink.eu\/pt-pt\/wp-json\/wp\/v2\/product_tag?post=37333"}],"curies":[{"name":"wp","href":"https:\/\/api.w.org\/{rel}","templated":true}]}}