{"id":37369,"date":"2023-12-14T01:17:36","date_gmt":"2023-12-14T00:17:36","guid":{"rendered":"https:\/\/electricink.eu\/producto\/tattoo-barrier-film-25ml\/"},"modified":"2025-11-04T15:26:22","modified_gmt":"2025-11-04T14:26:22","slug":"tattoo-barrier-film-25ml","status":"publish","type":"product","link":"https:\/\/electricink.eu\/pt-pt\/producto\/tattoo-barrier-film-25ml\/","title":{"rendered":"Tattoo Barrier Film &#8211; 25ml"},"content":{"rendered":"<p><strong>Tamanho:<\/strong> 25ml<\/p>\n<p><strong>Modelo:<\/strong> Barrier Film<\/p>\n<p><strong>Marca:<\/strong> Electric Ink<\/p>\n","protected":false},"excerpt":{"rendered":"<p>O <strong>Tattoo Barrier Film<\/strong> foi desenvolvido para ser usado na fase de cicatriza\u00e7\u00e3o.<\/p>\n<p>Atua como uma &#8220;segunda pele&#8221;, criando um filme transparente, respir\u00e1vel e flex\u00edvel, protegendo a pele sensibilizada p\u00f3s-tatuagem de poss\u00edveis agentes externos que possam prejudicar o processo de cicatriza\u00e7\u00e3o.<br \/>O tatuador orientar\u00e1 seus clientes sobre o uso, que normalmente \u00e9 feito quando o fluido corporal expelido pela tatuagem come\u00e7a a secar.<br \/>Antes de usar, \u00e9 importante limpar muito bem a pele com os demais produtos das linhas Electric Ink.<\/p>\n<p><strong>Modo de Uso:<\/strong> Com a pele seca, ap\u00f3s a limpeza com o <strong>After All<\/strong>, aplique o <strong>Barrier Film<\/strong> e espere secar completamente. Para remover use \u00e1gua morna corrente.<\/p>\n","protected":false},"featured_media":3136,"comment_status":"closed","ping_status":"closed","template":"","meta":{"_acf_changed":false,"_et_pb_use_builder":"","_et_pb_old_content":"","_et_gb_content_width":"","inline_featured_image":false},"product_brand":[],"product_cat":[728,957,730,745],"product_tag":[],"class_list":{"0":"post-37369","1":"product","2":"type-product","3":"status-publish","4":"has-post-thumbnail","6":"product_cat-cosmeticos-pt-pt","7":"product_cat-para-os-artistas-nomades","8":"product_cat-cosmetico-cattoo","9":"product_cat-tattoo","11":"first","12":"outofstock","13":"taxable","14":"shipping-taxable","15":"purchasable","16":"product-type-simple"},"acf":[],"yoast_head":"<!-- This site is optimized with the Yoast SEO plugin v27.5 - https:\/\/yoast.com\/product\/yoast-seo-wordpress\/ -->\n<title>Tattoo Barrier Film - 25ml - Electric Ink\u00ae<\/title>\n<meta name=\"description\" content=\"Gel que se transforma numa fina pel\u00edcula transparente, respir\u00e1vel e flex\u00edvel. Atua como uma \u201csegunda pele\u201d, protegendo a sens\u00edvel \u00e1rea rec\u00e9m-tatuada.\" \/>\n<meta name=\"robots\" content=\"index, follow, max-snippet:-1, max-image-preview:large, max-video-preview:-1\" \/>\n<link rel=\"canonical\" href=\"https:\/\/electricink.eu\/pt-pt\/producto\/tattoo-barrier-film-25ml\/\" \/>\n<meta property=\"og:locale\" content=\"pt_PT\" \/>\n<meta property=\"og:type\" content=\"article\" \/>\n<meta property=\"og:title\" content=\"Tattoo Barrier Film - 25ml - Electric Ink\u00ae\" \/>\n<meta property=\"og:description\" content=\"Gel que se transforma numa fina pel\u00edcula transparente, respir\u00e1vel e flex\u00edvel. Atua como uma \u201csegunda pele\u201d, protegendo a sens\u00edvel \u00e1rea rec\u00e9m-tatuada.\" \/>\n<meta property=\"og:url\" content=\"https:\/\/electricink.eu\/pt-pt\/producto\/tattoo-barrier-film-25ml\/\" \/>\n<meta property=\"og:site_name\" content=\"Electric Ink\u00ae\" \/>\n<meta property=\"article:modified_time\" content=\"2025-11-04T14:26:22+00:00\" \/>\n<meta property=\"og:image\" content=\"https:\/\/electricink.eu\/wp-content\/uploads\/2023\/10\/BarrierFilm25g.jpg\" \/>\n\t<meta property=\"og:image:width\" content=\"500\" \/>\n\t<meta property=\"og:image:height\" content=\"500\" \/>\n\t<meta property=\"og:image:type\" content=\"image\/jpeg\" \/>\n<meta name=\"twitter:card\" content=\"summary_large_image\" \/>\n<script type=\"application\/ld+json\" class=\"yoast-schema-graph\">{\"@context\":\"https:\\\/\\\/schema.org\",\"@graph\":[{\"@type\":\"WebPage\",\"@id\":\"https:\\\/\\\/electricink.eu\\\/pt-pt\\\/producto\\\/tattoo-barrier-film-25ml\\\/\",\"url\":\"https:\\\/\\\/electricink.eu\\\/pt-pt\\\/producto\\\/tattoo-barrier-film-25ml\\\/\",\"name\":\"Tattoo Barrier Film - 25ml - Electric Ink\u00ae\",\"isPartOf\":{\"@id\":\"https:\\\/\\\/electricink.eu\\\/#website\"},\"primaryImageOfPage\":{\"@id\":\"https:\\\/\\\/electricink.eu\\\/pt-pt\\\/producto\\\/tattoo-barrier-film-25ml\\\/#primaryimage\"},\"image\":{\"@id\":\"https:\\\/\\\/electricink.eu\\\/pt-pt\\\/producto\\\/tattoo-barrier-film-25ml\\\/#primaryimage\"},\"thumbnailUrl\":\"https:\\\/\\\/electricink.eu\\\/wp-content\\\/uploads\\\/2023\\\/10\\\/BarrierFilm25g.jpg\",\"datePublished\":\"2023-12-14T00:17:36+00:00\",\"dateModified\":\"2025-11-04T14:26:22+00:00\",\"description\":\"Gel que se transforma numa fina pel\u00edcula transparente, respir\u00e1vel e flex\u00edvel. Atua como uma \u201csegunda pele\u201d, protegendo a sens\u00edvel \u00e1rea rec\u00e9m-tatuada.\",\"breadcrumb\":{\"@id\":\"https:\\\/\\\/electricink.eu\\\/pt-pt\\\/producto\\\/tattoo-barrier-film-25ml\\\/#breadcrumb\"},\"inLanguage\":\"pt-PT\",\"potentialAction\":[{\"@type\":\"ReadAction\",\"target\":[\"https:\\\/\\\/electricink.eu\\\/pt-pt\\\/producto\\\/tattoo-barrier-film-25ml\\\/\"]}]},{\"@type\":\"ImageObject\",\"inLanguage\":\"pt-PT\",\"@id\":\"https:\\\/\\\/electricink.eu\\\/pt-pt\\\/producto\\\/tattoo-barrier-film-25ml\\\/#primaryimage\",\"url\":\"https:\\\/\\\/electricink.eu\\\/wp-content\\\/uploads\\\/2023\\\/10\\\/BarrierFilm25g.jpg\",\"contentUrl\":\"https:\\\/\\\/electricink.eu\\\/wp-content\\\/uploads\\\/2023\\\/10\\\/BarrierFilm25g.jpg\",\"width\":500,\"height\":500},{\"@type\":\"BreadcrumbList\",\"@id\":\"https:\\\/\\\/electricink.eu\\\/pt-pt\\\/producto\\\/tattoo-barrier-film-25ml\\\/#breadcrumb\",\"itemListElement\":[{\"@type\":\"ListItem\",\"position\":1,\"name\":\"Portada\",\"item\":\"https:\\\/\\\/electricink.eu\\\/pt-pt\\\/home\\\/\"},{\"@type\":\"ListItem\",\"position\":2,\"name\":\"Tienda\",\"item\":\"https:\\\/\\\/electricink.eu\\\/tienda\\\/\"},{\"@type\":\"ListItem\",\"position\":3,\"name\":\"Tattoo Barrier Film &#8211; 25ml\"}]},{\"@type\":\"WebSite\",\"@id\":\"https:\\\/\\\/electricink.eu\\\/#website\",\"url\":\"https:\\\/\\\/electricink.eu\\\/\",\"name\":\"Electric Ink\u00ae\",\"description\":\"Material para Tatuar Profesional en Europa - Electric Ink\u00ae\",\"potentialAction\":[{\"@type\":\"SearchAction\",\"target\":{\"@type\":\"EntryPoint\",\"urlTemplate\":\"https:\\\/\\\/electricink.eu\\\/?s={search_term_string}\"},\"query-input\":{\"@type\":\"PropertyValueSpecification\",\"valueRequired\":true,\"valueName\":\"search_term_string\"}}],\"inLanguage\":\"pt-PT\"}]}<\/script>\n<!-- \/ Yoast SEO plugin. -->","yoast_head_json":{"title":"Tattoo Barrier Film - 25ml - Electric Ink\u00ae","description":"Gel que se transforma numa fina pel\u00edcula transparente, respir\u00e1vel e flex\u00edvel. Atua como uma \u201csegunda pele\u201d, protegendo a sens\u00edvel \u00e1rea rec\u00e9m-tatuada.","robots":{"index":"index","follow":"follow","max-snippet":"max-snippet:-1","max-image-preview":"max-image-preview:large","max-video-preview":"max-video-preview:-1"},"canonical":"https:\/\/electricink.eu\/pt-pt\/producto\/tattoo-barrier-film-25ml\/","og_locale":"pt_PT","og_type":"article","og_title":"Tattoo Barrier Film - 25ml - Electric Ink\u00ae","og_description":"Gel que se transforma numa fina pel\u00edcula transparente, respir\u00e1vel e flex\u00edvel. Atua como uma \u201csegunda pele\u201d, protegendo a sens\u00edvel \u00e1rea rec\u00e9m-tatuada.","og_url":"https:\/\/electricink.eu\/pt-pt\/producto\/tattoo-barrier-film-25ml\/","og_site_name":"Electric Ink\u00ae","article_modified_time":"2025-11-04T14:26:22+00:00","og_image":[{"width":500,"height":500,"url":"https:\/\/electricink.eu\/wp-content\/uploads\/2023\/10\/BarrierFilm25g.jpg","type":"image\/jpeg"}],"twitter_card":"summary_large_image","schema":{"@context":"https:\/\/schema.org","@graph":[{"@type":"WebPage","@id":"https:\/\/electricink.eu\/pt-pt\/producto\/tattoo-barrier-film-25ml\/","url":"https:\/\/electricink.eu\/pt-pt\/producto\/tattoo-barrier-film-25ml\/","name":"Tattoo Barrier Film - 25ml - Electric Ink\u00ae","isPartOf":{"@id":"https:\/\/electricink.eu\/#website"},"primaryImageOfPage":{"@id":"https:\/\/electricink.eu\/pt-pt\/producto\/tattoo-barrier-film-25ml\/#primaryimage"},"image":{"@id":"https:\/\/electricink.eu\/pt-pt\/producto\/tattoo-barrier-film-25ml\/#primaryimage"},"thumbnailUrl":"https:\/\/electricink.eu\/wp-content\/uploads\/2023\/10\/BarrierFilm25g.jpg","datePublished":"2023-12-14T00:17:36+00:00","dateModified":"2025-11-04T14:26:22+00:00","description":"Gel que se transforma numa fina pel\u00edcula transparente, respir\u00e1vel e flex\u00edvel. Atua como uma \u201csegunda pele\u201d, protegendo a sens\u00edvel \u00e1rea rec\u00e9m-tatuada.","breadcrumb":{"@id":"https:\/\/electricink.eu\/pt-pt\/producto\/tattoo-barrier-film-25ml\/#breadcrumb"},"inLanguage":"pt-PT","potentialAction":[{"@type":"ReadAction","target":["https:\/\/electricink.eu\/pt-pt\/producto\/tattoo-barrier-film-25ml\/"]}]},{"@type":"ImageObject","inLanguage":"pt-PT","@id":"https:\/\/electricink.eu\/pt-pt\/producto\/tattoo-barrier-film-25ml\/#primaryimage","url":"https:\/\/electricink.eu\/wp-content\/uploads\/2023\/10\/BarrierFilm25g.jpg","contentUrl":"https:\/\/electricink.eu\/wp-content\/uploads\/2023\/10\/BarrierFilm25g.jpg","width":500,"height":500},{"@type":"BreadcrumbList","@id":"https:\/\/electricink.eu\/pt-pt\/producto\/tattoo-barrier-film-25ml\/#breadcrumb","itemListElement":[{"@type":"ListItem","position":1,"name":"Portada","item":"https:\/\/electricink.eu\/pt-pt\/home\/"},{"@type":"ListItem","position":2,"name":"Tienda","item":"https:\/\/electricink.eu\/tienda\/"},{"@type":"ListItem","position":3,"name":"Tattoo Barrier Film &#8211; 25ml"}]},{"@type":"WebSite","@id":"https:\/\/electricink.eu\/#website","url":"https:\/\/electricink.eu\/","name":"Electric Ink\u00ae","description":"Material para Tatuar Profesional en Europa - Electric Ink\u00ae","potentialAction":[{"@type":"SearchAction","target":{"@type":"EntryPoint","urlTemplate":"https:\/\/electricink.eu\/?s={search_term_string}"},"query-input":{"@type":"PropertyValueSpecification","valueRequired":true,"valueName":"search_term_string"}}],"inLanguage":"pt-PT"}]}},"_links":{"self":[{"href":"https:\/\/electricink.eu\/pt-pt\/wp-json\/wp\/v2\/product\/37369","targetHints":{"allow":["GET"]}}],"collection":[{"href":"https:\/\/electricink.eu\/pt-pt\/wp-json\/wp\/v2\/product"}],"about":[{"href":"https:\/\/electricink.eu\/pt-pt\/wp-json\/wp\/v2\/types\/product"}],"replies":[{"embeddable":true,"href":"https:\/\/electricink.eu\/pt-pt\/wp-json\/wp\/v2\/comments?post=37369"}],"wp:featuredmedia":[{"embeddable":true,"href":"https:\/\/electricink.eu\/pt-pt\/wp-json\/wp\/v2\/media\/3136"}],"wp:attachment":[{"href":"https:\/\/electricink.eu\/pt-pt\/wp-json\/wp\/v2\/media?parent=37369"}],"wp:term":[{"taxonomy":"product_brand","embeddable":true,"href":"https:\/\/electricink.eu\/pt-pt\/wp-json\/wp\/v2\/product_brand?post=37369"},{"taxonomy":"product_cat","embeddable":true,"href":"https:\/\/electricink.eu\/pt-pt\/wp-json\/wp\/v2\/product_cat?post=37369"},{"taxonomy":"product_tag","embeddable":true,"href":"https:\/\/electricink.eu\/pt-pt\/wp-json\/wp\/v2\/product_tag?post=37369"}],"curies":[{"name":"wp","href":"https:\/\/api.w.org\/{rel}","templated":true}]}}