{"id":37473,"date":"2023-12-14T01:16:22","date_gmt":"2023-12-14T00:16:22","guid":{"rendered":"https:\/\/electricink.eu\/producto\/tebori-descartavel-11-flex-curved-copia-copia-2\/"},"modified":"2023-12-14T01:16:22","modified_gmt":"2023-12-14T00:16:22","slug":"tebori-descartavel-11-flex-curved-copia-copia-2","status":"publish","type":"product","link":"https:\/\/electricink.eu\/pt-pt\/producto\/tebori-descartavel-11-flex-curved-copia-copia-2\/","title":{"rendered":"Tebori descart\u00e1vel 11 flex curved (copia) (copia)"},"content":{"rendered":"<p>Cole\u00e7\u00e3o: Flex Curved \u2013 7, 9, 11, 12 \u2013 0.22mm<\/p>\n<p>Produto esterilizado com \u00f3xido de etileno e embalado com papel cir\u00fargico, aprovado ap\u00f3s rigoroso processo de controle de qualidade, com an\u00e1lise individual das agulhas. Garante m\u00e1xima higiene e seguran\u00e7a ao profissional e ao cliente no procedimento de microblading (maquiagem definitiva).<\/p>\n<p>CONT\u00c9M: 01 aplicador Tebori descart\u00e1vel com agulha.<\/p>\n<p>INDICA\u00c7\u00d5ES: O Tebori (aplicador indutor) \u00e9 composto por um suporte (aplicador) e uma agulha, aderida ao mesmo. Fabricado exclusivamente para o procedimento de maquiagem definitiva (micropigmenta\u00e7\u00e3o) ou para um procedimento est\u00e9tico corretivo.<\/p>\n<p>PRONTO PARA USO: Execute o procedimento corretivo cosm\u00e9tico ou de micropigmenta\u00e7\u00e3o e descarte o aplicador e as agulhas ap\u00f3s o uso. <strong>Dispositivo de uso \u00fanico. Reutiliza\u00e7\u00e3o proibida.<\/strong><\/p>\n<p>PRECAU\u00c7\u00d5ES:<\/p>\n<p>N\u00c3O USE SE A EMBALAGEM ESTIVER VIOLADA OU DANIFICADA. PRODUTO EST\u00c9RIL.<\/p>\n<ul>\n<li>Ap\u00f3s o uso, descarte o aplicador em um recipiente do grupo 3, espec\u00edfico para materiais contaminantes.<\/li>\n<li>Armazene em local fresco e seco, protegido da umidade e da luz solar direta.<\/li>\n<li>Sempre manuseie este produto com luvas de procedimento.<\/li>\n<\/ul>\n","protected":false},"excerpt":{"rendered":"<p>Em Microblading os teboris CURVED, \u201ccurvo\u201d, \u00e9 um tebori que oferece a flexibilidade do FLEX mas com agulhas num \u00e2ngulo mais acentuado, permitindo maior amplitude de movimentos nas curvas.<br \/>Recomendado para ser usado em conjunto com outras agulhas.<br \/>O Tebori descart\u00e1vel foi criado para ser um aparelho \u00e0 prova de contamina\u00e7\u00e3o. Seu corpo ultraleve e 100% descart\u00e1vel evita qualquer tipo de transporte de res\u00edduos biol\u00f3gicos de um cliente para outro.<\/p>\n<p>Electric Ink, \u00fanica empresa no mercado que verifica e fiscaliza 100% das unidades produzidas, oferece aos profissionais uma grande variedade de tipos de agulhas de alta qualidade, com selo de certifica\u00e7\u00e3o do processo de esteriliza\u00e7\u00e3o.<\/p>\n","protected":false},"featured_media":745,"comment_status":"closed","ping_status":"closed","template":"","meta":{"_acf_changed":false,"_et_pb_use_builder":"","_et_pb_old_content":"","_et_gb_content_width":"","inline_featured_image":false},"product_brand":[],"product_cat":[731,739,741],"product_tag":[],"class_list":{"0":"post-37473","1":"product","2":"type-product","3":"status-publish","4":"has-post-thumbnail","6":"product_cat-micropigmentacao","7":"product_cat-teboris-pt","8":"product_cat-teboris-descartaveis-pt-pt","10":"first","11":"outofstock","12":"taxable","13":"shipping-taxable","14":"purchasable","15":"product-type-simple"},"acf":[],"yoast_head":"<!-- This site is optimized with the Yoast SEO plugin v27.4 - https:\/\/yoast.com\/product\/yoast-seo-wordpress\/ -->\n<title>Tebori descart\u00e1vel 11 flex curved (copia) (copia) - Electric Ink\u00ae<\/title>\n<meta name=\"robots\" content=\"index, follow, max-snippet:-1, max-image-preview:large, max-video-preview:-1\" \/>\n<link rel=\"canonical\" href=\"https:\/\/electricink.eu\/pt-pt\/producto\/tebori-descartavel-11-flex-curved-copia-copia-2\/\" \/>\n<meta property=\"og:locale\" content=\"pt_PT\" \/>\n<meta property=\"og:type\" content=\"article\" \/>\n<meta property=\"og:title\" content=\"Tebori descart\u00e1vel 11 flex curved (copia) (copia) - Electric Ink\u00ae\" \/>\n<meta property=\"og:description\" content=\"Em Microblading os teboris CURVED, \u201ccurvo\u201d, \u00e9 um tebori que oferece a flexibilidade do FLEX mas com agulhas num \u00e2ngulo mais acentuado, permitindo maior amplitude de movimentos nas curvas.Recomendado para ser usado em conjunto com outras agulhas.O Tebori descart\u00e1vel foi criado para ser um aparelho \u00e0 prova de contamina\u00e7\u00e3o. Seu corpo ultraleve e 100% descart\u00e1vel evita qualquer tipo de transporte de res\u00edduos biol\u00f3gicos de um cliente para outro. Electric Ink, \u00fanica empresa no mercado que verifica e fiscaliza 100% das unidades produzidas, oferece aos profissionais uma grande variedade de tipos de agulhas de alta qualidade, com selo de certifica\u00e7\u00e3o do processo de esteriliza\u00e7\u00e3o.\" \/>\n<meta property=\"og:url\" content=\"https:\/\/electricink.eu\/pt-pt\/producto\/tebori-descartavel-11-flex-curved-copia-copia-2\/\" \/>\n<meta property=\"og:site_name\" content=\"Electric Ink\u00ae\" \/>\n<meta property=\"og:image\" content=\"https:\/\/electricink.eu\/wp-content\/uploads\/2023\/10\/12_flex_long.jpg\" \/>\n\t<meta property=\"og:image:width\" content=\"500\" \/>\n\t<meta property=\"og:image:height\" content=\"500\" \/>\n\t<meta property=\"og:image:type\" content=\"image\/jpeg\" \/>\n<meta name=\"twitter:card\" content=\"summary_large_image\" \/>\n<meta name=\"twitter:label1\" content=\"Tempo estimado de leitura\" \/>\n\t<meta name=\"twitter:data1\" content=\"1 minuto\" \/>\n<script type=\"application\/ld+json\" class=\"yoast-schema-graph\">{\"@context\":\"https:\\\/\\\/schema.org\",\"@graph\":[{\"@type\":\"WebPage\",\"@id\":\"https:\\\/\\\/electricink.eu\\\/pt-pt\\\/producto\\\/tebori-descartavel-11-flex-curved-copia-copia-2\\\/\",\"url\":\"https:\\\/\\\/electricink.eu\\\/pt-pt\\\/producto\\\/tebori-descartavel-11-flex-curved-copia-copia-2\\\/\",\"name\":\"Tebori descart\u00e1vel 11 flex curved (copia) (copia) - Electric Ink\u00ae\",\"isPartOf\":{\"@id\":\"https:\\\/\\\/electricink.eu\\\/#website\"},\"primaryImageOfPage\":{\"@id\":\"https:\\\/\\\/electricink.eu\\\/pt-pt\\\/producto\\\/tebori-descartavel-11-flex-curved-copia-copia-2\\\/#primaryimage\"},\"image\":{\"@id\":\"https:\\\/\\\/electricink.eu\\\/pt-pt\\\/producto\\\/tebori-descartavel-11-flex-curved-copia-copia-2\\\/#primaryimage\"},\"thumbnailUrl\":\"https:\\\/\\\/electricink.eu\\\/wp-content\\\/uploads\\\/2023\\\/10\\\/12_flex_long.jpg\",\"datePublished\":\"2023-12-14T00:16:22+00:00\",\"breadcrumb\":{\"@id\":\"https:\\\/\\\/electricink.eu\\\/pt-pt\\\/producto\\\/tebori-descartavel-11-flex-curved-copia-copia-2\\\/#breadcrumb\"},\"inLanguage\":\"pt-PT\",\"potentialAction\":[{\"@type\":\"ReadAction\",\"target\":[\"https:\\\/\\\/electricink.eu\\\/pt-pt\\\/producto\\\/tebori-descartavel-11-flex-curved-copia-copia-2\\\/\"]}]},{\"@type\":\"ImageObject\",\"inLanguage\":\"pt-PT\",\"@id\":\"https:\\\/\\\/electricink.eu\\\/pt-pt\\\/producto\\\/tebori-descartavel-11-flex-curved-copia-copia-2\\\/#primaryimage\",\"url\":\"https:\\\/\\\/electricink.eu\\\/wp-content\\\/uploads\\\/2023\\\/10\\\/12_flex_long.jpg\",\"contentUrl\":\"https:\\\/\\\/electricink.eu\\\/wp-content\\\/uploads\\\/2023\\\/10\\\/12_flex_long.jpg\",\"width\":500,\"height\":500},{\"@type\":\"BreadcrumbList\",\"@id\":\"https:\\\/\\\/electricink.eu\\\/pt-pt\\\/producto\\\/tebori-descartavel-11-flex-curved-copia-copia-2\\\/#breadcrumb\",\"itemListElement\":[{\"@type\":\"ListItem\",\"position\":1,\"name\":\"Portada\",\"item\":\"https:\\\/\\\/electricink.eu\\\/pt-pt\\\/home\\\/\"},{\"@type\":\"ListItem\",\"position\":2,\"name\":\"Tienda\",\"item\":\"https:\\\/\\\/electricink.eu\\\/tienda\\\/\"},{\"@type\":\"ListItem\",\"position\":3,\"name\":\"Tebori descart\u00e1vel 11 flex curved (copia) (copia)\"}]},{\"@type\":\"WebSite\",\"@id\":\"https:\\\/\\\/electricink.eu\\\/#website\",\"url\":\"https:\\\/\\\/electricink.eu\\\/\",\"name\":\"Electric Ink\u00ae\",\"description\":\"Material para Tatuar Profesional en Europa - Electric Ink\u00ae\",\"potentialAction\":[{\"@type\":\"SearchAction\",\"target\":{\"@type\":\"EntryPoint\",\"urlTemplate\":\"https:\\\/\\\/electricink.eu\\\/?s={search_term_string}\"},\"query-input\":{\"@type\":\"PropertyValueSpecification\",\"valueRequired\":true,\"valueName\":\"search_term_string\"}}],\"inLanguage\":\"pt-PT\"}]}<\/script>\n<!-- \/ Yoast SEO plugin. -->","yoast_head_json":{"title":"Tebori descart\u00e1vel 11 flex curved (copia) (copia) - Electric Ink\u00ae","robots":{"index":"index","follow":"follow","max-snippet":"max-snippet:-1","max-image-preview":"max-image-preview:large","max-video-preview":"max-video-preview:-1"},"canonical":"https:\/\/electricink.eu\/pt-pt\/producto\/tebori-descartavel-11-flex-curved-copia-copia-2\/","og_locale":"pt_PT","og_type":"article","og_title":"Tebori descart\u00e1vel 11 flex curved (copia) (copia) - Electric Ink\u00ae","og_description":"Em Microblading os teboris CURVED, \u201ccurvo\u201d, \u00e9 um tebori que oferece a flexibilidade do FLEX mas com agulhas num \u00e2ngulo mais acentuado, permitindo maior amplitude de movimentos nas curvas.Recomendado para ser usado em conjunto com outras agulhas.O Tebori descart\u00e1vel foi criado para ser um aparelho \u00e0 prova de contamina\u00e7\u00e3o. Seu corpo ultraleve e 100% descart\u00e1vel evita qualquer tipo de transporte de res\u00edduos biol\u00f3gicos de um cliente para outro. Electric Ink, \u00fanica empresa no mercado que verifica e fiscaliza 100% das unidades produzidas, oferece aos profissionais uma grande variedade de tipos de agulhas de alta qualidade, com selo de certifica\u00e7\u00e3o do processo de esteriliza\u00e7\u00e3o.","og_url":"https:\/\/electricink.eu\/pt-pt\/producto\/tebori-descartavel-11-flex-curved-copia-copia-2\/","og_site_name":"Electric Ink\u00ae","og_image":[{"width":500,"height":500,"url":"https:\/\/electricink.eu\/wp-content\/uploads\/2023\/10\/12_flex_long.jpg","type":"image\/jpeg"}],"twitter_card":"summary_large_image","twitter_misc":{"Tempo estimado de leitura":"1 minuto"},"schema":{"@context":"https:\/\/schema.org","@graph":[{"@type":"WebPage","@id":"https:\/\/electricink.eu\/pt-pt\/producto\/tebori-descartavel-11-flex-curved-copia-copia-2\/","url":"https:\/\/electricink.eu\/pt-pt\/producto\/tebori-descartavel-11-flex-curved-copia-copia-2\/","name":"Tebori descart\u00e1vel 11 flex curved (copia) (copia) - Electric Ink\u00ae","isPartOf":{"@id":"https:\/\/electricink.eu\/#website"},"primaryImageOfPage":{"@id":"https:\/\/electricink.eu\/pt-pt\/producto\/tebori-descartavel-11-flex-curved-copia-copia-2\/#primaryimage"},"image":{"@id":"https:\/\/electricink.eu\/pt-pt\/producto\/tebori-descartavel-11-flex-curved-copia-copia-2\/#primaryimage"},"thumbnailUrl":"https:\/\/electricink.eu\/wp-content\/uploads\/2023\/10\/12_flex_long.jpg","datePublished":"2023-12-14T00:16:22+00:00","breadcrumb":{"@id":"https:\/\/electricink.eu\/pt-pt\/producto\/tebori-descartavel-11-flex-curved-copia-copia-2\/#breadcrumb"},"inLanguage":"pt-PT","potentialAction":[{"@type":"ReadAction","target":["https:\/\/electricink.eu\/pt-pt\/producto\/tebori-descartavel-11-flex-curved-copia-copia-2\/"]}]},{"@type":"ImageObject","inLanguage":"pt-PT","@id":"https:\/\/electricink.eu\/pt-pt\/producto\/tebori-descartavel-11-flex-curved-copia-copia-2\/#primaryimage","url":"https:\/\/electricink.eu\/wp-content\/uploads\/2023\/10\/12_flex_long.jpg","contentUrl":"https:\/\/electricink.eu\/wp-content\/uploads\/2023\/10\/12_flex_long.jpg","width":500,"height":500},{"@type":"BreadcrumbList","@id":"https:\/\/electricink.eu\/pt-pt\/producto\/tebori-descartavel-11-flex-curved-copia-copia-2\/#breadcrumb","itemListElement":[{"@type":"ListItem","position":1,"name":"Portada","item":"https:\/\/electricink.eu\/pt-pt\/home\/"},{"@type":"ListItem","position":2,"name":"Tienda","item":"https:\/\/electricink.eu\/tienda\/"},{"@type":"ListItem","position":3,"name":"Tebori descart\u00e1vel 11 flex curved (copia) (copia)"}]},{"@type":"WebSite","@id":"https:\/\/electricink.eu\/#website","url":"https:\/\/electricink.eu\/","name":"Electric Ink\u00ae","description":"Material para Tatuar Profesional en Europa - Electric Ink\u00ae","potentialAction":[{"@type":"SearchAction","target":{"@type":"EntryPoint","urlTemplate":"https:\/\/electricink.eu\/?s={search_term_string}"},"query-input":{"@type":"PropertyValueSpecification","valueRequired":true,"valueName":"search_term_string"}}],"inLanguage":"pt-PT"}]}},"_links":{"self":[{"href":"https:\/\/electricink.eu\/pt-pt\/wp-json\/wp\/v2\/product\/37473","targetHints":{"allow":["GET"]}}],"collection":[{"href":"https:\/\/electricink.eu\/pt-pt\/wp-json\/wp\/v2\/product"}],"about":[{"href":"https:\/\/electricink.eu\/pt-pt\/wp-json\/wp\/v2\/types\/product"}],"replies":[{"embeddable":true,"href":"https:\/\/electricink.eu\/pt-pt\/wp-json\/wp\/v2\/comments?post=37473"}],"wp:featuredmedia":[{"embeddable":true,"href":"https:\/\/electricink.eu\/pt-pt\/wp-json\/wp\/v2\/media\/745"}],"wp:attachment":[{"href":"https:\/\/electricink.eu\/pt-pt\/wp-json\/wp\/v2\/media?parent=37473"}],"wp:term":[{"taxonomy":"product_brand","embeddable":true,"href":"https:\/\/electricink.eu\/pt-pt\/wp-json\/wp\/v2\/product_brand?post=37473"},{"taxonomy":"product_cat","embeddable":true,"href":"https:\/\/electricink.eu\/pt-pt\/wp-json\/wp\/v2\/product_cat?post=37473"},{"taxonomy":"product_tag","embeddable":true,"href":"https:\/\/electricink.eu\/pt-pt\/wp-json\/wp\/v2\/product_tag?post=37473"}],"curies":[{"name":"wp","href":"https:\/\/api.w.org\/{rel}","templated":true}]}}