{"id":37575,"date":"2023-12-14T01:14:40","date_gmt":"2023-12-14T00:14:40","guid":{"rendered":"https:\/\/electricink.eu\/producto\/papel-estencil-manual-carbon-spirit-caixa-200-un\/"},"modified":"2024-03-30T14:03:19","modified_gmt":"2024-03-30T13:03:19","slug":"papel-estencil-manual-carbon-spirit-caixa-200-un","status":"publish","type":"product","link":"https:\/\/electricink.eu\/pt-pt\/producto\/papel-estencil-manual-carbon-spirit-caixa-200-un\/","title":{"rendered":"Papel Estencil Manual Carbon Spirit &#8211; caixa 200 un"},"content":{"rendered":"<p><strong>Papel Carbono Transfer Spirit\u00ae em caixas de 200 unidades, sem folha de separa\u00e7\u00e3o.<\/strong><\/p>\n<ul>\n<li>Alto grau de controle ao desenhar modelos \u00e0 m\u00e3o<\/li>\n<li>Imagens uniformes, de alto contraste, de alta qualidade e duradouras<\/li>\n<li>N\u00e3o s\u00e3o necess\u00e1rias ferramentas ou impressoras para criar um modelo de alta qualidade<\/li>\n<li>As tintas de qualidade permanecem vis\u00edveis na pele<\/li>\n<li>Seguro para a pele, sem ingredientes nocivos<\/li>\n<li>Certificado vegano<\/li>\n<\/ul>\n","protected":false},"excerpt":{"rendered":"<p><strong>Papel\u00a0 transfer Spirit\u00ae hand draw carbono. <\/strong>Tamanho 8,5&#8243; x 11&#8243; (21,6cm x 27,9cm) &#8211; <strong>A4 em caixa de 200 folhas<\/strong>.<\/p>\n<p>Para o artista que deseja o controle total do est\u00eancil: folhas de papel revestidas com ceras e tintas da mais alta qualidade.<\/p>\n<p><strong>N\u00c3O<\/strong> \u00e9 compat\u00edvel com impressoras t\u00e9rmicas ou de fax. UNICAMENTE\u00a0 para cria\u00e7\u00e3o de modelos \u00e0 m\u00e3o.<\/p>\n","protected":false},"featured_media":34484,"comment_status":"closed","ping_status":"closed","template":"","meta":{"_acf_changed":false,"_et_pb_use_builder":"","_et_pb_old_content":"","_et_gb_content_width":"","inline_featured_image":false},"product_brand":[],"product_cat":[722,726],"product_tag":[],"class_list":{"0":"post-37575","1":"product","2":"type-product","3":"status-publish","4":"has-post-thumbnail","6":"product_cat-accesorios-pt","7":"product_cat-papel-estencil","9":"first","10":"instock","11":"taxable","12":"shipping-taxable","13":"purchasable","14":"product-type-simple"},"acf":[],"yoast_head":"<!-- This site is optimized with the Yoast SEO plugin v27.5 - https:\/\/yoast.com\/product\/yoast-seo-wordpress\/ -->\n<title>Papel Estencil Manual Carbon Spirit - caixa 200 un - Electric Ink\u00ae<\/title>\n<meta name=\"robots\" content=\"index, follow, max-snippet:-1, max-image-preview:large, max-video-preview:-1\" \/>\n<link rel=\"canonical\" href=\"https:\/\/electricink.eu\/pt-pt\/producto\/papel-estencil-manual-carbon-spirit-caixa-200-un\/\" \/>\n<meta property=\"og:locale\" content=\"pt_PT\" \/>\n<meta property=\"og:type\" content=\"article\" \/>\n<meta property=\"og:title\" content=\"Papel Estencil Manual Carbon Spirit - caixa 200 un - Electric Ink\u00ae\" \/>\n<meta property=\"og:description\" content=\"Papel\u00a0 transfer Spirit\u00ae hand draw carbono. Tamanho 8,5&quot; x 11&quot; (21,6cm x 27,9cm) - A4 em caixa de 200 folhas. Para o artista que deseja o controle total do est\u00eancil: folhas de papel revestidas com ceras e tintas da mais alta qualidade. N\u00c3O \u00e9 compat\u00edvel com impressoras t\u00e9rmicas ou de fax. UNICAMENTE\u00a0 para cria\u00e7\u00e3o de modelos \u00e0 m\u00e3o.\" \/>\n<meta property=\"og:url\" content=\"https:\/\/electricink.eu\/pt-pt\/producto\/papel-estencil-manual-carbon-spirit-caixa-200-un\/\" \/>\n<meta property=\"og:site_name\" content=\"Electric Ink\u00ae\" \/>\n<meta property=\"article:modified_time\" content=\"2024-03-30T13:03:19+00:00\" \/>\n<meta property=\"og:image\" content=\"https:\/\/electricink.eu\/wp-content\/uploads\/2023\/12\/DSC_5981-copia.png\" \/>\n\t<meta property=\"og:image:width\" content=\"800\" \/>\n\t<meta property=\"og:image:height\" content=\"800\" \/>\n\t<meta property=\"og:image:type\" content=\"image\/png\" \/>\n<meta name=\"twitter:card\" content=\"summary_large_image\" \/>\n<script type=\"application\/ld+json\" class=\"yoast-schema-graph\">{\"@context\":\"https:\\\/\\\/schema.org\",\"@graph\":[{\"@type\":\"WebPage\",\"@id\":\"https:\\\/\\\/electricink.eu\\\/pt-pt\\\/producto\\\/papel-estencil-manual-carbon-spirit-caixa-200-un\\\/\",\"url\":\"https:\\\/\\\/electricink.eu\\\/pt-pt\\\/producto\\\/papel-estencil-manual-carbon-spirit-caixa-200-un\\\/\",\"name\":\"Papel Estencil Manual Carbon Spirit - caixa 200 un - Electric Ink\u00ae\",\"isPartOf\":{\"@id\":\"https:\\\/\\\/electricink.eu\\\/#website\"},\"primaryImageOfPage\":{\"@id\":\"https:\\\/\\\/electricink.eu\\\/pt-pt\\\/producto\\\/papel-estencil-manual-carbon-spirit-caixa-200-un\\\/#primaryimage\"},\"image\":{\"@id\":\"https:\\\/\\\/electricink.eu\\\/pt-pt\\\/producto\\\/papel-estencil-manual-carbon-spirit-caixa-200-un\\\/#primaryimage\"},\"thumbnailUrl\":\"https:\\\/\\\/electricink.eu\\\/wp-content\\\/uploads\\\/2023\\\/12\\\/DSC_5981-copia.png\",\"datePublished\":\"2023-12-14T00:14:40+00:00\",\"dateModified\":\"2024-03-30T13:03:19+00:00\",\"breadcrumb\":{\"@id\":\"https:\\\/\\\/electricink.eu\\\/pt-pt\\\/producto\\\/papel-estencil-manual-carbon-spirit-caixa-200-un\\\/#breadcrumb\"},\"inLanguage\":\"pt-PT\",\"potentialAction\":[{\"@type\":\"ReadAction\",\"target\":[\"https:\\\/\\\/electricink.eu\\\/pt-pt\\\/producto\\\/papel-estencil-manual-carbon-spirit-caixa-200-un\\\/\"]}]},{\"@type\":\"ImageObject\",\"inLanguage\":\"pt-PT\",\"@id\":\"https:\\\/\\\/electricink.eu\\\/pt-pt\\\/producto\\\/papel-estencil-manual-carbon-spirit-caixa-200-un\\\/#primaryimage\",\"url\":\"https:\\\/\\\/electricink.eu\\\/wp-content\\\/uploads\\\/2023\\\/12\\\/DSC_5981-copia.png\",\"contentUrl\":\"https:\\\/\\\/electricink.eu\\\/wp-content\\\/uploads\\\/2023\\\/12\\\/DSC_5981-copia.png\",\"width\":800,\"height\":800},{\"@type\":\"BreadcrumbList\",\"@id\":\"https:\\\/\\\/electricink.eu\\\/pt-pt\\\/producto\\\/papel-estencil-manual-carbon-spirit-caixa-200-un\\\/#breadcrumb\",\"itemListElement\":[{\"@type\":\"ListItem\",\"position\":1,\"name\":\"Portada\",\"item\":\"https:\\\/\\\/electricink.eu\\\/pt-pt\\\/home\\\/\"},{\"@type\":\"ListItem\",\"position\":2,\"name\":\"Tienda\",\"item\":\"https:\\\/\\\/electricink.eu\\\/tienda\\\/\"},{\"@type\":\"ListItem\",\"position\":3,\"name\":\"Papel Estencil Manual Carbon Spirit &#8211; caixa 200 un\"}]},{\"@type\":\"WebSite\",\"@id\":\"https:\\\/\\\/electricink.eu\\\/#website\",\"url\":\"https:\\\/\\\/electricink.eu\\\/\",\"name\":\"Electric Ink\u00ae\",\"description\":\"Material para Tatuar Profesional en Europa - Electric Ink\u00ae\",\"potentialAction\":[{\"@type\":\"SearchAction\",\"target\":{\"@type\":\"EntryPoint\",\"urlTemplate\":\"https:\\\/\\\/electricink.eu\\\/?s={search_term_string}\"},\"query-input\":{\"@type\":\"PropertyValueSpecification\",\"valueRequired\":true,\"valueName\":\"search_term_string\"}}],\"inLanguage\":\"pt-PT\"}]}<\/script>\n<!-- \/ Yoast SEO plugin. -->","yoast_head_json":{"title":"Papel Estencil Manual Carbon Spirit - caixa 200 un - Electric Ink\u00ae","robots":{"index":"index","follow":"follow","max-snippet":"max-snippet:-1","max-image-preview":"max-image-preview:large","max-video-preview":"max-video-preview:-1"},"canonical":"https:\/\/electricink.eu\/pt-pt\/producto\/papel-estencil-manual-carbon-spirit-caixa-200-un\/","og_locale":"pt_PT","og_type":"article","og_title":"Papel Estencil Manual Carbon Spirit - caixa 200 un - Electric Ink\u00ae","og_description":"Papel\u00a0 transfer Spirit\u00ae hand draw carbono. Tamanho 8,5\" x 11\" (21,6cm x 27,9cm) - A4 em caixa de 200 folhas. Para o artista que deseja o controle total do est\u00eancil: folhas de papel revestidas com ceras e tintas da mais alta qualidade. N\u00c3O \u00e9 compat\u00edvel com impressoras t\u00e9rmicas ou de fax. UNICAMENTE\u00a0 para cria\u00e7\u00e3o de modelos \u00e0 m\u00e3o.","og_url":"https:\/\/electricink.eu\/pt-pt\/producto\/papel-estencil-manual-carbon-spirit-caixa-200-un\/","og_site_name":"Electric Ink\u00ae","article_modified_time":"2024-03-30T13:03:19+00:00","og_image":[{"width":800,"height":800,"url":"https:\/\/electricink.eu\/wp-content\/uploads\/2023\/12\/DSC_5981-copia.png","type":"image\/png"}],"twitter_card":"summary_large_image","schema":{"@context":"https:\/\/schema.org","@graph":[{"@type":"WebPage","@id":"https:\/\/electricink.eu\/pt-pt\/producto\/papel-estencil-manual-carbon-spirit-caixa-200-un\/","url":"https:\/\/electricink.eu\/pt-pt\/producto\/papel-estencil-manual-carbon-spirit-caixa-200-un\/","name":"Papel Estencil Manual Carbon Spirit - caixa 200 un - Electric Ink\u00ae","isPartOf":{"@id":"https:\/\/electricink.eu\/#website"},"primaryImageOfPage":{"@id":"https:\/\/electricink.eu\/pt-pt\/producto\/papel-estencil-manual-carbon-spirit-caixa-200-un\/#primaryimage"},"image":{"@id":"https:\/\/electricink.eu\/pt-pt\/producto\/papel-estencil-manual-carbon-spirit-caixa-200-un\/#primaryimage"},"thumbnailUrl":"https:\/\/electricink.eu\/wp-content\/uploads\/2023\/12\/DSC_5981-copia.png","datePublished":"2023-12-14T00:14:40+00:00","dateModified":"2024-03-30T13:03:19+00:00","breadcrumb":{"@id":"https:\/\/electricink.eu\/pt-pt\/producto\/papel-estencil-manual-carbon-spirit-caixa-200-un\/#breadcrumb"},"inLanguage":"pt-PT","potentialAction":[{"@type":"ReadAction","target":["https:\/\/electricink.eu\/pt-pt\/producto\/papel-estencil-manual-carbon-spirit-caixa-200-un\/"]}]},{"@type":"ImageObject","inLanguage":"pt-PT","@id":"https:\/\/electricink.eu\/pt-pt\/producto\/papel-estencil-manual-carbon-spirit-caixa-200-un\/#primaryimage","url":"https:\/\/electricink.eu\/wp-content\/uploads\/2023\/12\/DSC_5981-copia.png","contentUrl":"https:\/\/electricink.eu\/wp-content\/uploads\/2023\/12\/DSC_5981-copia.png","width":800,"height":800},{"@type":"BreadcrumbList","@id":"https:\/\/electricink.eu\/pt-pt\/producto\/papel-estencil-manual-carbon-spirit-caixa-200-un\/#breadcrumb","itemListElement":[{"@type":"ListItem","position":1,"name":"Portada","item":"https:\/\/electricink.eu\/pt-pt\/home\/"},{"@type":"ListItem","position":2,"name":"Tienda","item":"https:\/\/electricink.eu\/tienda\/"},{"@type":"ListItem","position":3,"name":"Papel Estencil Manual Carbon Spirit &#8211; caixa 200 un"}]},{"@type":"WebSite","@id":"https:\/\/electricink.eu\/#website","url":"https:\/\/electricink.eu\/","name":"Electric Ink\u00ae","description":"Material para Tatuar Profesional en Europa - Electric Ink\u00ae","potentialAction":[{"@type":"SearchAction","target":{"@type":"EntryPoint","urlTemplate":"https:\/\/electricink.eu\/?s={search_term_string}"},"query-input":{"@type":"PropertyValueSpecification","valueRequired":true,"valueName":"search_term_string"}}],"inLanguage":"pt-PT"}]}},"_links":{"self":[{"href":"https:\/\/electricink.eu\/pt-pt\/wp-json\/wp\/v2\/product\/37575","targetHints":{"allow":["GET"]}}],"collection":[{"href":"https:\/\/electricink.eu\/pt-pt\/wp-json\/wp\/v2\/product"}],"about":[{"href":"https:\/\/electricink.eu\/pt-pt\/wp-json\/wp\/v2\/types\/product"}],"replies":[{"embeddable":true,"href":"https:\/\/electricink.eu\/pt-pt\/wp-json\/wp\/v2\/comments?post=37575"}],"wp:featuredmedia":[{"embeddable":true,"href":"https:\/\/electricink.eu\/pt-pt\/wp-json\/wp\/v2\/media\/34484"}],"wp:attachment":[{"href":"https:\/\/electricink.eu\/pt-pt\/wp-json\/wp\/v2\/media?parent=37575"}],"wp:term":[{"taxonomy":"product_brand","embeddable":true,"href":"https:\/\/electricink.eu\/pt-pt\/wp-json\/wp\/v2\/product_brand?post=37575"},{"taxonomy":"product_cat","embeddable":true,"href":"https:\/\/electricink.eu\/pt-pt\/wp-json\/wp\/v2\/product_cat?post=37575"},{"taxonomy":"product_tag","embeddable":true,"href":"https:\/\/electricink.eu\/pt-pt\/wp-json\/wp\/v2\/product_tag?post=37575"}],"curies":[{"name":"wp","href":"https:\/\/api.w.org\/{rel}","templated":true}]}}