{"id":37581,"date":"2023-12-14T01:14:40","date_gmt":"2023-12-14T00:14:40","guid":{"rendered":"https:\/\/electricink.eu\/producto\/electra-pop-pro-linha-e-pintura-preta-2\/"},"modified":"2024-02-01T15:25:37","modified_gmt":"2024-02-01T14:25:37","slug":"electra-pop-pro-linha-e-pintura-preta-2","status":"publish","type":"product","link":"https:\/\/electricink.eu\/pt-pt\/producto\/electra-pop-pro-linha-e-pintura-preta-2\/","title":{"rendered":"Electra Pop PRO (Linha e Pintura) &#8211; Preta"},"content":{"rendered":"<p><strong>Especifica\u00e7\u00f5es \/ Pesos \/ Dimens\u00f5es<\/strong><\/p>\n<p>Motor: Mabuchi (Japon\u00eas)<\/p>\n<p>Batida: Direct<br \/>Curso: Regul\u00e1vel de 3,3 ou 4mm<br \/>Conex\u00e3o el\u00e9trica: RCA (Cabo n\u00e3o incluso)<br \/>Tens\u00e3o de trabalho: 6 a 12 Volts<br \/>Dimens\u00f5es: 66,5 x 30 x 97,3mm<br \/>Peso: 74 gramas<\/p>\n<p>M\u00e1quina universal, pode ser utilizada com cartuchos ou agulhas tradicionais, tamb\u00e9m indicada para grip G\u00eanesis e grips descart\u00e1veis.<\/p>\n<p><strong>Itens inclusos:<\/strong><\/p>\n<p>01 M\u00e1quina Electra Pop Pro<br \/>01 Chave para regulagem de curso<\/p>\n<p><strong>Garantia do produto<\/strong>: O per\u00edodo de garantia oferecido pela Electric Ink segue os regulamentos europeus atuais. A garantia da Electric Ink para defeitos de fabrica\u00e7\u00e3o come\u00e7a a partir da compra do produto pelo consumidor, verificada na nota fiscal de compra do respectivo item.<\/p>\n<p><strong>Assist\u00eancia t\u00e9cnica:<\/strong> contato por e-mail atrav\u00e9s de info@electric.local<\/p>\n","protected":false},"excerpt":{"rendered":"<p>A bel\u00edssima <strong>ELECTRA POP<\/strong>\u00a0<strong>PRO<\/strong> traz como novidade a regulagem para trabalhos de LINHAS e PINTURA, e o design \u00fanico, que conta com chassis fabricado em pol\u00edmero industrial e componentes coloridos exclusivos.<br \/>Ela \u00e9 uma edi\u00e7\u00e3o especial, fruto da evolu\u00e7\u00e3o da Electra Pop, modelo j\u00e1 consagrado e aprovado por mais de 50.000 tatuadores.<br \/>M\u00e1quina especialmente vers\u00e1til devido ao ajuste de curso. Inovadora, linda e de excelente custo-benef\u00edcio, \u00e9 capaz de realizar qualquer tipo de tra\u00e7o ou pintura!<\/p>\n<p><strong>N\u00e3o perca essa oportunidade limitada, garanta j\u00e1 a sua!<\/strong><\/p>\n","protected":false},"featured_media":39110,"comment_status":"closed","ping_status":"closed","template":"","meta":{"_acf_changed":false,"_et_pb_use_builder":"","_et_pb_old_content":"","_et_gb_content_width":"","inline_featured_image":false},"product_brand":[],"product_cat":[745,755,758],"product_tag":[],"class_list":{"0":"post-37581","1":"product","2":"type-product","3":"status-publish","4":"has-post-thumbnail","6":"product_cat-tattoo","7":"product_cat-maquinas-de-tatuagem","8":"product_cat-maquinas-rotativas-pt-pt","10":"first","11":"instock","12":"taxable","13":"shipping-taxable","14":"purchasable","15":"product-type-simple"},"acf":[],"yoast_head":"<!-- This site is optimized with the Yoast SEO plugin v27.5 - https:\/\/yoast.com\/product\/yoast-seo-wordpress\/ -->\n<title>Electra Pop PRO (Linha e Pintura) - Preta - Electric Ink\u00ae<\/title>\n<meta name=\"robots\" content=\"index, follow, max-snippet:-1, max-image-preview:large, max-video-preview:-1\" \/>\n<link rel=\"canonical\" href=\"https:\/\/electricink.eu\/pt-pt\/producto\/electra-pop-pro-linha-e-pintura-preta-2\/\" \/>\n<meta property=\"og:locale\" content=\"pt_PT\" \/>\n<meta property=\"og:type\" content=\"article\" \/>\n<meta property=\"og:title\" content=\"Electra Pop PRO (Linha e Pintura) - Preta - Electric Ink\u00ae\" \/>\n<meta property=\"og:description\" content=\"A bel\u00edssima ELECTRA POP\u00a0PRO traz como novidade a regulagem para trabalhos de LINHAS e PINTURA, e o design \u00fanico, que conta com chassis fabricado em pol\u00edmero industrial e componentes coloridos exclusivos.Ela \u00e9 uma edi\u00e7\u00e3o especial, fruto da evolu\u00e7\u00e3o da Electra Pop, modelo j\u00e1 consagrado e aprovado por mais de 50.000 tatuadores.M\u00e1quina especialmente vers\u00e1til devido ao ajuste de curso. Inovadora, linda e de excelente custo-benef\u00edcio, \u00e9 capaz de realizar qualquer tipo de tra\u00e7o ou pintura! N\u00e3o perca essa oportunidade limitada, garanta j\u00e1 a sua!\" \/>\n<meta property=\"og:url\" content=\"https:\/\/electricink.eu\/pt-pt\/producto\/electra-pop-pro-linha-e-pintura-preta-2\/\" \/>\n<meta property=\"og:site_name\" content=\"Electric Ink\u00ae\" \/>\n<meta property=\"article:modified_time\" content=\"2024-02-01T14:25:37+00:00\" \/>\n<meta property=\"og:image\" content=\"https:\/\/electricink.eu\/wp-content\/uploads\/2023\/12\/electra-pop-pro_rosa_05-2.png\" \/>\n\t<meta property=\"og:image:width\" content=\"500\" \/>\n\t<meta property=\"og:image:height\" content=\"500\" \/>\n\t<meta property=\"og:image:type\" content=\"image\/png\" \/>\n<meta name=\"twitter:card\" content=\"summary_large_image\" \/>\n<meta name=\"twitter:label1\" content=\"Tempo estimado de leitura\" \/>\n\t<meta name=\"twitter:data1\" content=\"1 minuto\" \/>\n<script type=\"application\/ld+json\" class=\"yoast-schema-graph\">{\"@context\":\"https:\\\/\\\/schema.org\",\"@graph\":[{\"@type\":\"WebPage\",\"@id\":\"https:\\\/\\\/electricink.eu\\\/pt-pt\\\/producto\\\/electra-pop-pro-linha-e-pintura-preta-2\\\/\",\"url\":\"https:\\\/\\\/electricink.eu\\\/pt-pt\\\/producto\\\/electra-pop-pro-linha-e-pintura-preta-2\\\/\",\"name\":\"Electra Pop PRO (Linha e Pintura) - Preta - Electric Ink\u00ae\",\"isPartOf\":{\"@id\":\"https:\\\/\\\/electricink.eu\\\/#website\"},\"primaryImageOfPage\":{\"@id\":\"https:\\\/\\\/electricink.eu\\\/pt-pt\\\/producto\\\/electra-pop-pro-linha-e-pintura-preta-2\\\/#primaryimage\"},\"image\":{\"@id\":\"https:\\\/\\\/electricink.eu\\\/pt-pt\\\/producto\\\/electra-pop-pro-linha-e-pintura-preta-2\\\/#primaryimage\"},\"thumbnailUrl\":\"https:\\\/\\\/electricink.eu\\\/wp-content\\\/uploads\\\/2023\\\/12\\\/electra-pop-pro_rosa_05-2.png\",\"datePublished\":\"2023-12-14T00:14:40+00:00\",\"dateModified\":\"2024-02-01T14:25:37+00:00\",\"breadcrumb\":{\"@id\":\"https:\\\/\\\/electricink.eu\\\/pt-pt\\\/producto\\\/electra-pop-pro-linha-e-pintura-preta-2\\\/#breadcrumb\"},\"inLanguage\":\"pt-PT\",\"potentialAction\":[{\"@type\":\"ReadAction\",\"target\":[\"https:\\\/\\\/electricink.eu\\\/pt-pt\\\/producto\\\/electra-pop-pro-linha-e-pintura-preta-2\\\/\"]}]},{\"@type\":\"ImageObject\",\"inLanguage\":\"pt-PT\",\"@id\":\"https:\\\/\\\/electricink.eu\\\/pt-pt\\\/producto\\\/electra-pop-pro-linha-e-pintura-preta-2\\\/#primaryimage\",\"url\":\"https:\\\/\\\/electricink.eu\\\/wp-content\\\/uploads\\\/2023\\\/12\\\/electra-pop-pro_rosa_05-2.png\",\"contentUrl\":\"https:\\\/\\\/electricink.eu\\\/wp-content\\\/uploads\\\/2023\\\/12\\\/electra-pop-pro_rosa_05-2.png\",\"width\":500,\"height\":500},{\"@type\":\"BreadcrumbList\",\"@id\":\"https:\\\/\\\/electricink.eu\\\/pt-pt\\\/producto\\\/electra-pop-pro-linha-e-pintura-preta-2\\\/#breadcrumb\",\"itemListElement\":[{\"@type\":\"ListItem\",\"position\":1,\"name\":\"Portada\",\"item\":\"https:\\\/\\\/electricink.eu\\\/pt-pt\\\/home\\\/\"},{\"@type\":\"ListItem\",\"position\":2,\"name\":\"Tienda\",\"item\":\"https:\\\/\\\/electricink.eu\\\/tienda\\\/\"},{\"@type\":\"ListItem\",\"position\":3,\"name\":\"Electra Pop PRO (Linha e Pintura) &#8211; Preta\"}]},{\"@type\":\"WebSite\",\"@id\":\"https:\\\/\\\/electricink.eu\\\/#website\",\"url\":\"https:\\\/\\\/electricink.eu\\\/\",\"name\":\"Electric Ink\u00ae\",\"description\":\"Material para Tatuar Profesional en Europa - Electric Ink\u00ae\",\"potentialAction\":[{\"@type\":\"SearchAction\",\"target\":{\"@type\":\"EntryPoint\",\"urlTemplate\":\"https:\\\/\\\/electricink.eu\\\/?s={search_term_string}\"},\"query-input\":{\"@type\":\"PropertyValueSpecification\",\"valueRequired\":true,\"valueName\":\"search_term_string\"}}],\"inLanguage\":\"pt-PT\"}]}<\/script>\n<!-- \/ Yoast SEO plugin. -->","yoast_head_json":{"title":"Electra Pop PRO (Linha e Pintura) - Preta - Electric Ink\u00ae","robots":{"index":"index","follow":"follow","max-snippet":"max-snippet:-1","max-image-preview":"max-image-preview:large","max-video-preview":"max-video-preview:-1"},"canonical":"https:\/\/electricink.eu\/pt-pt\/producto\/electra-pop-pro-linha-e-pintura-preta-2\/","og_locale":"pt_PT","og_type":"article","og_title":"Electra Pop PRO (Linha e Pintura) - Preta - Electric Ink\u00ae","og_description":"A bel\u00edssima ELECTRA POP\u00a0PRO traz como novidade a regulagem para trabalhos de LINHAS e PINTURA, e o design \u00fanico, que conta com chassis fabricado em pol\u00edmero industrial e componentes coloridos exclusivos.Ela \u00e9 uma edi\u00e7\u00e3o especial, fruto da evolu\u00e7\u00e3o da Electra Pop, modelo j\u00e1 consagrado e aprovado por mais de 50.000 tatuadores.M\u00e1quina especialmente vers\u00e1til devido ao ajuste de curso. Inovadora, linda e de excelente custo-benef\u00edcio, \u00e9 capaz de realizar qualquer tipo de tra\u00e7o ou pintura! N\u00e3o perca essa oportunidade limitada, garanta j\u00e1 a sua!","og_url":"https:\/\/electricink.eu\/pt-pt\/producto\/electra-pop-pro-linha-e-pintura-preta-2\/","og_site_name":"Electric Ink\u00ae","article_modified_time":"2024-02-01T14:25:37+00:00","og_image":[{"width":500,"height":500,"url":"https:\/\/electricink.eu\/wp-content\/uploads\/2023\/12\/electra-pop-pro_rosa_05-2.png","type":"image\/png"}],"twitter_card":"summary_large_image","twitter_misc":{"Tempo estimado de leitura":"1 minuto"},"schema":{"@context":"https:\/\/schema.org","@graph":[{"@type":"WebPage","@id":"https:\/\/electricink.eu\/pt-pt\/producto\/electra-pop-pro-linha-e-pintura-preta-2\/","url":"https:\/\/electricink.eu\/pt-pt\/producto\/electra-pop-pro-linha-e-pintura-preta-2\/","name":"Electra Pop PRO (Linha e Pintura) - Preta - Electric Ink\u00ae","isPartOf":{"@id":"https:\/\/electricink.eu\/#website"},"primaryImageOfPage":{"@id":"https:\/\/electricink.eu\/pt-pt\/producto\/electra-pop-pro-linha-e-pintura-preta-2\/#primaryimage"},"image":{"@id":"https:\/\/electricink.eu\/pt-pt\/producto\/electra-pop-pro-linha-e-pintura-preta-2\/#primaryimage"},"thumbnailUrl":"https:\/\/electricink.eu\/wp-content\/uploads\/2023\/12\/electra-pop-pro_rosa_05-2.png","datePublished":"2023-12-14T00:14:40+00:00","dateModified":"2024-02-01T14:25:37+00:00","breadcrumb":{"@id":"https:\/\/electricink.eu\/pt-pt\/producto\/electra-pop-pro-linha-e-pintura-preta-2\/#breadcrumb"},"inLanguage":"pt-PT","potentialAction":[{"@type":"ReadAction","target":["https:\/\/electricink.eu\/pt-pt\/producto\/electra-pop-pro-linha-e-pintura-preta-2\/"]}]},{"@type":"ImageObject","inLanguage":"pt-PT","@id":"https:\/\/electricink.eu\/pt-pt\/producto\/electra-pop-pro-linha-e-pintura-preta-2\/#primaryimage","url":"https:\/\/electricink.eu\/wp-content\/uploads\/2023\/12\/electra-pop-pro_rosa_05-2.png","contentUrl":"https:\/\/electricink.eu\/wp-content\/uploads\/2023\/12\/electra-pop-pro_rosa_05-2.png","width":500,"height":500},{"@type":"BreadcrumbList","@id":"https:\/\/electricink.eu\/pt-pt\/producto\/electra-pop-pro-linha-e-pintura-preta-2\/#breadcrumb","itemListElement":[{"@type":"ListItem","position":1,"name":"Portada","item":"https:\/\/electricink.eu\/pt-pt\/home\/"},{"@type":"ListItem","position":2,"name":"Tienda","item":"https:\/\/electricink.eu\/tienda\/"},{"@type":"ListItem","position":3,"name":"Electra Pop PRO (Linha e Pintura) &#8211; Preta"}]},{"@type":"WebSite","@id":"https:\/\/electricink.eu\/#website","url":"https:\/\/electricink.eu\/","name":"Electric Ink\u00ae","description":"Material para Tatuar Profesional en Europa - Electric Ink\u00ae","potentialAction":[{"@type":"SearchAction","target":{"@type":"EntryPoint","urlTemplate":"https:\/\/electricink.eu\/?s={search_term_string}"},"query-input":{"@type":"PropertyValueSpecification","valueRequired":true,"valueName":"search_term_string"}}],"inLanguage":"pt-PT"}]}},"_links":{"self":[{"href":"https:\/\/electricink.eu\/pt-pt\/wp-json\/wp\/v2\/product\/37581","targetHints":{"allow":["GET"]}}],"collection":[{"href":"https:\/\/electricink.eu\/pt-pt\/wp-json\/wp\/v2\/product"}],"about":[{"href":"https:\/\/electricink.eu\/pt-pt\/wp-json\/wp\/v2\/types\/product"}],"replies":[{"embeddable":true,"href":"https:\/\/electricink.eu\/pt-pt\/wp-json\/wp\/v2\/comments?post=37581"}],"wp:featuredmedia":[{"embeddable":true,"href":"https:\/\/electricink.eu\/pt-pt\/wp-json\/wp\/v2\/media\/39110"}],"wp:attachment":[{"href":"https:\/\/electricink.eu\/pt-pt\/wp-json\/wp\/v2\/media?parent=37581"}],"wp:term":[{"taxonomy":"product_brand","embeddable":true,"href":"https:\/\/electricink.eu\/pt-pt\/wp-json\/wp\/v2\/product_brand?post=37581"},{"taxonomy":"product_cat","embeddable":true,"href":"https:\/\/electricink.eu\/pt-pt\/wp-json\/wp\/v2\/product_cat?post=37581"},{"taxonomy":"product_tag","embeddable":true,"href":"https:\/\/electricink.eu\/pt-pt\/wp-json\/wp\/v2\/product_tag?post=37581"}],"curies":[{"name":"wp","href":"https:\/\/api.w.org\/{rel}","templated":true}]}}