{"id":37650,"date":"2023-12-14T01:13:51","date_gmt":"2023-12-14T00:13:51","guid":{"rendered":"https:\/\/electricink.eu\/producto\/grip-genesis-regulavel-38mm\/"},"modified":"2024-02-01T16:20:19","modified_gmt":"2024-02-01T15:20:19","slug":"grip-genesis-regulavel-38mm","status":"publish","type":"product","link":"https:\/\/electricink.eu\/pt-pt\/producto\/grip-genesis-regulavel-38mm\/","title":{"rendered":"Grip Genesis regul\u00e1vel  38mm"},"content":{"rendered":"<p>Grip G\u00eanesis ajust\u00e1vel em alum\u00ednio para uso com cartuchos universais em m\u00e1quinas rotativas.<\/p>\n<p><strong>Tamanho:<\/strong> 38mm<\/p>\n<p><strong>Peso:<\/strong> 121g<\/p>\n<p>Tamb\u00e9m dispon\u00edvel em 26mm, 30mm e 34mm.<\/p>\n<p>IMPORTANTE: ELECTRIC INK N\u00c3O \u00c9 RESPONS\u00c1VEL PELA N\u00c3O PADRONIZA\u00c7\u00c3O OU QUALIDADE DOS CARTUCHOS GEN\u00c9RICOS \/ UNIVERSAIS.<\/p>\n","protected":false},"excerpt":{"rendered":"<p>G\u00eanesis foi desenvolvido para fornecer aos artistas equipamentos de alta qualidade que facilitam o ajuste da exposi\u00e7\u00e3o da agulha.<\/p>\n<p>Com acabamento em alum\u00ednio anodizado, esse grip foi projetado para uso em m\u00e1quinas rotativas. Cada clique do grip representa um avan\u00e7o de 0,17 mm na exposi\u00e7\u00e3o da agulha.<\/p>\n<p>Pode ser esterilizado em autoclave.<\/p>\n","protected":false},"featured_media":2351,"comment_status":"closed","ping_status":"closed","template":"","meta":{"_acf_changed":false,"_et_pb_use_builder":"","_et_pb_old_content":"","_et_gb_content_width":"","inline_featured_image":false},"product_brand":[],"product_cat":[722,727,745,750,753],"product_tag":[],"class_list":{"0":"post-37650","1":"product","2":"type-product","3":"status-publish","4":"has-post-thumbnail","6":"product_cat-accesorios-pt","7":"product_cat-pecas-para-maquinas-de-tatuagem","8":"product_cat-tattoo","9":"product_cat-grips-pt","10":"product_cat-grips-aluminio-cartuchos-pt-pt","12":"first","13":"instock","14":"taxable","15":"shipping-taxable","16":"purchasable","17":"product-type-simple"},"acf":[],"yoast_head":"<!-- This site is optimized with the Yoast SEO plugin v27.5 - https:\/\/yoast.com\/product\/yoast-seo-wordpress\/ -->\n<title>Grip Genesis regul\u00e1vel 38mm - Electric Ink\u00ae<\/title>\n<meta name=\"robots\" content=\"index, follow, max-snippet:-1, max-image-preview:large, max-video-preview:-1\" \/>\n<link rel=\"canonical\" href=\"https:\/\/electricink.eu\/pt-pt\/producto\/grip-genesis-regulavel-38mm\/\" \/>\n<meta property=\"og:locale\" content=\"pt_PT\" \/>\n<meta property=\"og:type\" content=\"article\" \/>\n<meta property=\"og:title\" content=\"Grip Genesis regul\u00e1vel 38mm - Electric Ink\u00ae\" \/>\n<meta property=\"og:description\" content=\"G\u00eanesis foi desenvolvido para fornecer aos artistas equipamentos de alta qualidade que facilitam o ajuste da exposi\u00e7\u00e3o da agulha. Com acabamento em alum\u00ednio anodizado, esse grip foi projetado para uso em m\u00e1quinas rotativas. Cada clique do grip representa um avan\u00e7o de 0,17 mm na exposi\u00e7\u00e3o da agulha. Pode ser esterilizado em autoclave.\" \/>\n<meta property=\"og:url\" content=\"https:\/\/electricink.eu\/pt-pt\/producto\/grip-genesis-regulavel-38mm\/\" \/>\n<meta property=\"og:site_name\" content=\"Electric Ink\u00ae\" \/>\n<meta property=\"article:modified_time\" content=\"2024-02-01T15:20:19+00:00\" \/>\n<meta property=\"og:image\" content=\"https:\/\/electricink.eu\/wp-content\/uploads\/2023\/10\/Grip-de-Aluminio_Genesis-Universal_38mm.jpg\" \/>\n\t<meta property=\"og:image:width\" content=\"1080\" \/>\n\t<meta property=\"og:image:height\" content=\"1080\" \/>\n\t<meta property=\"og:image:type\" content=\"image\/jpeg\" \/>\n<meta name=\"twitter:card\" content=\"summary_large_image\" \/>\n<script type=\"application\/ld+json\" class=\"yoast-schema-graph\">{\"@context\":\"https:\\\/\\\/schema.org\",\"@graph\":[{\"@type\":\"WebPage\",\"@id\":\"https:\\\/\\\/electricink.eu\\\/pt-pt\\\/producto\\\/grip-genesis-regulavel-38mm\\\/\",\"url\":\"https:\\\/\\\/electricink.eu\\\/pt-pt\\\/producto\\\/grip-genesis-regulavel-38mm\\\/\",\"name\":\"Grip Genesis regul\u00e1vel 38mm - Electric Ink\u00ae\",\"isPartOf\":{\"@id\":\"https:\\\/\\\/electricink.eu\\\/#website\"},\"primaryImageOfPage\":{\"@id\":\"https:\\\/\\\/electricink.eu\\\/pt-pt\\\/producto\\\/grip-genesis-regulavel-38mm\\\/#primaryimage\"},\"image\":{\"@id\":\"https:\\\/\\\/electricink.eu\\\/pt-pt\\\/producto\\\/grip-genesis-regulavel-38mm\\\/#primaryimage\"},\"thumbnailUrl\":\"https:\\\/\\\/electricink.eu\\\/wp-content\\\/uploads\\\/2023\\\/10\\\/Grip-de-Aluminio_Genesis-Universal_38mm.jpg\",\"datePublished\":\"2023-12-14T00:13:51+00:00\",\"dateModified\":\"2024-02-01T15:20:19+00:00\",\"breadcrumb\":{\"@id\":\"https:\\\/\\\/electricink.eu\\\/pt-pt\\\/producto\\\/grip-genesis-regulavel-38mm\\\/#breadcrumb\"},\"inLanguage\":\"pt-PT\",\"potentialAction\":[{\"@type\":\"ReadAction\",\"target\":[\"https:\\\/\\\/electricink.eu\\\/pt-pt\\\/producto\\\/grip-genesis-regulavel-38mm\\\/\"]}]},{\"@type\":\"ImageObject\",\"inLanguage\":\"pt-PT\",\"@id\":\"https:\\\/\\\/electricink.eu\\\/pt-pt\\\/producto\\\/grip-genesis-regulavel-38mm\\\/#primaryimage\",\"url\":\"https:\\\/\\\/electricink.eu\\\/wp-content\\\/uploads\\\/2023\\\/10\\\/Grip-de-Aluminio_Genesis-Universal_38mm.jpg\",\"contentUrl\":\"https:\\\/\\\/electricink.eu\\\/wp-content\\\/uploads\\\/2023\\\/10\\\/Grip-de-Aluminio_Genesis-Universal_38mm.jpg\",\"width\":1080,\"height\":1080},{\"@type\":\"BreadcrumbList\",\"@id\":\"https:\\\/\\\/electricink.eu\\\/pt-pt\\\/producto\\\/grip-genesis-regulavel-38mm\\\/#breadcrumb\",\"itemListElement\":[{\"@type\":\"ListItem\",\"position\":1,\"name\":\"Portada\",\"item\":\"https:\\\/\\\/electricink.eu\\\/pt-pt\\\/home\\\/\"},{\"@type\":\"ListItem\",\"position\":2,\"name\":\"Tienda\",\"item\":\"https:\\\/\\\/electricink.eu\\\/tienda\\\/\"},{\"@type\":\"ListItem\",\"position\":3,\"name\":\"Grip Genesis regul\u00e1vel 38mm\"}]},{\"@type\":\"WebSite\",\"@id\":\"https:\\\/\\\/electricink.eu\\\/#website\",\"url\":\"https:\\\/\\\/electricink.eu\\\/\",\"name\":\"Electric Ink\u00ae\",\"description\":\"Material para Tatuar Profesional en Europa - Electric Ink\u00ae\",\"potentialAction\":[{\"@type\":\"SearchAction\",\"target\":{\"@type\":\"EntryPoint\",\"urlTemplate\":\"https:\\\/\\\/electricink.eu\\\/?s={search_term_string}\"},\"query-input\":{\"@type\":\"PropertyValueSpecification\",\"valueRequired\":true,\"valueName\":\"search_term_string\"}}],\"inLanguage\":\"pt-PT\"}]}<\/script>\n<!-- \/ Yoast SEO plugin. -->","yoast_head_json":{"title":"Grip Genesis regul\u00e1vel 38mm - Electric Ink\u00ae","robots":{"index":"index","follow":"follow","max-snippet":"max-snippet:-1","max-image-preview":"max-image-preview:large","max-video-preview":"max-video-preview:-1"},"canonical":"https:\/\/electricink.eu\/pt-pt\/producto\/grip-genesis-regulavel-38mm\/","og_locale":"pt_PT","og_type":"article","og_title":"Grip Genesis regul\u00e1vel 38mm - Electric Ink\u00ae","og_description":"G\u00eanesis foi desenvolvido para fornecer aos artistas equipamentos de alta qualidade que facilitam o ajuste da exposi\u00e7\u00e3o da agulha. Com acabamento em alum\u00ednio anodizado, esse grip foi projetado para uso em m\u00e1quinas rotativas. Cada clique do grip representa um avan\u00e7o de 0,17 mm na exposi\u00e7\u00e3o da agulha. Pode ser esterilizado em autoclave.","og_url":"https:\/\/electricink.eu\/pt-pt\/producto\/grip-genesis-regulavel-38mm\/","og_site_name":"Electric Ink\u00ae","article_modified_time":"2024-02-01T15:20:19+00:00","og_image":[{"width":1080,"height":1080,"url":"https:\/\/electricink.eu\/wp-content\/uploads\/2023\/10\/Grip-de-Aluminio_Genesis-Universal_38mm.jpg","type":"image\/jpeg"}],"twitter_card":"summary_large_image","schema":{"@context":"https:\/\/schema.org","@graph":[{"@type":"WebPage","@id":"https:\/\/electricink.eu\/pt-pt\/producto\/grip-genesis-regulavel-38mm\/","url":"https:\/\/electricink.eu\/pt-pt\/producto\/grip-genesis-regulavel-38mm\/","name":"Grip Genesis regul\u00e1vel 38mm - Electric Ink\u00ae","isPartOf":{"@id":"https:\/\/electricink.eu\/#website"},"primaryImageOfPage":{"@id":"https:\/\/electricink.eu\/pt-pt\/producto\/grip-genesis-regulavel-38mm\/#primaryimage"},"image":{"@id":"https:\/\/electricink.eu\/pt-pt\/producto\/grip-genesis-regulavel-38mm\/#primaryimage"},"thumbnailUrl":"https:\/\/electricink.eu\/wp-content\/uploads\/2023\/10\/Grip-de-Aluminio_Genesis-Universal_38mm.jpg","datePublished":"2023-12-14T00:13:51+00:00","dateModified":"2024-02-01T15:20:19+00:00","breadcrumb":{"@id":"https:\/\/electricink.eu\/pt-pt\/producto\/grip-genesis-regulavel-38mm\/#breadcrumb"},"inLanguage":"pt-PT","potentialAction":[{"@type":"ReadAction","target":["https:\/\/electricink.eu\/pt-pt\/producto\/grip-genesis-regulavel-38mm\/"]}]},{"@type":"ImageObject","inLanguage":"pt-PT","@id":"https:\/\/electricink.eu\/pt-pt\/producto\/grip-genesis-regulavel-38mm\/#primaryimage","url":"https:\/\/electricink.eu\/wp-content\/uploads\/2023\/10\/Grip-de-Aluminio_Genesis-Universal_38mm.jpg","contentUrl":"https:\/\/electricink.eu\/wp-content\/uploads\/2023\/10\/Grip-de-Aluminio_Genesis-Universal_38mm.jpg","width":1080,"height":1080},{"@type":"BreadcrumbList","@id":"https:\/\/electricink.eu\/pt-pt\/producto\/grip-genesis-regulavel-38mm\/#breadcrumb","itemListElement":[{"@type":"ListItem","position":1,"name":"Portada","item":"https:\/\/electricink.eu\/pt-pt\/home\/"},{"@type":"ListItem","position":2,"name":"Tienda","item":"https:\/\/electricink.eu\/tienda\/"},{"@type":"ListItem","position":3,"name":"Grip Genesis regul\u00e1vel 38mm"}]},{"@type":"WebSite","@id":"https:\/\/electricink.eu\/#website","url":"https:\/\/electricink.eu\/","name":"Electric Ink\u00ae","description":"Material para Tatuar Profesional en Europa - Electric Ink\u00ae","potentialAction":[{"@type":"SearchAction","target":{"@type":"EntryPoint","urlTemplate":"https:\/\/electricink.eu\/?s={search_term_string}"},"query-input":{"@type":"PropertyValueSpecification","valueRequired":true,"valueName":"search_term_string"}}],"inLanguage":"pt-PT"}]}},"_links":{"self":[{"href":"https:\/\/electricink.eu\/pt-pt\/wp-json\/wp\/v2\/product\/37650","targetHints":{"allow":["GET"]}}],"collection":[{"href":"https:\/\/electricink.eu\/pt-pt\/wp-json\/wp\/v2\/product"}],"about":[{"href":"https:\/\/electricink.eu\/pt-pt\/wp-json\/wp\/v2\/types\/product"}],"replies":[{"embeddable":true,"href":"https:\/\/electricink.eu\/pt-pt\/wp-json\/wp\/v2\/comments?post=37650"}],"wp:featuredmedia":[{"embeddable":true,"href":"https:\/\/electricink.eu\/pt-pt\/wp-json\/wp\/v2\/media\/2351"}],"wp:attachment":[{"href":"https:\/\/electricink.eu\/pt-pt\/wp-json\/wp\/v2\/media?parent=37650"}],"wp:term":[{"taxonomy":"product_brand","embeddable":true,"href":"https:\/\/electricink.eu\/pt-pt\/wp-json\/wp\/v2\/product_brand?post=37650"},{"taxonomy":"product_cat","embeddable":true,"href":"https:\/\/electricink.eu\/pt-pt\/wp-json\/wp\/v2\/product_cat?post=37650"},{"taxonomy":"product_tag","embeddable":true,"href":"https:\/\/electricink.eu\/pt-pt\/wp-json\/wp\/v2\/product_tag?post=37650"}],"curies":[{"name":"wp","href":"https:\/\/api.w.org\/{rel}","templated":true}]}}