{"id":37677,"date":"2023-12-14T01:13:51","date_gmt":"2023-12-14T00:13:51","guid":{"rendered":"https:\/\/electricink.eu\/producto\/electra-driller-preto-fosco-grip-26mm\/"},"modified":"2023-12-14T01:13:51","modified_gmt":"2023-12-14T00:13:51","slug":"electra-driller-preto-fosco-grip-26mm","status":"publish","type":"product","link":"https:\/\/electricink.eu\/pt-pt\/producto\/electra-driller-preto-fosco-grip-26mm\/","title":{"rendered":"Electra Driller &#8211; Preto fosco &#8211; grip 26mm"},"content":{"rendered":"<p><strong>&#8212;&#8212;&#8212;&#8212;&#8212;&#8212;- Especifica\u00e7\u00f5es \/ Pesos \/ Dimens\u00f5es &#8212;&#8212;&#8212;&#8212;&#8212;&#8212;-<\/strong><\/p>\n<p>&#8211; Motor: Mabuchi<\/p>\n<p>&#8211; Tens\u00e3o de trabalho: 6 a 12 volts;<\/p>\n<p>&#8211; Curso da m\u00e1quina: 3,2 mm<\/p>\n<p>&#8211; Exposi\u00e7\u00e3o da agulha: 0-5mm<\/p>\n<p>&#8211; Conex\u00e3o el\u00e9trica: RCA<\/p>\n<p>&#8211; Peso: 104 gramas<\/p>\n<p>&#8211; Dimens\u00f5es: 72x29x50mm<\/p>\n<p><strong>&#8212;&#8212;&#8212;&#8212;&#8212;&#8212;&#8212;&#8212;&#8212;&#8212;- Itens inclu\u00eddos &#8212;&#8212;&#8212;&#8212;&#8212;&#8212;&#8212;&#8212;&#8212;<\/strong><\/p>\n<p>&#8211; 01 m\u00e1quina Electra Driller<\/p>\n<p>&#8211; Grip Genesis 26mm<\/p>\n<p>&#8211; Manual de instru\u00e7\u00f5es;<\/p>\n<p>* CABO N\u00c3O INCLU\u00cdDO<\/p>\n<p><strong>&#8212;&#8212;&#8212;&#8212;&#8212;&#8212;&#8212;&#8212;- Garantia do produto &#8212;&#8212;&#8212;&#8212;&#8212;&#8212;&#8212;&#8212;&#8211;<\/strong><\/p>\n<p>O per\u00edodo de garantia oferecido pela Electric Ink segue os regulamentos europeus atuais. A garantia de Electric Ink contra defeitos de fabrica\u00e7\u00e3o come\u00e7a a partir da compra do produto pelo consumidor, verificada na nota fiscal de compra do respectivo item.<\/p>\n<p><strong>&#8212;&#8212;&#8212;&#8212;&#8212;&#8212;&#8212;&#8212;&#8212;Assist\u00eancia t\u00e9cnica&#8212;&#8212;&#8212;&#8212;&#8212;&#8212;&#8212;&#8212;&#8211;<\/strong><\/p>\n<p>contacto por email atrav\u00e9s de info@electric.local<\/p>\n","protected":false},"excerpt":{"rendered":"<p>Electra Driller da Electric ink + Grip Genesis: o equil\u00edbrio perfeito para realizar o seu trabalho.<\/p>\n<p>Electra Driller foi desenvolvida para ser usada em conjunto com o Grip Genesis afim de que o artista encontre o equil\u00edbrio perfeito do equipamento em suas m\u00e3os. A m\u00e1quina, mais leve, usada em conjunto com a Grip, mais pesado, equilibra o peso (centro de gravidade concentrado no grip), gerando uma batida surpreendentemente forte, permitindo ao artista maior facilidade e controle para trabalhar. A m\u00e1quina possui um sistema de virabrequim que compensa a vibra\u00e7\u00e3o enquanto cria mais impacto na agulha.<\/p>\n<p>Com o uso do Genesis Grip, o tatuador pode regular a exposi\u00e7\u00e3o da agulha em at\u00e9 5mm. O Grip tamb\u00e9m possui um sistema de dire\u00e7\u00e3o para que os cartuchos fiquem sempre na mesma posi\u00e7\u00e3o, evitando que girem durante o ajuste.<\/p>\n","protected":false},"featured_media":34268,"comment_status":"closed","ping_status":"closed","template":"","meta":{"_acf_changed":false,"_et_pb_use_builder":"","_et_pb_old_content":"","_et_gb_content_width":"","inline_featured_image":false},"product_brand":[],"product_cat":[745,755,758],"product_tag":[],"class_list":{"0":"post-37677","1":"product","2":"type-product","3":"status-publish","4":"has-post-thumbnail","6":"product_cat-tattoo","7":"product_cat-maquinas-de-tatuagem","8":"product_cat-maquinas-rotativas-pt-pt","10":"first","11":"instock","12":"taxable","13":"shipping-taxable","14":"purchasable","15":"product-type-simple"},"acf":[],"yoast_head":"<!-- This site is optimized with the Yoast SEO plugin v27.4 - https:\/\/yoast.com\/product\/yoast-seo-wordpress\/ -->\n<title>Electra Driller - Preto fosco - grip 26mm - Electric Ink\u00ae<\/title>\n<meta name=\"robots\" content=\"index, follow, max-snippet:-1, max-image-preview:large, max-video-preview:-1\" \/>\n<link rel=\"canonical\" href=\"https:\/\/electricink.eu\/pt-pt\/producto\/electra-driller-preto-fosco-grip-26mm\/\" \/>\n<meta property=\"og:locale\" content=\"pt_PT\" \/>\n<meta property=\"og:type\" content=\"article\" \/>\n<meta property=\"og:title\" content=\"Electra Driller - Preto fosco - grip 26mm - Electric Ink\u00ae\" \/>\n<meta property=\"og:description\" content=\"Electra Driller da Electric ink + Grip Genesis: o equil\u00edbrio perfeito para realizar o seu trabalho. Electra Driller foi desenvolvida para ser usada em conjunto com o Grip Genesis afim de que o artista encontre o equil\u00edbrio perfeito do equipamento em suas m\u00e3os. A m\u00e1quina, mais leve, usada em conjunto com a Grip, mais pesado, equilibra o peso (centro de gravidade concentrado no grip), gerando uma batida surpreendentemente forte, permitindo ao artista maior facilidade e controle para trabalhar. A m\u00e1quina possui um sistema de virabrequim que compensa a vibra\u00e7\u00e3o enquanto cria mais impacto na agulha. Com o uso do Genesis Grip, o tatuador pode regular a exposi\u00e7\u00e3o da agulha em at\u00e9 5mm. O Grip tamb\u00e9m possui um sistema de dire\u00e7\u00e3o para que os cartuchos fiquem sempre na mesma posi\u00e7\u00e3o, evitando que girem durante o ajuste.\" \/>\n<meta property=\"og:url\" content=\"https:\/\/electricink.eu\/pt-pt\/producto\/electra-driller-preto-fosco-grip-26mm\/\" \/>\n<meta property=\"og:site_name\" content=\"Electric Ink\u00ae\" \/>\n<meta property=\"og:image\" content=\"https:\/\/electricink.eu\/wp-content\/uploads\/2023\/12\/Electra_Driller_Maquina_Tatuaje_grip_26mm-1.jpg\" \/>\n\t<meta property=\"og:image:width\" content=\"500\" \/>\n\t<meta property=\"og:image:height\" content=\"500\" \/>\n\t<meta property=\"og:image:type\" content=\"image\/jpeg\" \/>\n<meta name=\"twitter:card\" content=\"summary_large_image\" \/>\n<meta name=\"twitter:label1\" content=\"Tempo estimado de leitura\" \/>\n\t<meta name=\"twitter:data1\" content=\"1 minuto\" \/>\n<script type=\"application\/ld+json\" class=\"yoast-schema-graph\">{\"@context\":\"https:\\\/\\\/schema.org\",\"@graph\":[{\"@type\":\"WebPage\",\"@id\":\"https:\\\/\\\/electricink.eu\\\/pt-pt\\\/producto\\\/electra-driller-preto-fosco-grip-26mm\\\/\",\"url\":\"https:\\\/\\\/electricink.eu\\\/pt-pt\\\/producto\\\/electra-driller-preto-fosco-grip-26mm\\\/\",\"name\":\"Electra Driller - Preto fosco - grip 26mm - Electric Ink\u00ae\",\"isPartOf\":{\"@id\":\"https:\\\/\\\/electricink.eu\\\/#website\"},\"primaryImageOfPage\":{\"@id\":\"https:\\\/\\\/electricink.eu\\\/pt-pt\\\/producto\\\/electra-driller-preto-fosco-grip-26mm\\\/#primaryimage\"},\"image\":{\"@id\":\"https:\\\/\\\/electricink.eu\\\/pt-pt\\\/producto\\\/electra-driller-preto-fosco-grip-26mm\\\/#primaryimage\"},\"thumbnailUrl\":\"https:\\\/\\\/electricink.eu\\\/wp-content\\\/uploads\\\/2023\\\/12\\\/Electra_Driller_Maquina_Tatuaje_grip_26mm-1.jpg\",\"datePublished\":\"2023-12-14T00:13:51+00:00\",\"breadcrumb\":{\"@id\":\"https:\\\/\\\/electricink.eu\\\/pt-pt\\\/producto\\\/electra-driller-preto-fosco-grip-26mm\\\/#breadcrumb\"},\"inLanguage\":\"pt-PT\",\"potentialAction\":[{\"@type\":\"ReadAction\",\"target\":[\"https:\\\/\\\/electricink.eu\\\/pt-pt\\\/producto\\\/electra-driller-preto-fosco-grip-26mm\\\/\"]}]},{\"@type\":\"ImageObject\",\"inLanguage\":\"pt-PT\",\"@id\":\"https:\\\/\\\/electricink.eu\\\/pt-pt\\\/producto\\\/electra-driller-preto-fosco-grip-26mm\\\/#primaryimage\",\"url\":\"https:\\\/\\\/electricink.eu\\\/wp-content\\\/uploads\\\/2023\\\/12\\\/Electra_Driller_Maquina_Tatuaje_grip_26mm-1.jpg\",\"contentUrl\":\"https:\\\/\\\/electricink.eu\\\/wp-content\\\/uploads\\\/2023\\\/12\\\/Electra_Driller_Maquina_Tatuaje_grip_26mm-1.jpg\",\"width\":500,\"height\":500},{\"@type\":\"BreadcrumbList\",\"@id\":\"https:\\\/\\\/electricink.eu\\\/pt-pt\\\/producto\\\/electra-driller-preto-fosco-grip-26mm\\\/#breadcrumb\",\"itemListElement\":[{\"@type\":\"ListItem\",\"position\":1,\"name\":\"Portada\",\"item\":\"https:\\\/\\\/electricink.eu\\\/pt-pt\\\/home\\\/\"},{\"@type\":\"ListItem\",\"position\":2,\"name\":\"Tienda\",\"item\":\"https:\\\/\\\/electricink.eu\\\/tienda\\\/\"},{\"@type\":\"ListItem\",\"position\":3,\"name\":\"Electra Driller &#8211; Preto fosco &#8211; grip 26mm\"}]},{\"@type\":\"WebSite\",\"@id\":\"https:\\\/\\\/electricink.eu\\\/#website\",\"url\":\"https:\\\/\\\/electricink.eu\\\/\",\"name\":\"Electric Ink\u00ae\",\"description\":\"Material para Tatuar Profesional en Europa - Electric Ink\u00ae\",\"potentialAction\":[{\"@type\":\"SearchAction\",\"target\":{\"@type\":\"EntryPoint\",\"urlTemplate\":\"https:\\\/\\\/electricink.eu\\\/?s={search_term_string}\"},\"query-input\":{\"@type\":\"PropertyValueSpecification\",\"valueRequired\":true,\"valueName\":\"search_term_string\"}}],\"inLanguage\":\"pt-PT\"}]}<\/script>\n<!-- \/ Yoast SEO plugin. -->","yoast_head_json":{"title":"Electra Driller - Preto fosco - grip 26mm - Electric Ink\u00ae","robots":{"index":"index","follow":"follow","max-snippet":"max-snippet:-1","max-image-preview":"max-image-preview:large","max-video-preview":"max-video-preview:-1"},"canonical":"https:\/\/electricink.eu\/pt-pt\/producto\/electra-driller-preto-fosco-grip-26mm\/","og_locale":"pt_PT","og_type":"article","og_title":"Electra Driller - Preto fosco - grip 26mm - Electric Ink\u00ae","og_description":"Electra Driller da Electric ink + Grip Genesis: o equil\u00edbrio perfeito para realizar o seu trabalho. Electra Driller foi desenvolvida para ser usada em conjunto com o Grip Genesis afim de que o artista encontre o equil\u00edbrio perfeito do equipamento em suas m\u00e3os. A m\u00e1quina, mais leve, usada em conjunto com a Grip, mais pesado, equilibra o peso (centro de gravidade concentrado no grip), gerando uma batida surpreendentemente forte, permitindo ao artista maior facilidade e controle para trabalhar. A m\u00e1quina possui um sistema de virabrequim que compensa a vibra\u00e7\u00e3o enquanto cria mais impacto na agulha. Com o uso do Genesis Grip, o tatuador pode regular a exposi\u00e7\u00e3o da agulha em at\u00e9 5mm. O Grip tamb\u00e9m possui um sistema de dire\u00e7\u00e3o para que os cartuchos fiquem sempre na mesma posi\u00e7\u00e3o, evitando que girem durante o ajuste.","og_url":"https:\/\/electricink.eu\/pt-pt\/producto\/electra-driller-preto-fosco-grip-26mm\/","og_site_name":"Electric Ink\u00ae","og_image":[{"width":500,"height":500,"url":"https:\/\/electricink.eu\/wp-content\/uploads\/2023\/12\/Electra_Driller_Maquina_Tatuaje_grip_26mm-1.jpg","type":"image\/jpeg"}],"twitter_card":"summary_large_image","twitter_misc":{"Tempo estimado de leitura":"1 minuto"},"schema":{"@context":"https:\/\/schema.org","@graph":[{"@type":"WebPage","@id":"https:\/\/electricink.eu\/pt-pt\/producto\/electra-driller-preto-fosco-grip-26mm\/","url":"https:\/\/electricink.eu\/pt-pt\/producto\/electra-driller-preto-fosco-grip-26mm\/","name":"Electra Driller - Preto fosco - grip 26mm - Electric Ink\u00ae","isPartOf":{"@id":"https:\/\/electricink.eu\/#website"},"primaryImageOfPage":{"@id":"https:\/\/electricink.eu\/pt-pt\/producto\/electra-driller-preto-fosco-grip-26mm\/#primaryimage"},"image":{"@id":"https:\/\/electricink.eu\/pt-pt\/producto\/electra-driller-preto-fosco-grip-26mm\/#primaryimage"},"thumbnailUrl":"https:\/\/electricink.eu\/wp-content\/uploads\/2023\/12\/Electra_Driller_Maquina_Tatuaje_grip_26mm-1.jpg","datePublished":"2023-12-14T00:13:51+00:00","breadcrumb":{"@id":"https:\/\/electricink.eu\/pt-pt\/producto\/electra-driller-preto-fosco-grip-26mm\/#breadcrumb"},"inLanguage":"pt-PT","potentialAction":[{"@type":"ReadAction","target":["https:\/\/electricink.eu\/pt-pt\/producto\/electra-driller-preto-fosco-grip-26mm\/"]}]},{"@type":"ImageObject","inLanguage":"pt-PT","@id":"https:\/\/electricink.eu\/pt-pt\/producto\/electra-driller-preto-fosco-grip-26mm\/#primaryimage","url":"https:\/\/electricink.eu\/wp-content\/uploads\/2023\/12\/Electra_Driller_Maquina_Tatuaje_grip_26mm-1.jpg","contentUrl":"https:\/\/electricink.eu\/wp-content\/uploads\/2023\/12\/Electra_Driller_Maquina_Tatuaje_grip_26mm-1.jpg","width":500,"height":500},{"@type":"BreadcrumbList","@id":"https:\/\/electricink.eu\/pt-pt\/producto\/electra-driller-preto-fosco-grip-26mm\/#breadcrumb","itemListElement":[{"@type":"ListItem","position":1,"name":"Portada","item":"https:\/\/electricink.eu\/pt-pt\/home\/"},{"@type":"ListItem","position":2,"name":"Tienda","item":"https:\/\/electricink.eu\/tienda\/"},{"@type":"ListItem","position":3,"name":"Electra Driller &#8211; Preto fosco &#8211; grip 26mm"}]},{"@type":"WebSite","@id":"https:\/\/electricink.eu\/#website","url":"https:\/\/electricink.eu\/","name":"Electric Ink\u00ae","description":"Material para Tatuar Profesional en Europa - Electric Ink\u00ae","potentialAction":[{"@type":"SearchAction","target":{"@type":"EntryPoint","urlTemplate":"https:\/\/electricink.eu\/?s={search_term_string}"},"query-input":{"@type":"PropertyValueSpecification","valueRequired":true,"valueName":"search_term_string"}}],"inLanguage":"pt-PT"}]}},"_links":{"self":[{"href":"https:\/\/electricink.eu\/pt-pt\/wp-json\/wp\/v2\/product\/37677","targetHints":{"allow":["GET"]}}],"collection":[{"href":"https:\/\/electricink.eu\/pt-pt\/wp-json\/wp\/v2\/product"}],"about":[{"href":"https:\/\/electricink.eu\/pt-pt\/wp-json\/wp\/v2\/types\/product"}],"replies":[{"embeddable":true,"href":"https:\/\/electricink.eu\/pt-pt\/wp-json\/wp\/v2\/comments?post=37677"}],"wp:featuredmedia":[{"embeddable":true,"href":"https:\/\/electricink.eu\/pt-pt\/wp-json\/wp\/v2\/media\/34268"}],"wp:attachment":[{"href":"https:\/\/electricink.eu\/pt-pt\/wp-json\/wp\/v2\/media?parent=37677"}],"wp:term":[{"taxonomy":"product_brand","embeddable":true,"href":"https:\/\/electricink.eu\/pt-pt\/wp-json\/wp\/v2\/product_brand?post=37677"},{"taxonomy":"product_cat","embeddable":true,"href":"https:\/\/electricink.eu\/pt-pt\/wp-json\/wp\/v2\/product_cat?post=37677"},{"taxonomy":"product_tag","embeddable":true,"href":"https:\/\/electricink.eu\/pt-pt\/wp-json\/wp\/v2\/product_tag?post=37677"}],"curies":[{"name":"wp","href":"https:\/\/api.w.org\/{rel}","templated":true}]}}