{"id":37680,"date":"2023-12-14T01:13:51","date_gmt":"2023-12-14T00:13:51","guid":{"rendered":"https:\/\/electricink.eu\/producto\/tebori-de-aluminio-preto\/"},"modified":"2024-02-01T16:12:11","modified_gmt":"2024-02-01T15:12:11","slug":"tebori-de-aluminio-preto","status":"publish","type":"product","link":"https:\/\/electricink.eu\/pt-pt\/producto\/tebori-de-aluminio-preto\/","title":{"rendered":"Tebori de alum\u00ednio &#8211; Preto"},"content":{"rendered":"<p><strong>Tebori\/Inductor de Aluminio &#8211; Electric Ink<\/strong><\/p>\n<p><strong>&#8212;&#8212;&#8212;&#8212;&#8212;- Especifica\u00e7\u00f5es \/ Peso \/ Dimens\u00f5es &#8212;&#8212;&#8212;&#8212;&#8212;&#8212;-<\/strong><\/p>\n<p>&#8211; Utiliza\u00e7\u00e3o: microblading<br \/>&#8211; Material: Alum\u00ednio de avia\u00e7\u00e3o anodizado, polido e autoclav\u00e1vel<br \/>&#8211; Cor: preto<br \/>&#8211; Peso: 14 gramas<br \/>&#8211; Dimens\u00f5es: 116mm x 10mm<\/p>\n<p><strong>&#8212;&#8212;&#8212;&#8212;&#8212;&#8212;&#8212;&#8212;- Itens Inclu\u00eddos &#8212;&#8212;&#8212;&#8212;&#8212;&#8212;&#8212;&#8212;-<\/strong><\/p>\n<p>&#8211; 01 tebori\/indutor de alum\u00ednio<br \/>&#8211; Manual de instru\u00e7\u00f5es<br \/>&#8211; Per\u00edodo de garantia do produto<br \/>* l\u00e2minas n\u00e3o inclu\u00eddas<\/p>\n<p><strong>Garantia do produto:<\/strong><\/p>\n<p>O per\u00edodo de garantia oferecido pela Electric Ink segue os regulamentos europeus atuais. A garantia da Electric Ink para defeitos de fabrica\u00e7\u00e3o come\u00e7a a partir da compra do produto pelo consumidor, verificada na nota fiscal de compra do respectivo item.<\/p>\n<p><strong>Assist\u00eancia t\u00e9cnica:<\/strong> contato por e-mail atrav\u00e9s de info@electric.local<\/p>\n","protected":false},"excerpt":{"rendered":"<p><strong>Indutor Tebori\/Alum\u00ednio.<\/strong><\/p>\n<p>Os teboris de alum\u00ednio, tamb\u00e9m conhecidos como indutores, s\u00e3o fabricados em alum\u00ednio aeron\u00e1utico anodizado, polido e pr\u00f3prio para autoclavagem, foram desenvolvidos para atender as necessidades dos profissionais de microblading, oferecendo ao artista maior estabilidade e seguran\u00e7a. Seu design anat\u00f4mico e ultraleve foi especialmente desenvolvido para se adaptar com efici\u00eancia \u00e0 m\u00e3o do artista.<\/p>\n<p>Praticidade e versatilidade na hora de pigmentar!<\/p>\n","protected":false},"featured_media":39156,"comment_status":"closed","ping_status":"closed","template":"","meta":{"_acf_changed":false,"_et_pb_use_builder":"","_et_pb_old_content":"","_et_gb_content_width":"","inline_featured_image":false},"product_brand":[],"product_cat":[731,739,742],"product_tag":[],"class_list":{"0":"post-37680","1":"product","2":"type-product","3":"status-publish","4":"has-post-thumbnail","6":"product_cat-micropigmentacao","7":"product_cat-teboris-pt","8":"product_cat-teboris-aluminio","10":"first","11":"outofstock","12":"taxable","13":"shipping-taxable","14":"purchasable","15":"product-type-simple"},"acf":[],"yoast_head":"<!-- This site is optimized with the Yoast SEO plugin v27.4 - https:\/\/yoast.com\/product\/yoast-seo-wordpress\/ -->\n<title>Tebori de alum\u00ednio - Preto - Electric Ink\u00ae<\/title>\n<meta name=\"robots\" content=\"index, follow, max-snippet:-1, max-image-preview:large, max-video-preview:-1\" \/>\n<link rel=\"canonical\" href=\"https:\/\/electricink.eu\/pt-pt\/producto\/tebori-de-aluminio-preto\/\" \/>\n<meta property=\"og:locale\" content=\"pt_PT\" \/>\n<meta property=\"og:type\" content=\"article\" \/>\n<meta property=\"og:title\" content=\"Tebori de alum\u00ednio - Preto - Electric Ink\u00ae\" \/>\n<meta property=\"og:description\" content=\"Indutor Tebori\/Alum\u00ednio. Os teboris de alum\u00ednio, tamb\u00e9m conhecidos como indutores, s\u00e3o fabricados em alum\u00ednio aeron\u00e1utico anodizado, polido e pr\u00f3prio para autoclavagem, foram desenvolvidos para atender as necessidades dos profissionais de microblading, oferecendo ao artista maior estabilidade e seguran\u00e7a. Seu design anat\u00f4mico e ultraleve foi especialmente desenvolvido para se adaptar com efici\u00eancia \u00e0 m\u00e3o do artista. Praticidade e versatilidade na hora de pigmentar!\" \/>\n<meta property=\"og:url\" content=\"https:\/\/electricink.eu\/pt-pt\/producto\/tebori-de-aluminio-preto\/\" \/>\n<meta property=\"og:site_name\" content=\"Electric Ink\u00ae\" \/>\n<meta property=\"article:modified_time\" content=\"2024-02-01T15:12:11+00:00\" \/>\n<meta property=\"og:image\" content=\"https:\/\/electricink.eu\/wp-content\/uploads\/2023\/12\/Tebori-Aluminio-Preto-01-2.png\" \/>\n\t<meta property=\"og:image:width\" content=\"1080\" \/>\n\t<meta property=\"og:image:height\" content=\"1080\" \/>\n\t<meta property=\"og:image:type\" content=\"image\/png\" \/>\n<meta name=\"twitter:card\" content=\"summary_large_image\" \/>\n<meta name=\"twitter:label1\" content=\"Tempo estimado de leitura\" \/>\n\t<meta name=\"twitter:data1\" content=\"1 minuto\" \/>\n<script type=\"application\/ld+json\" class=\"yoast-schema-graph\">{\"@context\":\"https:\\\/\\\/schema.org\",\"@graph\":[{\"@type\":\"WebPage\",\"@id\":\"https:\\\/\\\/electricink.eu\\\/pt-pt\\\/producto\\\/tebori-de-aluminio-preto\\\/\",\"url\":\"https:\\\/\\\/electricink.eu\\\/pt-pt\\\/producto\\\/tebori-de-aluminio-preto\\\/\",\"name\":\"Tebori de alum\u00ednio - Preto - Electric Ink\u00ae\",\"isPartOf\":{\"@id\":\"https:\\\/\\\/electricink.eu\\\/#website\"},\"primaryImageOfPage\":{\"@id\":\"https:\\\/\\\/electricink.eu\\\/pt-pt\\\/producto\\\/tebori-de-aluminio-preto\\\/#primaryimage\"},\"image\":{\"@id\":\"https:\\\/\\\/electricink.eu\\\/pt-pt\\\/producto\\\/tebori-de-aluminio-preto\\\/#primaryimage\"},\"thumbnailUrl\":\"https:\\\/\\\/electricink.eu\\\/wp-content\\\/uploads\\\/2023\\\/12\\\/Tebori-Aluminio-Preto-01-2.png\",\"datePublished\":\"2023-12-14T00:13:51+00:00\",\"dateModified\":\"2024-02-01T15:12:11+00:00\",\"breadcrumb\":{\"@id\":\"https:\\\/\\\/electricink.eu\\\/pt-pt\\\/producto\\\/tebori-de-aluminio-preto\\\/#breadcrumb\"},\"inLanguage\":\"pt-PT\",\"potentialAction\":[{\"@type\":\"ReadAction\",\"target\":[\"https:\\\/\\\/electricink.eu\\\/pt-pt\\\/producto\\\/tebori-de-aluminio-preto\\\/\"]}]},{\"@type\":\"ImageObject\",\"inLanguage\":\"pt-PT\",\"@id\":\"https:\\\/\\\/electricink.eu\\\/pt-pt\\\/producto\\\/tebori-de-aluminio-preto\\\/#primaryimage\",\"url\":\"https:\\\/\\\/electricink.eu\\\/wp-content\\\/uploads\\\/2023\\\/12\\\/Tebori-Aluminio-Preto-01-2.png\",\"contentUrl\":\"https:\\\/\\\/electricink.eu\\\/wp-content\\\/uploads\\\/2023\\\/12\\\/Tebori-Aluminio-Preto-01-2.png\",\"width\":1080,\"height\":1080},{\"@type\":\"BreadcrumbList\",\"@id\":\"https:\\\/\\\/electricink.eu\\\/pt-pt\\\/producto\\\/tebori-de-aluminio-preto\\\/#breadcrumb\",\"itemListElement\":[{\"@type\":\"ListItem\",\"position\":1,\"name\":\"Portada\",\"item\":\"https:\\\/\\\/electricink.eu\\\/pt-pt\\\/home\\\/\"},{\"@type\":\"ListItem\",\"position\":2,\"name\":\"Tienda\",\"item\":\"https:\\\/\\\/electricink.eu\\\/tienda\\\/\"},{\"@type\":\"ListItem\",\"position\":3,\"name\":\"Tebori de alum\u00ednio &#8211; Preto\"}]},{\"@type\":\"WebSite\",\"@id\":\"https:\\\/\\\/electricink.eu\\\/#website\",\"url\":\"https:\\\/\\\/electricink.eu\\\/\",\"name\":\"Electric Ink\u00ae\",\"description\":\"Material para Tatuar Profesional en Europa - Electric Ink\u00ae\",\"potentialAction\":[{\"@type\":\"SearchAction\",\"target\":{\"@type\":\"EntryPoint\",\"urlTemplate\":\"https:\\\/\\\/electricink.eu\\\/?s={search_term_string}\"},\"query-input\":{\"@type\":\"PropertyValueSpecification\",\"valueRequired\":true,\"valueName\":\"search_term_string\"}}],\"inLanguage\":\"pt-PT\"}]}<\/script>\n<!-- \/ Yoast SEO plugin. -->","yoast_head_json":{"title":"Tebori de alum\u00ednio - Preto - Electric Ink\u00ae","robots":{"index":"index","follow":"follow","max-snippet":"max-snippet:-1","max-image-preview":"max-image-preview:large","max-video-preview":"max-video-preview:-1"},"canonical":"https:\/\/electricink.eu\/pt-pt\/producto\/tebori-de-aluminio-preto\/","og_locale":"pt_PT","og_type":"article","og_title":"Tebori de alum\u00ednio - Preto - Electric Ink\u00ae","og_description":"Indutor Tebori\/Alum\u00ednio. Os teboris de alum\u00ednio, tamb\u00e9m conhecidos como indutores, s\u00e3o fabricados em alum\u00ednio aeron\u00e1utico anodizado, polido e pr\u00f3prio para autoclavagem, foram desenvolvidos para atender as necessidades dos profissionais de microblading, oferecendo ao artista maior estabilidade e seguran\u00e7a. Seu design anat\u00f4mico e ultraleve foi especialmente desenvolvido para se adaptar com efici\u00eancia \u00e0 m\u00e3o do artista. Praticidade e versatilidade na hora de pigmentar!","og_url":"https:\/\/electricink.eu\/pt-pt\/producto\/tebori-de-aluminio-preto\/","og_site_name":"Electric Ink\u00ae","article_modified_time":"2024-02-01T15:12:11+00:00","og_image":[{"width":1080,"height":1080,"url":"https:\/\/electricink.eu\/wp-content\/uploads\/2023\/12\/Tebori-Aluminio-Preto-01-2.png","type":"image\/png"}],"twitter_card":"summary_large_image","twitter_misc":{"Tempo estimado de leitura":"1 minuto"},"schema":{"@context":"https:\/\/schema.org","@graph":[{"@type":"WebPage","@id":"https:\/\/electricink.eu\/pt-pt\/producto\/tebori-de-aluminio-preto\/","url":"https:\/\/electricink.eu\/pt-pt\/producto\/tebori-de-aluminio-preto\/","name":"Tebori de alum\u00ednio - Preto - Electric Ink\u00ae","isPartOf":{"@id":"https:\/\/electricink.eu\/#website"},"primaryImageOfPage":{"@id":"https:\/\/electricink.eu\/pt-pt\/producto\/tebori-de-aluminio-preto\/#primaryimage"},"image":{"@id":"https:\/\/electricink.eu\/pt-pt\/producto\/tebori-de-aluminio-preto\/#primaryimage"},"thumbnailUrl":"https:\/\/electricink.eu\/wp-content\/uploads\/2023\/12\/Tebori-Aluminio-Preto-01-2.png","datePublished":"2023-12-14T00:13:51+00:00","dateModified":"2024-02-01T15:12:11+00:00","breadcrumb":{"@id":"https:\/\/electricink.eu\/pt-pt\/producto\/tebori-de-aluminio-preto\/#breadcrumb"},"inLanguage":"pt-PT","potentialAction":[{"@type":"ReadAction","target":["https:\/\/electricink.eu\/pt-pt\/producto\/tebori-de-aluminio-preto\/"]}]},{"@type":"ImageObject","inLanguage":"pt-PT","@id":"https:\/\/electricink.eu\/pt-pt\/producto\/tebori-de-aluminio-preto\/#primaryimage","url":"https:\/\/electricink.eu\/wp-content\/uploads\/2023\/12\/Tebori-Aluminio-Preto-01-2.png","contentUrl":"https:\/\/electricink.eu\/wp-content\/uploads\/2023\/12\/Tebori-Aluminio-Preto-01-2.png","width":1080,"height":1080},{"@type":"BreadcrumbList","@id":"https:\/\/electricink.eu\/pt-pt\/producto\/tebori-de-aluminio-preto\/#breadcrumb","itemListElement":[{"@type":"ListItem","position":1,"name":"Portada","item":"https:\/\/electricink.eu\/pt-pt\/home\/"},{"@type":"ListItem","position":2,"name":"Tienda","item":"https:\/\/electricink.eu\/tienda\/"},{"@type":"ListItem","position":3,"name":"Tebori de alum\u00ednio &#8211; Preto"}]},{"@type":"WebSite","@id":"https:\/\/electricink.eu\/#website","url":"https:\/\/electricink.eu\/","name":"Electric Ink\u00ae","description":"Material para Tatuar Profesional en Europa - Electric Ink\u00ae","potentialAction":[{"@type":"SearchAction","target":{"@type":"EntryPoint","urlTemplate":"https:\/\/electricink.eu\/?s={search_term_string}"},"query-input":{"@type":"PropertyValueSpecification","valueRequired":true,"valueName":"search_term_string"}}],"inLanguage":"pt-PT"}]}},"_links":{"self":[{"href":"https:\/\/electricink.eu\/pt-pt\/wp-json\/wp\/v2\/product\/37680","targetHints":{"allow":["GET"]}}],"collection":[{"href":"https:\/\/electricink.eu\/pt-pt\/wp-json\/wp\/v2\/product"}],"about":[{"href":"https:\/\/electricink.eu\/pt-pt\/wp-json\/wp\/v2\/types\/product"}],"replies":[{"embeddable":true,"href":"https:\/\/electricink.eu\/pt-pt\/wp-json\/wp\/v2\/comments?post=37680"}],"wp:featuredmedia":[{"embeddable":true,"href":"https:\/\/electricink.eu\/pt-pt\/wp-json\/wp\/v2\/media\/39156"}],"wp:attachment":[{"href":"https:\/\/electricink.eu\/pt-pt\/wp-json\/wp\/v2\/media?parent=37680"}],"wp:term":[{"taxonomy":"product_brand","embeddable":true,"href":"https:\/\/electricink.eu\/pt-pt\/wp-json\/wp\/v2\/product_brand?post=37680"},{"taxonomy":"product_cat","embeddable":true,"href":"https:\/\/electricink.eu\/pt-pt\/wp-json\/wp\/v2\/product_cat?post=37680"},{"taxonomy":"product_tag","embeddable":true,"href":"https:\/\/electricink.eu\/pt-pt\/wp-json\/wp\/v2\/product_tag?post=37680"}],"curies":[{"name":"wp","href":"https:\/\/api.w.org\/{rel}","templated":true}]}}