{"id":37689,"date":"2023-12-15T01:13:51","date_gmt":"2023-12-15T00:13:51","guid":{"rendered":"https:\/\/electricink.eu\/producto\/wrap-fita-elastica-para-grip-verde\/"},"modified":"2025-02-19T22:20:44","modified_gmt":"2025-02-19T21:20:44","slug":"wrap-fita-elastica-para-grip-verde","status":"publish","type":"product","link":"https:\/\/electricink.eu\/pt-pt\/producto\/wrap-fita-elastica-para-grip-verde\/","title":{"rendered":"Wrap &#8211; Fita el\u00e1stica para grip &#8211; verde"},"content":{"rendered":"<p>Wrap &#8211; fita para cobertura de grip: 5cm x 4,50m<\/p>\n<p><strong>Cor: Verde<\/strong><\/p>\n<p><strong>Tamanho: : 5cm x 4,50m<\/strong><\/p>\n<p><strong>Venda unit\u00e1ria<\/strong><\/p>\n","protected":false},"excerpt":{"rendered":"<p>A fita el\u00e1stica Electric Ink \u00e9 feita para os grips das m\u00e1quinas de tatuagem.<\/p>\n<p>Poderosa fita autoadesiva que pode ser um excelente suporte, para melhor ader\u00eancia ao grip, redu\u00e7\u00e3o de vibra\u00e7\u00e3o e prote\u00e7\u00e3o.<\/p>\n<p>Feita de tecido el\u00e1stico especial, al\u00e9m de ser um material antiderrapante e resistente \u00e0 umidade, n\u00e3o se soltar\u00e1 facilmente com suor ou \u00e1gua.<\/p>\n<p>Dimens\u00f5es: 5cm x 4,50m<\/p>\n<p>Venda por unidade<\/p>\n","protected":false},"featured_media":32117,"comment_status":"closed","ping_status":"closed","template":"","meta":{"_acf_changed":false,"_et_pb_use_builder":"","_et_pb_old_content":"","_et_gb_content_width":"","inline_featured_image":false},"product_brand":[],"product_cat":[722,723,731,735,745,750,751,753,752,755],"product_tag":[],"class_list":{"0":"post-37689","1":"product","2":"type-product","3":"status-publish","4":"has-post-thumbnail","6":"product_cat-accesorios-pt","7":"product_cat-consumibles-pt-pt","8":"product_cat-micropigmentacao","9":"product_cat-dermografos-pt","10":"product_cat-tattoo","11":"product_cat-grips-pt","12":"product_cat-grips-de-aco","13":"product_cat-grips-aluminio-cartuchos-pt-pt","14":"product_cat-grips-descartaveis-agulhas","15":"product_cat-maquinas-de-tatuagem","17":"first","18":"instock","19":"taxable","20":"shipping-taxable","21":"purchasable","22":"product-type-simple"},"acf":[],"yoast_head":"<!-- This site is optimized with the Yoast SEO plugin v27.4 - https:\/\/yoast.com\/product\/yoast-seo-wordpress\/ -->\n<title>Wrap - Fita el\u00e1stica para grip - verde - Electric Ink\u00ae<\/title>\n<meta name=\"robots\" content=\"index, follow, max-snippet:-1, max-image-preview:large, max-video-preview:-1\" \/>\n<link rel=\"canonical\" href=\"https:\/\/electricink.eu\/producto\/wrap-venda-cubre-grip-verde\/\" \/>\n<meta property=\"og:locale\" content=\"pt_PT\" \/>\n<meta property=\"og:type\" content=\"article\" \/>\n<meta property=\"og:title\" content=\"Wrap - Fita el\u00e1stica para grip - verde - Electric Ink\u00ae\" \/>\n<meta property=\"og:description\" content=\"A fita el\u00e1stica Electric Ink \u00e9 feita para os grips das m\u00e1quinas de tatuagem. Poderosa fita autoadesiva que pode ser um excelente suporte, para melhor ader\u00eancia ao grip, redu\u00e7\u00e3o de vibra\u00e7\u00e3o e prote\u00e7\u00e3o. Feita de tecido el\u00e1stico especial, al\u00e9m de ser um material antiderrapante e resistente \u00e0 umidade, n\u00e3o se soltar\u00e1 facilmente com suor ou \u00e1gua. Dimens\u00f5es: 5cm x 4,50m Venda por unidade\" \/>\n<meta property=\"og:url\" content=\"https:\/\/electricink.eu\/producto\/wrap-venda-cubre-grip-verde\/\" \/>\n<meta property=\"og:site_name\" content=\"Electric Ink\u00ae\" \/>\n<meta property=\"article:modified_time\" content=\"2025-02-19T21:20:44+00:00\" \/>\n<meta property=\"og:image\" content=\"https:\/\/electricink.eu\/wp-content\/uploads\/2023\/12\/wrap_venda_elastica_tattoo_grip_cover_Verde-1.jpg\" \/>\n\t<meta property=\"og:image:width\" content=\"300\" \/>\n\t<meta property=\"og:image:height\" content=\"300\" \/>\n\t<meta property=\"og:image:type\" content=\"image\/jpeg\" \/>\n<meta name=\"twitter:card\" content=\"summary_large_image\" \/>\n<script type=\"application\/ld+json\" class=\"yoast-schema-graph\">{\"@context\":\"https:\\\/\\\/schema.org\",\"@graph\":[{\"@type\":\"WebPage\",\"@id\":\"https:\\\/\\\/electricink.eu\\\/producto\\\/wrap-venda-cubre-grip-verde\\\/\",\"url\":\"https:\\\/\\\/electricink.eu\\\/producto\\\/wrap-venda-cubre-grip-verde\\\/\",\"name\":\"Wrap - Fita el\u00e1stica para grip - verde - Electric Ink\u00ae\",\"isPartOf\":{\"@id\":\"https:\\\/\\\/electricink.eu\\\/#website\"},\"primaryImageOfPage\":{\"@id\":\"https:\\\/\\\/electricink.eu\\\/producto\\\/wrap-venda-cubre-grip-verde\\\/#primaryimage\"},\"image\":{\"@id\":\"https:\\\/\\\/electricink.eu\\\/producto\\\/wrap-venda-cubre-grip-verde\\\/#primaryimage\"},\"thumbnailUrl\":\"https:\\\/\\\/electricink.eu\\\/wp-content\\\/uploads\\\/2023\\\/12\\\/wrap_venda_elastica_tattoo_grip_cover_Verde-1.jpg\",\"datePublished\":\"2023-12-15T00:13:51+00:00\",\"dateModified\":\"2025-02-19T21:20:44+00:00\",\"breadcrumb\":{\"@id\":\"https:\\\/\\\/electricink.eu\\\/producto\\\/wrap-venda-cubre-grip-verde\\\/#breadcrumb\"},\"inLanguage\":\"pt-PT\",\"potentialAction\":[{\"@type\":\"ReadAction\",\"target\":[\"https:\\\/\\\/electricink.eu\\\/producto\\\/wrap-venda-cubre-grip-verde\\\/\"]}]},{\"@type\":\"ImageObject\",\"inLanguage\":\"pt-PT\",\"@id\":\"https:\\\/\\\/electricink.eu\\\/producto\\\/wrap-venda-cubre-grip-verde\\\/#primaryimage\",\"url\":\"https:\\\/\\\/electricink.eu\\\/wp-content\\\/uploads\\\/2023\\\/12\\\/wrap_venda_elastica_tattoo_grip_cover_Verde-1.jpg\",\"contentUrl\":\"https:\\\/\\\/electricink.eu\\\/wp-content\\\/uploads\\\/2023\\\/12\\\/wrap_venda_elastica_tattoo_grip_cover_Verde-1.jpg\",\"width\":300,\"height\":300},{\"@type\":\"BreadcrumbList\",\"@id\":\"https:\\\/\\\/electricink.eu\\\/producto\\\/wrap-venda-cubre-grip-verde\\\/#breadcrumb\",\"itemListElement\":[{\"@type\":\"ListItem\",\"position\":1,\"name\":\"Portada\",\"item\":\"https:\\\/\\\/electricink.eu\\\/pt-pt\\\/home\\\/\"},{\"@type\":\"ListItem\",\"position\":2,\"name\":\"Tienda\",\"item\":\"https:\\\/\\\/electricink.eu\\\/tienda\\\/\"},{\"@type\":\"ListItem\",\"position\":3,\"name\":\"Wrap &#8211; Fita el\u00e1stica para grip &#8211; verde\"}]},{\"@type\":\"WebSite\",\"@id\":\"https:\\\/\\\/electricink.eu\\\/#website\",\"url\":\"https:\\\/\\\/electricink.eu\\\/\",\"name\":\"Electric Ink\u00ae\",\"description\":\"Material para Tatuar Profesional en Europa - Electric Ink\u00ae\",\"potentialAction\":[{\"@type\":\"SearchAction\",\"target\":{\"@type\":\"EntryPoint\",\"urlTemplate\":\"https:\\\/\\\/electricink.eu\\\/?s={search_term_string}\"},\"query-input\":{\"@type\":\"PropertyValueSpecification\",\"valueRequired\":true,\"valueName\":\"search_term_string\"}}],\"inLanguage\":\"pt-PT\"}]}<\/script>\n<!-- \/ Yoast SEO plugin. -->","yoast_head_json":{"title":"Wrap - Fita el\u00e1stica para grip - verde - Electric Ink\u00ae","robots":{"index":"index","follow":"follow","max-snippet":"max-snippet:-1","max-image-preview":"max-image-preview:large","max-video-preview":"max-video-preview:-1"},"canonical":"https:\/\/electricink.eu\/producto\/wrap-venda-cubre-grip-verde\/","og_locale":"pt_PT","og_type":"article","og_title":"Wrap - Fita el\u00e1stica para grip - verde - Electric Ink\u00ae","og_description":"A fita el\u00e1stica Electric Ink \u00e9 feita para os grips das m\u00e1quinas de tatuagem. Poderosa fita autoadesiva que pode ser um excelente suporte, para melhor ader\u00eancia ao grip, redu\u00e7\u00e3o de vibra\u00e7\u00e3o e prote\u00e7\u00e3o. Feita de tecido el\u00e1stico especial, al\u00e9m de ser um material antiderrapante e resistente \u00e0 umidade, n\u00e3o se soltar\u00e1 facilmente com suor ou \u00e1gua. Dimens\u00f5es: 5cm x 4,50m Venda por unidade","og_url":"https:\/\/electricink.eu\/producto\/wrap-venda-cubre-grip-verde\/","og_site_name":"Electric Ink\u00ae","article_modified_time":"2025-02-19T21:20:44+00:00","og_image":[{"width":300,"height":300,"url":"https:\/\/electricink.eu\/wp-content\/uploads\/2023\/12\/wrap_venda_elastica_tattoo_grip_cover_Verde-1.jpg","type":"image\/jpeg"}],"twitter_card":"summary_large_image","schema":{"@context":"https:\/\/schema.org","@graph":[{"@type":"WebPage","@id":"https:\/\/electricink.eu\/producto\/wrap-venda-cubre-grip-verde\/","url":"https:\/\/electricink.eu\/producto\/wrap-venda-cubre-grip-verde\/","name":"Wrap - Fita el\u00e1stica para grip - verde - Electric Ink\u00ae","isPartOf":{"@id":"https:\/\/electricink.eu\/#website"},"primaryImageOfPage":{"@id":"https:\/\/electricink.eu\/producto\/wrap-venda-cubre-grip-verde\/#primaryimage"},"image":{"@id":"https:\/\/electricink.eu\/producto\/wrap-venda-cubre-grip-verde\/#primaryimage"},"thumbnailUrl":"https:\/\/electricink.eu\/wp-content\/uploads\/2023\/12\/wrap_venda_elastica_tattoo_grip_cover_Verde-1.jpg","datePublished":"2023-12-15T00:13:51+00:00","dateModified":"2025-02-19T21:20:44+00:00","breadcrumb":{"@id":"https:\/\/electricink.eu\/producto\/wrap-venda-cubre-grip-verde\/#breadcrumb"},"inLanguage":"pt-PT","potentialAction":[{"@type":"ReadAction","target":["https:\/\/electricink.eu\/producto\/wrap-venda-cubre-grip-verde\/"]}]},{"@type":"ImageObject","inLanguage":"pt-PT","@id":"https:\/\/electricink.eu\/producto\/wrap-venda-cubre-grip-verde\/#primaryimage","url":"https:\/\/electricink.eu\/wp-content\/uploads\/2023\/12\/wrap_venda_elastica_tattoo_grip_cover_Verde-1.jpg","contentUrl":"https:\/\/electricink.eu\/wp-content\/uploads\/2023\/12\/wrap_venda_elastica_tattoo_grip_cover_Verde-1.jpg","width":300,"height":300},{"@type":"BreadcrumbList","@id":"https:\/\/electricink.eu\/producto\/wrap-venda-cubre-grip-verde\/#breadcrumb","itemListElement":[{"@type":"ListItem","position":1,"name":"Portada","item":"https:\/\/electricink.eu\/pt-pt\/home\/"},{"@type":"ListItem","position":2,"name":"Tienda","item":"https:\/\/electricink.eu\/tienda\/"},{"@type":"ListItem","position":3,"name":"Wrap &#8211; Fita el\u00e1stica para grip &#8211; verde"}]},{"@type":"WebSite","@id":"https:\/\/electricink.eu\/#website","url":"https:\/\/electricink.eu\/","name":"Electric Ink\u00ae","description":"Material para Tatuar Profesional en Europa - Electric Ink\u00ae","potentialAction":[{"@type":"SearchAction","target":{"@type":"EntryPoint","urlTemplate":"https:\/\/electricink.eu\/?s={search_term_string}"},"query-input":{"@type":"PropertyValueSpecification","valueRequired":true,"valueName":"search_term_string"}}],"inLanguage":"pt-PT"}]}},"_links":{"self":[{"href":"https:\/\/electricink.eu\/pt-pt\/wp-json\/wp\/v2\/product\/37689","targetHints":{"allow":["GET"]}}],"collection":[{"href":"https:\/\/electricink.eu\/pt-pt\/wp-json\/wp\/v2\/product"}],"about":[{"href":"https:\/\/electricink.eu\/pt-pt\/wp-json\/wp\/v2\/types\/product"}],"replies":[{"embeddable":true,"href":"https:\/\/electricink.eu\/pt-pt\/wp-json\/wp\/v2\/comments?post=37689"}],"wp:featuredmedia":[{"embeddable":true,"href":"https:\/\/electricink.eu\/pt-pt\/wp-json\/wp\/v2\/media\/32117"}],"wp:attachment":[{"href":"https:\/\/electricink.eu\/pt-pt\/wp-json\/wp\/v2\/media?parent=37689"}],"wp:term":[{"taxonomy":"product_brand","embeddable":true,"href":"https:\/\/electricink.eu\/pt-pt\/wp-json\/wp\/v2\/product_brand?post=37689"},{"taxonomy":"product_cat","embeddable":true,"href":"https:\/\/electricink.eu\/pt-pt\/wp-json\/wp\/v2\/product_cat?post=37689"},{"taxonomy":"product_tag","embeddable":true,"href":"https:\/\/electricink.eu\/pt-pt\/wp-json\/wp\/v2\/product_tag?post=37689"}],"curies":[{"name":"wp","href":"https:\/\/api.w.org\/{rel}","templated":true}]}}