{"id":37698,"date":"2023-12-14T01:13:51","date_gmt":"2023-12-14T00:13:51","guid":{"rendered":"https:\/\/electricink.eu\/producto\/model-f-motor-transversal-rca-negro-mate\/"},"modified":"2024-02-01T15:51:18","modified_gmt":"2024-02-01T14:51:18","slug":"model-f-motor-transversal-rca-negro-mate","status":"publish","type":"product","link":"https:\/\/electricink.eu\/pt-pt\/producto\/model-f-motor-transversal-rca-negro-mate\/","title":{"rendered":"Model F motor transversal RCA &#8211; Negro Mate"},"content":{"rendered":"<p><strong>Maquina rotativa Electric Ink\u00a0 Model F &#8211; RCA<\/strong><\/p>\n<p><strong>&#8212;&#8212;&#8212;&#8212;&#8212;&#8212;Especifica\u00e7\u00f5es \/ Pesos \/ Dimens\u00f5es&#8212;&#8212;&#8212;&#8212;&#8212;&#8212;-<\/strong><\/p>\n<ul>\n<li>Cor: Preto Fosco<\/li>\n<li>Motor: Mabuchi<\/li>\n<li>Tens\u00e3o de trabalho: 6 a 12 Volts<\/li>\n<li>Conex\u00e3o: RCA<\/li>\n<li>Dimens\u00f5es: 96mm x 51mm x 31mm;<\/li>\n<li>Peso: 108 gramas<\/li>\n<\/ul>\n<p>Pode ser usada com Cartuchos, Agulhas tradicionais, Pr\u00f3 grip, Grip genesis e Tech Tubes<\/p>\n<p><strong>&#8212;&#8212;&#8212;&#8212;&#8212;&#8212;&#8212;Itens Inclusos&#8212;&#8212;&#8212;&#8212;&#8212;&#8212;&#8211;<\/strong><\/p>\n<ul>\n<li>01 M\u00e1quina Model F- RCA<\/li>\n<li>5 pares de molas intercambi\u00e1veis para ajustes<\/li>\n<li>5 an\u00e9is o-ring<\/li>\n<li>Manual de instru\u00e7\u00f5es<\/li>\n<li>Termo de garantia do produto<\/li>\n<li>Clip Cord Good Guy Preto<\/li>\n<\/ul>\n<p><strong>&#8212;&#8212;&#8212;&#8212;&#8212;&#8212;&#8212;-Garantia do produto&#8212;&#8212;&#8212;&#8212;&#8212;&#8212;&#8212;&#8212;-<\/strong><\/p>\n<p>O per\u00edodo de garantia oferecido pela Electric Ink segue os regulamentos europeus atuais. A garantia da Electric Ink para defeitos de fabrica\u00e7\u00e3o come\u00e7a a partir da compra do produto pelo consumidor, verificada na nota fiscal de compra do respectivo item.<\/p>\n<p><strong>Assist\u00eancia t\u00e9cnica:<\/strong> contato por e-mail atrav\u00e9s de info@electric.local<\/p>\n<p>&nbsp;<\/p>\n<p>&nbsp;<\/p>\n","protected":false},"excerpt":{"rendered":"<p>O Modelo F \u00e9 uma nova vers\u00e3o de rotativa acionada por mola. Control\u00e1vel, resistente e compacta.<\/p>\n<p>O sistema de acionamento traseiro foi cuidadosamente projetado para fornecer uma batida precisamente controlada de forma a garantir o ritmo correto de avan\u00e7o, penetra\u00e7\u00e3o na pele e recuo.<br \/>Essa m\u00e1quina \u00e9 \u00fanica. Na Model F um mecanismo que avan\u00e7a com a consist\u00eancia de um motor rotativo enquanto bate e recua como uma m\u00e1quina de bobina garante ao tatuador o melhor dos dois tipos de m\u00e1quinas ao mesmo tempo!<br \/>A m\u00e1quina acompanha pares de molas extras e instru\u00e7\u00f5es para que o artista ajuste a velocidade e batida de sua m\u00e1quina.<br \/>Um modelo que pode ser usado tanto pra Tra\u00e7o quanto pra Pintura, uma vez que pode ser configurado para quaisquer tipos de agulhas.<br \/>Para os amantes da for\u00e7a das m\u00e1quinas de bobina mas que n\u00e3o abrem m\u00e3o da conveni\u00eancia dos cartuchos a Model F lhes apresentar\u00e1 novas possibilidades.<\/p>\n<p>Instale a Mola C, especifica para cartuchos e aproveite!<\/p>\n<p>Al\u00e9m de tudo isso a m\u00e1quina ainda acompanha um Cabo premium, super flex\u00edvel feitos com plugs Amphenol com contato banhado em ouro.<\/p>\n","protected":false},"featured_media":2533,"comment_status":"closed","ping_status":"closed","template":"","meta":{"_acf_changed":false,"_et_pb_use_builder":"","_et_pb_old_content":"","_et_gb_content_width":"","inline_featured_image":false},"product_brand":[],"product_cat":[745,755,758],"product_tag":[],"class_list":{"0":"post-37698","1":"product","2":"type-product","3":"status-publish","4":"has-post-thumbnail","6":"product_cat-tattoo","7":"product_cat-maquinas-de-tatuagem","8":"product_cat-maquinas-rotativas-pt-pt","10":"first","11":"instock","12":"taxable","13":"shipping-taxable","14":"purchasable","15":"product-type-simple"},"acf":[],"yoast_head":"<!-- This site is optimized with the Yoast SEO plugin v27.5 - https:\/\/yoast.com\/product\/yoast-seo-wordpress\/ -->\n<title>Model F motor transversal RCA - Negro Mate - Electric Ink\u00ae<\/title>\n<meta name=\"robots\" content=\"index, follow, max-snippet:-1, max-image-preview:large, max-video-preview:-1\" \/>\n<link rel=\"canonical\" href=\"https:\/\/electricink.eu\/pt-pt\/producto\/model-f-motor-transversal-rca-negro-mate\/\" \/>\n<meta property=\"og:locale\" content=\"pt_PT\" \/>\n<meta property=\"og:type\" content=\"article\" \/>\n<meta property=\"og:title\" content=\"Model F motor transversal RCA - Negro Mate - Electric Ink\u00ae\" \/>\n<meta property=\"og:description\" content=\"O Modelo F \u00e9 uma nova vers\u00e3o de rotativa acionada por mola. Control\u00e1vel, resistente e compacta. O sistema de acionamento traseiro foi cuidadosamente projetado para fornecer uma batida precisamente controlada de forma a garantir o ritmo correto de avan\u00e7o, penetra\u00e7\u00e3o na pele e recuo.Essa m\u00e1quina \u00e9 \u00fanica. Na Model F um mecanismo que avan\u00e7a com a consist\u00eancia de um motor rotativo enquanto bate e recua como uma m\u00e1quina de bobina garante ao tatuador o melhor dos dois tipos de m\u00e1quinas ao mesmo tempo!A m\u00e1quina acompanha pares de molas extras e instru\u00e7\u00f5es para que o artista ajuste a velocidade e batida de sua m\u00e1quina.Um modelo que pode ser usado tanto pra Tra\u00e7o quanto pra Pintura, uma vez que pode ser configurado para quaisquer tipos de agulhas.Para os amantes da for\u00e7a das m\u00e1quinas de bobina mas que n\u00e3o abrem m\u00e3o da conveni\u00eancia dos cartuchos a Model F lhes apresentar\u00e1 novas possibilidades. Instale a Mola C, especifica para cartuchos e aproveite! Al\u00e9m de tudo isso a m\u00e1quina ainda acompanha um Cabo premium, super flex\u00edvel feitos com plugs Amphenol com contato banhado em ouro.\" \/>\n<meta property=\"og:url\" content=\"https:\/\/electricink.eu\/pt-pt\/producto\/model-f-motor-transversal-rca-negro-mate\/\" \/>\n<meta property=\"og:site_name\" content=\"Electric Ink\u00ae\" \/>\n<meta property=\"article:modified_time\" content=\"2024-02-01T14:51:18+00:00\" \/>\n<meta property=\"og:image\" content=\"https:\/\/electricink.eu\/wp-content\/uploads\/2023\/10\/maquina_tatuar_rotativa_model_clip_cord.jpg\" \/>\n\t<meta property=\"og:image:width\" content=\"500\" \/>\n\t<meta property=\"og:image:height\" content=\"500\" \/>\n\t<meta property=\"og:image:type\" content=\"image\/jpeg\" \/>\n<meta name=\"twitter:card\" content=\"summary_large_image\" \/>\n<meta name=\"twitter:label1\" content=\"Tempo estimado de leitura\" \/>\n\t<meta name=\"twitter:data1\" content=\"1 minuto\" \/>\n<script type=\"application\/ld+json\" class=\"yoast-schema-graph\">{\"@context\":\"https:\\\/\\\/schema.org\",\"@graph\":[{\"@type\":\"WebPage\",\"@id\":\"https:\\\/\\\/electricink.eu\\\/pt-pt\\\/producto\\\/model-f-motor-transversal-rca-negro-mate\\\/\",\"url\":\"https:\\\/\\\/electricink.eu\\\/pt-pt\\\/producto\\\/model-f-motor-transversal-rca-negro-mate\\\/\",\"name\":\"Model F motor transversal RCA - Negro Mate - Electric Ink\u00ae\",\"isPartOf\":{\"@id\":\"https:\\\/\\\/electricink.eu\\\/#website\"},\"primaryImageOfPage\":{\"@id\":\"https:\\\/\\\/electricink.eu\\\/pt-pt\\\/producto\\\/model-f-motor-transversal-rca-negro-mate\\\/#primaryimage\"},\"image\":{\"@id\":\"https:\\\/\\\/electricink.eu\\\/pt-pt\\\/producto\\\/model-f-motor-transversal-rca-negro-mate\\\/#primaryimage\"},\"thumbnailUrl\":\"https:\\\/\\\/electricink.eu\\\/wp-content\\\/uploads\\\/2023\\\/10\\\/maquina_tatuar_rotativa_model_clip_cord.jpg\",\"datePublished\":\"2023-12-14T00:13:51+00:00\",\"dateModified\":\"2024-02-01T14:51:18+00:00\",\"breadcrumb\":{\"@id\":\"https:\\\/\\\/electricink.eu\\\/pt-pt\\\/producto\\\/model-f-motor-transversal-rca-negro-mate\\\/#breadcrumb\"},\"inLanguage\":\"pt-PT\",\"potentialAction\":[{\"@type\":\"ReadAction\",\"target\":[\"https:\\\/\\\/electricink.eu\\\/pt-pt\\\/producto\\\/model-f-motor-transversal-rca-negro-mate\\\/\"]}]},{\"@type\":\"ImageObject\",\"inLanguage\":\"pt-PT\",\"@id\":\"https:\\\/\\\/electricink.eu\\\/pt-pt\\\/producto\\\/model-f-motor-transversal-rca-negro-mate\\\/#primaryimage\",\"url\":\"https:\\\/\\\/electricink.eu\\\/wp-content\\\/uploads\\\/2023\\\/10\\\/maquina_tatuar_rotativa_model_clip_cord.jpg\",\"contentUrl\":\"https:\\\/\\\/electricink.eu\\\/wp-content\\\/uploads\\\/2023\\\/10\\\/maquina_tatuar_rotativa_model_clip_cord.jpg\",\"width\":500,\"height\":500},{\"@type\":\"BreadcrumbList\",\"@id\":\"https:\\\/\\\/electricink.eu\\\/pt-pt\\\/producto\\\/model-f-motor-transversal-rca-negro-mate\\\/#breadcrumb\",\"itemListElement\":[{\"@type\":\"ListItem\",\"position\":1,\"name\":\"Portada\",\"item\":\"https:\\\/\\\/electricink.eu\\\/pt-pt\\\/home\\\/\"},{\"@type\":\"ListItem\",\"position\":2,\"name\":\"Tienda\",\"item\":\"https:\\\/\\\/electricink.eu\\\/tienda\\\/\"},{\"@type\":\"ListItem\",\"position\":3,\"name\":\"Model F motor transversal RCA &#8211; Negro Mate\"}]},{\"@type\":\"WebSite\",\"@id\":\"https:\\\/\\\/electricink.eu\\\/#website\",\"url\":\"https:\\\/\\\/electricink.eu\\\/\",\"name\":\"Electric Ink\u00ae\",\"description\":\"Material para Tatuar Profesional en Europa - Electric Ink\u00ae\",\"potentialAction\":[{\"@type\":\"SearchAction\",\"target\":{\"@type\":\"EntryPoint\",\"urlTemplate\":\"https:\\\/\\\/electricink.eu\\\/?s={search_term_string}\"},\"query-input\":{\"@type\":\"PropertyValueSpecification\",\"valueRequired\":true,\"valueName\":\"search_term_string\"}}],\"inLanguage\":\"pt-PT\"}]}<\/script>\n<!-- \/ Yoast SEO plugin. -->","yoast_head_json":{"title":"Model F motor transversal RCA - Negro Mate - Electric Ink\u00ae","robots":{"index":"index","follow":"follow","max-snippet":"max-snippet:-1","max-image-preview":"max-image-preview:large","max-video-preview":"max-video-preview:-1"},"canonical":"https:\/\/electricink.eu\/pt-pt\/producto\/model-f-motor-transversal-rca-negro-mate\/","og_locale":"pt_PT","og_type":"article","og_title":"Model F motor transversal RCA - Negro Mate - Electric Ink\u00ae","og_description":"O Modelo F \u00e9 uma nova vers\u00e3o de rotativa acionada por mola. Control\u00e1vel, resistente e compacta. O sistema de acionamento traseiro foi cuidadosamente projetado para fornecer uma batida precisamente controlada de forma a garantir o ritmo correto de avan\u00e7o, penetra\u00e7\u00e3o na pele e recuo.Essa m\u00e1quina \u00e9 \u00fanica. Na Model F um mecanismo que avan\u00e7a com a consist\u00eancia de um motor rotativo enquanto bate e recua como uma m\u00e1quina de bobina garante ao tatuador o melhor dos dois tipos de m\u00e1quinas ao mesmo tempo!A m\u00e1quina acompanha pares de molas extras e instru\u00e7\u00f5es para que o artista ajuste a velocidade e batida de sua m\u00e1quina.Um modelo que pode ser usado tanto pra Tra\u00e7o quanto pra Pintura, uma vez que pode ser configurado para quaisquer tipos de agulhas.Para os amantes da for\u00e7a das m\u00e1quinas de bobina mas que n\u00e3o abrem m\u00e3o da conveni\u00eancia dos cartuchos a Model F lhes apresentar\u00e1 novas possibilidades. Instale a Mola C, especifica para cartuchos e aproveite! Al\u00e9m de tudo isso a m\u00e1quina ainda acompanha um Cabo premium, super flex\u00edvel feitos com plugs Amphenol com contato banhado em ouro.","og_url":"https:\/\/electricink.eu\/pt-pt\/producto\/model-f-motor-transversal-rca-negro-mate\/","og_site_name":"Electric Ink\u00ae","article_modified_time":"2024-02-01T14:51:18+00:00","og_image":[{"width":500,"height":500,"url":"https:\/\/electricink.eu\/wp-content\/uploads\/2023\/10\/maquina_tatuar_rotativa_model_clip_cord.jpg","type":"image\/jpeg"}],"twitter_card":"summary_large_image","twitter_misc":{"Tempo estimado de leitura":"1 minuto"},"schema":{"@context":"https:\/\/schema.org","@graph":[{"@type":"WebPage","@id":"https:\/\/electricink.eu\/pt-pt\/producto\/model-f-motor-transversal-rca-negro-mate\/","url":"https:\/\/electricink.eu\/pt-pt\/producto\/model-f-motor-transversal-rca-negro-mate\/","name":"Model F motor transversal RCA - Negro Mate - Electric Ink\u00ae","isPartOf":{"@id":"https:\/\/electricink.eu\/#website"},"primaryImageOfPage":{"@id":"https:\/\/electricink.eu\/pt-pt\/producto\/model-f-motor-transversal-rca-negro-mate\/#primaryimage"},"image":{"@id":"https:\/\/electricink.eu\/pt-pt\/producto\/model-f-motor-transversal-rca-negro-mate\/#primaryimage"},"thumbnailUrl":"https:\/\/electricink.eu\/wp-content\/uploads\/2023\/10\/maquina_tatuar_rotativa_model_clip_cord.jpg","datePublished":"2023-12-14T00:13:51+00:00","dateModified":"2024-02-01T14:51:18+00:00","breadcrumb":{"@id":"https:\/\/electricink.eu\/pt-pt\/producto\/model-f-motor-transversal-rca-negro-mate\/#breadcrumb"},"inLanguage":"pt-PT","potentialAction":[{"@type":"ReadAction","target":["https:\/\/electricink.eu\/pt-pt\/producto\/model-f-motor-transversal-rca-negro-mate\/"]}]},{"@type":"ImageObject","inLanguage":"pt-PT","@id":"https:\/\/electricink.eu\/pt-pt\/producto\/model-f-motor-transversal-rca-negro-mate\/#primaryimage","url":"https:\/\/electricink.eu\/wp-content\/uploads\/2023\/10\/maquina_tatuar_rotativa_model_clip_cord.jpg","contentUrl":"https:\/\/electricink.eu\/wp-content\/uploads\/2023\/10\/maquina_tatuar_rotativa_model_clip_cord.jpg","width":500,"height":500},{"@type":"BreadcrumbList","@id":"https:\/\/electricink.eu\/pt-pt\/producto\/model-f-motor-transversal-rca-negro-mate\/#breadcrumb","itemListElement":[{"@type":"ListItem","position":1,"name":"Portada","item":"https:\/\/electricink.eu\/pt-pt\/home\/"},{"@type":"ListItem","position":2,"name":"Tienda","item":"https:\/\/electricink.eu\/tienda\/"},{"@type":"ListItem","position":3,"name":"Model F motor transversal RCA &#8211; Negro Mate"}]},{"@type":"WebSite","@id":"https:\/\/electricink.eu\/#website","url":"https:\/\/electricink.eu\/","name":"Electric Ink\u00ae","description":"Material para Tatuar Profesional en Europa - Electric Ink\u00ae","potentialAction":[{"@type":"SearchAction","target":{"@type":"EntryPoint","urlTemplate":"https:\/\/electricink.eu\/?s={search_term_string}"},"query-input":{"@type":"PropertyValueSpecification","valueRequired":true,"valueName":"search_term_string"}}],"inLanguage":"pt-PT"}]}},"_links":{"self":[{"href":"https:\/\/electricink.eu\/pt-pt\/wp-json\/wp\/v2\/product\/37698","targetHints":{"allow":["GET"]}}],"collection":[{"href":"https:\/\/electricink.eu\/pt-pt\/wp-json\/wp\/v2\/product"}],"about":[{"href":"https:\/\/electricink.eu\/pt-pt\/wp-json\/wp\/v2\/types\/product"}],"replies":[{"embeddable":true,"href":"https:\/\/electricink.eu\/pt-pt\/wp-json\/wp\/v2\/comments?post=37698"}],"wp:featuredmedia":[{"embeddable":true,"href":"https:\/\/electricink.eu\/pt-pt\/wp-json\/wp\/v2\/media\/2533"}],"wp:attachment":[{"href":"https:\/\/electricink.eu\/pt-pt\/wp-json\/wp\/v2\/media?parent=37698"}],"wp:term":[{"taxonomy":"product_brand","embeddable":true,"href":"https:\/\/electricink.eu\/pt-pt\/wp-json\/wp\/v2\/product_brand?post=37698"},{"taxonomy":"product_cat","embeddable":true,"href":"https:\/\/electricink.eu\/pt-pt\/wp-json\/wp\/v2\/product_cat?post=37698"},{"taxonomy":"product_tag","embeddable":true,"href":"https:\/\/electricink.eu\/pt-pt\/wp-json\/wp\/v2\/product_tag?post=37698"}],"curies":[{"name":"wp","href":"https:\/\/api.w.org\/{rel}","templated":true}]}}