{"id":37704,"date":"2023-12-14T01:13:51","date_gmt":"2023-12-14T00:13:51","guid":{"rendered":"https:\/\/electricink.eu\/producto\/adaptador-cabo-rca-para-cabo-magnetico-2\/"},"modified":"2024-02-01T15:45:00","modified_gmt":"2024-02-01T14:45:00","slug":"adaptador-cabo-rca-para-cabo-magnetico-2","status":"publish","type":"product","link":"https:\/\/electricink.eu\/pt-pt\/producto\/adaptador-cabo-rca-para-cabo-magnetico-2\/","title":{"rendered":"Adaptador cabo RCA para cabo magn\u00e9tico"},"content":{"rendered":"<p>Adaptador cabo RCA para cabo magn\u00e9tico.<\/p>\n","protected":false},"excerpt":{"rendered":"<p>Com este adaptador voc\u00ea pode conectar um cabo magn\u00e9tico \u00e0 sua m\u00e1quina de conex\u00e3o RCA.<\/p>\n<p>Compat\u00edvel com qualquer m\u00e1quina de conex\u00e3o RCA, como Electra Pop, Pen Pop, Electra Diller, Transverse Nano e outras m\u00e1quinas Electric Ink com conex\u00e3o RCA.<\/p>\n<p>\u00c9 necess\u00e1rio um cabo magn\u00e9tico Electric Ink para a liga\u00e7\u00e3o \u00e0 sua fonte de alimenta\u00e7\u00e3o.<\/p>\n","protected":false},"featured_media":39142,"comment_status":"closed","ping_status":"closed","template":"","meta":{"_acf_changed":false,"_et_pb_use_builder":"","_et_pb_old_content":"","_et_gb_content_width":"","inline_featured_image":false},"product_brand":[],"product_cat":[722,727,745,747],"product_tag":[],"class_list":{"0":"post-37704","1":"product","2":"type-product","3":"status-publish","4":"has-post-thumbnail","6":"product_cat-accesorios-pt","7":"product_cat-pecas-para-maquinas-de-tatuagem","8":"product_cat-tattoo","9":"product_cat-cabos-pt","11":"first","12":"instock","13":"taxable","14":"shipping-taxable","15":"purchasable","16":"product-type-simple"},"acf":[],"yoast_head":"<!-- This site is optimized with the Yoast SEO plugin v27.5 - https:\/\/yoast.com\/product\/yoast-seo-wordpress\/ -->\n<title>Adaptador cabo RCA para cabo magn\u00e9tico - Electric Ink\u00ae<\/title>\n<meta name=\"robots\" content=\"index, follow, max-snippet:-1, max-image-preview:large, max-video-preview:-1\" \/>\n<link rel=\"canonical\" href=\"https:\/\/electricink.eu\/pt-pt\/producto\/adaptador-cabo-rca-para-cabo-magnetico-2\/\" \/>\n<meta property=\"og:locale\" content=\"pt_PT\" \/>\n<meta property=\"og:type\" content=\"article\" \/>\n<meta property=\"og:title\" content=\"Adaptador cabo RCA para cabo magn\u00e9tico - Electric Ink\u00ae\" \/>\n<meta property=\"og:description\" content=\"Com este adaptador voc\u00ea pode conectar um cabo magn\u00e9tico \u00e0 sua m\u00e1quina de conex\u00e3o RCA. Compat\u00edvel com qualquer m\u00e1quina de conex\u00e3o RCA, como Electra Pop, Pen Pop, Electra Diller, Transverse Nano e outras m\u00e1quinas Electric Ink com conex\u00e3o RCA. \u00c9 necess\u00e1rio um cabo magn\u00e9tico Electric Ink para a liga\u00e7\u00e3o \u00e0 sua fonte de alimenta\u00e7\u00e3o.\" \/>\n<meta property=\"og:url\" content=\"https:\/\/electricink.eu\/pt-pt\/producto\/adaptador-cabo-rca-para-cabo-magnetico-2\/\" \/>\n<meta property=\"og:site_name\" content=\"Electric Ink\u00ae\" \/>\n<meta property=\"article:modified_time\" content=\"2024-02-01T14:45:00+00:00\" \/>\n<meta property=\"og:image\" content=\"https:\/\/electricink.eu\/wp-content\/uploads\/2023\/12\/adaptador_rca_cable_magnetico-5.png\" \/>\n\t<meta property=\"og:image:width\" content=\"500\" \/>\n\t<meta property=\"og:image:height\" content=\"500\" \/>\n\t<meta property=\"og:image:type\" content=\"image\/png\" \/>\n<meta name=\"twitter:card\" content=\"summary_large_image\" \/>\n<script type=\"application\/ld+json\" class=\"yoast-schema-graph\">{\"@context\":\"https:\\\/\\\/schema.org\",\"@graph\":[{\"@type\":\"WebPage\",\"@id\":\"https:\\\/\\\/electricink.eu\\\/pt-pt\\\/producto\\\/adaptador-cabo-rca-para-cabo-magnetico-2\\\/\",\"url\":\"https:\\\/\\\/electricink.eu\\\/pt-pt\\\/producto\\\/adaptador-cabo-rca-para-cabo-magnetico-2\\\/\",\"name\":\"Adaptador cabo RCA para cabo magn\u00e9tico - Electric Ink\u00ae\",\"isPartOf\":{\"@id\":\"https:\\\/\\\/electricink.eu\\\/#website\"},\"primaryImageOfPage\":{\"@id\":\"https:\\\/\\\/electricink.eu\\\/pt-pt\\\/producto\\\/adaptador-cabo-rca-para-cabo-magnetico-2\\\/#primaryimage\"},\"image\":{\"@id\":\"https:\\\/\\\/electricink.eu\\\/pt-pt\\\/producto\\\/adaptador-cabo-rca-para-cabo-magnetico-2\\\/#primaryimage\"},\"thumbnailUrl\":\"https:\\\/\\\/electricink.eu\\\/wp-content\\\/uploads\\\/2023\\\/12\\\/adaptador_rca_cable_magnetico-5.png\",\"datePublished\":\"2023-12-14T00:13:51+00:00\",\"dateModified\":\"2024-02-01T14:45:00+00:00\",\"breadcrumb\":{\"@id\":\"https:\\\/\\\/electricink.eu\\\/pt-pt\\\/producto\\\/adaptador-cabo-rca-para-cabo-magnetico-2\\\/#breadcrumb\"},\"inLanguage\":\"pt-PT\",\"potentialAction\":[{\"@type\":\"ReadAction\",\"target\":[\"https:\\\/\\\/electricink.eu\\\/pt-pt\\\/producto\\\/adaptador-cabo-rca-para-cabo-magnetico-2\\\/\"]}]},{\"@type\":\"ImageObject\",\"inLanguage\":\"pt-PT\",\"@id\":\"https:\\\/\\\/electricink.eu\\\/pt-pt\\\/producto\\\/adaptador-cabo-rca-para-cabo-magnetico-2\\\/#primaryimage\",\"url\":\"https:\\\/\\\/electricink.eu\\\/wp-content\\\/uploads\\\/2023\\\/12\\\/adaptador_rca_cable_magnetico-5.png\",\"contentUrl\":\"https:\\\/\\\/electricink.eu\\\/wp-content\\\/uploads\\\/2023\\\/12\\\/adaptador_rca_cable_magnetico-5.png\",\"width\":500,\"height\":500},{\"@type\":\"BreadcrumbList\",\"@id\":\"https:\\\/\\\/electricink.eu\\\/pt-pt\\\/producto\\\/adaptador-cabo-rca-para-cabo-magnetico-2\\\/#breadcrumb\",\"itemListElement\":[{\"@type\":\"ListItem\",\"position\":1,\"name\":\"Portada\",\"item\":\"https:\\\/\\\/electricink.eu\\\/pt-pt\\\/home\\\/\"},{\"@type\":\"ListItem\",\"position\":2,\"name\":\"Tienda\",\"item\":\"https:\\\/\\\/electricink.eu\\\/tienda\\\/\"},{\"@type\":\"ListItem\",\"position\":3,\"name\":\"Adaptador cabo RCA para cabo magn\u00e9tico\"}]},{\"@type\":\"WebSite\",\"@id\":\"https:\\\/\\\/electricink.eu\\\/#website\",\"url\":\"https:\\\/\\\/electricink.eu\\\/\",\"name\":\"Electric Ink\u00ae\",\"description\":\"Material para Tatuar Profesional en Europa - Electric Ink\u00ae\",\"potentialAction\":[{\"@type\":\"SearchAction\",\"target\":{\"@type\":\"EntryPoint\",\"urlTemplate\":\"https:\\\/\\\/electricink.eu\\\/?s={search_term_string}\"},\"query-input\":{\"@type\":\"PropertyValueSpecification\",\"valueRequired\":true,\"valueName\":\"search_term_string\"}}],\"inLanguage\":\"pt-PT\"}]}<\/script>\n<!-- \/ Yoast SEO plugin. -->","yoast_head_json":{"title":"Adaptador cabo RCA para cabo magn\u00e9tico - Electric Ink\u00ae","robots":{"index":"index","follow":"follow","max-snippet":"max-snippet:-1","max-image-preview":"max-image-preview:large","max-video-preview":"max-video-preview:-1"},"canonical":"https:\/\/electricink.eu\/pt-pt\/producto\/adaptador-cabo-rca-para-cabo-magnetico-2\/","og_locale":"pt_PT","og_type":"article","og_title":"Adaptador cabo RCA para cabo magn\u00e9tico - Electric Ink\u00ae","og_description":"Com este adaptador voc\u00ea pode conectar um cabo magn\u00e9tico \u00e0 sua m\u00e1quina de conex\u00e3o RCA. Compat\u00edvel com qualquer m\u00e1quina de conex\u00e3o RCA, como Electra Pop, Pen Pop, Electra Diller, Transverse Nano e outras m\u00e1quinas Electric Ink com conex\u00e3o RCA. \u00c9 necess\u00e1rio um cabo magn\u00e9tico Electric Ink para a liga\u00e7\u00e3o \u00e0 sua fonte de alimenta\u00e7\u00e3o.","og_url":"https:\/\/electricink.eu\/pt-pt\/producto\/adaptador-cabo-rca-para-cabo-magnetico-2\/","og_site_name":"Electric Ink\u00ae","article_modified_time":"2024-02-01T14:45:00+00:00","og_image":[{"width":500,"height":500,"url":"https:\/\/electricink.eu\/wp-content\/uploads\/2023\/12\/adaptador_rca_cable_magnetico-5.png","type":"image\/png"}],"twitter_card":"summary_large_image","schema":{"@context":"https:\/\/schema.org","@graph":[{"@type":"WebPage","@id":"https:\/\/electricink.eu\/pt-pt\/producto\/adaptador-cabo-rca-para-cabo-magnetico-2\/","url":"https:\/\/electricink.eu\/pt-pt\/producto\/adaptador-cabo-rca-para-cabo-magnetico-2\/","name":"Adaptador cabo RCA para cabo magn\u00e9tico - Electric Ink\u00ae","isPartOf":{"@id":"https:\/\/electricink.eu\/#website"},"primaryImageOfPage":{"@id":"https:\/\/electricink.eu\/pt-pt\/producto\/adaptador-cabo-rca-para-cabo-magnetico-2\/#primaryimage"},"image":{"@id":"https:\/\/electricink.eu\/pt-pt\/producto\/adaptador-cabo-rca-para-cabo-magnetico-2\/#primaryimage"},"thumbnailUrl":"https:\/\/electricink.eu\/wp-content\/uploads\/2023\/12\/adaptador_rca_cable_magnetico-5.png","datePublished":"2023-12-14T00:13:51+00:00","dateModified":"2024-02-01T14:45:00+00:00","breadcrumb":{"@id":"https:\/\/electricink.eu\/pt-pt\/producto\/adaptador-cabo-rca-para-cabo-magnetico-2\/#breadcrumb"},"inLanguage":"pt-PT","potentialAction":[{"@type":"ReadAction","target":["https:\/\/electricink.eu\/pt-pt\/producto\/adaptador-cabo-rca-para-cabo-magnetico-2\/"]}]},{"@type":"ImageObject","inLanguage":"pt-PT","@id":"https:\/\/electricink.eu\/pt-pt\/producto\/adaptador-cabo-rca-para-cabo-magnetico-2\/#primaryimage","url":"https:\/\/electricink.eu\/wp-content\/uploads\/2023\/12\/adaptador_rca_cable_magnetico-5.png","contentUrl":"https:\/\/electricink.eu\/wp-content\/uploads\/2023\/12\/adaptador_rca_cable_magnetico-5.png","width":500,"height":500},{"@type":"BreadcrumbList","@id":"https:\/\/electricink.eu\/pt-pt\/producto\/adaptador-cabo-rca-para-cabo-magnetico-2\/#breadcrumb","itemListElement":[{"@type":"ListItem","position":1,"name":"Portada","item":"https:\/\/electricink.eu\/pt-pt\/home\/"},{"@type":"ListItem","position":2,"name":"Tienda","item":"https:\/\/electricink.eu\/tienda\/"},{"@type":"ListItem","position":3,"name":"Adaptador cabo RCA para cabo magn\u00e9tico"}]},{"@type":"WebSite","@id":"https:\/\/electricink.eu\/#website","url":"https:\/\/electricink.eu\/","name":"Electric Ink\u00ae","description":"Material para Tatuar Profesional en Europa - Electric Ink\u00ae","potentialAction":[{"@type":"SearchAction","target":{"@type":"EntryPoint","urlTemplate":"https:\/\/electricink.eu\/?s={search_term_string}"},"query-input":{"@type":"PropertyValueSpecification","valueRequired":true,"valueName":"search_term_string"}}],"inLanguage":"pt-PT"}]}},"_links":{"self":[{"href":"https:\/\/electricink.eu\/pt-pt\/wp-json\/wp\/v2\/product\/37704","targetHints":{"allow":["GET"]}}],"collection":[{"href":"https:\/\/electricink.eu\/pt-pt\/wp-json\/wp\/v2\/product"}],"about":[{"href":"https:\/\/electricink.eu\/pt-pt\/wp-json\/wp\/v2\/types\/product"}],"replies":[{"embeddable":true,"href":"https:\/\/electricink.eu\/pt-pt\/wp-json\/wp\/v2\/comments?post=37704"}],"wp:featuredmedia":[{"embeddable":true,"href":"https:\/\/electricink.eu\/pt-pt\/wp-json\/wp\/v2\/media\/39142"}],"wp:attachment":[{"href":"https:\/\/electricink.eu\/pt-pt\/wp-json\/wp\/v2\/media?parent=37704"}],"wp:term":[{"taxonomy":"product_brand","embeddable":true,"href":"https:\/\/electricink.eu\/pt-pt\/wp-json\/wp\/v2\/product_brand?post=37704"},{"taxonomy":"product_cat","embeddable":true,"href":"https:\/\/electricink.eu\/pt-pt\/wp-json\/wp\/v2\/product_cat?post=37704"},{"taxonomy":"product_tag","embeddable":true,"href":"https:\/\/electricink.eu\/pt-pt\/wp-json\/wp\/v2\/product_tag?post=37704"}],"curies":[{"name":"wp","href":"https:\/\/api.w.org\/{rel}","templated":true}]}}