{"id":37719,"date":"2023-12-14T01:12:27","date_gmt":"2023-12-14T00:12:27","guid":{"rendered":"https:\/\/electricink.eu\/producto\/protetor-para-clip-cord-transparente\/"},"modified":"2025-04-24T15:06:57","modified_gmt":"2025-04-24T13:06:57","slug":"protetor-para-clip-cord-transparente","status":"publish","type":"product","link":"https:\/\/electricink.eu\/pt-pt\/producto\/protetor-para-clip-cord-transparente\/","title":{"rendered":"Protetor para clip cord &#8211; transparente"},"content":{"rendered":"<p><strong>Cor:<\/strong> transparente<\/p>\n<p><strong>Dimens\u00f5es:<\/strong> 60 mm x 700 mm x 0,008 mm<\/p>\n<p><strong>Caixa com 100 unidades<\/strong> de mangas de pl\u00e1stico protetoras para todos os tipos de cabos (RCA, clip-cord ou Electric Ink magn\u00e9tico).<\/p>\n","protected":false},"excerpt":{"rendered":"<p>Protetor pl\u00e1stico descart\u00e1vel Electric Ink, para todos os tipos de cabos (seja RCA, clip-cord ou magn\u00e9tico).<\/p>\n<p><strong>Protetor Clip-Cord 70cm de comprimento.<\/strong><\/p>\n<p>Feito com pl\u00e1stico rosa de alta qualidade, de uso seguro, material dur\u00e1vel, inodoro e n\u00e3o t\u00f3xico.<\/p>\n<p>Ideal para evitar a contamina\u00e7\u00e3o dos cabos das m\u00e1quinas de tatuagem e micropigmenta\u00e7\u00e3o.<\/p>\n<p>Para um trabalho profissional e seguro dentro da cabine.<\/p>\n","protected":false},"featured_media":33976,"comment_status":"closed","ping_status":"closed","template":"","meta":{"_acf_changed":false,"_et_pb_use_builder":"","_et_pb_old_content":"","_et_gb_content_width":"","inline_featured_image":false},"product_brand":[],"product_cat":[1140,722,723,745,747],"product_tag":[],"class_list":{"0":"post-37719","1":"product","2":"type-product","3":"status-publish","4":"has-post-thumbnail","6":"product_cat-perifericos-pt","7":"product_cat-accesorios-pt","8":"product_cat-consumibles-pt-pt","9":"product_cat-tattoo","10":"product_cat-cabos-pt","12":"first","13":"instock","14":"taxable","15":"shipping-taxable","16":"purchasable","17":"product-type-simple"},"acf":[],"yoast_head":"<!-- This site is optimized with the Yoast SEO plugin v27.4 - https:\/\/yoast.com\/product\/yoast-seo-wordpress\/ -->\n<title>Protetor para clip cord - transparente - Electric Ink\u00ae<\/title>\n<meta name=\"robots\" content=\"index, follow, max-snippet:-1, max-image-preview:large, max-video-preview:-1\" \/>\n<link rel=\"canonical\" href=\"https:\/\/electricink.eu\/pt-pt\/producto\/protetor-para-clip-cord-transparente\/\" \/>\n<meta property=\"og:locale\" content=\"pt_PT\" \/>\n<meta property=\"og:type\" content=\"article\" \/>\n<meta property=\"og:title\" content=\"Protetor para clip cord - transparente - Electric Ink\u00ae\" \/>\n<meta property=\"og:description\" content=\"Protetor pl\u00e1stico descart\u00e1vel Electric Ink, para todos os tipos de cabos (seja RCA, clip-cord ou magn\u00e9tico). Protetor Clip-Cord 70cm de comprimento. Feito com pl\u00e1stico rosa de alta qualidade, de uso seguro, material dur\u00e1vel, inodoro e n\u00e3o t\u00f3xico. Ideal para evitar a contamina\u00e7\u00e3o dos cabos das m\u00e1quinas de tatuagem e micropigmenta\u00e7\u00e3o. Para um trabalho profissional e seguro dentro da cabine.\" \/>\n<meta property=\"og:url\" content=\"https:\/\/electricink.eu\/pt-pt\/producto\/protetor-para-clip-cord-transparente\/\" \/>\n<meta property=\"og:site_name\" content=\"Electric Ink\u00ae\" \/>\n<meta property=\"article:modified_time\" content=\"2025-04-24T13:06:57+00:00\" \/>\n<meta property=\"og:image\" content=\"https:\/\/electricink.eu\/wp-content\/uploads\/2023\/12\/DSC_5989.png\" \/>\n\t<meta property=\"og:image:width\" content=\"800\" \/>\n\t<meta property=\"og:image:height\" content=\"800\" \/>\n\t<meta property=\"og:image:type\" content=\"image\/png\" \/>\n<meta name=\"twitter:card\" content=\"summary_large_image\" \/>\n<script type=\"application\/ld+json\" class=\"yoast-schema-graph\">{\"@context\":\"https:\\\/\\\/schema.org\",\"@graph\":[{\"@type\":\"WebPage\",\"@id\":\"https:\\\/\\\/electricink.eu\\\/pt-pt\\\/producto\\\/protetor-para-clip-cord-transparente\\\/\",\"url\":\"https:\\\/\\\/electricink.eu\\\/pt-pt\\\/producto\\\/protetor-para-clip-cord-transparente\\\/\",\"name\":\"Protetor para clip cord - transparente - Electric Ink\u00ae\",\"isPartOf\":{\"@id\":\"https:\\\/\\\/electricink.eu\\\/#website\"},\"primaryImageOfPage\":{\"@id\":\"https:\\\/\\\/electricink.eu\\\/pt-pt\\\/producto\\\/protetor-para-clip-cord-transparente\\\/#primaryimage\"},\"image\":{\"@id\":\"https:\\\/\\\/electricink.eu\\\/pt-pt\\\/producto\\\/protetor-para-clip-cord-transparente\\\/#primaryimage\"},\"thumbnailUrl\":\"https:\\\/\\\/electricink.eu\\\/wp-content\\\/uploads\\\/2023\\\/12\\\/DSC_5989.png\",\"datePublished\":\"2023-12-14T00:12:27+00:00\",\"dateModified\":\"2025-04-24T13:06:57+00:00\",\"breadcrumb\":{\"@id\":\"https:\\\/\\\/electricink.eu\\\/pt-pt\\\/producto\\\/protetor-para-clip-cord-transparente\\\/#breadcrumb\"},\"inLanguage\":\"pt-PT\",\"potentialAction\":[{\"@type\":\"ReadAction\",\"target\":[\"https:\\\/\\\/electricink.eu\\\/pt-pt\\\/producto\\\/protetor-para-clip-cord-transparente\\\/\"]}]},{\"@type\":\"ImageObject\",\"inLanguage\":\"pt-PT\",\"@id\":\"https:\\\/\\\/electricink.eu\\\/pt-pt\\\/producto\\\/protetor-para-clip-cord-transparente\\\/#primaryimage\",\"url\":\"https:\\\/\\\/electricink.eu\\\/wp-content\\\/uploads\\\/2023\\\/12\\\/DSC_5989.png\",\"contentUrl\":\"https:\\\/\\\/electricink.eu\\\/wp-content\\\/uploads\\\/2023\\\/12\\\/DSC_5989.png\",\"width\":800,\"height\":800},{\"@type\":\"BreadcrumbList\",\"@id\":\"https:\\\/\\\/electricink.eu\\\/pt-pt\\\/producto\\\/protetor-para-clip-cord-transparente\\\/#breadcrumb\",\"itemListElement\":[{\"@type\":\"ListItem\",\"position\":1,\"name\":\"Portada\",\"item\":\"https:\\\/\\\/electricink.eu\\\/pt-pt\\\/home\\\/\"},{\"@type\":\"ListItem\",\"position\":2,\"name\":\"Tienda\",\"item\":\"https:\\\/\\\/electricink.eu\\\/tienda\\\/\"},{\"@type\":\"ListItem\",\"position\":3,\"name\":\"Protetor para clip cord &#8211; transparente\"}]},{\"@type\":\"WebSite\",\"@id\":\"https:\\\/\\\/electricink.eu\\\/#website\",\"url\":\"https:\\\/\\\/electricink.eu\\\/\",\"name\":\"Electric Ink\u00ae\",\"description\":\"Material para Tatuar Profesional en Europa - Electric Ink\u00ae\",\"potentialAction\":[{\"@type\":\"SearchAction\",\"target\":{\"@type\":\"EntryPoint\",\"urlTemplate\":\"https:\\\/\\\/electricink.eu\\\/?s={search_term_string}\"},\"query-input\":{\"@type\":\"PropertyValueSpecification\",\"valueRequired\":true,\"valueName\":\"search_term_string\"}}],\"inLanguage\":\"pt-PT\"}]}<\/script>\n<!-- \/ Yoast SEO plugin. -->","yoast_head_json":{"title":"Protetor para clip cord - transparente - Electric Ink\u00ae","robots":{"index":"index","follow":"follow","max-snippet":"max-snippet:-1","max-image-preview":"max-image-preview:large","max-video-preview":"max-video-preview:-1"},"canonical":"https:\/\/electricink.eu\/pt-pt\/producto\/protetor-para-clip-cord-transparente\/","og_locale":"pt_PT","og_type":"article","og_title":"Protetor para clip cord - transparente - Electric Ink\u00ae","og_description":"Protetor pl\u00e1stico descart\u00e1vel Electric Ink, para todos os tipos de cabos (seja RCA, clip-cord ou magn\u00e9tico). Protetor Clip-Cord 70cm de comprimento. Feito com pl\u00e1stico rosa de alta qualidade, de uso seguro, material dur\u00e1vel, inodoro e n\u00e3o t\u00f3xico. Ideal para evitar a contamina\u00e7\u00e3o dos cabos das m\u00e1quinas de tatuagem e micropigmenta\u00e7\u00e3o. Para um trabalho profissional e seguro dentro da cabine.","og_url":"https:\/\/electricink.eu\/pt-pt\/producto\/protetor-para-clip-cord-transparente\/","og_site_name":"Electric Ink\u00ae","article_modified_time":"2025-04-24T13:06:57+00:00","og_image":[{"width":800,"height":800,"url":"https:\/\/electricink.eu\/wp-content\/uploads\/2023\/12\/DSC_5989.png","type":"image\/png"}],"twitter_card":"summary_large_image","schema":{"@context":"https:\/\/schema.org","@graph":[{"@type":"WebPage","@id":"https:\/\/electricink.eu\/pt-pt\/producto\/protetor-para-clip-cord-transparente\/","url":"https:\/\/electricink.eu\/pt-pt\/producto\/protetor-para-clip-cord-transparente\/","name":"Protetor para clip cord - transparente - Electric Ink\u00ae","isPartOf":{"@id":"https:\/\/electricink.eu\/#website"},"primaryImageOfPage":{"@id":"https:\/\/electricink.eu\/pt-pt\/producto\/protetor-para-clip-cord-transparente\/#primaryimage"},"image":{"@id":"https:\/\/electricink.eu\/pt-pt\/producto\/protetor-para-clip-cord-transparente\/#primaryimage"},"thumbnailUrl":"https:\/\/electricink.eu\/wp-content\/uploads\/2023\/12\/DSC_5989.png","datePublished":"2023-12-14T00:12:27+00:00","dateModified":"2025-04-24T13:06:57+00:00","breadcrumb":{"@id":"https:\/\/electricink.eu\/pt-pt\/producto\/protetor-para-clip-cord-transparente\/#breadcrumb"},"inLanguage":"pt-PT","potentialAction":[{"@type":"ReadAction","target":["https:\/\/electricink.eu\/pt-pt\/producto\/protetor-para-clip-cord-transparente\/"]}]},{"@type":"ImageObject","inLanguage":"pt-PT","@id":"https:\/\/electricink.eu\/pt-pt\/producto\/protetor-para-clip-cord-transparente\/#primaryimage","url":"https:\/\/electricink.eu\/wp-content\/uploads\/2023\/12\/DSC_5989.png","contentUrl":"https:\/\/electricink.eu\/wp-content\/uploads\/2023\/12\/DSC_5989.png","width":800,"height":800},{"@type":"BreadcrumbList","@id":"https:\/\/electricink.eu\/pt-pt\/producto\/protetor-para-clip-cord-transparente\/#breadcrumb","itemListElement":[{"@type":"ListItem","position":1,"name":"Portada","item":"https:\/\/electricink.eu\/pt-pt\/home\/"},{"@type":"ListItem","position":2,"name":"Tienda","item":"https:\/\/electricink.eu\/tienda\/"},{"@type":"ListItem","position":3,"name":"Protetor para clip cord &#8211; transparente"}]},{"@type":"WebSite","@id":"https:\/\/electricink.eu\/#website","url":"https:\/\/electricink.eu\/","name":"Electric Ink\u00ae","description":"Material para Tatuar Profesional en Europa - Electric Ink\u00ae","potentialAction":[{"@type":"SearchAction","target":{"@type":"EntryPoint","urlTemplate":"https:\/\/electricink.eu\/?s={search_term_string}"},"query-input":{"@type":"PropertyValueSpecification","valueRequired":true,"valueName":"search_term_string"}}],"inLanguage":"pt-PT"}]}},"_links":{"self":[{"href":"https:\/\/electricink.eu\/pt-pt\/wp-json\/wp\/v2\/product\/37719","targetHints":{"allow":["GET"]}}],"collection":[{"href":"https:\/\/electricink.eu\/pt-pt\/wp-json\/wp\/v2\/product"}],"about":[{"href":"https:\/\/electricink.eu\/pt-pt\/wp-json\/wp\/v2\/types\/product"}],"replies":[{"embeddable":true,"href":"https:\/\/electricink.eu\/pt-pt\/wp-json\/wp\/v2\/comments?post=37719"}],"wp:featuredmedia":[{"embeddable":true,"href":"https:\/\/electricink.eu\/pt-pt\/wp-json\/wp\/v2\/media\/33976"}],"wp:attachment":[{"href":"https:\/\/electricink.eu\/pt-pt\/wp-json\/wp\/v2\/media?parent=37719"}],"wp:term":[{"taxonomy":"product_brand","embeddable":true,"href":"https:\/\/electricink.eu\/pt-pt\/wp-json\/wp\/v2\/product_brand?post=37719"},{"taxonomy":"product_cat","embeddable":true,"href":"https:\/\/electricink.eu\/pt-pt\/wp-json\/wp\/v2\/product_cat?post=37719"},{"taxonomy":"product_tag","embeddable":true,"href":"https:\/\/electricink.eu\/pt-pt\/wp-json\/wp\/v2\/product_tag?post=37719"}],"curies":[{"name":"wp","href":"https:\/\/api.w.org\/{rel}","templated":true}]}}