{"id":37771,"date":"2023-12-14T01:12:27","date_gmt":"2023-12-14T00:12:27","guid":{"rendered":"https:\/\/electricink.eu\/producto\/power-bank-preto-fosco\/"},"modified":"2024-07-01T12:16:00","modified_gmt":"2024-07-01T10:16:00","slug":"power-bank-preto-fosco","status":"publish","type":"product","link":"https:\/\/electricink.eu\/pt-pt\/producto\/power-bank-preto-fosco\/","title":{"rendered":"Power Bank &#8211; Preto fosco"},"content":{"rendered":"<p><strong>Power Bank &#8211; Electric Ink<\/strong><\/p>\n<p><strong>&#8212;&#8212;&#8212;&#8212;&#8212;- Especifica\u00e7\u00f5es \/ Peso \/ Dimens\u00f5es &#8212;&#8212;&#8212;&#8212;&#8212;&#8212;-<\/strong><\/p>\n<p>&#8211; Chassi: alum\u00ednio de avia\u00e7\u00e3o anodizado<br \/>&#8211; Cor: Preto fosco<br \/>&#8211; Autonomia: 7 dias de autonomia com m\u00e1quinas rotativas e 3 dias com m\u00e1quinas de bobina (considerando 8 horas de uso di\u00e1rio)<br \/>&#8211; Carga: completa em 6 horas<br \/>&#8211; Fonte de alimenta\u00e7\u00e3o: 100~240 VAC (autom\u00e1tico)<br \/>&#8211; Canais (sa\u00eddas): 1 canal para fontes + 2 portas USB para smartphone\/iPad, l\u00e2mpada, etc.<br \/>&#8211; Membrana: toque<br \/>&#8211; Teclado: Play\/Pause e autonomia (%)<br \/>&#8211; Tela: OLEB RGB<br \/>&#8211; Fixa\u00e7\u00e3o: base com borracha aderente<br \/>&#8211; Prote\u00e7\u00e3o: sobrecarga e curto-circuito<br \/>&#8211; Peso: 915 gramas<br \/>&#8211; Dimens\u00f5es: 120mm x 80mm x 60mm<\/p>\n<p><strong>&#8212;&#8212;&#8212;&#8212;&#8212;&#8212;&#8212;&#8212;- Itens Inclu\u00eddos &#8212;&#8212;&#8212;&#8212;&#8212;&#8212;&#8212;&#8212;-<\/strong><\/p>\n<p>&#8211; 01 Powerbank<br \/>&#8211; 01 cabo de alimenta\u00e7\u00e3o para fontes<br \/>&#8211; 01 adaptador AC\/DC 19V e 3.42A AC<br \/>&#8211; Manual de instru\u00e7\u00f5es<br \/>&#8211; Per\u00edodo de garantia do produto<\/p>\n<p><strong>&#8212;&#8212;&#8212;&#8212;&#8212;&#8212;&#8212;- Garantia do produto &#8212;&#8212;&#8212;&#8212;&#8212;&#8212;&#8212;&#8212;-<\/strong><\/p>\n<p>O per\u00edodo de garantia oferecido pela Electric Ink segue os regulamentos europeus atuais. A garantia da Electric Ink contra defeitos de fabrica\u00e7\u00e3o come\u00e7a a contar a partir da compra do produto pelo consumidor, verificada por meio da nota fiscal de compra do respectivo item.<\/p>\n<p><strong>&#8212;&#8212;&#8212;&#8212;&#8212;&#8212;&#8212;&#8211; Assist\u00eancia t\u00e9cnica &#8212;&#8212;&#8212;&#8212;&#8212;&#8212;&#8212;&#8212;-\u00a0<\/strong><\/p>\n<p>Contacto por e-mail atrav\u00e9s de info@electric.local<\/p>\n<p><strong>Garantia do produto:<\/strong><\/p>\n<p>O per\u00edodo de garantia oferecido pela Electric Ink segue os regulamentos europeus atuais. A garantia de Electric Ink contra defeitos de fabrica\u00e7\u00e3o come\u00e7a a partir da compra do produto pelo consumidor, verificada na nota fiscal de compra do respectivo item.<\/p>\n<p><strong>Assist\u00eancia t\u00e9cnica:\u00a0<\/strong>contacto por email atrav\u00e9s de info@electric.local<\/p>\n","protected":false},"excerpt":{"rendered":"<p>O <strong>Power Bank da Electric Ink<\/strong> \u00e9 o equipamento ideal para os profissionais que buscam praticidade e conforto para trabalhar a qualquer hora e em qualquer lugar.<\/p>\n<p>Com ele voc\u00ea pode se locomover com seguran\u00e7a sem precisar de energia el\u00e9trica fixa. Funcional, se adapta muito bem \u00e0 sua rotina. Ideal para longas jornadas de trabalho, principalmente em conven\u00e7\u00f5es e feiras!<\/p>\n<p>S\u00e3o aproximadamente 7 dias de autonomia, considerando 8 horas ininterruptas de trabalho por dia com m\u00e1quinas rotativas e 3 dias com m\u00e1quinas de bobina. S\u00e3o necess\u00e1rias apenas 6 horas para a recarga total do Power Bank.<\/p>\n<p>Energia extra para seu dia a dia!<\/p>\n","protected":false},"featured_media":34100,"comment_status":"closed","ping_status":"closed","template":"","meta":{"_acf_changed":false,"_et_pb_use_builder":"","_et_pb_old_content":"","_et_gb_content_width":"","inline_featured_image":false},"product_brand":[],"product_cat":[722,731,736,745,749],"product_tag":[],"class_list":{"0":"post-37771","1":"product","2":"type-product","3":"status-publish","4":"has-post-thumbnail","6":"product_cat-accesorios-pt","7":"product_cat-micropigmentacao","8":"product_cat-fontes-micro","9":"product_cat-tattoo","10":"product_cat-fontes-tattoo","12":"first","13":"instock","14":"taxable","15":"shipping-taxable","16":"purchasable","17":"product-type-simple"},"acf":[],"yoast_head":"<!-- This site is optimized with the Yoast SEO plugin v27.4 - https:\/\/yoast.com\/product\/yoast-seo-wordpress\/ -->\n<title>Power Bank - Preto fosco - Electric Ink\u00ae<\/title>\n<meta name=\"robots\" content=\"index, follow, max-snippet:-1, max-image-preview:large, max-video-preview:-1\" \/>\n<link rel=\"canonical\" href=\"https:\/\/electricink.eu\/pt-pt\/producto\/power-bank-preto-fosco\/\" \/>\n<meta property=\"og:locale\" content=\"pt_PT\" \/>\n<meta property=\"og:type\" content=\"article\" \/>\n<meta property=\"og:title\" content=\"Power Bank - Preto fosco - Electric Ink\u00ae\" \/>\n<meta property=\"og:description\" content=\"O Power Bank da Electric Ink \u00e9 o equipamento ideal para os profissionais que buscam praticidade e conforto para trabalhar a qualquer hora e em qualquer lugar. Com ele voc\u00ea pode se locomover com seguran\u00e7a sem precisar de energia el\u00e9trica fixa. Funcional, se adapta muito bem \u00e0 sua rotina. Ideal para longas jornadas de trabalho, principalmente em conven\u00e7\u00f5es e feiras! S\u00e3o aproximadamente 7 dias de autonomia, considerando 8 horas ininterruptas de trabalho por dia com m\u00e1quinas rotativas e 3 dias com m\u00e1quinas de bobina. S\u00e3o necess\u00e1rias apenas 6 horas para a recarga total do Power Bank. Energia extra para seu dia a dia!\" \/>\n<meta property=\"og:url\" content=\"https:\/\/electricink.eu\/pt-pt\/producto\/power-bank-preto-fosco\/\" \/>\n<meta property=\"og:site_name\" content=\"Electric Ink\u00ae\" \/>\n<meta property=\"article:modified_time\" content=\"2024-07-01T10:16:00+00:00\" \/>\n<meta property=\"og:image\" content=\"https:\/\/electricink.eu\/wp-content\/uploads\/2023\/12\/Power_Bank_Tattoo-1.png\" \/>\n\t<meta property=\"og:image:width\" content=\"500\" \/>\n\t<meta property=\"og:image:height\" content=\"500\" \/>\n\t<meta property=\"og:image:type\" content=\"image\/png\" \/>\n<meta name=\"twitter:card\" content=\"summary_large_image\" \/>\n<meta name=\"twitter:label1\" content=\"Tempo estimado de leitura\" \/>\n\t<meta name=\"twitter:data1\" content=\"1 minuto\" \/>\n<script type=\"application\/ld+json\" class=\"yoast-schema-graph\">{\"@context\":\"https:\\\/\\\/schema.org\",\"@graph\":[{\"@type\":\"WebPage\",\"@id\":\"https:\\\/\\\/electricink.eu\\\/pt-pt\\\/producto\\\/power-bank-preto-fosco\\\/\",\"url\":\"https:\\\/\\\/electricink.eu\\\/pt-pt\\\/producto\\\/power-bank-preto-fosco\\\/\",\"name\":\"Power Bank - Preto fosco - Electric Ink\u00ae\",\"isPartOf\":{\"@id\":\"https:\\\/\\\/electricink.eu\\\/#website\"},\"primaryImageOfPage\":{\"@id\":\"https:\\\/\\\/electricink.eu\\\/pt-pt\\\/producto\\\/power-bank-preto-fosco\\\/#primaryimage\"},\"image\":{\"@id\":\"https:\\\/\\\/electricink.eu\\\/pt-pt\\\/producto\\\/power-bank-preto-fosco\\\/#primaryimage\"},\"thumbnailUrl\":\"https:\\\/\\\/electricink.eu\\\/wp-content\\\/uploads\\\/2023\\\/12\\\/Power_Bank_Tattoo-1.png\",\"datePublished\":\"2023-12-14T00:12:27+00:00\",\"dateModified\":\"2024-07-01T10:16:00+00:00\",\"breadcrumb\":{\"@id\":\"https:\\\/\\\/electricink.eu\\\/pt-pt\\\/producto\\\/power-bank-preto-fosco\\\/#breadcrumb\"},\"inLanguage\":\"pt-PT\",\"potentialAction\":[{\"@type\":\"ReadAction\",\"target\":[\"https:\\\/\\\/electricink.eu\\\/pt-pt\\\/producto\\\/power-bank-preto-fosco\\\/\"]}]},{\"@type\":\"ImageObject\",\"inLanguage\":\"pt-PT\",\"@id\":\"https:\\\/\\\/electricink.eu\\\/pt-pt\\\/producto\\\/power-bank-preto-fosco\\\/#primaryimage\",\"url\":\"https:\\\/\\\/electricink.eu\\\/wp-content\\\/uploads\\\/2023\\\/12\\\/Power_Bank_Tattoo-1.png\",\"contentUrl\":\"https:\\\/\\\/electricink.eu\\\/wp-content\\\/uploads\\\/2023\\\/12\\\/Power_Bank_Tattoo-1.png\",\"width\":500,\"height\":500},{\"@type\":\"BreadcrumbList\",\"@id\":\"https:\\\/\\\/electricink.eu\\\/pt-pt\\\/producto\\\/power-bank-preto-fosco\\\/#breadcrumb\",\"itemListElement\":[{\"@type\":\"ListItem\",\"position\":1,\"name\":\"Portada\",\"item\":\"https:\\\/\\\/electricink.eu\\\/pt-pt\\\/home\\\/\"},{\"@type\":\"ListItem\",\"position\":2,\"name\":\"Tienda\",\"item\":\"https:\\\/\\\/electricink.eu\\\/tienda\\\/\"},{\"@type\":\"ListItem\",\"position\":3,\"name\":\"Power Bank &#8211; Preto fosco\"}]},{\"@type\":\"WebSite\",\"@id\":\"https:\\\/\\\/electricink.eu\\\/#website\",\"url\":\"https:\\\/\\\/electricink.eu\\\/\",\"name\":\"Electric Ink\u00ae\",\"description\":\"Material para Tatuar Profesional en Europa - Electric Ink\u00ae\",\"potentialAction\":[{\"@type\":\"SearchAction\",\"target\":{\"@type\":\"EntryPoint\",\"urlTemplate\":\"https:\\\/\\\/electricink.eu\\\/?s={search_term_string}\"},\"query-input\":{\"@type\":\"PropertyValueSpecification\",\"valueRequired\":true,\"valueName\":\"search_term_string\"}}],\"inLanguage\":\"pt-PT\"}]}<\/script>\n<!-- \/ Yoast SEO plugin. -->","yoast_head_json":{"title":"Power Bank - Preto fosco - Electric Ink\u00ae","robots":{"index":"index","follow":"follow","max-snippet":"max-snippet:-1","max-image-preview":"max-image-preview:large","max-video-preview":"max-video-preview:-1"},"canonical":"https:\/\/electricink.eu\/pt-pt\/producto\/power-bank-preto-fosco\/","og_locale":"pt_PT","og_type":"article","og_title":"Power Bank - Preto fosco - Electric Ink\u00ae","og_description":"O Power Bank da Electric Ink \u00e9 o equipamento ideal para os profissionais que buscam praticidade e conforto para trabalhar a qualquer hora e em qualquer lugar. Com ele voc\u00ea pode se locomover com seguran\u00e7a sem precisar de energia el\u00e9trica fixa. Funcional, se adapta muito bem \u00e0 sua rotina. Ideal para longas jornadas de trabalho, principalmente em conven\u00e7\u00f5es e feiras! S\u00e3o aproximadamente 7 dias de autonomia, considerando 8 horas ininterruptas de trabalho por dia com m\u00e1quinas rotativas e 3 dias com m\u00e1quinas de bobina. S\u00e3o necess\u00e1rias apenas 6 horas para a recarga total do Power Bank. Energia extra para seu dia a dia!","og_url":"https:\/\/electricink.eu\/pt-pt\/producto\/power-bank-preto-fosco\/","og_site_name":"Electric Ink\u00ae","article_modified_time":"2024-07-01T10:16:00+00:00","og_image":[{"width":500,"height":500,"url":"https:\/\/electricink.eu\/wp-content\/uploads\/2023\/12\/Power_Bank_Tattoo-1.png","type":"image\/png"}],"twitter_card":"summary_large_image","twitter_misc":{"Tempo estimado de leitura":"1 minuto"},"schema":{"@context":"https:\/\/schema.org","@graph":[{"@type":"WebPage","@id":"https:\/\/electricink.eu\/pt-pt\/producto\/power-bank-preto-fosco\/","url":"https:\/\/electricink.eu\/pt-pt\/producto\/power-bank-preto-fosco\/","name":"Power Bank - Preto fosco - Electric Ink\u00ae","isPartOf":{"@id":"https:\/\/electricink.eu\/#website"},"primaryImageOfPage":{"@id":"https:\/\/electricink.eu\/pt-pt\/producto\/power-bank-preto-fosco\/#primaryimage"},"image":{"@id":"https:\/\/electricink.eu\/pt-pt\/producto\/power-bank-preto-fosco\/#primaryimage"},"thumbnailUrl":"https:\/\/electricink.eu\/wp-content\/uploads\/2023\/12\/Power_Bank_Tattoo-1.png","datePublished":"2023-12-14T00:12:27+00:00","dateModified":"2024-07-01T10:16:00+00:00","breadcrumb":{"@id":"https:\/\/electricink.eu\/pt-pt\/producto\/power-bank-preto-fosco\/#breadcrumb"},"inLanguage":"pt-PT","potentialAction":[{"@type":"ReadAction","target":["https:\/\/electricink.eu\/pt-pt\/producto\/power-bank-preto-fosco\/"]}]},{"@type":"ImageObject","inLanguage":"pt-PT","@id":"https:\/\/electricink.eu\/pt-pt\/producto\/power-bank-preto-fosco\/#primaryimage","url":"https:\/\/electricink.eu\/wp-content\/uploads\/2023\/12\/Power_Bank_Tattoo-1.png","contentUrl":"https:\/\/electricink.eu\/wp-content\/uploads\/2023\/12\/Power_Bank_Tattoo-1.png","width":500,"height":500},{"@type":"BreadcrumbList","@id":"https:\/\/electricink.eu\/pt-pt\/producto\/power-bank-preto-fosco\/#breadcrumb","itemListElement":[{"@type":"ListItem","position":1,"name":"Portada","item":"https:\/\/electricink.eu\/pt-pt\/home\/"},{"@type":"ListItem","position":2,"name":"Tienda","item":"https:\/\/electricink.eu\/tienda\/"},{"@type":"ListItem","position":3,"name":"Power Bank &#8211; Preto fosco"}]},{"@type":"WebSite","@id":"https:\/\/electricink.eu\/#website","url":"https:\/\/electricink.eu\/","name":"Electric Ink\u00ae","description":"Material para Tatuar Profesional en Europa - Electric Ink\u00ae","potentialAction":[{"@type":"SearchAction","target":{"@type":"EntryPoint","urlTemplate":"https:\/\/electricink.eu\/?s={search_term_string}"},"query-input":{"@type":"PropertyValueSpecification","valueRequired":true,"valueName":"search_term_string"}}],"inLanguage":"pt-PT"}]}},"_links":{"self":[{"href":"https:\/\/electricink.eu\/pt-pt\/wp-json\/wp\/v2\/product\/37771","targetHints":{"allow":["GET"]}}],"collection":[{"href":"https:\/\/electricink.eu\/pt-pt\/wp-json\/wp\/v2\/product"}],"about":[{"href":"https:\/\/electricink.eu\/pt-pt\/wp-json\/wp\/v2\/types\/product"}],"replies":[{"embeddable":true,"href":"https:\/\/electricink.eu\/pt-pt\/wp-json\/wp\/v2\/comments?post=37771"}],"wp:featuredmedia":[{"embeddable":true,"href":"https:\/\/electricink.eu\/pt-pt\/wp-json\/wp\/v2\/media\/34100"}],"wp:attachment":[{"href":"https:\/\/electricink.eu\/pt-pt\/wp-json\/wp\/v2\/media?parent=37771"}],"wp:term":[{"taxonomy":"product_brand","embeddable":true,"href":"https:\/\/electricink.eu\/pt-pt\/wp-json\/wp\/v2\/product_brand?post=37771"},{"taxonomy":"product_cat","embeddable":true,"href":"https:\/\/electricink.eu\/pt-pt\/wp-json\/wp\/v2\/product_cat?post=37771"},{"taxonomy":"product_tag","embeddable":true,"href":"https:\/\/electricink.eu\/pt-pt\/wp-json\/wp\/v2\/product_tag?post=37771"}],"curies":[{"name":"wp","href":"https:\/\/api.w.org\/{rel}","templated":true}]}}