{"id":37839,"date":"2023-12-14T01:11:48","date_gmt":"2023-12-14T00:11:48","guid":{"rendered":"https:\/\/electricink.eu\/producto\/ps-mini-pop-preto-fosco\/"},"modified":"2024-02-02T15:26:54","modified_gmt":"2024-02-02T14:26:54","slug":"ps-mini-pop-preto-fosco","status":"publish","type":"product","link":"https:\/\/electricink.eu\/pt-pt\/producto\/ps-mini-pop-preto-fosco\/","title":{"rendered":"PS Mini POP &#8211; Preto Fosco"},"content":{"rendered":"<p><strong>Fonte de alimenta\u00e7\u00e3o PS Mini Pop &#8211; Electric Ink<\/strong><\/p>\n<p><strong>&#8212;&#8212;&#8212;&#8212;&#8212;&#8212;&#8211; Especifica\u00e7\u00f5es \/ Pesos \/ Dimens\u00f5es &#8212;&#8212;&#8212;&#8212;&#8212;&#8212;&#8212;&#8211;<\/strong><\/p>\n<p>&#8211; Configura\u00e7\u00e3o: para m\u00e1quinas rotativas, bobinas e tipo pen<br \/>&#8211; Chassi: pol\u00edmero industrial<br \/>&#8211;\u00a0 Cor: Preto fosco<br \/>&#8211; Amperagem m\u00e1xima: 3 amperes<br \/>&#8211; Amperagem cont\u00ednua: 2 amperes<br \/>&#8211; Tens\u00e3o de sa\u00edda: de 2 a 15 volts<br \/>&#8211; Resolu\u00e7\u00e3o de ajuste: a cada 0,1 volts<br \/>&#8211; Fonte de alimenta\u00e7\u00e3o: 90~240 VAC (autom\u00e1tico)<br \/>&#8211; Canais (sa\u00eddas): 1 canal<br \/>&#8211; Mem\u00f3rias: 2 mem\u00f3rias (M1 e M2) &#8211; n\u00e3o vol\u00e1teis<br \/>&#8211; Membrana: toque<br \/>&#8211; Teclado: Mem\u00f3ria 1 (M1), Mem\u00f3ria 2 (M2), Ajustar mais (+), Ajustar menos (-), Tecla Play\/Pause e tecla FUNCTION (que facilita o uso do menu)<br \/>&#8211; Visor: n\u00fameros de 7 segmentos, branco<br \/>&#8211; Poss\u00edveis informa\u00e7\u00f5es indicadas na tela: tens\u00e3o (Volts) e corrente (Amperes)<br \/>&#8211; Softwares inclu\u00eddos: kick-booster (para m\u00e1quinas rotativas)<br \/>&#8211; Pedal: pressione ou bloqueie<br \/>&#8211; Conectores: Jack P10 Amphenol para m\u00e1quina e pedal \/ Jack P4 Whurt para fonte de alimenta\u00e7\u00e3o<br \/>&#8211; Fixa\u00e7\u00e3o: \u00edm\u00e3 de neod\u00edmio na base com borracha aderente<br \/>&#8211; Prote\u00e7\u00e3o: sobrecarga e curto-circuito<br \/>&#8211; Peso: 120 gramas<br \/>&#8211; Dimens\u00f5es: 95mm x 61mm x 28mm<\/p>\n<p><strong>&#8212;&#8212;&#8212;&#8212;&#8212;&#8212;&#8212;&#8212;- Itens Inclu\u00eddos &#8212;&#8212;&#8212;&#8212;&#8212;&#8212;&#8212;&#8212;-<\/strong><\/p>\n<p>&#8211; 01 fonte PS Mini Pop<br \/>&#8211; 01 base magn\u00e9tica adesiva para fixa\u00e7\u00e3o na bancada<br \/>&#8211; 01 adaptador AC\/DC 19V e 2.11A AC<br \/>&#8211; Manual de instru\u00e7\u00f5es<br \/>&#8211; Per\u00edodo de garantia do produto<\/p>\n<p><strong>Garantia do produto<\/strong>: O per\u00edodo de garantia oferecido pela Electric Ink segue os regulamentos europeus atuais. A garantia da Electric Ink para defeitos de fabrica\u00e7\u00e3o come\u00e7a a partir da compra do produto pelo consumidor, verificada na nota fiscal de compra do respectivo item.<\/p>\n<p><strong>Assist\u00eancia t\u00e9cnica:<\/strong> contato por e-mail atrav\u00e9s de info@electric.local<\/p>\n","protected":false},"excerpt":{"rendered":"<p>O PS Mini Pop \u00e9 feita de pol\u00edmero industrial, com leitura de corrente (amperes), kick booster, prote\u00e7\u00e3o contra curto-circuito e sobrecarga.<\/p>\n<p>\u00c9 extremamente compacta e pode ser facilmente transportada ou fixada com o aux\u00edlio do \u00edm\u00e3 em sua base.<\/p>\n<p>Muito pr\u00e1tica, f\u00e1cil de navegar entre telas gra\u00e7as \u00e0 tecla de fun\u00e7\u00e3o. Tamb\u00e9m possui duas mem\u00f3rias ajust\u00e1veis \u200b\u200be uma entrada de pedal, que pode ser configurada para opera\u00e7\u00e3o de pulso ou bloqueio, conforme necess\u00e1rio.<\/p>\n<p>Compat\u00edvel com todas as suas m\u00e1quinas, o PS Mini Pop se adapta facilmente a qualquer trabalho, com excelente desempenho tanto em rotativas quanto de bobina.<\/p>\n","protected":false},"featured_media":2114,"comment_status":"closed","ping_status":"closed","template":"","meta":{"_acf_changed":false,"_et_pb_use_builder":"","_et_pb_old_content":"","_et_gb_content_width":"","inline_featured_image":false},"product_brand":[],"product_cat":[1131,731,745,749],"product_tag":[],"class_list":{"0":"post-37839","1":"product","2":"type-product","3":"status-publish","4":"has-post-thumbnail","6":"product_cat-perifericos","7":"product_cat-micropigmentacao","8":"product_cat-tattoo","9":"product_cat-fontes-tattoo","11":"first","12":"instock","13":"taxable","14":"shipping-taxable","15":"purchasable","16":"product-type-simple"},"acf":[],"yoast_head":"<!-- This site is optimized with the Yoast SEO plugin v27.5 - https:\/\/yoast.com\/product\/yoast-seo-wordpress\/ -->\n<title>PS Mini POP - Preto Fosco - Electric Ink\u00ae<\/title>\n<meta name=\"robots\" content=\"index, follow, max-snippet:-1, max-image-preview:large, max-video-preview:-1\" \/>\n<link rel=\"canonical\" href=\"https:\/\/electricink.eu\/pt-pt\/producto\/ps-mini-pop-preto-fosco\/\" \/>\n<meta property=\"og:locale\" content=\"pt_PT\" \/>\n<meta property=\"og:type\" content=\"article\" \/>\n<meta property=\"og:title\" content=\"PS Mini POP - Preto Fosco - Electric Ink\u00ae\" \/>\n<meta property=\"og:description\" content=\"O PS Mini Pop \u00e9 feita de pol\u00edmero industrial, com leitura de corrente (amperes), kick booster, prote\u00e7\u00e3o contra curto-circuito e sobrecarga. \u00c9 extremamente compacta e pode ser facilmente transportada ou fixada com o aux\u00edlio do \u00edm\u00e3 em sua base. Muito pr\u00e1tica, f\u00e1cil de navegar entre telas gra\u00e7as \u00e0 tecla de fun\u00e7\u00e3o. Tamb\u00e9m possui duas mem\u00f3rias ajust\u00e1veis \u200b\u200be uma entrada de pedal, que pode ser configurada para opera\u00e7\u00e3o de pulso ou bloqueio, conforme necess\u00e1rio. Compat\u00edvel com todas as suas m\u00e1quinas, o PS Mini Pop se adapta facilmente a qualquer trabalho, com excelente desempenho tanto em rotativas quanto de bobina.\" \/>\n<meta property=\"og:url\" content=\"https:\/\/electricink.eu\/pt-pt\/producto\/ps-mini-pop-preto-fosco\/\" \/>\n<meta property=\"og:site_name\" content=\"Electric Ink\u00ae\" \/>\n<meta property=\"article:modified_time\" content=\"2024-02-02T14:26:54+00:00\" \/>\n<meta property=\"og:image\" content=\"https:\/\/electricink.eu\/wp-content\/uploads\/2023\/10\/fuente_ps_mini_pop_tattoo.png\" \/>\n\t<meta property=\"og:image:width\" content=\"500\" \/>\n\t<meta property=\"og:image:height\" content=\"500\" \/>\n\t<meta property=\"og:image:type\" content=\"image\/png\" \/>\n<meta name=\"twitter:card\" content=\"summary_large_image\" \/>\n<meta name=\"twitter:label1\" content=\"Tempo estimado de leitura\" \/>\n\t<meta name=\"twitter:data1\" content=\"1 minuto\" \/>\n<script type=\"application\/ld+json\" class=\"yoast-schema-graph\">{\"@context\":\"https:\\\/\\\/schema.org\",\"@graph\":[{\"@type\":\"WebPage\",\"@id\":\"https:\\\/\\\/electricink.eu\\\/pt-pt\\\/producto\\\/ps-mini-pop-preto-fosco\\\/\",\"url\":\"https:\\\/\\\/electricink.eu\\\/pt-pt\\\/producto\\\/ps-mini-pop-preto-fosco\\\/\",\"name\":\"PS Mini POP - Preto Fosco - Electric Ink\u00ae\",\"isPartOf\":{\"@id\":\"https:\\\/\\\/electricink.eu\\\/#website\"},\"primaryImageOfPage\":{\"@id\":\"https:\\\/\\\/electricink.eu\\\/pt-pt\\\/producto\\\/ps-mini-pop-preto-fosco\\\/#primaryimage\"},\"image\":{\"@id\":\"https:\\\/\\\/electricink.eu\\\/pt-pt\\\/producto\\\/ps-mini-pop-preto-fosco\\\/#primaryimage\"},\"thumbnailUrl\":\"https:\\\/\\\/electricink.eu\\\/wp-content\\\/uploads\\\/2023\\\/10\\\/fuente_ps_mini_pop_tattoo.png\",\"datePublished\":\"2023-12-14T00:11:48+00:00\",\"dateModified\":\"2024-02-02T14:26:54+00:00\",\"breadcrumb\":{\"@id\":\"https:\\\/\\\/electricink.eu\\\/pt-pt\\\/producto\\\/ps-mini-pop-preto-fosco\\\/#breadcrumb\"},\"inLanguage\":\"pt-PT\",\"potentialAction\":[{\"@type\":\"ReadAction\",\"target\":[\"https:\\\/\\\/electricink.eu\\\/pt-pt\\\/producto\\\/ps-mini-pop-preto-fosco\\\/\"]}]},{\"@type\":\"ImageObject\",\"inLanguage\":\"pt-PT\",\"@id\":\"https:\\\/\\\/electricink.eu\\\/pt-pt\\\/producto\\\/ps-mini-pop-preto-fosco\\\/#primaryimage\",\"url\":\"https:\\\/\\\/electricink.eu\\\/wp-content\\\/uploads\\\/2023\\\/10\\\/fuente_ps_mini_pop_tattoo.png\",\"contentUrl\":\"https:\\\/\\\/electricink.eu\\\/wp-content\\\/uploads\\\/2023\\\/10\\\/fuente_ps_mini_pop_tattoo.png\",\"width\":500,\"height\":500},{\"@type\":\"BreadcrumbList\",\"@id\":\"https:\\\/\\\/electricink.eu\\\/pt-pt\\\/producto\\\/ps-mini-pop-preto-fosco\\\/#breadcrumb\",\"itemListElement\":[{\"@type\":\"ListItem\",\"position\":1,\"name\":\"Portada\",\"item\":\"https:\\\/\\\/electricink.eu\\\/pt-pt\\\/home\\\/\"},{\"@type\":\"ListItem\",\"position\":2,\"name\":\"Tienda\",\"item\":\"https:\\\/\\\/electricink.eu\\\/tienda\\\/\"},{\"@type\":\"ListItem\",\"position\":3,\"name\":\"PS Mini POP &#8211; Preto Fosco\"}]},{\"@type\":\"WebSite\",\"@id\":\"https:\\\/\\\/electricink.eu\\\/#website\",\"url\":\"https:\\\/\\\/electricink.eu\\\/\",\"name\":\"Electric Ink\u00ae\",\"description\":\"Material para Tatuar Profesional en Europa - Electric Ink\u00ae\",\"potentialAction\":[{\"@type\":\"SearchAction\",\"target\":{\"@type\":\"EntryPoint\",\"urlTemplate\":\"https:\\\/\\\/electricink.eu\\\/?s={search_term_string}\"},\"query-input\":{\"@type\":\"PropertyValueSpecification\",\"valueRequired\":true,\"valueName\":\"search_term_string\"}}],\"inLanguage\":\"pt-PT\"}]}<\/script>\n<!-- \/ Yoast SEO plugin. -->","yoast_head_json":{"title":"PS Mini POP - Preto Fosco - Electric Ink\u00ae","robots":{"index":"index","follow":"follow","max-snippet":"max-snippet:-1","max-image-preview":"max-image-preview:large","max-video-preview":"max-video-preview:-1"},"canonical":"https:\/\/electricink.eu\/pt-pt\/producto\/ps-mini-pop-preto-fosco\/","og_locale":"pt_PT","og_type":"article","og_title":"PS Mini POP - Preto Fosco - Electric Ink\u00ae","og_description":"O PS Mini Pop \u00e9 feita de pol\u00edmero industrial, com leitura de corrente (amperes), kick booster, prote\u00e7\u00e3o contra curto-circuito e sobrecarga. \u00c9 extremamente compacta e pode ser facilmente transportada ou fixada com o aux\u00edlio do \u00edm\u00e3 em sua base. Muito pr\u00e1tica, f\u00e1cil de navegar entre telas gra\u00e7as \u00e0 tecla de fun\u00e7\u00e3o. Tamb\u00e9m possui duas mem\u00f3rias ajust\u00e1veis \u200b\u200be uma entrada de pedal, que pode ser configurada para opera\u00e7\u00e3o de pulso ou bloqueio, conforme necess\u00e1rio. Compat\u00edvel com todas as suas m\u00e1quinas, o PS Mini Pop se adapta facilmente a qualquer trabalho, com excelente desempenho tanto em rotativas quanto de bobina.","og_url":"https:\/\/electricink.eu\/pt-pt\/producto\/ps-mini-pop-preto-fosco\/","og_site_name":"Electric Ink\u00ae","article_modified_time":"2024-02-02T14:26:54+00:00","og_image":[{"width":500,"height":500,"url":"https:\/\/electricink.eu\/wp-content\/uploads\/2023\/10\/fuente_ps_mini_pop_tattoo.png","type":"image\/png"}],"twitter_card":"summary_large_image","twitter_misc":{"Tempo estimado de leitura":"1 minuto"},"schema":{"@context":"https:\/\/schema.org","@graph":[{"@type":"WebPage","@id":"https:\/\/electricink.eu\/pt-pt\/producto\/ps-mini-pop-preto-fosco\/","url":"https:\/\/electricink.eu\/pt-pt\/producto\/ps-mini-pop-preto-fosco\/","name":"PS Mini POP - Preto Fosco - Electric Ink\u00ae","isPartOf":{"@id":"https:\/\/electricink.eu\/#website"},"primaryImageOfPage":{"@id":"https:\/\/electricink.eu\/pt-pt\/producto\/ps-mini-pop-preto-fosco\/#primaryimage"},"image":{"@id":"https:\/\/electricink.eu\/pt-pt\/producto\/ps-mini-pop-preto-fosco\/#primaryimage"},"thumbnailUrl":"https:\/\/electricink.eu\/wp-content\/uploads\/2023\/10\/fuente_ps_mini_pop_tattoo.png","datePublished":"2023-12-14T00:11:48+00:00","dateModified":"2024-02-02T14:26:54+00:00","breadcrumb":{"@id":"https:\/\/electricink.eu\/pt-pt\/producto\/ps-mini-pop-preto-fosco\/#breadcrumb"},"inLanguage":"pt-PT","potentialAction":[{"@type":"ReadAction","target":["https:\/\/electricink.eu\/pt-pt\/producto\/ps-mini-pop-preto-fosco\/"]}]},{"@type":"ImageObject","inLanguage":"pt-PT","@id":"https:\/\/electricink.eu\/pt-pt\/producto\/ps-mini-pop-preto-fosco\/#primaryimage","url":"https:\/\/electricink.eu\/wp-content\/uploads\/2023\/10\/fuente_ps_mini_pop_tattoo.png","contentUrl":"https:\/\/electricink.eu\/wp-content\/uploads\/2023\/10\/fuente_ps_mini_pop_tattoo.png","width":500,"height":500},{"@type":"BreadcrumbList","@id":"https:\/\/electricink.eu\/pt-pt\/producto\/ps-mini-pop-preto-fosco\/#breadcrumb","itemListElement":[{"@type":"ListItem","position":1,"name":"Portada","item":"https:\/\/electricink.eu\/pt-pt\/home\/"},{"@type":"ListItem","position":2,"name":"Tienda","item":"https:\/\/electricink.eu\/tienda\/"},{"@type":"ListItem","position":3,"name":"PS Mini POP &#8211; Preto Fosco"}]},{"@type":"WebSite","@id":"https:\/\/electricink.eu\/#website","url":"https:\/\/electricink.eu\/","name":"Electric Ink\u00ae","description":"Material para Tatuar Profesional en Europa - Electric Ink\u00ae","potentialAction":[{"@type":"SearchAction","target":{"@type":"EntryPoint","urlTemplate":"https:\/\/electricink.eu\/?s={search_term_string}"},"query-input":{"@type":"PropertyValueSpecification","valueRequired":true,"valueName":"search_term_string"}}],"inLanguage":"pt-PT"}]}},"_links":{"self":[{"href":"https:\/\/electricink.eu\/pt-pt\/wp-json\/wp\/v2\/product\/37839","targetHints":{"allow":["GET"]}}],"collection":[{"href":"https:\/\/electricink.eu\/pt-pt\/wp-json\/wp\/v2\/product"}],"about":[{"href":"https:\/\/electricink.eu\/pt-pt\/wp-json\/wp\/v2\/types\/product"}],"replies":[{"embeddable":true,"href":"https:\/\/electricink.eu\/pt-pt\/wp-json\/wp\/v2\/comments?post=37839"}],"wp:featuredmedia":[{"embeddable":true,"href":"https:\/\/electricink.eu\/pt-pt\/wp-json\/wp\/v2\/media\/2114"}],"wp:attachment":[{"href":"https:\/\/electricink.eu\/pt-pt\/wp-json\/wp\/v2\/media?parent=37839"}],"wp:term":[{"taxonomy":"product_brand","embeddable":true,"href":"https:\/\/electricink.eu\/pt-pt\/wp-json\/wp\/v2\/product_brand?post=37839"},{"taxonomy":"product_cat","embeddable":true,"href":"https:\/\/electricink.eu\/pt-pt\/wp-json\/wp\/v2\/product_cat?post=37839"},{"taxonomy":"product_tag","embeddable":true,"href":"https:\/\/electricink.eu\/pt-pt\/wp-json\/wp\/v2\/product_tag?post=37839"}],"curies":[{"name":"wp","href":"https:\/\/api.w.org\/{rel}","templated":true}]}}