{"id":37848,"date":"2023-12-14T01:11:48","date_gmt":"2023-12-14T00:11:48","guid":{"rendered":"https:\/\/electricink.eu\/producto\/nano-dial-liner-classic\/"},"modified":"2024-02-02T15:01:07","modified_gmt":"2024-02-02T14:01:07","slug":"nano-dial-liner-classic","status":"publish","type":"product","link":"https:\/\/electricink.eu\/pt-pt\/producto\/nano-dial-liner-classic\/","title":{"rendered":"Nano Dial Liner classic"},"content":{"rendered":"<p><strong>&#8212;&#8212;&#8212;&#8212;&#8212;- Especifica\u00e7\u00f5es \/ Peso \/ Dimens\u00f5es &#8212;&#8212;&#8212;&#8212;&#8212;&#8212;-<\/strong><\/p>\n<p>&#8211; Configura\u00e7\u00e3o: para linhas (at\u00e9 11RL ou 11 RS)<br \/>&#8211; Chassis: ferro fundido com ligas especiais para facilitar o magnetismo (preto)<br \/>&#8211; Mola traseira (largura x comprimento): 13mm x 29mm<br \/>&#8211; Mola dianteira (largura x comprimento): 10mm x 31mm<br \/>&#8211; Frequ\u00eancia: de 150 a 160 Hz (linha)<br \/>&#8211; Velocidade: 120PPS<br \/>&#8211; Peso: 182 gramas<br \/>&#8211; Dimens\u00f5es do chassi: 60mm \/ 70mm<br \/>&#8211; Conex\u00e3o el\u00e9trica: cabo clip-cord<\/p>\n<p><strong>&#8212;&#8212;&#8212;&#8212;&#8212;&#8212;&#8212;&#8212;- Itens Inclu\u00eddos &#8212;&#8212;&#8212;&#8212;&#8212;&#8212;&#8212;&#8212;<\/strong><\/p>\n<p>&#8211; 01 m\u00e1quina Nano Dial Liner<br \/>&#8211; Manual de instru\u00e7\u00f5es<br \/>&#8211; Per\u00edodo de garantia do produto<br \/>* cabo clip-cord n\u00e3o inclu\u00eddo<\/p>\n<p><strong>Garantia:<\/strong><\/p>\n<p>O per\u00edodo de garantia oferecido pela Electric Ink segue os regulamentos europeus atuais. A garantia da Electric Ink para defeitos de fabrica\u00e7\u00e3o come\u00e7a a partir da compra do produto pelo consumidor, verificada na nota fiscal de compra do respectivo item.<\/p>\n<p><strong>Assist\u00eancia T\u00e9cnica: <\/strong>Por email atrav\u00e9s de info@electric.local ou Whatsapp da pagina web<\/p>\n","protected":false},"excerpt":{"rendered":"<p>Desenvolvida com geometria reduzida, \u00e9 uma m\u00e1quina de alta pot\u00eancia e excelente qualidade apesar do seu tamanho.<\/p>\n<p>Ideal para artistas que trabalham muitas horas seguidas e precisam de uma m\u00e1quina adequada e de qualidade para seus trabalhos.<\/p>\n","protected":false},"featured_media":2156,"comment_status":"closed","ping_status":"closed","template":"","meta":{"_acf_changed":false,"_et_pb_use_builder":"","_et_pb_old_content":"","_et_gb_content_width":"","inline_featured_image":false},"product_brand":[],"product_cat":[745,755,756],"product_tag":[],"class_list":{"0":"post-37848","1":"product","2":"type-product","3":"status-publish","4":"has-post-thumbnail","6":"product_cat-tattoo","7":"product_cat-maquinas-de-tatuagem","8":"product_cat-maquinas-de-bobina-pt-pt","10":"first","11":"outofstock","12":"taxable","13":"shipping-taxable","14":"purchasable","15":"product-type-simple"},"acf":[],"yoast_head":"<!-- This site is optimized with the Yoast SEO plugin v27.4 - https:\/\/yoast.com\/product\/yoast-seo-wordpress\/ -->\n<title>Nano Dial Liner classic - Electric Ink\u00ae<\/title>\n<meta name=\"robots\" content=\"index, follow, max-snippet:-1, max-image-preview:large, max-video-preview:-1\" \/>\n<link rel=\"canonical\" href=\"https:\/\/electricink.eu\/pt-pt\/producto\/nano-dial-liner-classic\/\" \/>\n<meta property=\"og:locale\" content=\"pt_PT\" \/>\n<meta property=\"og:type\" content=\"article\" \/>\n<meta property=\"og:title\" content=\"Nano Dial Liner classic - Electric Ink\u00ae\" \/>\n<meta property=\"og:description\" content=\"Desenvolvida com geometria reduzida, \u00e9 uma m\u00e1quina de alta pot\u00eancia e excelente qualidade apesar do seu tamanho. Ideal para artistas que trabalham muitas horas seguidas e precisam de uma m\u00e1quina adequada e de qualidade para seus trabalhos.\" \/>\n<meta property=\"og:url\" content=\"https:\/\/electricink.eu\/pt-pt\/producto\/nano-dial-liner-classic\/\" \/>\n<meta property=\"og:site_name\" content=\"Electric Ink\u00ae\" \/>\n<meta property=\"article:modified_time\" content=\"2024-02-02T14:01:07+00:00\" \/>\n<meta property=\"og:image\" content=\"https:\/\/electricink.eu\/wp-content\/uploads\/2023\/10\/nano_dial_Liner_tattoo_1.png\" \/>\n\t<meta property=\"og:image:width\" content=\"500\" \/>\n\t<meta property=\"og:image:height\" content=\"500\" \/>\n\t<meta property=\"og:image:type\" content=\"image\/png\" \/>\n<meta name=\"twitter:card\" content=\"summary_large_image\" \/>\n<meta name=\"twitter:label1\" content=\"Tempo estimado de leitura\" \/>\n\t<meta name=\"twitter:data1\" content=\"1 minuto\" \/>\n<script type=\"application\/ld+json\" class=\"yoast-schema-graph\">{\"@context\":\"https:\\\/\\\/schema.org\",\"@graph\":[{\"@type\":\"WebPage\",\"@id\":\"https:\\\/\\\/electricink.eu\\\/pt-pt\\\/producto\\\/nano-dial-liner-classic\\\/\",\"url\":\"https:\\\/\\\/electricink.eu\\\/pt-pt\\\/producto\\\/nano-dial-liner-classic\\\/\",\"name\":\"Nano Dial Liner classic - Electric Ink\u00ae\",\"isPartOf\":{\"@id\":\"https:\\\/\\\/electricink.eu\\\/#website\"},\"primaryImageOfPage\":{\"@id\":\"https:\\\/\\\/electricink.eu\\\/pt-pt\\\/producto\\\/nano-dial-liner-classic\\\/#primaryimage\"},\"image\":{\"@id\":\"https:\\\/\\\/electricink.eu\\\/pt-pt\\\/producto\\\/nano-dial-liner-classic\\\/#primaryimage\"},\"thumbnailUrl\":\"https:\\\/\\\/electricink.eu\\\/wp-content\\\/uploads\\\/2023\\\/10\\\/nano_dial_Liner_tattoo_1.png\",\"datePublished\":\"2023-12-14T00:11:48+00:00\",\"dateModified\":\"2024-02-02T14:01:07+00:00\",\"breadcrumb\":{\"@id\":\"https:\\\/\\\/electricink.eu\\\/pt-pt\\\/producto\\\/nano-dial-liner-classic\\\/#breadcrumb\"},\"inLanguage\":\"pt-PT\",\"potentialAction\":[{\"@type\":\"ReadAction\",\"target\":[\"https:\\\/\\\/electricink.eu\\\/pt-pt\\\/producto\\\/nano-dial-liner-classic\\\/\"]}]},{\"@type\":\"ImageObject\",\"inLanguage\":\"pt-PT\",\"@id\":\"https:\\\/\\\/electricink.eu\\\/pt-pt\\\/producto\\\/nano-dial-liner-classic\\\/#primaryimage\",\"url\":\"https:\\\/\\\/electricink.eu\\\/wp-content\\\/uploads\\\/2023\\\/10\\\/nano_dial_Liner_tattoo_1.png\",\"contentUrl\":\"https:\\\/\\\/electricink.eu\\\/wp-content\\\/uploads\\\/2023\\\/10\\\/nano_dial_Liner_tattoo_1.png\",\"width\":500,\"height\":500},{\"@type\":\"BreadcrumbList\",\"@id\":\"https:\\\/\\\/electricink.eu\\\/pt-pt\\\/producto\\\/nano-dial-liner-classic\\\/#breadcrumb\",\"itemListElement\":[{\"@type\":\"ListItem\",\"position\":1,\"name\":\"Portada\",\"item\":\"https:\\\/\\\/electricink.eu\\\/pt-pt\\\/home\\\/\"},{\"@type\":\"ListItem\",\"position\":2,\"name\":\"Tienda\",\"item\":\"https:\\\/\\\/electricink.eu\\\/tienda\\\/\"},{\"@type\":\"ListItem\",\"position\":3,\"name\":\"Nano Dial Liner classic\"}]},{\"@type\":\"WebSite\",\"@id\":\"https:\\\/\\\/electricink.eu\\\/#website\",\"url\":\"https:\\\/\\\/electricink.eu\\\/\",\"name\":\"Electric Ink\u00ae\",\"description\":\"Material para Tatuar Profesional en Europa - Electric Ink\u00ae\",\"potentialAction\":[{\"@type\":\"SearchAction\",\"target\":{\"@type\":\"EntryPoint\",\"urlTemplate\":\"https:\\\/\\\/electricink.eu\\\/?s={search_term_string}\"},\"query-input\":{\"@type\":\"PropertyValueSpecification\",\"valueRequired\":true,\"valueName\":\"search_term_string\"}}],\"inLanguage\":\"pt-PT\"}]}<\/script>\n<!-- \/ Yoast SEO plugin. -->","yoast_head_json":{"title":"Nano Dial Liner classic - Electric Ink\u00ae","robots":{"index":"index","follow":"follow","max-snippet":"max-snippet:-1","max-image-preview":"max-image-preview:large","max-video-preview":"max-video-preview:-1"},"canonical":"https:\/\/electricink.eu\/pt-pt\/producto\/nano-dial-liner-classic\/","og_locale":"pt_PT","og_type":"article","og_title":"Nano Dial Liner classic - Electric Ink\u00ae","og_description":"Desenvolvida com geometria reduzida, \u00e9 uma m\u00e1quina de alta pot\u00eancia e excelente qualidade apesar do seu tamanho. Ideal para artistas que trabalham muitas horas seguidas e precisam de uma m\u00e1quina adequada e de qualidade para seus trabalhos.","og_url":"https:\/\/electricink.eu\/pt-pt\/producto\/nano-dial-liner-classic\/","og_site_name":"Electric Ink\u00ae","article_modified_time":"2024-02-02T14:01:07+00:00","og_image":[{"width":500,"height":500,"url":"https:\/\/electricink.eu\/wp-content\/uploads\/2023\/10\/nano_dial_Liner_tattoo_1.png","type":"image\/png"}],"twitter_card":"summary_large_image","twitter_misc":{"Tempo estimado de leitura":"1 minuto"},"schema":{"@context":"https:\/\/schema.org","@graph":[{"@type":"WebPage","@id":"https:\/\/electricink.eu\/pt-pt\/producto\/nano-dial-liner-classic\/","url":"https:\/\/electricink.eu\/pt-pt\/producto\/nano-dial-liner-classic\/","name":"Nano Dial Liner classic - Electric Ink\u00ae","isPartOf":{"@id":"https:\/\/electricink.eu\/#website"},"primaryImageOfPage":{"@id":"https:\/\/electricink.eu\/pt-pt\/producto\/nano-dial-liner-classic\/#primaryimage"},"image":{"@id":"https:\/\/electricink.eu\/pt-pt\/producto\/nano-dial-liner-classic\/#primaryimage"},"thumbnailUrl":"https:\/\/electricink.eu\/wp-content\/uploads\/2023\/10\/nano_dial_Liner_tattoo_1.png","datePublished":"2023-12-14T00:11:48+00:00","dateModified":"2024-02-02T14:01:07+00:00","breadcrumb":{"@id":"https:\/\/electricink.eu\/pt-pt\/producto\/nano-dial-liner-classic\/#breadcrumb"},"inLanguage":"pt-PT","potentialAction":[{"@type":"ReadAction","target":["https:\/\/electricink.eu\/pt-pt\/producto\/nano-dial-liner-classic\/"]}]},{"@type":"ImageObject","inLanguage":"pt-PT","@id":"https:\/\/electricink.eu\/pt-pt\/producto\/nano-dial-liner-classic\/#primaryimage","url":"https:\/\/electricink.eu\/wp-content\/uploads\/2023\/10\/nano_dial_Liner_tattoo_1.png","contentUrl":"https:\/\/electricink.eu\/wp-content\/uploads\/2023\/10\/nano_dial_Liner_tattoo_1.png","width":500,"height":500},{"@type":"BreadcrumbList","@id":"https:\/\/electricink.eu\/pt-pt\/producto\/nano-dial-liner-classic\/#breadcrumb","itemListElement":[{"@type":"ListItem","position":1,"name":"Portada","item":"https:\/\/electricink.eu\/pt-pt\/home\/"},{"@type":"ListItem","position":2,"name":"Tienda","item":"https:\/\/electricink.eu\/tienda\/"},{"@type":"ListItem","position":3,"name":"Nano Dial Liner classic"}]},{"@type":"WebSite","@id":"https:\/\/electricink.eu\/#website","url":"https:\/\/electricink.eu\/","name":"Electric Ink\u00ae","description":"Material para Tatuar Profesional en Europa - Electric Ink\u00ae","potentialAction":[{"@type":"SearchAction","target":{"@type":"EntryPoint","urlTemplate":"https:\/\/electricink.eu\/?s={search_term_string}"},"query-input":{"@type":"PropertyValueSpecification","valueRequired":true,"valueName":"search_term_string"}}],"inLanguage":"pt-PT"}]}},"_links":{"self":[{"href":"https:\/\/electricink.eu\/pt-pt\/wp-json\/wp\/v2\/product\/37848","targetHints":{"allow":["GET"]}}],"collection":[{"href":"https:\/\/electricink.eu\/pt-pt\/wp-json\/wp\/v2\/product"}],"about":[{"href":"https:\/\/electricink.eu\/pt-pt\/wp-json\/wp\/v2\/types\/product"}],"replies":[{"embeddable":true,"href":"https:\/\/electricink.eu\/pt-pt\/wp-json\/wp\/v2\/comments?post=37848"}],"wp:featuredmedia":[{"embeddable":true,"href":"https:\/\/electricink.eu\/pt-pt\/wp-json\/wp\/v2\/media\/2156"}],"wp:attachment":[{"href":"https:\/\/electricink.eu\/pt-pt\/wp-json\/wp\/v2\/media?parent=37848"}],"wp:term":[{"taxonomy":"product_brand","embeddable":true,"href":"https:\/\/electricink.eu\/pt-pt\/wp-json\/wp\/v2\/product_brand?post=37848"},{"taxonomy":"product_cat","embeddable":true,"href":"https:\/\/electricink.eu\/pt-pt\/wp-json\/wp\/v2\/product_cat?post=37848"},{"taxonomy":"product_tag","embeddable":true,"href":"https:\/\/electricink.eu\/pt-pt\/wp-json\/wp\/v2\/product_tag?post=37848"}],"curies":[{"name":"wp","href":"https:\/\/api.w.org\/{rel}","templated":true}]}}