{"id":37958,"date":"2023-12-14T01:10:25","date_gmt":"2023-12-14T00:10:25","guid":{"rendered":"https:\/\/electricink.eu\/producto\/ghost-white-easy-glow-240ml\/"},"modified":"2026-03-15T14:07:23","modified_gmt":"2026-03-15T13:07:23","slug":"ghost-white-easy-glow-240ml","status":"publish","type":"product","link":"https:\/\/electricink.eu\/pt-pt\/producto\/ghost-white-easy-glow-240ml\/","title":{"rendered":"Ghost White Easy Glow 240ml"},"content":{"rendered":"<p><strong>Pigmentos Art\u00edsticos<\/strong><\/p>\n<p><strong>Tamanho:<\/strong> 240ml<\/p>\n<p><strong>Aplica\u00e7\u00e3o:<\/strong> Treino e pele artificial<\/p>\n","protected":false},"excerpt":{"rendered":"<p><strong>Tintas art\u00edsticas EASY GLOW:<\/strong> f\u00e1cil fixa\u00e7\u00e3o e nova tecnologia com baixa sedimenta\u00e7\u00e3o.<\/p>\n<p>As tintas <strong>EASY GLOW<\/strong> possuem excelente estabiliza\u00e7\u00e3o em meio aquoso, proporcionando maior n\u00edvel de intensidade e auxiliando na fixa\u00e7\u00e3o do pigmento. Com uma nova tecnologia para dispers\u00e3o das part\u00edculas, elas n\u00e3o apresentam sedimenta\u00e7\u00e3o, coagula\u00e7\u00e3o, endurecimento.<\/p>\n<p>Caso ocorra separa\u00e7\u00e3o dos pigmentos, basta agitar o produto e j\u00e1 estar\u00e1 pronto para uso.<\/p>\n<p>Possuem alta resist\u00eancia \u00e0s altera\u00e7\u00f5es por luz solar, poluentes, solventes, etc).<\/p>\n<p>Pigmentos desenvolvidos para alcan\u00e7ar \u00f3timos resultados de propriedades colorim\u00e9tricas.<\/p>\n<p>De f\u00e1cil aplica\u00e7\u00e3o, fabricadas com total assepsia e biosseguran\u00e7a.<\/p>\n<p>Esterilizadas com raios gama ap\u00f3s o envase, garantindo um produto totalmente livre de micro-organismos.<\/p>\n","protected":false},"featured_media":1889,"comment_status":"closed","ping_status":"closed","template":"","meta":{"_acf_changed":false,"_et_pb_use_builder":"","_et_pb_old_content":"","_et_gb_content_width":"","inline_featured_image":false},"product_brand":[],"product_cat":[761,766],"product_tag":[839],"class_list":{"0":"post-37958","1":"product","2":"type-product","3":"status-publish","4":"has-post-thumbnail","6":"product_cat-tintas-artisticas-pt-pt","7":"product_cat-tintas-artisticas-easy-glow-pt-pt","8":"product_tag-240ml-pt-pt","10":"first","11":"instock","12":"taxable","13":"shipping-taxable","14":"purchasable","15":"product-type-simple"},"acf":[],"yoast_head":"<!-- This site is optimized with the Yoast SEO plugin v27.5 - https:\/\/yoast.com\/product\/yoast-seo-wordpress\/ -->\n<title>Ghost White Easy Glow 240ml - Electric Ink\u00ae<\/title>\n<meta name=\"robots\" content=\"index, follow, max-snippet:-1, max-image-preview:large, max-video-preview:-1\" \/>\n<link rel=\"canonical\" href=\"https:\/\/electricink.eu\/pt-pt\/producto\/ghost-white-easy-glow-240ml\/\" \/>\n<meta property=\"og:locale\" content=\"pt_PT\" \/>\n<meta property=\"og:type\" content=\"article\" \/>\n<meta property=\"og:title\" content=\"Ghost White Easy Glow 240ml - Electric Ink\u00ae\" \/>\n<meta property=\"og:description\" content=\"Tintas art\u00edsticas EASY GLOW: f\u00e1cil fixa\u00e7\u00e3o e nova tecnologia com baixa sedimenta\u00e7\u00e3o. As tintas EASY GLOW possuem excelente estabiliza\u00e7\u00e3o em meio aquoso, proporcionando maior n\u00edvel de intensidade e auxiliando na fixa\u00e7\u00e3o do pigmento. Com uma nova tecnologia para dispers\u00e3o das part\u00edculas, elas n\u00e3o apresentam sedimenta\u00e7\u00e3o, coagula\u00e7\u00e3o, endurecimento. Caso ocorra separa\u00e7\u00e3o dos pigmentos, basta agitar o produto e j\u00e1 estar\u00e1 pronto para uso. Possuem alta resist\u00eancia \u00e0s altera\u00e7\u00f5es por luz solar, poluentes, solventes, etc). Pigmentos desenvolvidos para alcan\u00e7ar \u00f3timos resultados de propriedades colorim\u00e9tricas. De f\u00e1cil aplica\u00e7\u00e3o, fabricadas com total assepsia e biosseguran\u00e7a. Esterilizadas com raios gama ap\u00f3s o envase, garantindo um produto totalmente livre de micro-organismos.\" \/>\n<meta property=\"og:url\" content=\"https:\/\/electricink.eu\/pt-pt\/producto\/ghost-white-easy-glow-240ml\/\" \/>\n<meta property=\"og:site_name\" content=\"Electric Ink\u00ae\" \/>\n<meta property=\"article:modified_time\" content=\"2026-03-15T13:07:23+00:00\" \/>\n<meta property=\"og:image\" content=\"https:\/\/electricink.eu\/wp-content\/uploads\/2023\/10\/Frasco-Tampa-Tatuagem-Easy-Glow_GhostWhite_240mL.png\" \/>\n\t<meta property=\"og:image:width\" content=\"1200\" \/>\n\t<meta property=\"og:image:height\" content=\"1200\" \/>\n\t<meta property=\"og:image:type\" content=\"image\/png\" \/>\n<meta name=\"twitter:card\" content=\"summary_large_image\" \/>\n<script type=\"application\/ld+json\" class=\"yoast-schema-graph\">{\"@context\":\"https:\\\/\\\/schema.org\",\"@graph\":[{\"@type\":\"WebPage\",\"@id\":\"https:\\\/\\\/electricink.eu\\\/pt-pt\\\/producto\\\/ghost-white-easy-glow-240ml\\\/\",\"url\":\"https:\\\/\\\/electricink.eu\\\/pt-pt\\\/producto\\\/ghost-white-easy-glow-240ml\\\/\",\"name\":\"Ghost White Easy Glow 240ml - Electric Ink\u00ae\",\"isPartOf\":{\"@id\":\"https:\\\/\\\/electricink.eu\\\/#website\"},\"primaryImageOfPage\":{\"@id\":\"https:\\\/\\\/electricink.eu\\\/pt-pt\\\/producto\\\/ghost-white-easy-glow-240ml\\\/#primaryimage\"},\"image\":{\"@id\":\"https:\\\/\\\/electricink.eu\\\/pt-pt\\\/producto\\\/ghost-white-easy-glow-240ml\\\/#primaryimage\"},\"thumbnailUrl\":\"https:\\\/\\\/electricink.eu\\\/wp-content\\\/uploads\\\/2023\\\/10\\\/Frasco-Tampa-Tatuagem-Easy-Glow_GhostWhite_240mL.png\",\"datePublished\":\"2023-12-14T00:10:25+00:00\",\"dateModified\":\"2026-03-15T13:07:23+00:00\",\"breadcrumb\":{\"@id\":\"https:\\\/\\\/electricink.eu\\\/pt-pt\\\/producto\\\/ghost-white-easy-glow-240ml\\\/#breadcrumb\"},\"inLanguage\":\"pt-PT\",\"potentialAction\":[{\"@type\":\"ReadAction\",\"target\":[\"https:\\\/\\\/electricink.eu\\\/pt-pt\\\/producto\\\/ghost-white-easy-glow-240ml\\\/\"]}]},{\"@type\":\"ImageObject\",\"inLanguage\":\"pt-PT\",\"@id\":\"https:\\\/\\\/electricink.eu\\\/pt-pt\\\/producto\\\/ghost-white-easy-glow-240ml\\\/#primaryimage\",\"url\":\"https:\\\/\\\/electricink.eu\\\/wp-content\\\/uploads\\\/2023\\\/10\\\/Frasco-Tampa-Tatuagem-Easy-Glow_GhostWhite_240mL.png\",\"contentUrl\":\"https:\\\/\\\/electricink.eu\\\/wp-content\\\/uploads\\\/2023\\\/10\\\/Frasco-Tampa-Tatuagem-Easy-Glow_GhostWhite_240mL.png\",\"width\":1200,\"height\":1200},{\"@type\":\"BreadcrumbList\",\"@id\":\"https:\\\/\\\/electricink.eu\\\/pt-pt\\\/producto\\\/ghost-white-easy-glow-240ml\\\/#breadcrumb\",\"itemListElement\":[{\"@type\":\"ListItem\",\"position\":1,\"name\":\"Portada\",\"item\":\"https:\\\/\\\/electricink.eu\\\/pt-pt\\\/home\\\/\"},{\"@type\":\"ListItem\",\"position\":2,\"name\":\"Tienda\",\"item\":\"https:\\\/\\\/electricink.eu\\\/tienda\\\/\"},{\"@type\":\"ListItem\",\"position\":3,\"name\":\"Ghost White Easy Glow 240ml\"}]},{\"@type\":\"WebSite\",\"@id\":\"https:\\\/\\\/electricink.eu\\\/#website\",\"url\":\"https:\\\/\\\/electricink.eu\\\/\",\"name\":\"Electric Ink\u00ae\",\"description\":\"Material para Tatuar Profesional en Europa - Electric Ink\u00ae\",\"potentialAction\":[{\"@type\":\"SearchAction\",\"target\":{\"@type\":\"EntryPoint\",\"urlTemplate\":\"https:\\\/\\\/electricink.eu\\\/?s={search_term_string}\"},\"query-input\":{\"@type\":\"PropertyValueSpecification\",\"valueRequired\":true,\"valueName\":\"search_term_string\"}}],\"inLanguage\":\"pt-PT\"}]}<\/script>\n<!-- \/ Yoast SEO plugin. -->","yoast_head_json":{"title":"Ghost White Easy Glow 240ml - Electric Ink\u00ae","robots":{"index":"index","follow":"follow","max-snippet":"max-snippet:-1","max-image-preview":"max-image-preview:large","max-video-preview":"max-video-preview:-1"},"canonical":"https:\/\/electricink.eu\/pt-pt\/producto\/ghost-white-easy-glow-240ml\/","og_locale":"pt_PT","og_type":"article","og_title":"Ghost White Easy Glow 240ml - Electric Ink\u00ae","og_description":"Tintas art\u00edsticas EASY GLOW: f\u00e1cil fixa\u00e7\u00e3o e nova tecnologia com baixa sedimenta\u00e7\u00e3o. As tintas EASY GLOW possuem excelente estabiliza\u00e7\u00e3o em meio aquoso, proporcionando maior n\u00edvel de intensidade e auxiliando na fixa\u00e7\u00e3o do pigmento. Com uma nova tecnologia para dispers\u00e3o das part\u00edculas, elas n\u00e3o apresentam sedimenta\u00e7\u00e3o, coagula\u00e7\u00e3o, endurecimento. Caso ocorra separa\u00e7\u00e3o dos pigmentos, basta agitar o produto e j\u00e1 estar\u00e1 pronto para uso. Possuem alta resist\u00eancia \u00e0s altera\u00e7\u00f5es por luz solar, poluentes, solventes, etc). Pigmentos desenvolvidos para alcan\u00e7ar \u00f3timos resultados de propriedades colorim\u00e9tricas. De f\u00e1cil aplica\u00e7\u00e3o, fabricadas com total assepsia e biosseguran\u00e7a. Esterilizadas com raios gama ap\u00f3s o envase, garantindo um produto totalmente livre de micro-organismos.","og_url":"https:\/\/electricink.eu\/pt-pt\/producto\/ghost-white-easy-glow-240ml\/","og_site_name":"Electric Ink\u00ae","article_modified_time":"2026-03-15T13:07:23+00:00","og_image":[{"width":1200,"height":1200,"url":"https:\/\/electricink.eu\/wp-content\/uploads\/2023\/10\/Frasco-Tampa-Tatuagem-Easy-Glow_GhostWhite_240mL.png","type":"image\/png"}],"twitter_card":"summary_large_image","schema":{"@context":"https:\/\/schema.org","@graph":[{"@type":"WebPage","@id":"https:\/\/electricink.eu\/pt-pt\/producto\/ghost-white-easy-glow-240ml\/","url":"https:\/\/electricink.eu\/pt-pt\/producto\/ghost-white-easy-glow-240ml\/","name":"Ghost White Easy Glow 240ml - Electric Ink\u00ae","isPartOf":{"@id":"https:\/\/electricink.eu\/#website"},"primaryImageOfPage":{"@id":"https:\/\/electricink.eu\/pt-pt\/producto\/ghost-white-easy-glow-240ml\/#primaryimage"},"image":{"@id":"https:\/\/electricink.eu\/pt-pt\/producto\/ghost-white-easy-glow-240ml\/#primaryimage"},"thumbnailUrl":"https:\/\/electricink.eu\/wp-content\/uploads\/2023\/10\/Frasco-Tampa-Tatuagem-Easy-Glow_GhostWhite_240mL.png","datePublished":"2023-12-14T00:10:25+00:00","dateModified":"2026-03-15T13:07:23+00:00","breadcrumb":{"@id":"https:\/\/electricink.eu\/pt-pt\/producto\/ghost-white-easy-glow-240ml\/#breadcrumb"},"inLanguage":"pt-PT","potentialAction":[{"@type":"ReadAction","target":["https:\/\/electricink.eu\/pt-pt\/producto\/ghost-white-easy-glow-240ml\/"]}]},{"@type":"ImageObject","inLanguage":"pt-PT","@id":"https:\/\/electricink.eu\/pt-pt\/producto\/ghost-white-easy-glow-240ml\/#primaryimage","url":"https:\/\/electricink.eu\/wp-content\/uploads\/2023\/10\/Frasco-Tampa-Tatuagem-Easy-Glow_GhostWhite_240mL.png","contentUrl":"https:\/\/electricink.eu\/wp-content\/uploads\/2023\/10\/Frasco-Tampa-Tatuagem-Easy-Glow_GhostWhite_240mL.png","width":1200,"height":1200},{"@type":"BreadcrumbList","@id":"https:\/\/electricink.eu\/pt-pt\/producto\/ghost-white-easy-glow-240ml\/#breadcrumb","itemListElement":[{"@type":"ListItem","position":1,"name":"Portada","item":"https:\/\/electricink.eu\/pt-pt\/home\/"},{"@type":"ListItem","position":2,"name":"Tienda","item":"https:\/\/electricink.eu\/tienda\/"},{"@type":"ListItem","position":3,"name":"Ghost White Easy Glow 240ml"}]},{"@type":"WebSite","@id":"https:\/\/electricink.eu\/#website","url":"https:\/\/electricink.eu\/","name":"Electric Ink\u00ae","description":"Material para Tatuar Profesional en Europa - Electric Ink\u00ae","potentialAction":[{"@type":"SearchAction","target":{"@type":"EntryPoint","urlTemplate":"https:\/\/electricink.eu\/?s={search_term_string}"},"query-input":{"@type":"PropertyValueSpecification","valueRequired":true,"valueName":"search_term_string"}}],"inLanguage":"pt-PT"}]}},"_links":{"self":[{"href":"https:\/\/electricink.eu\/pt-pt\/wp-json\/wp\/v2\/product\/37958","targetHints":{"allow":["GET"]}}],"collection":[{"href":"https:\/\/electricink.eu\/pt-pt\/wp-json\/wp\/v2\/product"}],"about":[{"href":"https:\/\/electricink.eu\/pt-pt\/wp-json\/wp\/v2\/types\/product"}],"replies":[{"embeddable":true,"href":"https:\/\/electricink.eu\/pt-pt\/wp-json\/wp\/v2\/comments?post=37958"}],"wp:featuredmedia":[{"embeddable":true,"href":"https:\/\/electricink.eu\/pt-pt\/wp-json\/wp\/v2\/media\/1889"}],"wp:attachment":[{"href":"https:\/\/electricink.eu\/pt-pt\/wp-json\/wp\/v2\/media?parent=37958"}],"wp:term":[{"taxonomy":"product_brand","embeddable":true,"href":"https:\/\/electricink.eu\/pt-pt\/wp-json\/wp\/v2\/product_brand?post=37958"},{"taxonomy":"product_cat","embeddable":true,"href":"https:\/\/electricink.eu\/pt-pt\/wp-json\/wp\/v2\/product_cat?post=37958"},{"taxonomy":"product_tag","embeddable":true,"href":"https:\/\/electricink.eu\/pt-pt\/wp-json\/wp\/v2\/product_tag?post=37958"}],"curies":[{"name":"wp","href":"https:\/\/api.w.org\/{rel}","templated":true}]}}