{"id":38021,"date":"2023-12-14T01:09:35","date_gmt":"2023-12-14T00:09:35","guid":{"rendered":"https:\/\/electricink.eu\/producto\/advanced-needles-07-flex-long-curved-5un\/"},"modified":"2023-12-14T01:09:35","modified_gmt":"2023-12-14T00:09:35","slug":"advanced-needles-07-flex-long-curved-5un","status":"publish","type":"product","link":"https:\/\/electricink.eu\/pt-pt\/producto\/advanced-needles-07-flex-long-curved-5un\/","title":{"rendered":"Advanced Needles 07 Flex Long Curved &#8211; 5un"},"content":{"rendered":"<p>Cole\u00e7\u00e3o: Flex Long Curved \u2013 7 e 12 \u2013 0.22mm<\/p>\n<p>Produto esterilizado com \u00f3xido de etileno e embalado com papel cir\u00fargico, aprovado ap\u00f3s rigoroso processo de controle de qualidade, com an\u00e1lise individual das agulhas. Garante m\u00e1xima higiene e seguran\u00e7a ao profissional e ao cliente no procedimento de microblading (maquiagem definitiva).<\/p>\n<p>CONT\u00c9M: 05 l\u00e2minas para tebori.<\/p>\n<p>INDICA\u00c7\u00d5ES: Fabricado exclusivamente para o procedimento de maquiagem definitiva (micropigmenta\u00e7\u00e3o) ou para um procedimento est\u00e9tico corretivo.<\/p>\n<p>PRONTO PARA USO: Execute o procedimento corretivo est\u00e9tico ou de micropigmenta\u00e7\u00e3o e descarte as agulhas ap\u00f3s o uso.<strong>\u00a0Reutiliza\u00e7\u00e3o proibida.<\/strong><\/p>\n<p>PRECAU\u00c7\u00d5ES:<\/p>\n<p>N\u00c3O USE SE A EMBALAGEM ESTIVER VIOLADA OU DANIFICADA. PRODUTO EST\u00c9RIL.<\/p>\n<ul>\n<li>Ap\u00f3s o uso, descarte as agulhas num recipiente do grupo 3, espec\u00edfico para materiais contaminantes.<\/li>\n<li>Armazene em local fresco e seco, protegido da umidade e da luz solar direta.<\/li>\n<li>Sempre manuseie este produto com luvas de procedimento.<\/li>\n<\/ul>\n","protected":false},"excerpt":{"rendered":"<p>Em Microblading, as l\u00e2minas FLEX LONG CURVED, \u201ccurvas e longas\u201d s\u00e3o l\u00e2minas que oferecem a flexibilidade da FLEX LONG mas com as agulhas num \u00e2ngulo mais acentuado, o que permite maior amplitude de movimento nas curvas.<\/p>\n<p>Por serem mais longas que as demais, s\u00e3o indicadas para peles com maior sensibilidade (envelhecida ou altamente vascularizada). Gra\u00e7as \u00e0 sua configura\u00e7\u00e3o, reduz o risco de les\u00f5es na pele, garantindo maior seguran\u00e7a ao profissional e ao cliente.<\/p>\n<p>Recomendada para ser usada em conjunto com outras agulhas.<\/p>\n<p>Electric Ink, \u00fanica empresa no mercado que verifica e fiscaliza 100% das unidades produzidas, oferece aos profissionais uma grande variedade de tipos de agulhas de alta qualidade, com selo de certifica\u00e7\u00e3o do processo de esteriliza\u00e7\u00e3o.<\/p>\n","protected":false},"featured_media":1799,"comment_status":"closed","ping_status":"closed","template":"","meta":{"_acf_changed":false,"_et_pb_use_builder":"","_et_pb_old_content":"","_et_gb_content_width":"","inline_featured_image":false},"product_brand":[],"product_cat":[731,739,740],"product_tag":[],"class_list":{"0":"post-38021","1":"product","2":"type-product","3":"status-publish","4":"has-post-thumbnail","6":"product_cat-micropigmentacao","7":"product_cat-teboris-pt","8":"product_cat-laminas-para-teboris-pt-pt","10":"first","11":"outofstock","12":"taxable","13":"shipping-taxable","14":"purchasable","15":"product-type-simple"},"acf":[],"yoast_head":"<!-- This site is optimized with the Yoast SEO plugin v27.4 - https:\/\/yoast.com\/product\/yoast-seo-wordpress\/ -->\n<title>Advanced Needles 07 Flex Long Curved - 5un - Electric Ink\u00ae<\/title>\n<meta name=\"robots\" content=\"index, follow, max-snippet:-1, max-image-preview:large, max-video-preview:-1\" \/>\n<link rel=\"canonical\" href=\"https:\/\/electricink.eu\/pt-pt\/producto\/advanced-needles-07-flex-long-curved-5un\/\" \/>\n<meta property=\"og:locale\" content=\"pt_PT\" \/>\n<meta property=\"og:type\" content=\"article\" \/>\n<meta property=\"og:title\" content=\"Advanced Needles 07 Flex Long Curved - 5un - Electric Ink\u00ae\" \/>\n<meta property=\"og:description\" content=\"Em Microblading, as l\u00e2minas FLEX LONG CURVED, \u201ccurvas e longas\u201d s\u00e3o l\u00e2minas que oferecem a flexibilidade da FLEX LONG mas com as agulhas num \u00e2ngulo mais acentuado, o que permite maior amplitude de movimento nas curvas. Por serem mais longas que as demais, s\u00e3o indicadas para peles com maior sensibilidade (envelhecida ou altamente vascularizada). Gra\u00e7as \u00e0 sua configura\u00e7\u00e3o, reduz o risco de les\u00f5es na pele, garantindo maior seguran\u00e7a ao profissional e ao cliente. Recomendada para ser usada em conjunto com outras agulhas. Electric Ink, \u00fanica empresa no mercado que verifica e fiscaliza 100% das unidades produzidas, oferece aos profissionais uma grande variedade de tipos de agulhas de alta qualidade, com selo de certifica\u00e7\u00e3o do processo de esteriliza\u00e7\u00e3o.\" \/>\n<meta property=\"og:url\" content=\"https:\/\/electricink.eu\/pt-pt\/producto\/advanced-needles-07-flex-long-curved-5un\/\" \/>\n<meta property=\"og:site_name\" content=\"Electric Ink\u00ae\" \/>\n<meta property=\"og:image\" content=\"https:\/\/electricink.eu\/wp-content\/uploads\/2023\/10\/ADVANCED-NEEDLES-7-FLEX-LONG-CURVED.png\" \/>\n\t<meta property=\"og:image:width\" content=\"900\" \/>\n\t<meta property=\"og:image:height\" content=\"900\" \/>\n\t<meta property=\"og:image:type\" content=\"image\/png\" \/>\n<meta name=\"twitter:card\" content=\"summary_large_image\" \/>\n<meta name=\"twitter:label1\" content=\"Tempo estimado de leitura\" \/>\n\t<meta name=\"twitter:data1\" content=\"1 minuto\" \/>\n<script type=\"application\/ld+json\" class=\"yoast-schema-graph\">{\"@context\":\"https:\\\/\\\/schema.org\",\"@graph\":[{\"@type\":\"WebPage\",\"@id\":\"https:\\\/\\\/electricink.eu\\\/pt-pt\\\/producto\\\/advanced-needles-07-flex-long-curved-5un\\\/\",\"url\":\"https:\\\/\\\/electricink.eu\\\/pt-pt\\\/producto\\\/advanced-needles-07-flex-long-curved-5un\\\/\",\"name\":\"Advanced Needles 07 Flex Long Curved - 5un - Electric Ink\u00ae\",\"isPartOf\":{\"@id\":\"https:\\\/\\\/electricink.eu\\\/#website\"},\"primaryImageOfPage\":{\"@id\":\"https:\\\/\\\/electricink.eu\\\/pt-pt\\\/producto\\\/advanced-needles-07-flex-long-curved-5un\\\/#primaryimage\"},\"image\":{\"@id\":\"https:\\\/\\\/electricink.eu\\\/pt-pt\\\/producto\\\/advanced-needles-07-flex-long-curved-5un\\\/#primaryimage\"},\"thumbnailUrl\":\"https:\\\/\\\/electricink.eu\\\/wp-content\\\/uploads\\\/2023\\\/10\\\/ADVANCED-NEEDLES-7-FLEX-LONG-CURVED.png\",\"datePublished\":\"2023-12-14T00:09:35+00:00\",\"breadcrumb\":{\"@id\":\"https:\\\/\\\/electricink.eu\\\/pt-pt\\\/producto\\\/advanced-needles-07-flex-long-curved-5un\\\/#breadcrumb\"},\"inLanguage\":\"pt-PT\",\"potentialAction\":[{\"@type\":\"ReadAction\",\"target\":[\"https:\\\/\\\/electricink.eu\\\/pt-pt\\\/producto\\\/advanced-needles-07-flex-long-curved-5un\\\/\"]}]},{\"@type\":\"ImageObject\",\"inLanguage\":\"pt-PT\",\"@id\":\"https:\\\/\\\/electricink.eu\\\/pt-pt\\\/producto\\\/advanced-needles-07-flex-long-curved-5un\\\/#primaryimage\",\"url\":\"https:\\\/\\\/electricink.eu\\\/wp-content\\\/uploads\\\/2023\\\/10\\\/ADVANCED-NEEDLES-7-FLEX-LONG-CURVED.png\",\"contentUrl\":\"https:\\\/\\\/electricink.eu\\\/wp-content\\\/uploads\\\/2023\\\/10\\\/ADVANCED-NEEDLES-7-FLEX-LONG-CURVED.png\",\"width\":900,\"height\":900},{\"@type\":\"BreadcrumbList\",\"@id\":\"https:\\\/\\\/electricink.eu\\\/pt-pt\\\/producto\\\/advanced-needles-07-flex-long-curved-5un\\\/#breadcrumb\",\"itemListElement\":[{\"@type\":\"ListItem\",\"position\":1,\"name\":\"Portada\",\"item\":\"https:\\\/\\\/electricink.eu\\\/pt-pt\\\/home\\\/\"},{\"@type\":\"ListItem\",\"position\":2,\"name\":\"Tienda\",\"item\":\"https:\\\/\\\/electricink.eu\\\/tienda\\\/\"},{\"@type\":\"ListItem\",\"position\":3,\"name\":\"Advanced Needles 07 Flex Long Curved &#8211; 5un\"}]},{\"@type\":\"WebSite\",\"@id\":\"https:\\\/\\\/electricink.eu\\\/#website\",\"url\":\"https:\\\/\\\/electricink.eu\\\/\",\"name\":\"Electric Ink\u00ae\",\"description\":\"Material para Tatuar Profesional en Europa - Electric Ink\u00ae\",\"potentialAction\":[{\"@type\":\"SearchAction\",\"target\":{\"@type\":\"EntryPoint\",\"urlTemplate\":\"https:\\\/\\\/electricink.eu\\\/?s={search_term_string}\"},\"query-input\":{\"@type\":\"PropertyValueSpecification\",\"valueRequired\":true,\"valueName\":\"search_term_string\"}}],\"inLanguage\":\"pt-PT\"}]}<\/script>\n<!-- \/ Yoast SEO plugin. -->","yoast_head_json":{"title":"Advanced Needles 07 Flex Long Curved - 5un - Electric Ink\u00ae","robots":{"index":"index","follow":"follow","max-snippet":"max-snippet:-1","max-image-preview":"max-image-preview:large","max-video-preview":"max-video-preview:-1"},"canonical":"https:\/\/electricink.eu\/pt-pt\/producto\/advanced-needles-07-flex-long-curved-5un\/","og_locale":"pt_PT","og_type":"article","og_title":"Advanced Needles 07 Flex Long Curved - 5un - Electric Ink\u00ae","og_description":"Em Microblading, as l\u00e2minas FLEX LONG CURVED, \u201ccurvas e longas\u201d s\u00e3o l\u00e2minas que oferecem a flexibilidade da FLEX LONG mas com as agulhas num \u00e2ngulo mais acentuado, o que permite maior amplitude de movimento nas curvas. Por serem mais longas que as demais, s\u00e3o indicadas para peles com maior sensibilidade (envelhecida ou altamente vascularizada). Gra\u00e7as \u00e0 sua configura\u00e7\u00e3o, reduz o risco de les\u00f5es na pele, garantindo maior seguran\u00e7a ao profissional e ao cliente. Recomendada para ser usada em conjunto com outras agulhas. Electric Ink, \u00fanica empresa no mercado que verifica e fiscaliza 100% das unidades produzidas, oferece aos profissionais uma grande variedade de tipos de agulhas de alta qualidade, com selo de certifica\u00e7\u00e3o do processo de esteriliza\u00e7\u00e3o.","og_url":"https:\/\/electricink.eu\/pt-pt\/producto\/advanced-needles-07-flex-long-curved-5un\/","og_site_name":"Electric Ink\u00ae","og_image":[{"url":"https:\/\/electricink.eu\/wp-content\/uploads\/2023\/10\/ADVANCED-NEEDLES-7-FLEX-LONG-CURVED.png","width":900,"height":900,"type":"image\/png"}],"twitter_card":"summary_large_image","twitter_misc":{"Tempo estimado de leitura":"1 minuto"},"schema":{"@context":"https:\/\/schema.org","@graph":[{"@type":"WebPage","@id":"https:\/\/electricink.eu\/pt-pt\/producto\/advanced-needles-07-flex-long-curved-5un\/","url":"https:\/\/electricink.eu\/pt-pt\/producto\/advanced-needles-07-flex-long-curved-5un\/","name":"Advanced Needles 07 Flex Long Curved - 5un - Electric Ink\u00ae","isPartOf":{"@id":"https:\/\/electricink.eu\/#website"},"primaryImageOfPage":{"@id":"https:\/\/electricink.eu\/pt-pt\/producto\/advanced-needles-07-flex-long-curved-5un\/#primaryimage"},"image":{"@id":"https:\/\/electricink.eu\/pt-pt\/producto\/advanced-needles-07-flex-long-curved-5un\/#primaryimage"},"thumbnailUrl":"https:\/\/electricink.eu\/wp-content\/uploads\/2023\/10\/ADVANCED-NEEDLES-7-FLEX-LONG-CURVED.png","datePublished":"2023-12-14T00:09:35+00:00","breadcrumb":{"@id":"https:\/\/electricink.eu\/pt-pt\/producto\/advanced-needles-07-flex-long-curved-5un\/#breadcrumb"},"inLanguage":"pt-PT","potentialAction":[{"@type":"ReadAction","target":["https:\/\/electricink.eu\/pt-pt\/producto\/advanced-needles-07-flex-long-curved-5un\/"]}]},{"@type":"ImageObject","inLanguage":"pt-PT","@id":"https:\/\/electricink.eu\/pt-pt\/producto\/advanced-needles-07-flex-long-curved-5un\/#primaryimage","url":"https:\/\/electricink.eu\/wp-content\/uploads\/2023\/10\/ADVANCED-NEEDLES-7-FLEX-LONG-CURVED.png","contentUrl":"https:\/\/electricink.eu\/wp-content\/uploads\/2023\/10\/ADVANCED-NEEDLES-7-FLEX-LONG-CURVED.png","width":900,"height":900},{"@type":"BreadcrumbList","@id":"https:\/\/electricink.eu\/pt-pt\/producto\/advanced-needles-07-flex-long-curved-5un\/#breadcrumb","itemListElement":[{"@type":"ListItem","position":1,"name":"Portada","item":"https:\/\/electricink.eu\/pt-pt\/home\/"},{"@type":"ListItem","position":2,"name":"Tienda","item":"https:\/\/electricink.eu\/tienda\/"},{"@type":"ListItem","position":3,"name":"Advanced Needles 07 Flex Long Curved &#8211; 5un"}]},{"@type":"WebSite","@id":"https:\/\/electricink.eu\/#website","url":"https:\/\/electricink.eu\/","name":"Electric Ink\u00ae","description":"Material para Tatuar Profesional en Europa - Electric Ink\u00ae","potentialAction":[{"@type":"SearchAction","target":{"@type":"EntryPoint","urlTemplate":"https:\/\/electricink.eu\/?s={search_term_string}"},"query-input":{"@type":"PropertyValueSpecification","valueRequired":true,"valueName":"search_term_string"}}],"inLanguage":"pt-PT"}]}},"_links":{"self":[{"href":"https:\/\/electricink.eu\/pt-pt\/wp-json\/wp\/v2\/product\/38021","targetHints":{"allow":["GET"]}}],"collection":[{"href":"https:\/\/electricink.eu\/pt-pt\/wp-json\/wp\/v2\/product"}],"about":[{"href":"https:\/\/electricink.eu\/pt-pt\/wp-json\/wp\/v2\/types\/product"}],"replies":[{"embeddable":true,"href":"https:\/\/electricink.eu\/pt-pt\/wp-json\/wp\/v2\/comments?post=38021"}],"wp:featuredmedia":[{"embeddable":true,"href":"https:\/\/electricink.eu\/pt-pt\/wp-json\/wp\/v2\/media\/1799"}],"wp:attachment":[{"href":"https:\/\/electricink.eu\/pt-pt\/wp-json\/wp\/v2\/media?parent=38021"}],"wp:term":[{"taxonomy":"product_brand","embeddable":true,"href":"https:\/\/electricink.eu\/pt-pt\/wp-json\/wp\/v2\/product_brand?post=38021"},{"taxonomy":"product_cat","embeddable":true,"href":"https:\/\/electricink.eu\/pt-pt\/wp-json\/wp\/v2\/product_cat?post=38021"},{"taxonomy":"product_tag","embeddable":true,"href":"https:\/\/electricink.eu\/pt-pt\/wp-json\/wp\/v2\/product_tag?post=38021"}],"curies":[{"name":"wp","href":"https:\/\/api.w.org\/{rel}","templated":true}]}}