{"id":38172,"date":"2023-12-14T01:07:43","date_gmt":"2023-12-14T00:07:43","guid":{"rendered":"https:\/\/electricink.eu\/producto\/black-cat-round-shader-rs-caixa-de-30-agulhas\/"},"modified":"2025-09-03T17:47:32","modified_gmt":"2025-09-03T15:47:32","slug":"black-cat-round-shader-rs-caixa-de-30-agulhas","status":"publish","type":"product","link":"https:\/\/electricink.eu\/pt-pt\/producto\/black-cat-round-shader-rs-caixa-de-30-agulhas\/","title":{"rendered":"Black Cat Round Shader (RS) caixa de 30 agulhas"},"content":{"rendered":"<p><strong>Agulhas Black Cat &#8211; Electric Ink<\/strong><\/p>\n<p><strong>Configura\u00e7\u00e3o:<\/strong> RS &#8211; round-shader \/ rendondas para sombras<br \/><strong>Taper:<\/strong> medium\/long taper, de 3,5mm<br \/><strong>Espessura:<\/strong> 0,35 mm<\/p>\n<p>Vendido em caixas de configura\u00e7\u00e3o \u00fanica, <strong>cont\u00e9m 30 unidades\/caixa, em blisters individuais e est\u00e9reis.<\/strong><\/p>\n","protected":false},"excerpt":{"rendered":"<p><strong>Agulhas Black Cat &#8211; Electric Ink<\/strong><\/p>\n<p>Agulhas de haste tradicional<\/p>\n<p><strong>Round-Shader (RS):<\/strong> agulhas abertas redondas de <strong>0,35mm<\/strong> para sombras\u00a0 com <strong>medium\/long taper de 3,5mm.<\/strong><\/p>\n<p>Oferece melhor estabilidade para sombras, permitindo que o tatuador trabalhe mais horas seguidas.<\/p>\n<p><strong>Caracter\u00edsticas gerais:<\/strong><br \/>&#8211; Agulhas desenvolvidas para Realismo e uso geral b\u00e1sico<br \/>&#8211; Espessura de cada agulha (0,35mm.)<br \/>&#8211; Fabricado em a\u00e7o INOX<br \/>&#8211; Esteriliza\u00e7\u00e3o individual por \u00f3xido de etileno<\/p>\n<p><strong>Configura\u00e7\u00f5es dispon\u00edveis:<\/strong><\/p>\n<p><strong>RS-05, RS-07, RS-09, RS-11, RS-13, RS-15<\/strong><\/p>\n<p>&nbsp;<\/p>\n<p><strong>* N\u00c3O USE O PRODUTO SE A EMBALAGEM ESTIVER ABERTA OU DANIFICADA.<\/strong><\/p>\n<p>&nbsp;<\/p>\n","protected":false},"featured_media":33508,"comment_status":"closed","ping_status":"closed","template":"","meta":{"_acf_changed":false,"_et_pb_use_builder":"","_et_pb_old_content":"","_et_gb_content_width":"","inline_featured_image":false},"product_brand":[],"product_cat":[745,746],"product_tag":[],"class_list":{"0":"post-38172","1":"product","2":"type-product","3":"status-publish","4":"has-post-thumbnail","6":"product_cat-tattoo","7":"product_cat-agulhas-profissionais","9":"first","10":"instock","11":"taxable","12":"shipping-taxable","13":"purchasable","14":"product-type-variable"},"acf":[],"yoast_head":"<!-- This site is optimized with the Yoast SEO plugin v27.5 - https:\/\/yoast.com\/product\/yoast-seo-wordpress\/ -->\n<title>Black Cat Round Shader (RS) caixa de 30 agulhas - Electric Ink\u00ae<\/title>\n<meta name=\"robots\" content=\"index, follow, max-snippet:-1, max-image-preview:large, max-video-preview:-1\" \/>\n<link rel=\"canonical\" href=\"https:\/\/electricink.eu\/pt-pt\/producto\/black-cat-round-shader-rs-caixa-de-30-agulhas\/\" \/>\n<meta property=\"og:locale\" content=\"pt_PT\" \/>\n<meta property=\"og:type\" content=\"article\" \/>\n<meta property=\"og:title\" content=\"Black Cat Round Shader (RS) caixa de 30 agulhas - Electric Ink\u00ae\" \/>\n<meta property=\"og:description\" content=\"Agulhas Black Cat - Electric Ink Agulhas de haste tradicional Round-Shader (RS): agulhas abertas redondas de 0,35mm para sombras\u00a0 com medium\/long taper de 3,5mm. Oferece melhor estabilidade para sombras, permitindo que o tatuador trabalhe mais horas seguidas. Caracter\u00edsticas gerais:- Agulhas desenvolvidas para Realismo e uso geral b\u00e1sico- Espessura de cada agulha (0,35mm.)- Fabricado em a\u00e7o INOX- Esteriliza\u00e7\u00e3o individual por \u00f3xido de etileno Configura\u00e7\u00f5es dispon\u00edveis: RS-05, RS-07, RS-09, RS-11, RS-13, RS-15 &nbsp; * N\u00c3O USE O PRODUTO SE A EMBALAGEM ESTIVER ABERTA OU DANIFICADA. &nbsp;\" \/>\n<meta property=\"og:url\" content=\"https:\/\/electricink.eu\/pt-pt\/producto\/black-cat-round-shader-rs-caixa-de-30-agulhas\/\" \/>\n<meta property=\"og:site_name\" content=\"Electric Ink\u00ae\" \/>\n<meta property=\"article:modified_time\" content=\"2025-09-03T15:47:32+00:00\" \/>\n<meta property=\"og:image\" content=\"https:\/\/electricink.eu\/wp-content\/uploads\/2023\/12\/RS-1.png\" \/>\n\t<meta property=\"og:image:width\" content=\"800\" \/>\n\t<meta property=\"og:image:height\" content=\"800\" \/>\n\t<meta property=\"og:image:type\" content=\"image\/png\" \/>\n<meta name=\"twitter:card\" content=\"summary_large_image\" \/>\n<script type=\"application\/ld+json\" class=\"yoast-schema-graph\">{\"@context\":\"https:\\\/\\\/schema.org\",\"@graph\":[{\"@type\":\"WebPage\",\"@id\":\"https:\\\/\\\/electricink.eu\\\/pt-pt\\\/producto\\\/black-cat-round-shader-rs-caixa-de-30-agulhas\\\/\",\"url\":\"https:\\\/\\\/electricink.eu\\\/pt-pt\\\/producto\\\/black-cat-round-shader-rs-caixa-de-30-agulhas\\\/\",\"name\":\"Black Cat Round Shader (RS) caixa de 30 agulhas - Electric Ink\u00ae\",\"isPartOf\":{\"@id\":\"https:\\\/\\\/electricink.eu\\\/#website\"},\"primaryImageOfPage\":{\"@id\":\"https:\\\/\\\/electricink.eu\\\/pt-pt\\\/producto\\\/black-cat-round-shader-rs-caixa-de-30-agulhas\\\/#primaryimage\"},\"image\":{\"@id\":\"https:\\\/\\\/electricink.eu\\\/pt-pt\\\/producto\\\/black-cat-round-shader-rs-caixa-de-30-agulhas\\\/#primaryimage\"},\"thumbnailUrl\":\"https:\\\/\\\/electricink.eu\\\/wp-content\\\/uploads\\\/2023\\\/12\\\/RS-1.png\",\"datePublished\":\"2023-12-14T00:07:43+00:00\",\"dateModified\":\"2025-09-03T15:47:32+00:00\",\"breadcrumb\":{\"@id\":\"https:\\\/\\\/electricink.eu\\\/pt-pt\\\/producto\\\/black-cat-round-shader-rs-caixa-de-30-agulhas\\\/#breadcrumb\"},\"inLanguage\":\"pt-PT\",\"potentialAction\":[{\"@type\":\"ReadAction\",\"target\":[\"https:\\\/\\\/electricink.eu\\\/pt-pt\\\/producto\\\/black-cat-round-shader-rs-caixa-de-30-agulhas\\\/\"]}]},{\"@type\":\"ImageObject\",\"inLanguage\":\"pt-PT\",\"@id\":\"https:\\\/\\\/electricink.eu\\\/pt-pt\\\/producto\\\/black-cat-round-shader-rs-caixa-de-30-agulhas\\\/#primaryimage\",\"url\":\"https:\\\/\\\/electricink.eu\\\/wp-content\\\/uploads\\\/2023\\\/12\\\/RS-1.png\",\"contentUrl\":\"https:\\\/\\\/electricink.eu\\\/wp-content\\\/uploads\\\/2023\\\/12\\\/RS-1.png\",\"width\":800,\"height\":800},{\"@type\":\"BreadcrumbList\",\"@id\":\"https:\\\/\\\/electricink.eu\\\/pt-pt\\\/producto\\\/black-cat-round-shader-rs-caixa-de-30-agulhas\\\/#breadcrumb\",\"itemListElement\":[{\"@type\":\"ListItem\",\"position\":1,\"name\":\"Portada\",\"item\":\"https:\\\/\\\/electricink.eu\\\/pt-pt\\\/home\\\/\"},{\"@type\":\"ListItem\",\"position\":2,\"name\":\"Tienda\",\"item\":\"https:\\\/\\\/electricink.eu\\\/tienda\\\/\"},{\"@type\":\"ListItem\",\"position\":3,\"name\":\"Black Cat Round Shader (RS) caixa de 30 agulhas\"}]},{\"@type\":\"WebSite\",\"@id\":\"https:\\\/\\\/electricink.eu\\\/#website\",\"url\":\"https:\\\/\\\/electricink.eu\\\/\",\"name\":\"Electric Ink\u00ae\",\"description\":\"Material para Tatuar Profesional en Europa - Electric Ink\u00ae\",\"potentialAction\":[{\"@type\":\"SearchAction\",\"target\":{\"@type\":\"EntryPoint\",\"urlTemplate\":\"https:\\\/\\\/electricink.eu\\\/?s={search_term_string}\"},\"query-input\":{\"@type\":\"PropertyValueSpecification\",\"valueRequired\":true,\"valueName\":\"search_term_string\"}}],\"inLanguage\":\"pt-PT\"}]}<\/script>\n<!-- \/ Yoast SEO plugin. -->","yoast_head_json":{"title":"Black Cat Round Shader (RS) caixa de 30 agulhas - Electric Ink\u00ae","robots":{"index":"index","follow":"follow","max-snippet":"max-snippet:-1","max-image-preview":"max-image-preview:large","max-video-preview":"max-video-preview:-1"},"canonical":"https:\/\/electricink.eu\/pt-pt\/producto\/black-cat-round-shader-rs-caixa-de-30-agulhas\/","og_locale":"pt_PT","og_type":"article","og_title":"Black Cat Round Shader (RS) caixa de 30 agulhas - Electric Ink\u00ae","og_description":"Agulhas Black Cat - Electric Ink Agulhas de haste tradicional Round-Shader (RS): agulhas abertas redondas de 0,35mm para sombras\u00a0 com medium\/long taper de 3,5mm. Oferece melhor estabilidade para sombras, permitindo que o tatuador trabalhe mais horas seguidas. Caracter\u00edsticas gerais:- Agulhas desenvolvidas para Realismo e uso geral b\u00e1sico- Espessura de cada agulha (0,35mm.)- Fabricado em a\u00e7o INOX- Esteriliza\u00e7\u00e3o individual por \u00f3xido de etileno Configura\u00e7\u00f5es dispon\u00edveis: RS-05, RS-07, RS-09, RS-11, RS-13, RS-15 &nbsp; * N\u00c3O USE O PRODUTO SE A EMBALAGEM ESTIVER ABERTA OU DANIFICADA. &nbsp;","og_url":"https:\/\/electricink.eu\/pt-pt\/producto\/black-cat-round-shader-rs-caixa-de-30-agulhas\/","og_site_name":"Electric Ink\u00ae","article_modified_time":"2025-09-03T15:47:32+00:00","og_image":[{"width":800,"height":800,"url":"https:\/\/electricink.eu\/wp-content\/uploads\/2023\/12\/RS-1.png","type":"image\/png"}],"twitter_card":"summary_large_image","schema":{"@context":"https:\/\/schema.org","@graph":[{"@type":"WebPage","@id":"https:\/\/electricink.eu\/pt-pt\/producto\/black-cat-round-shader-rs-caixa-de-30-agulhas\/","url":"https:\/\/electricink.eu\/pt-pt\/producto\/black-cat-round-shader-rs-caixa-de-30-agulhas\/","name":"Black Cat Round Shader (RS) caixa de 30 agulhas - Electric Ink\u00ae","isPartOf":{"@id":"https:\/\/electricink.eu\/#website"},"primaryImageOfPage":{"@id":"https:\/\/electricink.eu\/pt-pt\/producto\/black-cat-round-shader-rs-caixa-de-30-agulhas\/#primaryimage"},"image":{"@id":"https:\/\/electricink.eu\/pt-pt\/producto\/black-cat-round-shader-rs-caixa-de-30-agulhas\/#primaryimage"},"thumbnailUrl":"https:\/\/electricink.eu\/wp-content\/uploads\/2023\/12\/RS-1.png","datePublished":"2023-12-14T00:07:43+00:00","dateModified":"2025-09-03T15:47:32+00:00","breadcrumb":{"@id":"https:\/\/electricink.eu\/pt-pt\/producto\/black-cat-round-shader-rs-caixa-de-30-agulhas\/#breadcrumb"},"inLanguage":"pt-PT","potentialAction":[{"@type":"ReadAction","target":["https:\/\/electricink.eu\/pt-pt\/producto\/black-cat-round-shader-rs-caixa-de-30-agulhas\/"]}]},{"@type":"ImageObject","inLanguage":"pt-PT","@id":"https:\/\/electricink.eu\/pt-pt\/producto\/black-cat-round-shader-rs-caixa-de-30-agulhas\/#primaryimage","url":"https:\/\/electricink.eu\/wp-content\/uploads\/2023\/12\/RS-1.png","contentUrl":"https:\/\/electricink.eu\/wp-content\/uploads\/2023\/12\/RS-1.png","width":800,"height":800},{"@type":"BreadcrumbList","@id":"https:\/\/electricink.eu\/pt-pt\/producto\/black-cat-round-shader-rs-caixa-de-30-agulhas\/#breadcrumb","itemListElement":[{"@type":"ListItem","position":1,"name":"Portada","item":"https:\/\/electricink.eu\/pt-pt\/home\/"},{"@type":"ListItem","position":2,"name":"Tienda","item":"https:\/\/electricink.eu\/tienda\/"},{"@type":"ListItem","position":3,"name":"Black Cat Round Shader (RS) caixa de 30 agulhas"}]},{"@type":"WebSite","@id":"https:\/\/electricink.eu\/#website","url":"https:\/\/electricink.eu\/","name":"Electric Ink\u00ae","description":"Material para Tatuar Profesional en Europa - Electric Ink\u00ae","potentialAction":[{"@type":"SearchAction","target":{"@type":"EntryPoint","urlTemplate":"https:\/\/electricink.eu\/?s={search_term_string}"},"query-input":{"@type":"PropertyValueSpecification","valueRequired":true,"valueName":"search_term_string"}}],"inLanguage":"pt-PT"}]}},"_links":{"self":[{"href":"https:\/\/electricink.eu\/pt-pt\/wp-json\/wp\/v2\/product\/38172","targetHints":{"allow":["GET"]}}],"collection":[{"href":"https:\/\/electricink.eu\/pt-pt\/wp-json\/wp\/v2\/product"}],"about":[{"href":"https:\/\/electricink.eu\/pt-pt\/wp-json\/wp\/v2\/types\/product"}],"replies":[{"embeddable":true,"href":"https:\/\/electricink.eu\/pt-pt\/wp-json\/wp\/v2\/comments?post=38172"}],"wp:featuredmedia":[{"embeddable":true,"href":"https:\/\/electricink.eu\/pt-pt\/wp-json\/wp\/v2\/media\/33508"}],"wp:attachment":[{"href":"https:\/\/electricink.eu\/pt-pt\/wp-json\/wp\/v2\/media?parent=38172"}],"wp:term":[{"taxonomy":"product_brand","embeddable":true,"href":"https:\/\/electricink.eu\/pt-pt\/wp-json\/wp\/v2\/product_brand?post=38172"},{"taxonomy":"product_cat","embeddable":true,"href":"https:\/\/electricink.eu\/pt-pt\/wp-json\/wp\/v2\/product_cat?post=38172"},{"taxonomy":"product_tag","embeddable":true,"href":"https:\/\/electricink.eu\/pt-pt\/wp-json\/wp\/v2\/product_tag?post=38172"}],"curies":[{"name":"wp","href":"https:\/\/api.w.org\/{rel}","templated":true}]}}