{"id":38229,"date":"2023-12-14T01:07:43","date_gmt":"2023-12-14T00:07:43","guid":{"rendered":"https:\/\/electricink.eu\/producto\/pedal-bobcat-cabo-laranja\/"},"modified":"2023-12-14T01:07:43","modified_gmt":"2023-12-14T00:07:43","slug":"pedal-bobcat-cabo-laranja","status":"publish","type":"product","link":"https:\/\/electricink.eu\/pt-pt\/producto\/pedal-bobcat-cabo-laranja\/","title":{"rendered":"Pedal BobCat &#8211; cabo laranja"},"content":{"rendered":"<p><strong>&#8212;&#8212;&#8212;&#8212;&#8212;- Especifica\u00e7\u00f5es \/ Dimens\u00f5es &#8212;&#8212;&#8212;&#8212;&#8212;&#8212;-<\/strong><\/p>\n<p>&#8211; Material: a\u00e7o anodizado (chapa) com base de borracha antiderrapante<br \/>&#8211; Medidas: 8,5cm x 5,0cm<br \/>&#8211; Cor (do cabo): laranja<br \/>&#8211; Cabo: 180cm de comprimento, com plug P10 anodizado<\/p>\n<p><strong>&#8212;&#8212;&#8212;&#8212;&#8212;&#8212;&#8212;&#8212;- Itens Inclu\u00eddos &#8212;&#8212;&#8212;&#8212;&#8212;&#8212;&#8212;&#8212;-<\/strong><\/p>\n<p>&#8211; 01 pedal Bobcat<br \/>&#8211; Manual de instru\u00e7\u00f5es<br \/>&#8211; Garantia do produto<\/p>\n<p><strong>Garantia do produto<\/strong>: O per\u00edodo de garantia oferecido pela Electric Ink segue os regulamentos europeus atuais. A garantia da Electric Ink para defeitos de fabrica\u00e7\u00e3o come\u00e7a a partir da compra do produto pelo consumidor, verificada na nota fiscal de compra do respectivo item.<\/p>\n<p><strong>Assist\u00eancia t\u00e9cnica:<\/strong> contato por e-mail atrav\u00e9s de info@electric.local<\/p>\n<p>&nbsp;<\/p>\n","protected":false},"excerpt":{"rendered":"<p>Pedal BobCat Electric Ink em a\u00e7o inoxid\u00e1vel com cabo laranja.<\/p>\n<p>Pedal cl\u00e1ssico (placa), com base antiderrapante e chapa de a\u00e7o com grava\u00e7\u00e3o a laser exclusiva.<\/p>\n","protected":false},"featured_media":1453,"comment_status":"closed","ping_status":"closed","template":"","meta":{"_acf_changed":false,"_et_pb_use_builder":"","_et_pb_old_content":"","_et_gb_content_width":"","inline_featured_image":false},"product_brand":[],"product_cat":[731,738,745,759],"product_tag":[],"class_list":{"0":"post-38229","1":"product","2":"type-product","3":"status-publish","4":"has-post-thumbnail","6":"product_cat-micropigmentacao","7":"product_cat-pedais-para-micropigmentacao","8":"product_cat-tattoo","9":"product_cat-pedais-tattoo","11":"first","12":"instock","13":"taxable","14":"shipping-taxable","15":"purchasable","16":"product-type-simple"},"acf":[],"yoast_head":"<!-- This site is optimized with the Yoast SEO plugin v27.5 - https:\/\/yoast.com\/product\/yoast-seo-wordpress\/ -->\n<title>Pedal BobCat - cabo laranja - Electric Ink\u00ae<\/title>\n<meta name=\"robots\" content=\"index, follow, max-snippet:-1, max-image-preview:large, max-video-preview:-1\" \/>\n<link rel=\"canonical\" href=\"https:\/\/electricink.eu\/pt-pt\/producto\/pedal-bobcat-cabo-laranja\/\" \/>\n<meta property=\"og:locale\" content=\"pt_PT\" \/>\n<meta property=\"og:type\" content=\"article\" \/>\n<meta property=\"og:title\" content=\"Pedal BobCat - cabo laranja - Electric Ink\u00ae\" \/>\n<meta property=\"og:description\" content=\"Pedal BobCat Electric Ink em a\u00e7o inoxid\u00e1vel com cabo laranja. Pedal cl\u00e1ssico (placa), com base antiderrapante e chapa de a\u00e7o com grava\u00e7\u00e3o a laser exclusiva.\" \/>\n<meta property=\"og:url\" content=\"https:\/\/electricink.eu\/pt-pt\/producto\/pedal-bobcat-cabo-laranja\/\" \/>\n<meta property=\"og:site_name\" content=\"Electric Ink\u00ae\" \/>\n<meta property=\"og:image\" content=\"https:\/\/electricink.eu\/wp-content\/uploads\/2023\/10\/BOBCAT_Pedal_Naranja.png\" \/>\n\t<meta property=\"og:image:width\" content=\"900\" \/>\n\t<meta property=\"og:image:height\" content=\"900\" \/>\n\t<meta property=\"og:image:type\" content=\"image\/png\" \/>\n<meta name=\"twitter:card\" content=\"summary_large_image\" \/>\n<meta name=\"twitter:label1\" content=\"Tempo estimado de leitura\" \/>\n\t<meta name=\"twitter:data1\" content=\"1 minuto\" \/>\n<script type=\"application\/ld+json\" class=\"yoast-schema-graph\">{\"@context\":\"https:\\\/\\\/schema.org\",\"@graph\":[{\"@type\":\"WebPage\",\"@id\":\"https:\\\/\\\/electricink.eu\\\/pt-pt\\\/producto\\\/pedal-bobcat-cabo-laranja\\\/\",\"url\":\"https:\\\/\\\/electricink.eu\\\/pt-pt\\\/producto\\\/pedal-bobcat-cabo-laranja\\\/\",\"name\":\"Pedal BobCat - cabo laranja - Electric Ink\u00ae\",\"isPartOf\":{\"@id\":\"https:\\\/\\\/electricink.eu\\\/#website\"},\"primaryImageOfPage\":{\"@id\":\"https:\\\/\\\/electricink.eu\\\/pt-pt\\\/producto\\\/pedal-bobcat-cabo-laranja\\\/#primaryimage\"},\"image\":{\"@id\":\"https:\\\/\\\/electricink.eu\\\/pt-pt\\\/producto\\\/pedal-bobcat-cabo-laranja\\\/#primaryimage\"},\"thumbnailUrl\":\"https:\\\/\\\/electricink.eu\\\/wp-content\\\/uploads\\\/2023\\\/10\\\/BOBCAT_Pedal_Naranja.png\",\"datePublished\":\"2023-12-14T00:07:43+00:00\",\"breadcrumb\":{\"@id\":\"https:\\\/\\\/electricink.eu\\\/pt-pt\\\/producto\\\/pedal-bobcat-cabo-laranja\\\/#breadcrumb\"},\"inLanguage\":\"pt-PT\",\"potentialAction\":[{\"@type\":\"ReadAction\",\"target\":[\"https:\\\/\\\/electricink.eu\\\/pt-pt\\\/producto\\\/pedal-bobcat-cabo-laranja\\\/\"]}]},{\"@type\":\"ImageObject\",\"inLanguage\":\"pt-PT\",\"@id\":\"https:\\\/\\\/electricink.eu\\\/pt-pt\\\/producto\\\/pedal-bobcat-cabo-laranja\\\/#primaryimage\",\"url\":\"https:\\\/\\\/electricink.eu\\\/wp-content\\\/uploads\\\/2023\\\/10\\\/BOBCAT_Pedal_Naranja.png\",\"contentUrl\":\"https:\\\/\\\/electricink.eu\\\/wp-content\\\/uploads\\\/2023\\\/10\\\/BOBCAT_Pedal_Naranja.png\",\"width\":900,\"height\":900},{\"@type\":\"BreadcrumbList\",\"@id\":\"https:\\\/\\\/electricink.eu\\\/pt-pt\\\/producto\\\/pedal-bobcat-cabo-laranja\\\/#breadcrumb\",\"itemListElement\":[{\"@type\":\"ListItem\",\"position\":1,\"name\":\"Portada\",\"item\":\"https:\\\/\\\/electricink.eu\\\/pt-pt\\\/home\\\/\"},{\"@type\":\"ListItem\",\"position\":2,\"name\":\"Tienda\",\"item\":\"https:\\\/\\\/electricink.eu\\\/tienda\\\/\"},{\"@type\":\"ListItem\",\"position\":3,\"name\":\"Pedal BobCat &#8211; cabo laranja\"}]},{\"@type\":\"WebSite\",\"@id\":\"https:\\\/\\\/electricink.eu\\\/#website\",\"url\":\"https:\\\/\\\/electricink.eu\\\/\",\"name\":\"Electric Ink\u00ae\",\"description\":\"Material para Tatuar Profesional en Europa - Electric Ink\u00ae\",\"potentialAction\":[{\"@type\":\"SearchAction\",\"target\":{\"@type\":\"EntryPoint\",\"urlTemplate\":\"https:\\\/\\\/electricink.eu\\\/?s={search_term_string}\"},\"query-input\":{\"@type\":\"PropertyValueSpecification\",\"valueRequired\":true,\"valueName\":\"search_term_string\"}}],\"inLanguage\":\"pt-PT\"}]}<\/script>\n<!-- \/ Yoast SEO plugin. -->","yoast_head_json":{"title":"Pedal BobCat - cabo laranja - Electric Ink\u00ae","robots":{"index":"index","follow":"follow","max-snippet":"max-snippet:-1","max-image-preview":"max-image-preview:large","max-video-preview":"max-video-preview:-1"},"canonical":"https:\/\/electricink.eu\/pt-pt\/producto\/pedal-bobcat-cabo-laranja\/","og_locale":"pt_PT","og_type":"article","og_title":"Pedal BobCat - cabo laranja - Electric Ink\u00ae","og_description":"Pedal BobCat Electric Ink em a\u00e7o inoxid\u00e1vel com cabo laranja. Pedal cl\u00e1ssico (placa), com base antiderrapante e chapa de a\u00e7o com grava\u00e7\u00e3o a laser exclusiva.","og_url":"https:\/\/electricink.eu\/pt-pt\/producto\/pedal-bobcat-cabo-laranja\/","og_site_name":"Electric Ink\u00ae","og_image":[{"width":900,"height":900,"url":"https:\/\/electricink.eu\/wp-content\/uploads\/2023\/10\/BOBCAT_Pedal_Naranja.png","type":"image\/png"}],"twitter_card":"summary_large_image","twitter_misc":{"Tempo estimado de leitura":"1 minuto"},"schema":{"@context":"https:\/\/schema.org","@graph":[{"@type":"WebPage","@id":"https:\/\/electricink.eu\/pt-pt\/producto\/pedal-bobcat-cabo-laranja\/","url":"https:\/\/electricink.eu\/pt-pt\/producto\/pedal-bobcat-cabo-laranja\/","name":"Pedal BobCat - cabo laranja - Electric Ink\u00ae","isPartOf":{"@id":"https:\/\/electricink.eu\/#website"},"primaryImageOfPage":{"@id":"https:\/\/electricink.eu\/pt-pt\/producto\/pedal-bobcat-cabo-laranja\/#primaryimage"},"image":{"@id":"https:\/\/electricink.eu\/pt-pt\/producto\/pedal-bobcat-cabo-laranja\/#primaryimage"},"thumbnailUrl":"https:\/\/electricink.eu\/wp-content\/uploads\/2023\/10\/BOBCAT_Pedal_Naranja.png","datePublished":"2023-12-14T00:07:43+00:00","breadcrumb":{"@id":"https:\/\/electricink.eu\/pt-pt\/producto\/pedal-bobcat-cabo-laranja\/#breadcrumb"},"inLanguage":"pt-PT","potentialAction":[{"@type":"ReadAction","target":["https:\/\/electricink.eu\/pt-pt\/producto\/pedal-bobcat-cabo-laranja\/"]}]},{"@type":"ImageObject","inLanguage":"pt-PT","@id":"https:\/\/electricink.eu\/pt-pt\/producto\/pedal-bobcat-cabo-laranja\/#primaryimage","url":"https:\/\/electricink.eu\/wp-content\/uploads\/2023\/10\/BOBCAT_Pedal_Naranja.png","contentUrl":"https:\/\/electricink.eu\/wp-content\/uploads\/2023\/10\/BOBCAT_Pedal_Naranja.png","width":900,"height":900},{"@type":"BreadcrumbList","@id":"https:\/\/electricink.eu\/pt-pt\/producto\/pedal-bobcat-cabo-laranja\/#breadcrumb","itemListElement":[{"@type":"ListItem","position":1,"name":"Portada","item":"https:\/\/electricink.eu\/pt-pt\/home\/"},{"@type":"ListItem","position":2,"name":"Tienda","item":"https:\/\/electricink.eu\/tienda\/"},{"@type":"ListItem","position":3,"name":"Pedal BobCat &#8211; cabo laranja"}]},{"@type":"WebSite","@id":"https:\/\/electricink.eu\/#website","url":"https:\/\/electricink.eu\/","name":"Electric Ink\u00ae","description":"Material para Tatuar Profesional en Europa - Electric Ink\u00ae","potentialAction":[{"@type":"SearchAction","target":{"@type":"EntryPoint","urlTemplate":"https:\/\/electricink.eu\/?s={search_term_string}"},"query-input":{"@type":"PropertyValueSpecification","valueRequired":true,"valueName":"search_term_string"}}],"inLanguage":"pt-PT"}]}},"_links":{"self":[{"href":"https:\/\/electricink.eu\/pt-pt\/wp-json\/wp\/v2\/product\/38229","targetHints":{"allow":["GET"]}}],"collection":[{"href":"https:\/\/electricink.eu\/pt-pt\/wp-json\/wp\/v2\/product"}],"about":[{"href":"https:\/\/electricink.eu\/pt-pt\/wp-json\/wp\/v2\/types\/product"}],"replies":[{"embeddable":true,"href":"https:\/\/electricink.eu\/pt-pt\/wp-json\/wp\/v2\/comments?post=38229"}],"wp:featuredmedia":[{"embeddable":true,"href":"https:\/\/electricink.eu\/pt-pt\/wp-json\/wp\/v2\/media\/1453"}],"wp:attachment":[{"href":"https:\/\/electricink.eu\/pt-pt\/wp-json\/wp\/v2\/media?parent=38229"}],"wp:term":[{"taxonomy":"product_brand","embeddable":true,"href":"https:\/\/electricink.eu\/pt-pt\/wp-json\/wp\/v2\/product_brand?post=38229"},{"taxonomy":"product_cat","embeddable":true,"href":"https:\/\/electricink.eu\/pt-pt\/wp-json\/wp\/v2\/product_cat?post=38229"},{"taxonomy":"product_tag","embeddable":true,"href":"https:\/\/electricink.eu\/pt-pt\/wp-json\/wp\/v2\/product_tag?post=38229"}],"curies":[{"name":"wp","href":"https:\/\/api.w.org\/{rel}","templated":true}]}}