{"id":38244,"date":"2023-12-13T16:42:43","date_gmt":"2023-12-13T15:42:43","guid":{"rendered":"https:\/\/electricink.eu\/producto\/grips-descartaveis-cushion-electric-ink-universal-fechado-rl-rs\/"},"modified":"2025-04-30T14:53:25","modified_gmt":"2025-04-30T12:53:25","slug":"grips-descartaveis-cushion-electric-ink-universal-fechado-rl-rs","status":"publish","type":"product","link":"https:\/\/electricink.eu\/pt-pt\/producto\/grips-descartaveis-cushion-electric-ink-universal-fechado-rl-rs\/","title":{"rendered":"Grips descart\u00e1veis Crystal &#8211; universal fechado (RL\/RS)"},"content":{"rendered":"<p>Grips Crystal descart\u00e1veis &#8211; Universal, para agulhas RL e RS.<\/p>\n<p><strong>Cor:<\/strong> azul<br \/><strong>Di\u00e2metro:<\/strong> 30mm<br \/><strong>Modelo:<\/strong> Crystal Flat &#8211; Electric Ink<br \/><strong>Material:<\/strong> pl\u00e1stico ABS, resistente e dur\u00e1vel<br \/><strong>Quantidade:<\/strong> pacote com 20 unidades, embalados individualmente<\/p>\n<p><strong>Esterilizados com \u00f3xido de etileno.<\/strong><\/p>\n","protected":false},"excerpt":{"rendered":"<p><strong>Grips Descart\u00e1veis \u200b\u200bElectric Ink Crystal com 30mm de di\u00e2metro.<\/strong><\/p>\n<p>Espec\u00edficos para agulhas round-liner (RL) e round-shader (RS).<\/p>\n<p>Seu design permite mais controle, melhor ader\u00eancia e menos vibra\u00e7\u00e3o na m\u00e3o ao tatuar, permitindo que o tatuador trabalhe confortavelmente por mais tempo.<\/p>\n<p>Os Bicos Descart\u00e1veis Crystal Electric Ink possuem formato anat\u00f4mico, material emborrachado e tecnologia de amortecimento para reduzir a vibra\u00e7\u00e3o na m\u00e3o do artista. Seu Design texturizado e cil\u00edndrico foi projetado para proporcionar mais precis\u00e3o, rigidez e firmeza com qualidade e seguran\u00e7a, al\u00e9m de um reservat\u00f3rio maior de pigmento e nova ponta Crystal, mais longa e precisa.<\/p>\n<p>Esterilizados com \u00f3xido de etileno em blisters individuais e pr\u00e9-cortados.<\/p>\n<p><strong>Dispon\u00edveis para TODOS os tamanhos de agulhas RL e RS.<\/strong><\/p>\n<p><strong>\u00a0<\/strong><\/p>\n","protected":false},"featured_media":43995,"comment_status":"closed","ping_status":"closed","template":"","meta":{"_acf_changed":false,"_et_pb_use_builder":"","_et_pb_old_content":"","_et_gb_content_width":"","inline_featured_image":false},"product_brand":[],"product_cat":[745,750,752],"product_tag":[],"class_list":{"0":"post-38244","1":"product","2":"type-product","3":"status-publish","4":"has-post-thumbnail","6":"product_cat-tattoo","7":"product_cat-grips-pt","8":"product_cat-grips-descartaveis-agulhas","10":"first","11":"instock","12":"taxable","13":"shipping-taxable","14":"purchasable","15":"product-type-simple"},"acf":[],"yoast_head":"<!-- This site is optimized with the Yoast SEO plugin v27.5 - https:\/\/yoast.com\/product\/yoast-seo-wordpress\/ -->\n<title>Grips descart\u00e1veis Crystal - universal fechado (RL\/RS) - Electric Ink\u00ae<\/title>\n<meta name=\"description\" content=\"Formato anat\u00f4mico e tecnologia de amortecimento para reduzir a vibra\u00e7\u00e3o na m\u00e3o do artista. Maior precis\u00e3o, rigidez e firmeza, qualidade e seguran\u00e7a.\" \/>\n<meta name=\"robots\" content=\"index, follow, max-snippet:-1, max-image-preview:large, max-video-preview:-1\" \/>\n<link rel=\"canonical\" href=\"https:\/\/electricink.eu\/producto\/grips-universal-desechables-crystal-cerrado-rl-rs\/\" \/>\n<meta property=\"og:locale\" content=\"pt_PT\" \/>\n<meta property=\"og:type\" content=\"article\" \/>\n<meta property=\"og:title\" content=\"Grips descart\u00e1veis Crystal - universal fechado (RL\/RS) - Electric Ink\u00ae\" \/>\n<meta property=\"og:description\" content=\"Formato anat\u00f4mico e tecnologia de amortecimento para reduzir a vibra\u00e7\u00e3o na m\u00e3o do artista. Maior precis\u00e3o, rigidez e firmeza, qualidade e seguran\u00e7a.\" \/>\n<meta property=\"og:url\" content=\"https:\/\/electricink.eu\/producto\/grips-universal-desechables-crystal-cerrado-rl-rs\/\" \/>\n<meta property=\"og:site_name\" content=\"Electric Ink\u00ae\" \/>\n<meta property=\"article:modified_time\" content=\"2025-04-30T12:53:25+00:00\" \/>\n<meta property=\"og:image\" content=\"https:\/\/electricink.eu\/wp-content\/uploads\/2023\/12\/GRIP_TATTOO_30mm_Crystal_Round_Universal_Flat.jpg\" \/>\n\t<meta property=\"og:image:width\" content=\"688\" \/>\n\t<meta property=\"og:image:height\" content=\"688\" \/>\n\t<meta property=\"og:image:type\" content=\"image\/jpeg\" \/>\n<meta name=\"twitter:card\" content=\"summary_large_image\" \/>\n<script type=\"application\/ld+json\" class=\"yoast-schema-graph\">{\"@context\":\"https:\\\/\\\/schema.org\",\"@graph\":[{\"@type\":\"WebPage\",\"@id\":\"https:\\\/\\\/electricink.eu\\\/producto\\\/grips-universal-desechables-crystal-cerrado-rl-rs\\\/\",\"url\":\"https:\\\/\\\/electricink.eu\\\/producto\\\/grips-universal-desechables-crystal-cerrado-rl-rs\\\/\",\"name\":\"Grips descart\u00e1veis Crystal - universal fechado (RL\\\/RS) - Electric Ink\u00ae\",\"isPartOf\":{\"@id\":\"https:\\\/\\\/electricink.eu\\\/#website\"},\"primaryImageOfPage\":{\"@id\":\"https:\\\/\\\/electricink.eu\\\/producto\\\/grips-universal-desechables-crystal-cerrado-rl-rs\\\/#primaryimage\"},\"image\":{\"@id\":\"https:\\\/\\\/electricink.eu\\\/producto\\\/grips-universal-desechables-crystal-cerrado-rl-rs\\\/#primaryimage\"},\"thumbnailUrl\":\"https:\\\/\\\/electricink.eu\\\/wp-content\\\/uploads\\\/2023\\\/12\\\/GRIP_TATTOO_30mm_Crystal_Round_Universal_Flat.jpg\",\"datePublished\":\"2023-12-13T15:42:43+00:00\",\"dateModified\":\"2025-04-30T12:53:25+00:00\",\"description\":\"Formato anat\u00f4mico e tecnologia de amortecimento para reduzir a vibra\u00e7\u00e3o na m\u00e3o do artista. Maior precis\u00e3o, rigidez e firmeza, qualidade e seguran\u00e7a.\",\"breadcrumb\":{\"@id\":\"https:\\\/\\\/electricink.eu\\\/producto\\\/grips-universal-desechables-crystal-cerrado-rl-rs\\\/#breadcrumb\"},\"inLanguage\":\"pt-PT\",\"potentialAction\":[{\"@type\":\"ReadAction\",\"target\":[\"https:\\\/\\\/electricink.eu\\\/producto\\\/grips-universal-desechables-crystal-cerrado-rl-rs\\\/\"]}]},{\"@type\":\"ImageObject\",\"inLanguage\":\"pt-PT\",\"@id\":\"https:\\\/\\\/electricink.eu\\\/producto\\\/grips-universal-desechables-crystal-cerrado-rl-rs\\\/#primaryimage\",\"url\":\"https:\\\/\\\/electricink.eu\\\/wp-content\\\/uploads\\\/2023\\\/12\\\/GRIP_TATTOO_30mm_Crystal_Round_Universal_Flat.jpg\",\"contentUrl\":\"https:\\\/\\\/electricink.eu\\\/wp-content\\\/uploads\\\/2023\\\/12\\\/GRIP_TATTOO_30mm_Crystal_Round_Universal_Flat.jpg\",\"width\":688,\"height\":688},{\"@type\":\"BreadcrumbList\",\"@id\":\"https:\\\/\\\/electricink.eu\\\/producto\\\/grips-universal-desechables-crystal-cerrado-rl-rs\\\/#breadcrumb\",\"itemListElement\":[{\"@type\":\"ListItem\",\"position\":1,\"name\":\"Portada\",\"item\":\"https:\\\/\\\/electricink.eu\\\/pt-pt\\\/home\\\/\"},{\"@type\":\"ListItem\",\"position\":2,\"name\":\"Tienda\",\"item\":\"https:\\\/\\\/electricink.eu\\\/tienda\\\/\"},{\"@type\":\"ListItem\",\"position\":3,\"name\":\"Grips descart\u00e1veis Crystal &#8211; universal fechado (RL\\\/RS)\"}]},{\"@type\":\"WebSite\",\"@id\":\"https:\\\/\\\/electricink.eu\\\/#website\",\"url\":\"https:\\\/\\\/electricink.eu\\\/\",\"name\":\"Electric Ink\u00ae\",\"description\":\"Material para Tatuar Profesional en Europa - Electric Ink\u00ae\",\"potentialAction\":[{\"@type\":\"SearchAction\",\"target\":{\"@type\":\"EntryPoint\",\"urlTemplate\":\"https:\\\/\\\/electricink.eu\\\/?s={search_term_string}\"},\"query-input\":{\"@type\":\"PropertyValueSpecification\",\"valueRequired\":true,\"valueName\":\"search_term_string\"}}],\"inLanguage\":\"pt-PT\"}]}<\/script>\n<!-- \/ Yoast SEO plugin. -->","yoast_head_json":{"title":"Grips descart\u00e1veis Crystal - universal fechado (RL\/RS) - Electric Ink\u00ae","description":"Formato anat\u00f4mico e tecnologia de amortecimento para reduzir a vibra\u00e7\u00e3o na m\u00e3o do artista. Maior precis\u00e3o, rigidez e firmeza, qualidade e seguran\u00e7a.","robots":{"index":"index","follow":"follow","max-snippet":"max-snippet:-1","max-image-preview":"max-image-preview:large","max-video-preview":"max-video-preview:-1"},"canonical":"https:\/\/electricink.eu\/producto\/grips-universal-desechables-crystal-cerrado-rl-rs\/","og_locale":"pt_PT","og_type":"article","og_title":"Grips descart\u00e1veis Crystal - universal fechado (RL\/RS) - Electric Ink\u00ae","og_description":"Formato anat\u00f4mico e tecnologia de amortecimento para reduzir a vibra\u00e7\u00e3o na m\u00e3o do artista. Maior precis\u00e3o, rigidez e firmeza, qualidade e seguran\u00e7a.","og_url":"https:\/\/electricink.eu\/producto\/grips-universal-desechables-crystal-cerrado-rl-rs\/","og_site_name":"Electric Ink\u00ae","article_modified_time":"2025-04-30T12:53:25+00:00","og_image":[{"width":688,"height":688,"url":"https:\/\/electricink.eu\/wp-content\/uploads\/2023\/12\/GRIP_TATTOO_30mm_Crystal_Round_Universal_Flat.jpg","type":"image\/jpeg"}],"twitter_card":"summary_large_image","schema":{"@context":"https:\/\/schema.org","@graph":[{"@type":"WebPage","@id":"https:\/\/electricink.eu\/producto\/grips-universal-desechables-crystal-cerrado-rl-rs\/","url":"https:\/\/electricink.eu\/producto\/grips-universal-desechables-crystal-cerrado-rl-rs\/","name":"Grips descart\u00e1veis Crystal - universal fechado (RL\/RS) - Electric Ink\u00ae","isPartOf":{"@id":"https:\/\/electricink.eu\/#website"},"primaryImageOfPage":{"@id":"https:\/\/electricink.eu\/producto\/grips-universal-desechables-crystal-cerrado-rl-rs\/#primaryimage"},"image":{"@id":"https:\/\/electricink.eu\/producto\/grips-universal-desechables-crystal-cerrado-rl-rs\/#primaryimage"},"thumbnailUrl":"https:\/\/electricink.eu\/wp-content\/uploads\/2023\/12\/GRIP_TATTOO_30mm_Crystal_Round_Universal_Flat.jpg","datePublished":"2023-12-13T15:42:43+00:00","dateModified":"2025-04-30T12:53:25+00:00","description":"Formato anat\u00f4mico e tecnologia de amortecimento para reduzir a vibra\u00e7\u00e3o na m\u00e3o do artista. Maior precis\u00e3o, rigidez e firmeza, qualidade e seguran\u00e7a.","breadcrumb":{"@id":"https:\/\/electricink.eu\/producto\/grips-universal-desechables-crystal-cerrado-rl-rs\/#breadcrumb"},"inLanguage":"pt-PT","potentialAction":[{"@type":"ReadAction","target":["https:\/\/electricink.eu\/producto\/grips-universal-desechables-crystal-cerrado-rl-rs\/"]}]},{"@type":"ImageObject","inLanguage":"pt-PT","@id":"https:\/\/electricink.eu\/producto\/grips-universal-desechables-crystal-cerrado-rl-rs\/#primaryimage","url":"https:\/\/electricink.eu\/wp-content\/uploads\/2023\/12\/GRIP_TATTOO_30mm_Crystal_Round_Universal_Flat.jpg","contentUrl":"https:\/\/electricink.eu\/wp-content\/uploads\/2023\/12\/GRIP_TATTOO_30mm_Crystal_Round_Universal_Flat.jpg","width":688,"height":688},{"@type":"BreadcrumbList","@id":"https:\/\/electricink.eu\/producto\/grips-universal-desechables-crystal-cerrado-rl-rs\/#breadcrumb","itemListElement":[{"@type":"ListItem","position":1,"name":"Portada","item":"https:\/\/electricink.eu\/pt-pt\/home\/"},{"@type":"ListItem","position":2,"name":"Tienda","item":"https:\/\/electricink.eu\/tienda\/"},{"@type":"ListItem","position":3,"name":"Grips descart\u00e1veis Crystal &#8211; universal fechado (RL\/RS)"}]},{"@type":"WebSite","@id":"https:\/\/electricink.eu\/#website","url":"https:\/\/electricink.eu\/","name":"Electric Ink\u00ae","description":"Material para Tatuar Profesional en Europa - Electric Ink\u00ae","potentialAction":[{"@type":"SearchAction","target":{"@type":"EntryPoint","urlTemplate":"https:\/\/electricink.eu\/?s={search_term_string}"},"query-input":{"@type":"PropertyValueSpecification","valueRequired":true,"valueName":"search_term_string"}}],"inLanguage":"pt-PT"}]}},"_links":{"self":[{"href":"https:\/\/electricink.eu\/pt-pt\/wp-json\/wp\/v2\/product\/38244","targetHints":{"allow":["GET"]}}],"collection":[{"href":"https:\/\/electricink.eu\/pt-pt\/wp-json\/wp\/v2\/product"}],"about":[{"href":"https:\/\/electricink.eu\/pt-pt\/wp-json\/wp\/v2\/types\/product"}],"replies":[{"embeddable":true,"href":"https:\/\/electricink.eu\/pt-pt\/wp-json\/wp\/v2\/comments?post=38244"}],"wp:featuredmedia":[{"embeddable":true,"href":"https:\/\/electricink.eu\/pt-pt\/wp-json\/wp\/v2\/media\/43995"}],"wp:attachment":[{"href":"https:\/\/electricink.eu\/pt-pt\/wp-json\/wp\/v2\/media?parent=38244"}],"wp:term":[{"taxonomy":"product_brand","embeddable":true,"href":"https:\/\/electricink.eu\/pt-pt\/wp-json\/wp\/v2\/product_brand?post=38244"},{"taxonomy":"product_cat","embeddable":true,"href":"https:\/\/electricink.eu\/pt-pt\/wp-json\/wp\/v2\/product_cat?post=38244"},{"taxonomy":"product_tag","embeddable":true,"href":"https:\/\/electricink.eu\/pt-pt\/wp-json\/wp\/v2\/product_tag?post=38244"}],"curies":[{"name":"wp","href":"https:\/\/api.w.org\/{rel}","templated":true}]}}