{"id":38259,"date":"2023-12-14T01:07:43","date_gmt":"2023-12-14T00:07:43","guid":{"rendered":"https:\/\/electricink.eu\/producto\/ps-mini-ice-edicao-especial\/"},"modified":"2024-02-05T09:14:03","modified_gmt":"2024-02-05T08:14:03","slug":"ps-mini-ice-edicao-especial","status":"publish","type":"product","link":"https:\/\/electricink.eu\/pt-pt\/producto\/ps-mini-ice-edicao-especial\/","title":{"rendered":"PS Mini Ice (Edi\u00e7\u00e3o Especial)"},"content":{"rendered":"<p><strong>&#8212;&#8212;&#8212;&#8212;&#8212;&#8212;&#8211;Especifica\u00e7\u00f5es \/ Pesos \/ Dimens\u00f5es&#8212;&#8212;&#8212;&#8212;&#8212;&#8212;&#8212;&#8212;<\/strong><\/p>\n<p>Cor: Transparente;<br \/>Tipo de maquinas: Rotativas \/ Bobinas<br \/>Informa\u00e7\u00f5es indicadas: Duty cicle, Pulsos por segundo (Hertz), Corrente (Amperes) e Follow True<br \/>Teclado: Mem\u00f3ria 1 (M1), Mem\u00f3ria 2 (M2), Play\/Pause, Ajuste mais (+) Ajuste menos (-) e tecla FUN\u00c7\u00c3O que facilita e agiliza o uso do menu.<br \/>Canais(sa\u00eddas): 1<br \/>Tipo display: 7 segmentos branco<br \/>Tens\u00e3o Sa\u00edda: 2 \u00e0 17v<br \/>Resolu\u00e7\u00e3o de ajuste: 0,1v<br \/>Alimenta\u00e7\u00e3o Rede: 100~240VAC (autom\u00e1tico)<br \/>Amperagem Pico: 5A<br \/>Amperagem Continua: 3A<br \/>Mem\u00f3ria n\u00e3o vol\u00e1til<br \/>Dimens\u00f5es (CxLxH) : 95 mm x 61 mm x 28 mm<br \/>Peso: 122 gramas<br \/>Pedal: Pulso\/Trava<br \/>Prote\u00e7\u00e3o para Sobrecarga e Curto Circuito<br \/>Conectores: Jack P10 Amphenol para m\u00e1quina e pedal, Jack P4 Whurt para alimenta\u00e7\u00e3o el\u00e9trica<\/p>\n<p><strong>&#8212;&#8212;&#8212;&#8212;&#8212;&#8212;&#8211;Itens inclusos&#8212;&#8212;&#8212;&#8212;&#8212;&#8212;&#8212;&#8211;<\/strong><\/p>\n<p>Adaptador AC\/DC Electric Ink de 19V e 4,32A<br \/>Base ferro magn\u00e9tica com adesivo para fixa\u00e7\u00e3o na bancada de trabalho.<\/p>\n<p><strong>&#8212;&#8212;&#8212;&#8212;&#8212;&#8212;&#8212;&#8212;Garantia do Produto&#8212;&#8212;&#8212;&#8212;&#8212;&#8212;&#8212;&#8212;-<\/strong><\/p>\n<p>El plazo de garant\u00eda ofrecido por Electric Ink sigue la normativa Europea vigente. La garant\u00eda de Electric Ink contra defectos de fabricaci\u00f3n comienza a contar desde la compra del producto por parte del consumidor, comprobada mediante la factura de compra del art\u00edculo respectivo.<br \/><strong>&#8212;&#8212;&#8212;&#8212;&#8212;&#8212;&#8212;&#8212;&#8211;Assist\u00eancia T\u00e9cnica&#8212;&#8212;&#8212;&#8212;&#8212;&#8212;&#8212;<\/strong><\/p>\n<p>Por correo electr\u00f3nico a atrav\u00e9s de info@electric.local o por Whatsapp de la web<\/p>\n","protected":false},"excerpt":{"rendered":"<p>Fonte PS Mini ICE \u00e9 um dispositivo compacto para suprir a necessidade dos profissionais que buscam facilidade no movimento ou que disp\u00f5em de pouco espa\u00e7o em sua bancada de trabalho.<\/p>\n<p>Com navega\u00e7\u00e3o mais pr\u00e1tica dentro do Menu ou nas telas informativas devido a tecla &#8220;Fun\u00e7\u00e3o&#8221; que \u00e9 exclusiva do modelo.<\/p>\n<p>Possui leitura de Tens\u00e3o (V), Corrente (A), Frequ\u00eancia (Hz), Duty e FT. Possui Kick Booster, configura\u00e7\u00e3o de pedal (trava ou pulso) e 2 mem\u00f3rias.<br \/>Para sua fixa\u00e7\u00e3o a fonte possui um fundo resinado que facilita fixa\u00e7\u00f5es em superf\u00edcies extra lisas (como o vidro) e um im\u00e3 de neod\u00edmio para fixa\u00e7\u00e3o em superf\u00edcies met\u00e1licas ou em qualquer superf\u00edcie utilizando a base ferro-magn\u00e9tica adesiva que acompanha o produto.<\/p>\n","protected":false},"featured_media":39262,"comment_status":"closed","ping_status":"closed","template":"","meta":{"_acf_changed":false,"_et_pb_use_builder":"","_et_pb_old_content":"","_et_gb_content_width":"","inline_featured_image":false},"product_brand":[],"product_cat":[1140,745,749],"product_tag":[],"class_list":{"0":"post-38259","1":"product","2":"type-product","3":"status-publish","4":"has-post-thumbnail","6":"product_cat-perifericos-pt","7":"product_cat-tattoo","8":"product_cat-fontes-tattoo","10":"first","11":"outofstock","12":"taxable","13":"shipping-taxable","14":"purchasable","15":"product-type-simple"},"acf":[],"yoast_head":"<!-- This site is optimized with the Yoast SEO plugin v27.5 - https:\/\/yoast.com\/product\/yoast-seo-wordpress\/ -->\n<title>PS Mini Ice (Edi\u00e7\u00e3o Especial) - Electric Ink\u00ae<\/title>\n<meta name=\"robots\" content=\"index, follow, max-snippet:-1, max-image-preview:large, max-video-preview:-1\" \/>\n<link rel=\"canonical\" href=\"https:\/\/electricink.eu\/pt-pt\/producto\/ps-mini-ice-edicao-especial\/\" \/>\n<meta property=\"og:locale\" content=\"pt_PT\" \/>\n<meta property=\"og:type\" content=\"article\" \/>\n<meta property=\"og:title\" content=\"PS Mini Ice (Edi\u00e7\u00e3o Especial) - Electric Ink\u00ae\" \/>\n<meta property=\"og:description\" content=\"Fonte PS Mini ICE \u00e9 um dispositivo compacto para suprir a necessidade dos profissionais que buscam facilidade no movimento ou que disp\u00f5em de pouco espa\u00e7o em sua bancada de trabalho. Com navega\u00e7\u00e3o mais pr\u00e1tica dentro do Menu ou nas telas informativas devido a tecla &quot;Fun\u00e7\u00e3o&quot; que \u00e9 exclusiva do modelo. Possui leitura de Tens\u00e3o (V), Corrente (A), Frequ\u00eancia (Hz), Duty e FT. Possui Kick Booster, configura\u00e7\u00e3o de pedal (trava ou pulso) e 2 mem\u00f3rias.Para sua fixa\u00e7\u00e3o a fonte possui um fundo resinado que facilita fixa\u00e7\u00f5es em superf\u00edcies extra lisas (como o vidro) e um im\u00e3 de neod\u00edmio para fixa\u00e7\u00e3o em superf\u00edcies met\u00e1licas ou em qualquer superf\u00edcie utilizando a base ferro-magn\u00e9tica adesiva que acompanha o produto.\" \/>\n<meta property=\"og:url\" content=\"https:\/\/electricink.eu\/pt-pt\/producto\/ps-mini-ice-edicao-especial\/\" \/>\n<meta property=\"og:site_name\" content=\"Electric Ink\u00ae\" \/>\n<meta property=\"article:modified_time\" content=\"2024-02-05T08:14:03+00:00\" \/>\n<meta property=\"og:image\" content=\"https:\/\/electricink.eu\/wp-content\/uploads\/2023\/12\/PSmini-Ice-PRO_Frente-2.png\" \/>\n\t<meta property=\"og:image:width\" content=\"1200\" \/>\n\t<meta property=\"og:image:height\" content=\"1200\" \/>\n\t<meta property=\"og:image:type\" content=\"image\/png\" \/>\n<meta name=\"twitter:card\" content=\"summary_large_image\" \/>\n<meta name=\"twitter:label1\" content=\"Tempo estimado de leitura\" \/>\n\t<meta name=\"twitter:data1\" content=\"1 minuto\" \/>\n<script type=\"application\/ld+json\" class=\"yoast-schema-graph\">{\"@context\":\"https:\\\/\\\/schema.org\",\"@graph\":[{\"@type\":\"WebPage\",\"@id\":\"https:\\\/\\\/electricink.eu\\\/pt-pt\\\/producto\\\/ps-mini-ice-edicao-especial\\\/\",\"url\":\"https:\\\/\\\/electricink.eu\\\/pt-pt\\\/producto\\\/ps-mini-ice-edicao-especial\\\/\",\"name\":\"PS Mini Ice (Edi\u00e7\u00e3o Especial) - Electric Ink\u00ae\",\"isPartOf\":{\"@id\":\"https:\\\/\\\/electricink.eu\\\/#website\"},\"primaryImageOfPage\":{\"@id\":\"https:\\\/\\\/electricink.eu\\\/pt-pt\\\/producto\\\/ps-mini-ice-edicao-especial\\\/#primaryimage\"},\"image\":{\"@id\":\"https:\\\/\\\/electricink.eu\\\/pt-pt\\\/producto\\\/ps-mini-ice-edicao-especial\\\/#primaryimage\"},\"thumbnailUrl\":\"https:\\\/\\\/electricink.eu\\\/wp-content\\\/uploads\\\/2023\\\/12\\\/PSmini-Ice-PRO_Frente-2.png\",\"datePublished\":\"2023-12-14T00:07:43+00:00\",\"dateModified\":\"2024-02-05T08:14:03+00:00\",\"breadcrumb\":{\"@id\":\"https:\\\/\\\/electricink.eu\\\/pt-pt\\\/producto\\\/ps-mini-ice-edicao-especial\\\/#breadcrumb\"},\"inLanguage\":\"pt-PT\",\"potentialAction\":[{\"@type\":\"ReadAction\",\"target\":[\"https:\\\/\\\/electricink.eu\\\/pt-pt\\\/producto\\\/ps-mini-ice-edicao-especial\\\/\"]}]},{\"@type\":\"ImageObject\",\"inLanguage\":\"pt-PT\",\"@id\":\"https:\\\/\\\/electricink.eu\\\/pt-pt\\\/producto\\\/ps-mini-ice-edicao-especial\\\/#primaryimage\",\"url\":\"https:\\\/\\\/electricink.eu\\\/wp-content\\\/uploads\\\/2023\\\/12\\\/PSmini-Ice-PRO_Frente-2.png\",\"contentUrl\":\"https:\\\/\\\/electricink.eu\\\/wp-content\\\/uploads\\\/2023\\\/12\\\/PSmini-Ice-PRO_Frente-2.png\",\"width\":1200,\"height\":1200},{\"@type\":\"BreadcrumbList\",\"@id\":\"https:\\\/\\\/electricink.eu\\\/pt-pt\\\/producto\\\/ps-mini-ice-edicao-especial\\\/#breadcrumb\",\"itemListElement\":[{\"@type\":\"ListItem\",\"position\":1,\"name\":\"Portada\",\"item\":\"https:\\\/\\\/electricink.eu\\\/pt-pt\\\/home\\\/\"},{\"@type\":\"ListItem\",\"position\":2,\"name\":\"Tienda\",\"item\":\"https:\\\/\\\/electricink.eu\\\/tienda\\\/\"},{\"@type\":\"ListItem\",\"position\":3,\"name\":\"PS Mini Ice (Edi\u00e7\u00e3o Especial)\"}]},{\"@type\":\"WebSite\",\"@id\":\"https:\\\/\\\/electricink.eu\\\/#website\",\"url\":\"https:\\\/\\\/electricink.eu\\\/\",\"name\":\"Electric Ink\u00ae\",\"description\":\"Material para Tatuar Profesional en Europa - Electric Ink\u00ae\",\"potentialAction\":[{\"@type\":\"SearchAction\",\"target\":{\"@type\":\"EntryPoint\",\"urlTemplate\":\"https:\\\/\\\/electricink.eu\\\/?s={search_term_string}\"},\"query-input\":{\"@type\":\"PropertyValueSpecification\",\"valueRequired\":true,\"valueName\":\"search_term_string\"}}],\"inLanguage\":\"pt-PT\"}]}<\/script>\n<!-- \/ Yoast SEO plugin. -->","yoast_head_json":{"title":"PS Mini Ice (Edi\u00e7\u00e3o Especial) - Electric Ink\u00ae","robots":{"index":"index","follow":"follow","max-snippet":"max-snippet:-1","max-image-preview":"max-image-preview:large","max-video-preview":"max-video-preview:-1"},"canonical":"https:\/\/electricink.eu\/pt-pt\/producto\/ps-mini-ice-edicao-especial\/","og_locale":"pt_PT","og_type":"article","og_title":"PS Mini Ice (Edi\u00e7\u00e3o Especial) - Electric Ink\u00ae","og_description":"Fonte PS Mini ICE \u00e9 um dispositivo compacto para suprir a necessidade dos profissionais que buscam facilidade no movimento ou que disp\u00f5em de pouco espa\u00e7o em sua bancada de trabalho. Com navega\u00e7\u00e3o mais pr\u00e1tica dentro do Menu ou nas telas informativas devido a tecla \"Fun\u00e7\u00e3o\" que \u00e9 exclusiva do modelo. Possui leitura de Tens\u00e3o (V), Corrente (A), Frequ\u00eancia (Hz), Duty e FT. Possui Kick Booster, configura\u00e7\u00e3o de pedal (trava ou pulso) e 2 mem\u00f3rias.Para sua fixa\u00e7\u00e3o a fonte possui um fundo resinado que facilita fixa\u00e7\u00f5es em superf\u00edcies extra lisas (como o vidro) e um im\u00e3 de neod\u00edmio para fixa\u00e7\u00e3o em superf\u00edcies met\u00e1licas ou em qualquer superf\u00edcie utilizando a base ferro-magn\u00e9tica adesiva que acompanha o produto.","og_url":"https:\/\/electricink.eu\/pt-pt\/producto\/ps-mini-ice-edicao-especial\/","og_site_name":"Electric Ink\u00ae","article_modified_time":"2024-02-05T08:14:03+00:00","og_image":[{"width":1200,"height":1200,"url":"https:\/\/electricink.eu\/wp-content\/uploads\/2023\/12\/PSmini-Ice-PRO_Frente-2.png","type":"image\/png"}],"twitter_card":"summary_large_image","twitter_misc":{"Tempo estimado de leitura":"1 minuto"},"schema":{"@context":"https:\/\/schema.org","@graph":[{"@type":"WebPage","@id":"https:\/\/electricink.eu\/pt-pt\/producto\/ps-mini-ice-edicao-especial\/","url":"https:\/\/electricink.eu\/pt-pt\/producto\/ps-mini-ice-edicao-especial\/","name":"PS Mini Ice (Edi\u00e7\u00e3o Especial) - Electric Ink\u00ae","isPartOf":{"@id":"https:\/\/electricink.eu\/#website"},"primaryImageOfPage":{"@id":"https:\/\/electricink.eu\/pt-pt\/producto\/ps-mini-ice-edicao-especial\/#primaryimage"},"image":{"@id":"https:\/\/electricink.eu\/pt-pt\/producto\/ps-mini-ice-edicao-especial\/#primaryimage"},"thumbnailUrl":"https:\/\/electricink.eu\/wp-content\/uploads\/2023\/12\/PSmini-Ice-PRO_Frente-2.png","datePublished":"2023-12-14T00:07:43+00:00","dateModified":"2024-02-05T08:14:03+00:00","breadcrumb":{"@id":"https:\/\/electricink.eu\/pt-pt\/producto\/ps-mini-ice-edicao-especial\/#breadcrumb"},"inLanguage":"pt-PT","potentialAction":[{"@type":"ReadAction","target":["https:\/\/electricink.eu\/pt-pt\/producto\/ps-mini-ice-edicao-especial\/"]}]},{"@type":"ImageObject","inLanguage":"pt-PT","@id":"https:\/\/electricink.eu\/pt-pt\/producto\/ps-mini-ice-edicao-especial\/#primaryimage","url":"https:\/\/electricink.eu\/wp-content\/uploads\/2023\/12\/PSmini-Ice-PRO_Frente-2.png","contentUrl":"https:\/\/electricink.eu\/wp-content\/uploads\/2023\/12\/PSmini-Ice-PRO_Frente-2.png","width":1200,"height":1200},{"@type":"BreadcrumbList","@id":"https:\/\/electricink.eu\/pt-pt\/producto\/ps-mini-ice-edicao-especial\/#breadcrumb","itemListElement":[{"@type":"ListItem","position":1,"name":"Portada","item":"https:\/\/electricink.eu\/pt-pt\/home\/"},{"@type":"ListItem","position":2,"name":"Tienda","item":"https:\/\/electricink.eu\/tienda\/"},{"@type":"ListItem","position":3,"name":"PS Mini Ice (Edi\u00e7\u00e3o Especial)"}]},{"@type":"WebSite","@id":"https:\/\/electricink.eu\/#website","url":"https:\/\/electricink.eu\/","name":"Electric Ink\u00ae","description":"Material para Tatuar Profesional en Europa - Electric Ink\u00ae","potentialAction":[{"@type":"SearchAction","target":{"@type":"EntryPoint","urlTemplate":"https:\/\/electricink.eu\/?s={search_term_string}"},"query-input":{"@type":"PropertyValueSpecification","valueRequired":true,"valueName":"search_term_string"}}],"inLanguage":"pt-PT"}]}},"_links":{"self":[{"href":"https:\/\/electricink.eu\/pt-pt\/wp-json\/wp\/v2\/product\/38259","targetHints":{"allow":["GET"]}}],"collection":[{"href":"https:\/\/electricink.eu\/pt-pt\/wp-json\/wp\/v2\/product"}],"about":[{"href":"https:\/\/electricink.eu\/pt-pt\/wp-json\/wp\/v2\/types\/product"}],"replies":[{"embeddable":true,"href":"https:\/\/electricink.eu\/pt-pt\/wp-json\/wp\/v2\/comments?post=38259"}],"wp:featuredmedia":[{"embeddable":true,"href":"https:\/\/electricink.eu\/pt-pt\/wp-json\/wp\/v2\/media\/39262"}],"wp:attachment":[{"href":"https:\/\/electricink.eu\/pt-pt\/wp-json\/wp\/v2\/media?parent=38259"}],"wp:term":[{"taxonomy":"product_brand","embeddable":true,"href":"https:\/\/electricink.eu\/pt-pt\/wp-json\/wp\/v2\/product_brand?post=38259"},{"taxonomy":"product_cat","embeddable":true,"href":"https:\/\/electricink.eu\/pt-pt\/wp-json\/wp\/v2\/product_cat?post=38259"},{"taxonomy":"product_tag","embeddable":true,"href":"https:\/\/electricink.eu\/pt-pt\/wp-json\/wp\/v2\/product_tag?post=38259"}],"curies":[{"name":"wp","href":"https:\/\/api.w.org\/{rel}","templated":true}]}}