{"id":38265,"date":"2023-12-14T01:07:43","date_gmt":"2023-12-14T00:07:43","guid":{"rendered":"https:\/\/electricink.eu\/producto\/papel-transfer-thermal-spirit-rolo-de-30-metros\/"},"modified":"2024-02-05T09:10:36","modified_gmt":"2024-02-05T08:10:36","slug":"papel-transfer-thermal-spirit-rolo-de-30-metros","status":"publish","type":"product","link":"https:\/\/electricink.eu\/pt-pt\/producto\/papel-transfer-thermal-spirit-rolo-de-30-metros\/","title":{"rendered":"Papel Transfer Thermal Spirit &#8211; Rolo de 30 metros"},"content":{"rendered":"<p>Papel Transfer Thermal Spirit &#8211; <strong>Rolo de 30 metros<\/strong><\/p>\n<ul>\n<li>Compat\u00edvel com todas as impressoras t\u00e9rmicas<\/li>\n<li>Imagens uniformes, excelente contraste, alta qualidade e dur\u00e1vel<\/li>\n<li>Seguro para a pele, sem ingredientes prejudiciais<\/li>\n<li>Certificado Vegano<\/li>\n<\/ul>\n","protected":false},"excerpt":{"rendered":"<p>Papel estencil thermal Spirit em <strong>rolo de 30 metros<\/strong>.<\/p>\n<p>Garante excelente transfer\u00eancia de seus projetos. Tintas de alta visibilidade, materiais da mais alta qualidade, padr\u00e3o de excel\u00eancia.<\/p>\n<p>O estencil thermal Spirit \u00e9 feito com as mesmas tintas e papel est\u00eancil que a caixa thermal Spirit, mas em um rolo cont\u00ednuo de 30 metros.<\/p>\n<p>Permite que os artistas cortem no tamanho do modelo necess\u00e1rio, longo ou curto, economizando tempo e dinheiro.<\/p>\n","protected":false},"featured_media":33716,"comment_status":"closed","ping_status":"closed","template":"","meta":{"_acf_changed":false,"_et_pb_use_builder":"","_et_pb_old_content":"","_et_gb_content_width":"","inline_featured_image":false},"product_brand":[],"product_cat":[722,726],"product_tag":[],"class_list":{"0":"post-38265","1":"product","2":"type-product","3":"status-publish","4":"has-post-thumbnail","6":"product_cat-accesorios-pt","7":"product_cat-papel-estencil","9":"first","10":"outofstock","11":"taxable","12":"shipping-taxable","13":"purchasable","14":"product-type-simple"},"acf":[],"yoast_head":"<!-- This site is optimized with the Yoast SEO plugin v27.5 - https:\/\/yoast.com\/product\/yoast-seo-wordpress\/ -->\n<title>Papel Transfer Thermal Spirit - Rolo de 30 metros - Electric Ink\u00ae<\/title>\n<meta name=\"robots\" content=\"index, follow, max-snippet:-1, max-image-preview:large, max-video-preview:-1\" \/>\n<link rel=\"canonical\" href=\"https:\/\/electricink.eu\/pt-pt\/producto\/papel-transfer-thermal-spirit-rolo-de-30-metros\/\" \/>\n<meta property=\"og:locale\" content=\"pt_PT\" \/>\n<meta property=\"og:type\" content=\"article\" \/>\n<meta property=\"og:title\" content=\"Papel Transfer Thermal Spirit - Rolo de 30 metros - Electric Ink\u00ae\" \/>\n<meta property=\"og:description\" content=\"Papel estencil thermal Spirit em rolo de 30 metros. Garante excelente transfer\u00eancia de seus projetos. Tintas de alta visibilidade, materiais da mais alta qualidade, padr\u00e3o de excel\u00eancia. O estencil thermal Spirit \u00e9 feito com as mesmas tintas e papel est\u00eancil que a caixa thermal Spirit, mas em um rolo cont\u00ednuo de 30 metros. Permite que os artistas cortem no tamanho do modelo necess\u00e1rio, longo ou curto, economizando tempo e dinheiro.\" \/>\n<meta property=\"og:url\" content=\"https:\/\/electricink.eu\/pt-pt\/producto\/papel-transfer-thermal-spirit-rolo-de-30-metros\/\" \/>\n<meta property=\"og:site_name\" content=\"Electric Ink\u00ae\" \/>\n<meta property=\"article:modified_time\" content=\"2024-02-05T08:10:36+00:00\" \/>\n<meta property=\"og:image\" content=\"https:\/\/electricink.eu\/wp-content\/uploads\/2023\/12\/spirit_transfer_roll.jpg\" \/>\n\t<meta property=\"og:image:width\" content=\"433\" \/>\n\t<meta property=\"og:image:height\" content=\"319\" \/>\n\t<meta property=\"og:image:type\" content=\"image\/jpeg\" \/>\n<meta name=\"twitter:card\" content=\"summary_large_image\" \/>\n<script type=\"application\/ld+json\" class=\"yoast-schema-graph\">{\"@context\":\"https:\\\/\\\/schema.org\",\"@graph\":[{\"@type\":\"WebPage\",\"@id\":\"https:\\\/\\\/electricink.eu\\\/pt-pt\\\/producto\\\/papel-transfer-thermal-spirit-rolo-de-30-metros\\\/\",\"url\":\"https:\\\/\\\/electricink.eu\\\/pt-pt\\\/producto\\\/papel-transfer-thermal-spirit-rolo-de-30-metros\\\/\",\"name\":\"Papel Transfer Thermal Spirit - Rolo de 30 metros - Electric Ink\u00ae\",\"isPartOf\":{\"@id\":\"https:\\\/\\\/electricink.eu\\\/#website\"},\"primaryImageOfPage\":{\"@id\":\"https:\\\/\\\/electricink.eu\\\/pt-pt\\\/producto\\\/papel-transfer-thermal-spirit-rolo-de-30-metros\\\/#primaryimage\"},\"image\":{\"@id\":\"https:\\\/\\\/electricink.eu\\\/pt-pt\\\/producto\\\/papel-transfer-thermal-spirit-rolo-de-30-metros\\\/#primaryimage\"},\"thumbnailUrl\":\"https:\\\/\\\/electricink.eu\\\/wp-content\\\/uploads\\\/2023\\\/12\\\/spirit_transfer_roll.jpg\",\"datePublished\":\"2023-12-14T00:07:43+00:00\",\"dateModified\":\"2024-02-05T08:10:36+00:00\",\"breadcrumb\":{\"@id\":\"https:\\\/\\\/electricink.eu\\\/pt-pt\\\/producto\\\/papel-transfer-thermal-spirit-rolo-de-30-metros\\\/#breadcrumb\"},\"inLanguage\":\"pt-PT\",\"potentialAction\":[{\"@type\":\"ReadAction\",\"target\":[\"https:\\\/\\\/electricink.eu\\\/pt-pt\\\/producto\\\/papel-transfer-thermal-spirit-rolo-de-30-metros\\\/\"]}]},{\"@type\":\"ImageObject\",\"inLanguage\":\"pt-PT\",\"@id\":\"https:\\\/\\\/electricink.eu\\\/pt-pt\\\/producto\\\/papel-transfer-thermal-spirit-rolo-de-30-metros\\\/#primaryimage\",\"url\":\"https:\\\/\\\/electricink.eu\\\/wp-content\\\/uploads\\\/2023\\\/12\\\/spirit_transfer_roll.jpg\",\"contentUrl\":\"https:\\\/\\\/electricink.eu\\\/wp-content\\\/uploads\\\/2023\\\/12\\\/spirit_transfer_roll.jpg\",\"width\":433,\"height\":319},{\"@type\":\"BreadcrumbList\",\"@id\":\"https:\\\/\\\/electricink.eu\\\/pt-pt\\\/producto\\\/papel-transfer-thermal-spirit-rolo-de-30-metros\\\/#breadcrumb\",\"itemListElement\":[{\"@type\":\"ListItem\",\"position\":1,\"name\":\"Portada\",\"item\":\"https:\\\/\\\/electricink.eu\\\/pt-pt\\\/home\\\/\"},{\"@type\":\"ListItem\",\"position\":2,\"name\":\"Tienda\",\"item\":\"https:\\\/\\\/electricink.eu\\\/tienda\\\/\"},{\"@type\":\"ListItem\",\"position\":3,\"name\":\"Papel Transfer Thermal Spirit &#8211; Rolo de 30 metros\"}]},{\"@type\":\"WebSite\",\"@id\":\"https:\\\/\\\/electricink.eu\\\/#website\",\"url\":\"https:\\\/\\\/electricink.eu\\\/\",\"name\":\"Electric Ink\u00ae\",\"description\":\"Material para Tatuar Profesional en Europa - Electric Ink\u00ae\",\"potentialAction\":[{\"@type\":\"SearchAction\",\"target\":{\"@type\":\"EntryPoint\",\"urlTemplate\":\"https:\\\/\\\/electricink.eu\\\/?s={search_term_string}\"},\"query-input\":{\"@type\":\"PropertyValueSpecification\",\"valueRequired\":true,\"valueName\":\"search_term_string\"}}],\"inLanguage\":\"pt-PT\"}]}<\/script>\n<!-- \/ Yoast SEO plugin. -->","yoast_head_json":{"title":"Papel Transfer Thermal Spirit - Rolo de 30 metros - Electric Ink\u00ae","robots":{"index":"index","follow":"follow","max-snippet":"max-snippet:-1","max-image-preview":"max-image-preview:large","max-video-preview":"max-video-preview:-1"},"canonical":"https:\/\/electricink.eu\/pt-pt\/producto\/papel-transfer-thermal-spirit-rolo-de-30-metros\/","og_locale":"pt_PT","og_type":"article","og_title":"Papel Transfer Thermal Spirit - Rolo de 30 metros - Electric Ink\u00ae","og_description":"Papel estencil thermal Spirit em rolo de 30 metros. Garante excelente transfer\u00eancia de seus projetos. Tintas de alta visibilidade, materiais da mais alta qualidade, padr\u00e3o de excel\u00eancia. O estencil thermal Spirit \u00e9 feito com as mesmas tintas e papel est\u00eancil que a caixa thermal Spirit, mas em um rolo cont\u00ednuo de 30 metros. Permite que os artistas cortem no tamanho do modelo necess\u00e1rio, longo ou curto, economizando tempo e dinheiro.","og_url":"https:\/\/electricink.eu\/pt-pt\/producto\/papel-transfer-thermal-spirit-rolo-de-30-metros\/","og_site_name":"Electric Ink\u00ae","article_modified_time":"2024-02-05T08:10:36+00:00","og_image":[{"width":433,"height":319,"url":"https:\/\/electricink.eu\/wp-content\/uploads\/2023\/12\/spirit_transfer_roll.jpg","type":"image\/jpeg"}],"twitter_card":"summary_large_image","schema":{"@context":"https:\/\/schema.org","@graph":[{"@type":"WebPage","@id":"https:\/\/electricink.eu\/pt-pt\/producto\/papel-transfer-thermal-spirit-rolo-de-30-metros\/","url":"https:\/\/electricink.eu\/pt-pt\/producto\/papel-transfer-thermal-spirit-rolo-de-30-metros\/","name":"Papel Transfer Thermal Spirit - Rolo de 30 metros - Electric Ink\u00ae","isPartOf":{"@id":"https:\/\/electricink.eu\/#website"},"primaryImageOfPage":{"@id":"https:\/\/electricink.eu\/pt-pt\/producto\/papel-transfer-thermal-spirit-rolo-de-30-metros\/#primaryimage"},"image":{"@id":"https:\/\/electricink.eu\/pt-pt\/producto\/papel-transfer-thermal-spirit-rolo-de-30-metros\/#primaryimage"},"thumbnailUrl":"https:\/\/electricink.eu\/wp-content\/uploads\/2023\/12\/spirit_transfer_roll.jpg","datePublished":"2023-12-14T00:07:43+00:00","dateModified":"2024-02-05T08:10:36+00:00","breadcrumb":{"@id":"https:\/\/electricink.eu\/pt-pt\/producto\/papel-transfer-thermal-spirit-rolo-de-30-metros\/#breadcrumb"},"inLanguage":"pt-PT","potentialAction":[{"@type":"ReadAction","target":["https:\/\/electricink.eu\/pt-pt\/producto\/papel-transfer-thermal-spirit-rolo-de-30-metros\/"]}]},{"@type":"ImageObject","inLanguage":"pt-PT","@id":"https:\/\/electricink.eu\/pt-pt\/producto\/papel-transfer-thermal-spirit-rolo-de-30-metros\/#primaryimage","url":"https:\/\/electricink.eu\/wp-content\/uploads\/2023\/12\/spirit_transfer_roll.jpg","contentUrl":"https:\/\/electricink.eu\/wp-content\/uploads\/2023\/12\/spirit_transfer_roll.jpg","width":433,"height":319},{"@type":"BreadcrumbList","@id":"https:\/\/electricink.eu\/pt-pt\/producto\/papel-transfer-thermal-spirit-rolo-de-30-metros\/#breadcrumb","itemListElement":[{"@type":"ListItem","position":1,"name":"Portada","item":"https:\/\/electricink.eu\/pt-pt\/home\/"},{"@type":"ListItem","position":2,"name":"Tienda","item":"https:\/\/electricink.eu\/tienda\/"},{"@type":"ListItem","position":3,"name":"Papel Transfer Thermal Spirit &#8211; Rolo de 30 metros"}]},{"@type":"WebSite","@id":"https:\/\/electricink.eu\/#website","url":"https:\/\/electricink.eu\/","name":"Electric Ink\u00ae","description":"Material para Tatuar Profesional en Europa - Electric Ink\u00ae","potentialAction":[{"@type":"SearchAction","target":{"@type":"EntryPoint","urlTemplate":"https:\/\/electricink.eu\/?s={search_term_string}"},"query-input":{"@type":"PropertyValueSpecification","valueRequired":true,"valueName":"search_term_string"}}],"inLanguage":"pt-PT"}]}},"_links":{"self":[{"href":"https:\/\/electricink.eu\/pt-pt\/wp-json\/wp\/v2\/product\/38265","targetHints":{"allow":["GET"]}}],"collection":[{"href":"https:\/\/electricink.eu\/pt-pt\/wp-json\/wp\/v2\/product"}],"about":[{"href":"https:\/\/electricink.eu\/pt-pt\/wp-json\/wp\/v2\/types\/product"}],"replies":[{"embeddable":true,"href":"https:\/\/electricink.eu\/pt-pt\/wp-json\/wp\/v2\/comments?post=38265"}],"wp:featuredmedia":[{"embeddable":true,"href":"https:\/\/electricink.eu\/pt-pt\/wp-json\/wp\/v2\/media\/33716"}],"wp:attachment":[{"href":"https:\/\/electricink.eu\/pt-pt\/wp-json\/wp\/v2\/media?parent=38265"}],"wp:term":[{"taxonomy":"product_brand","embeddable":true,"href":"https:\/\/electricink.eu\/pt-pt\/wp-json\/wp\/v2\/product_brand?post=38265"},{"taxonomy":"product_cat","embeddable":true,"href":"https:\/\/electricink.eu\/pt-pt\/wp-json\/wp\/v2\/product_cat?post=38265"},{"taxonomy":"product_tag","embeddable":true,"href":"https:\/\/electricink.eu\/pt-pt\/wp-json\/wp\/v2\/product_tag?post=38265"}],"curies":[{"name":"wp","href":"https:\/\/api.w.org\/{rel}","templated":true}]}}