{"id":38411,"date":"2023-12-14T01:06:03","date_gmt":"2023-12-14T00:06:03","guid":{"rendered":"https:\/\/electricink.eu\/producto\/pedal-catswitch-aluminio-preto\/"},"modified":"2023-12-14T01:06:03","modified_gmt":"2023-12-14T00:06:03","slug":"pedal-catswitch-aluminio-preto","status":"publish","type":"product","link":"https:\/\/electricink.eu\/pt-pt\/producto\/pedal-catswitch-aluminio-preto\/","title":{"rendered":"Pedal Catswitch &#8211; Alum\u00ednio &#8211; Preto"},"content":{"rendered":"<p><strong>&#8212;&#8212;&#8212;&#8212;&#8212;- Especifica\u00e7\u00f5es \/ Dimens\u00f5es &#8212;&#8212;&#8212;&#8212;&#8212;&#8212;-<\/strong><\/p>\n<p>&#8211; Material: alum\u00ednio com base de borracha antiderrapante<br \/>&#8211; Cor: preto<br \/>&#8211; Medidas: 2,3cm (altura) x 7,5cm (comprimento) x 7,3cm (largura)<\/p>\n<p>Este produto precisa de um cabo RCA para se conectar \u00e0 fonte de alimenta\u00e7\u00e3o.<\/p>\n<p><strong>&#8212;&#8212;&#8212;&#8212;&#8212;&#8212;&#8212;&#8212;- Itens Inclu\u00eddos &#8212;&#8212;&#8212;&#8212;&#8212;&#8212;&#8212;&#8212;-<\/strong><\/p>\n<p>&#8211; 01 pedal Catswitch<br \/>&#8211; Manual de instru\u00e7\u00f5es<br \/>&#8211; Garantia do produto<br \/>* Cabo RCA n\u00e3o incluso<\/p>\n<p><strong>Garantia do produto<\/strong>: O per\u00edodo de garantia oferecido pela Electric Ink segue os regulamentos europeus atuais. A garantia da Electric Ink para defeitos de fabrica\u00e7\u00e3o come\u00e7a a partir da compra do produto pelo consumidor, verificada na nota fiscal de compra do respectivo item.<\/p>\n<p><strong>Assist\u00eancia t\u00e9cnica:<\/strong> contato por e-mail atrav\u00e9s de info@electric.local<\/p>\n<pre id=\"tw-target-text\" class=\"tw-data-text tw-text-large XcVN5d tw-ta\" dir=\"ltr\" data-placeholder=\"Traducci\u00f3n\">\u00a0<\/pre>\n","protected":false},"excerpt":{"rendered":"<p>Pedal Electric Ink Catswitch em alum\u00ednio anodizado, preto.<\/p>\n<p>Pedal &#8220;Click&#8221; de alto n\u00edvel de acabamento, qualidade e durabilidade, fabricado em alum\u00ednio anodizado com base em borracha antiderrapante.<\/p>\n<p>Para uso intenso trabalhando em conjunto com seu equipamento de tatuagem e micropigmenta\u00e7\u00e3o.<\/p>\n<p>Entrada e funcionamento com cabo RCA (N\u00c3O inclu\u00eddo).<\/p>\n","protected":false},"featured_media":837,"comment_status":"closed","ping_status":"closed","template":"","meta":{"_acf_changed":false,"_et_pb_use_builder":"","_et_pb_old_content":"","_et_gb_content_width":"","inline_featured_image":false},"product_brand":[],"product_cat":[731,738,745,759],"product_tag":[],"class_list":{"0":"post-38411","1":"product","2":"type-product","3":"status-publish","4":"has-post-thumbnail","6":"product_cat-micropigmentacao","7":"product_cat-pedais-para-micropigmentacao","8":"product_cat-tattoo","9":"product_cat-pedais-tattoo","11":"first","12":"instock","13":"taxable","14":"shipping-taxable","15":"purchasable","16":"product-type-simple"},"acf":[],"yoast_head":"<!-- This site is optimized with the Yoast SEO plugin v27.4 - https:\/\/yoast.com\/product\/yoast-seo-wordpress\/ -->\n<title>Pedal Catswitch - Alum\u00ednio - Preto - Electric Ink\u00ae<\/title>\n<meta name=\"robots\" content=\"index, follow, max-snippet:-1, max-image-preview:large, max-video-preview:-1\" \/>\n<link rel=\"canonical\" href=\"https:\/\/electricink.eu\/pt-pt\/producto\/pedal-catswitch-aluminio-preto\/\" \/>\n<meta property=\"og:locale\" content=\"pt_PT\" \/>\n<meta property=\"og:type\" content=\"article\" \/>\n<meta property=\"og:title\" content=\"Pedal Catswitch - Alum\u00ednio - Preto - Electric Ink\u00ae\" \/>\n<meta property=\"og:description\" content=\"Pedal Electric Ink Catswitch em alum\u00ednio anodizado, preto. Pedal &quot;Click&quot; de alto n\u00edvel de acabamento, qualidade e durabilidade, fabricado em alum\u00ednio anodizado com base em borracha antiderrapante. Para uso intenso trabalhando em conjunto com seu equipamento de tatuagem e micropigmenta\u00e7\u00e3o. Entrada e funcionamento com cabo RCA (N\u00c3O inclu\u00eddo).\" \/>\n<meta property=\"og:url\" content=\"https:\/\/electricink.eu\/pt-pt\/producto\/pedal-catswitch-aluminio-preto\/\" \/>\n<meta property=\"og:site_name\" content=\"Electric Ink\u00ae\" \/>\n<meta property=\"og:image\" content=\"https:\/\/electricink.eu\/wp-content\/uploads\/2023\/10\/PEDAL_CATSWITCH_NEGRO_01.png\" \/>\n\t<meta property=\"og:image:width\" content=\"1080\" \/>\n\t<meta property=\"og:image:height\" content=\"1080\" \/>\n\t<meta property=\"og:image:type\" content=\"image\/png\" \/>\n<meta name=\"twitter:card\" content=\"summary_large_image\" \/>\n<meta name=\"twitter:label1\" content=\"Tempo estimado de leitura\" \/>\n\t<meta name=\"twitter:data1\" content=\"1 minuto\" \/>\n<script type=\"application\/ld+json\" class=\"yoast-schema-graph\">{\"@context\":\"https:\\\/\\\/schema.org\",\"@graph\":[{\"@type\":\"WebPage\",\"@id\":\"https:\\\/\\\/electricink.eu\\\/pt-pt\\\/producto\\\/pedal-catswitch-aluminio-preto\\\/\",\"url\":\"https:\\\/\\\/electricink.eu\\\/pt-pt\\\/producto\\\/pedal-catswitch-aluminio-preto\\\/\",\"name\":\"Pedal Catswitch - Alum\u00ednio - Preto - Electric Ink\u00ae\",\"isPartOf\":{\"@id\":\"https:\\\/\\\/electricink.eu\\\/#website\"},\"primaryImageOfPage\":{\"@id\":\"https:\\\/\\\/electricink.eu\\\/pt-pt\\\/producto\\\/pedal-catswitch-aluminio-preto\\\/#primaryimage\"},\"image\":{\"@id\":\"https:\\\/\\\/electricink.eu\\\/pt-pt\\\/producto\\\/pedal-catswitch-aluminio-preto\\\/#primaryimage\"},\"thumbnailUrl\":\"https:\\\/\\\/electricink.eu\\\/wp-content\\\/uploads\\\/2023\\\/10\\\/PEDAL_CATSWITCH_NEGRO_01.png\",\"datePublished\":\"2023-12-14T00:06:03+00:00\",\"breadcrumb\":{\"@id\":\"https:\\\/\\\/electricink.eu\\\/pt-pt\\\/producto\\\/pedal-catswitch-aluminio-preto\\\/#breadcrumb\"},\"inLanguage\":\"pt-PT\",\"potentialAction\":[{\"@type\":\"ReadAction\",\"target\":[\"https:\\\/\\\/electricink.eu\\\/pt-pt\\\/producto\\\/pedal-catswitch-aluminio-preto\\\/\"]}]},{\"@type\":\"ImageObject\",\"inLanguage\":\"pt-PT\",\"@id\":\"https:\\\/\\\/electricink.eu\\\/pt-pt\\\/producto\\\/pedal-catswitch-aluminio-preto\\\/#primaryimage\",\"url\":\"https:\\\/\\\/electricink.eu\\\/wp-content\\\/uploads\\\/2023\\\/10\\\/PEDAL_CATSWITCH_NEGRO_01.png\",\"contentUrl\":\"https:\\\/\\\/electricink.eu\\\/wp-content\\\/uploads\\\/2023\\\/10\\\/PEDAL_CATSWITCH_NEGRO_01.png\",\"width\":1080,\"height\":1080},{\"@type\":\"BreadcrumbList\",\"@id\":\"https:\\\/\\\/electricink.eu\\\/pt-pt\\\/producto\\\/pedal-catswitch-aluminio-preto\\\/#breadcrumb\",\"itemListElement\":[{\"@type\":\"ListItem\",\"position\":1,\"name\":\"Portada\",\"item\":\"https:\\\/\\\/electricink.eu\\\/pt-pt\\\/home\\\/\"},{\"@type\":\"ListItem\",\"position\":2,\"name\":\"Tienda\",\"item\":\"https:\\\/\\\/electricink.eu\\\/tienda\\\/\"},{\"@type\":\"ListItem\",\"position\":3,\"name\":\"Pedal Catswitch &#8211; Alum\u00ednio &#8211; Preto\"}]},{\"@type\":\"WebSite\",\"@id\":\"https:\\\/\\\/electricink.eu\\\/#website\",\"url\":\"https:\\\/\\\/electricink.eu\\\/\",\"name\":\"Electric Ink\u00ae\",\"description\":\"Material para Tatuar Profesional en Europa - Electric Ink\u00ae\",\"potentialAction\":[{\"@type\":\"SearchAction\",\"target\":{\"@type\":\"EntryPoint\",\"urlTemplate\":\"https:\\\/\\\/electricink.eu\\\/?s={search_term_string}\"},\"query-input\":{\"@type\":\"PropertyValueSpecification\",\"valueRequired\":true,\"valueName\":\"search_term_string\"}}],\"inLanguage\":\"pt-PT\"}]}<\/script>\n<!-- \/ Yoast SEO plugin. -->","yoast_head_json":{"title":"Pedal Catswitch - Alum\u00ednio - Preto - Electric Ink\u00ae","robots":{"index":"index","follow":"follow","max-snippet":"max-snippet:-1","max-image-preview":"max-image-preview:large","max-video-preview":"max-video-preview:-1"},"canonical":"https:\/\/electricink.eu\/pt-pt\/producto\/pedal-catswitch-aluminio-preto\/","og_locale":"pt_PT","og_type":"article","og_title":"Pedal Catswitch - Alum\u00ednio - Preto - Electric Ink\u00ae","og_description":"Pedal Electric Ink Catswitch em alum\u00ednio anodizado, preto. Pedal \"Click\" de alto n\u00edvel de acabamento, qualidade e durabilidade, fabricado em alum\u00ednio anodizado com base em borracha antiderrapante. Para uso intenso trabalhando em conjunto com seu equipamento de tatuagem e micropigmenta\u00e7\u00e3o. Entrada e funcionamento com cabo RCA (N\u00c3O inclu\u00eddo).","og_url":"https:\/\/electricink.eu\/pt-pt\/producto\/pedal-catswitch-aluminio-preto\/","og_site_name":"Electric Ink\u00ae","og_image":[{"width":1080,"height":1080,"url":"https:\/\/electricink.eu\/wp-content\/uploads\/2023\/10\/PEDAL_CATSWITCH_NEGRO_01.png","type":"image\/png"}],"twitter_card":"summary_large_image","twitter_misc":{"Tempo estimado de leitura":"1 minuto"},"schema":{"@context":"https:\/\/schema.org","@graph":[{"@type":"WebPage","@id":"https:\/\/electricink.eu\/pt-pt\/producto\/pedal-catswitch-aluminio-preto\/","url":"https:\/\/electricink.eu\/pt-pt\/producto\/pedal-catswitch-aluminio-preto\/","name":"Pedal Catswitch - Alum\u00ednio - Preto - Electric Ink\u00ae","isPartOf":{"@id":"https:\/\/electricink.eu\/#website"},"primaryImageOfPage":{"@id":"https:\/\/electricink.eu\/pt-pt\/producto\/pedal-catswitch-aluminio-preto\/#primaryimage"},"image":{"@id":"https:\/\/electricink.eu\/pt-pt\/producto\/pedal-catswitch-aluminio-preto\/#primaryimage"},"thumbnailUrl":"https:\/\/electricink.eu\/wp-content\/uploads\/2023\/10\/PEDAL_CATSWITCH_NEGRO_01.png","datePublished":"2023-12-14T00:06:03+00:00","breadcrumb":{"@id":"https:\/\/electricink.eu\/pt-pt\/producto\/pedal-catswitch-aluminio-preto\/#breadcrumb"},"inLanguage":"pt-PT","potentialAction":[{"@type":"ReadAction","target":["https:\/\/electricink.eu\/pt-pt\/producto\/pedal-catswitch-aluminio-preto\/"]}]},{"@type":"ImageObject","inLanguage":"pt-PT","@id":"https:\/\/electricink.eu\/pt-pt\/producto\/pedal-catswitch-aluminio-preto\/#primaryimage","url":"https:\/\/electricink.eu\/wp-content\/uploads\/2023\/10\/PEDAL_CATSWITCH_NEGRO_01.png","contentUrl":"https:\/\/electricink.eu\/wp-content\/uploads\/2023\/10\/PEDAL_CATSWITCH_NEGRO_01.png","width":1080,"height":1080},{"@type":"BreadcrumbList","@id":"https:\/\/electricink.eu\/pt-pt\/producto\/pedal-catswitch-aluminio-preto\/#breadcrumb","itemListElement":[{"@type":"ListItem","position":1,"name":"Portada","item":"https:\/\/electricink.eu\/pt-pt\/home\/"},{"@type":"ListItem","position":2,"name":"Tienda","item":"https:\/\/electricink.eu\/tienda\/"},{"@type":"ListItem","position":3,"name":"Pedal Catswitch &#8211; Alum\u00ednio &#8211; Preto"}]},{"@type":"WebSite","@id":"https:\/\/electricink.eu\/#website","url":"https:\/\/electricink.eu\/","name":"Electric Ink\u00ae","description":"Material para Tatuar Profesional en Europa - Electric Ink\u00ae","potentialAction":[{"@type":"SearchAction","target":{"@type":"EntryPoint","urlTemplate":"https:\/\/electricink.eu\/?s={search_term_string}"},"query-input":{"@type":"PropertyValueSpecification","valueRequired":true,"valueName":"search_term_string"}}],"inLanguage":"pt-PT"}]}},"_links":{"self":[{"href":"https:\/\/electricink.eu\/pt-pt\/wp-json\/wp\/v2\/product\/38411","targetHints":{"allow":["GET"]}}],"collection":[{"href":"https:\/\/electricink.eu\/pt-pt\/wp-json\/wp\/v2\/product"}],"about":[{"href":"https:\/\/electricink.eu\/pt-pt\/wp-json\/wp\/v2\/types\/product"}],"replies":[{"embeddable":true,"href":"https:\/\/electricink.eu\/pt-pt\/wp-json\/wp\/v2\/comments?post=38411"}],"wp:featuredmedia":[{"embeddable":true,"href":"https:\/\/electricink.eu\/pt-pt\/wp-json\/wp\/v2\/media\/837"}],"wp:attachment":[{"href":"https:\/\/electricink.eu\/pt-pt\/wp-json\/wp\/v2\/media?parent=38411"}],"wp:term":[{"taxonomy":"product_brand","embeddable":true,"href":"https:\/\/electricink.eu\/pt-pt\/wp-json\/wp\/v2\/product_brand?post=38411"},{"taxonomy":"product_cat","embeddable":true,"href":"https:\/\/electricink.eu\/pt-pt\/wp-json\/wp\/v2\/product_cat?post=38411"},{"taxonomy":"product_tag","embeddable":true,"href":"https:\/\/electricink.eu\/pt-pt\/wp-json\/wp\/v2\/product_tag?post=38411"}],"curies":[{"name":"wp","href":"https:\/\/api.w.org\/{rel}","templated":true}]}}