{"id":38429,"date":"2023-12-14T01:06:03","date_gmt":"2023-12-14T00:06:03","guid":{"rendered":"https:\/\/electricink.eu\/producto\/switch-sw4-preto-fosco\/"},"modified":"2023-12-14T01:06:03","modified_gmt":"2023-12-14T00:06:03","slug":"switch-sw4-preto-fosco","status":"publish","type":"product","link":"https:\/\/electricink.eu\/pt-pt\/producto\/switch-sw4-preto-fosco\/","title":{"rendered":"Switch SW4 &#8211; Preto Fosco"},"content":{"rendered":"<p><strong>Switch SW4 &#8211; Electric Ink<\/strong><\/p>\n<p><strong>&#8212;&#8212;&#8212;&#8212;&#8212;&#8212;Especifica\u00e7\u00f5es \/ Pesos \/ Dimens\u00f5es&#8212;&#8212;&#8212;&#8212;&#8212;&#8212;&#8212;&#8212;&#8212;<\/strong><\/p>\n<p>Chassi: alum\u00ednio de avia\u00e7\u00e3o anodizado<br \/>&#8211; Cor: Preto fosco<br \/>&#8211; Conex\u00e3o: com fonte PS Round<br \/>&#8211; Canais (sa\u00eddas): 5 (1 pedal + 4 m\u00e1quinas)<br \/>&#8211; Fonte de alimenta\u00e7\u00e3o: o produto n\u00e3o \u00e9 alimentado diretamente por eletricidade, a energia \u00e9 fornecida pela fonte<br \/>&#8211; Fixa\u00e7\u00e3o: base com 3 pontas de resina para fixa\u00e7\u00e3o em superf\u00edcie lisa e com 3 \u00edm\u00e3s de neod\u00edmio para fixa\u00e7\u00e3o em superf\u00edcie magn\u00e9tica<br \/>&#8211; Peso: 610 gramas<br \/>&#8211; Dimens\u00f5es: 130mm x 150mm x 69mm<\/p>\n<p>&nbsp;<\/p>\n<p><strong>&#8212;&#8212;&#8212;&#8212;&#8212;&#8212;&#8212;&#8212;Garantia do produto&#8212;&#8212;&#8212;&#8212;&#8212;&#8212;&#8212;-<\/strong><\/p>\n<p>O per\u00edodo de garantia oferecido pela Electric Ink segue os regulamentos europeus atuais. A garantia da Electric Ink para defeitos de fabrica\u00e7\u00e3o come\u00e7a a partir da compra do produto pelo consumidor, verificada na nota fiscal de compra do respectivo item.<\/p>\n<p>&nbsp;<\/p>\n<p><strong>Assist\u00eancia t\u00e9cnica:<\/strong> contato por e-mail atrav\u00e9s de info@electric.local<\/p>\n<p>&nbsp;<\/p>\n","protected":false},"excerpt":{"rendered":"<p><strong>Sua PS Round multiplicada por 4!<\/strong><\/p>\n<p>Sabe aquele tempo que voc\u00ea gasta navegando no menu de sua PSR para selecionar o programa da m\u00e1quina que est\u00e1 usando? Sabe o tempo que desperdi\u00e7a plugando e desplugando cabos para trocar entre a m\u00e1quina que est\u00e1 tra\u00e7ando e a que est\u00e1 pintando? Sabe quando precisa ficar variando entre o mais e menos pra mudar a tens\u00e3o desejada para cada m\u00e1quina?<\/p>\n<p>Pois ent\u00e3o, esse tempo n\u00e3o existe mais!<\/p>\n<p>O Switch SW4 \u00e9 uma expans\u00e3o de 4 canais desenvolvido exlusivamente para fonte PSR. O equipamento permite ao tatuador manter quatro m\u00e1quinas conectadas a fonte, com os programas associados aos modelos utilizados e mem\u00f3rias independentes, permitindo duas por canal, resultando ent\u00e3o em oito mem\u00f3rias pr\u00e9 programadas.<\/p>\n<p>Seu objetivo \u00e9 facilitar a vida do tatuador, acelerando os processos intermedi\u00e1rios, eliminando programa\u00e7\u00f5es na fonte durante o procedimento e consequentemente reduzindo o tempo de cada trabalho e o risco de contamina\u00e7\u00f5es.<\/p>\n<p>&nbsp;<\/p>\n","protected":false},"featured_media":33356,"comment_status":"closed","ping_status":"closed","template":"","meta":{"_acf_changed":false,"_et_pb_use_builder":"","_et_pb_old_content":"","_et_gb_content_width":"","inline_featured_image":false},"product_brand":[],"product_cat":[722,731,736,745,749],"product_tag":[],"class_list":{"0":"post-38429","1":"product","2":"type-product","3":"status-publish","4":"has-post-thumbnail","6":"product_cat-accesorios-pt","7":"product_cat-micropigmentacao","8":"product_cat-fontes-micro","9":"product_cat-tattoo","10":"product_cat-fontes-tattoo","12":"first","13":"instock","14":"taxable","15":"shipping-taxable","16":"purchasable","17":"product-type-simple"},"acf":[],"yoast_head":"<!-- This site is optimized with the Yoast SEO plugin v27.4 - https:\/\/yoast.com\/product\/yoast-seo-wordpress\/ -->\n<title>Switch SW4 - Preto Fosco - Electric Ink\u00ae<\/title>\n<meta name=\"robots\" content=\"index, follow, max-snippet:-1, max-image-preview:large, max-video-preview:-1\" \/>\n<link rel=\"canonical\" href=\"https:\/\/electricink.eu\/pt-pt\/producto\/switch-sw4-preto-fosco\/\" \/>\n<meta property=\"og:locale\" content=\"pt_PT\" \/>\n<meta property=\"og:type\" content=\"article\" \/>\n<meta property=\"og:title\" content=\"Switch SW4 - Preto Fosco - Electric Ink\u00ae\" \/>\n<meta property=\"og:description\" content=\"Sua PS Round multiplicada por 4! Sabe aquele tempo que voc\u00ea gasta navegando no menu de sua PSR para selecionar o programa da m\u00e1quina que est\u00e1 usando? Sabe o tempo que desperdi\u00e7a plugando e desplugando cabos para trocar entre a m\u00e1quina que est\u00e1 tra\u00e7ando e a que est\u00e1 pintando? Sabe quando precisa ficar variando entre o mais e menos pra mudar a tens\u00e3o desejada para cada m\u00e1quina? Pois ent\u00e3o, esse tempo n\u00e3o existe mais! O Switch SW4 \u00e9 uma expans\u00e3o de 4 canais desenvolvido exlusivamente para fonte PSR. O equipamento permite ao tatuador manter quatro m\u00e1quinas conectadas a fonte, com os programas associados aos modelos utilizados e mem\u00f3rias independentes, permitindo duas por canal, resultando ent\u00e3o em oito mem\u00f3rias pr\u00e9 programadas. Seu objetivo \u00e9 facilitar a vida do tatuador, acelerando os processos intermedi\u00e1rios, eliminando programa\u00e7\u00f5es na fonte durante o procedimento e consequentemente reduzindo o tempo de cada trabalho e o risco de contamina\u00e7\u00f5es. &nbsp;\" \/>\n<meta property=\"og:url\" content=\"https:\/\/electricink.eu\/pt-pt\/producto\/switch-sw4-preto-fosco\/\" \/>\n<meta property=\"og:site_name\" content=\"Electric Ink\u00ae\" \/>\n<meta property=\"og:image\" content=\"https:\/\/electricink.eu\/wp-content\/uploads\/2023\/12\/Switch-3.jpg\" \/>\n\t<meta property=\"og:image:width\" content=\"600\" \/>\n\t<meta property=\"og:image:height\" content=\"600\" \/>\n\t<meta property=\"og:image:type\" content=\"image\/jpeg\" \/>\n<meta name=\"twitter:card\" content=\"summary_large_image\" \/>\n<meta name=\"twitter:label1\" content=\"Tempo estimado de leitura\" \/>\n\t<meta name=\"twitter:data1\" content=\"1 minuto\" \/>\n<script type=\"application\/ld+json\" class=\"yoast-schema-graph\">{\"@context\":\"https:\\\/\\\/schema.org\",\"@graph\":[{\"@type\":\"WebPage\",\"@id\":\"https:\\\/\\\/electricink.eu\\\/pt-pt\\\/producto\\\/switch-sw4-preto-fosco\\\/\",\"url\":\"https:\\\/\\\/electricink.eu\\\/pt-pt\\\/producto\\\/switch-sw4-preto-fosco\\\/\",\"name\":\"Switch SW4 - Preto Fosco - Electric Ink\u00ae\",\"isPartOf\":{\"@id\":\"https:\\\/\\\/electricink.eu\\\/#website\"},\"primaryImageOfPage\":{\"@id\":\"https:\\\/\\\/electricink.eu\\\/pt-pt\\\/producto\\\/switch-sw4-preto-fosco\\\/#primaryimage\"},\"image\":{\"@id\":\"https:\\\/\\\/electricink.eu\\\/pt-pt\\\/producto\\\/switch-sw4-preto-fosco\\\/#primaryimage\"},\"thumbnailUrl\":\"https:\\\/\\\/electricink.eu\\\/wp-content\\\/uploads\\\/2023\\\/12\\\/Switch-3.jpg\",\"datePublished\":\"2023-12-14T00:06:03+00:00\",\"breadcrumb\":{\"@id\":\"https:\\\/\\\/electricink.eu\\\/pt-pt\\\/producto\\\/switch-sw4-preto-fosco\\\/#breadcrumb\"},\"inLanguage\":\"pt-PT\",\"potentialAction\":[{\"@type\":\"ReadAction\",\"target\":[\"https:\\\/\\\/electricink.eu\\\/pt-pt\\\/producto\\\/switch-sw4-preto-fosco\\\/\"]}]},{\"@type\":\"ImageObject\",\"inLanguage\":\"pt-PT\",\"@id\":\"https:\\\/\\\/electricink.eu\\\/pt-pt\\\/producto\\\/switch-sw4-preto-fosco\\\/#primaryimage\",\"url\":\"https:\\\/\\\/electricink.eu\\\/wp-content\\\/uploads\\\/2023\\\/12\\\/Switch-3.jpg\",\"contentUrl\":\"https:\\\/\\\/electricink.eu\\\/wp-content\\\/uploads\\\/2023\\\/12\\\/Switch-3.jpg\",\"width\":600,\"height\":600},{\"@type\":\"BreadcrumbList\",\"@id\":\"https:\\\/\\\/electricink.eu\\\/pt-pt\\\/producto\\\/switch-sw4-preto-fosco\\\/#breadcrumb\",\"itemListElement\":[{\"@type\":\"ListItem\",\"position\":1,\"name\":\"Portada\",\"item\":\"https:\\\/\\\/electricink.eu\\\/pt-pt\\\/home\\\/\"},{\"@type\":\"ListItem\",\"position\":2,\"name\":\"Tienda\",\"item\":\"https:\\\/\\\/electricink.eu\\\/tienda\\\/\"},{\"@type\":\"ListItem\",\"position\":3,\"name\":\"Switch SW4 &#8211; Preto Fosco\"}]},{\"@type\":\"WebSite\",\"@id\":\"https:\\\/\\\/electricink.eu\\\/#website\",\"url\":\"https:\\\/\\\/electricink.eu\\\/\",\"name\":\"Electric Ink\u00ae\",\"description\":\"Material para Tatuar Profesional en Europa - Electric Ink\u00ae\",\"potentialAction\":[{\"@type\":\"SearchAction\",\"target\":{\"@type\":\"EntryPoint\",\"urlTemplate\":\"https:\\\/\\\/electricink.eu\\\/?s={search_term_string}\"},\"query-input\":{\"@type\":\"PropertyValueSpecification\",\"valueRequired\":true,\"valueName\":\"search_term_string\"}}],\"inLanguage\":\"pt-PT\"}]}<\/script>\n<!-- \/ Yoast SEO plugin. -->","yoast_head_json":{"title":"Switch SW4 - Preto Fosco - Electric Ink\u00ae","robots":{"index":"index","follow":"follow","max-snippet":"max-snippet:-1","max-image-preview":"max-image-preview:large","max-video-preview":"max-video-preview:-1"},"canonical":"https:\/\/electricink.eu\/pt-pt\/producto\/switch-sw4-preto-fosco\/","og_locale":"pt_PT","og_type":"article","og_title":"Switch SW4 - Preto Fosco - Electric Ink\u00ae","og_description":"Sua PS Round multiplicada por 4! Sabe aquele tempo que voc\u00ea gasta navegando no menu de sua PSR para selecionar o programa da m\u00e1quina que est\u00e1 usando? Sabe o tempo que desperdi\u00e7a plugando e desplugando cabos para trocar entre a m\u00e1quina que est\u00e1 tra\u00e7ando e a que est\u00e1 pintando? Sabe quando precisa ficar variando entre o mais e menos pra mudar a tens\u00e3o desejada para cada m\u00e1quina? Pois ent\u00e3o, esse tempo n\u00e3o existe mais! O Switch SW4 \u00e9 uma expans\u00e3o de 4 canais desenvolvido exlusivamente para fonte PSR. O equipamento permite ao tatuador manter quatro m\u00e1quinas conectadas a fonte, com os programas associados aos modelos utilizados e mem\u00f3rias independentes, permitindo duas por canal, resultando ent\u00e3o em oito mem\u00f3rias pr\u00e9 programadas. Seu objetivo \u00e9 facilitar a vida do tatuador, acelerando os processos intermedi\u00e1rios, eliminando programa\u00e7\u00f5es na fonte durante o procedimento e consequentemente reduzindo o tempo de cada trabalho e o risco de contamina\u00e7\u00f5es. &nbsp;","og_url":"https:\/\/electricink.eu\/pt-pt\/producto\/switch-sw4-preto-fosco\/","og_site_name":"Electric Ink\u00ae","og_image":[{"width":600,"height":600,"url":"https:\/\/electricink.eu\/wp-content\/uploads\/2023\/12\/Switch-3.jpg","type":"image\/jpeg"}],"twitter_card":"summary_large_image","twitter_misc":{"Tempo estimado de leitura":"1 minuto"},"schema":{"@context":"https:\/\/schema.org","@graph":[{"@type":"WebPage","@id":"https:\/\/electricink.eu\/pt-pt\/producto\/switch-sw4-preto-fosco\/","url":"https:\/\/electricink.eu\/pt-pt\/producto\/switch-sw4-preto-fosco\/","name":"Switch SW4 - Preto Fosco - Electric Ink\u00ae","isPartOf":{"@id":"https:\/\/electricink.eu\/#website"},"primaryImageOfPage":{"@id":"https:\/\/electricink.eu\/pt-pt\/producto\/switch-sw4-preto-fosco\/#primaryimage"},"image":{"@id":"https:\/\/electricink.eu\/pt-pt\/producto\/switch-sw4-preto-fosco\/#primaryimage"},"thumbnailUrl":"https:\/\/electricink.eu\/wp-content\/uploads\/2023\/12\/Switch-3.jpg","datePublished":"2023-12-14T00:06:03+00:00","breadcrumb":{"@id":"https:\/\/electricink.eu\/pt-pt\/producto\/switch-sw4-preto-fosco\/#breadcrumb"},"inLanguage":"pt-PT","potentialAction":[{"@type":"ReadAction","target":["https:\/\/electricink.eu\/pt-pt\/producto\/switch-sw4-preto-fosco\/"]}]},{"@type":"ImageObject","inLanguage":"pt-PT","@id":"https:\/\/electricink.eu\/pt-pt\/producto\/switch-sw4-preto-fosco\/#primaryimage","url":"https:\/\/electricink.eu\/wp-content\/uploads\/2023\/12\/Switch-3.jpg","contentUrl":"https:\/\/electricink.eu\/wp-content\/uploads\/2023\/12\/Switch-3.jpg","width":600,"height":600},{"@type":"BreadcrumbList","@id":"https:\/\/electricink.eu\/pt-pt\/producto\/switch-sw4-preto-fosco\/#breadcrumb","itemListElement":[{"@type":"ListItem","position":1,"name":"Portada","item":"https:\/\/electricink.eu\/pt-pt\/home\/"},{"@type":"ListItem","position":2,"name":"Tienda","item":"https:\/\/electricink.eu\/tienda\/"},{"@type":"ListItem","position":3,"name":"Switch SW4 &#8211; Preto Fosco"}]},{"@type":"WebSite","@id":"https:\/\/electricink.eu\/#website","url":"https:\/\/electricink.eu\/","name":"Electric Ink\u00ae","description":"Material para Tatuar Profesional en Europa - Electric Ink\u00ae","potentialAction":[{"@type":"SearchAction","target":{"@type":"EntryPoint","urlTemplate":"https:\/\/electricink.eu\/?s={search_term_string}"},"query-input":{"@type":"PropertyValueSpecification","valueRequired":true,"valueName":"search_term_string"}}],"inLanguage":"pt-PT"}]}},"_links":{"self":[{"href":"https:\/\/electricink.eu\/pt-pt\/wp-json\/wp\/v2\/product\/38429","targetHints":{"allow":["GET"]}}],"collection":[{"href":"https:\/\/electricink.eu\/pt-pt\/wp-json\/wp\/v2\/product"}],"about":[{"href":"https:\/\/electricink.eu\/pt-pt\/wp-json\/wp\/v2\/types\/product"}],"replies":[{"embeddable":true,"href":"https:\/\/electricink.eu\/pt-pt\/wp-json\/wp\/v2\/comments?post=38429"}],"wp:featuredmedia":[{"embeddable":true,"href":"https:\/\/electricink.eu\/pt-pt\/wp-json\/wp\/v2\/media\/33356"}],"wp:attachment":[{"href":"https:\/\/electricink.eu\/pt-pt\/wp-json\/wp\/v2\/media?parent=38429"}],"wp:term":[{"taxonomy":"product_brand","embeddable":true,"href":"https:\/\/electricink.eu\/pt-pt\/wp-json\/wp\/v2\/product_brand?post=38429"},{"taxonomy":"product_cat","embeddable":true,"href":"https:\/\/electricink.eu\/pt-pt\/wp-json\/wp\/v2\/product_cat?post=38429"},{"taxonomy":"product_tag","embeddable":true,"href":"https:\/\/electricink.eu\/pt-pt\/wp-json\/wp\/v2\/product_tag?post=38429"}],"curies":[{"name":"wp","href":"https:\/\/api.w.org\/{rel}","templated":true}]}}