{"id":38578,"date":"2023-12-14T01:04:30","date_gmt":"2023-12-14T00:04:30","guid":{"rendered":"https:\/\/electricink.eu\/producto\/deep-orange-electric-ink-30ml\/"},"modified":"2024-04-04T12:18:11","modified_gmt":"2024-04-04T11:18:11","slug":"deep-orange-electric-ink-30ml","status":"publish","type":"product","link":"https:\/\/electricink.eu\/pt-pt\/producto\/deep-orange-electric-ink-30ml\/","title":{"rendered":"Deep Orange Electric Ink 30ml"},"content":{"rendered":"<p><strong>Pigmentos Art\u00edsticos<\/strong><\/p>\n<p><strong>Tamanho:<\/strong> 30ml<\/p>\n<p><strong>Aplica\u00e7\u00e3o:<\/strong> Treino e pele artificial<\/p>\n","protected":false},"excerpt":{"rendered":"<p><strong>Tintas art\u00edsticas<\/strong> com uma gama de cores super vivas.<\/p>\n<p>S\u00e3o fabricados com as melhores mat\u00e9rias-primas atualmente dispon\u00edveis no mercado.<\/p>\n","protected":false},"featured_media":488,"comment_status":"closed","ping_status":"closed","template":"","meta":{"_acf_changed":false,"_et_pb_use_builder":"","_et_pb_old_content":"","_et_gb_content_width":"","inline_featured_image":false},"product_brand":[],"product_cat":[761,767],"product_tag":[],"class_list":{"0":"post-38578","1":"product","2":"type-product","3":"status-publish","4":"has-post-thumbnail","6":"product_cat-tintas-artisticas-pt-pt","7":"product_cat-tintas-artisticas-electric-ink-pt-pt","9":"first","10":"instock","11":"taxable","12":"shipping-taxable","13":"purchasable","14":"product-type-simple"},"acf":[],"yoast_head":"<!-- This site is optimized with the Yoast SEO plugin v27.4 - https:\/\/yoast.com\/product\/yoast-seo-wordpress\/ -->\n<title>Deep Orange Electric Ink 30ml - Electric Ink\u00ae<\/title>\n<meta name=\"robots\" content=\"index, follow, max-snippet:-1, max-image-preview:large, max-video-preview:-1\" \/>\n<link rel=\"canonical\" href=\"https:\/\/electricink.eu\/pt-pt\/producto\/deep-orange-electric-ink-30ml\/\" \/>\n<meta property=\"og:locale\" content=\"pt_PT\" \/>\n<meta property=\"og:type\" content=\"article\" \/>\n<meta property=\"og:title\" content=\"Deep Orange Electric Ink 30ml - Electric Ink\u00ae\" \/>\n<meta property=\"og:description\" content=\"Tintas art\u00edsticas com uma gama de cores super vivas. S\u00e3o fabricados com as melhores mat\u00e9rias-primas atualmente dispon\u00edveis no mercado.\" \/>\n<meta property=\"og:url\" content=\"https:\/\/electricink.eu\/pt-pt\/producto\/deep-orange-electric-ink-30ml\/\" \/>\n<meta property=\"og:site_name\" content=\"Electric Ink\u00ae\" \/>\n<meta property=\"article:modified_time\" content=\"2024-04-04T11:18:11+00:00\" \/>\n<meta property=\"og:image\" content=\"https:\/\/electricink.eu\/wp-content\/uploads\/2023\/10\/Deep-orange.png\" \/>\n\t<meta property=\"og:image:width\" content=\"800\" \/>\n\t<meta property=\"og:image:height\" content=\"800\" \/>\n\t<meta property=\"og:image:type\" content=\"image\/png\" \/>\n<meta name=\"twitter:card\" content=\"summary_large_image\" \/>\n<script type=\"application\/ld+json\" class=\"yoast-schema-graph\">{\"@context\":\"https:\\\/\\\/schema.org\",\"@graph\":[{\"@type\":\"WebPage\",\"@id\":\"https:\\\/\\\/electricink.eu\\\/pt-pt\\\/producto\\\/deep-orange-electric-ink-30ml\\\/\",\"url\":\"https:\\\/\\\/electricink.eu\\\/pt-pt\\\/producto\\\/deep-orange-electric-ink-30ml\\\/\",\"name\":\"Deep Orange Electric Ink 30ml - Electric Ink\u00ae\",\"isPartOf\":{\"@id\":\"https:\\\/\\\/electricink.eu\\\/#website\"},\"primaryImageOfPage\":{\"@id\":\"https:\\\/\\\/electricink.eu\\\/pt-pt\\\/producto\\\/deep-orange-electric-ink-30ml\\\/#primaryimage\"},\"image\":{\"@id\":\"https:\\\/\\\/electricink.eu\\\/pt-pt\\\/producto\\\/deep-orange-electric-ink-30ml\\\/#primaryimage\"},\"thumbnailUrl\":\"https:\\\/\\\/electricink.eu\\\/wp-content\\\/uploads\\\/2023\\\/10\\\/Deep-orange.png\",\"datePublished\":\"2023-12-14T00:04:30+00:00\",\"dateModified\":\"2024-04-04T11:18:11+00:00\",\"breadcrumb\":{\"@id\":\"https:\\\/\\\/electricink.eu\\\/pt-pt\\\/producto\\\/deep-orange-electric-ink-30ml\\\/#breadcrumb\"},\"inLanguage\":\"pt-PT\",\"potentialAction\":[{\"@type\":\"ReadAction\",\"target\":[\"https:\\\/\\\/electricink.eu\\\/pt-pt\\\/producto\\\/deep-orange-electric-ink-30ml\\\/\"]}]},{\"@type\":\"ImageObject\",\"inLanguage\":\"pt-PT\",\"@id\":\"https:\\\/\\\/electricink.eu\\\/pt-pt\\\/producto\\\/deep-orange-electric-ink-30ml\\\/#primaryimage\",\"url\":\"https:\\\/\\\/electricink.eu\\\/wp-content\\\/uploads\\\/2023\\\/10\\\/Deep-orange.png\",\"contentUrl\":\"https:\\\/\\\/electricink.eu\\\/wp-content\\\/uploads\\\/2023\\\/10\\\/Deep-orange.png\",\"width\":800,\"height\":800},{\"@type\":\"BreadcrumbList\",\"@id\":\"https:\\\/\\\/electricink.eu\\\/pt-pt\\\/producto\\\/deep-orange-electric-ink-30ml\\\/#breadcrumb\",\"itemListElement\":[{\"@type\":\"ListItem\",\"position\":1,\"name\":\"Portada\",\"item\":\"https:\\\/\\\/electricink.eu\\\/pt-pt\\\/home\\\/\"},{\"@type\":\"ListItem\",\"position\":2,\"name\":\"Tienda\",\"item\":\"https:\\\/\\\/electricink.eu\\\/tienda\\\/\"},{\"@type\":\"ListItem\",\"position\":3,\"name\":\"Deep Orange Electric Ink 30ml\"}]},{\"@type\":\"WebSite\",\"@id\":\"https:\\\/\\\/electricink.eu\\\/#website\",\"url\":\"https:\\\/\\\/electricink.eu\\\/\",\"name\":\"Electric Ink\u00ae\",\"description\":\"Material para Tatuar Profesional en Europa - Electric Ink\u00ae\",\"potentialAction\":[{\"@type\":\"SearchAction\",\"target\":{\"@type\":\"EntryPoint\",\"urlTemplate\":\"https:\\\/\\\/electricink.eu\\\/?s={search_term_string}\"},\"query-input\":{\"@type\":\"PropertyValueSpecification\",\"valueRequired\":true,\"valueName\":\"search_term_string\"}}],\"inLanguage\":\"pt-PT\"}]}<\/script>\n<!-- \/ Yoast SEO plugin. -->","yoast_head_json":{"title":"Deep Orange Electric Ink 30ml - Electric Ink\u00ae","robots":{"index":"index","follow":"follow","max-snippet":"max-snippet:-1","max-image-preview":"max-image-preview:large","max-video-preview":"max-video-preview:-1"},"canonical":"https:\/\/electricink.eu\/pt-pt\/producto\/deep-orange-electric-ink-30ml\/","og_locale":"pt_PT","og_type":"article","og_title":"Deep Orange Electric Ink 30ml - Electric Ink\u00ae","og_description":"Tintas art\u00edsticas com uma gama de cores super vivas. S\u00e3o fabricados com as melhores mat\u00e9rias-primas atualmente dispon\u00edveis no mercado.","og_url":"https:\/\/electricink.eu\/pt-pt\/producto\/deep-orange-electric-ink-30ml\/","og_site_name":"Electric Ink\u00ae","article_modified_time":"2024-04-04T11:18:11+00:00","og_image":[{"width":800,"height":800,"url":"https:\/\/electricink.eu\/wp-content\/uploads\/2023\/10\/Deep-orange.png","type":"image\/png"}],"twitter_card":"summary_large_image","schema":{"@context":"https:\/\/schema.org","@graph":[{"@type":"WebPage","@id":"https:\/\/electricink.eu\/pt-pt\/producto\/deep-orange-electric-ink-30ml\/","url":"https:\/\/electricink.eu\/pt-pt\/producto\/deep-orange-electric-ink-30ml\/","name":"Deep Orange Electric Ink 30ml - Electric Ink\u00ae","isPartOf":{"@id":"https:\/\/electricink.eu\/#website"},"primaryImageOfPage":{"@id":"https:\/\/electricink.eu\/pt-pt\/producto\/deep-orange-electric-ink-30ml\/#primaryimage"},"image":{"@id":"https:\/\/electricink.eu\/pt-pt\/producto\/deep-orange-electric-ink-30ml\/#primaryimage"},"thumbnailUrl":"https:\/\/electricink.eu\/wp-content\/uploads\/2023\/10\/Deep-orange.png","datePublished":"2023-12-14T00:04:30+00:00","dateModified":"2024-04-04T11:18:11+00:00","breadcrumb":{"@id":"https:\/\/electricink.eu\/pt-pt\/producto\/deep-orange-electric-ink-30ml\/#breadcrumb"},"inLanguage":"pt-PT","potentialAction":[{"@type":"ReadAction","target":["https:\/\/electricink.eu\/pt-pt\/producto\/deep-orange-electric-ink-30ml\/"]}]},{"@type":"ImageObject","inLanguage":"pt-PT","@id":"https:\/\/electricink.eu\/pt-pt\/producto\/deep-orange-electric-ink-30ml\/#primaryimage","url":"https:\/\/electricink.eu\/wp-content\/uploads\/2023\/10\/Deep-orange.png","contentUrl":"https:\/\/electricink.eu\/wp-content\/uploads\/2023\/10\/Deep-orange.png","width":800,"height":800},{"@type":"BreadcrumbList","@id":"https:\/\/electricink.eu\/pt-pt\/producto\/deep-orange-electric-ink-30ml\/#breadcrumb","itemListElement":[{"@type":"ListItem","position":1,"name":"Portada","item":"https:\/\/electricink.eu\/pt-pt\/home\/"},{"@type":"ListItem","position":2,"name":"Tienda","item":"https:\/\/electricink.eu\/tienda\/"},{"@type":"ListItem","position":3,"name":"Deep Orange Electric Ink 30ml"}]},{"@type":"WebSite","@id":"https:\/\/electricink.eu\/#website","url":"https:\/\/electricink.eu\/","name":"Electric Ink\u00ae","description":"Material para Tatuar Profesional en Europa - Electric Ink\u00ae","potentialAction":[{"@type":"SearchAction","target":{"@type":"EntryPoint","urlTemplate":"https:\/\/electricink.eu\/?s={search_term_string}"},"query-input":{"@type":"PropertyValueSpecification","valueRequired":true,"valueName":"search_term_string"}}],"inLanguage":"pt-PT"}]}},"_links":{"self":[{"href":"https:\/\/electricink.eu\/pt-pt\/wp-json\/wp\/v2\/product\/38578","targetHints":{"allow":["GET"]}}],"collection":[{"href":"https:\/\/electricink.eu\/pt-pt\/wp-json\/wp\/v2\/product"}],"about":[{"href":"https:\/\/electricink.eu\/pt-pt\/wp-json\/wp\/v2\/types\/product"}],"replies":[{"embeddable":true,"href":"https:\/\/electricink.eu\/pt-pt\/wp-json\/wp\/v2\/comments?post=38578"}],"wp:featuredmedia":[{"embeddable":true,"href":"https:\/\/electricink.eu\/pt-pt\/wp-json\/wp\/v2\/media\/488"}],"wp:attachment":[{"href":"https:\/\/electricink.eu\/pt-pt\/wp-json\/wp\/v2\/media?parent=38578"}],"wp:term":[{"taxonomy":"product_brand","embeddable":true,"href":"https:\/\/electricink.eu\/pt-pt\/wp-json\/wp\/v2\/product_brand?post=38578"},{"taxonomy":"product_cat","embeddable":true,"href":"https:\/\/electricink.eu\/pt-pt\/wp-json\/wp\/v2\/product_cat?post=38578"},{"taxonomy":"product_tag","embeddable":true,"href":"https:\/\/electricink.eu\/pt-pt\/wp-json\/wp\/v2\/product_tag?post=38578"}],"curies":[{"name":"wp","href":"https:\/\/api.w.org\/{rel}","templated":true}]}}