{"id":38701,"date":"2023-12-14T01:03:17","date_gmt":"2023-12-14T00:03:17","guid":{"rendered":"https:\/\/electricink.eu\/producto\/papel-estencil-freehand-spirit-caixa-100-un\/"},"modified":"2024-02-06T08:40:32","modified_gmt":"2024-02-06T07:40:32","slug":"papel-estencil-freehand-spirit-caixa-100-un","status":"publish","type":"product","link":"https:\/\/electricink.eu\/pt-pt\/producto\/papel-estencil-freehand-spirit-caixa-100-un\/","title":{"rendered":"Papel Estencil Freehand Spirit &#8211; caixa 100 un"},"content":{"rendered":"<p><strong>Spirit\u00ae Transfer Paper em caixas de 100 unidades, para Freehand.<\/strong><\/p>\n<ul>\n<li>Alto grau de controle ao desenhar modelos \u00e0 m\u00e3o<\/li>\n<li>Imagens uniformes, de alto contraste, de alta qualidade e duradouras<\/li>\n<li>N\u00e3o s\u00e3o necess\u00e1rias ferramentas ou impressoras para criar um modelo de alta qualidade<\/li>\n<li>As tintas de qualidade permanecem vis\u00edveis na pele<\/li>\n<li>Seguro para a pele, sem ingredientes nocivos<\/li>\n<li>Certificado vegano<\/li>\n<\/ul>\n<p>&nbsp;<\/p>\n","protected":false},"excerpt":{"rendered":"<p>Papel est\u00eancil freehand cl\u00e1ssico Spirit tamanho 8.5&#8243; x 11&#8243; (21.6X27.9cm) A4.<\/p>\n<p>Tinta violeta de alta visibilidade em uma matriz verdadeiramente \u00fanica.<\/p>\n<p>A mistura de cera de textura suave e extremamente sens\u00edvel \u00e0 press\u00e3o permite que os artistas introduzam detalhes minuciosos em seus est\u00eanceis.<\/p>\n<p>A folha de est\u00eancil resiste ao tra\u00e7o mais agressivo. Garante excelente transfer\u00eancia por impressora t\u00e9rmica de seus projetos.<\/p>\n<p>Tintas de alta visibilidade, materiais da mais alta qualidade, padr\u00e3o de excel\u00eancia.<\/p>\n<p>Papel transfer freehand original Spirit <strong>em\u00a0 caixa de 100 folhas, tamanho A4.<\/strong><\/p>\n<p><strong>N\u00c3O<\/strong> \u00e9 compat\u00edvel com impressoras t\u00e9rmicas ou de fax e s\u00f3 deve ser usado \u00e0 m\u00e3o.<\/p>\n","protected":false},"featured_media":32300,"comment_status":"closed","ping_status":"closed","template":"","meta":{"_acf_changed":false,"_et_pb_use_builder":"","_et_pb_old_content":"","_et_gb_content_width":"","inline_featured_image":false},"product_brand":[],"product_cat":[722,726],"product_tag":[],"class_list":{"0":"post-38701","1":"product","2":"type-product","3":"status-publish","4":"has-post-thumbnail","6":"product_cat-accesorios-pt","7":"product_cat-papel-estencil","9":"first","10":"outofstock","11":"taxable","12":"shipping-taxable","13":"purchasable","14":"product-type-simple"},"acf":[],"yoast_head":"<!-- This site is optimized with the Yoast SEO plugin v27.4 - https:\/\/yoast.com\/product\/yoast-seo-wordpress\/ -->\n<title>Papel Estencil Freehand Spirit - caixa 100 un - Electric Ink\u00ae<\/title>\n<meta name=\"robots\" content=\"index, follow, max-snippet:-1, max-image-preview:large, max-video-preview:-1\" \/>\n<link rel=\"canonical\" href=\"https:\/\/electricink.eu\/pt-pt\/producto\/papel-estencil-freehand-spirit-caixa-100-un\/\" \/>\n<meta property=\"og:locale\" content=\"pt_PT\" \/>\n<meta property=\"og:type\" content=\"article\" \/>\n<meta property=\"og:title\" content=\"Papel Estencil Freehand Spirit - caixa 100 un - Electric Ink\u00ae\" \/>\n<meta property=\"og:description\" content=\"Papel est\u00eancil freehand cl\u00e1ssico Spirit tamanho 8.5&quot; x 11&quot; (21.6X27.9cm) A4. Tinta violeta de alta visibilidade em uma matriz verdadeiramente \u00fanica. A mistura de cera de textura suave e extremamente sens\u00edvel \u00e0 press\u00e3o permite que os artistas introduzam detalhes minuciosos em seus est\u00eanceis. A folha de est\u00eancil resiste ao tra\u00e7o mais agressivo. Garante excelente transfer\u00eancia por impressora t\u00e9rmica de seus projetos. Tintas de alta visibilidade, materiais da mais alta qualidade, padr\u00e3o de excel\u00eancia. Papel transfer freehand original Spirit em\u00a0 caixa de 100 folhas, tamanho A4. N\u00c3O \u00e9 compat\u00edvel com impressoras t\u00e9rmicas ou de fax e s\u00f3 deve ser usado \u00e0 m\u00e3o.\" \/>\n<meta property=\"og:url\" content=\"https:\/\/electricink.eu\/pt-pt\/producto\/papel-estencil-freehand-spirit-caixa-100-un\/\" \/>\n<meta property=\"og:site_name\" content=\"Electric Ink\u00ae\" \/>\n<meta property=\"article:modified_time\" content=\"2024-02-06T07:40:32+00:00\" \/>\n<meta property=\"og:image\" content=\"https:\/\/electricink.eu\/wp-content\/uploads\/2023\/12\/DSC_5980-copia.png\" \/>\n\t<meta property=\"og:image:width\" content=\"800\" \/>\n\t<meta property=\"og:image:height\" content=\"800\" \/>\n\t<meta property=\"og:image:type\" content=\"image\/png\" \/>\n<meta name=\"twitter:card\" content=\"summary_large_image\" \/>\n<script type=\"application\/ld+json\" class=\"yoast-schema-graph\">{\"@context\":\"https:\\\/\\\/schema.org\",\"@graph\":[{\"@type\":\"WebPage\",\"@id\":\"https:\\\/\\\/electricink.eu\\\/pt-pt\\\/producto\\\/papel-estencil-freehand-spirit-caixa-100-un\\\/\",\"url\":\"https:\\\/\\\/electricink.eu\\\/pt-pt\\\/producto\\\/papel-estencil-freehand-spirit-caixa-100-un\\\/\",\"name\":\"Papel Estencil Freehand Spirit - caixa 100 un - Electric Ink\u00ae\",\"isPartOf\":{\"@id\":\"https:\\\/\\\/electricink.eu\\\/#website\"},\"primaryImageOfPage\":{\"@id\":\"https:\\\/\\\/electricink.eu\\\/pt-pt\\\/producto\\\/papel-estencil-freehand-spirit-caixa-100-un\\\/#primaryimage\"},\"image\":{\"@id\":\"https:\\\/\\\/electricink.eu\\\/pt-pt\\\/producto\\\/papel-estencil-freehand-spirit-caixa-100-un\\\/#primaryimage\"},\"thumbnailUrl\":\"https:\\\/\\\/electricink.eu\\\/wp-content\\\/uploads\\\/2023\\\/12\\\/DSC_5980-copia.png\",\"datePublished\":\"2023-12-14T00:03:17+00:00\",\"dateModified\":\"2024-02-06T07:40:32+00:00\",\"breadcrumb\":{\"@id\":\"https:\\\/\\\/electricink.eu\\\/pt-pt\\\/producto\\\/papel-estencil-freehand-spirit-caixa-100-un\\\/#breadcrumb\"},\"inLanguage\":\"pt-PT\",\"potentialAction\":[{\"@type\":\"ReadAction\",\"target\":[\"https:\\\/\\\/electricink.eu\\\/pt-pt\\\/producto\\\/papel-estencil-freehand-spirit-caixa-100-un\\\/\"]}]},{\"@type\":\"ImageObject\",\"inLanguage\":\"pt-PT\",\"@id\":\"https:\\\/\\\/electricink.eu\\\/pt-pt\\\/producto\\\/papel-estencil-freehand-spirit-caixa-100-un\\\/#primaryimage\",\"url\":\"https:\\\/\\\/electricink.eu\\\/wp-content\\\/uploads\\\/2023\\\/12\\\/DSC_5980-copia.png\",\"contentUrl\":\"https:\\\/\\\/electricink.eu\\\/wp-content\\\/uploads\\\/2023\\\/12\\\/DSC_5980-copia.png\",\"width\":800,\"height\":800},{\"@type\":\"BreadcrumbList\",\"@id\":\"https:\\\/\\\/electricink.eu\\\/pt-pt\\\/producto\\\/papel-estencil-freehand-spirit-caixa-100-un\\\/#breadcrumb\",\"itemListElement\":[{\"@type\":\"ListItem\",\"position\":1,\"name\":\"Portada\",\"item\":\"https:\\\/\\\/electricink.eu\\\/pt-pt\\\/home\\\/\"},{\"@type\":\"ListItem\",\"position\":2,\"name\":\"Tienda\",\"item\":\"https:\\\/\\\/electricink.eu\\\/tienda\\\/\"},{\"@type\":\"ListItem\",\"position\":3,\"name\":\"Papel Estencil Freehand Spirit &#8211; caixa 100 un\"}]},{\"@type\":\"WebSite\",\"@id\":\"https:\\\/\\\/electricink.eu\\\/#website\",\"url\":\"https:\\\/\\\/electricink.eu\\\/\",\"name\":\"Electric Ink\u00ae\",\"description\":\"Material para Tatuar Profesional en Europa - Electric Ink\u00ae\",\"potentialAction\":[{\"@type\":\"SearchAction\",\"target\":{\"@type\":\"EntryPoint\",\"urlTemplate\":\"https:\\\/\\\/electricink.eu\\\/?s={search_term_string}\"},\"query-input\":{\"@type\":\"PropertyValueSpecification\",\"valueRequired\":true,\"valueName\":\"search_term_string\"}}],\"inLanguage\":\"pt-PT\"}]}<\/script>\n<!-- \/ Yoast SEO plugin. -->","yoast_head_json":{"title":"Papel Estencil Freehand Spirit - caixa 100 un - Electric Ink\u00ae","robots":{"index":"index","follow":"follow","max-snippet":"max-snippet:-1","max-image-preview":"max-image-preview:large","max-video-preview":"max-video-preview:-1"},"canonical":"https:\/\/electricink.eu\/pt-pt\/producto\/papel-estencil-freehand-spirit-caixa-100-un\/","og_locale":"pt_PT","og_type":"article","og_title":"Papel Estencil Freehand Spirit - caixa 100 un - Electric Ink\u00ae","og_description":"Papel est\u00eancil freehand cl\u00e1ssico Spirit tamanho 8.5\" x 11\" (21.6X27.9cm) A4. Tinta violeta de alta visibilidade em uma matriz verdadeiramente \u00fanica. A mistura de cera de textura suave e extremamente sens\u00edvel \u00e0 press\u00e3o permite que os artistas introduzam detalhes minuciosos em seus est\u00eanceis. A folha de est\u00eancil resiste ao tra\u00e7o mais agressivo. Garante excelente transfer\u00eancia por impressora t\u00e9rmica de seus projetos. Tintas de alta visibilidade, materiais da mais alta qualidade, padr\u00e3o de excel\u00eancia. Papel transfer freehand original Spirit em\u00a0 caixa de 100 folhas, tamanho A4. N\u00c3O \u00e9 compat\u00edvel com impressoras t\u00e9rmicas ou de fax e s\u00f3 deve ser usado \u00e0 m\u00e3o.","og_url":"https:\/\/electricink.eu\/pt-pt\/producto\/papel-estencil-freehand-spirit-caixa-100-un\/","og_site_name":"Electric Ink\u00ae","article_modified_time":"2024-02-06T07:40:32+00:00","og_image":[{"width":800,"height":800,"url":"https:\/\/electricink.eu\/wp-content\/uploads\/2023\/12\/DSC_5980-copia.png","type":"image\/png"}],"twitter_card":"summary_large_image","schema":{"@context":"https:\/\/schema.org","@graph":[{"@type":"WebPage","@id":"https:\/\/electricink.eu\/pt-pt\/producto\/papel-estencil-freehand-spirit-caixa-100-un\/","url":"https:\/\/electricink.eu\/pt-pt\/producto\/papel-estencil-freehand-spirit-caixa-100-un\/","name":"Papel Estencil Freehand Spirit - caixa 100 un - Electric Ink\u00ae","isPartOf":{"@id":"https:\/\/electricink.eu\/#website"},"primaryImageOfPage":{"@id":"https:\/\/electricink.eu\/pt-pt\/producto\/papel-estencil-freehand-spirit-caixa-100-un\/#primaryimage"},"image":{"@id":"https:\/\/electricink.eu\/pt-pt\/producto\/papel-estencil-freehand-spirit-caixa-100-un\/#primaryimage"},"thumbnailUrl":"https:\/\/electricink.eu\/wp-content\/uploads\/2023\/12\/DSC_5980-copia.png","datePublished":"2023-12-14T00:03:17+00:00","dateModified":"2024-02-06T07:40:32+00:00","breadcrumb":{"@id":"https:\/\/electricink.eu\/pt-pt\/producto\/papel-estencil-freehand-spirit-caixa-100-un\/#breadcrumb"},"inLanguage":"pt-PT","potentialAction":[{"@type":"ReadAction","target":["https:\/\/electricink.eu\/pt-pt\/producto\/papel-estencil-freehand-spirit-caixa-100-un\/"]}]},{"@type":"ImageObject","inLanguage":"pt-PT","@id":"https:\/\/electricink.eu\/pt-pt\/producto\/papel-estencil-freehand-spirit-caixa-100-un\/#primaryimage","url":"https:\/\/electricink.eu\/wp-content\/uploads\/2023\/12\/DSC_5980-copia.png","contentUrl":"https:\/\/electricink.eu\/wp-content\/uploads\/2023\/12\/DSC_5980-copia.png","width":800,"height":800},{"@type":"BreadcrumbList","@id":"https:\/\/electricink.eu\/pt-pt\/producto\/papel-estencil-freehand-spirit-caixa-100-un\/#breadcrumb","itemListElement":[{"@type":"ListItem","position":1,"name":"Portada","item":"https:\/\/electricink.eu\/pt-pt\/home\/"},{"@type":"ListItem","position":2,"name":"Tienda","item":"https:\/\/electricink.eu\/tienda\/"},{"@type":"ListItem","position":3,"name":"Papel Estencil Freehand Spirit &#8211; caixa 100 un"}]},{"@type":"WebSite","@id":"https:\/\/electricink.eu\/#website","url":"https:\/\/electricink.eu\/","name":"Electric Ink\u00ae","description":"Material para Tatuar Profesional en Europa - Electric Ink\u00ae","potentialAction":[{"@type":"SearchAction","target":{"@type":"EntryPoint","urlTemplate":"https:\/\/electricink.eu\/?s={search_term_string}"},"query-input":{"@type":"PropertyValueSpecification","valueRequired":true,"valueName":"search_term_string"}}],"inLanguage":"pt-PT"}]}},"_links":{"self":[{"href":"https:\/\/electricink.eu\/pt-pt\/wp-json\/wp\/v2\/product\/38701","targetHints":{"allow":["GET"]}}],"collection":[{"href":"https:\/\/electricink.eu\/pt-pt\/wp-json\/wp\/v2\/product"}],"about":[{"href":"https:\/\/electricink.eu\/pt-pt\/wp-json\/wp\/v2\/types\/product"}],"replies":[{"embeddable":true,"href":"https:\/\/electricink.eu\/pt-pt\/wp-json\/wp\/v2\/comments?post=38701"}],"wp:featuredmedia":[{"embeddable":true,"href":"https:\/\/electricink.eu\/pt-pt\/wp-json\/wp\/v2\/media\/32300"}],"wp:attachment":[{"href":"https:\/\/electricink.eu\/pt-pt\/wp-json\/wp\/v2\/media?parent=38701"}],"wp:term":[{"taxonomy":"product_brand","embeddable":true,"href":"https:\/\/electricink.eu\/pt-pt\/wp-json\/wp\/v2\/product_brand?post=38701"},{"taxonomy":"product_cat","embeddable":true,"href":"https:\/\/electricink.eu\/pt-pt\/wp-json\/wp\/v2\/product_cat?post=38701"},{"taxonomy":"product_tag","embeddable":true,"href":"https:\/\/electricink.eu\/pt-pt\/wp-json\/wp\/v2\/product_tag?post=38701"}],"curies":[{"name":"wp","href":"https:\/\/api.w.org\/{rel}","templated":true}]}}