{"id":39441,"date":"2024-02-23T14:06:15","date_gmt":"2024-02-23T13:06:15","guid":{"rendered":"https:\/\/electricink.eu\/?post_type=product&#038;p=39441"},"modified":"2026-02-08T22:23:21","modified_gmt":"2026-02-08T21:23:21","slug":"premium-round-liner-rl-caja-de-5-agujas","status":"publish","type":"product","link":"https:\/\/electricink.eu\/pt-pt\/producto\/premium-round-liner-rl-caja-de-5-agujas\/","title":{"rendered":"Agulhas Premium Round Liner (RL)"},"content":{"rendered":"<p><strong>PREMIUM ELECTRIC INK ROUND LINER (RL) &#8211; caixa com 5 agulhas<\/strong><\/p>\n<p><strong>SUGEST\u00d5ES<\/strong><\/p>\n<p>Desenvolvidas com pontas mais alongadas e juntas, as <strong>Round Liner &#8211; RL da linha Premium<\/strong> s\u00e3o recomendadas para tra\u00e7os e pequenos detalhes nas t\u00e9cnicas de Fineline, Realismo Preto e Cinza\/Branco, Realismo Colorido e Neo Tradicional. *<\/p>\n<p><strong>INFORMA\u00c7\u00d5ES T\u00c9CNICAS<\/strong><br \/><strong>Di\u00e2metro do corpo da agulha: 0,35 mm<\/strong><br \/>Agulhas Round Liner &#8211; RL: Agulhas para tra\u00e7o e pequenos detalhes<br \/>Agulhas Round Shader &#8211; RS: Agulhas para preenchimentos s\u00f3lidos e pequenos sombreados; conhecidas tamb\u00e9m como &#8220;bucha&#8221;<br \/>Agulhas Magnum &#8211; MG e Round Magnum- RMG: Agulhas para pintura e sombreados<\/p>\n<p>* Nossas sugest\u00f5es n\u00e3o s\u00e3o uma regra. Cada artista usa de acordo com sua prefer\u00eancia e o funcionamento de suas m\u00e1quinas . O ideal \u00e9 testar cada uma delas e encontrar seus modelos preferidos.<\/p>\n<p><strong>*N\u00e3o utilize o produto se a embalagem estiver aberta ou danificada.<\/strong><\/p>\n<p style=\"margin: 0cm;\">\u00a0<\/p>\n","protected":false},"excerpt":{"rendered":"<p><strong>AGULHAS PREMIUM ELECTRIC INK ROUND LINER (RL) <\/strong><\/p>\n<p>As <strong>Agujas Premium Round Liner <\/strong>s\u00e3o feitas em a\u00e7o inoxid\u00e1vel, esterilizadas individualmente e submetidas a rigoroso controle de qualidade, para que voc\u00ea possa alcan\u00e7ar a excel\u00eancia em seu trabalho.\u00a0 Foram desenvolvidas com duas fileiras planas de agulhas intercaladas em linha reta e possuem <strong>pontas Extra Long Taper<\/strong>, mais finas e alongadas, por isso s\u00e3o indicadas para t\u00e9cnicas mais detalhadas, trabalhos pequenos e delicados.<\/p>\n","protected":false},"featured_media":39445,"comment_status":"closed","ping_status":"closed","template":"","meta":{"_acf_changed":false,"_et_pb_use_builder":"","_et_pb_old_content":"","_et_gb_content_width":"","inline_featured_image":false},"product_brand":[],"product_cat":[745,746],"product_tag":[],"class_list":{"0":"post-39441","1":"product","2":"type-product","3":"status-publish","4":"has-post-thumbnail","6":"product_cat-tattoo","7":"product_cat-agulhas-profissionais","9":"first","10":"instock","11":"taxable","12":"shipping-taxable","13":"purchasable","14":"product-type-variable"},"acf":[],"yoast_head":"<!-- This site is optimized with the Yoast SEO plugin v27.5 - https:\/\/yoast.com\/product\/yoast-seo-wordpress\/ -->\n<title>Agulhas Premium Round Liner (RL) - Electric Ink\u00ae<\/title>\n<meta name=\"description\" content=\"Alta tecnologia sob rigoroso controle de qualidade. Em a\u00e7o inoxid\u00e1vel, esterilizadas individualmente, com pontas Extra Long Taper, mais finas e alongadas.\" \/>\n<meta name=\"robots\" content=\"index, follow, max-snippet:-1, max-image-preview:large, max-video-preview:-1\" \/>\n<link rel=\"canonical\" href=\"https:\/\/electricink.eu\/pt-pt\/producto\/premium-round-liner-rl-caja-de-5-agujas\/\" \/>\n<meta property=\"og:locale\" content=\"pt_PT\" \/>\n<meta property=\"og:type\" content=\"article\" \/>\n<meta property=\"og:title\" content=\"Agulhas Premium Round Liner (RL) - Electric Ink\u00ae\" \/>\n<meta property=\"og:description\" content=\"Alta tecnologia sob rigoroso controle de qualidade. Em a\u00e7o inoxid\u00e1vel, esterilizadas individualmente, com pontas Extra Long Taper, mais finas e alongadas.\" \/>\n<meta property=\"og:url\" content=\"https:\/\/electricink.eu\/pt-pt\/producto\/premium-round-liner-rl-caja-de-5-agujas\/\" \/>\n<meta property=\"og:site_name\" content=\"Electric Ink\u00ae\" \/>\n<meta property=\"article:modified_time\" content=\"2026-02-08T21:23:21+00:00\" \/>\n<meta property=\"og:image\" content=\"https:\/\/electricink.eu\/wp-content\/uploads\/2024\/02\/Premium-2.jpg\" \/>\n\t<meta property=\"og:image:width\" content=\"500\" \/>\n\t<meta property=\"og:image:height\" content=\"500\" \/>\n\t<meta property=\"og:image:type\" content=\"image\/jpeg\" \/>\n<meta name=\"twitter:card\" content=\"summary_large_image\" \/>\n<meta name=\"twitter:label1\" content=\"Tempo estimado de leitura\" \/>\n\t<meta name=\"twitter:data1\" content=\"1 minuto\" \/>\n<script type=\"application\/ld+json\" class=\"yoast-schema-graph\">{\"@context\":\"https:\\\/\\\/schema.org\",\"@graph\":[{\"@type\":\"WebPage\",\"@id\":\"https:\\\/\\\/electricink.eu\\\/pt-pt\\\/producto\\\/premium-round-liner-rl-caja-de-5-agujas\\\/\",\"url\":\"https:\\\/\\\/electricink.eu\\\/pt-pt\\\/producto\\\/premium-round-liner-rl-caja-de-5-agujas\\\/\",\"name\":\"Agulhas Premium Round Liner (RL) - Electric Ink\u00ae\",\"isPartOf\":{\"@id\":\"https:\\\/\\\/electricink.eu\\\/#website\"},\"primaryImageOfPage\":{\"@id\":\"https:\\\/\\\/electricink.eu\\\/pt-pt\\\/producto\\\/premium-round-liner-rl-caja-de-5-agujas\\\/#primaryimage\"},\"image\":{\"@id\":\"https:\\\/\\\/electricink.eu\\\/pt-pt\\\/producto\\\/premium-round-liner-rl-caja-de-5-agujas\\\/#primaryimage\"},\"thumbnailUrl\":\"https:\\\/\\\/electricink.eu\\\/wp-content\\\/uploads\\\/2024\\\/02\\\/Premium-2.jpg\",\"datePublished\":\"2024-02-23T13:06:15+00:00\",\"dateModified\":\"2026-02-08T21:23:21+00:00\",\"description\":\"Alta tecnologia sob rigoroso controle de qualidade. Em a\u00e7o inoxid\u00e1vel, esterilizadas individualmente, com pontas Extra Long Taper, mais finas e alongadas.\",\"breadcrumb\":{\"@id\":\"https:\\\/\\\/electricink.eu\\\/pt-pt\\\/producto\\\/premium-round-liner-rl-caja-de-5-agujas\\\/#breadcrumb\"},\"inLanguage\":\"pt-PT\",\"potentialAction\":[{\"@type\":\"ReadAction\",\"target\":[\"https:\\\/\\\/electricink.eu\\\/pt-pt\\\/producto\\\/premium-round-liner-rl-caja-de-5-agujas\\\/\"]}]},{\"@type\":\"ImageObject\",\"inLanguage\":\"pt-PT\",\"@id\":\"https:\\\/\\\/electricink.eu\\\/pt-pt\\\/producto\\\/premium-round-liner-rl-caja-de-5-agujas\\\/#primaryimage\",\"url\":\"https:\\\/\\\/electricink.eu\\\/wp-content\\\/uploads\\\/2024\\\/02\\\/Premium-2.jpg\",\"contentUrl\":\"https:\\\/\\\/electricink.eu\\\/wp-content\\\/uploads\\\/2024\\\/02\\\/Premium-2.jpg\",\"width\":500,\"height\":500},{\"@type\":\"BreadcrumbList\",\"@id\":\"https:\\\/\\\/electricink.eu\\\/pt-pt\\\/producto\\\/premium-round-liner-rl-caja-de-5-agujas\\\/#breadcrumb\",\"itemListElement\":[{\"@type\":\"ListItem\",\"position\":1,\"name\":\"Portada\",\"item\":\"https:\\\/\\\/electricink.eu\\\/pt-pt\\\/home\\\/\"},{\"@type\":\"ListItem\",\"position\":2,\"name\":\"Tienda\",\"item\":\"https:\\\/\\\/electricink.eu\\\/tienda\\\/\"},{\"@type\":\"ListItem\",\"position\":3,\"name\":\"Agulhas Premium Round Liner (RL)\"}]},{\"@type\":\"WebSite\",\"@id\":\"https:\\\/\\\/electricink.eu\\\/#website\",\"url\":\"https:\\\/\\\/electricink.eu\\\/\",\"name\":\"Electric Ink\u00ae\",\"description\":\"Material para Tatuar Profesional en Europa - Electric Ink\u00ae\",\"potentialAction\":[{\"@type\":\"SearchAction\",\"target\":{\"@type\":\"EntryPoint\",\"urlTemplate\":\"https:\\\/\\\/electricink.eu\\\/?s={search_term_string}\"},\"query-input\":{\"@type\":\"PropertyValueSpecification\",\"valueRequired\":true,\"valueName\":\"search_term_string\"}}],\"inLanguage\":\"pt-PT\"}]}<\/script>\n<!-- \/ Yoast SEO plugin. -->","yoast_head_json":{"title":"Agulhas Premium Round Liner (RL) - Electric Ink\u00ae","description":"Alta tecnologia sob rigoroso controle de qualidade. Em a\u00e7o inoxid\u00e1vel, esterilizadas individualmente, com pontas Extra Long Taper, mais finas e alongadas.","robots":{"index":"index","follow":"follow","max-snippet":"max-snippet:-1","max-image-preview":"max-image-preview:large","max-video-preview":"max-video-preview:-1"},"canonical":"https:\/\/electricink.eu\/pt-pt\/producto\/premium-round-liner-rl-caja-de-5-agujas\/","og_locale":"pt_PT","og_type":"article","og_title":"Agulhas Premium Round Liner (RL) - Electric Ink\u00ae","og_description":"Alta tecnologia sob rigoroso controle de qualidade. Em a\u00e7o inoxid\u00e1vel, esterilizadas individualmente, com pontas Extra Long Taper, mais finas e alongadas.","og_url":"https:\/\/electricink.eu\/pt-pt\/producto\/premium-round-liner-rl-caja-de-5-agujas\/","og_site_name":"Electric Ink\u00ae","article_modified_time":"2026-02-08T21:23:21+00:00","og_image":[{"width":500,"height":500,"url":"https:\/\/electricink.eu\/wp-content\/uploads\/2024\/02\/Premium-2.jpg","type":"image\/jpeg"}],"twitter_card":"summary_large_image","twitter_misc":{"Tempo estimado de leitura":"1 minuto"},"schema":{"@context":"https:\/\/schema.org","@graph":[{"@type":"WebPage","@id":"https:\/\/electricink.eu\/pt-pt\/producto\/premium-round-liner-rl-caja-de-5-agujas\/","url":"https:\/\/electricink.eu\/pt-pt\/producto\/premium-round-liner-rl-caja-de-5-agujas\/","name":"Agulhas Premium Round Liner (RL) - Electric Ink\u00ae","isPartOf":{"@id":"https:\/\/electricink.eu\/#website"},"primaryImageOfPage":{"@id":"https:\/\/electricink.eu\/pt-pt\/producto\/premium-round-liner-rl-caja-de-5-agujas\/#primaryimage"},"image":{"@id":"https:\/\/electricink.eu\/pt-pt\/producto\/premium-round-liner-rl-caja-de-5-agujas\/#primaryimage"},"thumbnailUrl":"https:\/\/electricink.eu\/wp-content\/uploads\/2024\/02\/Premium-2.jpg","datePublished":"2024-02-23T13:06:15+00:00","dateModified":"2026-02-08T21:23:21+00:00","description":"Alta tecnologia sob rigoroso controle de qualidade. Em a\u00e7o inoxid\u00e1vel, esterilizadas individualmente, com pontas Extra Long Taper, mais finas e alongadas.","breadcrumb":{"@id":"https:\/\/electricink.eu\/pt-pt\/producto\/premium-round-liner-rl-caja-de-5-agujas\/#breadcrumb"},"inLanguage":"pt-PT","potentialAction":[{"@type":"ReadAction","target":["https:\/\/electricink.eu\/pt-pt\/producto\/premium-round-liner-rl-caja-de-5-agujas\/"]}]},{"@type":"ImageObject","inLanguage":"pt-PT","@id":"https:\/\/electricink.eu\/pt-pt\/producto\/premium-round-liner-rl-caja-de-5-agujas\/#primaryimage","url":"https:\/\/electricink.eu\/wp-content\/uploads\/2024\/02\/Premium-2.jpg","contentUrl":"https:\/\/electricink.eu\/wp-content\/uploads\/2024\/02\/Premium-2.jpg","width":500,"height":500},{"@type":"BreadcrumbList","@id":"https:\/\/electricink.eu\/pt-pt\/producto\/premium-round-liner-rl-caja-de-5-agujas\/#breadcrumb","itemListElement":[{"@type":"ListItem","position":1,"name":"Portada","item":"https:\/\/electricink.eu\/pt-pt\/home\/"},{"@type":"ListItem","position":2,"name":"Tienda","item":"https:\/\/electricink.eu\/tienda\/"},{"@type":"ListItem","position":3,"name":"Agulhas Premium Round Liner (RL)"}]},{"@type":"WebSite","@id":"https:\/\/electricink.eu\/#website","url":"https:\/\/electricink.eu\/","name":"Electric Ink\u00ae","description":"Material para Tatuar Profesional en Europa - Electric Ink\u00ae","potentialAction":[{"@type":"SearchAction","target":{"@type":"EntryPoint","urlTemplate":"https:\/\/electricink.eu\/?s={search_term_string}"},"query-input":{"@type":"PropertyValueSpecification","valueRequired":true,"valueName":"search_term_string"}}],"inLanguage":"pt-PT"}]}},"_links":{"self":[{"href":"https:\/\/electricink.eu\/pt-pt\/wp-json\/wp\/v2\/product\/39441","targetHints":{"allow":["GET"]}}],"collection":[{"href":"https:\/\/electricink.eu\/pt-pt\/wp-json\/wp\/v2\/product"}],"about":[{"href":"https:\/\/electricink.eu\/pt-pt\/wp-json\/wp\/v2\/types\/product"}],"replies":[{"embeddable":true,"href":"https:\/\/electricink.eu\/pt-pt\/wp-json\/wp\/v2\/comments?post=39441"}],"wp:featuredmedia":[{"embeddable":true,"href":"https:\/\/electricink.eu\/pt-pt\/wp-json\/wp\/v2\/media\/39445"}],"wp:attachment":[{"href":"https:\/\/electricink.eu\/pt-pt\/wp-json\/wp\/v2\/media?parent=39441"}],"wp:term":[{"taxonomy":"product_brand","embeddable":true,"href":"https:\/\/electricink.eu\/pt-pt\/wp-json\/wp\/v2\/product_brand?post=39441"},{"taxonomy":"product_cat","embeddable":true,"href":"https:\/\/electricink.eu\/pt-pt\/wp-json\/wp\/v2\/product_cat?post=39441"},{"taxonomy":"product_tag","embeddable":true,"href":"https:\/\/electricink.eu\/pt-pt\/wp-json\/wp\/v2\/product_tag?post=39441"}],"curies":[{"name":"wp","href":"https:\/\/api.w.org\/{rel}","templated":true}]}}