{"id":40537,"date":"2025-04-11T17:32:38","date_gmt":"2025-04-11T15:32:38","guid":{"rendered":"https:\/\/electricink.eu\/producto\/cartuchos-pro-magnum-mg-20-unidades\/"},"modified":"2025-04-15T17:49:25","modified_gmt":"2025-04-15T15:49:25","slug":"cartuchos-pro-magnum-mg-20-unidades","status":"publish","type":"product","link":"https:\/\/electricink.eu\/pt-pt\/producto\/cartuchos-pro-magnum-mg-20-unidades\/","title":{"rendered":"Magnum \u00d8 0.30"},"content":{"rendered":"<p><strong>Cartuchos Magnum &#8211; MG 0.30 &#8211; Linha Pro Electric Ink<\/strong><\/p>\n<p><strong>SUGEST\u00d5ES<\/strong><\/p>\n<p>Desenvolvidos com duas fileiras planas de agulhas intercaladas em linha reta, os <strong>Cartuchos<\/strong> <strong>Magnum &#8211; MG da linha Pro<\/strong> s\u00e3o indicados para sombras mais marcadas, definidas e preenchimentos s\u00f3lidos. *<\/p>\n<p>*Nossas sugest\u00f5es n\u00e3o s\u00e3o uma regra. Cada artista escolhe de acordo com sua prefer\u00eancia e o funcionamento de suas m\u00e1quinas. O ideal \u00e9 testar cada um deles e encontrar seus modelos preferidos.<\/p>\n<p>&nbsp;<\/p>\n","protected":false},"excerpt":{"rendered":"<p><strong>Cartuchos Electric Ink Pro<\/strong><\/p>\n<p>Desenvolvidos com um sistema de seguran\u00e7a, seu mecanismo de recuo da agulha \u00e9 caracterizado por uma coifa de silicone ao inv\u00e9s de molas. Com este sistema, tinta, sangue ou outros fluidos corporais n\u00e3o podem retornar ao seu equipamento, protegendo sua m\u00e1quina e seu cliente. Al\u00e9m disso, uma trava resistente impede que o cartucho se desprenda, a folga entre a agulha e a ponta do bico \u00e9 menor, h\u00e1 maior precis\u00e3o na aplica\u00e7\u00e3o e perfura\u00e7\u00e3o mais suave.<\/p>\n<p>Os <strong>Cartuchos Electric Ink Pro<\/strong> t\u00eam agulhas super long taper\u00a0#10\u00a0(0.30mm) com corpo mais fino, uma boa op\u00e7\u00e3o para o Fine Line, Realismo, Preto\/Cinza e Blackwork.<\/p>\n","protected":false},"featured_media":43823,"comment_status":"closed","ping_status":"closed","template":"","meta":{"_acf_changed":false,"_et_pb_use_builder":"","_et_pb_old_content":"","_et_gb_content_width":"","inline_featured_image":false},"product_brand":[],"product_cat":[745,748],"product_tag":[],"class_list":{"0":"post-40537","1":"product","2":"type-product","3":"status-publish","4":"has-post-thumbnail","6":"product_cat-tattoo","7":"product_cat-cartuchos-universais","9":"first","10":"instock","11":"taxable","12":"shipping-taxable","13":"purchasable","14":"product-type-variable"},"acf":[],"yoast_head":"<!-- This site is optimized with the Yoast SEO plugin v27.4 - https:\/\/yoast.com\/product\/yoast-seo-wordpress\/ -->\n<title>Magnum \u00d8 0.30 - Electric Ink\u00ae<\/title>\n<meta name=\"description\" content=\"Sistema de membrana de silicone, trava resistente, agulhas super long taper. Maior prote\u00e7\u00e3o e precis\u00e3o, perfura\u00e7\u00e3o mais suave.\" \/>\n<meta name=\"robots\" content=\"index, follow, max-snippet:-1, max-image-preview:large, max-video-preview:-1\" \/>\n<link rel=\"canonical\" href=\"https:\/\/electricink.eu\/pt-pt\/producto\/cartuchos-pro-magnum-mg-20-unidades\/\" \/>\n<meta property=\"og:locale\" content=\"pt_PT\" \/>\n<meta property=\"og:type\" content=\"article\" \/>\n<meta property=\"og:title\" content=\"Magnum \u00d8 0.30 - Electric Ink\u00ae\" \/>\n<meta property=\"og:description\" content=\"Sistema de membrana de silicone, trava resistente, agulhas super long taper. Maior prote\u00e7\u00e3o e precis\u00e3o, perfura\u00e7\u00e3o mais suave.\" \/>\n<meta property=\"og:url\" content=\"https:\/\/electricink.eu\/pt-pt\/producto\/cartuchos-pro-magnum-mg-20-unidades\/\" \/>\n<meta property=\"og:site_name\" content=\"Electric Ink\u00ae\" \/>\n<meta property=\"article:modified_time\" content=\"2025-04-15T15:49:25+00:00\" \/>\n<meta property=\"og:image\" content=\"https:\/\/electricink.eu\/wp-content\/uploads\/2024\/02\/Caixa-MG_20un.jpg\" \/>\n\t<meta property=\"og:image:width\" content=\"1200\" \/>\n\t<meta property=\"og:image:height\" content=\"1200\" \/>\n\t<meta property=\"og:image:type\" content=\"image\/jpeg\" \/>\n<meta name=\"twitter:card\" content=\"summary_large_image\" \/>\n<script type=\"application\/ld+json\" class=\"yoast-schema-graph\">{\"@context\":\"https:\\\/\\\/schema.org\",\"@graph\":[{\"@type\":\"WebPage\",\"@id\":\"https:\\\/\\\/electricink.eu\\\/pt-pt\\\/producto\\\/cartuchos-pro-magnum-mg-20-unidades\\\/\",\"url\":\"https:\\\/\\\/electricink.eu\\\/pt-pt\\\/producto\\\/cartuchos-pro-magnum-mg-20-unidades\\\/\",\"name\":\"Magnum \u00d8 0.30 - Electric Ink\u00ae\",\"isPartOf\":{\"@id\":\"https:\\\/\\\/electricink.eu\\\/#website\"},\"primaryImageOfPage\":{\"@id\":\"https:\\\/\\\/electricink.eu\\\/pt-pt\\\/producto\\\/cartuchos-pro-magnum-mg-20-unidades\\\/#primaryimage\"},\"image\":{\"@id\":\"https:\\\/\\\/electricink.eu\\\/pt-pt\\\/producto\\\/cartuchos-pro-magnum-mg-20-unidades\\\/#primaryimage\"},\"thumbnailUrl\":\"https:\\\/\\\/electricink.eu\\\/wp-content\\\/uploads\\\/2024\\\/04\\\/Cartucho-tattoo-Electric-Ink-Magnun_030.jpg\",\"datePublished\":\"2025-04-11T15:32:38+00:00\",\"dateModified\":\"2025-04-15T15:49:25+00:00\",\"description\":\"Sistema de membrana de silicone, trava resistente, agulhas super long taper. Maior prote\u00e7\u00e3o e precis\u00e3o, perfura\u00e7\u00e3o mais suave.\",\"breadcrumb\":{\"@id\":\"https:\\\/\\\/electricink.eu\\\/pt-pt\\\/producto\\\/cartuchos-pro-magnum-mg-20-unidades\\\/#breadcrumb\"},\"inLanguage\":\"pt-PT\",\"potentialAction\":[{\"@type\":\"ReadAction\",\"target\":[\"https:\\\/\\\/electricink.eu\\\/pt-pt\\\/producto\\\/cartuchos-pro-magnum-mg-20-unidades\\\/\"]}]},{\"@type\":\"ImageObject\",\"inLanguage\":\"pt-PT\",\"@id\":\"https:\\\/\\\/electricink.eu\\\/pt-pt\\\/producto\\\/cartuchos-pro-magnum-mg-20-unidades\\\/#primaryimage\",\"url\":\"https:\\\/\\\/electricink.eu\\\/wp-content\\\/uploads\\\/2024\\\/04\\\/Cartucho-tattoo-Electric-Ink-Magnun_030.jpg\",\"contentUrl\":\"https:\\\/\\\/electricink.eu\\\/wp-content\\\/uploads\\\/2024\\\/04\\\/Cartucho-tattoo-Electric-Ink-Magnun_030.jpg\",\"width\":1080,\"height\":1080},{\"@type\":\"BreadcrumbList\",\"@id\":\"https:\\\/\\\/electricink.eu\\\/pt-pt\\\/producto\\\/cartuchos-pro-magnum-mg-20-unidades\\\/#breadcrumb\",\"itemListElement\":[{\"@type\":\"ListItem\",\"position\":1,\"name\":\"Portada\",\"item\":\"https:\\\/\\\/electricink.eu\\\/pt-pt\\\/home\\\/\"},{\"@type\":\"ListItem\",\"position\":2,\"name\":\"Tienda\",\"item\":\"https:\\\/\\\/electricink.eu\\\/tienda\\\/\"},{\"@type\":\"ListItem\",\"position\":3,\"name\":\"Magnum \u00d8 0.30\"}]},{\"@type\":\"WebSite\",\"@id\":\"https:\\\/\\\/electricink.eu\\\/#website\",\"url\":\"https:\\\/\\\/electricink.eu\\\/\",\"name\":\"Electric Ink\u00ae\",\"description\":\"Material para Tatuar Profesional en Europa - Electric Ink\u00ae\",\"potentialAction\":[{\"@type\":\"SearchAction\",\"target\":{\"@type\":\"EntryPoint\",\"urlTemplate\":\"https:\\\/\\\/electricink.eu\\\/?s={search_term_string}\"},\"query-input\":{\"@type\":\"PropertyValueSpecification\",\"valueRequired\":true,\"valueName\":\"search_term_string\"}}],\"inLanguage\":\"pt-PT\"}]}<\/script>\n<!-- \/ Yoast SEO plugin. -->","yoast_head_json":{"title":"Magnum \u00d8 0.30 - Electric Ink\u00ae","description":"Sistema de membrana de silicone, trava resistente, agulhas super long taper. Maior prote\u00e7\u00e3o e precis\u00e3o, perfura\u00e7\u00e3o mais suave.","robots":{"index":"index","follow":"follow","max-snippet":"max-snippet:-1","max-image-preview":"max-image-preview:large","max-video-preview":"max-video-preview:-1"},"canonical":"https:\/\/electricink.eu\/pt-pt\/producto\/cartuchos-pro-magnum-mg-20-unidades\/","og_locale":"pt_PT","og_type":"article","og_title":"Magnum \u00d8 0.30 - Electric Ink\u00ae","og_description":"Sistema de membrana de silicone, trava resistente, agulhas super long taper. Maior prote\u00e7\u00e3o e precis\u00e3o, perfura\u00e7\u00e3o mais suave.","og_url":"https:\/\/electricink.eu\/pt-pt\/producto\/cartuchos-pro-magnum-mg-20-unidades\/","og_site_name":"Electric Ink\u00ae","article_modified_time":"2025-04-15T15:49:25+00:00","og_image":[{"width":1200,"height":1200,"url":"https:\/\/electricink.eu\/wp-content\/uploads\/2024\/02\/Caixa-MG_20un.jpg","type":"image\/jpeg"}],"twitter_card":"summary_large_image","schema":{"@context":"https:\/\/schema.org","@graph":[{"@type":"WebPage","@id":"https:\/\/electricink.eu\/pt-pt\/producto\/cartuchos-pro-magnum-mg-20-unidades\/","url":"https:\/\/electricink.eu\/pt-pt\/producto\/cartuchos-pro-magnum-mg-20-unidades\/","name":"Magnum \u00d8 0.30 - Electric Ink\u00ae","isPartOf":{"@id":"https:\/\/electricink.eu\/#website"},"primaryImageOfPage":{"@id":"https:\/\/electricink.eu\/pt-pt\/producto\/cartuchos-pro-magnum-mg-20-unidades\/#primaryimage"},"image":{"@id":"https:\/\/electricink.eu\/pt-pt\/producto\/cartuchos-pro-magnum-mg-20-unidades\/#primaryimage"},"thumbnailUrl":"https:\/\/electricink.eu\/wp-content\/uploads\/2024\/04\/Cartucho-tattoo-Electric-Ink-Magnun_030.jpg","datePublished":"2025-04-11T15:32:38+00:00","dateModified":"2025-04-15T15:49:25+00:00","description":"Sistema de membrana de silicone, trava resistente, agulhas super long taper. Maior prote\u00e7\u00e3o e precis\u00e3o, perfura\u00e7\u00e3o mais suave.","breadcrumb":{"@id":"https:\/\/electricink.eu\/pt-pt\/producto\/cartuchos-pro-magnum-mg-20-unidades\/#breadcrumb"},"inLanguage":"pt-PT","potentialAction":[{"@type":"ReadAction","target":["https:\/\/electricink.eu\/pt-pt\/producto\/cartuchos-pro-magnum-mg-20-unidades\/"]}]},{"@type":"ImageObject","inLanguage":"pt-PT","@id":"https:\/\/electricink.eu\/pt-pt\/producto\/cartuchos-pro-magnum-mg-20-unidades\/#primaryimage","url":"https:\/\/electricink.eu\/wp-content\/uploads\/2024\/04\/Cartucho-tattoo-Electric-Ink-Magnun_030.jpg","contentUrl":"https:\/\/electricink.eu\/wp-content\/uploads\/2024\/04\/Cartucho-tattoo-Electric-Ink-Magnun_030.jpg","width":1080,"height":1080},{"@type":"BreadcrumbList","@id":"https:\/\/electricink.eu\/pt-pt\/producto\/cartuchos-pro-magnum-mg-20-unidades\/#breadcrumb","itemListElement":[{"@type":"ListItem","position":1,"name":"Portada","item":"https:\/\/electricink.eu\/pt-pt\/home\/"},{"@type":"ListItem","position":2,"name":"Tienda","item":"https:\/\/electricink.eu\/tienda\/"},{"@type":"ListItem","position":3,"name":"Magnum \u00d8 0.30"}]},{"@type":"WebSite","@id":"https:\/\/electricink.eu\/#website","url":"https:\/\/electricink.eu\/","name":"Electric Ink\u00ae","description":"Material para Tatuar Profesional en Europa - Electric Ink\u00ae","potentialAction":[{"@type":"SearchAction","target":{"@type":"EntryPoint","urlTemplate":"https:\/\/electricink.eu\/?s={search_term_string}"},"query-input":{"@type":"PropertyValueSpecification","valueRequired":true,"valueName":"search_term_string"}}],"inLanguage":"pt-PT"}]}},"_links":{"self":[{"href":"https:\/\/electricink.eu\/pt-pt\/wp-json\/wp\/v2\/product\/40537","targetHints":{"allow":["GET"]}}],"collection":[{"href":"https:\/\/electricink.eu\/pt-pt\/wp-json\/wp\/v2\/product"}],"about":[{"href":"https:\/\/electricink.eu\/pt-pt\/wp-json\/wp\/v2\/types\/product"}],"replies":[{"embeddable":true,"href":"https:\/\/electricink.eu\/pt-pt\/wp-json\/wp\/v2\/comments?post=40537"}],"wp:featuredmedia":[{"embeddable":true,"href":"https:\/\/electricink.eu\/pt-pt\/wp-json\/wp\/v2\/media\/43823"}],"wp:attachment":[{"href":"https:\/\/electricink.eu\/pt-pt\/wp-json\/wp\/v2\/media?parent=40537"}],"wp:term":[{"taxonomy":"product_brand","embeddable":true,"href":"https:\/\/electricink.eu\/pt-pt\/wp-json\/wp\/v2\/product_brand?post=40537"},{"taxonomy":"product_cat","embeddable":true,"href":"https:\/\/electricink.eu\/pt-pt\/wp-json\/wp\/v2\/product_cat?post=40537"},{"taxonomy":"product_tag","embeddable":true,"href":"https:\/\/electricink.eu\/pt-pt\/wp-json\/wp\/v2\/product_tag?post=40537"}],"curies":[{"name":"wp","href":"https:\/\/api.w.org\/{rel}","templated":true}]}}