{"id":40704,"date":"2024-04-10T13:54:11","date_gmt":"2024-04-10T12:54:11","guid":{"rendered":"https:\/\/electricink.eu\/producto\/nuance-lip-balm-coconut-cream\/"},"modified":"2026-01-21T16:44:40","modified_gmt":"2026-01-21T15:44:40","slug":"nuance-lip-balm-coconut-cream","status":"publish","type":"product","link":"https:\/\/electricink.eu\/pt-pt\/producto\/nuance-lip-balm-coconut-cream\/","title":{"rendered":"Nuance Lip Balm Coconut Cream"},"content":{"rendered":"<p><strong>B\u00e1lsamo labial para cuidados p\u00f3s-procedimento de micropigmenta\u00e7\u00e3o.<\/strong><\/p>\n<p><strong>Marca: Nuance<\/strong><\/p>\n<p><strong>Volume: 4g<\/strong><\/p>\n<p>&nbsp;<\/p>\n","protected":false},"excerpt":{"rendered":"<p><strong>Lip Balm Coconut Cream<\/strong> \u00e9 um b\u00e1lsamo enriquecido com \u00f3leos, manteigas e extratos vegetais, ideal para quem deseja um tratamento especial ap\u00f3s o procedimento de micropigmenta\u00e7\u00e3o dos l\u00e1bios. Gra\u00e7as \u00e0 sua a\u00e7\u00e3o nutritiva, <strong>Lip Balm Coconut Cream<\/strong> aporta suavidade e hidrata\u00e7\u00e3o duradoura \u00e0 pele.<\/p>\n<p><strong>Recomenda\u00e7\u00f5es:<\/strong> Deve ser aplicado regularmente ap\u00f3s a micropigmenta\u00e7\u00e3o labial para favorecer a recupera\u00e7\u00e3o da pele e manter os l\u00e1bios macios e saud\u00e1veis.<\/p>\n","protected":false},"featured_media":40452,"comment_status":"closed","ping_status":"closed","template":"","meta":{"_acf_changed":false,"_et_pb_use_builder":"","_et_pb_old_content":"","_et_gb_content_width":"","inline_featured_image":false},"product_brand":[],"product_cat":[728,729],"product_tag":[],"class_list":{"0":"post-40704","1":"product","2":"type-product","3":"status-publish","4":"has-post-thumbnail","6":"product_cat-cosmeticos-pt-pt","7":"product_cat-cosmetico-micropigmentacao","9":"first","10":"instock","11":"taxable","12":"shipping-taxable","13":"purchasable","14":"product-type-simple"},"acf":[],"yoast_head":"<!-- This site is optimized with the Yoast SEO plugin v27.5 - https:\/\/yoast.com\/product\/yoast-seo-wordpress\/ -->\n<title>Nuance Lip Balm Coconut Cream - Electric Ink\u00ae<\/title>\n<meta name=\"description\" content=\"B\u00e1lsamo de cuidado p\u00f3s-micropigmenta\u00e7\u00e3o para l\u00e1bios. Com ingredientes naturais, promove a recupera\u00e7\u00e3o da pele, proporcionando maciez e hidrata\u00e7\u00e3o.\" \/>\n<meta name=\"robots\" content=\"index, follow, max-snippet:-1, max-image-preview:large, max-video-preview:-1\" \/>\n<link rel=\"canonical\" href=\"https:\/\/electricink.eu\/pt-pt\/producto\/nuance-lip-balm-coconut-cream\/\" \/>\n<meta property=\"og:locale\" content=\"pt_PT\" \/>\n<meta property=\"og:type\" content=\"article\" \/>\n<meta property=\"og:title\" content=\"Nuance Lip Balm Coconut Cream - Electric Ink\u00ae\" \/>\n<meta property=\"og:description\" content=\"B\u00e1lsamo de cuidado p\u00f3s-micropigmenta\u00e7\u00e3o para l\u00e1bios. Com ingredientes naturais, promove a recupera\u00e7\u00e3o da pele, proporcionando maciez e hidrata\u00e7\u00e3o.\" \/>\n<meta property=\"og:url\" content=\"https:\/\/electricink.eu\/pt-pt\/producto\/nuance-lip-balm-coconut-cream\/\" \/>\n<meta property=\"og:site_name\" content=\"Electric Ink\u00ae\" \/>\n<meta property=\"article:modified_time\" content=\"2026-01-21T15:44:40+00:00\" \/>\n<meta property=\"og:image\" content=\"https:\/\/electricink.eu\/wp-content\/uploads\/2024\/04\/Lipbalm-Coconut-Cream_02.jpg\" \/>\n\t<meta property=\"og:image:width\" content=\"1200\" \/>\n\t<meta property=\"og:image:height\" content=\"1200\" \/>\n\t<meta property=\"og:image:type\" content=\"image\/jpeg\" \/>\n<meta name=\"twitter:card\" content=\"summary_large_image\" \/>\n<script type=\"application\/ld+json\" class=\"yoast-schema-graph\">{\"@context\":\"https:\\\/\\\/schema.org\",\"@graph\":[{\"@type\":\"WebPage\",\"@id\":\"https:\\\/\\\/electricink.eu\\\/pt-pt\\\/producto\\\/nuance-lip-balm-coconut-cream\\\/\",\"url\":\"https:\\\/\\\/electricink.eu\\\/pt-pt\\\/producto\\\/nuance-lip-balm-coconut-cream\\\/\",\"name\":\"Nuance Lip Balm Coconut Cream - Electric Ink\u00ae\",\"isPartOf\":{\"@id\":\"https:\\\/\\\/electricink.eu\\\/#website\"},\"primaryImageOfPage\":{\"@id\":\"https:\\\/\\\/electricink.eu\\\/pt-pt\\\/producto\\\/nuance-lip-balm-coconut-cream\\\/#primaryimage\"},\"image\":{\"@id\":\"https:\\\/\\\/electricink.eu\\\/pt-pt\\\/producto\\\/nuance-lip-balm-coconut-cream\\\/#primaryimage\"},\"thumbnailUrl\":\"https:\\\/\\\/electricink.eu\\\/wp-content\\\/uploads\\\/2024\\\/04\\\/Lipbalm-Coconut-Cream_02.jpg\",\"datePublished\":\"2024-04-10T12:54:11+00:00\",\"dateModified\":\"2026-01-21T15:44:40+00:00\",\"description\":\"B\u00e1lsamo de cuidado p\u00f3s-micropigmenta\u00e7\u00e3o para l\u00e1bios. Com ingredientes naturais, promove a recupera\u00e7\u00e3o da pele, proporcionando maciez e hidrata\u00e7\u00e3o.\",\"breadcrumb\":{\"@id\":\"https:\\\/\\\/electricink.eu\\\/pt-pt\\\/producto\\\/nuance-lip-balm-coconut-cream\\\/#breadcrumb\"},\"inLanguage\":\"pt-PT\",\"potentialAction\":[{\"@type\":\"ReadAction\",\"target\":[\"https:\\\/\\\/electricink.eu\\\/pt-pt\\\/producto\\\/nuance-lip-balm-coconut-cream\\\/\"]}]},{\"@type\":\"ImageObject\",\"inLanguage\":\"pt-PT\",\"@id\":\"https:\\\/\\\/electricink.eu\\\/pt-pt\\\/producto\\\/nuance-lip-balm-coconut-cream\\\/#primaryimage\",\"url\":\"https:\\\/\\\/electricink.eu\\\/wp-content\\\/uploads\\\/2024\\\/04\\\/Lipbalm-Coconut-Cream_02.jpg\",\"contentUrl\":\"https:\\\/\\\/electricink.eu\\\/wp-content\\\/uploads\\\/2024\\\/04\\\/Lipbalm-Coconut-Cream_02.jpg\",\"width\":1200,\"height\":1200},{\"@type\":\"BreadcrumbList\",\"@id\":\"https:\\\/\\\/electricink.eu\\\/pt-pt\\\/producto\\\/nuance-lip-balm-coconut-cream\\\/#breadcrumb\",\"itemListElement\":[{\"@type\":\"ListItem\",\"position\":1,\"name\":\"Portada\",\"item\":\"https:\\\/\\\/electricink.eu\\\/pt-pt\\\/home\\\/\"},{\"@type\":\"ListItem\",\"position\":2,\"name\":\"Tienda\",\"item\":\"https:\\\/\\\/electricink.eu\\\/tienda\\\/\"},{\"@type\":\"ListItem\",\"position\":3,\"name\":\"Nuance Lip Balm Coconut Cream\"}]},{\"@type\":\"WebSite\",\"@id\":\"https:\\\/\\\/electricink.eu\\\/#website\",\"url\":\"https:\\\/\\\/electricink.eu\\\/\",\"name\":\"Electric Ink\u00ae\",\"description\":\"Material para Tatuar Profesional en Europa - Electric Ink\u00ae\",\"potentialAction\":[{\"@type\":\"SearchAction\",\"target\":{\"@type\":\"EntryPoint\",\"urlTemplate\":\"https:\\\/\\\/electricink.eu\\\/?s={search_term_string}\"},\"query-input\":{\"@type\":\"PropertyValueSpecification\",\"valueRequired\":true,\"valueName\":\"search_term_string\"}}],\"inLanguage\":\"pt-PT\"}]}<\/script>\n<!-- \/ Yoast SEO plugin. -->","yoast_head_json":{"title":"Nuance Lip Balm Coconut Cream - Electric Ink\u00ae","description":"B\u00e1lsamo de cuidado p\u00f3s-micropigmenta\u00e7\u00e3o para l\u00e1bios. Com ingredientes naturais, promove a recupera\u00e7\u00e3o da pele, proporcionando maciez e hidrata\u00e7\u00e3o.","robots":{"index":"index","follow":"follow","max-snippet":"max-snippet:-1","max-image-preview":"max-image-preview:large","max-video-preview":"max-video-preview:-1"},"canonical":"https:\/\/electricink.eu\/pt-pt\/producto\/nuance-lip-balm-coconut-cream\/","og_locale":"pt_PT","og_type":"article","og_title":"Nuance Lip Balm Coconut Cream - Electric Ink\u00ae","og_description":"B\u00e1lsamo de cuidado p\u00f3s-micropigmenta\u00e7\u00e3o para l\u00e1bios. Com ingredientes naturais, promove a recupera\u00e7\u00e3o da pele, proporcionando maciez e hidrata\u00e7\u00e3o.","og_url":"https:\/\/electricink.eu\/pt-pt\/producto\/nuance-lip-balm-coconut-cream\/","og_site_name":"Electric Ink\u00ae","article_modified_time":"2026-01-21T15:44:40+00:00","og_image":[{"width":1200,"height":1200,"url":"https:\/\/electricink.eu\/wp-content\/uploads\/2024\/04\/Lipbalm-Coconut-Cream_02.jpg","type":"image\/jpeg"}],"twitter_card":"summary_large_image","schema":{"@context":"https:\/\/schema.org","@graph":[{"@type":"WebPage","@id":"https:\/\/electricink.eu\/pt-pt\/producto\/nuance-lip-balm-coconut-cream\/","url":"https:\/\/electricink.eu\/pt-pt\/producto\/nuance-lip-balm-coconut-cream\/","name":"Nuance Lip Balm Coconut Cream - Electric Ink\u00ae","isPartOf":{"@id":"https:\/\/electricink.eu\/#website"},"primaryImageOfPage":{"@id":"https:\/\/electricink.eu\/pt-pt\/producto\/nuance-lip-balm-coconut-cream\/#primaryimage"},"image":{"@id":"https:\/\/electricink.eu\/pt-pt\/producto\/nuance-lip-balm-coconut-cream\/#primaryimage"},"thumbnailUrl":"https:\/\/electricink.eu\/wp-content\/uploads\/2024\/04\/Lipbalm-Coconut-Cream_02.jpg","datePublished":"2024-04-10T12:54:11+00:00","dateModified":"2026-01-21T15:44:40+00:00","description":"B\u00e1lsamo de cuidado p\u00f3s-micropigmenta\u00e7\u00e3o para l\u00e1bios. Com ingredientes naturais, promove a recupera\u00e7\u00e3o da pele, proporcionando maciez e hidrata\u00e7\u00e3o.","breadcrumb":{"@id":"https:\/\/electricink.eu\/pt-pt\/producto\/nuance-lip-balm-coconut-cream\/#breadcrumb"},"inLanguage":"pt-PT","potentialAction":[{"@type":"ReadAction","target":["https:\/\/electricink.eu\/pt-pt\/producto\/nuance-lip-balm-coconut-cream\/"]}]},{"@type":"ImageObject","inLanguage":"pt-PT","@id":"https:\/\/electricink.eu\/pt-pt\/producto\/nuance-lip-balm-coconut-cream\/#primaryimage","url":"https:\/\/electricink.eu\/wp-content\/uploads\/2024\/04\/Lipbalm-Coconut-Cream_02.jpg","contentUrl":"https:\/\/electricink.eu\/wp-content\/uploads\/2024\/04\/Lipbalm-Coconut-Cream_02.jpg","width":1200,"height":1200},{"@type":"BreadcrumbList","@id":"https:\/\/electricink.eu\/pt-pt\/producto\/nuance-lip-balm-coconut-cream\/#breadcrumb","itemListElement":[{"@type":"ListItem","position":1,"name":"Portada","item":"https:\/\/electricink.eu\/pt-pt\/home\/"},{"@type":"ListItem","position":2,"name":"Tienda","item":"https:\/\/electricink.eu\/tienda\/"},{"@type":"ListItem","position":3,"name":"Nuance Lip Balm Coconut Cream"}]},{"@type":"WebSite","@id":"https:\/\/electricink.eu\/#website","url":"https:\/\/electricink.eu\/","name":"Electric Ink\u00ae","description":"Material para Tatuar Profesional en Europa - Electric Ink\u00ae","potentialAction":[{"@type":"SearchAction","target":{"@type":"EntryPoint","urlTemplate":"https:\/\/electricink.eu\/?s={search_term_string}"},"query-input":{"@type":"PropertyValueSpecification","valueRequired":true,"valueName":"search_term_string"}}],"inLanguage":"pt-PT"}]}},"_links":{"self":[{"href":"https:\/\/electricink.eu\/pt-pt\/wp-json\/wp\/v2\/product\/40704","targetHints":{"allow":["GET"]}}],"collection":[{"href":"https:\/\/electricink.eu\/pt-pt\/wp-json\/wp\/v2\/product"}],"about":[{"href":"https:\/\/electricink.eu\/pt-pt\/wp-json\/wp\/v2\/types\/product"}],"replies":[{"embeddable":true,"href":"https:\/\/electricink.eu\/pt-pt\/wp-json\/wp\/v2\/comments?post=40704"}],"wp:featuredmedia":[{"embeddable":true,"href":"https:\/\/electricink.eu\/pt-pt\/wp-json\/wp\/v2\/media\/40452"}],"wp:attachment":[{"href":"https:\/\/electricink.eu\/pt-pt\/wp-json\/wp\/v2\/media?parent=40704"}],"wp:term":[{"taxonomy":"product_brand","embeddable":true,"href":"https:\/\/electricink.eu\/pt-pt\/wp-json\/wp\/v2\/product_brand?post=40704"},{"taxonomy":"product_cat","embeddable":true,"href":"https:\/\/electricink.eu\/pt-pt\/wp-json\/wp\/v2\/product_cat?post=40704"},{"taxonomy":"product_tag","embeddable":true,"href":"https:\/\/electricink.eu\/pt-pt\/wp-json\/wp\/v2\/product_tag?post=40704"}],"curies":[{"name":"wp","href":"https:\/\/api.w.org\/{rel}","templated":true}]}}