{"id":41404,"date":"2024-04-25T15:11:49","date_gmt":"2024-04-25T13:11:49","guid":{"rendered":"https:\/\/electricink.eu\/producto\/grip-ultra-pen-balance-flex-45mm\/"},"modified":"2024-05-23T14:45:28","modified_gmt":"2024-05-23T12:45:28","slug":"grip-ultra-pen-balance-flex-45mm","status":"publish","type":"product","link":"https:\/\/electricink.eu\/pt-pt\/producto\/grip-ultra-pen-balance-flex-45mm\/","title":{"rendered":"Grip Ultra Pen Balance Flex 45mm"},"content":{"rendered":"<p><strong>Grip Balance Flex 45mm<\/strong><\/p>\n","protected":false},"excerpt":{"rendered":"<p><strong>Intercambi\u00e1vel e na medida para voc\u00ea!<\/strong><\/p>\n<p>O <strong>Grip regul\u00e1vel Balance Flex<\/strong> foi desenvolvido por nosso time de engenheiros para ser utilizado com cartuchos na m\u00e1quina rotativa Electra Pen e pode ser intercambi\u00e1vel com a m\u00e1quina rotativa Ultra Pen.<\/p>\n<p>Sua alta tecnologia facilita a regulagem da exposi\u00e7\u00e3o da agulha e oferece o sistema de alinhamento de cartuchos, dando total liberdade na escolha da posi\u00e7\u00e3o da m\u00e1quina durante o procedimento da tatuagem. Seu design anat\u00f4mico traz mais conforto e seguran\u00e7a e as v\u00e1rias op\u00e7\u00f5es de tamanhos permitem que o artista escolha o que mais lhe conv\u00e9m.<\/p>\n<p>Compatibilidade: Compat\u00edvel com m\u00e1quina rotativa Electric Ink Electra Pen, m\u00e1quina rotativa Electric Ink Ultra Pen e Ultra Pen 2.<\/p>\n<p>Pode ser utilizado com os Cartuchos Universais e Cartuchos Electric Ink.<\/p>\n","protected":false},"featured_media":41151,"comment_status":"closed","ping_status":"closed","template":"","meta":{"_acf_changed":false,"_et_pb_use_builder":"","_et_pb_old_content":"","_et_gb_content_width":"","inline_featured_image":false},"product_brand":[],"product_cat":[745,750,757],"product_tag":[],"class_list":{"0":"post-41404","1":"product","2":"type-product","3":"status-publish","4":"has-post-thumbnail","6":"product_cat-tattoo","7":"product_cat-grips-pt","8":"product_cat-maquinas-pen-pt-pt","10":"first","11":"instock","12":"taxable","13":"shipping-taxable","14":"purchasable","15":"product-type-simple"},"acf":[],"yoast_head":"<!-- This site is optimized with the Yoast SEO plugin v27.4 - https:\/\/yoast.com\/product\/yoast-seo-wordpress\/ -->\n<title>Grip Ultra Pen Balance Flex 45mm - Electric Ink\u00ae<\/title>\n<meta name=\"description\" content=\"Intercambi\u00e1vel \u200b\u200be na medida para voc\u00ea. Alta tecnologia que facilita o ajuste da exposi\u00e7\u00e3o da agulha e oferece sistema de alinhamento do cartucho.\" \/>\n<meta name=\"robots\" content=\"index, follow, max-snippet:-1, max-image-preview:large, max-video-preview:-1\" \/>\n<link rel=\"canonical\" href=\"https:\/\/electricink.eu\/pt-pt\/producto\/grip-ultra-pen-balance-flex-45mm\/\" \/>\n<meta property=\"og:locale\" content=\"pt_PT\" \/>\n<meta property=\"og:type\" content=\"article\" \/>\n<meta property=\"og:title\" content=\"Grip Ultra Pen Balance Flex 45mm - Electric Ink\u00ae\" \/>\n<meta property=\"og:description\" content=\"Intercambi\u00e1vel \u200b\u200be na medida para voc\u00ea. Alta tecnologia que facilita o ajuste da exposi\u00e7\u00e3o da agulha e oferece sistema de alinhamento do cartucho.\" \/>\n<meta property=\"og:url\" content=\"https:\/\/electricink.eu\/pt-pt\/producto\/grip-ultra-pen-balance-flex-45mm\/\" \/>\n<meta property=\"og:site_name\" content=\"Electric Ink\u00ae\" \/>\n<meta property=\"article:modified_time\" content=\"2024-05-23T12:45:28+00:00\" \/>\n<meta property=\"og:image\" content=\"https:\/\/electricink.eu\/wp-content\/uploads\/2024\/04\/45mm.jpg\" \/>\n\t<meta property=\"og:image:width\" content=\"1200\" \/>\n\t<meta property=\"og:image:height\" content=\"1200\" \/>\n\t<meta property=\"og:image:type\" content=\"image\/jpeg\" \/>\n<meta name=\"twitter:card\" content=\"summary_large_image\" \/>\n<script type=\"application\/ld+json\" class=\"yoast-schema-graph\">{\"@context\":\"https:\\\/\\\/schema.org\",\"@graph\":[{\"@type\":\"WebPage\",\"@id\":\"https:\\\/\\\/electricink.eu\\\/pt-pt\\\/producto\\\/grip-ultra-pen-balance-flex-45mm\\\/\",\"url\":\"https:\\\/\\\/electricink.eu\\\/pt-pt\\\/producto\\\/grip-ultra-pen-balance-flex-45mm\\\/\",\"name\":\"Grip Ultra Pen Balance Flex 45mm - Electric Ink\u00ae\",\"isPartOf\":{\"@id\":\"https:\\\/\\\/electricink.eu\\\/#website\"},\"primaryImageOfPage\":{\"@id\":\"https:\\\/\\\/electricink.eu\\\/pt-pt\\\/producto\\\/grip-ultra-pen-balance-flex-45mm\\\/#primaryimage\"},\"image\":{\"@id\":\"https:\\\/\\\/electricink.eu\\\/pt-pt\\\/producto\\\/grip-ultra-pen-balance-flex-45mm\\\/#primaryimage\"},\"thumbnailUrl\":\"https:\\\/\\\/electricink.eu\\\/wp-content\\\/uploads\\\/2024\\\/04\\\/45mm.jpg\",\"datePublished\":\"2024-04-25T13:11:49+00:00\",\"dateModified\":\"2024-05-23T12:45:28+00:00\",\"description\":\"Intercambi\u00e1vel \u200b\u200be na medida para voc\u00ea. Alta tecnologia que facilita o ajuste da exposi\u00e7\u00e3o da agulha e oferece sistema de alinhamento do cartucho.\",\"breadcrumb\":{\"@id\":\"https:\\\/\\\/electricink.eu\\\/pt-pt\\\/producto\\\/grip-ultra-pen-balance-flex-45mm\\\/#breadcrumb\"},\"inLanguage\":\"pt-PT\",\"potentialAction\":[{\"@type\":\"ReadAction\",\"target\":[\"https:\\\/\\\/electricink.eu\\\/pt-pt\\\/producto\\\/grip-ultra-pen-balance-flex-45mm\\\/\"]}]},{\"@type\":\"ImageObject\",\"inLanguage\":\"pt-PT\",\"@id\":\"https:\\\/\\\/electricink.eu\\\/pt-pt\\\/producto\\\/grip-ultra-pen-balance-flex-45mm\\\/#primaryimage\",\"url\":\"https:\\\/\\\/electricink.eu\\\/wp-content\\\/uploads\\\/2024\\\/04\\\/45mm.jpg\",\"contentUrl\":\"https:\\\/\\\/electricink.eu\\\/wp-content\\\/uploads\\\/2024\\\/04\\\/45mm.jpg\",\"width\":1200,\"height\":1200},{\"@type\":\"BreadcrumbList\",\"@id\":\"https:\\\/\\\/electricink.eu\\\/pt-pt\\\/producto\\\/grip-ultra-pen-balance-flex-45mm\\\/#breadcrumb\",\"itemListElement\":[{\"@type\":\"ListItem\",\"position\":1,\"name\":\"Portada\",\"item\":\"https:\\\/\\\/electricink.eu\\\/pt-pt\\\/home\\\/\"},{\"@type\":\"ListItem\",\"position\":2,\"name\":\"Tienda\",\"item\":\"https:\\\/\\\/electricink.eu\\\/tienda\\\/\"},{\"@type\":\"ListItem\",\"position\":3,\"name\":\"Grip Ultra Pen Balance Flex 45mm\"}]},{\"@type\":\"WebSite\",\"@id\":\"https:\\\/\\\/electricink.eu\\\/#website\",\"url\":\"https:\\\/\\\/electricink.eu\\\/\",\"name\":\"Electric Ink\u00ae\",\"description\":\"Material para Tatuar Profesional en Europa - Electric Ink\u00ae\",\"potentialAction\":[{\"@type\":\"SearchAction\",\"target\":{\"@type\":\"EntryPoint\",\"urlTemplate\":\"https:\\\/\\\/electricink.eu\\\/?s={search_term_string}\"},\"query-input\":{\"@type\":\"PropertyValueSpecification\",\"valueRequired\":true,\"valueName\":\"search_term_string\"}}],\"inLanguage\":\"pt-PT\"}]}<\/script>\n<!-- \/ Yoast SEO plugin. -->","yoast_head_json":{"title":"Grip Ultra Pen Balance Flex 45mm - Electric Ink\u00ae","description":"Intercambi\u00e1vel \u200b\u200be na medida para voc\u00ea. Alta tecnologia que facilita o ajuste da exposi\u00e7\u00e3o da agulha e oferece sistema de alinhamento do cartucho.","robots":{"index":"index","follow":"follow","max-snippet":"max-snippet:-1","max-image-preview":"max-image-preview:large","max-video-preview":"max-video-preview:-1"},"canonical":"https:\/\/electricink.eu\/pt-pt\/producto\/grip-ultra-pen-balance-flex-45mm\/","og_locale":"pt_PT","og_type":"article","og_title":"Grip Ultra Pen Balance Flex 45mm - Electric Ink\u00ae","og_description":"Intercambi\u00e1vel \u200b\u200be na medida para voc\u00ea. Alta tecnologia que facilita o ajuste da exposi\u00e7\u00e3o da agulha e oferece sistema de alinhamento do cartucho.","og_url":"https:\/\/electricink.eu\/pt-pt\/producto\/grip-ultra-pen-balance-flex-45mm\/","og_site_name":"Electric Ink\u00ae","article_modified_time":"2024-05-23T12:45:28+00:00","og_image":[{"width":1200,"height":1200,"url":"https:\/\/electricink.eu\/wp-content\/uploads\/2024\/04\/45mm.jpg","type":"image\/jpeg"}],"twitter_card":"summary_large_image","schema":{"@context":"https:\/\/schema.org","@graph":[{"@type":"WebPage","@id":"https:\/\/electricink.eu\/pt-pt\/producto\/grip-ultra-pen-balance-flex-45mm\/","url":"https:\/\/electricink.eu\/pt-pt\/producto\/grip-ultra-pen-balance-flex-45mm\/","name":"Grip Ultra Pen Balance Flex 45mm - Electric Ink\u00ae","isPartOf":{"@id":"https:\/\/electricink.eu\/#website"},"primaryImageOfPage":{"@id":"https:\/\/electricink.eu\/pt-pt\/producto\/grip-ultra-pen-balance-flex-45mm\/#primaryimage"},"image":{"@id":"https:\/\/electricink.eu\/pt-pt\/producto\/grip-ultra-pen-balance-flex-45mm\/#primaryimage"},"thumbnailUrl":"https:\/\/electricink.eu\/wp-content\/uploads\/2024\/04\/45mm.jpg","datePublished":"2024-04-25T13:11:49+00:00","dateModified":"2024-05-23T12:45:28+00:00","description":"Intercambi\u00e1vel \u200b\u200be na medida para voc\u00ea. Alta tecnologia que facilita o ajuste da exposi\u00e7\u00e3o da agulha e oferece sistema de alinhamento do cartucho.","breadcrumb":{"@id":"https:\/\/electricink.eu\/pt-pt\/producto\/grip-ultra-pen-balance-flex-45mm\/#breadcrumb"},"inLanguage":"pt-PT","potentialAction":[{"@type":"ReadAction","target":["https:\/\/electricink.eu\/pt-pt\/producto\/grip-ultra-pen-balance-flex-45mm\/"]}]},{"@type":"ImageObject","inLanguage":"pt-PT","@id":"https:\/\/electricink.eu\/pt-pt\/producto\/grip-ultra-pen-balance-flex-45mm\/#primaryimage","url":"https:\/\/electricink.eu\/wp-content\/uploads\/2024\/04\/45mm.jpg","contentUrl":"https:\/\/electricink.eu\/wp-content\/uploads\/2024\/04\/45mm.jpg","width":1200,"height":1200},{"@type":"BreadcrumbList","@id":"https:\/\/electricink.eu\/pt-pt\/producto\/grip-ultra-pen-balance-flex-45mm\/#breadcrumb","itemListElement":[{"@type":"ListItem","position":1,"name":"Portada","item":"https:\/\/electricink.eu\/pt-pt\/home\/"},{"@type":"ListItem","position":2,"name":"Tienda","item":"https:\/\/electricink.eu\/tienda\/"},{"@type":"ListItem","position":3,"name":"Grip Ultra Pen Balance Flex 45mm"}]},{"@type":"WebSite","@id":"https:\/\/electricink.eu\/#website","url":"https:\/\/electricink.eu\/","name":"Electric Ink\u00ae","description":"Material para Tatuar Profesional en Europa - Electric Ink\u00ae","potentialAction":[{"@type":"SearchAction","target":{"@type":"EntryPoint","urlTemplate":"https:\/\/electricink.eu\/?s={search_term_string}"},"query-input":{"@type":"PropertyValueSpecification","valueRequired":true,"valueName":"search_term_string"}}],"inLanguage":"pt-PT"}]}},"_links":{"self":[{"href":"https:\/\/electricink.eu\/pt-pt\/wp-json\/wp\/v2\/product\/41404","targetHints":{"allow":["GET"]}}],"collection":[{"href":"https:\/\/electricink.eu\/pt-pt\/wp-json\/wp\/v2\/product"}],"about":[{"href":"https:\/\/electricink.eu\/pt-pt\/wp-json\/wp\/v2\/types\/product"}],"replies":[{"embeddable":true,"href":"https:\/\/electricink.eu\/pt-pt\/wp-json\/wp\/v2\/comments?post=41404"}],"wp:featuredmedia":[{"embeddable":true,"href":"https:\/\/electricink.eu\/pt-pt\/wp-json\/wp\/v2\/media\/41151"}],"wp:attachment":[{"href":"https:\/\/electricink.eu\/pt-pt\/wp-json\/wp\/v2\/media?parent=41404"}],"wp:term":[{"taxonomy":"product_brand","embeddable":true,"href":"https:\/\/electricink.eu\/pt-pt\/wp-json\/wp\/v2\/product_brand?post=41404"},{"taxonomy":"product_cat","embeddable":true,"href":"https:\/\/electricink.eu\/pt-pt\/wp-json\/wp\/v2\/product_cat?post=41404"},{"taxonomy":"product_tag","embeddable":true,"href":"https:\/\/electricink.eu\/pt-pt\/wp-json\/wp\/v2\/product_tag?post=41404"}],"curies":[{"name":"wp","href":"https:\/\/api.w.org\/{rel}","templated":true}]}}