{"id":41416,"date":"2024-04-25T13:23:25","date_gmt":"2024-04-25T11:23:25","guid":{"rendered":"https:\/\/electricink.eu\/producto\/bateria-recarregavel-para-power-3\/"},"modified":"2024-06-28T15:52:08","modified_gmt":"2024-06-28T13:52:08","slug":"bateria-recarregavel-para-power-3","status":"publish","type":"product","link":"https:\/\/electricink.eu\/pt-pt\/producto\/bateria-recarregavel-para-power-3\/","title":{"rendered":"Bateria recarreg\u00e1vel BOLD para Power 3"},"content":{"rendered":"<p><strong>Descri\u00e7\u00e3o: Bateria Li-Ion 3,7V | Recarreg\u00e1vel | 26350<\/strong><\/p>\n<ul>\n<li><strong>Peso:<\/strong> 46g<\/li>\n<li><strong>Dimens\u00f5es:<\/strong> Altura 35mm, Di\u00e2metro 26mm<\/li>\n<li><strong>Autonomia: EIB-26350<\/strong><\/li>\n<li><strong>Modelo de bateria<\/strong>: EIB-26350<\/li>\n<li><strong>Capacidade<\/strong>: 2000mAh<\/li>\n<\/ul>\n<p><strong>VOLTS\u00a0 \u00a0 \u00a0 \u00a0 \u00a0 \u00a0 \u00a0AMPERES\u00a0 \u00a0 \u00a0 \u00a0 \u00a0AUTONOMIA<\/strong><br \/>5\u00a0 \u00a0 \u00a0 \u00a0 \u00a0 \u00a0 \u00a0 \u00a0 \u00a0 \u00a0 \u00a00,075\u00a0 \u00a0 \u00a0 \u00a0 \u00a0 \u00a0 \u00a0 \u00a0 \u00a0 \u00a0 \u00a0 16:53<br \/>5,5\u00a0 \u00a0 \u00a0 \u00a0 \u00a0 \u00a0 \u00a0 \u00a0 \u00a0 \u00a00,075\u00a0 \u00a0 \u00a0 \u00a0 \u00a0 \u00a0 \u00a0 \u00a0 \u00a0 \u00a0 \u00a0 15:21<br \/>6\u00a0 \u00a0 \u00a0 \u00a0 \u00a0 \u00a0 \u00a0 \u00a0 \u00a0 \u00a0 \u00a0 0,075\u00a0 \u00a0 \u00a0 \u00a0 \u00a0 \u00a0 \u00a0 \u00a0 \u00a0 \u00a0 \u00a0 14:04<br \/>6,5\u00a0 \u00a0 \u00a0 \u00a0 \u00a0 \u00a0 \u00a0 \u00a0 \u00a0 \u00a00,075\u00a0 \u00a0 \u00a0 \u00a0 \u00a0 \u00a0 \u00a0 \u00a0 \u00a0 \u00a0 \u00a0 12:59<br \/>7\u00a0 \u00a0 \u00a0 \u00a0 \u00a0 \u00a0 \u00a0 \u00a0 \u00a0 \u00a0 \u00a0 0,1\u00a0 \u00a0 \u00a0 \u00a0 \u00a0 \u00a0 \u00a0 \u00a0 \u00a0 \u00a0 \u00a0 \u00a0 \u00a0 09:03<br \/>7,5\u00a0 \u00a0 \u00a0 \u00a0 \u00a0 \u00a0 \u00a0 \u00a0 \u00a0 \u00a00,12\u00a0 \u00a0 \u00a0 \u00a0 \u00a0 \u00a0 \u00a0 \u00a0 \u00a0 \u00a0 \u00a0 \u00a0 07:02<br \/>8\u00a0 \u00a0 \u00a0 \u00a0 \u00a0 \u00a0 \u00a0 \u00a0 \u00a0 \u00a0 \u00a0 0,15\u00a0 \u00a0 \u00a0 \u00a0 \u00a0 \u00a0 \u00a0 \u00a0 \u00a0 \u00a0 \u00a0 \u00a0 05:16<br \/>8,5\u00a0 \u00a0 \u00a0 \u00a0 \u00a0 \u00a0 \u00a0 \u00a0 \u00a0 \u00a00,16\u00a0 \u00a0 \u00a0 \u00a0 \u00a0 \u00a0 \u00a0 \u00a0 \u00a0 \u00a0 \u00a0 \u00a0 04:39<br \/>9\u00a0 \u00a0 \u00a0 \u00a0 \u00a0 \u00a0 \u00a0 \u00a0 \u00a0 \u00a0 \u00a0 0,18\u00a0 \u00a0 \u00a0 \u00a0 \u00a0 \u00a0 \u00a0 \u00a0 \u00a0 \u00a0 \u00a0 \u00a0 03:54<br \/>9,5\u00a0 \u00a0 \u00a0 \u00a0 \u00a0 \u00a0 \u00a0 \u00a0 \u00a0 \u00a0 0,19\u00a0 \u00a0 \u00a0 \u00a0 \u00a0 \u00a0 \u00a0 \u00a0 \u00a0 \u00a0 \u00a0 \u00a0 03:30<br \/>10\u00a0 \u00a0 \u00a0 \u00a0 \u00a0 \u00a0 \u00a0 \u00a0 \u00a0 \u00a0 \u00a00,19\u00a0 \u00a0 \u00a0 \u00a0 \u00a0 \u00a0 \u00a0 \u00a0 \u00a0 \u00a0 \u00a0 \u00a0 03:20<br \/>10,5\u00a0 \u00a0 \u00a0 \u00a0 \u00a0 \u00a0 \u00a0 \u00a0 \u00a0 0,19\u00a0 \u00a0 \u00a0 \u00a0 \u00a0 \u00a0 \u00a0 \u00a0 \u00a0 \u00a0 \u00a0 \u00a0 03:10<br \/>11\u00a0 \u00a0 \u00a0 \u00a0 \u00a0 \u00a0 \u00a0 \u00a0 \u00a0 \u00a0 \u00a00,19\u00a0 \u00a0 \u00a0 \u00a0 \u00a0 \u00a0 \u00a0 \u00a0 \u00a0 \u00a0 \u00a0 \u00a0 03:01<br \/>11,5\u00a0 \u00a0 \u00a0 \u00a0 \u00a0 \u00a0 \u00a0 \u00a0 \u00a0 0,2\u00a0 \u00a0 \u00a0 \u00a0 \u00a0 \u00a0 \u00a0 \u00a0 \u00a0 \u00a0 \u00a0 \u00a0 \u00a0 02:45<br \/>12\u00a0 \u00a0 \u00a0 \u00a0 \u00a0 \u00a0 \u00a0 \u00a0 \u00a0 \u00a0 \u00a00,2\u00a0 \u00a0 \u00a0 \u00a0 \u00a0 \u00a0 \u00a0 \u00a0 \u00a0 \u00a0 \u00a0 \u00a0 \u00a0 02:38<\/p>\n<p><strong>AUTONOMIA<\/strong>: Tempo estimado de trabalho considerando VOLTS aplicados \u00e0 m\u00e1quina e consumindo a corrente AMPERES.<\/p>\n<p><strong>VOLTS<\/strong>:\u00a0Voltagem ajustada na Power 3 que alimentar\u00e1 a m\u00e1quina.<\/p>\n<p><strong>AMPERES<\/strong>: Corrente consumida pela m\u00e1quina &#8211; quanto mais voc\u00ea for\u00e7ar a m\u00e1quina maior ser\u00e1 esse consumo.<\/p>\n<p>&nbsp;<\/p>\n<p><strong>&#8212;&#8212;&#8212;&#8212;&#8212;&#8212;&#8212;&#8212;Garantia do produto&#8212;&#8212;&#8212;&#8212;&#8212;&#8212;&#8212;-<\/strong><\/p>\n<p>O per\u00edodo de garantia oferecido pela Electric Ink segue os regulamentos europeus atuais. A garantia da Electric Ink para defeitos de fabrica\u00e7\u00e3o come\u00e7a a partir da compra do produto pelo consumidor, verificada na nota fiscal de compra do respectivo item.<\/p>\n","protected":false},"excerpt":{"rendered":"<p><strong>Electric Battery<\/strong><\/p>\n<p>Bateria Recarreg\u00e1vel para uso na\u00a0<strong>Fonte Electric Ink Power 3 &#8211; 31mm<\/strong>.<br \/>Com ela voc\u00ea ter\u00e1 o m\u00e1ximo de efici\u00eancia e autonomia em sua fonte. Compacta e f\u00e1cil de recarregar. Seu sistema de qualidade permite que voc\u00ea trabalhe com seguran\u00e7a, evitando eventuais danos no seu equipamento.<\/p>\n<p>Garanta o melhor para a sua fonte, garanta a Bateria Recarreg\u00e1vel Electric Ink.<\/p>\n<p><strong>*N\u00c3O INCLUI CARREGADOR<\/strong><\/p>\n","protected":false},"featured_media":40946,"comment_status":"closed","ping_status":"closed","template":"","meta":{"_acf_changed":false,"_et_pb_use_builder":"","_et_pb_old_content":"","_et_gb_content_width":"","inline_featured_image":false},"product_brand":[],"product_cat":[1140,722,727,749],"product_tag":[],"class_list":{"0":"post-41416","1":"product","2":"type-product","3":"status-publish","4":"has-post-thumbnail","6":"product_cat-perifericos-pt","7":"product_cat-accesorios-pt","8":"product_cat-pecas-para-maquinas-de-tatuagem","9":"product_cat-fontes-tattoo","11":"first","12":"instock","13":"taxable","14":"shipping-taxable","15":"purchasable","16":"product-type-simple"},"acf":[],"yoast_head":"<!-- This site is optimized with the Yoast SEO plugin v27.4 - https:\/\/yoast.com\/product\/yoast-seo-wordpress\/ -->\n<title>Bateria recarreg\u00e1vel BOLD para Power 3 - Electric Ink\u00ae<\/title>\n<meta name=\"description\" content=\"Compacta e f\u00e1cil de recarregar. A alta qualidade do seu sistema permite que voc\u00ea trabalhe com seguran\u00e7a, evitando eventuais danos no seu equipamento.\" \/>\n<meta name=\"robots\" content=\"index, follow, max-snippet:-1, max-image-preview:large, max-video-preview:-1\" \/>\n<link rel=\"canonical\" href=\"https:\/\/electricink.eu\/pt-pt\/producto\/bateria-recarregavel-para-power-3\/\" \/>\n<meta property=\"og:locale\" content=\"pt_PT\" \/>\n<meta property=\"og:type\" content=\"article\" \/>\n<meta property=\"og:title\" content=\"Bateria recarreg\u00e1vel BOLD para Power 3 - Electric Ink\u00ae\" \/>\n<meta property=\"og:description\" content=\"Compacta e f\u00e1cil de recarregar. A alta qualidade do seu sistema permite que voc\u00ea trabalhe com seguran\u00e7a, evitando eventuais danos no seu equipamento.\" \/>\n<meta property=\"og:url\" content=\"https:\/\/electricink.eu\/pt-pt\/producto\/bateria-recarregavel-para-power-3\/\" \/>\n<meta property=\"og:site_name\" content=\"Electric Ink\u00ae\" \/>\n<meta property=\"article:modified_time\" content=\"2024-06-28T13:52:08+00:00\" \/>\n<meta property=\"og:image\" content=\"https:\/\/electricink.eu\/wp-content\/uploads\/2024\/04\/BATERIA-LARGE-1.png\" \/>\n\t<meta property=\"og:image:width\" content=\"1200\" \/>\n\t<meta property=\"og:image:height\" content=\"1200\" \/>\n\t<meta property=\"og:image:type\" content=\"image\/png\" \/>\n<meta name=\"twitter:card\" content=\"summary_large_image\" \/>\n<meta name=\"twitter:label1\" content=\"Tempo estimado de leitura\" \/>\n\t<meta name=\"twitter:data1\" content=\"1 minuto\" \/>\n<script type=\"application\/ld+json\" class=\"yoast-schema-graph\">{\"@context\":\"https:\\\/\\\/schema.org\",\"@graph\":[{\"@type\":\"WebPage\",\"@id\":\"https:\\\/\\\/electricink.eu\\\/pt-pt\\\/producto\\\/bateria-recarregavel-para-power-3\\\/\",\"url\":\"https:\\\/\\\/electricink.eu\\\/pt-pt\\\/producto\\\/bateria-recarregavel-para-power-3\\\/\",\"name\":\"Bateria recarreg\u00e1vel BOLD para Power 3 - Electric Ink\u00ae\",\"isPartOf\":{\"@id\":\"https:\\\/\\\/electricink.eu\\\/#website\"},\"primaryImageOfPage\":{\"@id\":\"https:\\\/\\\/electricink.eu\\\/pt-pt\\\/producto\\\/bateria-recarregavel-para-power-3\\\/#primaryimage\"},\"image\":{\"@id\":\"https:\\\/\\\/electricink.eu\\\/pt-pt\\\/producto\\\/bateria-recarregavel-para-power-3\\\/#primaryimage\"},\"thumbnailUrl\":\"https:\\\/\\\/electricink.eu\\\/wp-content\\\/uploads\\\/2024\\\/04\\\/BATERIA-LARGE-1.png\",\"datePublished\":\"2024-04-25T11:23:25+00:00\",\"dateModified\":\"2024-06-28T13:52:08+00:00\",\"description\":\"Compacta e f\u00e1cil de recarregar. A alta qualidade do seu sistema permite que voc\u00ea trabalhe com seguran\u00e7a, evitando eventuais danos no seu equipamento.\",\"breadcrumb\":{\"@id\":\"https:\\\/\\\/electricink.eu\\\/pt-pt\\\/producto\\\/bateria-recarregavel-para-power-3\\\/#breadcrumb\"},\"inLanguage\":\"pt-PT\",\"potentialAction\":[{\"@type\":\"ReadAction\",\"target\":[\"https:\\\/\\\/electricink.eu\\\/pt-pt\\\/producto\\\/bateria-recarregavel-para-power-3\\\/\"]}]},{\"@type\":\"ImageObject\",\"inLanguage\":\"pt-PT\",\"@id\":\"https:\\\/\\\/electricink.eu\\\/pt-pt\\\/producto\\\/bateria-recarregavel-para-power-3\\\/#primaryimage\",\"url\":\"https:\\\/\\\/electricink.eu\\\/wp-content\\\/uploads\\\/2024\\\/04\\\/BATERIA-LARGE-1.png\",\"contentUrl\":\"https:\\\/\\\/electricink.eu\\\/wp-content\\\/uploads\\\/2024\\\/04\\\/BATERIA-LARGE-1.png\",\"width\":1200,\"height\":1200},{\"@type\":\"BreadcrumbList\",\"@id\":\"https:\\\/\\\/electricink.eu\\\/pt-pt\\\/producto\\\/bateria-recarregavel-para-power-3\\\/#breadcrumb\",\"itemListElement\":[{\"@type\":\"ListItem\",\"position\":1,\"name\":\"Portada\",\"item\":\"https:\\\/\\\/electricink.eu\\\/pt-pt\\\/home\\\/\"},{\"@type\":\"ListItem\",\"position\":2,\"name\":\"Tienda\",\"item\":\"https:\\\/\\\/electricink.eu\\\/tienda\\\/\"},{\"@type\":\"ListItem\",\"position\":3,\"name\":\"Bateria recarreg\u00e1vel BOLD para Power 3\"}]},{\"@type\":\"WebSite\",\"@id\":\"https:\\\/\\\/electricink.eu\\\/#website\",\"url\":\"https:\\\/\\\/electricink.eu\\\/\",\"name\":\"Electric Ink\u00ae\",\"description\":\"Material para Tatuar Profesional en Europa - Electric Ink\u00ae\",\"potentialAction\":[{\"@type\":\"SearchAction\",\"target\":{\"@type\":\"EntryPoint\",\"urlTemplate\":\"https:\\\/\\\/electricink.eu\\\/?s={search_term_string}\"},\"query-input\":{\"@type\":\"PropertyValueSpecification\",\"valueRequired\":true,\"valueName\":\"search_term_string\"}}],\"inLanguage\":\"pt-PT\"}]}<\/script>\n<!-- \/ Yoast SEO plugin. -->","yoast_head_json":{"title":"Bateria recarreg\u00e1vel BOLD para Power 3 - Electric Ink\u00ae","description":"Compacta e f\u00e1cil de recarregar. A alta qualidade do seu sistema permite que voc\u00ea trabalhe com seguran\u00e7a, evitando eventuais danos no seu equipamento.","robots":{"index":"index","follow":"follow","max-snippet":"max-snippet:-1","max-image-preview":"max-image-preview:large","max-video-preview":"max-video-preview:-1"},"canonical":"https:\/\/electricink.eu\/pt-pt\/producto\/bateria-recarregavel-para-power-3\/","og_locale":"pt_PT","og_type":"article","og_title":"Bateria recarreg\u00e1vel BOLD para Power 3 - Electric Ink\u00ae","og_description":"Compacta e f\u00e1cil de recarregar. A alta qualidade do seu sistema permite que voc\u00ea trabalhe com seguran\u00e7a, evitando eventuais danos no seu equipamento.","og_url":"https:\/\/electricink.eu\/pt-pt\/producto\/bateria-recarregavel-para-power-3\/","og_site_name":"Electric Ink\u00ae","article_modified_time":"2024-06-28T13:52:08+00:00","og_image":[{"width":1200,"height":1200,"url":"https:\/\/electricink.eu\/wp-content\/uploads\/2024\/04\/BATERIA-LARGE-1.png","type":"image\/png"}],"twitter_card":"summary_large_image","twitter_misc":{"Tempo estimado de leitura":"1 minuto"},"schema":{"@context":"https:\/\/schema.org","@graph":[{"@type":"WebPage","@id":"https:\/\/electricink.eu\/pt-pt\/producto\/bateria-recarregavel-para-power-3\/","url":"https:\/\/electricink.eu\/pt-pt\/producto\/bateria-recarregavel-para-power-3\/","name":"Bateria recarreg\u00e1vel BOLD para Power 3 - Electric Ink\u00ae","isPartOf":{"@id":"https:\/\/electricink.eu\/#website"},"primaryImageOfPage":{"@id":"https:\/\/electricink.eu\/pt-pt\/producto\/bateria-recarregavel-para-power-3\/#primaryimage"},"image":{"@id":"https:\/\/electricink.eu\/pt-pt\/producto\/bateria-recarregavel-para-power-3\/#primaryimage"},"thumbnailUrl":"https:\/\/electricink.eu\/wp-content\/uploads\/2024\/04\/BATERIA-LARGE-1.png","datePublished":"2024-04-25T11:23:25+00:00","dateModified":"2024-06-28T13:52:08+00:00","description":"Compacta e f\u00e1cil de recarregar. A alta qualidade do seu sistema permite que voc\u00ea trabalhe com seguran\u00e7a, evitando eventuais danos no seu equipamento.","breadcrumb":{"@id":"https:\/\/electricink.eu\/pt-pt\/producto\/bateria-recarregavel-para-power-3\/#breadcrumb"},"inLanguage":"pt-PT","potentialAction":[{"@type":"ReadAction","target":["https:\/\/electricink.eu\/pt-pt\/producto\/bateria-recarregavel-para-power-3\/"]}]},{"@type":"ImageObject","inLanguage":"pt-PT","@id":"https:\/\/electricink.eu\/pt-pt\/producto\/bateria-recarregavel-para-power-3\/#primaryimage","url":"https:\/\/electricink.eu\/wp-content\/uploads\/2024\/04\/BATERIA-LARGE-1.png","contentUrl":"https:\/\/electricink.eu\/wp-content\/uploads\/2024\/04\/BATERIA-LARGE-1.png","width":1200,"height":1200},{"@type":"BreadcrumbList","@id":"https:\/\/electricink.eu\/pt-pt\/producto\/bateria-recarregavel-para-power-3\/#breadcrumb","itemListElement":[{"@type":"ListItem","position":1,"name":"Portada","item":"https:\/\/electricink.eu\/pt-pt\/home\/"},{"@type":"ListItem","position":2,"name":"Tienda","item":"https:\/\/electricink.eu\/tienda\/"},{"@type":"ListItem","position":3,"name":"Bateria recarreg\u00e1vel BOLD para Power 3"}]},{"@type":"WebSite","@id":"https:\/\/electricink.eu\/#website","url":"https:\/\/electricink.eu\/","name":"Electric Ink\u00ae","description":"Material para Tatuar Profesional en Europa - Electric Ink\u00ae","potentialAction":[{"@type":"SearchAction","target":{"@type":"EntryPoint","urlTemplate":"https:\/\/electricink.eu\/?s={search_term_string}"},"query-input":{"@type":"PropertyValueSpecification","valueRequired":true,"valueName":"search_term_string"}}],"inLanguage":"pt-PT"}]}},"_links":{"self":[{"href":"https:\/\/electricink.eu\/pt-pt\/wp-json\/wp\/v2\/product\/41416","targetHints":{"allow":["GET"]}}],"collection":[{"href":"https:\/\/electricink.eu\/pt-pt\/wp-json\/wp\/v2\/product"}],"about":[{"href":"https:\/\/electricink.eu\/pt-pt\/wp-json\/wp\/v2\/types\/product"}],"replies":[{"embeddable":true,"href":"https:\/\/electricink.eu\/pt-pt\/wp-json\/wp\/v2\/comments?post=41416"}],"wp:featuredmedia":[{"embeddable":true,"href":"https:\/\/electricink.eu\/pt-pt\/wp-json\/wp\/v2\/media\/40946"}],"wp:attachment":[{"href":"https:\/\/electricink.eu\/pt-pt\/wp-json\/wp\/v2\/media?parent=41416"}],"wp:term":[{"taxonomy":"product_brand","embeddable":true,"href":"https:\/\/electricink.eu\/pt-pt\/wp-json\/wp\/v2\/product_brand?post=41416"},{"taxonomy":"product_cat","embeddable":true,"href":"https:\/\/electricink.eu\/pt-pt\/wp-json\/wp\/v2\/product_cat?post=41416"},{"taxonomy":"product_tag","embeddable":true,"href":"https:\/\/electricink.eu\/pt-pt\/wp-json\/wp\/v2\/product_tag?post=41416"}],"curies":[{"name":"wp","href":"https:\/\/api.w.org\/{rel}","templated":true}]}}