{"id":41425,"date":"2024-04-25T13:26:06","date_gmt":"2024-04-25T11:26:06","guid":{"rendered":"https:\/\/electricink.eu\/producto\/carregador-para-baterias-electric-charger\/"},"modified":"2024-05-23T19:24:29","modified_gmt":"2024-05-23T17:24:29","slug":"carregador-para-baterias-electric-charger","status":"publish","type":"product","link":"https:\/\/electricink.eu\/pt-pt\/producto\/carregador-para-baterias-electric-charger\/","title":{"rendered":"Carregador para baterias Electric Charger"},"content":{"rendered":"<p><strong>Carregador para baterias Electric Charger<\/strong><\/p>\n<p><strong>CARACTER\u00cdSTICAS:<\/strong><\/p>\n<ul>\n<li>\u00a0Dual carregador de baterias USB;<\/li>\n<li>\u00a0Material retardador de fogo de alta qualidade;<\/li>\n<li>\u00a0Leve e port\u00e1til;<\/li>\n<li>\u00a0Modo de carregamento r\u00e1pido: 2 canais de carregamento de 1.0A e 4.2V.<\/li>\n<li>\u00a0Prote\u00e7\u00e3o contra sobrecarga e curto-circuito;<\/li>\n<li>\u00a0Mola de alta qualidade que facilita a inser\u00e7\u00e3o e remo\u00e7\u00e3o das baterias;<\/li>\n<li>C\u00e1todo de a\u00e7o com baixa resist\u00eancia e processo de cromo duro para obter uma tens\u00e3o de carga mais precisa.<\/li>\n<\/ul>\n<p><strong>*N\u00c3O INCLUI BATERIA<\/strong><\/p>\n<p><strong>*BATERIAS VENDIDAS SEPARADAMENTE<\/strong><\/p>\n<p><strong>Compat\u00edvel com baterias recarreg\u00e1veis para Power 1 e\u00a0Power 3 Electric Battery\u00a0<\/strong><\/p>\n<p><strong>Compat\u00edvel com os seguintes modelos de baterias L\u00edtio Ion: 14500,16340,18350,18490,18500,18650,26350,26650.<\/strong><\/p>\n","protected":false},"excerpt":{"rendered":"<p><strong>Carregador para baterias Electric Charger<\/strong><\/p>\n<p><strong>Uma carga r\u00e1pida e segura!<\/strong><\/p>\n<p>O <strong>Electric Charger<\/strong> \u00e9 um carregador de alto desempenho. Seu design port\u00e1til e material de alta resist\u00eancia retardador de fogo proporcionam seguran\u00e7a e praticidade \u00e0 rotina do tatuador.<\/p>\n<p>Possui duplo slot a fim de fornecer carga de forma mais eficiente. Disp\u00f5e de um Led indicativo, que permite acompanhar quando a bateria est\u00e1 totalmente carregada. Conta tamb\u00e9m com polaridade reversa, prote\u00e7\u00e3o contra curto-circuito e sobrecarga.<\/p>\n","protected":false},"featured_media":40963,"comment_status":"closed","ping_status":"closed","template":"","meta":{"_acf_changed":false,"_et_pb_use_builder":"","_et_pb_old_content":"","_et_gb_content_width":"","inline_featured_image":false},"product_brand":[],"product_cat":[745,749],"product_tag":[],"class_list":{"0":"post-41425","1":"product","2":"type-product","3":"status-publish","4":"has-post-thumbnail","6":"product_cat-tattoo","7":"product_cat-fontes-tattoo","9":"first","10":"instock","11":"taxable","12":"shipping-taxable","13":"purchasable","14":"product-type-simple"},"acf":[],"yoast_head":"<!-- This site is optimized with the Yoast SEO plugin v27.5 - https:\/\/yoast.com\/product\/yoast-seo-wordpress\/ -->\n<title>Carregador para baterias Electric Charger - Electric Ink\u00ae<\/title>\n<meta name=\"description\" content=\"Carregador de alto desempenho, USB duplo, material retardador de chamas, leve e port\u00e1til, carga r\u00e1pida, prote\u00e7\u00e3o contra sobrecarga e curto-circuito.\" \/>\n<meta name=\"robots\" content=\"index, follow, max-snippet:-1, max-image-preview:large, max-video-preview:-1\" \/>\n<link rel=\"canonical\" href=\"https:\/\/electricink.eu\/pt-pt\/producto\/carregador-para-baterias-electric-charger\/\" \/>\n<meta property=\"og:locale\" content=\"pt_PT\" \/>\n<meta property=\"og:type\" content=\"article\" \/>\n<meta property=\"og:title\" content=\"Carregador para baterias Electric Charger - Electric Ink\u00ae\" \/>\n<meta property=\"og:description\" content=\"Carregador de alto desempenho, USB duplo, material retardador de chamas, leve e port\u00e1til, carga r\u00e1pida, prote\u00e7\u00e3o contra sobrecarga e curto-circuito.\" \/>\n<meta property=\"og:url\" content=\"https:\/\/electricink.eu\/pt-pt\/producto\/carregador-para-baterias-electric-charger\/\" \/>\n<meta property=\"og:site_name\" content=\"Electric Ink\u00ae\" \/>\n<meta property=\"article:modified_time\" content=\"2024-05-23T17:24:29+00:00\" \/>\n<meta property=\"og:image\" content=\"https:\/\/electricink.eu\/wp-content\/uploads\/2024\/04\/foto-01.jpg\" \/>\n\t<meta property=\"og:image:width\" content=\"1200\" \/>\n\t<meta property=\"og:image:height\" content=\"1200\" \/>\n\t<meta property=\"og:image:type\" content=\"image\/jpeg\" \/>\n<meta name=\"twitter:card\" content=\"summary_large_image\" \/>\n<meta name=\"twitter:label1\" content=\"Tempo estimado de leitura\" \/>\n\t<meta name=\"twitter:data1\" content=\"1 minuto\" \/>\n<script type=\"application\/ld+json\" class=\"yoast-schema-graph\">{\"@context\":\"https:\\\/\\\/schema.org\",\"@graph\":[{\"@type\":\"WebPage\",\"@id\":\"https:\\\/\\\/electricink.eu\\\/pt-pt\\\/producto\\\/carregador-para-baterias-electric-charger\\\/\",\"url\":\"https:\\\/\\\/electricink.eu\\\/pt-pt\\\/producto\\\/carregador-para-baterias-electric-charger\\\/\",\"name\":\"Carregador para baterias Electric Charger - Electric Ink\u00ae\",\"isPartOf\":{\"@id\":\"https:\\\/\\\/electricink.eu\\\/#website\"},\"primaryImageOfPage\":{\"@id\":\"https:\\\/\\\/electricink.eu\\\/pt-pt\\\/producto\\\/carregador-para-baterias-electric-charger\\\/#primaryimage\"},\"image\":{\"@id\":\"https:\\\/\\\/electricink.eu\\\/pt-pt\\\/producto\\\/carregador-para-baterias-electric-charger\\\/#primaryimage\"},\"thumbnailUrl\":\"https:\\\/\\\/electricink.eu\\\/wp-content\\\/uploads\\\/2024\\\/04\\\/foto-01.jpg\",\"datePublished\":\"2024-04-25T11:26:06+00:00\",\"dateModified\":\"2024-05-23T17:24:29+00:00\",\"description\":\"Carregador de alto desempenho, USB duplo, material retardador de chamas, leve e port\u00e1til, carga r\u00e1pida, prote\u00e7\u00e3o contra sobrecarga e curto-circuito.\",\"breadcrumb\":{\"@id\":\"https:\\\/\\\/electricink.eu\\\/pt-pt\\\/producto\\\/carregador-para-baterias-electric-charger\\\/#breadcrumb\"},\"inLanguage\":\"pt-PT\",\"potentialAction\":[{\"@type\":\"ReadAction\",\"target\":[\"https:\\\/\\\/electricink.eu\\\/pt-pt\\\/producto\\\/carregador-para-baterias-electric-charger\\\/\"]}]},{\"@type\":\"ImageObject\",\"inLanguage\":\"pt-PT\",\"@id\":\"https:\\\/\\\/electricink.eu\\\/pt-pt\\\/producto\\\/carregador-para-baterias-electric-charger\\\/#primaryimage\",\"url\":\"https:\\\/\\\/electricink.eu\\\/wp-content\\\/uploads\\\/2024\\\/04\\\/foto-01.jpg\",\"contentUrl\":\"https:\\\/\\\/electricink.eu\\\/wp-content\\\/uploads\\\/2024\\\/04\\\/foto-01.jpg\",\"width\":1200,\"height\":1200},{\"@type\":\"BreadcrumbList\",\"@id\":\"https:\\\/\\\/electricink.eu\\\/pt-pt\\\/producto\\\/carregador-para-baterias-electric-charger\\\/#breadcrumb\",\"itemListElement\":[{\"@type\":\"ListItem\",\"position\":1,\"name\":\"Portada\",\"item\":\"https:\\\/\\\/electricink.eu\\\/pt-pt\\\/home\\\/\"},{\"@type\":\"ListItem\",\"position\":2,\"name\":\"Tienda\",\"item\":\"https:\\\/\\\/electricink.eu\\\/tienda\\\/\"},{\"@type\":\"ListItem\",\"position\":3,\"name\":\"Carregador para baterias Electric Charger\"}]},{\"@type\":\"WebSite\",\"@id\":\"https:\\\/\\\/electricink.eu\\\/#website\",\"url\":\"https:\\\/\\\/electricink.eu\\\/\",\"name\":\"Electric Ink\u00ae\",\"description\":\"Material para Tatuar Profesional en Europa - Electric Ink\u00ae\",\"potentialAction\":[{\"@type\":\"SearchAction\",\"target\":{\"@type\":\"EntryPoint\",\"urlTemplate\":\"https:\\\/\\\/electricink.eu\\\/?s={search_term_string}\"},\"query-input\":{\"@type\":\"PropertyValueSpecification\",\"valueRequired\":true,\"valueName\":\"search_term_string\"}}],\"inLanguage\":\"pt-PT\"}]}<\/script>\n<!-- \/ Yoast SEO plugin. -->","yoast_head_json":{"title":"Carregador para baterias Electric Charger - Electric Ink\u00ae","description":"Carregador de alto desempenho, USB duplo, material retardador de chamas, leve e port\u00e1til, carga r\u00e1pida, prote\u00e7\u00e3o contra sobrecarga e curto-circuito.","robots":{"index":"index","follow":"follow","max-snippet":"max-snippet:-1","max-image-preview":"max-image-preview:large","max-video-preview":"max-video-preview:-1"},"canonical":"https:\/\/electricink.eu\/pt-pt\/producto\/carregador-para-baterias-electric-charger\/","og_locale":"pt_PT","og_type":"article","og_title":"Carregador para baterias Electric Charger - Electric Ink\u00ae","og_description":"Carregador de alto desempenho, USB duplo, material retardador de chamas, leve e port\u00e1til, carga r\u00e1pida, prote\u00e7\u00e3o contra sobrecarga e curto-circuito.","og_url":"https:\/\/electricink.eu\/pt-pt\/producto\/carregador-para-baterias-electric-charger\/","og_site_name":"Electric Ink\u00ae","article_modified_time":"2024-05-23T17:24:29+00:00","og_image":[{"width":1200,"height":1200,"url":"https:\/\/electricink.eu\/wp-content\/uploads\/2024\/04\/foto-01.jpg","type":"image\/jpeg"}],"twitter_card":"summary_large_image","twitter_misc":{"Tempo estimado de leitura":"1 minuto"},"schema":{"@context":"https:\/\/schema.org","@graph":[{"@type":"WebPage","@id":"https:\/\/electricink.eu\/pt-pt\/producto\/carregador-para-baterias-electric-charger\/","url":"https:\/\/electricink.eu\/pt-pt\/producto\/carregador-para-baterias-electric-charger\/","name":"Carregador para baterias Electric Charger - Electric Ink\u00ae","isPartOf":{"@id":"https:\/\/electricink.eu\/#website"},"primaryImageOfPage":{"@id":"https:\/\/electricink.eu\/pt-pt\/producto\/carregador-para-baterias-electric-charger\/#primaryimage"},"image":{"@id":"https:\/\/electricink.eu\/pt-pt\/producto\/carregador-para-baterias-electric-charger\/#primaryimage"},"thumbnailUrl":"https:\/\/electricink.eu\/wp-content\/uploads\/2024\/04\/foto-01.jpg","datePublished":"2024-04-25T11:26:06+00:00","dateModified":"2024-05-23T17:24:29+00:00","description":"Carregador de alto desempenho, USB duplo, material retardador de chamas, leve e port\u00e1til, carga r\u00e1pida, prote\u00e7\u00e3o contra sobrecarga e curto-circuito.","breadcrumb":{"@id":"https:\/\/electricink.eu\/pt-pt\/producto\/carregador-para-baterias-electric-charger\/#breadcrumb"},"inLanguage":"pt-PT","potentialAction":[{"@type":"ReadAction","target":["https:\/\/electricink.eu\/pt-pt\/producto\/carregador-para-baterias-electric-charger\/"]}]},{"@type":"ImageObject","inLanguage":"pt-PT","@id":"https:\/\/electricink.eu\/pt-pt\/producto\/carregador-para-baterias-electric-charger\/#primaryimage","url":"https:\/\/electricink.eu\/wp-content\/uploads\/2024\/04\/foto-01.jpg","contentUrl":"https:\/\/electricink.eu\/wp-content\/uploads\/2024\/04\/foto-01.jpg","width":1200,"height":1200},{"@type":"BreadcrumbList","@id":"https:\/\/electricink.eu\/pt-pt\/producto\/carregador-para-baterias-electric-charger\/#breadcrumb","itemListElement":[{"@type":"ListItem","position":1,"name":"Portada","item":"https:\/\/electricink.eu\/pt-pt\/home\/"},{"@type":"ListItem","position":2,"name":"Tienda","item":"https:\/\/electricink.eu\/tienda\/"},{"@type":"ListItem","position":3,"name":"Carregador para baterias Electric Charger"}]},{"@type":"WebSite","@id":"https:\/\/electricink.eu\/#website","url":"https:\/\/electricink.eu\/","name":"Electric Ink\u00ae","description":"Material para Tatuar Profesional en Europa - Electric Ink\u00ae","potentialAction":[{"@type":"SearchAction","target":{"@type":"EntryPoint","urlTemplate":"https:\/\/electricink.eu\/?s={search_term_string}"},"query-input":{"@type":"PropertyValueSpecification","valueRequired":true,"valueName":"search_term_string"}}],"inLanguage":"pt-PT"}]}},"_links":{"self":[{"href":"https:\/\/electricink.eu\/pt-pt\/wp-json\/wp\/v2\/product\/41425","targetHints":{"allow":["GET"]}}],"collection":[{"href":"https:\/\/electricink.eu\/pt-pt\/wp-json\/wp\/v2\/product"}],"about":[{"href":"https:\/\/electricink.eu\/pt-pt\/wp-json\/wp\/v2\/types\/product"}],"replies":[{"embeddable":true,"href":"https:\/\/electricink.eu\/pt-pt\/wp-json\/wp\/v2\/comments?post=41425"}],"wp:featuredmedia":[{"embeddable":true,"href":"https:\/\/electricink.eu\/pt-pt\/wp-json\/wp\/v2\/media\/40963"}],"wp:attachment":[{"href":"https:\/\/electricink.eu\/pt-pt\/wp-json\/wp\/v2\/media?parent=41425"}],"wp:term":[{"taxonomy":"product_brand","embeddable":true,"href":"https:\/\/electricink.eu\/pt-pt\/wp-json\/wp\/v2\/product_brand?post=41425"},{"taxonomy":"product_cat","embeddable":true,"href":"https:\/\/electricink.eu\/pt-pt\/wp-json\/wp\/v2\/product_cat?post=41425"},{"taxonomy":"product_tag","embeddable":true,"href":"https:\/\/electricink.eu\/pt-pt\/wp-json\/wp\/v2\/product_tag?post=41425"}],"curies":[{"name":"wp","href":"https:\/\/api.w.org\/{rel}","templated":true}]}}