{"id":41434,"date":"2024-04-25T13:41:02","date_gmt":"2024-04-25T11:41:02","guid":{"rendered":"https:\/\/electricink.eu\/producto\/grip-pen-3-4-0mm-38mm\/"},"modified":"2024-05-24T12:05:15","modified_gmt":"2024-05-24T10:05:15","slug":"grip-pen-3-4-0mm-38mm","status":"publish","type":"product","link":"https:\/\/electricink.eu\/pt-pt\/producto\/grip-pen-3-4-0mm-38mm\/","title":{"rendered":"Grip Pen 3 4.0mm 38mm"},"content":{"rendered":"<p><strong>Grip Electric Ink Pen 3 38mm<\/strong><\/p>\n<p><strong>Caracter\u00edsticas:<\/strong><\/p>\n<p>&#8211; Compat\u00edvel apenas com a Electric Ink Pen 3;<\/p>\n<p>&#8211; Di\u00e2metro de 38mm;<\/p>\n<p>&#8211; Encaixe Flex para cartuchos Electric Ink e Universais;<\/p>\n<p>&#8211; Regulagem de exposi\u00e7\u00e3o de agulha;<\/p>\n<p>&#8211; Material de alta resist\u00eancia e durabilidade.<\/p>\n","protected":false},"excerpt":{"rendered":"<p><strong>Grip Electric Ink Pen 3 38mm<\/strong><\/p>\n<p><strong>Conforto e qualidade na sua medida.<\/strong><\/p>\n<p>O Grip Regul\u00e1vel da Pen 3 foi desenvolvido para artistas que desejam um contrapeso e di\u00e2metro maiores sem abrir m\u00e3o da ergonomia e do conforto.<\/p>\n<p>Fabricado com material de alta resist\u00eancia e durabilidade, possui encaixe Flex para cartuchos Electric Ink e Universais, com rota\u00e7\u00f5es nos sentidos hor\u00e1rio e anti-hor\u00e1rio para regulagem de exposi\u00e7\u00e3o de agulha.<\/p>\n<p>*Compat\u00edvel apenas com a Electric Ink Pen 3.<\/p>\n","protected":false},"featured_media":41005,"comment_status":"closed","ping_status":"closed","template":"","meta":{"_acf_changed":false,"_et_pb_use_builder":"","_et_pb_old_content":"","_et_gb_content_width":"","inline_featured_image":false},"product_brand":[],"product_cat":[745,750,757],"product_tag":[],"class_list":{"0":"post-41434","1":"product","2":"type-product","3":"status-publish","4":"has-post-thumbnail","6":"product_cat-tattoo","7":"product_cat-grips-pt","8":"product_cat-maquinas-pen-pt-pt","10":"first","11":"instock","12":"taxable","13":"shipping-taxable","14":"purchasable","15":"product-type-simple"},"acf":[],"yoast_head":"<!-- This site is optimized with the Yoast SEO plugin v27.4 - https:\/\/yoast.com\/product\/yoast-seo-wordpress\/ -->\n<title>Grip Pen 3 4.0mm 38mm - Electric Ink\u00ae<\/title>\n<meta name=\"description\" content=\"Maior contrapeso e di\u00e2metro sem comprometer a ergonomia e o conforto. Material altamente resistente e dur\u00e1vel, possui encaixeFlex.\" \/>\n<meta name=\"robots\" content=\"index, follow, max-snippet:-1, max-image-preview:large, max-video-preview:-1\" \/>\n<link rel=\"canonical\" href=\"https:\/\/electricink.eu\/pt-pt\/producto\/grip-pen-3-4-0mm-38mm\/\" \/>\n<meta property=\"og:locale\" content=\"pt_PT\" \/>\n<meta property=\"og:type\" content=\"article\" \/>\n<meta property=\"og:title\" content=\"Grip Pen 3 4.0mm 38mm - Electric Ink\u00ae\" \/>\n<meta property=\"og:description\" content=\"Maior contrapeso e di\u00e2metro sem comprometer a ergonomia e o conforto. Material altamente resistente e dur\u00e1vel, possui encaixeFlex.\" \/>\n<meta property=\"og:url\" content=\"https:\/\/electricink.eu\/pt-pt\/producto\/grip-pen-3-4-0mm-38mm\/\" \/>\n<meta property=\"og:site_name\" content=\"Electric Ink\u00ae\" \/>\n<meta property=\"article:modified_time\" content=\"2024-05-24T10:05:15+00:00\" \/>\n<meta property=\"og:image\" content=\"https:\/\/electricink.eu\/wp-content\/uploads\/2024\/04\/GRIP-1.jpg\" \/>\n\t<meta property=\"og:image:width\" content=\"1200\" \/>\n\t<meta property=\"og:image:height\" content=\"1200\" \/>\n\t<meta property=\"og:image:type\" content=\"image\/jpeg\" \/>\n<meta name=\"twitter:card\" content=\"summary_large_image\" \/>\n<script type=\"application\/ld+json\" class=\"yoast-schema-graph\">{\"@context\":\"https:\\\/\\\/schema.org\",\"@graph\":[{\"@type\":\"WebPage\",\"@id\":\"https:\\\/\\\/electricink.eu\\\/pt-pt\\\/producto\\\/grip-pen-3-4-0mm-38mm\\\/\",\"url\":\"https:\\\/\\\/electricink.eu\\\/pt-pt\\\/producto\\\/grip-pen-3-4-0mm-38mm\\\/\",\"name\":\"Grip Pen 3 4.0mm 38mm - Electric Ink\u00ae\",\"isPartOf\":{\"@id\":\"https:\\\/\\\/electricink.eu\\\/#website\"},\"primaryImageOfPage\":{\"@id\":\"https:\\\/\\\/electricink.eu\\\/pt-pt\\\/producto\\\/grip-pen-3-4-0mm-38mm\\\/#primaryimage\"},\"image\":{\"@id\":\"https:\\\/\\\/electricink.eu\\\/pt-pt\\\/producto\\\/grip-pen-3-4-0mm-38mm\\\/#primaryimage\"},\"thumbnailUrl\":\"https:\\\/\\\/electricink.eu\\\/wp-content\\\/uploads\\\/2024\\\/04\\\/GRIP-1.jpg\",\"datePublished\":\"2024-04-25T11:41:02+00:00\",\"dateModified\":\"2024-05-24T10:05:15+00:00\",\"description\":\"Maior contrapeso e di\u00e2metro sem comprometer a ergonomia e o conforto. Material altamente resistente e dur\u00e1vel, possui encaixeFlex.\",\"breadcrumb\":{\"@id\":\"https:\\\/\\\/electricink.eu\\\/pt-pt\\\/producto\\\/grip-pen-3-4-0mm-38mm\\\/#breadcrumb\"},\"inLanguage\":\"pt-PT\",\"potentialAction\":[{\"@type\":\"ReadAction\",\"target\":[\"https:\\\/\\\/electricink.eu\\\/pt-pt\\\/producto\\\/grip-pen-3-4-0mm-38mm\\\/\"]}]},{\"@type\":\"ImageObject\",\"inLanguage\":\"pt-PT\",\"@id\":\"https:\\\/\\\/electricink.eu\\\/pt-pt\\\/producto\\\/grip-pen-3-4-0mm-38mm\\\/#primaryimage\",\"url\":\"https:\\\/\\\/electricink.eu\\\/wp-content\\\/uploads\\\/2024\\\/04\\\/GRIP-1.jpg\",\"contentUrl\":\"https:\\\/\\\/electricink.eu\\\/wp-content\\\/uploads\\\/2024\\\/04\\\/GRIP-1.jpg\",\"width\":1200,\"height\":1200},{\"@type\":\"BreadcrumbList\",\"@id\":\"https:\\\/\\\/electricink.eu\\\/pt-pt\\\/producto\\\/grip-pen-3-4-0mm-38mm\\\/#breadcrumb\",\"itemListElement\":[{\"@type\":\"ListItem\",\"position\":1,\"name\":\"Portada\",\"item\":\"https:\\\/\\\/electricink.eu\\\/pt-pt\\\/home\\\/\"},{\"@type\":\"ListItem\",\"position\":2,\"name\":\"Tienda\",\"item\":\"https:\\\/\\\/electricink.eu\\\/tienda\\\/\"},{\"@type\":\"ListItem\",\"position\":3,\"name\":\"Grip Pen 3 4.0mm 38mm\"}]},{\"@type\":\"WebSite\",\"@id\":\"https:\\\/\\\/electricink.eu\\\/#website\",\"url\":\"https:\\\/\\\/electricink.eu\\\/\",\"name\":\"Electric Ink\u00ae\",\"description\":\"Material para Tatuar Profesional en Europa - Electric Ink\u00ae\",\"potentialAction\":[{\"@type\":\"SearchAction\",\"target\":{\"@type\":\"EntryPoint\",\"urlTemplate\":\"https:\\\/\\\/electricink.eu\\\/?s={search_term_string}\"},\"query-input\":{\"@type\":\"PropertyValueSpecification\",\"valueRequired\":true,\"valueName\":\"search_term_string\"}}],\"inLanguage\":\"pt-PT\"}]}<\/script>\n<!-- \/ Yoast SEO plugin. -->","yoast_head_json":{"title":"Grip Pen 3 4.0mm 38mm - Electric Ink\u00ae","description":"Maior contrapeso e di\u00e2metro sem comprometer a ergonomia e o conforto. Material altamente resistente e dur\u00e1vel, possui encaixeFlex.","robots":{"index":"index","follow":"follow","max-snippet":"max-snippet:-1","max-image-preview":"max-image-preview:large","max-video-preview":"max-video-preview:-1"},"canonical":"https:\/\/electricink.eu\/pt-pt\/producto\/grip-pen-3-4-0mm-38mm\/","og_locale":"pt_PT","og_type":"article","og_title":"Grip Pen 3 4.0mm 38mm - Electric Ink\u00ae","og_description":"Maior contrapeso e di\u00e2metro sem comprometer a ergonomia e o conforto. Material altamente resistente e dur\u00e1vel, possui encaixeFlex.","og_url":"https:\/\/electricink.eu\/pt-pt\/producto\/grip-pen-3-4-0mm-38mm\/","og_site_name":"Electric Ink\u00ae","article_modified_time":"2024-05-24T10:05:15+00:00","og_image":[{"width":1200,"height":1200,"url":"https:\/\/electricink.eu\/wp-content\/uploads\/2024\/04\/GRIP-1.jpg","type":"image\/jpeg"}],"twitter_card":"summary_large_image","schema":{"@context":"https:\/\/schema.org","@graph":[{"@type":"WebPage","@id":"https:\/\/electricink.eu\/pt-pt\/producto\/grip-pen-3-4-0mm-38mm\/","url":"https:\/\/electricink.eu\/pt-pt\/producto\/grip-pen-3-4-0mm-38mm\/","name":"Grip Pen 3 4.0mm 38mm - Electric Ink\u00ae","isPartOf":{"@id":"https:\/\/electricink.eu\/#website"},"primaryImageOfPage":{"@id":"https:\/\/electricink.eu\/pt-pt\/producto\/grip-pen-3-4-0mm-38mm\/#primaryimage"},"image":{"@id":"https:\/\/electricink.eu\/pt-pt\/producto\/grip-pen-3-4-0mm-38mm\/#primaryimage"},"thumbnailUrl":"https:\/\/electricink.eu\/wp-content\/uploads\/2024\/04\/GRIP-1.jpg","datePublished":"2024-04-25T11:41:02+00:00","dateModified":"2024-05-24T10:05:15+00:00","description":"Maior contrapeso e di\u00e2metro sem comprometer a ergonomia e o conforto. Material altamente resistente e dur\u00e1vel, possui encaixeFlex.","breadcrumb":{"@id":"https:\/\/electricink.eu\/pt-pt\/producto\/grip-pen-3-4-0mm-38mm\/#breadcrumb"},"inLanguage":"pt-PT","potentialAction":[{"@type":"ReadAction","target":["https:\/\/electricink.eu\/pt-pt\/producto\/grip-pen-3-4-0mm-38mm\/"]}]},{"@type":"ImageObject","inLanguage":"pt-PT","@id":"https:\/\/electricink.eu\/pt-pt\/producto\/grip-pen-3-4-0mm-38mm\/#primaryimage","url":"https:\/\/electricink.eu\/wp-content\/uploads\/2024\/04\/GRIP-1.jpg","contentUrl":"https:\/\/electricink.eu\/wp-content\/uploads\/2024\/04\/GRIP-1.jpg","width":1200,"height":1200},{"@type":"BreadcrumbList","@id":"https:\/\/electricink.eu\/pt-pt\/producto\/grip-pen-3-4-0mm-38mm\/#breadcrumb","itemListElement":[{"@type":"ListItem","position":1,"name":"Portada","item":"https:\/\/electricink.eu\/pt-pt\/home\/"},{"@type":"ListItem","position":2,"name":"Tienda","item":"https:\/\/electricink.eu\/tienda\/"},{"@type":"ListItem","position":3,"name":"Grip Pen 3 4.0mm 38mm"}]},{"@type":"WebSite","@id":"https:\/\/electricink.eu\/#website","url":"https:\/\/electricink.eu\/","name":"Electric Ink\u00ae","description":"Material para Tatuar Profesional en Europa - Electric Ink\u00ae","potentialAction":[{"@type":"SearchAction","target":{"@type":"EntryPoint","urlTemplate":"https:\/\/electricink.eu\/?s={search_term_string}"},"query-input":{"@type":"PropertyValueSpecification","valueRequired":true,"valueName":"search_term_string"}}],"inLanguage":"pt-PT"}]}},"_links":{"self":[{"href":"https:\/\/electricink.eu\/pt-pt\/wp-json\/wp\/v2\/product\/41434","targetHints":{"allow":["GET"]}}],"collection":[{"href":"https:\/\/electricink.eu\/pt-pt\/wp-json\/wp\/v2\/product"}],"about":[{"href":"https:\/\/electricink.eu\/pt-pt\/wp-json\/wp\/v2\/types\/product"}],"replies":[{"embeddable":true,"href":"https:\/\/electricink.eu\/pt-pt\/wp-json\/wp\/v2\/comments?post=41434"}],"wp:featuredmedia":[{"embeddable":true,"href":"https:\/\/electricink.eu\/pt-pt\/wp-json\/wp\/v2\/media\/41005"}],"wp:attachment":[{"href":"https:\/\/electricink.eu\/pt-pt\/wp-json\/wp\/v2\/media?parent=41434"}],"wp:term":[{"taxonomy":"product_brand","embeddable":true,"href":"https:\/\/electricink.eu\/pt-pt\/wp-json\/wp\/v2\/product_brand?post=41434"},{"taxonomy":"product_cat","embeddable":true,"href":"https:\/\/electricink.eu\/pt-pt\/wp-json\/wp\/v2\/product_cat?post=41434"},{"taxonomy":"product_tag","embeddable":true,"href":"https:\/\/electricink.eu\/pt-pt\/wp-json\/wp\/v2\/product_tag?post=41434"}],"curies":[{"name":"wp","href":"https:\/\/api.w.org\/{rel}","templated":true}]}}