{"id":41448,"date":"2024-04-25T14:01:20","date_gmt":"2024-04-25T12:01:20","guid":{"rendered":"https:\/\/electricink.eu\/producto\/fonte-wireless-power-3\/"},"modified":"2024-05-27T13:36:36","modified_gmt":"2024-05-27T11:36:36","slug":"fonte-wireless-power-3","status":"publish","type":"product","link":"https:\/\/electricink.eu\/pt-pt\/producto\/fonte-wireless-power-3\/","title":{"rendered":"Fonte wireless Power 3"},"content":{"rendered":"<p><strong>Fonte sem fio Power 3<\/strong><\/p>\n<p><strong>Descubra agora o poder da Power 3 e surpreenda-se com um novo mundo de possibilidades!<\/strong><\/p>\n<p>Liga e Desliga e altera\u00e7\u00e3o de velocidade por gesto;<br \/>Compat\u00edvel com o app Electric Ink;<br \/>Compat\u00edvel com Pedal Bobtail;<br \/>Indicador de Sensibilidade com LED;<br \/>Acoplamento Magn\u00e9tico MC2 com adaptador RCA;<br \/>Bluetooth 5.3;<br \/>Drivers de m\u00e1quinas;<br \/>\u201cTattoox\u00edmetro\u201d \/ medidor de tempo da sess\u00e3o de tatuagem;<br \/>Multi-idioma;<br \/>Fun\u00e7\u00e3o Dot Work;<br \/>Amper\u00edmetro;<br \/>Kick Booster;<br \/>Display colorido;<br \/>Prote\u00e7\u00e3o contra curto-circuito;<br \/>Mem\u00f3rias de velocidade;<br \/>Bateria externa.<\/p>\n<p>*Para o perfeito funcionamento da Fonte Power 3 indicamos a utiliza\u00e7\u00e3o da Bateria recarreg\u00e1vel para Power 3 &#8211; Li-Ion 2000mAh da Electric Ink.<br \/>*Indicada para m\u00e1quina Pen 3 e para todas as m\u00e1quinas rotativas Electric Ink com Conex\u00e3o RCA.<\/p>\n<p><strong>Perguntas Frequentes:<\/strong><\/p>\n<ol>\n<li>A Fonte Power 3 \u00e9 compat\u00edvel com quais m\u00e1quinas? Ela \u00e9 compat\u00edvel com a m\u00e1quina Pen 3 (acoplamento MC2) e com as m\u00e1quinas Electric Ink com conex\u00e3o RCA.<\/li>\n<\/ol>\n<ol start=\"2\">\n<li>Qual bateria \u00e9 indicada? A Bateria Recarreg\u00e1vel de LI-ION para Power 3.<\/li>\n<\/ol>\n<ol start=\"3\">\n<li>Qual \u00e9 a autonomia da bateria? A autonomia \u00e9 influenciada por diversos fatores como modo de uso da sua m\u00e1quina, amperagem, voltagem, entre outros, mas pode chegar a 16 horas de trabalho.<\/li>\n<\/ol>\n<ol start=\"4\">\n<li>Como funciona o Liga\/Desliga por movimento? Ao pegar a m\u00e1quina com a Fonte Power 3 ela ligar\u00e1 automaticamente, pois o seu sensor reconhecer\u00e1 o movimento para iniciar. Ao deixar a m\u00e1quina parada na bancada ela parar\u00e1 de funcionar, pois o sensor reconhecer\u00e1 a falta de movimento.<\/li>\n<\/ol>\n<ol start=\"5\">\n<li>Quando a vida \u00fatil da bateria acabar, devo descartar a minha fonte? N\u00c3O! Essa \u00e9 uma de suas principais vantagens. Quando a vida \u00fatil da bateria acabar voc\u00ea deve apenas repor a bateria e continuar a usar a sua fonte.<\/li>\n<\/ol>\n<ol start=\"6\">\n<li>Para que serve o indicador de sensibilidade que aparece na tela? Esse indicador \u00e9 ligado ao amper\u00edmetro e mostra se voc\u00ea est\u00e1 utilizando a sua m\u00e1quina da forma correta e sem for\u00e7ar em excesso o motor do seu equipamento. Isso possibilita o aumento da vida \u00fatil do motor.<\/li>\n<\/ol>\n<p>&nbsp;<\/p>\n<p><strong>&#8212;&#8212;&#8212;&#8212;&#8212;&#8212;&#8212;Garantia do Produto&#8212;&#8212;&#8212;&#8212;&#8212;&#8212;&#8212;-<\/strong><\/p>\n<p>O per\u00edodo de garantia oferecido pela Electric Ink segue os regulamentos europeus atuais. A garantia da Electric Ink para defeitos de fabrica\u00e7\u00e3o come\u00e7a a partir da compra do produto pelo consumidor, verificada na nota fiscal de compra do respectivo item.<\/p>\n","protected":false},"excerpt":{"rendered":"<p><strong>Pequena no tamanho e gigante em inova\u00e7\u00e3o!<\/strong><\/p>\n<p>Com fun\u00e7\u00f5es nunca vistas antes, descubra como uma fonte revolucion\u00e1ria pode beneficiar seu trabalho:<\/p>\n<p>Atrav\u00e9s de simples movimentos voc\u00ea pode ligar, desligar e alterar a velocidade da sua fonte. Al\u00e9m disso, conta com um inovador Indicador de Sensibilidade, que, ligado diretamente ao amper\u00edmetro, mostra em tempo real se voc\u00ea est\u00e1 utilizando a sua m\u00e1quina da forma correta, sem sobrecarreg\u00e1-la.<\/p>\n<p>Com a fun\u00e7\u00e3o de Kick Booster, voc\u00ea liga a sua fonte partindo de uma tens\u00e3o mais alta ideal, o que permite aumentar a vida \u00fatil do motor<\/p>\n<p>Vers\u00e1til, ela possui o exclusivo acoplamento Magn\u00e9tico MC2 (Magnetic Coupling 2) e adaptador RCA.<\/p>\n<p>Ela conta tamb\u00e9m com bluetooth 5.3, fun\u00e7\u00e3o Dot Work, drivers de m\u00e1quinas, multi-idiomas, &#8220;tattoox\u00edmetro&#8221;\/ medidor de tempo da sess\u00e3o de tataugem, amper\u00edmetro, op\u00e7\u00e3o de voltagem e hertz, mem\u00f3rias de velocidade, prote\u00e7\u00e3o contra curto-circuito e bateria independente, que permite preven\u00e7\u00e3o de eventuais danos.<\/p>\n<p><strong>Uma fonte pequena e leve, que te proporcionar\u00e1 mais liberdade e rapidez ao seu trabalho.<\/strong><\/p>\n","protected":false},"featured_media":41028,"comment_status":"closed","ping_status":"closed","template":"","meta":{"_acf_changed":false,"_et_pb_use_builder":"","_et_pb_old_content":"","_et_gb_content_width":"","inline_featured_image":false},"product_brand":[],"product_cat":[1131,745,749],"product_tag":[],"class_list":{"0":"post-41448","1":"product","2":"type-product","3":"status-publish","4":"has-post-thumbnail","6":"product_cat-perifericos","7":"product_cat-tattoo","8":"product_cat-fontes-tattoo","10":"first","11":"instock","12":"taxable","13":"shipping-taxable","14":"purchasable","15":"product-type-simple"},"acf":[],"yoast_head":"<!-- This site is optimized with the Yoast SEO plugin v27.4 - https:\/\/yoast.com\/product\/yoast-seo-wordpress\/ -->\n<title>Fonte wireless Power 3 - Electric Ink\u00ae<\/title>\n<meta name=\"description\" content=\"Tecnologia e inova\u00e7\u00e3o reunidas na nova fonte Power 3 Uma fonte pequena e leve que traz mais liberdade e rapidez ao seu trabalho.\" \/>\n<meta name=\"robots\" content=\"index, follow, max-snippet:-1, max-image-preview:large, max-video-preview:-1\" \/>\n<link rel=\"canonical\" href=\"https:\/\/electricink.eu\/pt-pt\/producto\/fonte-wireless-power-3\/\" \/>\n<meta property=\"og:locale\" content=\"pt_PT\" \/>\n<meta property=\"og:type\" content=\"article\" \/>\n<meta property=\"og:title\" content=\"Fonte wireless Power 3 - Electric Ink\u00ae\" \/>\n<meta property=\"og:description\" content=\"Tecnologia e inova\u00e7\u00e3o reunidas na nova fonte Power 3 Uma fonte pequena e leve que traz mais liberdade e rapidez ao seu trabalho.\" \/>\n<meta property=\"og:url\" content=\"https:\/\/electricink.eu\/pt-pt\/producto\/fonte-wireless-power-3\/\" \/>\n<meta property=\"og:site_name\" content=\"Electric Ink\u00ae\" \/>\n<meta property=\"article:modified_time\" content=\"2024-05-27T11:36:36+00:00\" \/>\n<meta property=\"og:image\" content=\"https:\/\/electricink.eu\/wp-content\/uploads\/2024\/04\/POWER-3-LARGE-1.png\" \/>\n\t<meta property=\"og:image:width\" content=\"1200\" \/>\n\t<meta property=\"og:image:height\" content=\"1200\" \/>\n\t<meta property=\"og:image:type\" content=\"image\/png\" \/>\n<meta name=\"twitter:card\" content=\"summary_large_image\" \/>\n<meta name=\"twitter:label1\" content=\"Tempo estimado de leitura\" \/>\n\t<meta name=\"twitter:data1\" content=\"2 minutos\" \/>\n<script type=\"application\/ld+json\" class=\"yoast-schema-graph\">{\"@context\":\"https:\\\/\\\/schema.org\",\"@graph\":[{\"@type\":\"WebPage\",\"@id\":\"https:\\\/\\\/electricink.eu\\\/pt-pt\\\/producto\\\/fonte-wireless-power-3\\\/\",\"url\":\"https:\\\/\\\/electricink.eu\\\/pt-pt\\\/producto\\\/fonte-wireless-power-3\\\/\",\"name\":\"Fonte wireless Power 3 - Electric Ink\u00ae\",\"isPartOf\":{\"@id\":\"https:\\\/\\\/electricink.eu\\\/#website\"},\"primaryImageOfPage\":{\"@id\":\"https:\\\/\\\/electricink.eu\\\/pt-pt\\\/producto\\\/fonte-wireless-power-3\\\/#primaryimage\"},\"image\":{\"@id\":\"https:\\\/\\\/electricink.eu\\\/pt-pt\\\/producto\\\/fonte-wireless-power-3\\\/#primaryimage\"},\"thumbnailUrl\":\"https:\\\/\\\/electricink.eu\\\/wp-content\\\/uploads\\\/2024\\\/04\\\/POWER-3-LARGE-1.png\",\"datePublished\":\"2024-04-25T12:01:20+00:00\",\"dateModified\":\"2024-05-27T11:36:36+00:00\",\"description\":\"Tecnologia e inova\u00e7\u00e3o reunidas na nova fonte Power 3 Uma fonte pequena e leve que traz mais liberdade e rapidez ao seu trabalho.\",\"breadcrumb\":{\"@id\":\"https:\\\/\\\/electricink.eu\\\/pt-pt\\\/producto\\\/fonte-wireless-power-3\\\/#breadcrumb\"},\"inLanguage\":\"pt-PT\",\"potentialAction\":[{\"@type\":\"ReadAction\",\"target\":[\"https:\\\/\\\/electricink.eu\\\/pt-pt\\\/producto\\\/fonte-wireless-power-3\\\/\"]}]},{\"@type\":\"ImageObject\",\"inLanguage\":\"pt-PT\",\"@id\":\"https:\\\/\\\/electricink.eu\\\/pt-pt\\\/producto\\\/fonte-wireless-power-3\\\/#primaryimage\",\"url\":\"https:\\\/\\\/electricink.eu\\\/wp-content\\\/uploads\\\/2024\\\/04\\\/POWER-3-LARGE-1.png\",\"contentUrl\":\"https:\\\/\\\/electricink.eu\\\/wp-content\\\/uploads\\\/2024\\\/04\\\/POWER-3-LARGE-1.png\",\"width\":1200,\"height\":1200},{\"@type\":\"BreadcrumbList\",\"@id\":\"https:\\\/\\\/electricink.eu\\\/pt-pt\\\/producto\\\/fonte-wireless-power-3\\\/#breadcrumb\",\"itemListElement\":[{\"@type\":\"ListItem\",\"position\":1,\"name\":\"Portada\",\"item\":\"https:\\\/\\\/electricink.eu\\\/pt-pt\\\/home\\\/\"},{\"@type\":\"ListItem\",\"position\":2,\"name\":\"Tienda\",\"item\":\"https:\\\/\\\/electricink.eu\\\/tienda\\\/\"},{\"@type\":\"ListItem\",\"position\":3,\"name\":\"Fonte wireless Power 3\"}]},{\"@type\":\"WebSite\",\"@id\":\"https:\\\/\\\/electricink.eu\\\/#website\",\"url\":\"https:\\\/\\\/electricink.eu\\\/\",\"name\":\"Electric Ink\u00ae\",\"description\":\"Material para Tatuar Profesional en Europa - Electric Ink\u00ae\",\"potentialAction\":[{\"@type\":\"SearchAction\",\"target\":{\"@type\":\"EntryPoint\",\"urlTemplate\":\"https:\\\/\\\/electricink.eu\\\/?s={search_term_string}\"},\"query-input\":{\"@type\":\"PropertyValueSpecification\",\"valueRequired\":true,\"valueName\":\"search_term_string\"}}],\"inLanguage\":\"pt-PT\"}]}<\/script>\n<!-- \/ Yoast SEO plugin. -->","yoast_head_json":{"title":"Fonte wireless Power 3 - Electric Ink\u00ae","description":"Tecnologia e inova\u00e7\u00e3o reunidas na nova fonte Power 3 Uma fonte pequena e leve que traz mais liberdade e rapidez ao seu trabalho.","robots":{"index":"index","follow":"follow","max-snippet":"max-snippet:-1","max-image-preview":"max-image-preview:large","max-video-preview":"max-video-preview:-1"},"canonical":"https:\/\/electricink.eu\/pt-pt\/producto\/fonte-wireless-power-3\/","og_locale":"pt_PT","og_type":"article","og_title":"Fonte wireless Power 3 - Electric Ink\u00ae","og_description":"Tecnologia e inova\u00e7\u00e3o reunidas na nova fonte Power 3 Uma fonte pequena e leve que traz mais liberdade e rapidez ao seu trabalho.","og_url":"https:\/\/electricink.eu\/pt-pt\/producto\/fonte-wireless-power-3\/","og_site_name":"Electric Ink\u00ae","article_modified_time":"2024-05-27T11:36:36+00:00","og_image":[{"width":1200,"height":1200,"url":"https:\/\/electricink.eu\/wp-content\/uploads\/2024\/04\/POWER-3-LARGE-1.png","type":"image\/png"}],"twitter_card":"summary_large_image","twitter_misc":{"Tempo estimado de leitura":"2 minutos"},"schema":{"@context":"https:\/\/schema.org","@graph":[{"@type":"WebPage","@id":"https:\/\/electricink.eu\/pt-pt\/producto\/fonte-wireless-power-3\/","url":"https:\/\/electricink.eu\/pt-pt\/producto\/fonte-wireless-power-3\/","name":"Fonte wireless Power 3 - Electric Ink\u00ae","isPartOf":{"@id":"https:\/\/electricink.eu\/#website"},"primaryImageOfPage":{"@id":"https:\/\/electricink.eu\/pt-pt\/producto\/fonte-wireless-power-3\/#primaryimage"},"image":{"@id":"https:\/\/electricink.eu\/pt-pt\/producto\/fonte-wireless-power-3\/#primaryimage"},"thumbnailUrl":"https:\/\/electricink.eu\/wp-content\/uploads\/2024\/04\/POWER-3-LARGE-1.png","datePublished":"2024-04-25T12:01:20+00:00","dateModified":"2024-05-27T11:36:36+00:00","description":"Tecnologia e inova\u00e7\u00e3o reunidas na nova fonte Power 3 Uma fonte pequena e leve que traz mais liberdade e rapidez ao seu trabalho.","breadcrumb":{"@id":"https:\/\/electricink.eu\/pt-pt\/producto\/fonte-wireless-power-3\/#breadcrumb"},"inLanguage":"pt-PT","potentialAction":[{"@type":"ReadAction","target":["https:\/\/electricink.eu\/pt-pt\/producto\/fonte-wireless-power-3\/"]}]},{"@type":"ImageObject","inLanguage":"pt-PT","@id":"https:\/\/electricink.eu\/pt-pt\/producto\/fonte-wireless-power-3\/#primaryimage","url":"https:\/\/electricink.eu\/wp-content\/uploads\/2024\/04\/POWER-3-LARGE-1.png","contentUrl":"https:\/\/electricink.eu\/wp-content\/uploads\/2024\/04\/POWER-3-LARGE-1.png","width":1200,"height":1200},{"@type":"BreadcrumbList","@id":"https:\/\/electricink.eu\/pt-pt\/producto\/fonte-wireless-power-3\/#breadcrumb","itemListElement":[{"@type":"ListItem","position":1,"name":"Portada","item":"https:\/\/electricink.eu\/pt-pt\/home\/"},{"@type":"ListItem","position":2,"name":"Tienda","item":"https:\/\/electricink.eu\/tienda\/"},{"@type":"ListItem","position":3,"name":"Fonte wireless Power 3"}]},{"@type":"WebSite","@id":"https:\/\/electricink.eu\/#website","url":"https:\/\/electricink.eu\/","name":"Electric Ink\u00ae","description":"Material para Tatuar Profesional en Europa - Electric Ink\u00ae","potentialAction":[{"@type":"SearchAction","target":{"@type":"EntryPoint","urlTemplate":"https:\/\/electricink.eu\/?s={search_term_string}"},"query-input":{"@type":"PropertyValueSpecification","valueRequired":true,"valueName":"search_term_string"}}],"inLanguage":"pt-PT"}]}},"_links":{"self":[{"href":"https:\/\/electricink.eu\/pt-pt\/wp-json\/wp\/v2\/product\/41448","targetHints":{"allow":["GET"]}}],"collection":[{"href":"https:\/\/electricink.eu\/pt-pt\/wp-json\/wp\/v2\/product"}],"about":[{"href":"https:\/\/electricink.eu\/pt-pt\/wp-json\/wp\/v2\/types\/product"}],"replies":[{"embeddable":true,"href":"https:\/\/electricink.eu\/pt-pt\/wp-json\/wp\/v2\/comments?post=41448"}],"wp:featuredmedia":[{"embeddable":true,"href":"https:\/\/electricink.eu\/pt-pt\/wp-json\/wp\/v2\/media\/41028"}],"wp:attachment":[{"href":"https:\/\/electricink.eu\/pt-pt\/wp-json\/wp\/v2\/media?parent=41448"}],"wp:term":[{"taxonomy":"product_brand","embeddable":true,"href":"https:\/\/electricink.eu\/pt-pt\/wp-json\/wp\/v2\/product_brand?post=41448"},{"taxonomy":"product_cat","embeddable":true,"href":"https:\/\/electricink.eu\/pt-pt\/wp-json\/wp\/v2\/product_cat?post=41448"},{"taxonomy":"product_tag","embeddable":true,"href":"https:\/\/electricink.eu\/pt-pt\/wp-json\/wp\/v2\/product_tag?post=41448"}],"curies":[{"name":"wp","href":"https:\/\/api.w.org\/{rel}","templated":true}]}}