{"id":41467,"date":"2024-04-26T16:13:11","date_gmt":"2024-04-26T14:13:11","guid":{"rendered":"https:\/\/electricink.eu\/producto\/combo-ultra-pen-2-4-0mm-preta\/"},"modified":"2024-05-28T12:43:10","modified_gmt":"2024-05-28T10:43:10","slug":"combo-ultra-pen-2-4-0mm-preta","status":"publish","type":"product","link":"https:\/\/electricink.eu\/pt-pt\/producto\/combo-ultra-pen-2-4-0mm-preta\/","title":{"rendered":"COMBO Ultra Pen 2 &#8211; 4.0mm Preta"},"content":{"rendered":"<p><strong>COMBO Ultra Pen 2 &#8211; 4.0mm Preta<\/strong><\/p>\n<p><strong>COMBO ULTRA PEN 2<\/strong><\/p>\n<p><strong>Inclui:<\/strong><\/p>\n<p><strong>\u00a0<\/strong><strong>01 Ultra Pen 2 (grip universal)<\/strong><\/p>\n<p><strong>01 Fonte Power 3 &#8211; 31mm (com adaptador)<\/strong><\/p>\n<p><strong>01 Case Electric Ink<\/strong><\/p>\n<p><strong>01 Electric Charger\/ Carregador (com cabo)<\/strong><\/p>\n<p><strong>02 Baterias recarreg\u00e1veis de LI-ION para Power 3 &#8211; 31mm<\/strong><\/p>\n<p><strong>01 Chave reguladora Ultra Pen<\/strong><\/p>\n<p><strong>&#8212;&#8212;&#8212;&#8212;&#8212;&#8212;&#8212;&#8212;Garantia do produto&#8212;&#8212;&#8212;&#8212;&#8212;&#8212;&#8212;-<\/strong><\/p>\n<p>O per\u00edodo de garantia oferecido pela Electric Ink segue os regulamentos europeus atuais. A garantia da Electric Ink para defeitos de fabrica\u00e7\u00e3o come\u00e7a a partir da compra do produto pelo consumidor, verificada na nota fiscal de compra do respectivo item.<\/p>\n<p><strong>\u00a0<\/strong><\/p>\n","protected":false},"excerpt":{"rendered":"<p>COMBO Ultra Pen 2 &#8211; 4.0mm Preta COMBO ULTRA PEN 2 Inclui: \u00a001 Ultra Pen 2 (grip universal) 01 Fonte Power 3 &#8211; 31mm (com adaptador) 01 Case Electric Ink 01 Electric Charger\/ Carregador (com cabo) 02 Baterias recarreg\u00e1veis de LI-ION para Power 3 &#8211; 31mm 01 Chave reguladora Ultra Pen &#8212;&#8212;&#8212;&#8212;&#8212;&#8212;&#8212;&#8212;Garantia do produto&#8212;&#8212;&#8212;&#8212;&#8212;&#8212;&#8212;- O [&hellip;]<\/p>\n","protected":false},"featured_media":41180,"comment_status":"closed","ping_status":"closed","template":"","meta":{"_acf_changed":false,"_et_pb_use_builder":"","_et_pb_old_content":"","_et_gb_content_width":"","inline_featured_image":false},"product_brand":[],"product_cat":[745,755,757],"product_tag":[],"class_list":{"0":"post-41467","1":"product","2":"type-product","3":"status-publish","4":"has-post-thumbnail","6":"product_cat-tattoo","7":"product_cat-maquinas-de-tatuagem","8":"product_cat-maquinas-pen-pt-pt","10":"first","11":"instock","12":"taxable","13":"shipping-taxable","14":"purchasable","15":"product-type-simple"},"acf":[],"yoast_head":"<!-- This site is optimized with the Yoast SEO plugin v27.4 - https:\/\/yoast.com\/product\/yoast-seo-wordpress\/ -->\n<title>COMBO Ultra Pen 2 - 4.0mm Preta - Electric Ink\u00ae<\/title>\n<meta name=\"description\" content=\"O Combo perfeito: m\u00e1quina Ultra Pen 2, fonte de alimenta\u00e7\u00e3o, case, carregador com cabo, baterias recarreg\u00e1veis, chave de ajuste.\" \/>\n<meta name=\"robots\" content=\"index, follow, max-snippet:-1, max-image-preview:large, max-video-preview:-1\" \/>\n<link rel=\"canonical\" href=\"https:\/\/electricink.eu\/pt-pt\/producto\/combo-ultra-pen-2-4-0mm-preta\/\" \/>\n<meta property=\"og:locale\" content=\"pt_PT\" \/>\n<meta property=\"og:type\" content=\"article\" \/>\n<meta property=\"og:title\" content=\"COMBO Ultra Pen 2 - 4.0mm Preta - Electric Ink\u00ae\" \/>\n<meta property=\"og:description\" content=\"O Combo perfeito: m\u00e1quina Ultra Pen 2, fonte de alimenta\u00e7\u00e3o, case, carregador com cabo, baterias recarreg\u00e1veis, chave de ajuste.\" \/>\n<meta property=\"og:url\" content=\"https:\/\/electricink.eu\/pt-pt\/producto\/combo-ultra-pen-2-4-0mm-preta\/\" \/>\n<meta property=\"og:site_name\" content=\"Electric Ink\u00ae\" \/>\n<meta property=\"article:modified_time\" content=\"2024-05-28T10:43:10+00:00\" \/>\n<meta property=\"og:image\" content=\"https:\/\/electricink.eu\/wp-content\/uploads\/2024\/04\/combo-ultra-pen-2-b.png\" \/>\n\t<meta property=\"og:image:width\" content=\"300\" \/>\n\t<meta property=\"og:image:height\" content=\"300\" \/>\n\t<meta property=\"og:image:type\" content=\"image\/png\" \/>\n<meta name=\"twitter:card\" content=\"summary_large_image\" \/>\n<script type=\"application\/ld+json\" class=\"yoast-schema-graph\">{\"@context\":\"https:\\\/\\\/schema.org\",\"@graph\":[{\"@type\":\"WebPage\",\"@id\":\"https:\\\/\\\/electricink.eu\\\/pt-pt\\\/producto\\\/combo-ultra-pen-2-4-0mm-preta\\\/\",\"url\":\"https:\\\/\\\/electricink.eu\\\/pt-pt\\\/producto\\\/combo-ultra-pen-2-4-0mm-preta\\\/\",\"name\":\"COMBO Ultra Pen 2 - 4.0mm Preta - Electric Ink\u00ae\",\"isPartOf\":{\"@id\":\"https:\\\/\\\/electricink.eu\\\/#website\"},\"primaryImageOfPage\":{\"@id\":\"https:\\\/\\\/electricink.eu\\\/pt-pt\\\/producto\\\/combo-ultra-pen-2-4-0mm-preta\\\/#primaryimage\"},\"image\":{\"@id\":\"https:\\\/\\\/electricink.eu\\\/pt-pt\\\/producto\\\/combo-ultra-pen-2-4-0mm-preta\\\/#primaryimage\"},\"thumbnailUrl\":\"https:\\\/\\\/electricink.eu\\\/wp-content\\\/uploads\\\/2024\\\/04\\\/combo-ultra-pen-2-b.png\",\"datePublished\":\"2024-04-26T14:13:11+00:00\",\"dateModified\":\"2024-05-28T10:43:10+00:00\",\"description\":\"O Combo perfeito: m\u00e1quina Ultra Pen 2, fonte de alimenta\u00e7\u00e3o, case, carregador com cabo, baterias recarreg\u00e1veis, chave de ajuste.\",\"breadcrumb\":{\"@id\":\"https:\\\/\\\/electricink.eu\\\/pt-pt\\\/producto\\\/combo-ultra-pen-2-4-0mm-preta\\\/#breadcrumb\"},\"inLanguage\":\"pt-PT\",\"potentialAction\":[{\"@type\":\"ReadAction\",\"target\":[\"https:\\\/\\\/electricink.eu\\\/pt-pt\\\/producto\\\/combo-ultra-pen-2-4-0mm-preta\\\/\"]}]},{\"@type\":\"ImageObject\",\"inLanguage\":\"pt-PT\",\"@id\":\"https:\\\/\\\/electricink.eu\\\/pt-pt\\\/producto\\\/combo-ultra-pen-2-4-0mm-preta\\\/#primaryimage\",\"url\":\"https:\\\/\\\/electricink.eu\\\/wp-content\\\/uploads\\\/2024\\\/04\\\/combo-ultra-pen-2-b.png\",\"contentUrl\":\"https:\\\/\\\/electricink.eu\\\/wp-content\\\/uploads\\\/2024\\\/04\\\/combo-ultra-pen-2-b.png\",\"width\":300,\"height\":300},{\"@type\":\"BreadcrumbList\",\"@id\":\"https:\\\/\\\/electricink.eu\\\/pt-pt\\\/producto\\\/combo-ultra-pen-2-4-0mm-preta\\\/#breadcrumb\",\"itemListElement\":[{\"@type\":\"ListItem\",\"position\":1,\"name\":\"Portada\",\"item\":\"https:\\\/\\\/electricink.eu\\\/pt-pt\\\/home\\\/\"},{\"@type\":\"ListItem\",\"position\":2,\"name\":\"Tienda\",\"item\":\"https:\\\/\\\/electricink.eu\\\/tienda\\\/\"},{\"@type\":\"ListItem\",\"position\":3,\"name\":\"COMBO Ultra Pen 2 &#8211; 4.0mm Preta\"}]},{\"@type\":\"WebSite\",\"@id\":\"https:\\\/\\\/electricink.eu\\\/#website\",\"url\":\"https:\\\/\\\/electricink.eu\\\/\",\"name\":\"Electric Ink\u00ae\",\"description\":\"Material para Tatuar Profesional en Europa - Electric Ink\u00ae\",\"potentialAction\":[{\"@type\":\"SearchAction\",\"target\":{\"@type\":\"EntryPoint\",\"urlTemplate\":\"https:\\\/\\\/electricink.eu\\\/?s={search_term_string}\"},\"query-input\":{\"@type\":\"PropertyValueSpecification\",\"valueRequired\":true,\"valueName\":\"search_term_string\"}}],\"inLanguage\":\"pt-PT\"}]}<\/script>\n<!-- \/ Yoast SEO plugin. -->","yoast_head_json":{"title":"COMBO Ultra Pen 2 - 4.0mm Preta - Electric Ink\u00ae","description":"O Combo perfeito: m\u00e1quina Ultra Pen 2, fonte de alimenta\u00e7\u00e3o, case, carregador com cabo, baterias recarreg\u00e1veis, chave de ajuste.","robots":{"index":"index","follow":"follow","max-snippet":"max-snippet:-1","max-image-preview":"max-image-preview:large","max-video-preview":"max-video-preview:-1"},"canonical":"https:\/\/electricink.eu\/pt-pt\/producto\/combo-ultra-pen-2-4-0mm-preta\/","og_locale":"pt_PT","og_type":"article","og_title":"COMBO Ultra Pen 2 - 4.0mm Preta - Electric Ink\u00ae","og_description":"O Combo perfeito: m\u00e1quina Ultra Pen 2, fonte de alimenta\u00e7\u00e3o, case, carregador com cabo, baterias recarreg\u00e1veis, chave de ajuste.","og_url":"https:\/\/electricink.eu\/pt-pt\/producto\/combo-ultra-pen-2-4-0mm-preta\/","og_site_name":"Electric Ink\u00ae","article_modified_time":"2024-05-28T10:43:10+00:00","og_image":[{"width":300,"height":300,"url":"https:\/\/electricink.eu\/wp-content\/uploads\/2024\/04\/combo-ultra-pen-2-b.png","type":"image\/png"}],"twitter_card":"summary_large_image","schema":{"@context":"https:\/\/schema.org","@graph":[{"@type":"WebPage","@id":"https:\/\/electricink.eu\/pt-pt\/producto\/combo-ultra-pen-2-4-0mm-preta\/","url":"https:\/\/electricink.eu\/pt-pt\/producto\/combo-ultra-pen-2-4-0mm-preta\/","name":"COMBO Ultra Pen 2 - 4.0mm Preta - Electric Ink\u00ae","isPartOf":{"@id":"https:\/\/electricink.eu\/#website"},"primaryImageOfPage":{"@id":"https:\/\/electricink.eu\/pt-pt\/producto\/combo-ultra-pen-2-4-0mm-preta\/#primaryimage"},"image":{"@id":"https:\/\/electricink.eu\/pt-pt\/producto\/combo-ultra-pen-2-4-0mm-preta\/#primaryimage"},"thumbnailUrl":"https:\/\/electricink.eu\/wp-content\/uploads\/2024\/04\/combo-ultra-pen-2-b.png","datePublished":"2024-04-26T14:13:11+00:00","dateModified":"2024-05-28T10:43:10+00:00","description":"O Combo perfeito: m\u00e1quina Ultra Pen 2, fonte de alimenta\u00e7\u00e3o, case, carregador com cabo, baterias recarreg\u00e1veis, chave de ajuste.","breadcrumb":{"@id":"https:\/\/electricink.eu\/pt-pt\/producto\/combo-ultra-pen-2-4-0mm-preta\/#breadcrumb"},"inLanguage":"pt-PT","potentialAction":[{"@type":"ReadAction","target":["https:\/\/electricink.eu\/pt-pt\/producto\/combo-ultra-pen-2-4-0mm-preta\/"]}]},{"@type":"ImageObject","inLanguage":"pt-PT","@id":"https:\/\/electricink.eu\/pt-pt\/producto\/combo-ultra-pen-2-4-0mm-preta\/#primaryimage","url":"https:\/\/electricink.eu\/wp-content\/uploads\/2024\/04\/combo-ultra-pen-2-b.png","contentUrl":"https:\/\/electricink.eu\/wp-content\/uploads\/2024\/04\/combo-ultra-pen-2-b.png","width":300,"height":300},{"@type":"BreadcrumbList","@id":"https:\/\/electricink.eu\/pt-pt\/producto\/combo-ultra-pen-2-4-0mm-preta\/#breadcrumb","itemListElement":[{"@type":"ListItem","position":1,"name":"Portada","item":"https:\/\/electricink.eu\/pt-pt\/home\/"},{"@type":"ListItem","position":2,"name":"Tienda","item":"https:\/\/electricink.eu\/tienda\/"},{"@type":"ListItem","position":3,"name":"COMBO Ultra Pen 2 &#8211; 4.0mm Preta"}]},{"@type":"WebSite","@id":"https:\/\/electricink.eu\/#website","url":"https:\/\/electricink.eu\/","name":"Electric Ink\u00ae","description":"Material para Tatuar Profesional en Europa - Electric Ink\u00ae","potentialAction":[{"@type":"SearchAction","target":{"@type":"EntryPoint","urlTemplate":"https:\/\/electricink.eu\/?s={search_term_string}"},"query-input":{"@type":"PropertyValueSpecification","valueRequired":true,"valueName":"search_term_string"}}],"inLanguage":"pt-PT"}]}},"_links":{"self":[{"href":"https:\/\/electricink.eu\/pt-pt\/wp-json\/wp\/v2\/product\/41467","targetHints":{"allow":["GET"]}}],"collection":[{"href":"https:\/\/electricink.eu\/pt-pt\/wp-json\/wp\/v2\/product"}],"about":[{"href":"https:\/\/electricink.eu\/pt-pt\/wp-json\/wp\/v2\/types\/product"}],"replies":[{"embeddable":true,"href":"https:\/\/electricink.eu\/pt-pt\/wp-json\/wp\/v2\/comments?post=41467"}],"wp:featuredmedia":[{"embeddable":true,"href":"https:\/\/electricink.eu\/pt-pt\/wp-json\/wp\/v2\/media\/41180"}],"wp:attachment":[{"href":"https:\/\/electricink.eu\/pt-pt\/wp-json\/wp\/v2\/media?parent=41467"}],"wp:term":[{"taxonomy":"product_brand","embeddable":true,"href":"https:\/\/electricink.eu\/pt-pt\/wp-json\/wp\/v2\/product_brand?post=41467"},{"taxonomy":"product_cat","embeddable":true,"href":"https:\/\/electricink.eu\/pt-pt\/wp-json\/wp\/v2\/product_cat?post=41467"},{"taxonomy":"product_tag","embeddable":true,"href":"https:\/\/electricink.eu\/pt-pt\/wp-json\/wp\/v2\/product_tag?post=41467"}],"curies":[{"name":"wp","href":"https:\/\/api.w.org\/{rel}","templated":true}]}}