{"id":41479,"date":"2024-04-25T17:25:50","date_gmt":"2024-04-25T15:25:50","guid":{"rendered":"https:\/\/electricink.eu\/producto\/kit-fonte-wireless-power-3-slim-24mm\/"},"modified":"2024-05-28T19:32:36","modified_gmt":"2024-05-28T17:32:36","slug":"kit-fonte-wireless-power-3-slim-24mm","status":"publish","type":"product","link":"https:\/\/electricink.eu\/pt-pt\/producto\/kit-fonte-wireless-power-3-slim-24mm\/","title":{"rendered":"Kit Fonte Wireless Power 3 Slim &#8211; 24mm"},"content":{"rendered":"<p><strong>Kit Fonte Wireless Power 3 Slim &#8211; 24mm<\/strong><\/p>\n<p><strong>Inclui: <\/strong><\/p>\n<p>01 Fonte de alimenta\u00e7\u00e3o sem fio Power 3 slim\u00a0<br \/>01 Carregador de bateria Electric Ink<br \/>02 Baterias recarreg\u00e1veis \u200b\u200bLI-ION 18350 para Power 3 slim<\/p>\n<p style=\"text-align: center\"><strong>&#8212;&#8212;&#8212;&#8212;&#8212;&#8212;&#8212;&#8212;Garantia do produto&#8212;&#8212;&#8212;&#8212;&#8212;&#8212;&#8212;-<\/strong><\/p>\n<p>O per\u00edodo de garantia oferecido pela Electric Ink segue os regulamentos europeus atuais. A garantia da Electric Ink para defeitos de fabrica\u00e7\u00e3o come\u00e7a a partir da compra do produto pelo consumidor, verificada na nota fiscal de compra do respectivo item.<\/p>\n","protected":false},"excerpt":{"rendered":"<p>Kit Fonte Wireless Power 3 Slim &#8211; 24mm Inclui: 01 Fonte de alimenta\u00e7\u00e3o sem fio Power 3 slim\u00a001 Carregador de bateria Electric Ink02 Baterias recarreg\u00e1veis \u200b\u200bLI-ION 18350 para Power 3 slim &#8212;&#8212;&#8212;&#8212;&#8212;&#8212;&#8212;&#8212;Garantia do produto&#8212;&#8212;&#8212;&#8212;&#8212;&#8212;&#8212;- O per\u00edodo de garantia oferecido pela Electric Ink segue os regulamentos europeus atuais. A garantia da Electric Ink para defeitos de [&hellip;]<\/p>\n","protected":false},"featured_media":41161,"comment_status":"closed","ping_status":"closed","template":"","meta":{"_acf_changed":false,"_et_pb_use_builder":"","_et_pb_old_content":"","_et_gb_content_width":"","inline_featured_image":false},"product_brand":[],"product_cat":[745,749],"product_tag":[],"class_list":{"0":"post-41479","1":"product","2":"type-product","3":"status-publish","4":"has-post-thumbnail","6":"product_cat-tattoo","7":"product_cat-fontes-tattoo","9":"first","10":"instock","11":"taxable","12":"shipping-taxable","13":"purchasable","14":"product-type-simple"},"acf":[],"yoast_head":"<!-- This site is optimized with the Yoast SEO plugin v27.5 - https:\/\/yoast.com\/product\/yoast-seo-wordpress\/ -->\n<title>Kit Fonte Wireless Power 3 Slim - 24mm - Electric Ink\u00ae<\/title>\n<meta name=\"description\" content=\"Kit: fonte de alimenta\u00e7\u00e3o sem fio Power 3 slim + carregador de bateria Electric Ink + baterias recarreg\u00e1veis \u200b\u200bLI-ION 18350 para Power 3 slim.\" \/>\n<meta name=\"robots\" content=\"index, follow, max-snippet:-1, max-image-preview:large, max-video-preview:-1\" \/>\n<link rel=\"canonical\" href=\"https:\/\/electricink.eu\/pt-pt\/producto\/kit-fonte-wireless-power-3-slim-24mm\/\" \/>\n<meta property=\"og:locale\" content=\"pt_PT\" \/>\n<meta property=\"og:type\" content=\"article\" \/>\n<meta property=\"og:title\" content=\"Kit Fonte Wireless Power 3 Slim - 24mm - Electric Ink\u00ae\" \/>\n<meta property=\"og:description\" content=\"Kit: fonte de alimenta\u00e7\u00e3o sem fio Power 3 slim + carregador de bateria Electric Ink + baterias recarreg\u00e1veis \u200b\u200bLI-ION 18350 para Power 3 slim.\" \/>\n<meta property=\"og:url\" content=\"https:\/\/electricink.eu\/pt-pt\/producto\/kit-fonte-wireless-power-3-slim-24mm\/\" \/>\n<meta property=\"og:site_name\" content=\"Electric Ink\u00ae\" \/>\n<meta property=\"article:modified_time\" content=\"2024-05-28T17:32:36+00:00\" \/>\n<meta property=\"og:image\" content=\"https:\/\/electricink.eu\/wp-content\/uploads\/2024\/04\/ComboSlim-2.png\" \/>\n\t<meta property=\"og:image:width\" content=\"1200\" \/>\n\t<meta property=\"og:image:height\" content=\"1200\" \/>\n\t<meta property=\"og:image:type\" content=\"image\/png\" \/>\n<meta name=\"twitter:card\" content=\"summary_large_image\" \/>\n<script type=\"application\/ld+json\" class=\"yoast-schema-graph\">{\"@context\":\"https:\\\/\\\/schema.org\",\"@graph\":[{\"@type\":\"WebPage\",\"@id\":\"https:\\\/\\\/electricink.eu\\\/pt-pt\\\/producto\\\/kit-fonte-wireless-power-3-slim-24mm\\\/\",\"url\":\"https:\\\/\\\/electricink.eu\\\/pt-pt\\\/producto\\\/kit-fonte-wireless-power-3-slim-24mm\\\/\",\"name\":\"Kit Fonte Wireless Power 3 Slim - 24mm - Electric Ink\u00ae\",\"isPartOf\":{\"@id\":\"https:\\\/\\\/electricink.eu\\\/#website\"},\"primaryImageOfPage\":{\"@id\":\"https:\\\/\\\/electricink.eu\\\/pt-pt\\\/producto\\\/kit-fonte-wireless-power-3-slim-24mm\\\/#primaryimage\"},\"image\":{\"@id\":\"https:\\\/\\\/electricink.eu\\\/pt-pt\\\/producto\\\/kit-fonte-wireless-power-3-slim-24mm\\\/#primaryimage\"},\"thumbnailUrl\":\"https:\\\/\\\/electricink.eu\\\/wp-content\\\/uploads\\\/2024\\\/04\\\/ComboSlim-2.png\",\"datePublished\":\"2024-04-25T15:25:50+00:00\",\"dateModified\":\"2024-05-28T17:32:36+00:00\",\"description\":\"Kit: fonte de alimenta\u00e7\u00e3o sem fio Power 3 slim + carregador de bateria Electric Ink + baterias recarreg\u00e1veis \u200b\u200bLI-ION 18350 para Power 3 slim.\",\"breadcrumb\":{\"@id\":\"https:\\\/\\\/electricink.eu\\\/pt-pt\\\/producto\\\/kit-fonte-wireless-power-3-slim-24mm\\\/#breadcrumb\"},\"inLanguage\":\"pt-PT\",\"potentialAction\":[{\"@type\":\"ReadAction\",\"target\":[\"https:\\\/\\\/electricink.eu\\\/pt-pt\\\/producto\\\/kit-fonte-wireless-power-3-slim-24mm\\\/\"]}]},{\"@type\":\"ImageObject\",\"inLanguage\":\"pt-PT\",\"@id\":\"https:\\\/\\\/electricink.eu\\\/pt-pt\\\/producto\\\/kit-fonte-wireless-power-3-slim-24mm\\\/#primaryimage\",\"url\":\"https:\\\/\\\/electricink.eu\\\/wp-content\\\/uploads\\\/2024\\\/04\\\/ComboSlim-2.png\",\"contentUrl\":\"https:\\\/\\\/electricink.eu\\\/wp-content\\\/uploads\\\/2024\\\/04\\\/ComboSlim-2.png\",\"width\":1200,\"height\":1200},{\"@type\":\"BreadcrumbList\",\"@id\":\"https:\\\/\\\/electricink.eu\\\/pt-pt\\\/producto\\\/kit-fonte-wireless-power-3-slim-24mm\\\/#breadcrumb\",\"itemListElement\":[{\"@type\":\"ListItem\",\"position\":1,\"name\":\"Portada\",\"item\":\"https:\\\/\\\/electricink.eu\\\/pt-pt\\\/home\\\/\"},{\"@type\":\"ListItem\",\"position\":2,\"name\":\"Tienda\",\"item\":\"https:\\\/\\\/electricink.eu\\\/tienda\\\/\"},{\"@type\":\"ListItem\",\"position\":3,\"name\":\"Kit Fonte Wireless Power 3 Slim &#8211; 24mm\"}]},{\"@type\":\"WebSite\",\"@id\":\"https:\\\/\\\/electricink.eu\\\/#website\",\"url\":\"https:\\\/\\\/electricink.eu\\\/\",\"name\":\"Electric Ink\u00ae\",\"description\":\"Material para Tatuar Profesional en Europa - Electric Ink\u00ae\",\"potentialAction\":[{\"@type\":\"SearchAction\",\"target\":{\"@type\":\"EntryPoint\",\"urlTemplate\":\"https:\\\/\\\/electricink.eu\\\/?s={search_term_string}\"},\"query-input\":{\"@type\":\"PropertyValueSpecification\",\"valueRequired\":true,\"valueName\":\"search_term_string\"}}],\"inLanguage\":\"pt-PT\"}]}<\/script>\n<!-- \/ Yoast SEO plugin. -->","yoast_head_json":{"title":"Kit Fonte Wireless Power 3 Slim - 24mm - Electric Ink\u00ae","description":"Kit: fonte de alimenta\u00e7\u00e3o sem fio Power 3 slim + carregador de bateria Electric Ink + baterias recarreg\u00e1veis \u200b\u200bLI-ION 18350 para Power 3 slim.","robots":{"index":"index","follow":"follow","max-snippet":"max-snippet:-1","max-image-preview":"max-image-preview:large","max-video-preview":"max-video-preview:-1"},"canonical":"https:\/\/electricink.eu\/pt-pt\/producto\/kit-fonte-wireless-power-3-slim-24mm\/","og_locale":"pt_PT","og_type":"article","og_title":"Kit Fonte Wireless Power 3 Slim - 24mm - Electric Ink\u00ae","og_description":"Kit: fonte de alimenta\u00e7\u00e3o sem fio Power 3 slim + carregador de bateria Electric Ink + baterias recarreg\u00e1veis \u200b\u200bLI-ION 18350 para Power 3 slim.","og_url":"https:\/\/electricink.eu\/pt-pt\/producto\/kit-fonte-wireless-power-3-slim-24mm\/","og_site_name":"Electric Ink\u00ae","article_modified_time":"2024-05-28T17:32:36+00:00","og_image":[{"width":1200,"height":1200,"url":"https:\/\/electricink.eu\/wp-content\/uploads\/2024\/04\/ComboSlim-2.png","type":"image\/png"}],"twitter_card":"summary_large_image","schema":{"@context":"https:\/\/schema.org","@graph":[{"@type":"WebPage","@id":"https:\/\/electricink.eu\/pt-pt\/producto\/kit-fonte-wireless-power-3-slim-24mm\/","url":"https:\/\/electricink.eu\/pt-pt\/producto\/kit-fonte-wireless-power-3-slim-24mm\/","name":"Kit Fonte Wireless Power 3 Slim - 24mm - Electric Ink\u00ae","isPartOf":{"@id":"https:\/\/electricink.eu\/#website"},"primaryImageOfPage":{"@id":"https:\/\/electricink.eu\/pt-pt\/producto\/kit-fonte-wireless-power-3-slim-24mm\/#primaryimage"},"image":{"@id":"https:\/\/electricink.eu\/pt-pt\/producto\/kit-fonte-wireless-power-3-slim-24mm\/#primaryimage"},"thumbnailUrl":"https:\/\/electricink.eu\/wp-content\/uploads\/2024\/04\/ComboSlim-2.png","datePublished":"2024-04-25T15:25:50+00:00","dateModified":"2024-05-28T17:32:36+00:00","description":"Kit: fonte de alimenta\u00e7\u00e3o sem fio Power 3 slim + carregador de bateria Electric Ink + baterias recarreg\u00e1veis \u200b\u200bLI-ION 18350 para Power 3 slim.","breadcrumb":{"@id":"https:\/\/electricink.eu\/pt-pt\/producto\/kit-fonte-wireless-power-3-slim-24mm\/#breadcrumb"},"inLanguage":"pt-PT","potentialAction":[{"@type":"ReadAction","target":["https:\/\/electricink.eu\/pt-pt\/producto\/kit-fonte-wireless-power-3-slim-24mm\/"]}]},{"@type":"ImageObject","inLanguage":"pt-PT","@id":"https:\/\/electricink.eu\/pt-pt\/producto\/kit-fonte-wireless-power-3-slim-24mm\/#primaryimage","url":"https:\/\/electricink.eu\/wp-content\/uploads\/2024\/04\/ComboSlim-2.png","contentUrl":"https:\/\/electricink.eu\/wp-content\/uploads\/2024\/04\/ComboSlim-2.png","width":1200,"height":1200},{"@type":"BreadcrumbList","@id":"https:\/\/electricink.eu\/pt-pt\/producto\/kit-fonte-wireless-power-3-slim-24mm\/#breadcrumb","itemListElement":[{"@type":"ListItem","position":1,"name":"Portada","item":"https:\/\/electricink.eu\/pt-pt\/home\/"},{"@type":"ListItem","position":2,"name":"Tienda","item":"https:\/\/electricink.eu\/tienda\/"},{"@type":"ListItem","position":3,"name":"Kit Fonte Wireless Power 3 Slim &#8211; 24mm"}]},{"@type":"WebSite","@id":"https:\/\/electricink.eu\/#website","url":"https:\/\/electricink.eu\/","name":"Electric Ink\u00ae","description":"Material para Tatuar Profesional en Europa - Electric Ink\u00ae","potentialAction":[{"@type":"SearchAction","target":{"@type":"EntryPoint","urlTemplate":"https:\/\/electricink.eu\/?s={search_term_string}"},"query-input":{"@type":"PropertyValueSpecification","valueRequired":true,"valueName":"search_term_string"}}],"inLanguage":"pt-PT"}]}},"_links":{"self":[{"href":"https:\/\/electricink.eu\/pt-pt\/wp-json\/wp\/v2\/product\/41479","targetHints":{"allow":["GET"]}}],"collection":[{"href":"https:\/\/electricink.eu\/pt-pt\/wp-json\/wp\/v2\/product"}],"about":[{"href":"https:\/\/electricink.eu\/pt-pt\/wp-json\/wp\/v2\/types\/product"}],"replies":[{"embeddable":true,"href":"https:\/\/electricink.eu\/pt-pt\/wp-json\/wp\/v2\/comments?post=41479"}],"wp:featuredmedia":[{"embeddable":true,"href":"https:\/\/electricink.eu\/pt-pt\/wp-json\/wp\/v2\/media\/41161"}],"wp:attachment":[{"href":"https:\/\/electricink.eu\/pt-pt\/wp-json\/wp\/v2\/media?parent=41479"}],"wp:term":[{"taxonomy":"product_brand","embeddable":true,"href":"https:\/\/electricink.eu\/pt-pt\/wp-json\/wp\/v2\/product_brand?post=41479"},{"taxonomy":"product_cat","embeddable":true,"href":"https:\/\/electricink.eu\/pt-pt\/wp-json\/wp\/v2\/product_cat?post=41479"},{"taxonomy":"product_tag","embeddable":true,"href":"https:\/\/electricink.eu\/pt-pt\/wp-json\/wp\/v2\/product_tag?post=41479"}],"curies":[{"name":"wp","href":"https:\/\/api.w.org\/{rel}","templated":true}]}}