{"id":41480,"date":"2024-04-25T17:22:09","date_gmt":"2024-04-25T15:22:09","guid":{"rendered":"https:\/\/electricink.eu\/producto\/kit-fonte-wireless-power-3-31mm\/"},"modified":"2024-05-28T19:33:09","modified_gmt":"2024-05-28T17:33:09","slug":"kit-fonte-wireless-power-3-31mm","status":"publish","type":"product","link":"https:\/\/electricink.eu\/pt-pt\/producto\/kit-fonte-wireless-power-3-31mm\/","title":{"rendered":"Kit Fonte Wireless Power 3 &#8211; 31mm"},"content":{"rendered":"<p><strong>Kit Fonte Wireless Power 3 &#8211; 31mm<\/strong><\/p>\n<p><strong>Inclui:<\/strong><\/p>\n<p>01 Fonte de alimenta\u00e7\u00e3o sem fio Power 3\u00a0<br \/>01 Carregador para baterias Electric Ink<br \/>02 Baterias recarreg\u00e1veis \u200b\u200bLI-ION 26350 para Power 3\u00a0<\/p>\n<p style=\"text-align: center\"><strong>&#8212;&#8212;&#8212;&#8212;&#8212;&#8212;&#8212;&#8212;Garantia do produto&#8212;&#8212;&#8212;&#8212;&#8212;&#8212;&#8212;-<\/strong><\/p>\n<p>O per\u00edodo de garantia oferecido pela Electric Ink segue os regulamentos europeus atuais. A garantia da Electric Ink para defeitos de fabrica\u00e7\u00e3o come\u00e7a a partir da compra do produto pelo consumidor, verificada na nota fiscal de compra do respectivo item.<\/p>\n","protected":false},"excerpt":{"rendered":"<p>Kit Fonte Wireless Power 3 &#8211; 31mm Inclui: 01 Fonte de alimenta\u00e7\u00e3o sem fio Power 3\u00a001 Carregador para baterias Electric Ink02 Baterias recarreg\u00e1veis \u200b\u200bLI-ION 26350 para Power 3\u00a0 &#8212;&#8212;&#8212;&#8212;&#8212;&#8212;&#8212;&#8212;Garantia do produto&#8212;&#8212;&#8212;&#8212;&#8212;&#8212;&#8212;- O per\u00edodo de garantia oferecido pela Electric Ink segue os regulamentos europeus atuais. A garantia da Electric Ink para defeitos de fabrica\u00e7\u00e3o come\u00e7a a [&hellip;]<\/p>\n","protected":false},"featured_media":41156,"comment_status":"closed","ping_status":"closed","template":"","meta":{"_acf_changed":false,"_et_pb_use_builder":"","_et_pb_old_content":"","_et_gb_content_width":"","inline_featured_image":false},"product_brand":[],"product_cat":[745,749],"product_tag":[],"class_list":{"0":"post-41480","1":"product","2":"type-product","3":"status-publish","4":"has-post-thumbnail","6":"product_cat-tattoo","7":"product_cat-fontes-tattoo","9":"first","10":"instock","11":"taxable","12":"shipping-taxable","13":"purchasable","14":"product-type-simple"},"acf":[],"yoast_head":"<!-- This site is optimized with the Yoast SEO plugin v27.4 - https:\/\/yoast.com\/product\/yoast-seo-wordpress\/ -->\n<title>Kit Fonte Wireless Power 3 - 31mm - Electric Ink\u00ae<\/title>\n<meta name=\"description\" content=\"kit: fonte de alimenta\u00e7\u00e3o sem fio Power 3\u00a0+ carregador para baterias Electric Ink + baterias recarreg\u00e1veis \u200b\u200bLI-ION 26350 para Power 3.\" \/>\n<meta name=\"robots\" content=\"index, follow, max-snippet:-1, max-image-preview:large, max-video-preview:-1\" \/>\n<link rel=\"canonical\" href=\"https:\/\/electricink.eu\/pt-pt\/producto\/kit-fonte-wireless-power-3-31mm\/\" \/>\n<meta property=\"og:locale\" content=\"pt_PT\" \/>\n<meta property=\"og:type\" content=\"article\" \/>\n<meta property=\"og:title\" content=\"Kit Fonte Wireless Power 3 - 31mm - Electric Ink\u00ae\" \/>\n<meta property=\"og:description\" content=\"kit: fonte de alimenta\u00e7\u00e3o sem fio Power 3\u00a0+ carregador para baterias Electric Ink + baterias recarreg\u00e1veis \u200b\u200bLI-ION 26350 para Power 3.\" \/>\n<meta property=\"og:url\" content=\"https:\/\/electricink.eu\/pt-pt\/producto\/kit-fonte-wireless-power-3-31mm\/\" \/>\n<meta property=\"og:site_name\" content=\"Electric Ink\u00ae\" \/>\n<meta property=\"article:modified_time\" content=\"2024-05-28T17:33:09+00:00\" \/>\n<meta property=\"og:image\" content=\"https:\/\/electricink.eu\/wp-content\/uploads\/2024\/04\/Combo31mm.png\" \/>\n\t<meta property=\"og:image:width\" content=\"1200\" \/>\n\t<meta property=\"og:image:height\" content=\"1200\" \/>\n\t<meta property=\"og:image:type\" content=\"image\/png\" \/>\n<meta name=\"twitter:card\" content=\"summary_large_image\" \/>\n<script type=\"application\/ld+json\" class=\"yoast-schema-graph\">{\"@context\":\"https:\\\/\\\/schema.org\",\"@graph\":[{\"@type\":\"WebPage\",\"@id\":\"https:\\\/\\\/electricink.eu\\\/pt-pt\\\/producto\\\/kit-fonte-wireless-power-3-31mm\\\/\",\"url\":\"https:\\\/\\\/electricink.eu\\\/pt-pt\\\/producto\\\/kit-fonte-wireless-power-3-31mm\\\/\",\"name\":\"Kit Fonte Wireless Power 3 - 31mm - Electric Ink\u00ae\",\"isPartOf\":{\"@id\":\"https:\\\/\\\/electricink.eu\\\/#website\"},\"primaryImageOfPage\":{\"@id\":\"https:\\\/\\\/electricink.eu\\\/pt-pt\\\/producto\\\/kit-fonte-wireless-power-3-31mm\\\/#primaryimage\"},\"image\":{\"@id\":\"https:\\\/\\\/electricink.eu\\\/pt-pt\\\/producto\\\/kit-fonte-wireless-power-3-31mm\\\/#primaryimage\"},\"thumbnailUrl\":\"https:\\\/\\\/electricink.eu\\\/wp-content\\\/uploads\\\/2024\\\/04\\\/Combo31mm.png\",\"datePublished\":\"2024-04-25T15:22:09+00:00\",\"dateModified\":\"2024-05-28T17:33:09+00:00\",\"description\":\"kit: fonte de alimenta\u00e7\u00e3o sem fio Power 3\u00a0+ carregador para baterias Electric Ink + baterias recarreg\u00e1veis \u200b\u200bLI-ION 26350 para Power 3.\",\"breadcrumb\":{\"@id\":\"https:\\\/\\\/electricink.eu\\\/pt-pt\\\/producto\\\/kit-fonte-wireless-power-3-31mm\\\/#breadcrumb\"},\"inLanguage\":\"pt-PT\",\"potentialAction\":[{\"@type\":\"ReadAction\",\"target\":[\"https:\\\/\\\/electricink.eu\\\/pt-pt\\\/producto\\\/kit-fonte-wireless-power-3-31mm\\\/\"]}]},{\"@type\":\"ImageObject\",\"inLanguage\":\"pt-PT\",\"@id\":\"https:\\\/\\\/electricink.eu\\\/pt-pt\\\/producto\\\/kit-fonte-wireless-power-3-31mm\\\/#primaryimage\",\"url\":\"https:\\\/\\\/electricink.eu\\\/wp-content\\\/uploads\\\/2024\\\/04\\\/Combo31mm.png\",\"contentUrl\":\"https:\\\/\\\/electricink.eu\\\/wp-content\\\/uploads\\\/2024\\\/04\\\/Combo31mm.png\",\"width\":1200,\"height\":1200},{\"@type\":\"BreadcrumbList\",\"@id\":\"https:\\\/\\\/electricink.eu\\\/pt-pt\\\/producto\\\/kit-fonte-wireless-power-3-31mm\\\/#breadcrumb\",\"itemListElement\":[{\"@type\":\"ListItem\",\"position\":1,\"name\":\"Portada\",\"item\":\"https:\\\/\\\/electricink.eu\\\/pt-pt\\\/home\\\/\"},{\"@type\":\"ListItem\",\"position\":2,\"name\":\"Tienda\",\"item\":\"https:\\\/\\\/electricink.eu\\\/tienda\\\/\"},{\"@type\":\"ListItem\",\"position\":3,\"name\":\"Kit Fonte Wireless Power 3 &#8211; 31mm\"}]},{\"@type\":\"WebSite\",\"@id\":\"https:\\\/\\\/electricink.eu\\\/#website\",\"url\":\"https:\\\/\\\/electricink.eu\\\/\",\"name\":\"Electric Ink\u00ae\",\"description\":\"Material para Tatuar Profesional en Europa - Electric Ink\u00ae\",\"potentialAction\":[{\"@type\":\"SearchAction\",\"target\":{\"@type\":\"EntryPoint\",\"urlTemplate\":\"https:\\\/\\\/electricink.eu\\\/?s={search_term_string}\"},\"query-input\":{\"@type\":\"PropertyValueSpecification\",\"valueRequired\":true,\"valueName\":\"search_term_string\"}}],\"inLanguage\":\"pt-PT\"}]}<\/script>\n<!-- \/ Yoast SEO plugin. -->","yoast_head_json":{"title":"Kit Fonte Wireless Power 3 - 31mm - Electric Ink\u00ae","description":"kit: fonte de alimenta\u00e7\u00e3o sem fio Power 3\u00a0+ carregador para baterias Electric Ink + baterias recarreg\u00e1veis \u200b\u200bLI-ION 26350 para Power 3.","robots":{"index":"index","follow":"follow","max-snippet":"max-snippet:-1","max-image-preview":"max-image-preview:large","max-video-preview":"max-video-preview:-1"},"canonical":"https:\/\/electricink.eu\/pt-pt\/producto\/kit-fonte-wireless-power-3-31mm\/","og_locale":"pt_PT","og_type":"article","og_title":"Kit Fonte Wireless Power 3 - 31mm - Electric Ink\u00ae","og_description":"kit: fonte de alimenta\u00e7\u00e3o sem fio Power 3\u00a0+ carregador para baterias Electric Ink + baterias recarreg\u00e1veis \u200b\u200bLI-ION 26350 para Power 3.","og_url":"https:\/\/electricink.eu\/pt-pt\/producto\/kit-fonte-wireless-power-3-31mm\/","og_site_name":"Electric Ink\u00ae","article_modified_time":"2024-05-28T17:33:09+00:00","og_image":[{"width":1200,"height":1200,"url":"https:\/\/electricink.eu\/wp-content\/uploads\/2024\/04\/Combo31mm.png","type":"image\/png"}],"twitter_card":"summary_large_image","schema":{"@context":"https:\/\/schema.org","@graph":[{"@type":"WebPage","@id":"https:\/\/electricink.eu\/pt-pt\/producto\/kit-fonte-wireless-power-3-31mm\/","url":"https:\/\/electricink.eu\/pt-pt\/producto\/kit-fonte-wireless-power-3-31mm\/","name":"Kit Fonte Wireless Power 3 - 31mm - Electric Ink\u00ae","isPartOf":{"@id":"https:\/\/electricink.eu\/#website"},"primaryImageOfPage":{"@id":"https:\/\/electricink.eu\/pt-pt\/producto\/kit-fonte-wireless-power-3-31mm\/#primaryimage"},"image":{"@id":"https:\/\/electricink.eu\/pt-pt\/producto\/kit-fonte-wireless-power-3-31mm\/#primaryimage"},"thumbnailUrl":"https:\/\/electricink.eu\/wp-content\/uploads\/2024\/04\/Combo31mm.png","datePublished":"2024-04-25T15:22:09+00:00","dateModified":"2024-05-28T17:33:09+00:00","description":"kit: fonte de alimenta\u00e7\u00e3o sem fio Power 3\u00a0+ carregador para baterias Electric Ink + baterias recarreg\u00e1veis \u200b\u200bLI-ION 26350 para Power 3.","breadcrumb":{"@id":"https:\/\/electricink.eu\/pt-pt\/producto\/kit-fonte-wireless-power-3-31mm\/#breadcrumb"},"inLanguage":"pt-PT","potentialAction":[{"@type":"ReadAction","target":["https:\/\/electricink.eu\/pt-pt\/producto\/kit-fonte-wireless-power-3-31mm\/"]}]},{"@type":"ImageObject","inLanguage":"pt-PT","@id":"https:\/\/electricink.eu\/pt-pt\/producto\/kit-fonte-wireless-power-3-31mm\/#primaryimage","url":"https:\/\/electricink.eu\/wp-content\/uploads\/2024\/04\/Combo31mm.png","contentUrl":"https:\/\/electricink.eu\/wp-content\/uploads\/2024\/04\/Combo31mm.png","width":1200,"height":1200},{"@type":"BreadcrumbList","@id":"https:\/\/electricink.eu\/pt-pt\/producto\/kit-fonte-wireless-power-3-31mm\/#breadcrumb","itemListElement":[{"@type":"ListItem","position":1,"name":"Portada","item":"https:\/\/electricink.eu\/pt-pt\/home\/"},{"@type":"ListItem","position":2,"name":"Tienda","item":"https:\/\/electricink.eu\/tienda\/"},{"@type":"ListItem","position":3,"name":"Kit Fonte Wireless Power 3 &#8211; 31mm"}]},{"@type":"WebSite","@id":"https:\/\/electricink.eu\/#website","url":"https:\/\/electricink.eu\/","name":"Electric Ink\u00ae","description":"Material para Tatuar Profesional en Europa - Electric Ink\u00ae","potentialAction":[{"@type":"SearchAction","target":{"@type":"EntryPoint","urlTemplate":"https:\/\/electricink.eu\/?s={search_term_string}"},"query-input":{"@type":"PropertyValueSpecification","valueRequired":true,"valueName":"search_term_string"}}],"inLanguage":"pt-PT"}]}},"_links":{"self":[{"href":"https:\/\/electricink.eu\/pt-pt\/wp-json\/wp\/v2\/product\/41480","targetHints":{"allow":["GET"]}}],"collection":[{"href":"https:\/\/electricink.eu\/pt-pt\/wp-json\/wp\/v2\/product"}],"about":[{"href":"https:\/\/electricink.eu\/pt-pt\/wp-json\/wp\/v2\/types\/product"}],"replies":[{"embeddable":true,"href":"https:\/\/electricink.eu\/pt-pt\/wp-json\/wp\/v2\/comments?post=41480"}],"wp:featuredmedia":[{"embeddable":true,"href":"https:\/\/electricink.eu\/pt-pt\/wp-json\/wp\/v2\/media\/41156"}],"wp:attachment":[{"href":"https:\/\/electricink.eu\/pt-pt\/wp-json\/wp\/v2\/media?parent=41480"}],"wp:term":[{"taxonomy":"product_brand","embeddable":true,"href":"https:\/\/electricink.eu\/pt-pt\/wp-json\/wp\/v2\/product_brand?post=41480"},{"taxonomy":"product_cat","embeddable":true,"href":"https:\/\/electricink.eu\/pt-pt\/wp-json\/wp\/v2\/product_cat?post=41480"},{"taxonomy":"product_tag","embeddable":true,"href":"https:\/\/electricink.eu\/pt-pt\/wp-json\/wp\/v2\/product_tag?post=41480"}],"curies":[{"name":"wp","href":"https:\/\/api.w.org\/{rel}","templated":true}]}}