{"id":41578,"date":"2024-06-13T10:38:25","date_gmt":"2024-06-13T08:38:25","guid":{"rendered":"https:\/\/electricink.eu\/?post_type=product&#038;p=41578"},"modified":"2024-06-28T15:18:39","modified_gmt":"2024-06-28T13:18:39","slug":"bateria-recarregavel-para-power-3-slim-copia","status":"publish","type":"product","link":"https:\/\/electricink.eu\/pt-pt\/producto\/bateria-recarregavel-para-power-3-slim-copia\/","title":{"rendered":"Bateria recarreg\u00e1vel PLUS para Power 3 SLIM de 1400mAh"},"content":{"rendered":"<p><strong>&#8211; Descri\u00e7\u00e3o: Bateria Li-Ion 3,7V | Recarreg\u00e1vel | 18350 Plus<\/strong><br \/>&#8211; Peso: 23g<br \/>&#8211; Modelo: EIB \u2013 18350 Plus\u00a0<br \/>&#8211; Capacidade: 1400mAh\u00a0<br \/>&#8211; Dimens\u00f5es: Altura 35mm, Di\u00e2metro 18mm\u00a0<br \/>\u00a0<br \/><strong>Autonomia:<\/strong>\u00a0EIB-18350 Plus\u00a0<br \/><strong>Bateria Modelo:<\/strong>\u00a0EIB-18350 Plus\u00a0<br \/><strong>Capacidade:<\/strong>\u00a01400mAh\u00a0<br \/>\u00a0<br \/><strong>VOLTS \u00a0 \u00a0 \u00a0\u00a0<\/strong><strong>AMPERES \u00a0 \u00a0 \u00a0 \u00a0<\/strong><strong>AUTONOMIA\u00a0<\/strong><br \/>\u00a0 \u00a05\u00a0 \u00a0 \u00a0 \u00a0 \u00a0 \u00a0 \u00a0 \u00a0 \u00a0 \u00a0 0,1\u00a0 \u00a0 \u00a0 \u00a0 \u00a0 \u00a0 \u00a0 \u00a0 \u00a0 \u00a0 \u00a08:52\u00a0<br \/>\u00a0 \u00a06\u00a0 \u00a0 \u00a0 \u00a0 \u00a0 \u00a0 \u00a0 \u00a0 \u00a0 \u00a0 0,1\u00a0 \u00a0 \u00a0 \u00a0 \u00a0 \u00a0 \u00a0 \u00a0 \u00a0 \u00a0 \u00a07:23\u00a0<br \/>\u00a0 \u00a07\u00a0 \u00a0 \u00a0 \u00a0 \u00a0 \u00a0 \u00a0 \u00a0 \u00a0 \u00a0 0,1\u00a0 \u00a0 \u00a0 \u00a0 \u00a0 \u00a0 \u00a0 \u00a0 \u00a0 \u00a0 \u00a06:20\u00a0<br \/>\u00a0 \u00a08\u00a0 \u00a0 \u00a0 \u00a0 \u00a0 \u00a0 \u00a0 \u00a0 \u00a0 \u00a0 0,1\u00a0 \u00a0 \u00a0 \u00a0 \u00a0 \u00a0 \u00a0 \u00a0 \u00a0 \u00a0 \u00a05:32\u00a0<br \/>\u00a0 \u00a09\u00a0 \u00a0 \u00a0 \u00a0 \u00a0 \u00a0 \u00a0 \u00a0 \u00a0 \u00a0 0,1\u00a0 \u00a0 \u00a0 \u00a0 \u00a0 \u00a0 \u00a0 \u00a0 \u00a0 \u00a0 \u00a04:55\u00a0<br \/>\u00a010\u00a0 \u00a0 \u00a0 \u00a0 \u00a0 \u00a0 \u00a0 \u00a0 \u00a0 \u00a0 0,1\u00a0 \u00a0 \u00a0 \u00a0 \u00a0 \u00a0 \u00a0 \u00a0 \u00a0 \u00a0 \u00a04:26\u00a0<br \/>\u00a011\u00a0 \u00a0 \u00a0 \u00a0 \u00a0 \u00a0 \u00a0 \u00a0 \u00a0 \u00a0 0,1\u00a0 \u00a0 \u00a0 \u00a0 \u00a0 \u00a0 \u00a0 \u00a0 \u00a0 \u00a0 \u00a04:01\u00a0<br \/>\u00a012\u00a0 \u00a0 \u00a0 \u00a0 \u00a0 \u00a0 \u00a0 \u00a0 \u00a0 \u00a0 0,1\u00a0 \u00a0 \u00a0 \u00a0 \u00a0 \u00a0 \u00a0 \u00a0 \u00a0 \u00a0 \u00a03:41\u00a0<\/p>\n<p>\u00a0 5\u00a0 \u00a0 \u00a0 \u00a0 \u00a0 \u00a0 \u00a0 \u00a0 \u00a0 \u00a00,15\u00a0 \u00a0 \u00a0 \u00a0 \u00a0 \u00a0 \u00a0 \u00a0 \u00a0 \u00a0 \u00a05:54\u00a0<br \/>\u00a0 6\u00a0 \u00a0 \u00a0 \u00a0 \u00a0 \u00a0 \u00a0 \u00a0 \u00a0 \u00a00,15\u00a0 \u00a0 \u00a0 \u00a0 \u00a0 \u00a0 \u00a0 \u00a0 \u00a0 \u00a0 \u00a04:55\u00a0<br \/>\u00a0 7\u00a0 \u00a0 \u00a0 \u00a0 \u00a0 \u00a0 \u00a0 \u00a0 \u00a0 \u00a00,15\u00a0 \u00a0 \u00a0 \u00a0 \u00a0 \u00a0 \u00a0 \u00a0 \u00a0 \u00a0 \u00a04:13\u00a0<br \/>\u00a0 8\u00a0 \u00a0 \u00a0 \u00a0 \u00a0 \u00a0 \u00a0 \u00a0 \u00a0 \u00a00,15\u00a0 \u00a0 \u00a0 \u00a0 \u00a0 \u00a0 \u00a0 \u00a0 \u00a0 \u00a0 \u00a03:41\u00a0<br \/>\u00a0 9\u00a0 \u00a0 \u00a0 \u00a0 \u00a0 \u00a0 \u00a0 \u00a0 \u00a0 \u00a00,15\u00a0 \u00a0 \u00a0 \u00a0 \u00a0 \u00a0 \u00a0 \u00a0 \u00a0 \u00a0 \u00a03:17\u00a0<br \/>\u00a010\u00a0 \u00a0 \u00a0 \u00a0 \u00a0 \u00a0 \u00a0 \u00a0 \u00a0 0,15\u00a0 \u00a0 \u00a0 \u00a0 \u00a0 \u00a0 \u00a0 \u00a0 \u00a0 \u00a0 \u00a02:57\u00a0\u00a0 \u00a0\u00a0<br \/>\u00a011\u00a0 \u00a0 \u00a0 \u00a0 \u00a0 \u00a0 \u00a0 \u00a0 \u00a0 0,15\u00a0 \u00a0 \u00a0 \u00a0 \u00a0 \u00a0 \u00a0 \u00a0 \u00a0 \u00a0 \u00a02:41\u00a0<br \/>\u00a012\u00a0 \u00a0 \u00a0 \u00a0 \u00a0 \u00a0 \u00a0 \u00a0 \u00a0 0,15\u00a0 \u00a0 \u00a0 \u00a0 \u00a0 \u00a0 \u00a0 \u00a0 \u00a0 \u00a0 \u00a02:27\u00a0<br \/>\u00a0<\/p>\n<p>\u00a0 5\u00a0 \u00a0 \u00a0 \u00a0 \u00a0 \u00a0 \u00a0 \u00a0 \u00a0 \u00a00,2\u00a0 \u00a0 \u00a0 \u00a0 \u00a0 \u00a0 \u00a0 \u00a0 \u00a0 \u00a0 \u00a0 4:26\u00a0<br \/>\u00a0 6\u00a0 \u00a0 \u00a0 \u00a0 \u00a0 \u00a0 \u00a0 \u00a0 \u00a0 \u00a00,2\u00a0 \u00a0 \u00a0 \u00a0 \u00a0 \u00a0 \u00a0 \u00a0 \u00a0 \u00a0 \u00a0 3:41\u00a0<br \/>\u00a0 7\u00a0 \u00a0 \u00a0 \u00a0 \u00a0 \u00a0 \u00a0 \u00a0 \u00a0 \u00a00,2\u00a0 \u00a0 \u00a0 \u00a0 \u00a0 \u00a0 \u00a0 \u00a0 \u00a0 \u00a0 \u00a0 3:10\u00a0<br \/>\u00a0 8\u00a0 \u00a0 \u00a0 \u00a0 \u00a0 \u00a0 \u00a0 \u00a0 \u00a0 \u00a00,2\u00a0 \u00a0 \u00a0 \u00a0 \u00a0 \u00a0 \u00a0 \u00a0 \u00a0 \u00a0 \u00a0 2:46\u00a0<br \/>\u00a0 9\u00a0 \u00a0 \u00a0 \u00a0 \u00a0 \u00a0 \u00a0 \u00a0 \u00a0 \u00a00,2\u00a0 \u00a0 \u00a0 \u00a0 \u00a0 \u00a0 \u00a0 \u00a0 \u00a0 \u00a0 \u00a0 2:27\u00a0<br \/>\u00a010\u00a0 \u00a0 \u00a0 \u00a0 \u00a0 \u00a0 \u00a0 \u00a0 \u00a0 0,2\u00a0 \u00a0 \u00a0 \u00a0 \u00a0 \u00a0 \u00a0 \u00a0 \u00a0 \u00a0 \u00a0 2:13\u00a0<br \/>\u00a011\u00a0 \u00a0 \u00a0 \u00a0 \u00a0 \u00a0 \u00a0 \u00a0 \u00a0 0,2\u00a0 \u00a0 \u00a0 \u00a0 \u00a0 \u00a0 \u00a0 \u00a0 \u00a0 \u00a0 \u00a0 2:00\u00a0<br \/>\u00a012\u00a0 \u00a0 \u00a0 \u00a0 \u00a0 \u00a0 \u00a0 \u00a0 \u00a0 0,2\u00a0 \u00a0 \u00a0 \u00a0 \u00a0 \u00a0 \u00a0 \u00a0 \u00a0 \u00a0 \u00a0 1:50\u00a0<\/p>\n<p>\u00a0<br \/>\u00a0 5\u00a0 \u00a0 \u00a0 \u00a0 \u00a0 \u00a0 \u00a0 \u00a0 \u00a0 0,3\u00a0 \u00a0 \u00a0 \u00a0 \u00a0 \u00a0 \u00a0 \u00a0 \u00a0 \u00a0 \u00a0 \u00a02:57\u00a0<br \/>\u00a0 6\u00a0 \u00a0 \u00a0 \u00a0 \u00a0 \u00a0 \u00a0 \u00a0 \u00a0 0,3\u00a0 \u00a0 \u00a0 \u00a0 \u00a0 \u00a0 \u00a0 \u00a0 \u00a0 \u00a0 \u00a0 \u00a02:27\u00a0<br \/>\u00a0 7\u00a0 \u00a0 \u00a0 \u00a0 \u00a0 \u00a0 \u00a0 \u00a0 \u00a0 0,3\u00a0 \u00a0 \u00a0 \u00a0 \u00a0 \u00a0 \u00a0 \u00a0 \u00a0 \u00a0 \u00a0 \u00a02:06\u00a0<br \/>\u00a0 8\u00a0 \u00a0 \u00a0 \u00a0 \u00a0 \u00a0 \u00a0 \u00a0 \u00a0 0,3\u00a0 \u00a0 \u00a0 \u00a0 \u00a0 \u00a0 \u00a0 \u00a0 \u00a0 \u00a0 \u00a0 \u00a01:50\u00a0<br \/>\u00a0 9\u00a0 \u00a0 \u00a0 \u00a0 \u00a0 \u00a0 \u00a0 \u00a0 \u00a0 0,3\u00a0 \u00a0 \u00a0 \u00a0 \u00a0 \u00a0 \u00a0 \u00a0 \u00a0 \u00a0 \u00a0 \u00a01:38\u00a0<br \/>\u00a010\u00a0 \u00a0 \u00a0 \u00a0 \u00a0 \u00a0 \u00a0 \u00a0 \u00a00,3\u00a0 \u00a0 \u00a0 \u00a0 \u00a0 \u00a0 \u00a0 \u00a0 \u00a0 \u00a0 \u00a0 \u00a01:28\u00a0<br \/>\u00a011\u00a0 \u00a0 \u00a0 \u00a0 \u00a0 \u00a0 \u00a0 \u00a0 \u00a00,3\u00a0 \u00a0 \u00a0 \u00a0 \u00a0 \u00a0 \u00a0 \u00a0 \u00a0 \u00a0 \u00a0 \u00a01:20\u00a0<br \/>\u00a012\u00a0 \u00a0 \u00a0 \u00a0 \u00a0 \u00a0 \u00a0 \u00a0 \u00a00,3\u00a0 \u00a0 \u00a0 \u00a0 \u00a0 \u00a0 \u00a0 \u00a0 \u00a0 \u00a0 \u00a0 \u00a01:13\u00a0<\/p>\n<p><strong>AUTONOMIA:<\/strong> Tempo de trabalho estimado considerando VOLTS aplicados \u00e0 m\u00e1quina e consumindo a corrente AMPERES.\u00a0<br \/><strong>VOLTS:<\/strong>\u00a0Voltagem ajustada na Power 3 Slim que alimentar\u00e1 a m\u00e1quina.\u00a0<br \/><strong>AMPERES:<\/strong>\u00a0Corrente consumida pela m\u00e1quina, quanto mais voc\u00ea for\u00e7ar a m\u00e1quina maior ser\u00e1 esse consumo.\u00a0<\/p>\n<p><strong>&#8212;&#8212;&#8212;&#8212;&#8212;&#8212;&#8212;&#8212;Garantia do produto&#8212;&#8212;&#8212;&#8212;&#8212;&#8212;&#8212;-<\/strong><\/p>\n<p>O per\u00edodo de garantia oferecido pela Electric Ink segue os regulamentos europeus atuais. A garantia da Electric Ink para defeitos de fabrica\u00e7\u00e3o come\u00e7a a partir da compra do produto pelo consumidor, verificada na nota fiscal de compra do respectivo item.<\/p>\n","protected":false},"excerpt":{"rendered":"<p><strong>Electric Battery Plus<\/strong>\u00a0<br \/>\u00a0<br \/>Bateria Recarreg\u00e1vel para uso na\u00a0<strong>Fonte Electric Ink Power 3 Slim &#8211; 24mm<\/strong>.\u00a0<br \/>Ainda mais efici\u00eancia e autonomia em sua fonte. Compacta, f\u00e1cil de recarregar, agora com 1400mAh. Seu sistema de qualidade permite que voc\u00ea trabalhe com seguran\u00e7a, evitando eventuais danos no seu equipamento.\u00a0<br \/>\u00a0<br \/>Garanta o melhor para a sua fonte com a Bateria Recarreg\u00e1vel Electric Ink.<\/p>\n<p><strong>*N\u00c3O INCLUI CARREGADOR<\/strong><\/p>\n","protected":false},"featured_media":41584,"comment_status":"closed","ping_status":"closed","template":"","meta":{"_acf_changed":false,"_et_pb_use_builder":"","_et_pb_old_content":"","_et_gb_content_width":"","inline_featured_image":false},"product_brand":[],"product_cat":[722,727,749],"product_tag":[],"class_list":{"0":"post-41578","1":"product","2":"type-product","3":"status-publish","4":"has-post-thumbnail","6":"product_cat-accesorios-pt","7":"product_cat-pecas-para-maquinas-de-tatuagem","8":"product_cat-fontes-tattoo","10":"first","11":"instock","12":"taxable","13":"shipping-taxable","14":"purchasable","15":"product-type-simple"},"acf":[],"yoast_head":"<!-- This site is optimized with the Yoast SEO plugin v27.4 - https:\/\/yoast.com\/product\/yoast-seo-wordpress\/ -->\n<title>Bateria recarreg\u00e1vel PLUS para Power 3 SLIM de 1400mAh - Electric Ink\u00ae<\/title>\n<meta name=\"description\" content=\"Bateria recarreg\u00e1vel para fonte Electric Ink Power 3 Slim. Mais efici\u00eancia e autonomia para sua fonte.\" \/>\n<meta name=\"robots\" content=\"index, follow, max-snippet:-1, max-image-preview:large, max-video-preview:-1\" \/>\n<link rel=\"canonical\" href=\"https:\/\/electricink.eu\/producto\/bateria-recargable-plus-para-power-3-slim-1400mah\/\" \/>\n<meta property=\"og:locale\" content=\"pt_PT\" \/>\n<meta property=\"og:type\" content=\"article\" \/>\n<meta property=\"og:title\" content=\"Bateria recarreg\u00e1vel PLUS para Power 3 SLIM de 1400mAh - Electric Ink\u00ae\" \/>\n<meta property=\"og:description\" content=\"Bateria recarreg\u00e1vel para fonte Electric Ink Power 3 Slim. Mais efici\u00eancia e autonomia para sua fonte.\" \/>\n<meta property=\"og:url\" content=\"https:\/\/electricink.eu\/producto\/bateria-recargable-plus-para-power-3-slim-1400mah\/\" \/>\n<meta property=\"og:site_name\" content=\"Electric Ink\u00ae\" \/>\n<meta property=\"article:modified_time\" content=\"2024-06-28T13:18:39+00:00\" \/>\n<meta property=\"og:image\" content=\"https:\/\/electricink.eu\/wp-content\/uploads\/2024\/06\/9511_bateria-recarregavel-de-li-ion-plus-para-power-3-slim.png\" \/>\n\t<meta property=\"og:image:width\" content=\"300\" \/>\n\t<meta property=\"og:image:height\" content=\"300\" \/>\n\t<meta property=\"og:image:type\" content=\"image\/png\" \/>\n<meta name=\"twitter:card\" content=\"summary_large_image\" \/>\n<meta name=\"twitter:label1\" content=\"Tempo estimado de leitura\" \/>\n\t<meta name=\"twitter:data1\" content=\"1 minuto\" \/>\n<script type=\"application\/ld+json\" class=\"yoast-schema-graph\">{\"@context\":\"https:\\\/\\\/schema.org\",\"@graph\":[{\"@type\":\"WebPage\",\"@id\":\"https:\\\/\\\/electricink.eu\\\/producto\\\/bateria-recargable-plus-para-power-3-slim-1400mah\\\/\",\"url\":\"https:\\\/\\\/electricink.eu\\\/producto\\\/bateria-recargable-plus-para-power-3-slim-1400mah\\\/\",\"name\":\"Bateria recarreg\u00e1vel PLUS para Power 3 SLIM de 1400mAh - Electric Ink\u00ae\",\"isPartOf\":{\"@id\":\"https:\\\/\\\/electricink.eu\\\/#website\"},\"primaryImageOfPage\":{\"@id\":\"https:\\\/\\\/electricink.eu\\\/producto\\\/bateria-recargable-plus-para-power-3-slim-1400mah\\\/#primaryimage\"},\"image\":{\"@id\":\"https:\\\/\\\/electricink.eu\\\/producto\\\/bateria-recargable-plus-para-power-3-slim-1400mah\\\/#primaryimage\"},\"thumbnailUrl\":\"https:\\\/\\\/electricink.eu\\\/wp-content\\\/uploads\\\/2024\\\/06\\\/9511_bateria-recarregavel-de-li-ion-plus-para-power-3-slim.png\",\"datePublished\":\"2024-06-13T08:38:25+00:00\",\"dateModified\":\"2024-06-28T13:18:39+00:00\",\"description\":\"Bateria recarreg\u00e1vel para fonte Electric Ink Power 3 Slim. Mais efici\u00eancia e autonomia para sua fonte.\",\"breadcrumb\":{\"@id\":\"https:\\\/\\\/electricink.eu\\\/producto\\\/bateria-recargable-plus-para-power-3-slim-1400mah\\\/#breadcrumb\"},\"inLanguage\":\"pt-PT\",\"potentialAction\":[{\"@type\":\"ReadAction\",\"target\":[\"https:\\\/\\\/electricink.eu\\\/producto\\\/bateria-recargable-plus-para-power-3-slim-1400mah\\\/\"]}]},{\"@type\":\"ImageObject\",\"inLanguage\":\"pt-PT\",\"@id\":\"https:\\\/\\\/electricink.eu\\\/producto\\\/bateria-recargable-plus-para-power-3-slim-1400mah\\\/#primaryimage\",\"url\":\"https:\\\/\\\/electricink.eu\\\/wp-content\\\/uploads\\\/2024\\\/06\\\/9511_bateria-recarregavel-de-li-ion-plus-para-power-3-slim.png\",\"contentUrl\":\"https:\\\/\\\/electricink.eu\\\/wp-content\\\/uploads\\\/2024\\\/06\\\/9511_bateria-recarregavel-de-li-ion-plus-para-power-3-slim.png\",\"width\":300,\"height\":300},{\"@type\":\"BreadcrumbList\",\"@id\":\"https:\\\/\\\/electricink.eu\\\/producto\\\/bateria-recargable-plus-para-power-3-slim-1400mah\\\/#breadcrumb\",\"itemListElement\":[{\"@type\":\"ListItem\",\"position\":1,\"name\":\"Portada\",\"item\":\"https:\\\/\\\/electricink.eu\\\/pt-pt\\\/home\\\/\"},{\"@type\":\"ListItem\",\"position\":2,\"name\":\"Tienda\",\"item\":\"https:\\\/\\\/electricink.eu\\\/tienda\\\/\"},{\"@type\":\"ListItem\",\"position\":3,\"name\":\"Bateria recarreg\u00e1vel PLUS para Power 3 SLIM de 1400mAh\"}]},{\"@type\":\"WebSite\",\"@id\":\"https:\\\/\\\/electricink.eu\\\/#website\",\"url\":\"https:\\\/\\\/electricink.eu\\\/\",\"name\":\"Electric Ink\u00ae\",\"description\":\"Material para Tatuar Profesional en Europa - Electric Ink\u00ae\",\"potentialAction\":[{\"@type\":\"SearchAction\",\"target\":{\"@type\":\"EntryPoint\",\"urlTemplate\":\"https:\\\/\\\/electricink.eu\\\/?s={search_term_string}\"},\"query-input\":{\"@type\":\"PropertyValueSpecification\",\"valueRequired\":true,\"valueName\":\"search_term_string\"}}],\"inLanguage\":\"pt-PT\"}]}<\/script>\n<!-- \/ Yoast SEO plugin. -->","yoast_head_json":{"title":"Bateria recarreg\u00e1vel PLUS para Power 3 SLIM de 1400mAh - Electric Ink\u00ae","description":"Bateria recarreg\u00e1vel para fonte Electric Ink Power 3 Slim. Mais efici\u00eancia e autonomia para sua fonte.","robots":{"index":"index","follow":"follow","max-snippet":"max-snippet:-1","max-image-preview":"max-image-preview:large","max-video-preview":"max-video-preview:-1"},"canonical":"https:\/\/electricink.eu\/producto\/bateria-recargable-plus-para-power-3-slim-1400mah\/","og_locale":"pt_PT","og_type":"article","og_title":"Bateria recarreg\u00e1vel PLUS para Power 3 SLIM de 1400mAh - Electric Ink\u00ae","og_description":"Bateria recarreg\u00e1vel para fonte Electric Ink Power 3 Slim. Mais efici\u00eancia e autonomia para sua fonte.","og_url":"https:\/\/electricink.eu\/producto\/bateria-recargable-plus-para-power-3-slim-1400mah\/","og_site_name":"Electric Ink\u00ae","article_modified_time":"2024-06-28T13:18:39+00:00","og_image":[{"width":300,"height":300,"url":"https:\/\/electricink.eu\/wp-content\/uploads\/2024\/06\/9511_bateria-recarregavel-de-li-ion-plus-para-power-3-slim.png","type":"image\/png"}],"twitter_card":"summary_large_image","twitter_misc":{"Tempo estimado de leitura":"1 minuto"},"schema":{"@context":"https:\/\/schema.org","@graph":[{"@type":"WebPage","@id":"https:\/\/electricink.eu\/producto\/bateria-recargable-plus-para-power-3-slim-1400mah\/","url":"https:\/\/electricink.eu\/producto\/bateria-recargable-plus-para-power-3-slim-1400mah\/","name":"Bateria recarreg\u00e1vel PLUS para Power 3 SLIM de 1400mAh - Electric Ink\u00ae","isPartOf":{"@id":"https:\/\/electricink.eu\/#website"},"primaryImageOfPage":{"@id":"https:\/\/electricink.eu\/producto\/bateria-recargable-plus-para-power-3-slim-1400mah\/#primaryimage"},"image":{"@id":"https:\/\/electricink.eu\/producto\/bateria-recargable-plus-para-power-3-slim-1400mah\/#primaryimage"},"thumbnailUrl":"https:\/\/electricink.eu\/wp-content\/uploads\/2024\/06\/9511_bateria-recarregavel-de-li-ion-plus-para-power-3-slim.png","datePublished":"2024-06-13T08:38:25+00:00","dateModified":"2024-06-28T13:18:39+00:00","description":"Bateria recarreg\u00e1vel para fonte Electric Ink Power 3 Slim. Mais efici\u00eancia e autonomia para sua fonte.","breadcrumb":{"@id":"https:\/\/electricink.eu\/producto\/bateria-recargable-plus-para-power-3-slim-1400mah\/#breadcrumb"},"inLanguage":"pt-PT","potentialAction":[{"@type":"ReadAction","target":["https:\/\/electricink.eu\/producto\/bateria-recargable-plus-para-power-3-slim-1400mah\/"]}]},{"@type":"ImageObject","inLanguage":"pt-PT","@id":"https:\/\/electricink.eu\/producto\/bateria-recargable-plus-para-power-3-slim-1400mah\/#primaryimage","url":"https:\/\/electricink.eu\/wp-content\/uploads\/2024\/06\/9511_bateria-recarregavel-de-li-ion-plus-para-power-3-slim.png","contentUrl":"https:\/\/electricink.eu\/wp-content\/uploads\/2024\/06\/9511_bateria-recarregavel-de-li-ion-plus-para-power-3-slim.png","width":300,"height":300},{"@type":"BreadcrumbList","@id":"https:\/\/electricink.eu\/producto\/bateria-recargable-plus-para-power-3-slim-1400mah\/#breadcrumb","itemListElement":[{"@type":"ListItem","position":1,"name":"Portada","item":"https:\/\/electricink.eu\/pt-pt\/home\/"},{"@type":"ListItem","position":2,"name":"Tienda","item":"https:\/\/electricink.eu\/tienda\/"},{"@type":"ListItem","position":3,"name":"Bateria recarreg\u00e1vel PLUS para Power 3 SLIM de 1400mAh"}]},{"@type":"WebSite","@id":"https:\/\/electricink.eu\/#website","url":"https:\/\/electricink.eu\/","name":"Electric Ink\u00ae","description":"Material para Tatuar Profesional en Europa - Electric Ink\u00ae","potentialAction":[{"@type":"SearchAction","target":{"@type":"EntryPoint","urlTemplate":"https:\/\/electricink.eu\/?s={search_term_string}"},"query-input":{"@type":"PropertyValueSpecification","valueRequired":true,"valueName":"search_term_string"}}],"inLanguage":"pt-PT"}]}},"_links":{"self":[{"href":"https:\/\/electricink.eu\/pt-pt\/wp-json\/wp\/v2\/product\/41578","targetHints":{"allow":["GET"]}}],"collection":[{"href":"https:\/\/electricink.eu\/pt-pt\/wp-json\/wp\/v2\/product"}],"about":[{"href":"https:\/\/electricink.eu\/pt-pt\/wp-json\/wp\/v2\/types\/product"}],"replies":[{"embeddable":true,"href":"https:\/\/electricink.eu\/pt-pt\/wp-json\/wp\/v2\/comments?post=41578"}],"wp:featuredmedia":[{"embeddable":true,"href":"https:\/\/electricink.eu\/pt-pt\/wp-json\/wp\/v2\/media\/41584"}],"wp:attachment":[{"href":"https:\/\/electricink.eu\/pt-pt\/wp-json\/wp\/v2\/media?parent=41578"}],"wp:term":[{"taxonomy":"product_brand","embeddable":true,"href":"https:\/\/electricink.eu\/pt-pt\/wp-json\/wp\/v2\/product_brand?post=41578"},{"taxonomy":"product_cat","embeddable":true,"href":"https:\/\/electricink.eu\/pt-pt\/wp-json\/wp\/v2\/product_cat?post=41578"},{"taxonomy":"product_tag","embeddable":true,"href":"https:\/\/electricink.eu\/pt-pt\/wp-json\/wp\/v2\/product_tag?post=41578"}],"curies":[{"name":"wp","href":"https:\/\/api.w.org\/{rel}","templated":true}]}}