{"id":41712,"date":"2024-04-25T13:18:34","date_gmt":"2024-04-25T11:18:34","guid":{"rendered":"https:\/\/electricink.eu\/producto\/bateria-recargable-li-ion-18500-para-power-1\/"},"modified":"2025-11-01T12:51:41","modified_gmt":"2025-11-01T11:51:41","slug":"bateria-recargable-li-ion-18500-para-power-1","status":"publish","type":"product","link":"https:\/\/electricink.eu\/pt-pt\/producto\/bateria-recargable-li-ion-18500-para-power-1\/","title":{"rendered":"Bater\u00eda recargable LI-ION 18500 para Power 1"},"content":{"rendered":"<p><strong>Descri\u00e7\u00e3o: Bateria Li-Ion 3,7V | Recarreg\u00e1vel | 18500<\/strong><\/p>\n<ul>\n<li><strong>Peso:<\/strong> 33,5g<\/li>\n<li><strong>Dimens\u00f5es:<\/strong> Altura 49,5 mm | Di\u00e2metro 18mm<\/li>\n<li><strong>Autonomia:<\/strong> EIB-18500<\/li>\n<li><strong>Bateria Modelo:<\/strong>\u00a0EIB-18500<\/li>\n<li><strong>Capacidade:\u00a0<\/strong>1400mAh<\/li>\n<\/ul>\n<p><strong>VOLTS \u00a0 \u00a0 \u00a0\u00a0AMPERES \u00a0 \u00a0 \u00a0 \u00a0AUTONOMIA\u00a0<\/strong><\/p>\n<p>5\u00a0 \u00a0 \u00a0 \u00a0 \u00a0 \u00a0 \u00a0 \u00a0 \u00a0 \u00a0 0,1\u00a0 \u00a0 \u00a0 \u00a0 \u00a0 \u00a0 \u00a0 \u00a0 \u00a0 \u00a0 \u00a0 8:52<\/p>\n<p>6\u00a0 \u00a0 \u00a0 \u00a0 \u00a0 \u00a0 \u00a0 \u00a0 \u00a0 \u00a0 0,1\u00a0 \u00a0 \u00a0 \u00a0 \u00a0 \u00a0 \u00a0 \u00a0 \u00a0 \u00a0 \u00a0 7:23<\/p>\n<p>7\u00a0 \u00a0 \u00a0 \u00a0 \u00a0 \u00a0 \u00a0 \u00a0 \u00a0 \u00a0 0,1\u00a0 \u00a0 \u00a0 \u00a0 \u00a0 \u00a0 \u00a0 \u00a0 \u00a0 \u00a0 \u00a0 6:20<\/p>\n<p>8\u00a0 \u00a0 \u00a0 \u00a0 \u00a0 \u00a0 \u00a0 \u00a0 \u00a0 \u00a0 0,1\u00a0 \u00a0 \u00a0 \u00a0 \u00a0 \u00a0 \u00a0 \u00a0 \u00a0 \u00a0 \u00a0 5:32<\/p>\n<p>9\u00a0 \u00a0 \u00a0 \u00a0 \u00a0 \u00a0 \u00a0 \u00a0 \u00a0 \u00a0 0,1\u00a0 \u00a0 \u00a0 \u00a0 \u00a0 \u00a0 \u00a0 \u00a0 \u00a0 \u00a0 \u00a0 4:55<\/p>\n<p>10\u00a0 \u00a0 \u00a0 \u00a0 \u00a0 \u00a0 \u00a0 \u00a0 \u00a0 \u00a00,1\u00a0 \u00a0 \u00a0 \u00a0 \u00a0 \u00a0 \u00a0 \u00a0 \u00a0 \u00a0 \u00a0 4:26<\/p>\n<p>11\u00a0 \u00a0 \u00a0 \u00a0 \u00a0 \u00a0 \u00a0 \u00a0 \u00a0 \u00a00,1\u00a0 \u00a0 \u00a0 \u00a0 \u00a0 \u00a0 \u00a0 \u00a0 \u00a0 \u00a0 \u00a0 4:01<\/p>\n<p>12\u00a0 \u00a0 \u00a0 \u00a0 \u00a0 \u00a0 \u00a0 \u00a0 \u00a0 \u00a00,1\u00a0 \u00a0 \u00a0 \u00a0 \u00a0 \u00a0 \u00a0 \u00a0 \u00a0 \u00a0 \u00a0 3:41<\/p>\n<p>&nbsp;<\/p>\n<p>5\u00a0 \u00a0 \u00a0 \u00a0 \u00a0 \u00a0 \u00a0 \u00a0 \u00a0 \u00a00,15\u00a0 \u00a0 \u00a0 \u00a0 \u00a0 \u00a0 \u00a0 \u00a0 \u00a0 \u00a0 5:54<\/p>\n<p>6\u00a0 \u00a0 \u00a0 \u00a0 \u00a0 \u00a0 \u00a0 \u00a0 \u00a0 \u00a00,15\u00a0 \u00a0 \u00a0 \u00a0 \u00a0 \u00a0 \u00a0 \u00a0 \u00a0 \u00a0 4:55<\/p>\n<p>7\u00a0 \u00a0 \u00a0 \u00a0 \u00a0 \u00a0 \u00a0 \u00a0 \u00a0 \u00a00,15\u00a0 \u00a0 \u00a0 \u00a0 \u00a0 \u00a0 \u00a0 \u00a0 \u00a0 \u00a0 4:13<\/p>\n<p>8\u00a0 \u00a0 \u00a0 \u00a0 \u00a0 \u00a0 \u00a0 \u00a0 \u00a0 \u00a00,15\u00a0 \u00a0 \u00a0 \u00a0 \u00a0 \u00a0 \u00a0 \u00a0 \u00a0 \u00a0 3:41<\/p>\n<p>9\u00a0 \u00a0 \u00a0 \u00a0 \u00a0 \u00a0 \u00a0 \u00a0 \u00a0 \u00a00,15\u00a0 \u00a0 \u00a0 \u00a0 \u00a0 \u00a0 \u00a0 \u00a0 \u00a0 \u00a0 3:17<\/p>\n<p>10\u00a0 \u00a0 \u00a0 \u00a0 \u00a0 \u00a0 \u00a0 \u00a0 \u00a0 0,15\u00a0 \u00a0 \u00a0 \u00a0 \u00a0 \u00a0 \u00a0 \u00a0 \u00a0 \u00a0 2:57<\/p>\n<p>11\u00a0 \u00a0 \u00a0 \u00a0 \u00a0 \u00a0 \u00a0 \u00a0 \u00a0 0,15\u00a0 \u00a0 \u00a0 \u00a0 \u00a0 \u00a0 \u00a0 \u00a0 \u00a0 \u00a0 2:41<\/p>\n<p>12\u00a0 \u00a0 \u00a0 \u00a0 \u00a0 \u00a0 \u00a0 \u00a0 \u00a0 0,15\u00a0 \u00a0 \u00a0 \u00a0 \u00a0 \u00a0 \u00a0 \u00a0 \u00a0 \u00a0 2:27<\/p>\n<p>&nbsp;<\/p>\n<p>5\u00a0 \u00a0 \u00a0 \u00a0 \u00a0 \u00a0 \u00a0 \u00a0 \u00a0 0,2\u00a0 \u00a0 \u00a0 \u00a0 \u00a0 \u00a0 \u00a0 \u00a0 \u00a0 \u00a0 \u00a0 4:26<\/p>\n<p>6\u00a0 \u00a0 \u00a0 \u00a0 \u00a0 \u00a0 \u00a0 \u00a0 \u00a0 0,2\u00a0 \u00a0 \u00a0 \u00a0 \u00a0 \u00a0 \u00a0 \u00a0 \u00a0 \u00a0 \u00a0 3:41<\/p>\n<p>7\u00a0 \u00a0 \u00a0 \u00a0 \u00a0 \u00a0 \u00a0 \u00a0 \u00a0 0,2\u00a0 \u00a0 \u00a0 \u00a0 \u00a0 \u00a0 \u00a0 \u00a0 \u00a0 \u00a0 \u00a0 3:10<\/p>\n<p>8\u00a0 \u00a0 \u00a0 \u00a0 \u00a0 \u00a0 \u00a0 \u00a0 \u00a0 0,2\u00a0 \u00a0 \u00a0 \u00a0 \u00a0 \u00a0 \u00a0 \u00a0 \u00a0 \u00a0 \u00a0 2:46<\/p>\n<p>9\u00a0 \u00a0 \u00a0 \u00a0 \u00a0 \u00a0 \u00a0 \u00a0 \u00a0 0,2\u00a0 \u00a0 \u00a0 \u00a0 \u00a0 \u00a0 \u00a0 \u00a0 \u00a0 \u00a0 \u00a0 2:27<\/p>\n<p>10\u00a0 \u00a0 \u00a0 \u00a0 \u00a0 \u00a0 \u00a0 \u00a0 \u00a00,2\u00a0 \u00a0 \u00a0 \u00a0 \u00a0 \u00a0 \u00a0 \u00a0 \u00a0 \u00a0 \u00a0 2:13<\/p>\n<p>11\u00a0 \u00a0 \u00a0 \u00a0 \u00a0 \u00a0 \u00a0 \u00a0 \u00a00,2\u00a0 \u00a0 \u00a0 \u00a0 \u00a0 \u00a0 \u00a0 \u00a0 \u00a0 \u00a0 \u00a0 2:00<\/p>\n<p>12\u00a0 \u00a0 \u00a0 \u00a0 \u00a0 \u00a0 \u00a0 \u00a0 \u00a00,2\u00a0 \u00a0 \u00a0 \u00a0 \u00a0 \u00a0 \u00a0 \u00a0 \u00a0 \u00a0 \u00a0 1:50<\/p>\n<p>&nbsp;<\/p>\n<p>5\u00a0 \u00a0 \u00a0 \u00a0 \u00a0 \u00a0 \u00a0 \u00a0 \u00a0 0,3\u00a0 \u00a0 \u00a0 \u00a0 \u00a0 \u00a0 \u00a0 \u00a0 \u00a0 \u00a0 \u00a0 \u00a02:57<\/p>\n<p>6\u00a0 \u00a0 \u00a0 \u00a0 \u00a0 \u00a0 \u00a0 \u00a0 \u00a0 0,3\u00a0 \u00a0 \u00a0 \u00a0 \u00a0 \u00a0 \u00a0 \u00a0 \u00a0 \u00a0 \u00a0 \u00a02:27<\/p>\n<p>7\u00a0 \u00a0 \u00a0 \u00a0 \u00a0 \u00a0 \u00a0 \u00a0 \u00a0 0,3\u00a0 \u00a0 \u00a0 \u00a0 \u00a0 \u00a0 \u00a0 \u00a0 \u00a0 \u00a0 \u00a0 \u00a02:06<\/p>\n<p>8\u00a0 \u00a0 \u00a0 \u00a0 \u00a0 \u00a0 \u00a0 \u00a0 \u00a0 0,3\u00a0 \u00a0 \u00a0 \u00a0 \u00a0 \u00a0 \u00a0 \u00a0 \u00a0 \u00a0 \u00a0 \u00a01:50<\/p>\n<p>9\u00a0 \u00a0 \u00a0 \u00a0 \u00a0 \u00a0 \u00a0 \u00a0 \u00a0 0,3\u00a0 \u00a0 \u00a0 \u00a0 \u00a0 \u00a0 \u00a0 \u00a0 \u00a0 \u00a0 \u00a0 \u00a01:38<\/p>\n<p>10\u00a0 \u00a0 \u00a0 \u00a0 \u00a0 \u00a0 \u00a0 \u00a0 0,3\u00a0 \u00a0 \u00a0 \u00a0 \u00a0 \u00a0 \u00a0 \u00a0 \u00a0 \u00a0 \u00a0 \u00a01:28<\/p>\n<p>11\u00a0 \u00a0 \u00a0 \u00a0 \u00a0 \u00a0 \u00a0 \u00a0 0,3\u00a0 \u00a0 \u00a0 \u00a0 \u00a0 \u00a0 \u00a0 \u00a0 \u00a0 \u00a0 \u00a0 \u00a01:20<\/p>\n<p>12\u00a0 \u00a0 \u00a0 \u00a0 \u00a0 \u00a0 \u00a0 \u00a0 0,3\u00a0 \u00a0 \u00a0 \u00a0 \u00a0 \u00a0 \u00a0 \u00a0 \u00a0 \u00a0 \u00a0 \u00a01:13<\/p>\n<p><strong>AUTONOMIA:<\/strong> Tempo de trabalho estimado considerando VOLTS aplicados \u00e0 m\u00e1quina e consumindo a corrente AMPERES.<\/p>\n<p><strong>VOLTS:<\/strong>\u00a0Voltagem ajustada na Power 1 que alimentar\u00e1 a m\u00e1quina.<\/p>\n<p><strong>AMPERES:<\/strong>\u00a0Corrente consumida pela m\u00e1quina, quanto mais voc\u00ea for\u00e7ar a m\u00e1quina maior ser\u00e1 esse consumo.<\/p>\n<p><strong>&#8212;&#8212;&#8212;&#8212;&#8212;&#8212;&#8212;&#8212;Garantia do produto&#8212;&#8212;&#8212;&#8212;&#8212;&#8212;&#8212;-<\/strong><\/p>\n<p>O per\u00edodo de garantia oferecido pela Electric Ink segue os regulamentos europeus atuais. A garantia da Electric Ink para defeitos de fabrica\u00e7\u00e3o come\u00e7a a partir da compra do produto pelo consumidor, verificada na nota fiscal de compra do respectivo item.<\/p>\n<p>&nbsp;<\/p>\n<p>&nbsp;<\/p>\n","protected":false},"excerpt":{"rendered":"<p><strong>Electric Battery\u00a0<\/strong><\/p>\n<p>Bateria Recarreg\u00e1vel para uso na\u00a0<strong>Fonte Electric Ink Power 1<\/strong>.<br \/>Com ela voc\u00ea ter\u00e1 o m\u00e1ximo de efici\u00eancia e autonomia em sua fonte. Compacta e f\u00e1cil de recarregar. Seu sistema de qualidade permite que voc\u00ea trabalhe com seguran\u00e7a, evitando poss\u00edveis danos no seu equipamento.<\/p>\n<p>Garanta o melhor para a sua fonte, garanta a Bateria Recarreg\u00e1vel Electric Ink.<\/p>\n<p><strong>*N\u00c3O INCLUI CARREGADOR<\/strong><\/p>\n","protected":false},"featured_media":40920,"comment_status":"closed","ping_status":"closed","template":"","meta":{"_acf_changed":false,"_et_pb_use_builder":"","_et_pb_old_content":"","_et_gb_content_width":"","inline_featured_image":false},"product_brand":[],"product_cat":[722,727,749],"product_tag":[],"class_list":{"0":"post-41712","1":"product","2":"type-product","3":"status-publish","4":"has-post-thumbnail","6":"product_cat-accesorios-pt","7":"product_cat-pecas-para-maquinas-de-tatuagem","8":"product_cat-fontes-tattoo","10":"first","11":"instock","12":"taxable","13":"shipping-taxable","14":"purchasable","15":"product-type-simple"},"acf":[],"yoast_head":"<!-- This site is optimized with the Yoast SEO plugin v27.5 - https:\/\/yoast.com\/product\/yoast-seo-wordpress\/ -->\n<title>Bater\u00eda recargable LI-ION 18500 para Power 1 - Electric Ink\u00ae<\/title>\n<meta name=\"description\" content=\"Compacta e f\u00e1cil de recarregar. A alta qualidade do seu sistema permite que voc\u00ea trabalhe com seguran\u00e7a, evitando eventuais danos no seu equipamento.\" \/>\n<meta name=\"robots\" content=\"index, follow, max-snippet:-1, max-image-preview:large, max-video-preview:-1\" \/>\n<link rel=\"canonical\" href=\"https:\/\/electricink.eu\/pt-pt\/producto\/bateria-recargable-li-ion-18500-para-power-1\/\" \/>\n<meta property=\"og:locale\" content=\"pt_PT\" \/>\n<meta property=\"og:type\" content=\"article\" \/>\n<meta property=\"og:title\" content=\"Bater\u00eda recargable LI-ION 18500 para Power 1 - Electric Ink\u00ae\" \/>\n<meta property=\"og:description\" content=\"Compacta e f\u00e1cil de recarregar. A alta qualidade do seu sistema permite que voc\u00ea trabalhe com seguran\u00e7a, evitando eventuais danos no seu equipamento.\" \/>\n<meta property=\"og:url\" content=\"https:\/\/electricink.eu\/pt-pt\/producto\/bateria-recargable-li-ion-18500-para-power-1\/\" \/>\n<meta property=\"og:site_name\" content=\"Electric Ink\u00ae\" \/>\n<meta property=\"article:modified_time\" content=\"2025-11-01T11:51:41+00:00\" \/>\n<meta property=\"og:image\" content=\"https:\/\/electricink.eu\/wp-content\/uploads\/2024\/04\/9404_bateria-recarregavel-de-li-ion-para-power-1-pr-12845-batrpw1_s2_638466346172725880.png\" \/>\n\t<meta property=\"og:image:width\" content=\"300\" \/>\n\t<meta property=\"og:image:height\" content=\"300\" \/>\n\t<meta property=\"og:image:type\" content=\"image\/png\" \/>\n<meta name=\"twitter:card\" content=\"summary_large_image\" \/>\n<meta name=\"twitter:label1\" content=\"Tempo estimado de leitura\" \/>\n\t<meta name=\"twitter:data1\" content=\"1 minuto\" \/>\n<script type=\"application\/ld+json\" class=\"yoast-schema-graph\">{\"@context\":\"https:\\\/\\\/schema.org\",\"@graph\":[{\"@type\":\"WebPage\",\"@id\":\"https:\\\/\\\/electricink.eu\\\/pt-pt\\\/producto\\\/bateria-recargable-li-ion-18500-para-power-1\\\/\",\"url\":\"https:\\\/\\\/electricink.eu\\\/pt-pt\\\/producto\\\/bateria-recargable-li-ion-18500-para-power-1\\\/\",\"name\":\"Bater\u00eda recargable LI-ION 18500 para Power 1 - Electric Ink\u00ae\",\"isPartOf\":{\"@id\":\"https:\\\/\\\/electricink.eu\\\/#website\"},\"primaryImageOfPage\":{\"@id\":\"https:\\\/\\\/electricink.eu\\\/pt-pt\\\/producto\\\/bateria-recargable-li-ion-18500-para-power-1\\\/#primaryimage\"},\"image\":{\"@id\":\"https:\\\/\\\/electricink.eu\\\/pt-pt\\\/producto\\\/bateria-recargable-li-ion-18500-para-power-1\\\/#primaryimage\"},\"thumbnailUrl\":\"https:\\\/\\\/electricink.eu\\\/wp-content\\\/uploads\\\/2024\\\/04\\\/9404_bateria-recarregavel-de-li-ion-para-power-1-pr-12845-batrpw1_s2_638466346172725880.png\",\"datePublished\":\"2024-04-25T11:18:34+00:00\",\"dateModified\":\"2025-11-01T11:51:41+00:00\",\"description\":\"Compacta e f\u00e1cil de recarregar. A alta qualidade do seu sistema permite que voc\u00ea trabalhe com seguran\u00e7a, evitando eventuais danos no seu equipamento.\",\"breadcrumb\":{\"@id\":\"https:\\\/\\\/electricink.eu\\\/pt-pt\\\/producto\\\/bateria-recargable-li-ion-18500-para-power-1\\\/#breadcrumb\"},\"inLanguage\":\"pt-PT\",\"potentialAction\":[{\"@type\":\"ReadAction\",\"target\":[\"https:\\\/\\\/electricink.eu\\\/pt-pt\\\/producto\\\/bateria-recargable-li-ion-18500-para-power-1\\\/\"]}]},{\"@type\":\"ImageObject\",\"inLanguage\":\"pt-PT\",\"@id\":\"https:\\\/\\\/electricink.eu\\\/pt-pt\\\/producto\\\/bateria-recargable-li-ion-18500-para-power-1\\\/#primaryimage\",\"url\":\"https:\\\/\\\/electricink.eu\\\/wp-content\\\/uploads\\\/2024\\\/04\\\/9404_bateria-recarregavel-de-li-ion-para-power-1-pr-12845-batrpw1_s2_638466346172725880.png\",\"contentUrl\":\"https:\\\/\\\/electricink.eu\\\/wp-content\\\/uploads\\\/2024\\\/04\\\/9404_bateria-recarregavel-de-li-ion-para-power-1-pr-12845-batrpw1_s2_638466346172725880.png\",\"width\":300,\"height\":300},{\"@type\":\"BreadcrumbList\",\"@id\":\"https:\\\/\\\/electricink.eu\\\/pt-pt\\\/producto\\\/bateria-recargable-li-ion-18500-para-power-1\\\/#breadcrumb\",\"itemListElement\":[{\"@type\":\"ListItem\",\"position\":1,\"name\":\"Portada\",\"item\":\"https:\\\/\\\/electricink.eu\\\/pt-pt\\\/home\\\/\"},{\"@type\":\"ListItem\",\"position\":2,\"name\":\"Tienda\",\"item\":\"https:\\\/\\\/electricink.eu\\\/tienda\\\/\"},{\"@type\":\"ListItem\",\"position\":3,\"name\":\"Bater\u00eda recargable LI-ION 18500 para Power 1\"}]},{\"@type\":\"WebSite\",\"@id\":\"https:\\\/\\\/electricink.eu\\\/#website\",\"url\":\"https:\\\/\\\/electricink.eu\\\/\",\"name\":\"Electric Ink\u00ae\",\"description\":\"Material para Tatuar Profesional en Europa - Electric Ink\u00ae\",\"potentialAction\":[{\"@type\":\"SearchAction\",\"target\":{\"@type\":\"EntryPoint\",\"urlTemplate\":\"https:\\\/\\\/electricink.eu\\\/?s={search_term_string}\"},\"query-input\":{\"@type\":\"PropertyValueSpecification\",\"valueRequired\":true,\"valueName\":\"search_term_string\"}}],\"inLanguage\":\"pt-PT\"}]}<\/script>\n<!-- \/ Yoast SEO plugin. -->","yoast_head_json":{"title":"Bater\u00eda recargable LI-ION 18500 para Power 1 - Electric Ink\u00ae","description":"Compacta e f\u00e1cil de recarregar. A alta qualidade do seu sistema permite que voc\u00ea trabalhe com seguran\u00e7a, evitando eventuais danos no seu equipamento.","robots":{"index":"index","follow":"follow","max-snippet":"max-snippet:-1","max-image-preview":"max-image-preview:large","max-video-preview":"max-video-preview:-1"},"canonical":"https:\/\/electricink.eu\/pt-pt\/producto\/bateria-recargable-li-ion-18500-para-power-1\/","og_locale":"pt_PT","og_type":"article","og_title":"Bater\u00eda recargable LI-ION 18500 para Power 1 - Electric Ink\u00ae","og_description":"Compacta e f\u00e1cil de recarregar. A alta qualidade do seu sistema permite que voc\u00ea trabalhe com seguran\u00e7a, evitando eventuais danos no seu equipamento.","og_url":"https:\/\/electricink.eu\/pt-pt\/producto\/bateria-recargable-li-ion-18500-para-power-1\/","og_site_name":"Electric Ink\u00ae","article_modified_time":"2025-11-01T11:51:41+00:00","og_image":[{"width":300,"height":300,"url":"https:\/\/electricink.eu\/wp-content\/uploads\/2024\/04\/9404_bateria-recarregavel-de-li-ion-para-power-1-pr-12845-batrpw1_s2_638466346172725880.png","type":"image\/png"}],"twitter_card":"summary_large_image","twitter_misc":{"Tempo estimado de leitura":"1 minuto"},"schema":{"@context":"https:\/\/schema.org","@graph":[{"@type":"WebPage","@id":"https:\/\/electricink.eu\/pt-pt\/producto\/bateria-recargable-li-ion-18500-para-power-1\/","url":"https:\/\/electricink.eu\/pt-pt\/producto\/bateria-recargable-li-ion-18500-para-power-1\/","name":"Bater\u00eda recargable LI-ION 18500 para Power 1 - Electric Ink\u00ae","isPartOf":{"@id":"https:\/\/electricink.eu\/#website"},"primaryImageOfPage":{"@id":"https:\/\/electricink.eu\/pt-pt\/producto\/bateria-recargable-li-ion-18500-para-power-1\/#primaryimage"},"image":{"@id":"https:\/\/electricink.eu\/pt-pt\/producto\/bateria-recargable-li-ion-18500-para-power-1\/#primaryimage"},"thumbnailUrl":"https:\/\/electricink.eu\/wp-content\/uploads\/2024\/04\/9404_bateria-recarregavel-de-li-ion-para-power-1-pr-12845-batrpw1_s2_638466346172725880.png","datePublished":"2024-04-25T11:18:34+00:00","dateModified":"2025-11-01T11:51:41+00:00","description":"Compacta e f\u00e1cil de recarregar. A alta qualidade do seu sistema permite que voc\u00ea trabalhe com seguran\u00e7a, evitando eventuais danos no seu equipamento.","breadcrumb":{"@id":"https:\/\/electricink.eu\/pt-pt\/producto\/bateria-recargable-li-ion-18500-para-power-1\/#breadcrumb"},"inLanguage":"pt-PT","potentialAction":[{"@type":"ReadAction","target":["https:\/\/electricink.eu\/pt-pt\/producto\/bateria-recargable-li-ion-18500-para-power-1\/"]}]},{"@type":"ImageObject","inLanguage":"pt-PT","@id":"https:\/\/electricink.eu\/pt-pt\/producto\/bateria-recargable-li-ion-18500-para-power-1\/#primaryimage","url":"https:\/\/electricink.eu\/wp-content\/uploads\/2024\/04\/9404_bateria-recarregavel-de-li-ion-para-power-1-pr-12845-batrpw1_s2_638466346172725880.png","contentUrl":"https:\/\/electricink.eu\/wp-content\/uploads\/2024\/04\/9404_bateria-recarregavel-de-li-ion-para-power-1-pr-12845-batrpw1_s2_638466346172725880.png","width":300,"height":300},{"@type":"BreadcrumbList","@id":"https:\/\/electricink.eu\/pt-pt\/producto\/bateria-recargable-li-ion-18500-para-power-1\/#breadcrumb","itemListElement":[{"@type":"ListItem","position":1,"name":"Portada","item":"https:\/\/electricink.eu\/pt-pt\/home\/"},{"@type":"ListItem","position":2,"name":"Tienda","item":"https:\/\/electricink.eu\/tienda\/"},{"@type":"ListItem","position":3,"name":"Bater\u00eda recargable LI-ION 18500 para Power 1"}]},{"@type":"WebSite","@id":"https:\/\/electricink.eu\/#website","url":"https:\/\/electricink.eu\/","name":"Electric Ink\u00ae","description":"Material para Tatuar Profesional en Europa - Electric Ink\u00ae","potentialAction":[{"@type":"SearchAction","target":{"@type":"EntryPoint","urlTemplate":"https:\/\/electricink.eu\/?s={search_term_string}"},"query-input":{"@type":"PropertyValueSpecification","valueRequired":true,"valueName":"search_term_string"}}],"inLanguage":"pt-PT"}]}},"_links":{"self":[{"href":"https:\/\/electricink.eu\/pt-pt\/wp-json\/wp\/v2\/product\/41712","targetHints":{"allow":["GET"]}}],"collection":[{"href":"https:\/\/electricink.eu\/pt-pt\/wp-json\/wp\/v2\/product"}],"about":[{"href":"https:\/\/electricink.eu\/pt-pt\/wp-json\/wp\/v2\/types\/product"}],"replies":[{"embeddable":true,"href":"https:\/\/electricink.eu\/pt-pt\/wp-json\/wp\/v2\/comments?post=41712"}],"wp:featuredmedia":[{"embeddable":true,"href":"https:\/\/electricink.eu\/pt-pt\/wp-json\/wp\/v2\/media\/40920"}],"wp:attachment":[{"href":"https:\/\/electricink.eu\/pt-pt\/wp-json\/wp\/v2\/media?parent=41712"}],"wp:term":[{"taxonomy":"product_brand","embeddable":true,"href":"https:\/\/electricink.eu\/pt-pt\/wp-json\/wp\/v2\/product_brand?post=41712"},{"taxonomy":"product_cat","embeddable":true,"href":"https:\/\/electricink.eu\/pt-pt\/wp-json\/wp\/v2\/product_cat?post=41712"},{"taxonomy":"product_tag","embeddable":true,"href":"https:\/\/electricink.eu\/pt-pt\/wp-json\/wp\/v2\/product_tag?post=41712"}],"curies":[{"name":"wp","href":"https:\/\/api.w.org\/{rel}","templated":true}]}}