{"id":41759,"date":"2024-07-02T13:56:57","date_gmt":"2024-07-02T11:56:57","guid":{"rendered":"https:\/\/electricink.eu\/?post_type=product&#038;p=41759"},"modified":"2026-02-05T15:27:38","modified_gmt":"2026-02-05T14:27:38","slug":"pincel-eyeliner-micropigmentacao-preto-50un-copia-copia-copia","status":"publish","type":"product","link":"https:\/\/electricink.eu\/pt-pt\/producto\/pincel-eyeliner-micropigmentacao-preto-50un-copia-copia-copia\/","title":{"rendered":"Henna Nuance para sobrancelhas &#8211; Castanho Escuro 3g"},"content":{"rendered":"<p><strong>HENNA NUANCE PARA SOBRANCELHAS<\/strong><\/p>\n<p><strong>MODO DE PREPARO:<\/strong><\/p>\n<ul>\n<li>*Recomenda-se limpar a \u00e1rea da sobrancelha com algod\u00e3o umedecido em solu\u00e7\u00e3o adstringente ou \u00e1gua oxigenada 3% antes da aplica\u00e7\u00e3o.<\/li>\n<li>Coloque uma colher medidora (que acompanha o kit) de p\u00f3 Nuance Henna da cor desejada no recipiente (que faz parte do kit) e adicione de 6 a 10 gotas de \u00e1gua mineral ou filtrada. Misture bem com um palito de ponta fina at\u00e9 formar uma pasta cremosa (consist\u00eancia de lo\u00e7\u00e3o). Reservar.<\/li>\n<\/ul>\n<p><strong>MODO DE USO:<\/strong><br \/>01- Previamente d\u00ea o formato desejado \u00e0s sobrancelhas.<br \/>02- Limpe a \u00e1rea da sobrancelha*.<br \/>03- Aplicar HENNA NUANCE com um palito de ponta fina (n\u00e3o usar pincel), pressionando sobre a pele.<br \/>04- Com um cotonete \u00famido, retire o excesso, modelando o desenho.<br \/>05- Deixe agir entre 20 e 30 minutos. No caso de pele oleosa, deixe agir por mais tempo ou repita a aplica\u00e7\u00e3o.<br \/>06- Retire completamente o produto com um algod\u00e3o umedecido em \u00e1gua.<br \/>07- Recomenda-se n\u00e3o lavar a \u00e1rea por 8 horas.<\/p>\n<p><strong>PRECAU\u00c7\u00d5ES:<\/strong> Use esta Henna apenas nas sobrancelhas. Pode causar rea\u00e7\u00f5es al\u00e9rgicas. Para prevenir, fa\u00e7a o teste al\u00e9rgico. Uso Externo: caso apare\u00e7a algum sinal de irrita\u00e7\u00e3o, interrompa o uso e procure atendimento m\u00e9dico.<\/p>\n","protected":false},"excerpt":{"rendered":"<p><strong>DESCRI\u00c7\u00c3O DO PRODUTO:<\/strong><br \/>A Henna indiana tem sido usada por centenas de anos para pintura corporal e facial. Atualmente, a Henna \u00e9 indispens\u00e1vel para realce e embelezamento do olhar.<\/p>\n<p>A Henna Nuance \u00e9 composta pela mais fina Henna Indiana e pigmentos selecionados, conferindo naturalidade \u00e0s sobrancelhas.<\/p>\n<p>Recomendada para pessoas que possuem poucos pelos, falhas de crescimento e para quem deseja fazer micropigmenta\u00e7\u00e3o e tem d\u00favidas quanto ao resultado final. Al\u00e9m de propriedades que cuidam dos fios e da pele, sua f\u00f3rmula j\u00e1 possui fixador e apresenta alto rendimento. A dura\u00e7\u00e3o na pele varia de 5 a 10 dias dependendo dos cuidados e do tipo de pele.<\/p>\n<p><strong>Cont\u00e9m:\u00a0<\/strong>1 henna em p\u00f3 3g, 1 recipiente para a mistura, 1 esp\u00e1tula, 1 par de luvas descart\u00e1veis e um folheto explicativo.<\/p>\n<p><strong>Composi\u00e7\u00e3o:<\/strong>\u00a0Lawsonia Inermis Extract, Hydroxyethylcellulose, Algin, Sodium Sulfate, Tartaric Acid, Disodium Lauryl Sulfoccinate.<\/p>\n<p><strong>Produto vegano <\/strong><br \/><strong>N\u00e3o testado em animais<\/strong><br \/><strong>N\u00e3o cont\u00e9m parabenos<\/strong><br \/><strong>N\u00e3o cont\u00e9m chumbo<\/strong><br \/><strong>N\u00e3o cont\u00e9m PPD<\/strong><\/p>\n","protected":false},"featured_media":41763,"comment_status":"closed","ping_status":"closed","template":"","meta":{"_acf_changed":false,"_et_pb_use_builder":"","_et_pb_old_content":"","_et_gb_content_width":"","inline_featured_image":false},"product_brand":[],"product_cat":[728,962,729,731,732],"product_tag":[],"class_list":{"0":"post-41759","1":"product","2":"type-product","3":"status-publish","4":"has-post-thumbnail","6":"product_cat-cosmeticos-pt-pt","7":"product_cat-henna-pt-pt","8":"product_cat-cosmetico-micropigmentacao","9":"product_cat-micropigmentacao","10":"product_cat-acesorios-micro","12":"first","13":"outofstock","14":"taxable","15":"shipping-taxable","16":"purchasable","17":"product-type-simple"},"acf":[],"yoast_head":"<!-- This site is optimized with the Yoast SEO plugin v27.4 - https:\/\/yoast.com\/product\/yoast-seo-wordpress\/ -->\n<title>Henna Nuance para sobrancelhas - Castanho Escuro 3g - Electric Ink\u00ae<\/title>\n<meta name=\"description\" content=\"Henna Nuance \u00e9 composta pela mais fina henna indiana e pigmentos de longa dura\u00e7\u00e3o, conferindo naturalidade \u00e0s sobrancelhas. Produto vegano.\" \/>\n<meta name=\"robots\" content=\"index, follow, max-snippet:-1, max-image-preview:large, max-video-preview:-1\" \/>\n<link rel=\"canonical\" href=\"https:\/\/electricink.eu\/producto\/henna-nuance-para-cejas-castano-oscuro-3g\/\" \/>\n<meta property=\"og:locale\" content=\"pt_PT\" \/>\n<meta property=\"og:type\" content=\"article\" \/>\n<meta property=\"og:title\" content=\"Henna Nuance para sobrancelhas - Castanho Escuro 3g - Electric Ink\u00ae\" \/>\n<meta property=\"og:description\" content=\"Henna Nuance \u00e9 composta pela mais fina henna indiana e pigmentos de longa dura\u00e7\u00e3o, conferindo naturalidade \u00e0s sobrancelhas. Produto vegano.\" \/>\n<meta property=\"og:url\" content=\"https:\/\/electricink.eu\/producto\/henna-nuance-para-cejas-castano-oscuro-3g\/\" \/>\n<meta property=\"og:site_name\" content=\"Electric Ink\u00ae\" \/>\n<meta property=\"article:modified_time\" content=\"2026-02-05T14:27:38+00:00\" \/>\n<meta property=\"og:image\" content=\"https:\/\/electricink.eu\/wp-content\/uploads\/2024\/07\/Henna-Castanho-Escuro.jpg\" \/>\n\t<meta property=\"og:image:width\" content=\"1080\" \/>\n\t<meta property=\"og:image:height\" content=\"1350\" \/>\n\t<meta property=\"og:image:type\" content=\"image\/jpeg\" \/>\n<meta name=\"twitter:card\" content=\"summary_large_image\" \/>\n<meta name=\"twitter:label1\" content=\"Tempo estimado de leitura\" \/>\n\t<meta name=\"twitter:data1\" content=\"1 minuto\" \/>\n<script type=\"application\/ld+json\" class=\"yoast-schema-graph\">{\"@context\":\"https:\\\/\\\/schema.org\",\"@graph\":[{\"@type\":\"WebPage\",\"@id\":\"https:\\\/\\\/electricink.eu\\\/producto\\\/henna-nuance-para-cejas-castano-oscuro-3g\\\/\",\"url\":\"https:\\\/\\\/electricink.eu\\\/producto\\\/henna-nuance-para-cejas-castano-oscuro-3g\\\/\",\"name\":\"Henna Nuance para sobrancelhas - Castanho Escuro 3g - Electric Ink\u00ae\",\"isPartOf\":{\"@id\":\"https:\\\/\\\/electricink.eu\\\/#website\"},\"primaryImageOfPage\":{\"@id\":\"https:\\\/\\\/electricink.eu\\\/producto\\\/henna-nuance-para-cejas-castano-oscuro-3g\\\/#primaryimage\"},\"image\":{\"@id\":\"https:\\\/\\\/electricink.eu\\\/producto\\\/henna-nuance-para-cejas-castano-oscuro-3g\\\/#primaryimage\"},\"thumbnailUrl\":\"https:\\\/\\\/electricink.eu\\\/wp-content\\\/uploads\\\/2024\\\/07\\\/Henna-Castanho-Escuro.jpg\",\"datePublished\":\"2024-07-02T11:56:57+00:00\",\"dateModified\":\"2026-02-05T14:27:38+00:00\",\"description\":\"Henna Nuance \u00e9 composta pela mais fina henna indiana e pigmentos de longa dura\u00e7\u00e3o, conferindo naturalidade \u00e0s sobrancelhas. Produto vegano.\",\"breadcrumb\":{\"@id\":\"https:\\\/\\\/electricink.eu\\\/producto\\\/henna-nuance-para-cejas-castano-oscuro-3g\\\/#breadcrumb\"},\"inLanguage\":\"pt-PT\",\"potentialAction\":[{\"@type\":\"ReadAction\",\"target\":[\"https:\\\/\\\/electricink.eu\\\/producto\\\/henna-nuance-para-cejas-castano-oscuro-3g\\\/\"]}]},{\"@type\":\"ImageObject\",\"inLanguage\":\"pt-PT\",\"@id\":\"https:\\\/\\\/electricink.eu\\\/producto\\\/henna-nuance-para-cejas-castano-oscuro-3g\\\/#primaryimage\",\"url\":\"https:\\\/\\\/electricink.eu\\\/wp-content\\\/uploads\\\/2024\\\/07\\\/Henna-Castanho-Escuro.jpg\",\"contentUrl\":\"https:\\\/\\\/electricink.eu\\\/wp-content\\\/uploads\\\/2024\\\/07\\\/Henna-Castanho-Escuro.jpg\",\"width\":1080,\"height\":1350},{\"@type\":\"BreadcrumbList\",\"@id\":\"https:\\\/\\\/electricink.eu\\\/producto\\\/henna-nuance-para-cejas-castano-oscuro-3g\\\/#breadcrumb\",\"itemListElement\":[{\"@type\":\"ListItem\",\"position\":1,\"name\":\"Portada\",\"item\":\"https:\\\/\\\/electricink.eu\\\/pt-pt\\\/home\\\/\"},{\"@type\":\"ListItem\",\"position\":2,\"name\":\"Tienda\",\"item\":\"https:\\\/\\\/electricink.eu\\\/tienda\\\/\"},{\"@type\":\"ListItem\",\"position\":3,\"name\":\"Henna Nuance para sobrancelhas &#8211; Castanho Escuro 3g\"}]},{\"@type\":\"WebSite\",\"@id\":\"https:\\\/\\\/electricink.eu\\\/#website\",\"url\":\"https:\\\/\\\/electricink.eu\\\/\",\"name\":\"Electric Ink\u00ae\",\"description\":\"Material para Tatuar Profesional en Europa - Electric Ink\u00ae\",\"potentialAction\":[{\"@type\":\"SearchAction\",\"target\":{\"@type\":\"EntryPoint\",\"urlTemplate\":\"https:\\\/\\\/electricink.eu\\\/?s={search_term_string}\"},\"query-input\":{\"@type\":\"PropertyValueSpecification\",\"valueRequired\":true,\"valueName\":\"search_term_string\"}}],\"inLanguage\":\"pt-PT\"}]}<\/script>\n<!-- \/ Yoast SEO plugin. -->","yoast_head_json":{"title":"Henna Nuance para sobrancelhas - Castanho Escuro 3g - Electric Ink\u00ae","description":"Henna Nuance \u00e9 composta pela mais fina henna indiana e pigmentos de longa dura\u00e7\u00e3o, conferindo naturalidade \u00e0s sobrancelhas. Produto vegano.","robots":{"index":"index","follow":"follow","max-snippet":"max-snippet:-1","max-image-preview":"max-image-preview:large","max-video-preview":"max-video-preview:-1"},"canonical":"https:\/\/electricink.eu\/producto\/henna-nuance-para-cejas-castano-oscuro-3g\/","og_locale":"pt_PT","og_type":"article","og_title":"Henna Nuance para sobrancelhas - Castanho Escuro 3g - Electric Ink\u00ae","og_description":"Henna Nuance \u00e9 composta pela mais fina henna indiana e pigmentos de longa dura\u00e7\u00e3o, conferindo naturalidade \u00e0s sobrancelhas. Produto vegano.","og_url":"https:\/\/electricink.eu\/producto\/henna-nuance-para-cejas-castano-oscuro-3g\/","og_site_name":"Electric Ink\u00ae","article_modified_time":"2026-02-05T14:27:38+00:00","og_image":[{"width":1080,"height":1350,"url":"https:\/\/electricink.eu\/wp-content\/uploads\/2024\/07\/Henna-Castanho-Escuro.jpg","type":"image\/jpeg"}],"twitter_card":"summary_large_image","twitter_misc":{"Tempo estimado de leitura":"1 minuto"},"schema":{"@context":"https:\/\/schema.org","@graph":[{"@type":"WebPage","@id":"https:\/\/electricink.eu\/producto\/henna-nuance-para-cejas-castano-oscuro-3g\/","url":"https:\/\/electricink.eu\/producto\/henna-nuance-para-cejas-castano-oscuro-3g\/","name":"Henna Nuance para sobrancelhas - Castanho Escuro 3g - Electric Ink\u00ae","isPartOf":{"@id":"https:\/\/electricink.eu\/#website"},"primaryImageOfPage":{"@id":"https:\/\/electricink.eu\/producto\/henna-nuance-para-cejas-castano-oscuro-3g\/#primaryimage"},"image":{"@id":"https:\/\/electricink.eu\/producto\/henna-nuance-para-cejas-castano-oscuro-3g\/#primaryimage"},"thumbnailUrl":"https:\/\/electricink.eu\/wp-content\/uploads\/2024\/07\/Henna-Castanho-Escuro.jpg","datePublished":"2024-07-02T11:56:57+00:00","dateModified":"2026-02-05T14:27:38+00:00","description":"Henna Nuance \u00e9 composta pela mais fina henna indiana e pigmentos de longa dura\u00e7\u00e3o, conferindo naturalidade \u00e0s sobrancelhas. Produto vegano.","breadcrumb":{"@id":"https:\/\/electricink.eu\/producto\/henna-nuance-para-cejas-castano-oscuro-3g\/#breadcrumb"},"inLanguage":"pt-PT","potentialAction":[{"@type":"ReadAction","target":["https:\/\/electricink.eu\/producto\/henna-nuance-para-cejas-castano-oscuro-3g\/"]}]},{"@type":"ImageObject","inLanguage":"pt-PT","@id":"https:\/\/electricink.eu\/producto\/henna-nuance-para-cejas-castano-oscuro-3g\/#primaryimage","url":"https:\/\/electricink.eu\/wp-content\/uploads\/2024\/07\/Henna-Castanho-Escuro.jpg","contentUrl":"https:\/\/electricink.eu\/wp-content\/uploads\/2024\/07\/Henna-Castanho-Escuro.jpg","width":1080,"height":1350},{"@type":"BreadcrumbList","@id":"https:\/\/electricink.eu\/producto\/henna-nuance-para-cejas-castano-oscuro-3g\/#breadcrumb","itemListElement":[{"@type":"ListItem","position":1,"name":"Portada","item":"https:\/\/electricink.eu\/pt-pt\/home\/"},{"@type":"ListItem","position":2,"name":"Tienda","item":"https:\/\/electricink.eu\/tienda\/"},{"@type":"ListItem","position":3,"name":"Henna Nuance para sobrancelhas &#8211; Castanho Escuro 3g"}]},{"@type":"WebSite","@id":"https:\/\/electricink.eu\/#website","url":"https:\/\/electricink.eu\/","name":"Electric Ink\u00ae","description":"Material para Tatuar Profesional en Europa - Electric Ink\u00ae","potentialAction":[{"@type":"SearchAction","target":{"@type":"EntryPoint","urlTemplate":"https:\/\/electricink.eu\/?s={search_term_string}"},"query-input":{"@type":"PropertyValueSpecification","valueRequired":true,"valueName":"search_term_string"}}],"inLanguage":"pt-PT"}]}},"_links":{"self":[{"href":"https:\/\/electricink.eu\/pt-pt\/wp-json\/wp\/v2\/product\/41759","targetHints":{"allow":["GET"]}}],"collection":[{"href":"https:\/\/electricink.eu\/pt-pt\/wp-json\/wp\/v2\/product"}],"about":[{"href":"https:\/\/electricink.eu\/pt-pt\/wp-json\/wp\/v2\/types\/product"}],"replies":[{"embeddable":true,"href":"https:\/\/electricink.eu\/pt-pt\/wp-json\/wp\/v2\/comments?post=41759"}],"wp:featuredmedia":[{"embeddable":true,"href":"https:\/\/electricink.eu\/pt-pt\/wp-json\/wp\/v2\/media\/41763"}],"wp:attachment":[{"href":"https:\/\/electricink.eu\/pt-pt\/wp-json\/wp\/v2\/media?parent=41759"}],"wp:term":[{"taxonomy":"product_brand","embeddable":true,"href":"https:\/\/electricink.eu\/pt-pt\/wp-json\/wp\/v2\/product_brand?post=41759"},{"taxonomy":"product_cat","embeddable":true,"href":"https:\/\/electricink.eu\/pt-pt\/wp-json\/wp\/v2\/product_cat?post=41759"},{"taxonomy":"product_tag","embeddable":true,"href":"https:\/\/electricink.eu\/pt-pt\/wp-json\/wp\/v2\/product_tag?post=41759"}],"curies":[{"name":"wp","href":"https:\/\/api.w.org\/{rel}","templated":true}]}}