{"id":42135,"date":"2024-04-25T12:22:52","date_gmt":"2024-04-25T10:22:52","guid":{"rendered":"https:\/\/electricink.eu\/producto\/tattoo-clean-up-90ml\/"},"modified":"2024-04-25T12:22:52","modified_gmt":"2024-04-25T10:22:52","slug":"tattoo-clean-up-90ml","status":"publish","type":"product","link":"https:\/\/electricink.eu\/pt-pt\/producto\/tattoo-clean-up-90ml\/","title":{"rendered":"Tattoo Clean Up &#8211; 90ml"},"content":{"rendered":"<p><strong>Tamanho:<\/strong> 90ml<\/p>\n<p><strong>Modelo:<\/strong> Clean<\/p>\n<p><strong>Marca:<\/strong> Electric Ink<\/p>\n","protected":false},"excerpt":{"rendered":"<p><strong>Tattoo Clean Up<\/strong> \u00e9 uma espuma suave indicada para neutralizar o pigmento na pele, limpando-a durante o procedimento. Reduz a irrita\u00e7\u00e3o e deixa a \u00e1rea tatuada completamente higienizada.<\/p>\n<p><strong>Modo de Uso:<\/strong> Aplique o Clean Up com papel absorvente descart\u00e1vel ou diretamente sobre a pele e espalhe bem a espuma. Limpe completamente toda a \u00e1rea.<\/p>\n","protected":false},"featured_media":40810,"comment_status":"closed","ping_status":"closed","template":"","meta":{"_acf_changed":false,"_et_pb_use_builder":"","_et_pb_old_content":"","_et_gb_content_width":"","inline_featured_image":false},"product_brand":[],"product_cat":[728,957,730],"product_tag":[],"class_list":{"0":"post-42135","1":"product","2":"type-product","3":"status-publish","4":"has-post-thumbnail","6":"product_cat-cosmeticos-pt-pt","7":"product_cat-para-os-artistas-nomades","8":"product_cat-cosmetico-cattoo","10":"first","11":"outofstock","12":"taxable","13":"shipping-taxable","14":"purchasable","15":"product-type-simple"},"acf":[],"yoast_head":"<!-- This site is optimized with the Yoast SEO plugin v27.4 - https:\/\/yoast.com\/product\/yoast-seo-wordpress\/ -->\n<title>Tattoo Clean Up - 90ml - Electric Ink\u00ae<\/title>\n<meta name=\"description\" content=\"Espuma suave indicada para neutralizar o pigmento na pele, limpando-a durante o procedimento. Reduz a irrita\u00e7\u00e3o e deixa a \u00e1rea tatuada completamente higienizada.\" \/>\n<meta name=\"robots\" content=\"index, follow, max-snippet:-1, max-image-preview:large, max-video-preview:-1\" \/>\n<link rel=\"canonical\" href=\"https:\/\/electricink.eu\/producto\/tattoo-clean-up-90ml\/\" \/>\n<meta property=\"og:locale\" content=\"pt_PT\" \/>\n<meta property=\"og:type\" content=\"article\" \/>\n<meta property=\"og:title\" content=\"Tattoo Clean Up - 90ml - Electric Ink\u00ae\" \/>\n<meta property=\"og:description\" content=\"Espuma suave indicada para neutralizar o pigmento na pele, limpando-a durante o procedimento. Reduz a irrita\u00e7\u00e3o e deixa a \u00e1rea tatuada completamente higienizada.\" \/>\n<meta property=\"og:url\" content=\"https:\/\/electricink.eu\/producto\/tattoo-clean-up-90ml\/\" \/>\n<meta property=\"og:site_name\" content=\"Electric Ink\u00ae\" \/>\n<meta property=\"og:image\" content=\"https:\/\/electricink.eu\/wp-content\/uploads\/2024\/04\/pg3.jpg\" \/>\n\t<meta property=\"og:image:width\" content=\"1080\" \/>\n\t<meta property=\"og:image:height\" content=\"1080\" \/>\n\t<meta property=\"og:image:type\" content=\"image\/jpeg\" \/>\n<meta name=\"twitter:card\" content=\"summary_large_image\" \/>\n<script type=\"application\/ld+json\" class=\"yoast-schema-graph\">{\"@context\":\"https:\\\/\\\/schema.org\",\"@graph\":[{\"@type\":\"WebPage\",\"@id\":\"https:\\\/\\\/electricink.eu\\\/producto\\\/tattoo-clean-up-90ml\\\/\",\"url\":\"https:\\\/\\\/electricink.eu\\\/producto\\\/tattoo-clean-up-90ml\\\/\",\"name\":\"Tattoo Clean Up - 90ml - Electric Ink\u00ae\",\"isPartOf\":{\"@id\":\"https:\\\/\\\/electricink.eu\\\/#website\"},\"primaryImageOfPage\":{\"@id\":\"https:\\\/\\\/electricink.eu\\\/producto\\\/tattoo-clean-up-90ml\\\/#primaryimage\"},\"image\":{\"@id\":\"https:\\\/\\\/electricink.eu\\\/producto\\\/tattoo-clean-up-90ml\\\/#primaryimage\"},\"thumbnailUrl\":\"https:\\\/\\\/electricink.eu\\\/wp-content\\\/uploads\\\/2024\\\/04\\\/pg3.jpg\",\"datePublished\":\"2024-04-25T10:22:52+00:00\",\"description\":\"Espuma suave indicada para neutralizar o pigmento na pele, limpando-a durante o procedimento. Reduz a irrita\u00e7\u00e3o e deixa a \u00e1rea tatuada completamente higienizada.\",\"breadcrumb\":{\"@id\":\"https:\\\/\\\/electricink.eu\\\/producto\\\/tattoo-clean-up-90ml\\\/#breadcrumb\"},\"inLanguage\":\"pt-PT\",\"potentialAction\":[{\"@type\":\"ReadAction\",\"target\":[\"https:\\\/\\\/electricink.eu\\\/producto\\\/tattoo-clean-up-90ml\\\/\"]}]},{\"@type\":\"ImageObject\",\"inLanguage\":\"pt-PT\",\"@id\":\"https:\\\/\\\/electricink.eu\\\/producto\\\/tattoo-clean-up-90ml\\\/#primaryimage\",\"url\":\"https:\\\/\\\/electricink.eu\\\/wp-content\\\/uploads\\\/2024\\\/04\\\/pg3.jpg\",\"contentUrl\":\"https:\\\/\\\/electricink.eu\\\/wp-content\\\/uploads\\\/2024\\\/04\\\/pg3.jpg\",\"width\":1080,\"height\":1080},{\"@type\":\"BreadcrumbList\",\"@id\":\"https:\\\/\\\/electricink.eu\\\/producto\\\/tattoo-clean-up-90ml\\\/#breadcrumb\",\"itemListElement\":[{\"@type\":\"ListItem\",\"position\":1,\"name\":\"Portada\",\"item\":\"https:\\\/\\\/electricink.eu\\\/pt-pt\\\/home\\\/\"},{\"@type\":\"ListItem\",\"position\":2,\"name\":\"Tienda\",\"item\":\"https:\\\/\\\/electricink.eu\\\/tienda\\\/\"},{\"@type\":\"ListItem\",\"position\":3,\"name\":\"Tattoo Clean Up &#8211; 90ml\"}]},{\"@type\":\"WebSite\",\"@id\":\"https:\\\/\\\/electricink.eu\\\/#website\",\"url\":\"https:\\\/\\\/electricink.eu\\\/\",\"name\":\"Electric Ink\u00ae\",\"description\":\"Material para Tatuar Profesional en Europa - Electric Ink\u00ae\",\"potentialAction\":[{\"@type\":\"SearchAction\",\"target\":{\"@type\":\"EntryPoint\",\"urlTemplate\":\"https:\\\/\\\/electricink.eu\\\/?s={search_term_string}\"},\"query-input\":{\"@type\":\"PropertyValueSpecification\",\"valueRequired\":true,\"valueName\":\"search_term_string\"}}],\"inLanguage\":\"pt-PT\"}]}<\/script>\n<!-- \/ Yoast SEO plugin. -->","yoast_head_json":{"title":"Tattoo Clean Up - 90ml - Electric Ink\u00ae","description":"Espuma suave indicada para neutralizar o pigmento na pele, limpando-a durante o procedimento. Reduz a irrita\u00e7\u00e3o e deixa a \u00e1rea tatuada completamente higienizada.","robots":{"index":"index","follow":"follow","max-snippet":"max-snippet:-1","max-image-preview":"max-image-preview:large","max-video-preview":"max-video-preview:-1"},"canonical":"https:\/\/electricink.eu\/producto\/tattoo-clean-up-90ml\/","og_locale":"pt_PT","og_type":"article","og_title":"Tattoo Clean Up - 90ml - Electric Ink\u00ae","og_description":"Espuma suave indicada para neutralizar o pigmento na pele, limpando-a durante o procedimento. Reduz a irrita\u00e7\u00e3o e deixa a \u00e1rea tatuada completamente higienizada.","og_url":"https:\/\/electricink.eu\/producto\/tattoo-clean-up-90ml\/","og_site_name":"Electric Ink\u00ae","og_image":[{"width":1080,"height":1080,"url":"https:\/\/electricink.eu\/wp-content\/uploads\/2024\/04\/pg3.jpg","type":"image\/jpeg"}],"twitter_card":"summary_large_image","schema":{"@context":"https:\/\/schema.org","@graph":[{"@type":"WebPage","@id":"https:\/\/electricink.eu\/producto\/tattoo-clean-up-90ml\/","url":"https:\/\/electricink.eu\/producto\/tattoo-clean-up-90ml\/","name":"Tattoo Clean Up - 90ml - Electric Ink\u00ae","isPartOf":{"@id":"https:\/\/electricink.eu\/#website"},"primaryImageOfPage":{"@id":"https:\/\/electricink.eu\/producto\/tattoo-clean-up-90ml\/#primaryimage"},"image":{"@id":"https:\/\/electricink.eu\/producto\/tattoo-clean-up-90ml\/#primaryimage"},"thumbnailUrl":"https:\/\/electricink.eu\/wp-content\/uploads\/2024\/04\/pg3.jpg","datePublished":"2024-04-25T10:22:52+00:00","description":"Espuma suave indicada para neutralizar o pigmento na pele, limpando-a durante o procedimento. Reduz a irrita\u00e7\u00e3o e deixa a \u00e1rea tatuada completamente higienizada.","breadcrumb":{"@id":"https:\/\/electricink.eu\/producto\/tattoo-clean-up-90ml\/#breadcrumb"},"inLanguage":"pt-PT","potentialAction":[{"@type":"ReadAction","target":["https:\/\/electricink.eu\/producto\/tattoo-clean-up-90ml\/"]}]},{"@type":"ImageObject","inLanguage":"pt-PT","@id":"https:\/\/electricink.eu\/producto\/tattoo-clean-up-90ml\/#primaryimage","url":"https:\/\/electricink.eu\/wp-content\/uploads\/2024\/04\/pg3.jpg","contentUrl":"https:\/\/electricink.eu\/wp-content\/uploads\/2024\/04\/pg3.jpg","width":1080,"height":1080},{"@type":"BreadcrumbList","@id":"https:\/\/electricink.eu\/producto\/tattoo-clean-up-90ml\/#breadcrumb","itemListElement":[{"@type":"ListItem","position":1,"name":"Portada","item":"https:\/\/electricink.eu\/pt-pt\/home\/"},{"@type":"ListItem","position":2,"name":"Tienda","item":"https:\/\/electricink.eu\/tienda\/"},{"@type":"ListItem","position":3,"name":"Tattoo Clean Up &#8211; 90ml"}]},{"@type":"WebSite","@id":"https:\/\/electricink.eu\/#website","url":"https:\/\/electricink.eu\/","name":"Electric Ink\u00ae","description":"Material para Tatuar Profesional en Europa - Electric Ink\u00ae","potentialAction":[{"@type":"SearchAction","target":{"@type":"EntryPoint","urlTemplate":"https:\/\/electricink.eu\/?s={search_term_string}"},"query-input":{"@type":"PropertyValueSpecification","valueRequired":true,"valueName":"search_term_string"}}],"inLanguage":"pt-PT"}]}},"_links":{"self":[{"href":"https:\/\/electricink.eu\/pt-pt\/wp-json\/wp\/v2\/product\/42135","targetHints":{"allow":["GET"]}}],"collection":[{"href":"https:\/\/electricink.eu\/pt-pt\/wp-json\/wp\/v2\/product"}],"about":[{"href":"https:\/\/electricink.eu\/pt-pt\/wp-json\/wp\/v2\/types\/product"}],"replies":[{"embeddable":true,"href":"https:\/\/electricink.eu\/pt-pt\/wp-json\/wp\/v2\/comments?post=42135"}],"wp:featuredmedia":[{"embeddable":true,"href":"https:\/\/electricink.eu\/pt-pt\/wp-json\/wp\/v2\/media\/40810"}],"wp:attachment":[{"href":"https:\/\/electricink.eu\/pt-pt\/wp-json\/wp\/v2\/media?parent=42135"}],"wp:term":[{"taxonomy":"product_brand","embeddable":true,"href":"https:\/\/electricink.eu\/pt-pt\/wp-json\/wp\/v2\/product_brand?post=42135"},{"taxonomy":"product_cat","embeddable":true,"href":"https:\/\/electricink.eu\/pt-pt\/wp-json\/wp\/v2\/product_cat?post=42135"},{"taxonomy":"product_tag","embeddable":true,"href":"https:\/\/electricink.eu\/pt-pt\/wp-json\/wp\/v2\/product_tag?post=42135"}],"curies":[{"name":"wp","href":"https:\/\/api.w.org\/{rel}","templated":true}]}}