{"id":43290,"date":"2025-03-17T12:56:12","date_gmt":"2025-03-17T11:56:12","guid":{"rendered":"https:\/\/electricink.eu\/producto\/tattoo-cream-derma-30g\/"},"modified":"2025-12-16T01:29:56","modified_gmt":"2025-12-16T00:29:56","slug":"tattoo-cream-derma-30g","status":"publish","type":"product","link":"https:\/\/electricink.eu\/pt-pt\/producto\/tattoo-cream-derma-30g\/","title":{"rendered":"Tattoo Cream Derma &#8211; 30g"},"content":{"rendered":"","protected":false},"excerpt":{"rendered":"<p>O <strong>Tattoo Cream Derma<\/strong> \u00e9 um hidratante especial para a pele tatuada. Possui na sua composi\u00e7\u00e3o \u00f3leos e manteigas vegetais selecionados que proporcionam hidrata\u00e7\u00e3o e maciez. Seus ativos antioxidantes promovem a\u00e7\u00e3o antienvelhecimento, al\u00e9m de formar uma pel\u00edcula protetora na pele.<br \/>Sem corantes, sem parabenos, sem petrolatos e com PH fisiol\u00f3gico. Um toque suave e r\u00e1pida absor\u00e7\u00e3o para deixar suas tatuagens mais vibrantes.<\/p>\n<p><strong>Modo de Uso:<\/strong> Aplique uma quantidade suficiente do Tattoo Cream Derma na pele, massageando at\u00e9 sua completa absor\u00e7\u00e3o.<br \/>*Ideal para a pele j\u00e1 cicatrizada, cerca de 10 dias ap\u00f3s o procedimento de tatuagem.<\/p>\n","protected":false},"featured_media":43169,"comment_status":"closed","ping_status":"closed","template":"","meta":{"_acf_changed":false,"_et_pb_use_builder":"","_et_pb_old_content":"","_et_gb_content_width":"","inline_featured_image":false},"product_brand":[],"product_cat":[728,730],"product_tag":[],"class_list":{"0":"post-43290","1":"product","2":"type-product","3":"status-publish","4":"has-post-thumbnail","6":"product_cat-cosmeticos-pt-pt","7":"product_cat-cosmetico-cattoo","9":"first","10":"outofstock","11":"featured","12":"taxable","13":"shipping-taxable","14":"purchasable","15":"product-type-simple"},"acf":[],"yoast_head":"<!-- This site is optimized with the Yoast SEO plugin v27.4 - https:\/\/yoast.com\/product\/yoast-seo-wordpress\/ -->\n<title>Tattoo Cream Derma - 30g - Electric Ink\u00ae<\/title>\n<meta name=\"description\" content=\"Tattoo Cream Derma \u00e9 um creme hidratante que cuida da tatuagem ap\u00f3s o processo de cicatriza\u00e7\u00e3o. Livre de corantes, parabenos e petrolatos.\" \/>\n<meta name=\"robots\" content=\"index, follow, max-snippet:-1, max-image-preview:large, max-video-preview:-1\" \/>\n<link rel=\"canonical\" href=\"https:\/\/electricink.eu\/producto\/tattoo-cream-derma-30g\/\" \/>\n<meta property=\"og:locale\" content=\"pt_PT\" \/>\n<meta property=\"og:type\" content=\"article\" \/>\n<meta property=\"og:title\" content=\"Tattoo Cream Derma - 30g - Electric Ink\u00ae\" \/>\n<meta property=\"og:description\" content=\"Tattoo Cream Derma \u00e9 um creme hidratante que cuida da tatuagem ap\u00f3s o processo de cicatriza\u00e7\u00e3o. Livre de corantes, parabenos e petrolatos.\" \/>\n<meta property=\"og:url\" content=\"https:\/\/electricink.eu\/producto\/tattoo-cream-derma-30g\/\" \/>\n<meta property=\"og:site_name\" content=\"Electric Ink\u00ae\" \/>\n<meta property=\"article:modified_time\" content=\"2025-12-16T00:29:56+00:00\" \/>\n<meta property=\"og:image\" content=\"https:\/\/electricink.eu\/wp-content\/uploads\/2025\/03\/TattooCreamDermaDisplay_pg4.png\" \/>\n\t<meta property=\"og:image:width\" content=\"1200\" \/>\n\t<meta property=\"og:image:height\" content=\"1200\" \/>\n\t<meta property=\"og:image:type\" content=\"image\/png\" \/>\n<meta name=\"twitter:card\" content=\"summary_large_image\" \/>\n<script type=\"application\/ld+json\" class=\"yoast-schema-graph\">{\"@context\":\"https:\\\/\\\/schema.org\",\"@graph\":[{\"@type\":\"WebPage\",\"@id\":\"https:\\\/\\\/electricink.eu\\\/producto\\\/tattoo-cream-derma-30g\\\/\",\"url\":\"https:\\\/\\\/electricink.eu\\\/producto\\\/tattoo-cream-derma-30g\\\/\",\"name\":\"Tattoo Cream Derma - 30g - Electric Ink\u00ae\",\"isPartOf\":{\"@id\":\"https:\\\/\\\/electricink.eu\\\/#website\"},\"primaryImageOfPage\":{\"@id\":\"https:\\\/\\\/electricink.eu\\\/producto\\\/tattoo-cream-derma-30g\\\/#primaryimage\"},\"image\":{\"@id\":\"https:\\\/\\\/electricink.eu\\\/producto\\\/tattoo-cream-derma-30g\\\/#primaryimage\"},\"thumbnailUrl\":\"https:\\\/\\\/electricink.eu\\\/wp-content\\\/uploads\\\/2025\\\/03\\\/TattooCreamDermaDisplay_pg4.png\",\"datePublished\":\"2025-03-17T11:56:12+00:00\",\"dateModified\":\"2025-12-16T00:29:56+00:00\",\"description\":\"Tattoo Cream Derma \u00e9 um creme hidratante que cuida da tatuagem ap\u00f3s o processo de cicatriza\u00e7\u00e3o. Livre de corantes, parabenos e petrolatos.\",\"breadcrumb\":{\"@id\":\"https:\\\/\\\/electricink.eu\\\/producto\\\/tattoo-cream-derma-30g\\\/#breadcrumb\"},\"inLanguage\":\"pt-PT\",\"potentialAction\":[{\"@type\":\"ReadAction\",\"target\":[\"https:\\\/\\\/electricink.eu\\\/producto\\\/tattoo-cream-derma-30g\\\/\"]}]},{\"@type\":\"ImageObject\",\"inLanguage\":\"pt-PT\",\"@id\":\"https:\\\/\\\/electricink.eu\\\/producto\\\/tattoo-cream-derma-30g\\\/#primaryimage\",\"url\":\"https:\\\/\\\/electricink.eu\\\/wp-content\\\/uploads\\\/2025\\\/03\\\/TattooCreamDermaDisplay_pg4.png\",\"contentUrl\":\"https:\\\/\\\/electricink.eu\\\/wp-content\\\/uploads\\\/2025\\\/03\\\/TattooCreamDermaDisplay_pg4.png\",\"width\":1200,\"height\":1200},{\"@type\":\"BreadcrumbList\",\"@id\":\"https:\\\/\\\/electricink.eu\\\/producto\\\/tattoo-cream-derma-30g\\\/#breadcrumb\",\"itemListElement\":[{\"@type\":\"ListItem\",\"position\":1,\"name\":\"Portada\",\"item\":\"https:\\\/\\\/electricink.eu\\\/pt-pt\\\/home\\\/\"},{\"@type\":\"ListItem\",\"position\":2,\"name\":\"Tienda\",\"item\":\"https:\\\/\\\/electricink.eu\\\/tienda\\\/\"},{\"@type\":\"ListItem\",\"position\":3,\"name\":\"Tattoo Cream Derma &#8211; 30g\"}]},{\"@type\":\"WebSite\",\"@id\":\"https:\\\/\\\/electricink.eu\\\/#website\",\"url\":\"https:\\\/\\\/electricink.eu\\\/\",\"name\":\"Electric Ink\u00ae\",\"description\":\"Material para Tatuar Profesional en Europa - Electric Ink\u00ae\",\"potentialAction\":[{\"@type\":\"SearchAction\",\"target\":{\"@type\":\"EntryPoint\",\"urlTemplate\":\"https:\\\/\\\/electricink.eu\\\/?s={search_term_string}\"},\"query-input\":{\"@type\":\"PropertyValueSpecification\",\"valueRequired\":true,\"valueName\":\"search_term_string\"}}],\"inLanguage\":\"pt-PT\"}]}<\/script>\n<!-- \/ Yoast SEO plugin. -->","yoast_head_json":{"title":"Tattoo Cream Derma - 30g - Electric Ink\u00ae","description":"Tattoo Cream Derma \u00e9 um creme hidratante que cuida da tatuagem ap\u00f3s o processo de cicatriza\u00e7\u00e3o. Livre de corantes, parabenos e petrolatos.","robots":{"index":"index","follow":"follow","max-snippet":"max-snippet:-1","max-image-preview":"max-image-preview:large","max-video-preview":"max-video-preview:-1"},"canonical":"https:\/\/electricink.eu\/producto\/tattoo-cream-derma-30g\/","og_locale":"pt_PT","og_type":"article","og_title":"Tattoo Cream Derma - 30g - Electric Ink\u00ae","og_description":"Tattoo Cream Derma \u00e9 um creme hidratante que cuida da tatuagem ap\u00f3s o processo de cicatriza\u00e7\u00e3o. Livre de corantes, parabenos e petrolatos.","og_url":"https:\/\/electricink.eu\/producto\/tattoo-cream-derma-30g\/","og_site_name":"Electric Ink\u00ae","article_modified_time":"2025-12-16T00:29:56+00:00","og_image":[{"width":1200,"height":1200,"url":"https:\/\/electricink.eu\/wp-content\/uploads\/2025\/03\/TattooCreamDermaDisplay_pg4.png","type":"image\/png"}],"twitter_card":"summary_large_image","schema":{"@context":"https:\/\/schema.org","@graph":[{"@type":"WebPage","@id":"https:\/\/electricink.eu\/producto\/tattoo-cream-derma-30g\/","url":"https:\/\/electricink.eu\/producto\/tattoo-cream-derma-30g\/","name":"Tattoo Cream Derma - 30g - Electric Ink\u00ae","isPartOf":{"@id":"https:\/\/electricink.eu\/#website"},"primaryImageOfPage":{"@id":"https:\/\/electricink.eu\/producto\/tattoo-cream-derma-30g\/#primaryimage"},"image":{"@id":"https:\/\/electricink.eu\/producto\/tattoo-cream-derma-30g\/#primaryimage"},"thumbnailUrl":"https:\/\/electricink.eu\/wp-content\/uploads\/2025\/03\/TattooCreamDermaDisplay_pg4.png","datePublished":"2025-03-17T11:56:12+00:00","dateModified":"2025-12-16T00:29:56+00:00","description":"Tattoo Cream Derma \u00e9 um creme hidratante que cuida da tatuagem ap\u00f3s o processo de cicatriza\u00e7\u00e3o. Livre de corantes, parabenos e petrolatos.","breadcrumb":{"@id":"https:\/\/electricink.eu\/producto\/tattoo-cream-derma-30g\/#breadcrumb"},"inLanguage":"pt-PT","potentialAction":[{"@type":"ReadAction","target":["https:\/\/electricink.eu\/producto\/tattoo-cream-derma-30g\/"]}]},{"@type":"ImageObject","inLanguage":"pt-PT","@id":"https:\/\/electricink.eu\/producto\/tattoo-cream-derma-30g\/#primaryimage","url":"https:\/\/electricink.eu\/wp-content\/uploads\/2025\/03\/TattooCreamDermaDisplay_pg4.png","contentUrl":"https:\/\/electricink.eu\/wp-content\/uploads\/2025\/03\/TattooCreamDermaDisplay_pg4.png","width":1200,"height":1200},{"@type":"BreadcrumbList","@id":"https:\/\/electricink.eu\/producto\/tattoo-cream-derma-30g\/#breadcrumb","itemListElement":[{"@type":"ListItem","position":1,"name":"Portada","item":"https:\/\/electricink.eu\/pt-pt\/home\/"},{"@type":"ListItem","position":2,"name":"Tienda","item":"https:\/\/electricink.eu\/tienda\/"},{"@type":"ListItem","position":3,"name":"Tattoo Cream Derma &#8211; 30g"}]},{"@type":"WebSite","@id":"https:\/\/electricink.eu\/#website","url":"https:\/\/electricink.eu\/","name":"Electric Ink\u00ae","description":"Material para Tatuar Profesional en Europa - Electric Ink\u00ae","potentialAction":[{"@type":"SearchAction","target":{"@type":"EntryPoint","urlTemplate":"https:\/\/electricink.eu\/?s={search_term_string}"},"query-input":{"@type":"PropertyValueSpecification","valueRequired":true,"valueName":"search_term_string"}}],"inLanguage":"pt-PT"}]}},"_links":{"self":[{"href":"https:\/\/electricink.eu\/pt-pt\/wp-json\/wp\/v2\/product\/43290","targetHints":{"allow":["GET"]}}],"collection":[{"href":"https:\/\/electricink.eu\/pt-pt\/wp-json\/wp\/v2\/product"}],"about":[{"href":"https:\/\/electricink.eu\/pt-pt\/wp-json\/wp\/v2\/types\/product"}],"replies":[{"embeddable":true,"href":"https:\/\/electricink.eu\/pt-pt\/wp-json\/wp\/v2\/comments?post=43290"}],"wp:featuredmedia":[{"embeddable":true,"href":"https:\/\/electricink.eu\/pt-pt\/wp-json\/wp\/v2\/media\/43169"}],"wp:attachment":[{"href":"https:\/\/electricink.eu\/pt-pt\/wp-json\/wp\/v2\/media?parent=43290"}],"wp:term":[{"taxonomy":"product_brand","embeddable":true,"href":"https:\/\/electricink.eu\/pt-pt\/wp-json\/wp\/v2\/product_brand?post=43290"},{"taxonomy":"product_cat","embeddable":true,"href":"https:\/\/electricink.eu\/pt-pt\/wp-json\/wp\/v2\/product_cat?post=43290"},{"taxonomy":"product_tag","embeddable":true,"href":"https:\/\/electricink.eu\/pt-pt\/wp-json\/wp\/v2\/product_tag?post=43290"}],"curies":[{"name":"wp","href":"https:\/\/api.w.org\/{rel}","templated":true}]}}