{"id":43319,"date":"2025-03-17T15:47:07","date_gmt":"2025-03-17T14:47:07","guid":{"rendered":"https:\/\/electricink.eu\/producto\/combo-nano-pen-deluxe-victor-montaghini-22r\/"},"modified":"2025-03-26T11:51:17","modified_gmt":"2025-03-26T10:51:17","slug":"combo-nano-pen-deluxe-victor-montaghini-22r","status":"publish","type":"product","link":"https:\/\/electricink.eu\/pt-pt\/producto\/combo-nano-pen-deluxe-victor-montaghini-22r\/","title":{"rendered":"Combo Nano Pen Deluxe Victor Montaghini 22R"},"content":{"rendered":"","protected":false},"excerpt":{"rendered":"<p><strong>Designed for You.\u00a0 Made by Electric Ink.<\/strong><\/p>\n<p><strong>Combo Nano Pen Deluxe Victor Montaghini<\/strong><\/p>\n<p>Motor de Neodimio 22R<\/p>\n<p>Sistema de amortecimento exclusivo (fixo)<\/p>\n<p>Compat\u00edvel com: Fonte Power 3<\/p>\n<p>Adaptador &amp; Cabo RCA (n\u00e3o inclusos no Combo)<\/p>\n<p>Design leve e ergon\u00f4mico<\/p>\n<p>Curso de 4.7mm<\/p>\n<p>Grip de 30 mm para cartuchos universais<\/p>\n<p><strong>Ideal para todos os estilos<\/strong><\/p>\n","protected":false},"featured_media":43269,"comment_status":"closed","ping_status":"closed","template":"","meta":{"_acf_changed":false,"_et_pb_use_builder":"","_et_pb_old_content":"","_et_gb_content_width":"","inline_featured_image":false},"product_brand":[],"product_cat":[755,757],"product_tag":[],"class_list":{"0":"post-43319","1":"product","2":"type-product","3":"status-publish","4":"has-post-thumbnail","6":"product_cat-maquinas-de-tatuagem","7":"product_cat-maquinas-pen-pt-pt","9":"first","10":"instock","11":"taxable","12":"shipping-taxable","13":"purchasable","14":"product-type-simple"},"acf":[],"yoast_head":"<!-- This site is optimized with the Yoast SEO plugin v27.4 - https:\/\/yoast.com\/product\/yoast-seo-wordpress\/ -->\n<title>Combo Nano Pen Deluxe Victor Montaghini 22R - Electric Ink\u00ae<\/title>\n<meta name=\"description\" content=\"Motor de neod\u00edmio 22R, sistema de amortecimento exclusivo (fixo), compat\u00edvel com Fonte Power 3, design leve e ergon\u00f4mico, curso de 4.7, grip de 30mm\" \/>\n<meta name=\"robots\" content=\"index, follow, max-snippet:-1, max-image-preview:large, max-video-preview:-1\" \/>\n<link rel=\"canonical\" href=\"https:\/\/electricink.eu\/producto\/combo-nano-pen-deluxe-victor-montaghini-22r\/\" \/>\n<meta property=\"og:locale\" content=\"pt_PT\" \/>\n<meta property=\"og:type\" content=\"article\" \/>\n<meta property=\"og:title\" content=\"Combo Nano Pen Deluxe Victor Montaghini 22R - Electric Ink\u00ae\" \/>\n<meta property=\"og:description\" content=\"Motor de neod\u00edmio 22R, sistema de amortecimento exclusivo (fixo), compat\u00edvel com Fonte Power 3, design leve e ergon\u00f4mico, curso de 4.7, grip de 30mm\" \/>\n<meta property=\"og:url\" content=\"https:\/\/electricink.eu\/producto\/combo-nano-pen-deluxe-victor-montaghini-22r\/\" \/>\n<meta property=\"og:site_name\" content=\"Electric Ink\u00ae\" \/>\n<meta property=\"article:modified_time\" content=\"2025-03-26T10:51:17+00:00\" \/>\n<meta property=\"og:image\" content=\"https:\/\/electricink.eu\/wp-content\/uploads\/2025\/03\/NanoPen-Montaguini_pg02.png\" \/>\n\t<meta property=\"og:image:width\" content=\"1200\" \/>\n\t<meta property=\"og:image:height\" content=\"1200\" \/>\n\t<meta property=\"og:image:type\" content=\"image\/png\" \/>\n<meta name=\"twitter:card\" content=\"summary_large_image\" \/>\n<script type=\"application\/ld+json\" class=\"yoast-schema-graph\">{\"@context\":\"https:\\\/\\\/schema.org\",\"@graph\":[{\"@type\":\"WebPage\",\"@id\":\"https:\\\/\\\/electricink.eu\\\/producto\\\/combo-nano-pen-deluxe-victor-montaghini-22r\\\/\",\"url\":\"https:\\\/\\\/electricink.eu\\\/producto\\\/combo-nano-pen-deluxe-victor-montaghini-22r\\\/\",\"name\":\"Combo Nano Pen Deluxe Victor Montaghini 22R - Electric Ink\u00ae\",\"isPartOf\":{\"@id\":\"https:\\\/\\\/electricink.eu\\\/#website\"},\"primaryImageOfPage\":{\"@id\":\"https:\\\/\\\/electricink.eu\\\/producto\\\/combo-nano-pen-deluxe-victor-montaghini-22r\\\/#primaryimage\"},\"image\":{\"@id\":\"https:\\\/\\\/electricink.eu\\\/producto\\\/combo-nano-pen-deluxe-victor-montaghini-22r\\\/#primaryimage\"},\"thumbnailUrl\":\"https:\\\/\\\/electricink.eu\\\/wp-content\\\/uploads\\\/2025\\\/03\\\/NanoPen-Montaguini_pg02.png\",\"datePublished\":\"2025-03-17T14:47:07+00:00\",\"dateModified\":\"2025-03-26T10:51:17+00:00\",\"description\":\"Motor de neod\u00edmio 22R, sistema de amortecimento exclusivo (fixo), compat\u00edvel com Fonte Power 3, design leve e ergon\u00f4mico, curso de 4.7, grip de 30mm\",\"breadcrumb\":{\"@id\":\"https:\\\/\\\/electricink.eu\\\/producto\\\/combo-nano-pen-deluxe-victor-montaghini-22r\\\/#breadcrumb\"},\"inLanguage\":\"pt-PT\",\"potentialAction\":[{\"@type\":\"ReadAction\",\"target\":[\"https:\\\/\\\/electricink.eu\\\/producto\\\/combo-nano-pen-deluxe-victor-montaghini-22r\\\/\"]}]},{\"@type\":\"ImageObject\",\"inLanguage\":\"pt-PT\",\"@id\":\"https:\\\/\\\/electricink.eu\\\/producto\\\/combo-nano-pen-deluxe-victor-montaghini-22r\\\/#primaryimage\",\"url\":\"https:\\\/\\\/electricink.eu\\\/wp-content\\\/uploads\\\/2025\\\/03\\\/NanoPen-Montaguini_pg02.png\",\"contentUrl\":\"https:\\\/\\\/electricink.eu\\\/wp-content\\\/uploads\\\/2025\\\/03\\\/NanoPen-Montaguini_pg02.png\",\"width\":1200,\"height\":1200},{\"@type\":\"BreadcrumbList\",\"@id\":\"https:\\\/\\\/electricink.eu\\\/producto\\\/combo-nano-pen-deluxe-victor-montaghini-22r\\\/#breadcrumb\",\"itemListElement\":[{\"@type\":\"ListItem\",\"position\":1,\"name\":\"Portada\",\"item\":\"https:\\\/\\\/electricink.eu\\\/pt-pt\\\/home\\\/\"},{\"@type\":\"ListItem\",\"position\":2,\"name\":\"Tienda\",\"item\":\"https:\\\/\\\/electricink.eu\\\/tienda\\\/\"},{\"@type\":\"ListItem\",\"position\":3,\"name\":\"Combo Nano Pen Deluxe Victor Montaghini 22R\"}]},{\"@type\":\"WebSite\",\"@id\":\"https:\\\/\\\/electricink.eu\\\/#website\",\"url\":\"https:\\\/\\\/electricink.eu\\\/\",\"name\":\"Electric Ink\u00ae\",\"description\":\"Material para Tatuar Profesional en Europa - Electric Ink\u00ae\",\"potentialAction\":[{\"@type\":\"SearchAction\",\"target\":{\"@type\":\"EntryPoint\",\"urlTemplate\":\"https:\\\/\\\/electricink.eu\\\/?s={search_term_string}\"},\"query-input\":{\"@type\":\"PropertyValueSpecification\",\"valueRequired\":true,\"valueName\":\"search_term_string\"}}],\"inLanguage\":\"pt-PT\"}]}<\/script>\n<!-- \/ Yoast SEO plugin. -->","yoast_head_json":{"title":"Combo Nano Pen Deluxe Victor Montaghini 22R - Electric Ink\u00ae","description":"Motor de neod\u00edmio 22R, sistema de amortecimento exclusivo (fixo), compat\u00edvel com Fonte Power 3, design leve e ergon\u00f4mico, curso de 4.7, grip de 30mm","robots":{"index":"index","follow":"follow","max-snippet":"max-snippet:-1","max-image-preview":"max-image-preview:large","max-video-preview":"max-video-preview:-1"},"canonical":"https:\/\/electricink.eu\/producto\/combo-nano-pen-deluxe-victor-montaghini-22r\/","og_locale":"pt_PT","og_type":"article","og_title":"Combo Nano Pen Deluxe Victor Montaghini 22R - Electric Ink\u00ae","og_description":"Motor de neod\u00edmio 22R, sistema de amortecimento exclusivo (fixo), compat\u00edvel com Fonte Power 3, design leve e ergon\u00f4mico, curso de 4.7, grip de 30mm","og_url":"https:\/\/electricink.eu\/producto\/combo-nano-pen-deluxe-victor-montaghini-22r\/","og_site_name":"Electric Ink\u00ae","article_modified_time":"2025-03-26T10:51:17+00:00","og_image":[{"width":1200,"height":1200,"url":"https:\/\/electricink.eu\/wp-content\/uploads\/2025\/03\/NanoPen-Montaguini_pg02.png","type":"image\/png"}],"twitter_card":"summary_large_image","schema":{"@context":"https:\/\/schema.org","@graph":[{"@type":"WebPage","@id":"https:\/\/electricink.eu\/producto\/combo-nano-pen-deluxe-victor-montaghini-22r\/","url":"https:\/\/electricink.eu\/producto\/combo-nano-pen-deluxe-victor-montaghini-22r\/","name":"Combo Nano Pen Deluxe Victor Montaghini 22R - Electric Ink\u00ae","isPartOf":{"@id":"https:\/\/electricink.eu\/#website"},"primaryImageOfPage":{"@id":"https:\/\/electricink.eu\/producto\/combo-nano-pen-deluxe-victor-montaghini-22r\/#primaryimage"},"image":{"@id":"https:\/\/electricink.eu\/producto\/combo-nano-pen-deluxe-victor-montaghini-22r\/#primaryimage"},"thumbnailUrl":"https:\/\/electricink.eu\/wp-content\/uploads\/2025\/03\/NanoPen-Montaguini_pg02.png","datePublished":"2025-03-17T14:47:07+00:00","dateModified":"2025-03-26T10:51:17+00:00","description":"Motor de neod\u00edmio 22R, sistema de amortecimento exclusivo (fixo), compat\u00edvel com Fonte Power 3, design leve e ergon\u00f4mico, curso de 4.7, grip de 30mm","breadcrumb":{"@id":"https:\/\/electricink.eu\/producto\/combo-nano-pen-deluxe-victor-montaghini-22r\/#breadcrumb"},"inLanguage":"pt-PT","potentialAction":[{"@type":"ReadAction","target":["https:\/\/electricink.eu\/producto\/combo-nano-pen-deluxe-victor-montaghini-22r\/"]}]},{"@type":"ImageObject","inLanguage":"pt-PT","@id":"https:\/\/electricink.eu\/producto\/combo-nano-pen-deluxe-victor-montaghini-22r\/#primaryimage","url":"https:\/\/electricink.eu\/wp-content\/uploads\/2025\/03\/NanoPen-Montaguini_pg02.png","contentUrl":"https:\/\/electricink.eu\/wp-content\/uploads\/2025\/03\/NanoPen-Montaguini_pg02.png","width":1200,"height":1200},{"@type":"BreadcrumbList","@id":"https:\/\/electricink.eu\/producto\/combo-nano-pen-deluxe-victor-montaghini-22r\/#breadcrumb","itemListElement":[{"@type":"ListItem","position":1,"name":"Portada","item":"https:\/\/electricink.eu\/pt-pt\/home\/"},{"@type":"ListItem","position":2,"name":"Tienda","item":"https:\/\/electricink.eu\/tienda\/"},{"@type":"ListItem","position":3,"name":"Combo Nano Pen Deluxe Victor Montaghini 22R"}]},{"@type":"WebSite","@id":"https:\/\/electricink.eu\/#website","url":"https:\/\/electricink.eu\/","name":"Electric Ink\u00ae","description":"Material para Tatuar Profesional en Europa - Electric Ink\u00ae","potentialAction":[{"@type":"SearchAction","target":{"@type":"EntryPoint","urlTemplate":"https:\/\/electricink.eu\/?s={search_term_string}"},"query-input":{"@type":"PropertyValueSpecification","valueRequired":true,"valueName":"search_term_string"}}],"inLanguage":"pt-PT"}]}},"_links":{"self":[{"href":"https:\/\/electricink.eu\/pt-pt\/wp-json\/wp\/v2\/product\/43319","targetHints":{"allow":["GET"]}}],"collection":[{"href":"https:\/\/electricink.eu\/pt-pt\/wp-json\/wp\/v2\/product"}],"about":[{"href":"https:\/\/electricink.eu\/pt-pt\/wp-json\/wp\/v2\/types\/product"}],"replies":[{"embeddable":true,"href":"https:\/\/electricink.eu\/pt-pt\/wp-json\/wp\/v2\/comments?post=43319"}],"wp:featuredmedia":[{"embeddable":true,"href":"https:\/\/electricink.eu\/pt-pt\/wp-json\/wp\/v2\/media\/43269"}],"wp:attachment":[{"href":"https:\/\/electricink.eu\/pt-pt\/wp-json\/wp\/v2\/media?parent=43319"}],"wp:term":[{"taxonomy":"product_brand","embeddable":true,"href":"https:\/\/electricink.eu\/pt-pt\/wp-json\/wp\/v2\/product_brand?post=43319"},{"taxonomy":"product_cat","embeddable":true,"href":"https:\/\/electricink.eu\/pt-pt\/wp-json\/wp\/v2\/product_cat?post=43319"},{"taxonomy":"product_tag","embeddable":true,"href":"https:\/\/electricink.eu\/pt-pt\/wp-json\/wp\/v2\/product_tag?post=43319"}],"curies":[{"name":"wp","href":"https:\/\/api.w.org\/{rel}","templated":true}]}}