{"id":45781,"date":"2024-04-10T13:30:46","date_gmt":"2024-04-10T11:30:46","guid":{"rendered":"https:\/\/electricink.eu\/producto\/perfect-magnum-round-mr-caja-de-20-agujas\/"},"modified":"2024-04-10T13:30:46","modified_gmt":"2024-04-10T11:30:46","slug":"perfect-magnum-round-mr-caja-de-20-agujas","status":"publish","type":"product","link":"https:\/\/electricink.eu\/pt-pt\/producto\/perfect-magnum-round-mr-caja-de-20-agujas\/","title":{"rendered":"Perfect Magnum Round (MR) caja de 20 agujas"},"content":{"rendered":"<p><strong>Agujas Perfect &#8211; Electric Ink.<\/strong><\/p>\n<p><strong>Configuraci\u00f3n:<\/strong> MR- magum-round \/ lengua de gato para difuminado<br \/>\n<strong>Taper: <\/strong>standard taper de 3,5mm<br \/>\n<strong>Grosor: <\/strong>0,35mm<\/p>\n<p>Vendidas en cajas de una sola configuraci\u00f3n,<strong> contiene 20 unidades\/caja<b>, en bl\u00edster individuales y est\u00e9riles<\/b>.<\/strong><\/p>\n","protected":false},"excerpt":{"rendered":"<p><strong>Agujas Perfect &#8211; Electric Ink<\/strong><\/p>\n<p>Agujas de varilla tradicional.<\/p>\n<p><strong>Round-Magnum (MR): <\/strong>agujas de <strong>0,35mm<\/strong> planas y curvadas en formato de U, para difuminados, <strong>con un standard taper de 3,5mm.<\/strong><\/p>\n<p>Ofrece un difuminado perfecto gracias la agrupaci\u00f3n de las agujas en forma de U y su textura.<\/p>\n<p>&nbsp;<\/p>\n<p><strong>Caracter\u00edsticas generales:<\/strong><br \/>\n&#8211; Grosor de cada aguja (0,35mm);<br \/>\n&#8211; Hechas en acero INOX;<br \/>\n&#8211; Esterilizaci\u00f3n individual por \u00f3xido de etileno.<\/p>\n<p><strong>Configuraciones disponibles de agujas:<\/strong><br \/>\n<strong>MR-19, MR-21, MR-23, MR-25, MR-35 y MR-45<\/strong><\/p>\n<p>&nbsp;<\/p>\n<p><strong>* NO UTILICE EL PRODUCTO SI EL EMBALAJE EST\u00c1 ABIERTO O DA\u00d1ADO.<\/strong><\/p>\n","protected":false},"featured_media":40377,"comment_status":"closed","ping_status":"closed","template":"","meta":{"_acf_changed":false,"_et_pb_use_builder":"","_et_pb_old_content":"","_et_gb_content_width":"","inline_featured_image":false},"product_brand":[],"product_cat":[745,746],"product_tag":[],"class_list":{"0":"post-45781","1":"product","2":"type-product","3":"status-publish","4":"has-post-thumbnail","6":"product_cat-tattoo","7":"product_cat-agulhas-profissionais","9":"first","10":"instock","11":"taxable","12":"shipping-taxable","13":"product-type-variable"},"acf":[],"yoast_head":"<!-- This site is optimized with the Yoast SEO plugin v27.5 - https:\/\/yoast.com\/product\/yoast-seo-wordpress\/ -->\n<title>Perfect Magnum Round (MR) caja de 20 agujas - Electric Ink\u00ae<\/title>\n<meta name=\"robots\" content=\"index, follow, max-snippet:-1, max-image-preview:large, max-video-preview:-1\" \/>\n<link rel=\"canonical\" href=\"https:\/\/electricink.eu\/pt-pt\/producto\/perfect-magnum-round-mr-caja-de-20-agujas\/\" \/>\n<meta property=\"og:locale\" content=\"pt_PT\" \/>\n<meta property=\"og:type\" content=\"article\" \/>\n<meta property=\"og:title\" content=\"Perfect Magnum Round (MR) caja de 20 agujas - Electric Ink\u00ae\" \/>\n<meta property=\"og:description\" content=\"Agujas Perfect - Electric Ink Agujas de varilla tradicional. Round-Magnum (MR): agujas de 0,35mm planas y curvadas en formato de U, para difuminados, con un standard taper de 3,5mm. Ofrece un difuminado perfecto gracias la agrupaci\u00f3n de las agujas en forma de U y su textura. &nbsp; Caracter\u00edsticas generales: - Grosor de cada aguja (0,35mm); - Hechas en acero INOX; - Esterilizaci\u00f3n individual por \u00f3xido de etileno. Configuraciones disponibles de agujas: MR-19, MR-21, MR-23, MR-25, MR-35 y MR-45 &nbsp; * NO UTILICE EL PRODUCTO SI EL EMBALAJE EST\u00c1 ABIERTO O DA\u00d1ADO.\" \/>\n<meta property=\"og:url\" content=\"https:\/\/electricink.eu\/pt-pt\/producto\/perfect-magnum-round-mr-caja-de-20-agujas\/\" \/>\n<meta property=\"og:site_name\" content=\"Electric Ink\u00ae\" \/>\n<meta property=\"og:image\" content=\"https:\/\/electricink.eu\/wp-content\/uploads\/2024\/04\/NOVA-Caixa-Perfect-20-UNIDS.jpg\" \/>\n\t<meta property=\"og:image:width\" content=\"1200\" \/>\n\t<meta property=\"og:image:height\" content=\"1200\" \/>\n\t<meta property=\"og:image:type\" content=\"image\/jpeg\" \/>\n<meta name=\"twitter:card\" content=\"summary_large_image\" \/>\n<script type=\"application\/ld+json\" class=\"yoast-schema-graph\">{\"@context\":\"https:\\\/\\\/schema.org\",\"@graph\":[{\"@type\":\"WebPage\",\"@id\":\"https:\\\/\\\/electricink.eu\\\/pt-pt\\\/producto\\\/perfect-magnum-round-mr-caja-de-20-agujas\\\/\",\"url\":\"https:\\\/\\\/electricink.eu\\\/pt-pt\\\/producto\\\/perfect-magnum-round-mr-caja-de-20-agujas\\\/\",\"name\":\"Perfect Magnum Round (MR) caja de 20 agujas - Electric Ink\u00ae\",\"isPartOf\":{\"@id\":\"https:\\\/\\\/electricink.eu\\\/#website\"},\"primaryImageOfPage\":{\"@id\":\"https:\\\/\\\/electricink.eu\\\/pt-pt\\\/producto\\\/perfect-magnum-round-mr-caja-de-20-agujas\\\/#primaryimage\"},\"image\":{\"@id\":\"https:\\\/\\\/electricink.eu\\\/pt-pt\\\/producto\\\/perfect-magnum-round-mr-caja-de-20-agujas\\\/#primaryimage\"},\"thumbnailUrl\":\"https:\\\/\\\/electricink.eu\\\/wp-content\\\/uploads\\\/2024\\\/04\\\/NOVA-Caixa-Perfect-20-UNIDS.jpg\",\"datePublished\":\"2024-04-10T11:30:46+00:00\",\"breadcrumb\":{\"@id\":\"https:\\\/\\\/electricink.eu\\\/pt-pt\\\/producto\\\/perfect-magnum-round-mr-caja-de-20-agujas\\\/#breadcrumb\"},\"inLanguage\":\"pt-PT\",\"potentialAction\":[{\"@type\":\"ReadAction\",\"target\":[\"https:\\\/\\\/electricink.eu\\\/pt-pt\\\/producto\\\/perfect-magnum-round-mr-caja-de-20-agujas\\\/\"]}]},{\"@type\":\"ImageObject\",\"inLanguage\":\"pt-PT\",\"@id\":\"https:\\\/\\\/electricink.eu\\\/pt-pt\\\/producto\\\/perfect-magnum-round-mr-caja-de-20-agujas\\\/#primaryimage\",\"url\":\"https:\\\/\\\/electricink.eu\\\/wp-content\\\/uploads\\\/2024\\\/04\\\/NOVA-Caixa-Perfect-20-UNIDS.jpg\",\"contentUrl\":\"https:\\\/\\\/electricink.eu\\\/wp-content\\\/uploads\\\/2024\\\/04\\\/NOVA-Caixa-Perfect-20-UNIDS.jpg\",\"width\":1200,\"height\":1200},{\"@type\":\"BreadcrumbList\",\"@id\":\"https:\\\/\\\/electricink.eu\\\/pt-pt\\\/producto\\\/perfect-magnum-round-mr-caja-de-20-agujas\\\/#breadcrumb\",\"itemListElement\":[{\"@type\":\"ListItem\",\"position\":1,\"name\":\"Portada\",\"item\":\"https:\\\/\\\/electricink.eu\\\/pt-pt\\\/home\\\/\"},{\"@type\":\"ListItem\",\"position\":2,\"name\":\"Tienda\",\"item\":\"https:\\\/\\\/electricink.eu\\\/tienda\\\/\"},{\"@type\":\"ListItem\",\"position\":3,\"name\":\"Perfect Magnum Round (MR) caja de 20 agujas\"}]},{\"@type\":\"WebSite\",\"@id\":\"https:\\\/\\\/electricink.eu\\\/#website\",\"url\":\"https:\\\/\\\/electricink.eu\\\/\",\"name\":\"Electric Ink\u00ae\",\"description\":\"Material para Tatuar Profesional en Europa - Electric Ink\u00ae\",\"potentialAction\":[{\"@type\":\"SearchAction\",\"target\":{\"@type\":\"EntryPoint\",\"urlTemplate\":\"https:\\\/\\\/electricink.eu\\\/?s={search_term_string}\"},\"query-input\":{\"@type\":\"PropertyValueSpecification\",\"valueRequired\":true,\"valueName\":\"search_term_string\"}}],\"inLanguage\":\"pt-PT\"}]}<\/script>\n<!-- \/ Yoast SEO plugin. -->","yoast_head_json":{"title":"Perfect Magnum Round (MR) caja de 20 agujas - Electric Ink\u00ae","robots":{"index":"index","follow":"follow","max-snippet":"max-snippet:-1","max-image-preview":"max-image-preview:large","max-video-preview":"max-video-preview:-1"},"canonical":"https:\/\/electricink.eu\/pt-pt\/producto\/perfect-magnum-round-mr-caja-de-20-agujas\/","og_locale":"pt_PT","og_type":"article","og_title":"Perfect Magnum Round (MR) caja de 20 agujas - Electric Ink\u00ae","og_description":"Agujas Perfect - Electric Ink Agujas de varilla tradicional. Round-Magnum (MR): agujas de 0,35mm planas y curvadas en formato de U, para difuminados, con un standard taper de 3,5mm. Ofrece un difuminado perfecto gracias la agrupaci\u00f3n de las agujas en forma de U y su textura. &nbsp; Caracter\u00edsticas generales: - Grosor de cada aguja (0,35mm); - Hechas en acero INOX; - Esterilizaci\u00f3n individual por \u00f3xido de etileno. Configuraciones disponibles de agujas: MR-19, MR-21, MR-23, MR-25, MR-35 y MR-45 &nbsp; * NO UTILICE EL PRODUCTO SI EL EMBALAJE EST\u00c1 ABIERTO O DA\u00d1ADO.","og_url":"https:\/\/electricink.eu\/pt-pt\/producto\/perfect-magnum-round-mr-caja-de-20-agujas\/","og_site_name":"Electric Ink\u00ae","og_image":[{"width":1200,"height":1200,"url":"https:\/\/electricink.eu\/wp-content\/uploads\/2024\/04\/NOVA-Caixa-Perfect-20-UNIDS.jpg","type":"image\/jpeg"}],"twitter_card":"summary_large_image","schema":{"@context":"https:\/\/schema.org","@graph":[{"@type":"WebPage","@id":"https:\/\/electricink.eu\/pt-pt\/producto\/perfect-magnum-round-mr-caja-de-20-agujas\/","url":"https:\/\/electricink.eu\/pt-pt\/producto\/perfect-magnum-round-mr-caja-de-20-agujas\/","name":"Perfect Magnum Round (MR) caja de 20 agujas - Electric Ink\u00ae","isPartOf":{"@id":"https:\/\/electricink.eu\/#website"},"primaryImageOfPage":{"@id":"https:\/\/electricink.eu\/pt-pt\/producto\/perfect-magnum-round-mr-caja-de-20-agujas\/#primaryimage"},"image":{"@id":"https:\/\/electricink.eu\/pt-pt\/producto\/perfect-magnum-round-mr-caja-de-20-agujas\/#primaryimage"},"thumbnailUrl":"https:\/\/electricink.eu\/wp-content\/uploads\/2024\/04\/NOVA-Caixa-Perfect-20-UNIDS.jpg","datePublished":"2024-04-10T11:30:46+00:00","breadcrumb":{"@id":"https:\/\/electricink.eu\/pt-pt\/producto\/perfect-magnum-round-mr-caja-de-20-agujas\/#breadcrumb"},"inLanguage":"pt-PT","potentialAction":[{"@type":"ReadAction","target":["https:\/\/electricink.eu\/pt-pt\/producto\/perfect-magnum-round-mr-caja-de-20-agujas\/"]}]},{"@type":"ImageObject","inLanguage":"pt-PT","@id":"https:\/\/electricink.eu\/pt-pt\/producto\/perfect-magnum-round-mr-caja-de-20-agujas\/#primaryimage","url":"https:\/\/electricink.eu\/wp-content\/uploads\/2024\/04\/NOVA-Caixa-Perfect-20-UNIDS.jpg","contentUrl":"https:\/\/electricink.eu\/wp-content\/uploads\/2024\/04\/NOVA-Caixa-Perfect-20-UNIDS.jpg","width":1200,"height":1200},{"@type":"BreadcrumbList","@id":"https:\/\/electricink.eu\/pt-pt\/producto\/perfect-magnum-round-mr-caja-de-20-agujas\/#breadcrumb","itemListElement":[{"@type":"ListItem","position":1,"name":"Portada","item":"https:\/\/electricink.eu\/pt-pt\/home\/"},{"@type":"ListItem","position":2,"name":"Tienda","item":"https:\/\/electricink.eu\/tienda\/"},{"@type":"ListItem","position":3,"name":"Perfect Magnum Round (MR) caja de 20 agujas"}]},{"@type":"WebSite","@id":"https:\/\/electricink.eu\/#website","url":"https:\/\/electricink.eu\/","name":"Electric Ink\u00ae","description":"Material para Tatuar Profesional en Europa - Electric Ink\u00ae","potentialAction":[{"@type":"SearchAction","target":{"@type":"EntryPoint","urlTemplate":"https:\/\/electricink.eu\/?s={search_term_string}"},"query-input":{"@type":"PropertyValueSpecification","valueRequired":true,"valueName":"search_term_string"}}],"inLanguage":"pt-PT"}]}},"_links":{"self":[{"href":"https:\/\/electricink.eu\/pt-pt\/wp-json\/wp\/v2\/product\/45781","targetHints":{"allow":["GET"]}}],"collection":[{"href":"https:\/\/electricink.eu\/pt-pt\/wp-json\/wp\/v2\/product"}],"about":[{"href":"https:\/\/electricink.eu\/pt-pt\/wp-json\/wp\/v2\/types\/product"}],"replies":[{"embeddable":true,"href":"https:\/\/electricink.eu\/pt-pt\/wp-json\/wp\/v2\/comments?post=45781"}],"wp:featuredmedia":[{"embeddable":true,"href":"https:\/\/electricink.eu\/pt-pt\/wp-json\/wp\/v2\/media\/40377"}],"wp:attachment":[{"href":"https:\/\/electricink.eu\/pt-pt\/wp-json\/wp\/v2\/media?parent=45781"}],"wp:term":[{"taxonomy":"product_brand","embeddable":true,"href":"https:\/\/electricink.eu\/pt-pt\/wp-json\/wp\/v2\/product_brand?post=45781"},{"taxonomy":"product_cat","embeddable":true,"href":"https:\/\/electricink.eu\/pt-pt\/wp-json\/wp\/v2\/product_cat?post=45781"},{"taxonomy":"product_tag","embeddable":true,"href":"https:\/\/electricink.eu\/pt-pt\/wp-json\/wp\/v2\/product_tag?post=45781"}],"curies":[{"name":"wp","href":"https:\/\/api.w.org\/{rel}","templated":true}]}}